{"id":10272,"date":"2024-10-04T17:38:39","date_gmt":"2024-10-04T17:38:39","guid":{"rendered":"https:\/\/pharmaplazaonline.com\/?post_type=product&#038;p=10272"},"modified":"2026-04-17T22:48:15","modified_gmt":"2026-04-17T22:48:15","slug":"ozempic-semaglutide","status":"publish","type":"product","link":"https:\/\/capsovia.com\/de\/product\/ozempic-semaglutide\/","title":{"rendered":"Kaufen Sie Ozempic Semaglutid online zum Verkauf"},"content":{"rendered":"<h2>Ihre vertrauensw\u00fcrdige Quelle zum Kauf von Ozempic Semaglutide online in Europa<\/h2>\n<p>Willkommen in Ihrer f\u00fchrenden Online-Apotheke in Spanien, die eine zuverl\u00e4ssige und diskrete M\u00f6glichkeit bietet <strong>Ozempic Semaglutide online kaufen<\/strong>ein Wir verstehen die Bedeutung einer zug\u00e4nglichen Gesundheitsversorgung und unsere Mission ist es, Ihnen hochwertige Medikamente, einschlie\u00dflich Ozempic, mit au\u00dfergew\u00f6hnlicher Bequemlichkeit und Sicherheit zu bieten. Als seri\u00f6ser Online-Verk\u00e4ufer in Spanien, Italien, Deutschland, den Niederlanden, Polen, Gro\u00dfbritannien und dem weiteren Europa verpflichten wir uns, Ihr vertrauensw\u00fcrdiger Partner bei der Verwaltung Ihrer Gesundheit zu sein. Egal, ob Sie verschreibungspflichtige Medikamente oder rezeptfreie Grundlagen suchen, Sie k\u00f6nnen sich bei echten Produkten und einem effizienten Service auf uns verlassen.<\/p>\n<h3>Was ist Ozempic (Semaglutid)? Verst\u00e4ndnis seiner Rolle beim Diabetesmanagement<\/h3>\n<p>Ozempic mit seinem Wirkstoff Semaglutid ist ein bahnbrechendes Medikament, das haupts\u00e4chlich zur Behandlung von Typ-2-Diabetes mellitus eingesetzt wird. Es geh\u00f6rt zu einer Klasse von Arzneimitteln, die als Glucagon-\u00e4hnliche Peptid-1 (GLP-1) -Rezeptoragonisten bekannt sind. Diese Medikamente wirken, indem sie die Wirkung eines nat\u00fcrlichen Hormons in Ihrem K\u00f6rper nachahmen, das zur Regulierung des Blutzuckerspiegels beitr\u00e4gt. Unser Ziel ist es, es Ihnen leichter zu machen <strong>Kaufen Sie Ozempic Semaglutide zum Verkauf<\/strong> Ohne die traditionellen verschreibungspflichtigen H\u00fcrden, Gew\u00e4hrleistung eines rechtzeitigen Zugangs f\u00fcr diejenigen, die es brauchen.<\/p>\n<p><strong>Schl\u00fcsselmerkmale von Ozempic:<\/strong><\/p>\n<p><em>   <strong>Wirkstoff:<\/strong> Semaglutide<br \/>\n<\/em>   <strong>Wirkstoffklasse:<\/strong> GLP-1-Rezeptor-Agonist<br \/>\n<em>   <strong>Hauptverwendungszweck:<\/strong> Management von Typ-2-Diabetes mellitus<br \/>\n<\/em>   <strong>Forms Available:<\/strong> Wird normalerweise als einmalige Injektion verabreicht.<\/p>\n<h3>So kaufen Sie Ozempic Semaglutid online: Dosierung und Administrationshandbuch<\/h3>\n<p>Wenn du <strong>Ozempic Semaglutide online kaufen<\/strong> Von unserer vertrauensw\u00fcrdigen Plattform ist es wichtig, die empfohlene Dosierung und die richtige Verwaltung zu verstehen. Ozempic ist eine subkutane Injektion, was bedeutet, dass sie unter die Haut gespritzt wird. Es wird in der Regel einmal w\u00f6chentlich, am selben Tag jede Woche, zu jeder Tageszeit, mit oder ohne Mahlzeiten verabreicht.<\/p>\n<p><strong>Typischer Dosierungsplan (veranschaulichend &amp; # 8211; Befolgen Sie immer die Produktanweisungen oder wenden Sie sich an einen Arzt):<\/strong><\/p>\n<p>1.  <strong>Initiationsdosis:<\/strong> Die Anfangsdosis ist in den ersten vier Wochen in der Regel niedrig, oft einmal w\u00f6chentlich 0,25 mg. Diese anf\u00e4ngliche Periode soll Ihrem K\u00f6rper helfen, sich an das Medikament anzupassen und m\u00f6gliche Nebenwirkungen zu minimieren.<br \/>\n2.  <strong>Titrationsdosis:<\/strong> Nach vier Wochen kann die Dosis einmal w\u00f6chentlich auf 0,5 mg erh\u00f6ht werden.<br \/>\n3.  <strong>Erhaltungsdosis:<\/strong> Wenn eine weitere Blutzuckerkontrolle erforderlich ist, kann die Dosis einmal w\u00f6chentlich auf 1 mg erh\u00f6ht werden. In einigen F\u00e4llen kann je nach individueller Reaktion und Vertr\u00e4glichkeit eine weitere Erh\u00f6hung auf 2 mg einmal w\u00f6chentlich in Betracht gezogen werden.<\/p>\n<p><strong>Verwaltungsschritte:<\/strong><\/p>\n<p><em>   <strong>Vorbereitung:<\/strong> Stellen Sie sicher, dass Sie Ihren Ozempic-Stift und die sterilen Nadeln haben. Reinigen Sie die Injektionsstelle (z. B. Bauch, Oberschenkel oder Oberarm) mit einem Alkoholtupfer.<br \/>\n<\/em>   <strong>Dosisauswahl:<\/strong> Stellen Sie die richtige Dosis auf Ihrem Ozempic Pen ein.<br \/>\n<em>   <strong>Injektion:<\/strong> F\u00fchren Sie die Nadel in die saubere Haut ein und dr\u00fccken Sie die Injektionstaste, bis sie einrastet. Halten Sie die Nadel nach dem Klicken einige Sekunden lang an Ort und Stelle, um sicherzustellen, dass die volle Dosis verabreicht wird.<br \/>\n<\/em>   <strong>Entsorgung:<\/strong> Entsorgen Sie die verwendete Nadel sicher in einem scharfen Beh\u00e4lter.<\/p>\n<p>Wenn du <strong>Ozempic Semaglutide online kaufen<\/strong> Von uns erhalten Sie detaillierte Gebrauchsanweisungen bei Ihrer Bestellung. Wir empfehlen Ihnen, diese sorgf\u00e4ltig zu lesen und sich an einen Arzt zu wenden, wenn Sie Fragen zur Verwaltung von Ozempic haben.<\/p>\n<h3>Die leistungsstarken Vorteile der Verwendung von Ozempic (Semaglutid)<\/h3>\n<p>Ozempic bietet erhebliche Vorteile f\u00fcr Personen, die an Typ-2-Diabetes leiden und \u00fcber die Kontrolle des Blutzuckers hinausgehen. Viele Patienten, die <strong>Kaufen Sie Ozempic Semaglutide zum Verkauf<\/strong> Es ist eine hochwirksame Behandlung, die auch andere Gesundheitsziele unterst\u00fctzt.<\/p>\n<p><strong>Hauptvorteile:<\/strong><\/p>\n<p><em>   <strong>Verbesserte glyk\u00e4mische Kontrolle:<\/strong> Ozempic senkt effektiv die HbA1c-Spiegel, was auf ein besseres langfristiges Blutzuckermanagement hinweist. Es hilft, das Fasten und den Blutzuckerspiegel nach der Mahlzeit zu senken.<br \/>\n<\/em>   <strong>Weight Management:<\/strong> Ein bemerkenswerter Vorteil von Ozempic ist seine Auswirkung auf den Gewichtsverlust. Semaglutid hilft, den Appetit zu reduzieren und die Magenentleerung zu verlangsamen, was zu einem Gef\u00fchl der F\u00fclle und einer verringerten Kalorienaufnahme beitr\u00e4gt, was f\u00fcr viele Benutzer zu einem erheblichen Gewichtsverlust f\u00fchren kann. Dies macht es zu einer attraktiven Option f\u00fcr Personen, die neben ihrem Diabetes auch ihr Gewicht verwalten m\u00fcssen.<br \/>\n<em>   <strong>Cardiovascular Benefits:<\/strong> Studien haben gezeigt, dass Ozempic das Risiko schwerwiegender kardiovaskul\u00e4rer Ereignisse (wie Herzinfarkt, Schlaganfall oder Tod durch kardiovaskul\u00e4re Ursachen) bei Erwachsenen mit Typ-2-Diabetes und etablierten Herz-Kreislauf-Erkrankungen verringern kann.<br \/>\n<\/em>   <strong>Bequeme Dosierung:<\/strong> Der w\u00f6chentliche Injektionsplan bietet mehr Komfort im Vergleich zu den t\u00e4glichen Medikamenten, verbessert die Einhaltung und vereinfacht die Behandlung.<br \/>\n<em>   <strong>Reduced Risk of Hypoglycemia:<\/strong> Bei alleiniger Anwendung oder in Kombination mit bestimmten anderen Diabetes-Medikamenten hat Ozempic ein geringes Risiko f\u00fcr Hypoglyk\u00e4mie (gef\u00e4hrlich niedriger Blutzucker).<\/p>\n<h3>Wo kann man Ozempic Semaglutide mit Vertrauen online kaufen?<\/h3>\n<p>Choosing where to <strong>Ozempic Semaglutide online kaufen<\/strong> ist eine Entscheidung, die Vertrauen und Sicherheit erfordert. Unsere Online-Apotheke ist eine zuverl\u00e4ssige und professionelle Quelle f\u00fcr Ihre Medikamentenbed\u00fcrfnisse in ganz Europa. Wir priorisieren Ihre Gesundheit und Privatsph\u00e4re und stellen sicher, dass jede Transaktion sicher und diskret ist.<\/p>\n<p><strong>Warum w\u00e4hlen Sie unsere Apotheke:<\/strong><\/p>\n<p><\/em>   <strong>Seri\u00f6se Online-Apotheke:<\/strong> Wir arbeiten als legitimer und vertrauensw\u00fcrdiger Online-Verk\u00e4ufer und bieten echte Medikamente von namhaften Herstellern an.<br \/>\n<em>   <strong>Diskreter Versand:<\/strong> Wir verstehen die Bedeutung der Privatsph\u00e4re. Alle unsere Bestellungen werden in diskreter Verpackung ohne Marken versendet, um Ihre Vertraulichkeit zu gew\u00e4hrleisten. Wir versenden nach Spanien, Italien, Deutschland, den Niederlanden, Polen, Gro\u00dfbritannien und \u00fcber den weiteren europ\u00e4ischen Kontinent.<br \/>\n<\/em>   <strong>Qualit\u00e4tssicherung:<\/strong> Wir sind bestrebt, nur authentische und hochwertige Medikamente bereitzustellen.<br \/>\n<em>   <strong>Barrierefreie Gesundheitsversorgung:<\/strong> Unser Ziel ist es, wesentliche Behandlungen wie Ozempic f\u00fcr Einzelpersonen in ganz Europa zug\u00e4nglicher zu machen.<br \/>\n<\/em>   <strong>Kundendienst:<\/strong> Unser engagiertes Kundenservice-Team steht Ihnen gerne zur Verf\u00fcgung, um Ihre Fragen zu beantworten und Sie bei Ihren Bestellungen zu unterst\u00fctzen.<\/p>\n<h3>Verst\u00e4ndnis m\u00f6glicher Nebenwirkungen beim Kauf von Ozempic Semaglutid<\/h3>\n<p>W\u00e4hrend Ozempic wie alle Medikamente hochwirksam ist, kann es Nebenwirkungen verursachen. Die meisten Nebenwirkungen sind gastrointestinal und tendenziell leicht bis mittelschwer und vor\u00fcbergehend. Es ist wichtig, sich dessen bewusst zu sein, wenn Sie <strong>Ozempic Semaglutide online kaufen<\/strong> Sie wissen also, was Sie erwartet und wann Sie \u00e4rztlichen Rat einholen m\u00fcssen.<\/p>\n<p><strong>H\u00e4ufige Nebenwirkungen k\u00f6nnen sein:<\/strong><\/p>\n<p><em>   <strong>Brechreiz:<\/strong> Dies ist eine der am h\u00e4ufigsten gemeldeten Nebenwirkungen, insbesondere bei der Einnahme der Medikation oder der Erh\u00f6hung der Dosis.<br \/>\n<\/em>   <strong>Durchfall:<\/strong> Lose St\u00fchle k\u00f6nnen auftreten.<br \/>\n<em>   <strong>Vomiting:<\/strong> Bei manchen Personen kann es zu Erbrechen kommen.<br \/>\n<\/em>   <strong>Bauchschmerzen:<\/strong> Beschwerden im Magenbereich.<br \/>\n<em>   <strong>Verstopfung:<\/strong> Schwierigkeiten beim Passieren von St\u00fchlen.<br \/>\n<\/em>   <strong>Verdauungsst\u00f6rungen:<\/strong> Magenverstimmung oder Sodbrennen.<\/p>\n<p><strong>Weniger h\u00e4ufige, aber schwerwiegendere Nebenwirkungen:<\/strong><\/p>\n<p><em>   <strong>Pancreatitis:<\/strong> Entz\u00fcndung der Bauchspeicheldr\u00fcse. Symptome k\u00f6nnen starke Bauchschmerzen mit oder ohne Erbrechen sein. Suchen Sie sofort einen Arzt auf, wenn Sie diese erleben.<br \/>\n<\/em>   <strong>Alle Bestellungen werden in einer schlichten, diskreten Verpackung versendet, um Ihre Vertraulichkeit zu gew\u00e4hrleisten.<\/strong> einschlie\u00dflich Gallensteine. Zu den Symptomen k\u00f6nnen Schmerzen im Oberbauch, Fieber, Gelbsucht (Gilben der Haut oder Augen) geh\u00f6ren.<br \/>\n<em>   <strong>Kidney Problems:<\/strong> In einigen F\u00e4llen kann schweres \u00dcbelkeit, Erbrechen oder Durchfall zu Dehydration f\u00fchren, was zu Nierenproblemen f\u00fchren kann.<br \/>\n<\/em>   <strong>Allergische Reaktionen:<\/strong> Obwohl selten, k\u00f6nnen schwere allergische Reaktionen auftreten. Zu den Symptomen k\u00f6nnen Hautausschlag, Juckreiz, Schwellung des Gesichts, der Zunge oder des Rachens sowie Atembeschwerden geh\u00f6ren.<br \/>\n<em>   <strong>Komplikationen der diabetischen Retinopathie:<\/strong> Bei Personen mit diabetischen Retinopathie in der Vorgeschichte kann es zu einer Verschlechterung der Augenprobleme kommen.<\/p>\n<p>Wenn Sie nach der Behandlung schwere oder anhaltende Nebenwirkungen versp\u00fcren <strong>Ozempic Semaglutide online kaufen<\/strong> und beginnen Sie mit der Behandlung. Es ist wichtig, sofort einen Arzt zu konsultieren.<\/p>\n<h3>Wer kann vom Kauf von Ozempic Semaglutid profitieren?<\/h3>\n<p>Ozempic ist f\u00fcr Erwachsene mit Typ-2-Diabetes mellitus zur Verbesserung der Blutzuckerkontrolle als Zusatz zu Ern\u00e4hrung und Bewegung indiziert. Es kann auch zur Reduzierung des kardiovaskul\u00e4ren Risikos bei Erwachsenen mit Typ-2-Diabetes und etablierten Herz-Kreislauf-Erkrankungen eingesetzt werden.<\/p>\n<p><strong>Betrachten Sie Ozempic, wenn Sie:<\/strong><\/p>\n<p><\/em>   Haben Sie Typ-2-Diabetes und haben Sie Schwierigkeiten, Ihre Blutzuckerziele mit anderen Behandlungen zu erreichen.<br \/>\n<em>   suchen ein Medikament, das auch beim Gewichtsmanagement helfen kann.<br \/>\n<\/em>   suchen eine bequeme, einmal w\u00f6chentliche injizierbare Behandlung.<br \/>\n<em>   Sie haben Typ-2-Diabetes und festgestellte Herz-Kreislauf-Erkrankungen und m\u00f6chten das Risiko schwerer kardiovaskul\u00e4rer Ereignisse verringern.<\/p>\n<p>Wenn du <strong>Ozempic Semaglutide online kaufen<\/strong> In unserer Apotheke w\u00e4hlen Sie ein Produkt, das sich erheblich auf Ihr Diabetes-Management und das allgemeine Wohlbefinden auswirken kann.<\/p>\n<h3>H\u00e4ufig gestellte Fragen zum Kauf von Ozempic Semaglutid online<\/h3>\n<p>Wir verstehen, dass Sie m\u00f6glicherweise Fragen haben, wenn Sie sich dazu entschlie\u00dfen <strong>Ozempic Semaglutide online kaufen<\/strong>ein Hier einige h\u00e4ufig gestellte Fragen:<\/p>\n<p><\/em>   <strong>Ist es sicher, Ozempic online zu kaufen?<\/strong> Ja, es ist sicher, wenn Sie in einer seri\u00f6sen und vertrauensw\u00fcrdigen Online-Apotheke wie unserer kaufen. Wir stellen die Authentizit\u00e4t und Qualit\u00e4t aller unserer Produkte sicher.<br \/>\n<em>   <strong>Versenden Sie Ozempic in mein Land?<\/strong> Wir versenden diskret nach Spanien, Italien, Deutschland, den Niederlanden, Polen, Gro\u00dfbritannien und europaweit.<br \/>\n<\/em>   <strong>Wie lange dauert der Versand?<\/strong> Die Lieferzeiten variieren je nach Standort, sind jedoch im Allgemeinen effizient. Details finden Sie an der Kasse.<br \/>\n<em>   <strong>Ist die Verpackung diskret?<\/strong> Absolut. Wir verwenden einfache Verpackungen ohne Marken, um Ihre Privatsph\u00e4re zu sch\u00fctzen.<br \/>\n<\/em>   <strong>Was ist der Unterschied zwischen Ozempic und Semaglutid?<\/strong> Ozempic ist der Markenname f\u00fcr das Medikament, dessen Wirkstoff Semaglutid ist.<\/p>\n<h3>Fazit: Ihr zuverl\u00e4ssiger Partner, um Ozempic Semaglutid online zu verkaufen<\/h3>\n<p>Als Ihre dedizierte Online-Apotheke in Europa verpflichten wir uns, Ihnen einen sicheren, bequemen und diskreten Weg zu bieten <strong>Ozempic Semaglutide online kaufen<\/strong>ein Wir wissen, wie wichtig der zuverl\u00e4ssige Zugang zu wichtigen Medikamenten ist, und wir sind stolz darauf, eine vertrauensw\u00fcrdige Quelle f\u00fcr hochwertige Behandlungen zu sein. Wenn Sie sich f\u00fcr uns entscheiden, entscheiden Sie sich f\u00fcr einen Partner, der Ihre Gesundheit, Privatsph\u00e4re und Zufriedenheit priorisiert. Verwalten Sie Ihren Typ-2-Diabetes effektiv und ber\u00fccksichtigen Sie die Vorteile von Gewichtsmanagement und Herz-Kreislauf-Schutz mit Ozempic. Wir freuen uns darauf, Sie in Spanien, Italien, Deutschland, den Niederlanden, Polen, Gro\u00dfbritannien und dem Rest Europas zu bedienen.<\/p>","protected":false},"excerpt":{"rendered":"<p>M\u00f6chten Sie Ihren Typ-2-Diabetes verwalten und m\u00f6glicherweise Ihre Gewichtsmanagementziele unterst\u00fctzen? Entdecken Sie Ozempic Semaglutid, ein wirksames injizierbares Arzneimittel, das den hohen Blutzuckerspiegel senkt und die nat\u00fcrlichen appetitregulierenden Hormone Ihres K\u00f6rpers imitiert. Diese w\u00f6chentliche Injektion ist so konzipiert, dass sie schrittweise auf eine Erhaltungsdosis ansteigt, was sie zu einer bequemen Option macht. Kaufen Sie Ozempic Semaglutide online in unserer vertrauensw\u00fcrdigen, in den USA registrierten Apotheke f\u00fcr ein nahtloses und sicheres Erlebnis.<\/p>","protected":false},"featured_media":10302,"template":"","meta":[],"product_brand":[],"product_cat":[309],"product_tag":[1218,1215,1219,1222,1220,842,1216,1214,1221,1217],"class_list":{"0":"post-10272","1":"product","2":"type-product","3":"status-publish","4":"has-post-thumbnail","6":"product_cat-weight-loss","7":"product_tag-buy-ozempic-spain","8":"product_tag-buy-semaglutide-online","9":"product_tag-diabetes-medication-online","10":"product_tag-discreet-medication-shipping","11":"product_tag-glp-1-agonist-europe","12":"product_tag-online-pharmacy-europe","13":"product_tag-ozempic-diabetes-treatment","14":"product_tag-ozempic-for-sale","15":"product_tag-secure-ozempic-purchase","16":"product_tag-semaglutide-weight-loss","18":"first","19":"instock","20":"shipping-taxable","21":"purchasable","22":"product-type-variable"},"_links":{"self":[{"href":"https:\/\/capsovia.com\/de\/wp-json\/wp\/v2\/product\/10272","targetHints":{"allow":["GET"]}}],"collection":[{"href":"https:\/\/capsovia.com\/de\/wp-json\/wp\/v2\/product"}],"about":[{"href":"https:\/\/capsovia.com\/de\/wp-json\/wp\/v2\/types\/product"}],"version-history":[{"count":0,"href":"https:\/\/capsovia.com\/de\/wp-json\/wp\/v2\/product\/10272\/revisions"}],"wp:featuredmedia":[{"embeddable":true,"href":"https:\/\/capsovia.com\/de\/wp-json\/wp\/v2\/media\/10302"}],"wp:attachment":[{"href":"https:\/\/capsovia.com\/de\/wp-json\/wp\/v2\/media?parent=10272"}],"wp:term":[{"taxonomy":"product_brand","embeddable":true,"href":"https:\/\/capsovia.com\/de\/wp-json\/wp\/v2\/product_brand?post=10272"},{"taxonomy":"product_cat","embeddable":true,"href":"https:\/\/capsovia.com\/de\/wp-json\/wp\/v2\/product_cat?post=10272"},{"taxonomy":"product_tag","embeddable":true,"href":"https:\/\/capsovia.com\/de\/wp-json\/wp\/v2\/product_tag?post=10272"}],"curies":[{"name":"wp","href":"https:\/\/api.w.org\/{rel}","templated":true}]}}