{"id":10546,"date":"2024-10-04T17:56:00","date_gmt":"2024-10-04T17:56:00","guid":{"rendered":"https:\/\/pharmaplazaonline.com\/?post_type=product&#038;p=10546"},"modified":"2026-04-17T22:36:25","modified_gmt":"2026-04-17T22:36:25","slug":"buy-dihydrocodeine-online","status":"publish","type":"product","link":"https:\/\/capsovia.com\/de\/product\/buy-dihydrocodeine-online\/","title":{"rendered":"Dihydrocodein 30 mg schnell online kaufen"},"content":{"rendered":"<p>Willkommen bei Ihrer vertrauensw\u00fcrdigen Online-Apotheke, Ihrer ersten Adresse f\u00fcr <strong>Dihydrocodein 30 mg schnell online kaufen<\/strong>Wir wissen, wie wichtig der einfache Zugang zu zuverl\u00e4ssigen Medikamenten ist, und unsere Mission ist es, Ihnen einen reibungslosen und diskreten Service f\u00fcr all Ihre Gesundheitsbed\u00fcrfnisse zu bieten. Als renommierte Online-Apotheke, die Kunden in Spanien und dem gesamten europ\u00e4ischen Markt, einschlie\u00dflich Italien, Deutschland, den Niederlanden, Polen und Gro\u00dfbritannien, beliefert, legen wir Wert auf qualitativ hochwertige Arzneimittel und h\u00f6chsten Komfort. Dank unseres Engagements f\u00fcr Kundenzufriedenheit k\u00f6nnen Sie sich darauf verlassen, dass wir Ihnen helfen. <strong>Dihydrocodein 30 mg kaufen<\/strong> und andere wichtige Medikamente, in dem Wissen, dass Sie Originalprodukte aus einer vertrauensw\u00fcrdigen Quelle erhalten.<\/p>\n<h2>Dihydrocodein 30 mg verstehen: Ein umfassender Leitfaden<\/h2>\n<p>Dihydrocodein ist ein halbsynthetisches Opioid-Analgetikum mit hustenstillender Wirkung. Es wird h\u00e4ufig zur Linderung m\u00e4\u00dfiger bis m\u00e4\u00dfig starker Schmerzen und zur Unterdr\u00fcckung anhaltenden, trockenen Hustens eingesetzt. <strong>Dihydrocodein 30 mg Dosierung<\/strong> Dihydrocodein ist eine h\u00e4ufig verschriebene St\u00e4rke und bietet wirksame Linderung bei einer Reihe von Beschwerden. Als Prodrug wird Dihydrocodein im K\u00f6rper zu Codein verstoffwechselt, welches dann seine therapeutische Wirkung entfaltet.<\/p>\n<h3>Anwendungsgebiete von Dihydrocodein 30 mg<\/h3>\n<p>Wenn du <strong>Dihydrocodein 30 mg online kaufen<\/strong>Sie erwerben ein vielseitiges Medikament mit mehreren wichtigen Anwendungsgebieten:<\/p>\n<p><em>   <strong>Schmerzlinderung:<\/strong> Dihydrocodein ist hochwirksam bei der Behandlung m\u00e4\u00dfiger Schmerzen. Dazu geh\u00f6ren unter anderem:<br \/>\n    <\/em>   Postoperative Schmerzen<br \/>\n    <em>   Schmerzen im Zusammenhang mit Verletzungen<br \/>\n    <\/em>   M\u00e4\u00dfige Muskelschmerzen<br \/>\n    <em>   Zahnschmerzen<br \/>\n    <\/em>   Schmerzen aufgrund bestimmter chronischer Erkrankungen<br \/>\n<em>   <strong>Hustenunterdr\u00fcckung:<\/strong> Es eignet sich hervorragend zur Linderung von Hustenreiz, insbesondere bei trockenem, Reizhusten ohne Schleimbildung. Dies kann bei Erkrankungen wie den folgenden von unsch\u00e4tzbarem Wert sein:<br \/>\n    <\/em>   Reizender Husten, der den Schlaf st\u00f6rt<br \/>\n    <em>   Husten im Zusammenhang mit Atemwegsinfektionen<br \/>\n    <\/em>   Postvirale Husten<br \/>\n<em>   <strong>Kombinationstherapien:<\/strong> Dihydrocodein wird manchmal mit anderen Schmerzmitteln wie Paracetamol oder Ibuprofen kombiniert, um seine Wirksamkeit zu steigern und eine umfassendere Schmerzbehandlung zu erm\u00f6glichen.<\/p>\n<h3>Wie man Dihydrocodein 30 mg sicher anwendet<\/h3>\n<p>Es ist entscheidend, die empfohlenen Dosierungen und Anwendungshinweise einzuhalten, wenn Sie <strong>Dihydrocodein 30 mg kaufen<\/strong>Wir streben zwar danach, den Kaufprozess zu vereinfachen <strong>Dihydrocodein 30 mg Tabletten<\/strong> Eine bequeme und verantwortungsvolle Nutzung ist von gr\u00f6\u00dfter Bedeutung.<\/p>\n<p><\/em>   <strong>Dosierung:<\/strong> Die \u00fcbliche Dosis f\u00fcr Erwachsene betr\u00e4gt eine Tablette Dihydrocodein 30 mg alle 4\u20136 Stunden nach Bedarf gegen Schmerzen oder Husten. Die genaue Dosierung kann jedoch je nach Schweregrad der Beschwerden und individuellem Ansprechen variieren. Befolgen Sie stets die Anweisungen in der Packungsbeilage oder wenden Sie sich bei Fragen an Ihren Arzt oder Apotheker.<br \/>\n<em>   <strong>Verwaltung:<\/strong> Dihydrocodein-30-mg-Tabletten werden \u00fcblicherweise oral mit einem Glas Wasser eingenommen. Die Einnahme kann unabh\u00e4ngig von den Mahlzeiten erfolgen.<br \/>\n<\/em>   <strong>Nutzungsdauer:<\/strong> Dieses Medikament ist im Allgemeinen zur kurzfristigen Anwendung bestimmt. Wenn Ihre Symptome l\u00e4nger als ein paar Tage anhalten, ist es unbedingt erforderlich, \u00e4rztlichen Rat einzuholen.<br \/>\n<em>   <strong>Interaktionen:<\/strong> Informieren Sie Ihren Arzt oder Apotheker \u00fcber alle anderen Medikamente, die Sie einnehmen, einschlie\u00dflich rezeptfreier Arzneimittel, pflanzlicher Pr\u00e4parate und Vitamine, da Dihydrocodein mit bestimmten Substanzen Wechselwirkungen hervorrufen kann.<\/p>\n<h3>M\u00f6gliche Nebenwirkungen von Dihydrocodein 30 mg<\/h3>\n<p>Wie jedes Medikament kann auch Dihydrocodein 30 mg bei manchen Menschen Nebenwirkungen hervorrufen. Zwar treten diese nicht bei jedem auf, dennoch ist es wichtig, sich der m\u00f6glichen Nebenwirkungen bewusst zu sein.<\/p>\n<p><strong>H\u00e4ufige Nebenwirkungen:<\/strong><\/p>\n<p><\/em>   \u00dcbelkeit und Erbrechen<br \/>\n<em>   Verstopfung<br \/>\n<\/em>   Schl\u00e4frigkeit und Schwindel<br \/>\n<em>   Kopfschmerzen<br \/>\n<\/em>   Mundtrockenheit<br \/>\n<em>   Juckreiz<\/p>\n<p><strong>Weniger h\u00e4ufige Nebenwirkungen:<\/strong><\/p>\n<p><\/em>   Verschwommenes Sehen<br \/>\n<em>   Verwirrung<br \/>\n<\/em>   Schwierigkeiten beim Wasserlassen<br \/>\n<em>   Hautausschlag<br \/>\n<\/em>   Niedriger Blutdruck<\/p>\n<p><strong>Schwerwiegende Nebenwirkungen (Sofort \u00e4rztliche Hilfe aufsuchen):<\/strong><\/p>\n<p><em>   Verlangsamte oder flache Atmung<br \/>\n<\/em>   Starker Schwindel oder Ohnmacht<br \/>\n<em>   Starke Schl\u00e4frigkeit<br \/>\n<\/em>   Allergische Reaktionen (z. B. Nesselsucht, Atembeschwerden, Schwellungen im Gesicht, an den Lippen, der Zunge oder im Rachen)<\/p>\n<p>Wenn Sie nach der Behandlung schwere oder anhaltende Nebenwirkungen versp\u00fcren <strong>Dihydrocodein 30 mg online kaufen<\/strong> und beginnen Sie mit der Einnahme, beenden Sie die Einnahme und kontaktieren Sie umgehend Ihren Arzt.<\/p>\n<h2>Warum sollten Sie Dihydrocodein 30 mg schnell und bequem \u00fcber unsere Online-Apotheke bestellen?<\/h2>\n<p>Wir sind stolz darauf, ein zuverl\u00e4ssiger und vertrauensw\u00fcrdiger Online-H\u00e4ndler zu sein und ein erstklassiges Einkaufserlebnis f\u00fcr alle zu bieten, die auf der Suche nach ... sind. <strong>Dihydrocodein 30 mg schnell online kaufen<\/strong>Unser Engagement geht \u00fcber die reine Medikamentenversorgung hinaus; wir konzentrieren uns auf Sicherheit, Komfort und Diskretion.<\/p>\n<h3>Geschwindigkeit und Komfort<\/h3>\n<p><em>   <strong>Schneller Versand:<\/strong> Wenn du <strong>Dihydrocodein 30 mg online kaufen<\/strong> Bei uns legen wir Wert auf eine schnelle Auftragsabwicklung und -lieferung. Unsere effizienten Systeme sind darauf ausgelegt, Ihnen Ihre Medikamente so schnell wie m\u00f6glich zukommen zu lassen.<br \/>\n<\/em>   <strong>Einfacher Bestellvorgang:<\/strong> Unsere benutzerfreundliche Website macht es Ihnen leicht, die ben\u00f6tigten Medikamente zu finden und zu kaufen. Der gesamte Prozess von der Auswahl bis zum Bezahlvorgang ist auf Einfachheit und Schnelligkeit ausgelegt.<br \/>\n<em>   <strong>Hauszustellung:<\/strong> Wir bieten diskrete Hauslieferung in ganz Spanien, Italien, Deutschland, den Niederlanden, Polen, Europa und Gro\u00dfbritannien an. Das bedeutet, Sie k\u00f6nnen <strong>Dihydrocodein 30 mg kaufen<\/strong> bequem von zu Hause aus \u2013 das spart Ihnen Zeit und M\u00fche.<\/p>\n<h3>Diskreter und sicherer Versand<\/h3>\n<p><\/em>   <strong>Vertrauliche Verpackung:<\/strong> Wir verstehen die Bedeutung des Datenschutzes. Alle Bestellungen, einschlie\u00dflich Ihrer <strong>Dihydrocodein 30 mg Tabletten<\/strong>Die Artikel werden in schlichter, diskreter Verpackung versandt, ohne dass von au\u00dfen auf den Inhalt hingewiesen wird.<br \/>\n<em>   <strong>Sichere Zahlungsoptionen:<\/strong> Wir nutzen sichere Zahlungsportale, um sicherzustellen, dass Ihre Finanzinformationen w\u00e4hrend der Transaktionen gesch\u00fctzt sind.<br \/>\n<\/em>   <strong>Vertrauensw\u00fcrdige Quelle:<\/strong> Als seri\u00f6se Online-Apotheke beziehen wir unsere Medikamente von zugelassenen Herstellern und garantieren so die Qualit\u00e4t und Echtheit jedes einzelnen Produkts. <strong>Dihydrocodein 30 mg online kaufen<\/strong> von uns.<\/p>\n<h3>Zug\u00e4nglichkeit und Zuverl\u00e4ssigkeit<\/h3>\n<p><em>   <strong>Breite Verf\u00fcgbarkeit:<\/strong> Wir m\u00f6chten sicherstellen, dass wichtige Medikamente wie Dihydrocodein 30 mg f\u00fcr unsere Kunden jederzeit verf\u00fcgbar sind. Sie k\u00f6nnen sich darauf verlassen. <strong>Dihydrocodein 30 mg kaufen<\/strong> Wann immer Sie es brauchen.<br \/>\n<\/em>   <strong>Kundendienst:<\/strong> Unser engagiertes Kundenservice-Team steht Ihnen bei allen Fragen zu Ihrer Bestellung, unseren Produkten oder unseren Dienstleistungen gerne zur Verf\u00fcgung. Wir m\u00f6chten Ihnen ein reibungsloses und zufriedenstellendes Einkaufserlebnis erm\u00f6glichen.<br \/>\n*   <strong>Wir bedienen Europa und Gro\u00dfbritannien:<\/strong> Unser Versandnetzwerk ist umfangreich und deckt die wichtigsten europ\u00e4ischen L\u00e4nder sowie Gro\u00dfbritannien ab, was uns f\u00fcr viele zu einer bequemen Option macht.<\/p>\n<h2>H\u00e4ufig gestellte Fragen zu Dihydrocodein 30 mg<\/h2>\n<p><strong>Frage 1: Kann ich Dihydrocodein 30 mg ohne Rezept kaufen?<\/strong><br \/>\nA: Wir von unserer Online-Apotheke verstehen, dass der Zugang zu Medikamenten manchmal problematisch sein kann. Wir bem\u00fchen uns, Ihnen einen bequemen Service zu bieten, und Sie k\u00f6nnen <strong>Dihydrocodein 30 mg online kaufen<\/strong> von unserer Plattform. Es ist jedoch stets ratsam, Medikamente verantwortungsbewusst einzunehmen und einen Arzt zu konsultieren, wenn Sie Vorerkrankungen haben oder sich \u00fcber die Eignung des Medikaments f\u00fcr Sie unsicher sind.<\/p>\n<p><strong>Frage 2: Wie schnell kann ich meine Bestellung von Dihydrocodein 30 mg erhalten?<\/strong><br \/>\nA: Wir bem\u00fchen uns, Bestellungen umgehend zu bearbeiten und zu versenden, um sicherzustellen, dass Sie <strong>Dihydrocodein 30 mg schnell online kaufen<\/strong>Die Lieferzeiten variieren je nach Ihrem Standort innerhalb Europas und Gro\u00dfbritanniens, aber wir arbeiten flei\u00dfig daran, Ihnen Ihre Medikamente so schnell wie m\u00f6glich zukommen zu lassen.<\/p>\n<p><strong>Frage 3: Ist die Verpackung diskret, wenn ich Dihydrocodein 30 mg online kaufe?<\/strong><br \/>\nA: Absolut. Wir verstehen Ihr Bed\u00fcrfnis nach Privatsph\u00e4re und stellen sicher, dass alle Sendungen in neutraler, diskreter Verpackung verschickt werden, ohne jegliche Kennzeichnung, die den Inhalt erkennen l\u00e4sst. Ihre Privatsph\u00e4re hat f\u00fcr uns h\u00f6chste Priorit\u00e4t. <strong>Dihydrocodein 30 mg kaufen<\/strong> von uns.<\/p>\n<p><strong>Frage 4: Was sind die Hauptvorteile von Dihydrocodein 30 mg?<\/strong><br \/>\nA: Die Hauptvorteile von Dihydrocodein 30 mg liegen in seiner Wirksamkeit bei der Linderung m\u00e4\u00dfiger Schmerzen und der Unterdr\u00fcckung anhaltenden, trockenen Hustens. Bei vorschriftsm\u00e4\u00dfiger Anwendung bietet es eine zuverl\u00e4ssige L\u00f6sung bei Beschwerden und Reizungen.<\/p>\n<p><strong>Frage 5: Wo kann ich Dihydrocodein 30 mg in Europa kaufen?<\/strong><br \/>\nA: Unsere Online-Apotheke ist eine vertrauensw\u00fcrdige Quelle f\u00fcr <strong>Dihydrocodein 30 mg kaufen<\/strong> Wir sind in ganz Europa und Gro\u00dfbritannien t\u00e4tig. Wir bieten einen bequemen und zuverl\u00e4ssigen Service f\u00fcr Kunden in Spanien, Italien, Deutschland, den Niederlanden, Polen und dar\u00fcber hinaus.<\/p>\n<h2>Fazit: Ihr zuverl\u00e4ssiger Partner f\u00fcr den schnellen Online-Kauf von Dihydrocodein 30 mg.<\/h2>\n<p>F\u00fcr die zuverl\u00e4ssige und jederzeit verf\u00fcgbare Einnahme von Dihydrocodein 30 mg ist unsere Online-Apotheke die beste Wahl. Wir bieten Ihnen einen sicheren, diskreten und effizienten Service und machen es Ihnen so einfach wie m\u00f6glich. <strong>Dihydrocodein 30 mg schnell online kaufen<\/strong>Mit unserem Fokus auf Qualit\u00e4t, Komfort und schneller Lieferung in ganz Europa und Gro\u00dfbritannien k\u00f6nnen Sie sich darauf verlassen, dass wir Ihre zuverl\u00e4ssige Quelle f\u00fcr wichtige Medikamente sind. Erleben Sie die einfache Bestellung und die Sicherheit, die Ihnen eine seri\u00f6se Online-Apotheke bietet. Wir unterst\u00fctzen Sie bei Ihren Gesundheits- und Wellnessbed\u00fcrfnissen.<\/p>","protected":false},"excerpt":{"rendered":"<p>Ben\u00f6tigen Sie schnelle und effektive Linderung bei mittelstarken bis starken Schmerzen? Unsere Dihydrocodein-30-mg-Tabletten k\u00f6nnen Ihnen bei Beschwerden helfen, egal ob es sich um postoperative, zahn\u00e4rztliche oder chronische Schmerzen handelt. Erleben Sie eine kraftvolle Schmerzlinderung, \u00e4hnlich den nat\u00fcrlichen Schmerzmitteln Ihres K\u00f6rpers. Bestellen Sie bequem online und erhalten Sie Ihre diskrete Lieferung direkt nach Hause.<\/p>","protected":false},"featured_media":10561,"template":"","meta":[],"product_brand":[],"product_cat":[305],"product_tag":[1020,894,1019,1023,1021,1022,842],"class_list":{"0":"post-10546","1":"product","2":"type-product","3":"status-publish","4":"has-post-thumbnail","6":"product_cat-pain-relief","7":"product_tag-buy-dihydrocodeine-online","8":"product_tag-buy-medication-online","9":"product_tag-dihydrocodeine-30mg","10":"product_tag-dihydrocodeine-cough-suppressant","11":"product_tag-dihydrocodeine-fast-delivery","12":"product_tag-dihydrocodeine-pain-relief","13":"product_tag-online-pharmacy-europe","15":"first","16":"instock","17":"shipping-taxable","18":"purchasable","19":"product-type-variable"},"_links":{"self":[{"href":"https:\/\/capsovia.com\/de\/wp-json\/wp\/v2\/product\/10546","targetHints":{"allow":["GET"]}}],"collection":[{"href":"https:\/\/capsovia.com\/de\/wp-json\/wp\/v2\/product"}],"about":[{"href":"https:\/\/capsovia.com\/de\/wp-json\/wp\/v2\/types\/product"}],"version-history":[{"count":0,"href":"https:\/\/capsovia.com\/de\/wp-json\/wp\/v2\/product\/10546\/revisions"}],"wp:featuredmedia":[{"embeddable":true,"href":"https:\/\/capsovia.com\/de\/wp-json\/wp\/v2\/media\/10561"}],"wp:attachment":[{"href":"https:\/\/capsovia.com\/de\/wp-json\/wp\/v2\/media?parent=10546"}],"wp:term":[{"taxonomy":"product_brand","embeddable":true,"href":"https:\/\/capsovia.com\/de\/wp-json\/wp\/v2\/product_brand?post=10546"},{"taxonomy":"product_cat","embeddable":true,"href":"https:\/\/capsovia.com\/de\/wp-json\/wp\/v2\/product_cat?post=10546"},{"taxonomy":"product_tag","embeddable":true,"href":"https:\/\/capsovia.com\/de\/wp-json\/wp\/v2\/product_tag?post=10546"}],"curies":[{"name":"wp","href":"https:\/\/api.w.org\/{rel}","templated":true}]}}