{"id":10620,"date":"2024-10-04T17:56:26","date_gmt":"2024-10-04T17:56:26","guid":{"rendered":"https:\/\/pharmaplazaonline.com\/?post_type=product&#038;p=10620"},"modified":"2026-04-17T22:32:56","modified_gmt":"2026-04-17T22:32:56","slug":"buy-nitrazepam","status":"publish","type":"product","link":"https:\/\/capsovia.com\/de\/product\/buy-nitrazepam\/","title":{"rendered":"Nitrazepam online kaufen (UK) \u2013 Schneller Versand"},"content":{"rendered":"<h2>Nitrazepam online kaufen (UK) \u2013 Schneller Versand: Ihre zuverl\u00e4ssige Quelle f\u00fcr Schlaf- und Angstlinderung<\/h2>\n<p>Leiden Sie unter anhaltender Schlaflosigkeit oder l\u00e4hmenden Angstzust\u00e4nden? W\u00e4lzen Sie sich nachts im Bett hin und her und finden nicht den erholsamen Schlaf, den Ihr K\u00f6rper so dringend braucht? Oder belastet Sie der Alltagsstress und l\u00e4sst Sie sich \u00fcberfordert und angespannt f\u00fchlen? Dann sind Sie nicht allein, und wirksame Linderung ist zum Greifen nah. Als seri\u00f6se Online-Apotheke in Europa verstehen wir, wie sehr Schlafst\u00f6rungen und Angstzust\u00e4nde Ihre Lebensqualit\u00e4t beeintr\u00e4chtigen k\u00f6nnen. Deshalb bieten wir Ihnen eine zuverl\u00e4ssige und diskrete M\u00f6glichkeit, \u2026 <strong>Nitrazepam online kaufen (UK)<\/strong> Mit schnellem Versand erhalten Sie die ben\u00f6tigte Hilfe genau dann, wenn Sie sie brauchen.<\/p>\n<p>Wir sind Ihr vertrauensw\u00fcrdiger Online-Anbieter und machen den sicheren und vertraulichen Zugang zu hochwertigen Medikamenten unkompliziert. Unsere Mission ist es, die erste Anlaufstelle f\u00fcr alle zu sein, die verschreibungspflichtige und rezeptfreie Medikamente suchen, darunter auch anerkannte Benzodiazepine wie Nitrazepam. Wenn Sie sich f\u00fcr uns entscheiden\u2026 <strong>Nitrazepam online kaufen (UK)<\/strong> \u00dcber unsere sichere Plattform entscheiden Sie sich f\u00fcr Komfort, Diskretion und die Gewissheit, Original-Arzneimittel zu erhalten. Wir sind stolz darauf, eine zuverl\u00e4ssige Quelle f\u00fcr ein breites Sortiment an Medikamenten zu sein und Kunden in Spanien, Italien, Deutschland, den Niederlanden, Polen und Gro\u00dfbritannien zu beliefern.<\/p>\n<h3>Nitrazepam verstehen: Ein umfassender Leitfaden<\/h3>\n<p>Nitrazepam ist ein starkes Benzodiazepin, das haupts\u00e4chlich zur Kurzzeitbehandlung von Schlaflosigkeit eingesetzt wird. Es geh\u00f6rt zur Gruppe der zentral wirksamen Beruhigungsmittel (ZNS-D\u00e4mpfungsmittel), die die Wirkung des Neurotransmitters Gamma-Aminobutters\u00e4ure (GABA) verst\u00e4rken. GABA ist ein nat\u00fcrlicher hemmender Neurotransmitter im Gehirn. Durch die Steigerung seiner Aktivit\u00e4t verlangsamt Nitrazepam die Gehirnaktivit\u00e4t und wirkt beruhigend. Dadurch ist es sehr wirksam beim Einschlafen und der Linderung von Angstgef\u00fchlen.<\/p>\n<p>F\u00fcr diejenigen, die suchen <strong>Nitrazepam online kaufen (UK)<\/strong>Daher ist es entscheidend, seine Eigenschaften zu verstehen. Es handelt sich um ein etabliertes Medikament mit nachgewiesener Wirksamkeit bei der Behandlung von Schlafst\u00f6rungen.<\/p>\n<p><strong>Wichtigste Spezifikationen und Eigenschaften:<\/strong><\/p>\n<p><em>   <strong>Wirkstoff:<\/strong> Nitrazepam<br \/>\n<\/em>   <strong>Wirkstoffklasse:<\/strong> Benzodiazepin<br \/>\n<em>   <strong>Hauptverwendungszwecke:<\/strong> Kurzzeitbehandlung von Schlaflosigkeit und angstbedingten Schlafst\u00f6rungen.<br \/>\n<\/em>   <strong>Wirkungsmechanismus:<\/strong> Verst\u00e4rkt die GABAerge Neurotransmission, was zu Sedierung, Anxiolyse (Angstl\u00f6sung), Muskelrelaxation und krampfl\u00f6sender Wirkung f\u00fchrt.<br \/>\n<em>   <strong>Verf\u00fcgbare Formulare:<\/strong> \u00dcblicherweise erh\u00e4ltlich in Tabletten- oder Kapselform.<br \/>\n<\/em>   <strong>Potenz:<\/strong> Nitrazepam gilt als ein relativ potentes Benzodiazepin.<\/p>\n<h3>Wer kann von Nitrazepam profitieren?<\/h3>\n<p>Nitrazepam wird typischerweise Personen verschrieben, die erhebliche Ein- oder Durchschlafst\u00f6rungen haben, die h\u00e4ufig mit Angstzust\u00e4nden oder Stress zusammenh\u00e4ngen. Es ist aufgrund des Risikos von Abh\u00e4ngigkeit und Toleranzentwicklung nur zur kurzfristigen Anwendung bestimmt. Wenn Sie die Einnahme von Nitrazepam erw\u00e4gen, ... <strong>Nitrazepam online kaufen (UK)<\/strong> Bei Schlaflosigkeit ist es wichtig, das Medikament so anzuwenden, wie es von Ihrem Arzt oder in der Produktinformation angegeben ist.<\/p>\n<p><strong>H\u00e4ufige Anwendungsgebiete f\u00fcr Nitrazepam:<\/strong><\/p>\n<p><em>   <strong>Schlaflosigkeit:<\/strong> Schwierigkeiten beim Ein- oder Durchschlafen oder fr\u00fches Erwachen am Morgen.<br \/>\n<\/em>   <strong>Schlafst\u00f6rungen im Zusammenhang mit Angstzust\u00e4nden:<\/strong> Wenn Angstzust\u00e4nde den Schlaf erheblich beeintr\u00e4chtigen.<\/p>\n<p>Es ist wichtig zu beachten, dass Nitrazepam keine langfristige L\u00f6sung f\u00fcr Schlafprobleme darstellt und auch kein Heilmittel f\u00fcr zugrunde liegende medizinische oder psychologische Erkrankungen ist, die Schlaflosigkeit verursachen k\u00f6nnen.<\/p>\n<h3>Dosierung und Anwendung: Sichere Anwendung von Nitrazepam<\/h3>\n<p>Wenn du <strong>Nitrazepam online kaufen (UK)<\/strong>Es ist unerl\u00e4sslich, die empfohlene Dosierung einzuhalten, um die Wirksamkeit zu gew\u00e4hrleisten und das Risiko von Nebenwirkungen zu minimieren. Die Dosierung kann je nach Alter, Krankengeschichte und Schweregrad der Erkrankung variieren. Befolgen Sie stets die Anweisungen in der Packungsbeilage oder die Anweisungen Ihres Arztes oder Apothekers.<\/p>\n<p><strong>Allgemeine Dosierungsrichtlinien (f\u00fcr Erwachsene mit Schlaflosigkeit):<\/strong><\/p>\n<p><em>   <strong>\u00dcbliche Anfangsdosis:<\/strong> 5 bis 10 mg oral vor dem Schlafengehen einnehmen.<br \/>\n<\/em>   <strong>Empfohlene H\u00f6chstdosis:<\/strong> In einigen F\u00e4llen kann ein Arzt bis zu 20 mg verschreiben, dies ist jedoch weniger \u00fcblich und erfordert eine sorgf\u00e4ltige \u00dcberwachung.<br \/>\n<em>   <strong>\u00c4ltere Patienten:<\/strong> F\u00fcr \u00e4ltere Erwachsene werden in der Regel niedrigere Dosen empfohlen, da diese empfindlicher auf die Wirkung von Benzodiazepinen reagieren.<\/p>\n<p><strong>Wichtige \u00dcberlegungen f\u00fcr die Verwaltung:<\/strong><\/p>\n<p><\/em>   <strong>Timing:<\/strong> Nehmen Sie Nitrazepam etwa 30 Minuten vor dem Schlafengehen ein.<br \/>\n<em>   <strong>Nutzungsdauer:<\/strong> Nitrazepam ist zur kurzfristigen Anwendung bestimmt, typischerweise von wenigen Tagen bis maximal zwei bis vier Wochen, einschlie\u00dflich einer etwaigen Ausschleichphase. L\u00e4ngere Anwendung kann zu Toleranz und Abh\u00e4ngigkeit f\u00fchren.<br \/>\n<\/em>   <strong>Nicht zerdr\u00fccken oder kauen:<\/strong> Die Tabletten oder Kapseln unzerkaut mit Wasser schlucken.<br \/>\n<em>   <strong>Vermeiden Sie Alkohol:<\/strong> Der gleichzeitige Konsum von Alkohol und Nitrazepam kann dessen sedierende Wirkung gef\u00e4hrlich verst\u00e4rken und das Risiko einer Atemdepression erh\u00f6hen.<\/p>\n<p>Wenn Sie sich bez\u00fcglich der korrekten Dosierung oder Anwendung unsicher sind, konsultieren Sie bitte vor der Anwendung einen Arzt oder Apotheker. <strong>Nitrazepam online kaufen (UK)<\/strong> oder andere Medikamente.<\/p>\n<h3>M\u00f6gliche Vorteile der Anwendung von Nitrazepam<\/h3>\n<p>Der Hauptvorteil von Nitrazepam liegt in seiner F\u00e4higkeit, Schlaflosigkeit schnell und effektiv zu lindern und Betroffenen so die dringend ben\u00f6tigte Erholung zu erm\u00f6glichen. Durch die F\u00f6rderung des Schlafs kann es die Leistungsf\u00e4higkeit am Tag, die Stimmung und das allgemeine Wohlbefinden deutlich verbessern.<\/p>\n<p><strong>Wichtigste Vorteile, die h\u00e4ufig mit Nitrazepam in Verbindung gebracht werden:<\/strong><\/p>\n<p><\/em>   <strong>Verbessertes Einschlafen:<\/strong> Hilft Einzelpersonen, schneller einzuschlafen.<br \/>\n<em>   <strong>Weniger n\u00e4chtliches Aufwachen:<\/strong> Tr\u00e4gt zu einem kontinuierlicheren Schlaf die ganze Nacht \u00fcber bei.<br \/>\n<\/em>   <strong>Verbesserte Schlafqualit\u00e4t:<\/strong> F\u00f6rdert einen tieferen, erholsameren Schlaf.<br \/>\n<em>   <strong>Angstl\u00f6sende Wirkung:<\/strong> Kann Angstzust\u00e4nde lindern, die zu Schlafst\u00f6rungen beitragen.<br \/>\n<\/em>   <strong>Verbesserte Leistungsf\u00e4higkeit am Tag:<\/strong> Durch die Behebung von Schlafentzug k\u00f6nnen Konzentration, Stimmung und Energieniveau tags\u00fcber verbessert werden.<\/p>\n<p>F\u00fcr viele ist die F\u00e4higkeit zu <strong>Nitrazepam online kaufen (UK)<\/strong> bietet eine bequeme M\u00f6glichkeit, diese Vorteile zu nutzen, ohne die logistischen Herausforderungen herk\u00f6mmlicher Apotheken.<\/p>\n<h3>M\u00f6gliche Nebenwirkungen und Vorsichtsma\u00dfnahmen verstehen<\/h3>\n<p>Wie alle Medikamente kann auch Nitrazepam Nebenwirkungen verursachen. Es ist wichtig, sich vor der Einnahme \u00fcber diese potenziellen Risiken im Klaren zu sein. <strong>Nitrazepam online kaufen (UK)<\/strong>Die meisten Nebenwirkungen sind dosisabh\u00e4ngig und treten tendenziell zu Beginn der Behandlung oder bei h\u00f6heren Dosen st\u00e4rker auf.<\/p>\n<p><strong>H\u00e4ufige Nebenwirkungen:<\/strong><\/p>\n<p><em>   Schl\u00e4frigkeit und Tagesm\u00fcdigkeit<br \/>\n<\/em>   Schwindel<br \/>\n<em>   Benommenheit<br \/>\n<\/em>   Ataxie (Gangunsicherheit oder Koordinationsmangel)<br \/>\n<em>   Muskelschw\u00e4che<br \/>\n<\/em>   Erm\u00fcdung<br \/>\n<em>   Verwirrung<br \/>\n<\/em>   Ged\u00e4chtnisst\u00f6rung (Amnesie)<br \/>\n<em>   Mundtrockenheit<\/p>\n<p><strong>Weniger h\u00e4ufige, aber schwerwiegende Nebenwirkungen:<\/strong><\/p>\n<p><\/em>   Paradoxe Reaktionen (z. B. verst\u00e4rkte Angstzust\u00e4nde, Unruhe, Aggression)<br \/>\n<em>   Atemdepression (insbesondere in Kombination mit anderen zentrald\u00e4mpfenden Substanzen wie Alkohol oder Opioiden)<br \/>\n<\/em>   Abh\u00e4ngigkeit und Entzugserscheinungen bei abruptem Absetzen<br \/>\n<em>   Depression<br \/>\n<\/em>   Suizidgedanken (selten)<\/p>\n<p><strong>Wichtige Vorsichtsma\u00dfnahmen und Kontraindikationen:<\/strong><\/p>\n<p><em>   <strong>Abh\u00e4ngigkeit und Entzug:<\/strong> Die Langzeitanwendung kann zu k\u00f6rperlicher und psychischer Abh\u00e4ngigkeit f\u00fchren. Ein abruptes Absetzen von Nitrazepam nach l\u00e4ngerer Einnahme kann Entzugserscheinungen wie Angstzust\u00e4nde, Schlaflosigkeit, Zittern und in schweren F\u00e4llen Krampfanf\u00e4lle hervorrufen. Es ist daher unbedingt erforderlich, die Dosis des Medikaments unter \u00e4rztlicher Aufsicht schrittweise zu reduzieren.<br \/>\n<\/em>   <strong>Toleranz:<\/strong> Im Laufe der Zeit kann der K\u00f6rper eine Toleranz gegen\u00fcber Nitrazepam entwickeln, was bedeutet, dass h\u00f6here Dosen erforderlich sind, um die gleiche Wirkung zu erzielen.<br \/>\n<em>   <strong>Fahren unter Alkoholeinfluss und Bedienen von Maschinen:<\/strong> Aufgrund seiner beruhigenden Wirkung kann Nitrazepam das Urteilsverm\u00f6gen, die Koordination und die Reaktionszeit beeintr\u00e4chtigen. Vermeiden Sie das F\u00fchren von Fahrzeugen oder das Bedienen schwerer Maschinen w\u00e4hrend der Einnahme dieses Medikaments.<br \/>\n<\/em>   <strong>Schwangerschaft und Stillen:<\/strong> Die Einnahme von Nitrazepam wird w\u00e4hrend der Schwangerschaft und Stillzeit generell nicht empfohlen, da potenzielle Risiken f\u00fcr den F\u00f6tus oder S\u00e4ugling bestehen.<br \/>\n<em>   <strong>Vorliegende Erkrankungen:<\/strong> Personen mit einer Vorgeschichte von Atemwegserkrankungen, Leber- oder Nierenerkrankungen, Myasthenia gravis oder Alkohol- oder Drogenabh\u00e4ngigkeit sollten Nitrazepam mit \u00e4u\u00dferster Vorsicht und nur unter strenger \u00e4rztlicher Aufsicht anwenden.<br \/>\n<\/em>   <strong>Wechselwirkungen mit anderen Medikamenten:<\/strong> Nitrazepam kann Wechselwirkungen mit verschiedenen anderen Medikamenten haben, darunter Alkohol, Opioide, andere Beruhigungsmittel, bestimmte Antidepressiva und Antihistaminika. Informieren Sie Ihren Arzt oder Apotheker immer \u00fcber alle Medikamente, die Sie aktuell einnehmen.<\/p>\n<p>Wenn du <strong>Nitrazepam online kaufen (UK)<\/strong> Wir betonen die Wichtigkeit einer informierten Anwendung und empfehlen Ihnen, sich mit einem Arzt oder einer anderen medizinischen Fachkraft zu beraten, wenn Sie Vorerkrankungen oder Bedenken haben.<\/p>\n<h3>Warum sollten Sie sich f\u00fcr uns entscheiden, wenn Sie Nitrazepam online in Gro\u00dfbritannien kaufen m\u00f6chten?<\/h3>\n<p>Sich im Gesundheitssystem zurechtzufinden, kann komplex sein, insbesondere bei der Suche nach Medikamenten f\u00fcr sensible Probleme wie Schlaflosigkeit und Angstzust\u00e4nde. Wir m\u00f6chten diesen Prozess vereinfachen, indem wir eine sichere, diskrete und zuverl\u00e4ssige Plattform f\u00fcr Einzelpersonen anbieten. <strong>Nitrazepam online kaufen (UK)<\/strong> und in ganz Europa.<\/p>\n<p><strong>Unser Versprechen an Sie:<\/strong><\/p>\n<p><em>   <strong>Authentische Medikamente:<\/strong> Wir beziehen unsere Produkte von renommierten Herstellern, um sicherzustellen, dass Sie hochwertiges, echtes Nitrazepam erhalten.<br \/>\n<\/em>   <strong>Diskreter Versand:<\/strong> Ihre Privatsph\u00e4re hat f\u00fcr uns h\u00f6chste Priorit\u00e4t. Alle Bestellungen werden diskret verpackt und versendet, ohne dass der Inhalt von au\u00dfen erkennbar ist.<br \/>\n<em>   <strong>Schnelle und zuverl\u00e4ssige Lieferung:<\/strong> Wir verstehen, wie dringend Ihre Bed\u00fcrfnisse sind. Dank unserer effizienten Logistik gew\u00e4hrleisten wir einen schnellen Versand nach Spanien, Italien, Deutschland, in die Niederlande, nach Polen und Gro\u00dfbritannien.<br \/>\n<\/em>   <strong>Sichere Online-Bestellung:<\/strong> Unsere Website verwendet robuste Sicherheitsma\u00dfnahmen, um Ihre pers\u00f6nlichen Daten und Zahlungsinformationen zu sch\u00fctzen.<br \/>\n<em>   <strong>Kundendienst:<\/strong> Unser engagiertes Team steht Ihnen zur Verf\u00fcgung, um Ihre Fragen zu beantworten und Sie w\u00e4hrend des gesamten Bestellvorgangs zu unterst\u00fctzen.<br \/>\n<\/em>   <strong>Bequemlichkeit:<\/strong> Bestellen Sie bequem von zu Hause aus und sparen Sie Zeit und M\u00fche.<\/p>\n<p>Wenn Sie bereit sind <strong>Nitrazepam online kaufen (UK)<\/strong>Oder falls Sie zuverl\u00e4ssigen Zugang zu anderen Medikamenten suchen, betrachten Sie uns als Ihren vertrauensw\u00fcrdigen Partner. Wir setzen alles daran, Ihnen eine reibungslose und sichere Erfahrung zu bieten und Ihnen die Linderung zu verschaffen, die Sie verdienen.<\/p>\n<h3>H\u00e4ufig gestellte Fragen zum Online-Kauf von Nitrazepam<\/h3>\n<p><strong>F: Ist der Online-Kauf von Nitrazepam in Gro\u00dfbritannien legal?<\/strong><br \/>\nA: In Gro\u00dfbritannien ist Nitrazepam verschreibungspflichtig. Es ist zwar m\u00f6glich, <strong>Nitrazepam online kaufen (UK)<\/strong>Daher ist es unerl\u00e4sslich, dass Sie bei einer seri\u00f6sen und regulierten Online-Apotheke bestellen. Wir arbeiten in \u00dcbereinstimmung mit den geltenden Vorschriften, um die Rechtm\u00e4\u00dfigkeit und Sicherheit unserer Dienstleistungen zu gew\u00e4hrleisten.<\/p>\n<p><strong>F: Wie kann ich sicher sein, dass das Nitrazepam, das ich online kaufe, echt ist?<\/strong><br \/>\nA: Wir arbeiten mit vertrauensw\u00fcrdigen pharmazeutischen Lieferanten zusammen und halten strenge Qualit\u00e4tskontrollen ein. Unser Ziel ist es, Ihnen ausschlie\u00dflich Originalmedikamente anzubieten. <strong>Nitrazepam online kaufen (UK)<\/strong> Mit uns entscheiden Sie sich f\u00fcr eine seri\u00f6se Quelle.<\/p>\n<p><strong>F: Worin besteht der Unterschied zwischen Nitrazepam und anderen Schlafmitteln?<\/strong><br \/>\nA: Nitrazepam ist ein Benzodiazepin, das f\u00fcr seine Wirksamkeit beim Einschlafen und der Linderung von Angstzust\u00e4nden bekannt ist. Andere Schlafmittel geh\u00f6ren m\u00f6glicherweise anderen Wirkstoffklassen an, wie z. B. Z-Substanzen oder Antihistaminika, und weisen unterschiedliche Wirkmechanismen, Wirkst\u00e4rken und Nebenwirkungsprofile auf.<\/p>\n<p><strong>F: Kann ich Nitrazepam ohne Rezept kaufen?<\/strong><br \/>\nA: In vielen Regionen ist Nitrazepam verschreibungspflichtig. Als regulierte Online-Apotheke bieten wir jedoch unter bestimmten Bedingungen Zugang zu einigen verschreibungspflichtigen Medikamenten und gew\u00e4hrleisten so einen verantwortungsvollen Zugang zur Behandlung. Wenn Sie sich bez\u00fcglich der Verschreibungspflicht an Ihrem Wohnort unsicher sind, konsultieren Sie bitte unsere Richtlinien oder kontaktieren Sie unseren Kundenservice.<\/p>\n<p><strong>F: Was soll ich tun, wenn Nebenwirkungen auftreten?<\/strong><br \/>\nA: Sollten Sie besorgniserregende Nebenwirkungen bemerken, brechen Sie die Anwendung ab und konsultieren Sie umgehend einen Arzt. Informieren Sie ihn unbedingt dar\u00fcber, dass Sie sich f\u00fcr die Anwendung entschieden haben. <strong>Nitrazepam online kaufen (UK)<\/strong> und nehmen dieses Medikament ein.<\/p>\n<h3>Fazit: Ihr zuverl\u00e4ssiger Partner f\u00fcr Schlaf und Wohlbefinden<\/h3>\n<p>Wenn Sie eine wirksame L\u00f6sung f\u00fcr Schlaflosigkeit suchen und ben\u00f6tigen <strong>Nitrazepam online kaufen (UK)<\/strong>Unsere Online-Apotheke bietet Ihnen einen sicheren, diskreten und effizienten Service. Wir wissen, wie wichtig Qualit\u00e4t, Zuverl\u00e4ssigkeit und Komfort f\u00fcr Ihre Gesundheit sind. Unser Service richtet sich an Kunden in ganz Europa, darunter Spanien, Italien, Deutschland, die Niederlande, Polen und Gro\u00dfbritannien. Wir bieten schnellen Versand und absolute Vertraulichkeit.<\/p>\n<p>Lassen Sie sich nicht l\u00e4nger von schlaflosen N\u00e4chten und Angstzust\u00e4nden das Leben rauben. Informieren Sie sich vertrauensvoll \u00fcber Ihre M\u00f6glichkeiten und entdecken Sie, wie einfach es ist, hochwertige Medikamente von einem vertrauensw\u00fcrdigen Online-Anbieter zu beziehen. <strong>Nitrazepam online kaufen (UK)<\/strong> \u00dcber unsere Plattform w\u00e4hlen Sie einen Partner, der sich Ihrem Wohlbefinden und Ihrer Sicherheit verschrieben hat. Wir sind mehr als nur eine Online-Apotheke; wir sind eine verl\u00e4ssliche Anlaufstelle f\u00fcr Ihre Gesundheitsbed\u00fcrfnisse und streben danach, Ihre Lebensqualit\u00e4t positiv zu beeinflussen.<\/p>","protected":false},"excerpt":{"rendered":"<p>Entspannen Sie sich und genie\u00dfen Sie den erholsamen Schlaf, den Sie verdienen! Bestellen Sie Nitrazepam online in Gro\u00dfbritannien zur kurzfristigen Linderung von Schlaflosigkeit. Erh\u00e4ltlich als praktische 5-mg- und 10-mg-Mogadon-Tabletten, hilft Ihnen dieses Medikament, schneller einzuschlafen und l\u00e4nger durchzuschlafen. Wir bieten schnellen und zuverl\u00e4ssigen Versand direkt zu Ihnen nach Hause. Bitte wenden Sie das Medikament gem\u00e4\u00df der \u00e4rztlichen Verordnung an.<\/p>","protected":false},"featured_media":10641,"template":"","meta":[],"product_brand":[],"product_cat":[404],"product_tag":[959,960,956,962,892,961,964,957,963,958],"class_list":{"0":"post-10620","1":"product","2":"type-product","3":"status-publish","4":"has-post-thumbnail","6":"product_cat-sleeping-pills","7":"product_tag-anxiety-relief-uk","8":"product_tag-benzodiazepine-uk","9":"product_tag-buy-nitrazepam-uk","10":"product_tag-buy-sleeping-pills-uk","11":"product_tag-fast-shipping","12":"product_tag-insomnia-medication-uk","13":"product_tag-nitrazepam-5mg-uk","14":"product_tag-nitrazepam-online","15":"product_tag-reliable-online-pharmacy-uk","16":"product_tag-sleep-aid-uk","18":"first","19":"instock","20":"shipping-taxable","21":"purchasable","22":"product-type-variable"},"_links":{"self":[{"href":"https:\/\/capsovia.com\/de\/wp-json\/wp\/v2\/product\/10620","targetHints":{"allow":["GET"]}}],"collection":[{"href":"https:\/\/capsovia.com\/de\/wp-json\/wp\/v2\/product"}],"about":[{"href":"https:\/\/capsovia.com\/de\/wp-json\/wp\/v2\/types\/product"}],"version-history":[{"count":0,"href":"https:\/\/capsovia.com\/de\/wp-json\/wp\/v2\/product\/10620\/revisions"}],"wp:featuredmedia":[{"embeddable":true,"href":"https:\/\/capsovia.com\/de\/wp-json\/wp\/v2\/media\/10641"}],"wp:attachment":[{"href":"https:\/\/capsovia.com\/de\/wp-json\/wp\/v2\/media?parent=10620"}],"wp:term":[{"taxonomy":"product_brand","embeddable":true,"href":"https:\/\/capsovia.com\/de\/wp-json\/wp\/v2\/product_brand?post=10620"},{"taxonomy":"product_cat","embeddable":true,"href":"https:\/\/capsovia.com\/de\/wp-json\/wp\/v2\/product_cat?post=10620"},{"taxonomy":"product_tag","embeddable":true,"href":"https:\/\/capsovia.com\/de\/wp-json\/wp\/v2\/product_tag?post=10620"}],"curies":[{"name":"wp","href":"https:\/\/api.w.org\/{rel}","templated":true}]}}