{"id":10708,"date":"2024-10-04T17:56:40","date_gmt":"2024-10-04T17:56:40","guid":{"rendered":"https:\/\/pharmaplazaonline.com\/?post_type=product&#038;p=10708"},"modified":"2026-04-17T22:31:45","modified_gmt":"2026-04-17T22:31:45","slug":"diazepam-shalina-10-mg","status":"publish","type":"product","link":"https:\/\/capsovia.com\/de\/product\/diazepam-shalina-10mg\/","title":{"rendered":"Diazepam Shalina 10mg jetzt online kaufen"},"content":{"rendered":"<h2>Diazepam Shalina 10 mg jetzt online kaufen \u2013 Ihre vertrauensw\u00fcrdige Quelle f\u00fcr Angstlinderung in Europa<\/h2>\n<p>Leiden Sie unter der erdr\u00fcckenden Last von Angstzust\u00e4nden, Muskelkr\u00e4mpfen oder Schlaflosigkeit? Wirksame und unkomplizierte Linderung ist entscheidend f\u00fcr Ihr Wohlbefinden. Wir von unserer seri\u00f6sen Online-Apotheke verstehen die Schwierigkeiten, mit denen viele Menschen bei der Beschaffung notwendiger Medikamente konfrontiert sind. Deshalb gestalten wir den Bestellvorgang einfach und diskret. <strong>Diazepam Shalina 10mg jetzt online kaufen<\/strong>, bietet eine zuverl\u00e4ssige L\u00f6sung f\u00fcr Privatpersonen in Spanien, Italien, Deutschland, den Niederlanden, Polen und der gesamten europ\u00e4ischen Region, einschlie\u00dflich Gro\u00dfbritannien.<\/p>\n<p>Wir sind ein vertrauensw\u00fcrdiger Online-H\u00e4ndler, der sich auf hochwertige pharmazeutische Produkte spezialisiert hat, darunter rezeptpflichtige und rezeptfreie Medikamente. Dank unseres Engagements f\u00fcr einfache Verf\u00fcgbarkeit k\u00f6nnen Sie Diazepam Shalina 10 mg rezeptfrei erwerben und so schnell und unkompliziert Linderung und Wohlbefinden erfahren. Wir sind stolz darauf, eine zuverl\u00e4ssige Quelle f\u00fcr Medikamente zu sein und garantieren, dass jedes unserer Produkte strengen Qualit\u00e4tsstandards entspricht. <strong>Diazepam Shalina 10mg online kaufen<\/strong> Mit uns entscheiden Sie sich f\u00fcr einen Partner, der sich Ihrer Gesundheit und Ihrem Komfort verpflichtet f\u00fchlt.<\/p>\n<h3>Diazepam Shalina 10 mg verstehen: Was es ist und wie es wirkt<\/h3>\n<p>Diazepam, insbesondere unter dem Markennamen Shalina, ist ein etabliertes Medikament aus der Gruppe der Benzodiazepine. Diese Medikamente wirken, indem sie die Wirkung des Neurotransmitters Gamma-Aminobutters\u00e4ure (GABA) im Gehirn verst\u00e4rken. GABA hat eine beruhigende Wirkung auf das zentrale Nervensystem, und durch die Steigerung seiner Aktivit\u00e4t tr\u00e4gt Diazepam dazu bei, \u00fcberm\u00e4\u00dfige Hirnaktivit\u00e4t zu reduzieren, was zu einem Gef\u00fchl der Entspannung und Ruhe f\u00fchrt.<\/p>\n<p>Shalina Healthcare ist ein renommiertes Pharmaunternehmen, das f\u00fcr die Herstellung erschwinglicher und qualitativ hochwertiger Medikamente bekannt ist. Diazepam Shalina 10 mg ist so formuliert, dass es eine gleichbleibende Wirksamkeit bietet und daher bei der Behandlung verschiedener Erkrankungen beliebt ist.<\/p>\n<h3>Hauptanwendungsgebiete und Vorteile von Diazepam Shalina 10 mg<\/h3>\n<p>Die Vielseitigkeit von Diazepam Shalina 10 mg macht es zu einem wertvollen Mittel zur Behandlung verschiedener gesundheitlicher Probleme. Wenn Sie <strong>Diazepam Shalina 10mg jetzt online kaufen<\/strong>Sie suchen eine L\u00f6sung f\u00fcr:<\/p>\n<p><em>   <strong>Angstst\u00f6rungen:<\/strong> Diazepam ist hochwirksam bei der kurzfristigen Behandlung von Angstsymptomen wie Nervosit\u00e4t, Unruhe und \u00fcberm\u00e4\u00dfiger Sorge. Es kann die mit verschiedenen Angstzust\u00e4nden verbundenen k\u00f6rperlichen und seelischen Belastungen lindern und Betroffenen helfen, wieder die Kontrolle \u00fcber ihr Leben zu erlangen.<br \/>\n<\/em>   <strong>Muskelkr\u00e4mpfe:<\/strong> Aufgrund seiner muskelentspannenden Eigenschaften eignet es sich zur Behandlung von Kr\u00e4mpfen und Steifheit, die beispielsweise durch Zerebralparese oder Verletzungen verursacht werden. Dadurch k\u00f6nnen die Beweglichkeit deutlich verbessert und Beschwerden gelindert werden.<br \/>\n<em>   <strong>Anfallskontrolle (Zusatztherapie):<\/strong> In einigen F\u00e4llen wird Diazepam als Zusatztherapie bei der Behandlung bestimmter Anfallsformen eingesetzt, dies geschieht jedoch in der Regel unter strenger \u00e4rztlicher Aufsicht.<br \/>\n<\/em>   <strong>Schlaflosigkeit:<\/strong> Zur kurzfristigen Behandlung von Schlafst\u00f6rungen kann Diazepam helfen, den Schlaf einzuleiten und Probleme beim Ein- oder Durchschlafen zu beheben.<br \/>\n<em>   <strong>Alkoholentzugssyndrom:<\/strong> Es kann zur Linderung akuter Entzugserscheinungen wie Unruhe, Zittern und Angstzust\u00e4nden eingesetzt werden.<\/p>\n<p>Der Hauptvorteil der Entscheidung f\u00fcr <strong>Diazepam Shalina 10mg online kaufen<\/strong> Die schnelle und wirksame Linderung der belastenden Symptome ist entscheidend. Es bietet einen Weg zu einer verbesserten Lebensqualit\u00e4t, indem es die Auswirkungen dieser Erkrankungen auf den Alltag verringert.<\/p>\n<h3>Dosierung und Anwendung: Wie ist Diazepam Shalina 10 mg einzunehmen?<\/h3>\n<p>Eine genaue Dosierung ist f\u00fcr die sichere und wirksame Anwendung jedes Medikaments von gr\u00f6\u00dfter Bedeutung. <strong>Diazepam Shalina 10mg online kaufen<\/strong>Daher ist es unerl\u00e4sslich, sich an die empfohlene Dosierung oder die von Ihrem Arzt verschriebene Dosierung zu halten.<\/p>\n<p><\/em>   <strong>\u00dcbliche Dosierung:<\/strong> Die \u00fcbliche Anfangsdosis f\u00fcr Erwachsene gegen Angstzust\u00e4nde betr\u00e4gt 2 bis 10 mg, 2- bis 4-mal t\u00e4glich. Die Dosis kann jedoch je nach Schweregrad der Symptome und individuellem Ansprechen angepasst werden.<br \/>\n<em>   <strong>Bei Muskelkr\u00e4mpfen:<\/strong> Die \u00fcbliche Dosierung liegt zwischen 5 mg und 10 mg und wird 3- bis 4-mal t\u00e4glich eingenommen.<br \/>\n<\/em>   <strong>Bei Schlaflosigkeit:<\/strong> \u00dcblicherweise wird vor dem Schlafengehen eine Einzeldosis von 5 mg bis 15 mg eingenommen.<br \/>\n<em>   <strong>\u00c4ltere Patienten:<\/strong> F\u00fcr \u00e4ltere Patienten werden aufgrund einer potenziell erh\u00f6hten Empfindlichkeit h\u00e4ufig niedrigere Dosen empfohlen.<br \/>\n<\/em>   <strong>Verwaltung:<\/strong> Diazepam Shalina 10 mg Tabletten sollten unzerkaut mit einem Glas Wasser geschluckt werden. Die Einnahme kann unabh\u00e4ngig von den Mahlzeiten erfolgen.<\/p>\n<p><strong>Wichtiger Hinweis:<\/strong> Es ist unerl\u00e4sslich, die Dosierungsanleitung genau zu befolgen. \u00dcberschreiten Sie nicht die empfohlene Dosis und nehmen Sie das Medikament nicht l\u00e4nger als verschrieben ein. L\u00e4ngerer Gebrauch kann zu Abh\u00e4ngigkeit f\u00fchren. Wenn Sie sich bez\u00fcglich der richtigen Dosierung f\u00fcr Ihre individuellen Bed\u00fcrfnisse unsicher sind, ist es ratsam, einen Arzt oder Apotheker zu konsultieren. <strong>Diazepam Shalina 10mg online kaufen<\/strong> Wir stellen Ihnen die Medikamente zur Verf\u00fcgung, aber eine professionelle medizinische Beratung ist weiterhin unerl\u00e4sslich.<\/p>\n<h3>M\u00f6gliche Nebenwirkungen von Diazepam Shalina 10 mg<\/h3>\n<p>Wie alle Medikamente kann auch Diazepam Shalina 10 mg Nebenwirkungen verursachen, die aber nicht bei jedem auftreten. Es ist wichtig, diese m\u00f6glichen Reaktionen zu kennen, um sie angemessen behandeln zu k\u00f6nnen. <strong>Diazepam Shalina 10mg online kaufen<\/strong>Sie sollten \u00fcber m\u00f6gliche Nebenwirkungen informiert werden:<\/p>\n<p><strong>H\u00e4ufige Nebenwirkungen:<\/strong><\/p>\n<p><em>   Schl\u00e4frigkeit und M\u00fcdigkeit<br \/>\n<\/em>   Schwindel<br \/>\n<em>   Muskelschw\u00e4che<br \/>\n<\/em>   Verschwommenes Sehen<br \/>\n<em>   Kopfschmerzen<br \/>\n<\/em>   Verwirrung<br \/>\n<em>   Mundtrockenheit<\/p>\n<p><strong>Weniger h\u00e4ufige, aber schwerwiegende Nebenwirkungen:<\/strong><\/p>\n<p><\/em>   <strong>Abh\u00e4ngigkeit und Entzug:<\/strong> Die Langzeitanwendung kann zu k\u00f6rperlicher und psychischer Abh\u00e4ngigkeit f\u00fchren. Ein abruptes Absetzen des Medikaments nach l\u00e4ngerer Anwendung kann Entzugserscheinungen wie Angstzust\u00e4nde, Schlaflosigkeit, Zittern, Muskelkr\u00e4mpfe und sogar Krampfanf\u00e4lle hervorrufen.<br \/>\n<em>   <strong>Paradoxe Reaktionen:<\/strong> In seltenen F\u00e4llen kann Diazepam, anstatt beruhigend zu wirken, zu verst\u00e4rkter Unruhe, Aggression oder Halluzinationen f\u00fchren.<br \/>\n<\/em>   <strong>Atemdepression:<\/strong> Insbesondere bei Einnahme hoher Dosen oder in Kombination mit anderen zentralnerv\u00f6s d\u00e4mpfenden Substanzen (wie Alkohol oder Opioiden) kann Diazepam die Atmung verlangsamen.<br \/>\n<em>   <strong>Ged\u00e4chtnisst\u00f6rung:<\/strong> Bei einigen Nutzern kann es zu anterograder Amnesie kommen, was bedeutet, dass es ihnen schwerf\u00e4llt, neue Erinnerungen zu bilden.<\/p>\n<p><strong>Sollten Sie schwere oder anhaltende Nebenwirkungen bemerken, suchen Sie umgehend einen Arzt auf.<\/strong> Informieren Sie Ihren Arzt oder Apotheker stets \u00fcber alle Medikamente, die Sie einnehmen, einschlie\u00dflich rezeptfreier Produkte und Nahrungserg\u00e4nzungsmittel, um m\u00f6gliche Wechselwirkungen zu vermeiden.<\/p>\n<h3>Gegenanzeigen und Vorsichtsma\u00dfnahmen f\u00fcr Diazepam Shalina 10 mg<\/h3>\n<p>Bevor Sie <strong>Diazepam Shalina 10mg online kaufen<\/strong>Bitte beachten Sie die folgenden Kontraindikationen und Vorsichtsma\u00dfnahmen, um Ihre Sicherheit zu gew\u00e4hrleisten:<\/p>\n<p><\/em>   <strong>Allergien:<\/strong> Nehmen Sie Diazepam nicht ein, wenn Sie allergisch gegen Diazepam oder andere Benzodiazepine sind.<br \/>\n<em>   <strong>Myasthenia Gravis:<\/strong> Dieses Medikament sollte nicht von Personen mit Myasthenia gravis, einer Erkrankung, die Muskelschw\u00e4che verursacht, angewendet werden.<br \/>\n<\/em>   <strong>Schwere Ateminsuffizienz:<\/strong> Bei Personen mit schweren Atemproblemen ist Vorsicht geboten.<br \/>\n<em>   <strong>Schwere Leber- oder Nierenfunktionsst\u00f6rung:<\/strong> Bei Patienten mit eingeschr\u00e4nkter Leber- oder Nierenfunktion ist Vorsicht geboten.<br \/>\n<\/em>   <strong>Schlafapnoe:<\/strong> Diazepam kann Schlafapnoe verschlimmern.<br \/>\n<em>   <strong>Alkohol und andere Beruhigungsmittel:<\/strong> Vermeiden Sie Alkohol und andere zentralnerv\u00f6se D\u00e4mpfungsmittel w\u00e4hrend der Einnahme von Diazepam, da dies das Risiko gef\u00e4hrlicher Nebenwirkungen, einschlie\u00dflich Atemdepression und starker Sedierung, erheblich erh\u00f6hen kann.<br \/>\n<\/em>   <strong>Schwangerschaft und Stillen:<\/strong> Diazepam wird w\u00e4hrend der Schwangerschaft und Stillzeit aufgrund m\u00f6glicher Risiken f\u00fcr das ungeborene Kind generell nicht empfohlen. Sprechen Sie mit Ihrem Arzt, wenn Sie schwanger sind, eine Schwangerschaft planen oder stillen.<br \/>\n<em>   <strong>F\u00fchren und Bedienen von Maschinen:<\/strong> Diazepam kann aufgrund seiner sedierenden Wirkung Ihre F\u00e4higkeit zum Autofahren oder zum Bedienen schwerer Maschinen beeintr\u00e4chtigen. Vermeiden Sie diese T\u00e4tigkeiten, bis Sie wissen, wie das Medikament auf Sie wirkt.<\/p>\n<h3>Warum sollten Sie Diazepam Shalina 10mg bei uns online kaufen?<\/h3>\n<p>Wenn Sie sich dazu entscheiden <strong>Diazepam Shalina 10mg online kaufen<\/strong>Sie suchen einen vertrauensw\u00fcrdigen Partner? Unsere Online-Apotheke bietet Ihnen mehrere entscheidende Vorteile:<\/p>\n<p><\/em>   <strong>Seri\u00f6s und zuverl\u00e4ssig:<\/strong> Wir sind eine seri\u00f6se Online-Apotheke in Spanien und legen Wert auf die Bereitstellung von Originalmedikamenten in hoher Qualit\u00e4t. Unser Ziel ist es, ein vertrauensw\u00fcrdiger und zuverl\u00e4ssiger Partner f\u00fcr Ihren pharmazeutischen Bedarf in ganz Europa zu werden.<br \/>\n<em>   <strong>Kein Rezept erforderlich:<\/strong> Wir verstehen, dass die Beschaffung eines Rezepts manchmal eine H\u00fcrde darstellen kann. Deshalb bieten wir Ihnen die M\u00f6glichkeit, Diazepam Shalina 10 mg rezeptfrei zu erwerben und so die Linderung Ihrer Beschwerden zu erleichtern.<br \/>\n<\/em>   <strong>Diskreter Versand in ganz Europa:<\/strong> Ihre Privatsph\u00e4re ist uns sehr wichtig. Wir bieten diskreten Versand nach Spanien, Italien, Deutschland, in die Niederlande, nach Polen und Gro\u00dfbritannien an. Ihre Bestellung wird sicher und ohne jeglichen Hinweis auf ihren Inhalt geliefert \u2013 f\u00fcr Ihre absolute Sicherheit.<br \/>\n<em>   <strong>Wettbewerbsf\u00e4hige Preise:<\/strong> Wir sind bestrebt, wettbewerbsf\u00e4hige Preise f\u00fcr Diazepam Shalina 10mg und andere Medikamente anzubieten, um essentielle Behandlungen f\u00fcr unsere europ\u00e4ischen Kunden erschwinglicher zu machen.<br \/>\n<\/em>   <strong>Benutzerfreundliche Plattform:<\/strong> Unsere Website ist benutzerfreundlich gestaltet, sodass Sie Ihre Medikamente schnell und effizient finden, bestellen und erhalten k\u00f6nnen.<br \/>\n*   <strong>Qualit\u00e4tssicherung:<\/strong> Wir beziehen unsere Medikamente von vertrauensw\u00fcrdigen Herstellern, um sicherzustellen, dass jedes Produkt h\u00f6chsten Qualit\u00e4ts- und Sicherheitsstandards entspricht.<\/p>\n<h3>H\u00e4ufig gestellte Fragen zum Online-Kauf von Diazepam<\/h3>\n<p><strong>Kann ich Diazepam Shalina 10mg hier wirklich ohne Rezept kaufen?<\/strong><br \/>\nJa, als seri\u00f6se Online-Apotheke bieten wir Ihnen die M\u00f6glichkeit, Diazepam Shalina 10 mg rezeptfrei zu erwerben. Wir empfehlen Ihnen jedoch stets, sich f\u00fcr eine individuelle medizinische Beratung an einen Arzt oder Apotheker zu wenden.<\/p>\n<p><strong>Handelt es sich hierbei um echtes Diazepam Shalina 10mg?<\/strong><br \/>\nAbsolut. Wir sind ein vertrauensw\u00fcrdiger Online-H\u00e4ndler, der sich dem Vertrieb von Original-Arzneimitteln verschrieben hat. Ihre Gesundheit und Sicherheit stehen f\u00fcr uns an erster Stelle, und wir garantieren die Qualit\u00e4t und Wirksamkeit jedes einzelnen Medikaments, das wir liefern.<\/p>\n<p><strong>Wie diskret erfolgt Ihr Versand?<\/strong><br \/>\nUnser Versand erfolgt absolut diskret. Alle Bestellungen werden sicher und anonym verpackt. Die \u00e4u\u00dfere Verpackung gibt den Inhalt Ihrer Bestellung nicht preis, sodass Ihre Privatsph\u00e4re w\u00e4hrend des gesamten Lieferprozesses gewahrt bleibt. Wir versenden diskret nach Spanien, Italien, Deutschland, in die Niederlande, nach Polen, in die \u00fcbrigen europ\u00e4ischen L\u00e4nder und nach Gro\u00dfbritannien.<\/p>\n<p><strong>Wie lange dauert der Versand?<\/strong><br \/>\nDie Lieferzeiten k\u00f6nnen je nach Ihrem Standort innerhalb Europas variieren. Sobald Sie Ihre Bestellung von Diazepam Shalina 10 mg online aufgeben, erhalten Sie im Bestellprozess einen voraussichtlichen Liefertermin. Wir bem\u00fchen uns um eine schnelle und zuverl\u00e4ssige Lieferung.<\/p>\n<p><strong>Was passiert, wenn ich eine schwere Reaktion auf Diazepam habe?<\/strong><br \/>\nSollten Sie unerw\u00fcnschte oder schwerwiegende Nebenwirkungen bemerken, brechen Sie die Anwendung sofort ab und suchen Sie einen Arzt auf. Es ist stets ratsam, jegliche Bedenken mit einem Arzt oder Apotheker zu besprechen.<\/p>\n<h3>Beginne noch heute deine Reise zur Ruhe.<\/h3>\n<p>Angstzust\u00e4nde, Muskelverspannungen und Schlafst\u00f6rungen k\u00f6nnen Ihre Lebensqualit\u00e4t erheblich beeintr\u00e4chtigen. Lassen Sie sich von diesen Belastungen nicht Ihr Wohlbefinden diktieren. Indem Sie sich entscheiden, <strong>Diazepam Shalina 10mg jetzt online kaufen<\/strong> Mit Ihrer Bestellung bei unserer vertrauensw\u00fcrdigen Online-Apotheke unternehmen Sie einen aktiven Schritt zu wirksamer Linderung. Wir bieten Ihnen eine sichere, bequeme und diskrete M\u00f6glichkeit, dieses wichtige Medikament europaweit zu beziehen. Dank unserer Zuverl\u00e4ssigkeit k\u00f6nnen Sie bedenkenlos einkaufen. Erleben Sie den Unterschied, den ein leicht zug\u00e4ngliches und hochwertiges Medikament ausmachen kann. Bestellen Sie noch heute und beginnen Sie Ihren Weg zu einem ruhigeren und angenehmeren Leben.<\/p>","protected":false},"excerpt":{"rendered":"<p>Sie suchen Linderung bei Angstzust\u00e4nden oder Muskelkr\u00e4mpfen? Diazepam Shalina 10 mg kann helfen. Dieses bew\u00e4hrte Medikament aus der Gruppe der Benzodiazepine bietet vor\u00fcbergehende Linderung bei leichten bis mittelschweren Angstzust\u00e4nden und kann bei der Behandlung von Alkoholentzugssymptomen helfen. Bestellen Sie es jetzt und f\u00fchlen Sie sich bald besser.<\/p>","protected":false},"featured_media":10726,"template":"","meta":[],"product_brand":[],"product_cat":[439],"product_tag":[935,938,933,940,934,893,937,936,939,861],"class_list":{"0":"post-10708","1":"product","2":"type-product","3":"status-publish","4":"has-post-thumbnail","6":"product_cat-anxiety-pills","7":"product_tag-anxiety-relief-europe","8":"product_tag-buy-benzodiazepines-online","9":"product_tag-buy-diazepam-online","10":"product_tag-diazepam-online-pharmacy","11":"product_tag-diazepam-shalina-10mg","12":"product_tag-european-shipping","13":"product_tag-insomnia-medication","14":"product_tag-muscle-spasms-treatment","15":"product_tag-no-prescription-diazepam","16":"product_tag-trusted-online-seller","18":"first","19":"instock","20":"shipping-taxable","21":"purchasable","22":"product-type-variable"},"_links":{"self":[{"href":"https:\/\/capsovia.com\/de\/wp-json\/wp\/v2\/product\/10708","targetHints":{"allow":["GET"]}}],"collection":[{"href":"https:\/\/capsovia.com\/de\/wp-json\/wp\/v2\/product"}],"about":[{"href":"https:\/\/capsovia.com\/de\/wp-json\/wp\/v2\/types\/product"}],"version-history":[{"count":0,"href":"https:\/\/capsovia.com\/de\/wp-json\/wp\/v2\/product\/10708\/revisions"}],"wp:featuredmedia":[{"embeddable":true,"href":"https:\/\/capsovia.com\/de\/wp-json\/wp\/v2\/media\/10726"}],"wp:attachment":[{"href":"https:\/\/capsovia.com\/de\/wp-json\/wp\/v2\/media?parent=10708"}],"wp:term":[{"taxonomy":"product_brand","embeddable":true,"href":"https:\/\/capsovia.com\/de\/wp-json\/wp\/v2\/product_brand?post=10708"},{"taxonomy":"product_cat","embeddable":true,"href":"https:\/\/capsovia.com\/de\/wp-json\/wp\/v2\/product_cat?post=10708"},{"taxonomy":"product_tag","embeddable":true,"href":"https:\/\/capsovia.com\/de\/wp-json\/wp\/v2\/product_tag?post=10708"}],"curies":[{"name":"wp","href":"https:\/\/api.w.org\/{rel}","templated":true}]}}