{"id":10735,"date":"2024-10-04T17:56:45","date_gmt":"2024-10-04T17:56:45","guid":{"rendered":"https:\/\/pharmaplazaonline.com\/?post_type=product&#038;p=10735"},"modified":"2026-04-17T22:29:58","modified_gmt":"2026-04-17T22:29:58","slug":"buy-cytotec-uk","status":"publish","type":"product","link":"https:\/\/capsovia.com\/de\/product\/buy-cytotec-uk\/","title":{"rendered":"Cytotec online kaufen \u2013 Schnelle Lieferung"},"content":{"rendered":"<p><strong>Cytotec online kaufen \u2013 Schnelle Lieferung: Ihre vertrauensw\u00fcrdige Quelle f\u00fcr sichere und wirksame Medikamente<\/strong><\/p>\n<p>Willkommen in unserer renommierten Online-Apotheke, Ihrer ersten Adresse f\u00fcr <strong>Cytotec online kaufen \u2013 schnelle Lieferung<\/strong>Wir wissen, wie wichtig der schnelle und diskrete Zugang zu lebenswichtigen Medikamenten ist. Als f\u00fchrender Online-Anbieter von verschreibungspflichtigen und rezeptfreien Medikamenten in ganz Europa bieten wir Ihnen eine zuverl\u00e4ssige, sichere und bequeme M\u00f6glichkeit, die ben\u00f6tigten Behandlungen zu erhalten. Unsere Dienstleistungen erstrecken sich \u00fcber Spanien, Italien, Deutschland, die Niederlande, Polen und Gro\u00dfbritannien, sodass Sie Ihre Medikamente effizient und ohne unn\u00f6tige Wartezeiten erhalten.<\/p>\n<p>\u2014<\/p>\n<p><strong>Cytotec verstehen: Was Sie wissen m\u00fcssen<\/strong><\/p>\n<p>Cytotec, mit dem Wirkstoff Misoprostol, ist ein Medikament, das haupts\u00e4chlich zur Vorbeugung von Magengeschw\u00fcren eingesetzt wird, die durch nichtsteroidale Antirheumatika (NSAR) verursacht werden. Es hat jedoch auch andere wichtige medizinische Anwendungsgebiete, insbesondere in der Frauengesundheit. Es ist unbedingt erforderlich, Cytotec genau nach Anweisung eines Arztes oder gem\u00e4\u00df der Ihrer Bestellung beiliegenden Gebrauchsanweisung einzunehmen.<\/p>\n<p><strong>Wichtigste Produktspezifikationen:<\/strong><\/p>\n<p><em>   <strong>Wirkstoff:<\/strong> Misoprostol<br \/>\n<\/em>   <strong>Verf\u00fcgbare St\u00e4rken:<\/strong> \u00dcblicherweise erh\u00e4ltlich in 200-\u00b5g-Tabletten.<br \/>\n<em>   <strong>Formulierung:<\/strong> Tabletten zum Einnehmen.<br \/>\n<\/em>   <strong>Hauptverwendungszweck:<\/strong> Pr\u00e4vention von durch NSAIDs verursachten Magengeschw\u00fcren.<br \/>\n<em>   <strong>Weitere Verwendungsm\u00f6glichkeiten:<\/strong> Cytotec kann auch bei bestimmten geburtshilflichen und gyn\u00e4kologischen Eingriffen unter strenger \u00e4rztlicher Aufsicht eingesetzt werden.<\/p>\n<p>\u2014<\/p>\n<p><strong>Warum sollten Sie Cytotec online in unserer Apotheke kaufen?<\/strong><\/p>\n<p>Wenn du <strong>Cytotec online kaufen \u2013 schnelle Lieferung<\/strong> Mit uns entscheiden Sie sich f\u00fcr einen Partner, der sich Ihrem Wohlbefinden und Ihrer Bequemlichkeit verschrieben hat. Wir sind stolz darauf, ein vertrauensw\u00fcrdiger Online-H\u00e4ndler zu sein und bieten Ihnen Folgendes:<\/p>\n<p><\/em>   <strong>Authentische Medikamente:<\/strong> Wir beziehen unsere Produkte von renommierten Herstellern, um sicherzustellen, dass Sie echtes und qualitativ hochwertiges Cytotec erhalten.<br \/>\n<em>   <strong>Diskrete Verpackung und Versand:<\/strong> Ihre Privatsph\u00e4re hat f\u00fcr uns h\u00f6chste Priorit\u00e4t. Alle Bestellungen werden diskret verpackt und ohne jeglichen \u00e4u\u00dferen Hinweis auf den Inhalt versandt, um Ihre Vertraulichkeit zu gew\u00e4hrleisten.<br \/>\n<\/em>   <strong>Schnelle und zuverl\u00e4ssige Lieferung:<\/strong> Wir wissen, wie wichtig der rechtzeitige Zugang zu Medikamenten ist. Unser effizientes Logistiknetzwerk stellt sicher, dass Sie, wenn Sie <strong>Cytotec online kaufen \u2013 schnelle Lieferung<\/strong> ist eine Priorit\u00e4t, mit p\u00fcnktlicher Lieferung in unseren europ\u00e4ischen Zielm\u00e4rkten.<br \/>\n<em>   <strong>Sichere Online-Transaktionen:<\/strong> Unsere Website nutzt fortschrittliche Sicherheitsma\u00dfnahmen, um Ihre pers\u00f6nlichen Daten und Zahlungsinformationen zu sch\u00fctzen.<br \/>\n<\/em>   <strong>Barrierefreier Kundensupport:<\/strong> Unser kompetentes Kundendienstteam steht Ihnen zur Verf\u00fcgung, um Ihre Fragen zu beantworten und Sie w\u00e4hrend des gesamten Bestellvorgangs zu unterst\u00fctzen.<\/p>\n<p>\u2014<\/p>\n<p><strong>Die Vorteile des Kaufs von Cytotec zur Vorbeugung von Magengeschw\u00fcren<\/strong><\/p>\n<p>F\u00fcr Personen, die aufgrund der regelm\u00e4\u00dfigen Einnahme von NSAIDs ein Risiko f\u00fcr die Entwicklung von Magengeschw\u00fcren aufweisen, bietet Cytotec erhebliche Vorteile:<\/p>\n<p><em>   <strong>Wirksame Magengeschw\u00fcrpr\u00e4vention:<\/strong> Durch die Erh\u00f6hung der sch\u00fctzenden Schleimschicht in der Magenschleimhaut und die Verringerung der Magens\u00e4ureproduktion senkt Cytotec das Risiko, schmerzhafte und potenziell schwerwiegende Magengeschw\u00fcre zu entwickeln, erheblich.<br \/>\n<\/em>   <strong>Schmerzlinderung und Reduzierung von Beschwerden:<\/strong> Magengeschw\u00fcre lassen sich vermeiden, indem man die damit verbundenen Schmerzen, Beschwerden und Verdauungsprobleme vermeidet.<br \/>\n<em>   <strong>Fortsetzung der NSAID-Anwendung:<\/strong> F\u00fcr viele Patienten sind NSAR zur Behandlung chronischer Schmerzen oder entz\u00fcndlicher Erkrankungen unerl\u00e4sslich. Cytotec erm\u00f6glicht es ihnen, diese wichtigen Therapien mit einem reduzierten Risiko gastrointestinaler Komplikationen fortzusetzen.<br \/>\n<\/em>   <strong>Verbesserte Lebensqualit\u00e4t:<\/strong> Die Freiheit von durch Magengeschw\u00fcre verursachten Schmerzen und Verdauungsbeschwerden kann zu einer deutlichen Verbesserung des allgemeinen Wohlbefindens und der Leistungsf\u00e4higkeit im Alltag f\u00fchren.<\/p>\n<p>\u2014<\/p>\n<p><strong>Dosierung und Anwendung: Wie ist Cytotec einzunehmen?<\/strong><\/p>\n<p>Die \u00fcbliche Dosierung und Anwendung von Cytotec h\u00e4ngen vom jeweiligen medizinischen Grund f\u00fcr die Anwendung ab. Zur Vorbeugung von durch NSAR verursachten Magengeschw\u00fcren sieht das g\u00e4ngige Behandlungsschema jedoch Folgendes vor:<\/p>\n<p><em>   <strong>Allgemeine Dosierung:<\/strong> Viermal t\u00e4glich eine Tablette \u00e0 200 \u00b5g oral einnehmen, jeweils zu den Mahlzeiten und vor dem Schlafengehen.<br \/>\n<\/em>   <strong>Verwaltung:<\/strong> Schlucken Sie die Tablette unzerkaut mit Wasser. Sie kann mit oder ohne Nahrung eingenommen werden, die Einnahme zu den Mahlzeiten kann jedoch m\u00f6gliche Nebenwirkungen wie Durchfall verringern.<br \/>\n<em>   <strong>Timing:<\/strong> Regelm\u00e4\u00dfige Einnahme ist wichtig. Achten Sie darauf, Ihre Dosen \u00fcber den Tag verteilt in regelm\u00e4\u00dfigen Abst\u00e4nden einzunehmen.<br \/>\n<\/em>   <strong>Wichtiger Hinweis:<\/strong> Halten Sie sich stets an die Dosierungsanweisungen Ihres Arztes oder an die Angaben in der Produktinformation. \u00dcberschreiten Sie nicht die empfohlene Dosis.<\/p>\n<p>\u2014<\/p>\n<p><strong>M\u00f6gliche Nebenwirkungen von Cytotec<\/strong><\/p>\n<p>Cytotec ist im Allgemeinen gut vertr\u00e4glich, kann aber wie alle Medikamente Nebenwirkungen verursachen. Die h\u00e4ufigsten Nebenwirkungen sind in der Regel mild und vor\u00fcbergehend.<\/p>\n<p><strong>H\u00e4ufige Nebenwirkungen:<\/strong><\/p>\n<p><em>   <strong>Durchfall:<\/strong> Dies ist die am h\u00e4ufigsten berichtete Nebenwirkung und klingt oft innerhalb einer Woche von selbst ab. Die Einnahme von Cytotec zu den Mahlzeiten und eine ausreichende Fl\u00fcssigkeitszufuhr k\u00f6nnen helfen, diese Nebenwirkung zu lindern.<br \/>\n<\/em>   <strong>Bauchschmerzen:<\/strong> Es k\u00f6nnen leichte Kr\u00e4mpfe oder Unbehagen auftreten.<br \/>\n<em>   <strong>Brechreiz:<\/strong> Manche Personen versp\u00fcren dabei \u00dcbelkeit.<br \/>\n<\/em>   <strong>Kopfschmerzen:<\/strong> Eine h\u00e4ufige, in der Regel milde Nebenwirkung.<br \/>\n<em>   <strong>Schwindel:<\/strong> Bei einigen Nutzern kann es zu Schwindelgef\u00fchlen kommen.<\/p>\n<p><strong>Weniger h\u00e4ufige Nebenwirkungen:<\/strong><\/p>\n<p><\/em>   <strong>Erbrechen<\/strong><br \/>\n<em>   <strong>Verdauungsst\u00f6rungen<\/strong><br \/>\n<\/em>   <strong>Ausschlag<\/strong><br \/>\n<em>   <strong>Bl\u00e4hungen<\/strong><\/p>\n<p><strong>Schwerwiegende Nebenwirkungen (selten):<\/strong><\/p>\n<p>Es ist wichtig, sofort einen Arzt aufzusuchen, wenn Sie eine der folgenden schweren Nebenwirkungen versp\u00fcren:<\/p>\n<p><\/em>   Starke Bauchschmerzen, Kr\u00e4mpfe oder Bl\u00e4hungen.<br \/>\n<em>   Unerkl\u00e4rlicher Gewichtsverlust.<br \/>\n<\/em>   Anzeichen einer schweren allergischen Reaktion (z. B. Atembeschwerden, Schwellungen im Gesicht, an den Lippen, der Zunge oder im Rachen).<br \/>\n<em>   Schwarzer, teerartiger Stuhl oder Blut im Stuhl k\u00f6nnen auf eine erhebliche Blutung hinweisen.<\/p>\n<p><strong>Wichtige Hinweise zu Cytotec:<\/strong><\/p>\n<p><\/em>   <strong>Schwangerschaft:<\/strong> Cytotec darf in der Schwangerschaft nicht angewendet werden, da es zu Fehlgeburten, starken Blutungen und Uterusrupturen f\u00fchren kann. F\u00fcr Frauen im geb\u00e4rf\u00e4higen Alter ist eine zuverl\u00e4ssige Verh\u00fctungsmethode unerl\u00e4sslich.<br \/>\n<em>   <strong>Interaktionen:<\/strong> Informieren Sie Ihren Arzt oder Apotheker \u00fcber alle Medikamente, die Sie derzeit einnehmen, einschlie\u00dflich rezeptfreier Arzneimittel und pflanzlicher Pr\u00e4parate, um m\u00f6gliche Wechselwirkungen zu vermeiden.<br \/>\n<\/em>   <strong>Alkohol:<\/strong> \u00dcberm\u00e4\u00dfiger Alkoholkonsum kann das Risiko von Magenproblemen erh\u00f6hen, daher ist es ratsam, den Alkoholkonsum w\u00e4hrend der Einnahme von Cytotec einzuschr\u00e4nken.<\/p>\n<p>\u2014<\/p>\n<p><strong>Cytotec bei unserer zuverl\u00e4ssigen Online-Apotheke bestellen<\/strong><\/p>\n<p>Unsere Plattform macht es einfach <strong>Cytotec online kaufen \u2013 schnelle Lieferung<\/strong> Europaweit. Unsere benutzerfreundliche Website f\u00fchrt Sie durch einen einfachen und sicheren Bestellprozess.<\/p>\n<p><strong>So bestellen Sie:<\/strong><\/p>\n<p>1.  <strong>Durchsuchen und Ausw\u00e4hlen:<\/strong> Navigieren Sie zur Cytotec-Produktseite und w\u00e4hlen Sie die gew\u00fcnschte Menge aus.<br \/>\n2.  <strong>Sicherer Checkout:<\/strong> Gehen Sie nun zu unserem sicheren Checkout, wo Sie aufgefordert werden, Ihre Versand- und Zahlungsinformationen einzugeben.<br \/>\n3.  <strong>Auftragsbest\u00e4tigung:<\/strong> Sobald Ihre Bestellung aufgegeben wurde, erhalten Sie eine E-Mail-Best\u00e4tigung.<br \/>\n4.  <strong>Diskreter Versand:<\/strong> Ihre Bestellung wird sorgf\u00e4ltig verpackt und \u00fcber unsere zuverl\u00e4ssigen Versandpartner versandt.<br \/>\n5.  <strong>Verfolgen Sie Ihre Bestellung:<\/strong> Sie erhalten Sendungsverfolgungsinformationen, um den Fortschritt Ihrer Lieferung zu \u00fcberwachen.<\/p>\n<p>W\u00e4hlen Sie uns f\u00fcr eine diskrete, zuverl\u00e4ssige und effiziente L\u00f6sung. <strong>Cytotec online kaufen \u2013 schnelle Lieferung<\/strong>Wir sind bestrebt, Ihre Gesundheitsbed\u00fcrfnisse professionell und sorgf\u00e4ltig zu erf\u00fcllen.<\/p>\n<p>\u2014<\/p>\n<p><strong>H\u00e4ufig gestellte Fragen zum Online-Kauf von Cytotec<\/strong><\/p>\n<p><strong>Frage 1: Ist es sicher, Cytotec ohne Rezept online zu kaufen?<\/strong><\/p>\n<p>A: Unsere Online-Apotheke arbeitet im Rahmen der gesetzlichen Bestimmungen und bietet Zugang zu bestimmten Medikamenten, die unter bestimmten Umst\u00e4nden rezeptfrei erh\u00e4ltlich sind. Wir empfehlen Ihnen jedoch stets, sich mit einem Arzt oder Apotheker zu beraten, um sicherzustellen, dass Cytotec f\u00fcr Ihre individuellen Bed\u00fcrfnisse geeignet ist und um m\u00f6gliche Risiken oder Nebenwirkungen zu besprechen. Wir sind eine seri\u00f6se Quelle f\u00fcr Originalmedikamente.<\/p>\n<p><strong>F2: Wie schnell erfolgt die Lieferung, wenn ich Cytotec online per Expressversand bestelle?<\/strong><\/p>\n<p>A: Wir legen Wert auf eine schnelle Auftragsbearbeitung und -lieferung. Die Lieferzeiten variieren je nach Ihrem Standort innerhalb Europas, aber wir bem\u00fchen uns, Ihnen den schnellstm\u00f6glichen Service zu bieten. Sobald Ihre Bestellung best\u00e4tigt ist, erhalten Sie einen voraussichtlichen Lieferzeitraum und die Sendungsverfolgungsdaten.<\/p>\n<p><strong>Frage 3: Wird meine Cytotec-Bestellung diskret versendet?<\/strong><\/p>\n<p>A: Selbstverst\u00e4ndlich. Diskretion ist ein Grundpfeiler unseres Services. Alle Bestellungen werden in neutralen, unbeschrifteten Umschl\u00e4gen oder Kartons verpackt, um Ihre Privatsph\u00e4re zu sch\u00fctzen. Auf der Au\u00dfenverpackung sind keinerlei Informationen \u00fcber den Inhalt erkennbar.<\/p>\n<p><strong>Frage 4: Welche Zahlungsmethoden akzeptieren Sie?<\/strong><\/p>\n<p>A: Wir akzeptieren verschiedene sichere Zahlungsmethoden. Die aktuellste Liste der akzeptierten Kreditkarten und Zahlungsanbieter finden Sie auf unserer Zahlungsseite w\u00e4hrend des Bestellvorgangs.<\/p>\n<p><strong>Frage 5: Was soll ich tun, wenn nach der Einnahme von Cytotec Nebenwirkungen auftreten?<\/strong><\/p>\n<p>A: Sollten Nebenwirkungen auftreten, insbesondere schwere oder anhaltende, beenden Sie bitte die Anwendung und konsultieren Sie umgehend einen Arzt. Leichte Nebenwirkungen klingen oft von selbst ab. Sie k\u00f6nnen sich auch an unseren Kundenservice wenden.<\/p>\n<p>\u2014<\/p>\n<p>Wir m\u00f6chten Ihr vertrauensw\u00fcrdiger Online-H\u00e4ndler sein und Ihnen ein reibungsloses und vertrauliches Einkaufserlebnis bieten. Wenn Sie <strong>Cytotec online kaufen \u2013 schnelle Lieferung<\/strong> Das ist nicht nur ein Versprechen, sondern unser Versprechen f\u00fcr Ihre Gesundheit und Ihren Komfort. Sicher, zuverl\u00e4ssig und effizient \u2013 \u200b\u200bdas ist unsere Garantie.<\/p>","protected":false},"excerpt":{"rendered":"<p>Sie m\u00f6chten Cytotec online mit schneller Lieferung bestellen? Cytotec, das Misoprostol enth\u00e4lt, ist ein bew\u00e4hrtes Medikament, das Ihre Magenschleimhaut vor Sch\u00e4den durch NSAR sch\u00fctzt und so Magengeschw\u00fcren vorbeugt. Es wirkt schnell und bietet innerhalb von 30 Minuten Schutz. Bei uns erhalten Sie Ihr Cytotec-Rezept bequem und schnell.<\/p>","protected":false},"featured_media":10763,"template":"","meta":[],"product_brand":[],"product_cat":[446],"product_tag":[902,903,832,867,908,904,906,909,905,907],"class_list":{"0":"post-10735","1":"product","2":"type-product","3":"status-publish","4":"has-post-thumbnail","6":"product_cat-nsaid","7":"product_tag-buy-cytotec","8":"product_tag-cytotec-online","9":"product_tag-discreet-shipping","10":"product_tag-european-pharmacy","11":"product_tag-fast-delivery","12":"product_tag-misoprostol","13":"product_tag-nsaid-induced-ulcers","14":"product_tag-secure-online-pharmacy","15":"product_tag-stomach-ulcers","16":"product_tag-ulcer-prevention","18":"first","19":"instock","20":"sale","21":"shipping-taxable","22":"purchasable","23":"product-type-variable"},"_links":{"self":[{"href":"https:\/\/capsovia.com\/de\/wp-json\/wp\/v2\/product\/10735","targetHints":{"allow":["GET"]}}],"collection":[{"href":"https:\/\/capsovia.com\/de\/wp-json\/wp\/v2\/product"}],"about":[{"href":"https:\/\/capsovia.com\/de\/wp-json\/wp\/v2\/types\/product"}],"version-history":[{"count":0,"href":"https:\/\/capsovia.com\/de\/wp-json\/wp\/v2\/product\/10735\/revisions"}],"wp:featuredmedia":[{"embeddable":true,"href":"https:\/\/capsovia.com\/de\/wp-json\/wp\/v2\/media\/10763"}],"wp:attachment":[{"href":"https:\/\/capsovia.com\/de\/wp-json\/wp\/v2\/media?parent=10735"}],"wp:term":[{"taxonomy":"product_brand","embeddable":true,"href":"https:\/\/capsovia.com\/de\/wp-json\/wp\/v2\/product_brand?post=10735"},{"taxonomy":"product_cat","embeddable":true,"href":"https:\/\/capsovia.com\/de\/wp-json\/wp\/v2\/product_cat?post=10735"},{"taxonomy":"product_tag","embeddable":true,"href":"https:\/\/capsovia.com\/de\/wp-json\/wp\/v2\/product_tag?post=10735"}],"curies":[{"name":"wp","href":"https:\/\/api.w.org\/{rel}","templated":true}]}}