{"id":10748,"date":"2024-10-04T17:56:46","date_gmt":"2024-10-04T17:56:46","guid":{"rendered":"https:\/\/pharmaplazaonline.com\/?post_type=product&#038;p=10748"},"modified":"2026-04-17T22:29:18","modified_gmt":"2026-04-17T22:29:18","slug":"buy-oxycontin-20mg","status":"publish","type":"product","link":"https:\/\/capsovia.com\/de\/product\/buy-oxycontin-20mg\/","title":{"rendered":"Oxycontin 20 mg online kaufen \u2013 Schneller Versand"},"content":{"rendered":"<p><strong>Oxycontin 20 mg online kaufen: Ihre vertrauensw\u00fcrdige Quelle f\u00fcr effektive Schmerzlinderung in ganz Europa<\/strong><\/p>\n<p>Suchen Sie nach einer zuverl\u00e4ssigen und diskreten M\u00f6glichkeit, Oxycontin 20 mg zu kaufen? Dann sind Sie bei uns genau richtig. Als seri\u00f6se Online-Apotheke mit Sitz in Spanien und ganz Europa bieten wir Ihnen eine sichere Plattform f\u00fcr den Online-Kauf von Oxycontin 20 mg mit schnellem und diskretem Versand nach Spanien, Italien, Deutschland, Polen, in die Niederlande und nach Gro\u00dfbritannien. Wir wissen, wie wichtig ein zeitnaher Zugang zu wirksamen Schmerzmitteln ist, und es ist unser Ziel, Ihnen Ihre Medikamente schnell und diskret zuzustellen.<\/p>\n<p><strong>Oxycontin 20 mg verstehen: Ein \u00dcberblick<\/strong><\/p>\n<p>Oxycontin, das den Wirkstoff Oxycodonhydrochlorid enth\u00e4lt, ist ein starkes Opioid-Analgetikum zur Behandlung von mittelstarken bis starken chronischen Schmerzen. Es wirkt, indem es die Schmerzverarbeitung im Gehirn und Nervensystem ver\u00e4ndert. Die 20-mg-Dosis ist sorgf\u00e4ltig abgestimmt, um eine anhaltende Schmerzlinderung \u00fcber einen l\u00e4ngeren Zeitraum zu gew\u00e4hrleisten. Dadurch ist Oxycontin ein wichtiges Medikament f\u00fcr Menschen mit chronischen und stark beeintr\u00e4chtigenden Schmerzen.<\/p>\n<p><strong>Hauptmerkmale und Spezifikationen von Oxycontin 20 mg:<\/strong><\/p>\n<p><em>   <strong>Wirkstoff:<\/strong> Oxycodonhydrochlorid<br \/>\n<\/em>   <strong>St\u00e4rke:<\/strong> 20 mg pro Tablette<br \/>\n<em>   <strong>Formulierung:<\/strong> Retardtabletten, entwickelt f\u00fcr eine anhaltende Schmerzbehandlung<br \/>\n<\/em>   <strong>Wirkungsmechanismus:<\/strong> Bindet an Opioidrezeptoren im zentralen Nervensystem und reduziert so die Schmerzwahrnehmung.<br \/>\n<em>   <strong>Zugelassene Verwendungszwecke:<\/strong> Behandlung von m\u00e4\u00dfigen bis schweren chronischen Schmerzen, wenn eine kontinuierliche Opioid-Schmerzmedikation erforderlich ist.<\/p>\n<p><strong>Warum sollten Sie Oxycontin 20mg bei uns online kaufen?<\/strong><\/p>\n<p>Wir sind mehr als nur eine Online-Apotheke; wir sind Ihr vertrauensw\u00fcrdiger Partner in der Schmerztherapie. Unser Engagement f\u00fcr Kundenzufriedenheit, Sicherheit und Diskretion zeichnet uns aus. Wenn Sie Oxycontin 20 mg bei uns online kaufen, profitieren Sie von folgenden Vorteilen:<\/p>\n<p><\/em>   <strong>Seri\u00f6se Quelle:<\/strong> Wir sind ein etablierter und vertrauensw\u00fcrdiger Online-H\u00e4ndler von Medikamenten und halten uns an strenge Qualit\u00e4tskontrollma\u00dfnahmen.<br \/>\n<em>   <strong>Diskreter Versand:<\/strong> Ihre Privatsph\u00e4re hat f\u00fcr uns h\u00f6chste Priorit\u00e4t. Alle Bestellungen werden diskret verpackt und versendet, ohne dass der Inhalt von au\u00dfen erkennbar ist.<br \/>\n<\/em>   <strong>Schnelle Lieferung in ganz Europa:<\/strong> Wir bieten effiziente und schnelle Versandservices nach Spanien, Italien, Deutschland, Polen, in die Niederlande und nach Gro\u00dfbritannien an, damit Sie Ihr Oxycontin 20 mg ohne unn\u00f6tige Verz\u00f6gerung erhalten.<br \/>\n<em>   <strong>Sichere Online-Transaktionen:<\/strong> Unsere Website verwendet robuste Sicherheitsprotokolle, um Ihre pers\u00f6nlichen und finanziellen Daten w\u00e4hrend des Kaufvorgangs zu sch\u00fctzen.<br \/>\n<\/em>   <strong>Qualit\u00e4tssicherung:<\/strong> Wir beziehen unsere Medikamente von renommierten Herstellern und garantieren so die Echtheit und Wirksamkeit jedes einzelnen Produkts, das wir liefern.<br \/>\n<em>   <strong>Zug\u00e4nglichkeit:<\/strong> Wir bieten eine bequeme M\u00f6glichkeit, auf verschreibungspflichtige Medikamente zuzugreifen und bieten L\u00f6sungen f\u00fcr diejenigen, denen es schwerf\u00e4llt, diese \u00fcber herk\u00f6mmliche Wege zu erhalten.<\/p>\n<p><strong>Wirksame Anwendung und Vorteile von Oxycontin 20 mg<\/strong><\/p>\n<p>Oxycontin 20 mg wird verschrieben, um eine gleichm\u00e4\u00dfige und zuverl\u00e4ssige Linderung chronischer Schmerzen zu erzielen. Die Retardformulierung gew\u00e4hrleistet eine kontinuierliche Oxycodon-Versorgung \u00fcber den ganzen Tag und verhindert so starke Schmerzspitzen und -abf\u00e4lle. Dies kann die Lebensqualit\u00e4t der Patienten deutlich verbessern, indem es ihnen Folgendes erm\u00f6glicht:<\/p>\n<p><\/em>   <strong>Nehmen Sie an t\u00e4glichen Aktivit\u00e4ten teil:<\/strong> Durch die Schmerzlinderung wird eine st\u00e4rkere Teilnahme an Arbeit, Hobbys und sozialen Interaktionen erm\u00f6glicht.<br \/>\n<em>   <strong>Schlafqualit\u00e4t verbessern:<\/strong> Chronische Schmerzen st\u00f6ren h\u00e4ufig den Schlaf. Eine wirksame Schmerztherapie kann zu erholsameren N\u00e4chten f\u00fchren.<br \/>\n<\/em>   <strong>Mobilit\u00e4t verbessern:<\/strong> Bei Schmerzzust\u00e4nden, die die k\u00f6rperliche Bewegungsf\u00e4higkeit beeintr\u00e4chtigen, kann Oxycontin 20 mg zur Linderung der Beschwerden beitragen und eine gr\u00f6\u00dfere Beweglichkeit erm\u00f6glichen.<br \/>\n<em>   <strong>Die Abh\u00e4ngigkeit von Schmerzmitteln mit sofortiger Wirkstofffreisetzung verringern:<\/strong> Die anhaltende Wirkung von Oxycontin 20 mg tr\u00e4gt zur Linderung von Grundschmerzen bei und kann die Notwendigkeit einer h\u00e4ufigen Einnahme anderer Schmerzmittel verringern.<\/p>\n<p><strong>Dosierung und Anwendung: So wenden Sie Oxycontin 20 mg sicher an<\/strong><\/p>\n<p>Es ist entscheidend, Oxycontin 20 mg genau nach Anweisung Ihres Arztes oder gem\u00e4\u00df der Packungsbeilage einzunehmen. Die korrekte Dosierung und Anwendung sind f\u00fcr Wirksamkeit und Sicherheit unerl\u00e4sslich.<\/p>\n<p><\/em>   <strong>\u00dcbliche Dosierung:<\/strong> Die 20-mg-Tablette ist zur verz\u00f6gerten Wirkstofffreisetzung bestimmt. Sie sollte alle 12 Stunden oder nach Anweisung eingenommen werden.<br \/>\n<em>   <strong>Verwaltung:<\/strong> Schlucken Sie die Tablette im Ganzen. Zerdr\u00fccken, kauen oder zerbrechen Sie die Tablette nicht, da dies die gesamte Wirkstoffmenge auf einmal freisetzen und zu einer potenziell gef\u00e4hrlichen \u00dcberdosierung f\u00fchren kann.<br \/>\n<\/em>   <strong>Vers\u00e4umte Dosis:<\/strong> Wenn Sie eine Dosis vergessen haben, nehmen Sie diese ein, sobald Sie sich daran erinnern. Ist es jedoch fast Zeit f\u00fcr Ihre n\u00e4chste planm\u00e4\u00dfige Dosis, lassen Sie die vergessene Dosis aus und fahren Sie mit Ihrem regul\u00e4ren Einnahmeschema fort. Nehmen Sie keine doppelte Dosis ein.<br \/>\n<em>   <strong>Lagerung:<\/strong> Bewahren Sie Oxycontin 20 mg bei Raumtemperatur, vor Feuchtigkeit und Hitze gesch\u00fctzt auf. Au\u00dferhalb der Reichweite von Kindern und Haustieren aufbewahren.<\/p>\n<p><strong>Wichtige \u00dcberlegungen und m\u00f6gliche Nebenwirkungen<\/strong><\/p>\n<p>Oxycontin 20 mg ist zwar hochwirksam, dennoch ist es wichtig, sich \u00fcber m\u00f6gliche Nebenwirkungen und Gegenanzeigen im Klaren zu sein. Wie bei allen Medikamenten k\u00f6nnen die Reaktionen individuell variieren.<\/p>\n<p><strong>H\u00e4ufige Nebenwirkungen:<\/strong><\/p>\n<p><\/em>   Verstopfung: Dies ist eine der h\u00e4ufigsten Nebenwirkungen. Ausreichend Fl\u00fcssigkeit und eine ballaststoffreiche Ern\u00e4hrung k\u00f6nnen helfen. Ihr Arzt\/Ihre \u00c4rztin kann Ihnen auch ein Stuhlweichmacherpr\u00e4parat empfehlen.<br \/>\n<em>   \u00dcbelkeit und Erbrechen<br \/>\n<\/em>   Schl\u00e4frigkeit und Schwindel<br \/>\n<em>   Kopfschmerzen<br \/>\n<\/em>   Mundtrockenheit<br \/>\n<em>   Schwitzen<br \/>\n<\/em>   Juckreiz<\/p>\n<p><strong>Schwerwiegende Nebenwirkungen (Suchen Sie sofort einen Arzt auf, wenn Sie eine dieser Nebenwirkungen bemerken):<\/strong><\/p>\n<p><em>   Schwere allergische Reaktionen (Ausschlag, Juckreiz\/Schwellungen, starker Schwindel, Atembeschwerden)<br \/>\n<\/em>   Verlangsamte oder flache Atmung<br \/>\n<em>   Schwere Verstopfung oder Magenschmerzen<br \/>\n<\/em>   Verwirrung oder ungew\u00f6hnliche Gedanken<br \/>\n<em>   Anf\u00e4lle<br \/>\n<\/em>   Anzeichen einer \u00dcberdosierung von Medikamenten im K\u00f6rper: extreme Schl\u00e4frigkeit, stecknadelkopfgro\u00dfe Pupillen, verlangsamte Atmung, Bewusstlosigkeit.<\/p>\n<p><strong>Oxycontin 20 mg und Wechselwirkungen mit anderen Medikamenten<\/strong><\/p>\n<p>Es ist unbedingt erforderlich, Ihren Arzt oder Apotheker \u00fcber alle Medikamente zu informieren, die Sie derzeit einnehmen, einschlie\u00dflich verschreibungspflichtiger und rezeptfreier Arzneimittel sowie pflanzlicher Pr\u00e4parate. Oxycontin kann Wechselwirkungen mit folgenden Medikamenten haben:<\/p>\n<p><em>   <strong>Zentralnervensystem-Depressiva (ZNS-Depressiva):<\/strong> Alkohol, Benzodiazepine, andere Opioide, Beruhigungsmittel und Muskelrelaxanzien k\u00f6nnen das Risiko von schwerer Schl\u00e4frigkeit, Atemdepression, Koma und Tod erh\u00f6hen.<br \/>\n<\/em>   <strong>MAO-Hemmer:<\/strong> Wenn Sie innerhalb der letzten 14 Tage MAO-Hemmer eingenommen haben, sollten Sie Oxycontin nicht einnehmen.<br \/>\n<em>   <strong>Andere Medikamente, die den Serotoninspiegel beeinflussen:<\/strong> Bestimmte Antidepressiva und andere Medikamente k\u00f6nnen mit Oxycodon interagieren.<\/p>\n<p><strong>Wer sollte Oxycontin 20 mg nicht kaufen?<\/strong><\/p>\n<p>Oxycontin 20 mg ist nicht f\u00fcr jeden geeignet. Personen mit folgenden Erkrankungen sollten Vorsicht walten lassen oder vor der Einnahme einen Arzt konsultieren:<\/p>\n<p><\/em>   Atemwegserkrankungen (z. B. Asthma, COPD)<br \/>\n<em>   Magen- oder Darmverschluss oder schwere Verstopfung<br \/>\n<\/em>   Schwere Leber- oder Nierenerkrankung<br \/>\n<em>   Vorgeschichte von Substanzmissbrauch oder Abh\u00e4ngigkeit<br \/>\n<\/em>   Allergie gegen Oxycodon oder andere Opioide<\/p>\n<p><strong>Oxycontin 20mg sicher und verantwortungsbewusst online kaufen<\/strong><\/p>\n<p>Als vertrauensw\u00fcrdiger Online-H\u00e4ndler legen wir gr\u00f6\u00dften Wert auf Ihre Sicherheit und Ihr Wohlbefinden. Wenn Sie Oxycontin 20 mg \u00fcber unsere Plattform online kaufen, k\u00f6nnen Sie sich auf Folgendes verlassen:<\/p>\n<p><em>   <strong>Legitime Produkte:<\/strong> Wir liefern Original-Oxycontin 20 mg, das von renommierten pharmazeutischen Herstellern bezogen wird.<br \/>\n<\/em>   <strong>Sicheres Zahlungsportal:<\/strong> Ihre Finanztransaktionen sind durch fortschrittliche Verschl\u00fcsselungstechnologie gesch\u00fctzt.<br \/>\n<em>   <strong>Klare Produktinformationen:<\/strong> Wir stellen Ihnen umfassende Informationen zum Produkt zur Verf\u00fcgung, einschlie\u00dflich Dosierung, Anwendung und m\u00f6glichen Nebenwirkungen, damit Sie eine fundierte Entscheidung treffen k\u00f6nnen.<br \/>\n<\/em>   <strong>Reaktionsschneller Kundensupport:<\/strong> Unser Team steht Ihnen gerne zur Verf\u00fcgung, um Ihre Fragen zu beantworten und auf Ihre Anliegen einzugehen.<\/p>\n<p><strong>Schneller Versand f\u00fcr Ihre Bequemlichkeit<\/strong><\/p>\n<p>Wir wissen, dass eine wirksame Schmerztherapie den zeitnahen Zugang zu Medikamenten voraussetzt. Deshalb bieten wir unseren Kunden in ganz Europa einen schnellen und diskreten Versand an. Wenn Sie Oxycontin 20 mg online bei uns bestellen, erhalten Sie Ihre Bestellung schnellstm\u00f6glich in Spanien, Italien, Deutschland, Polen, den Niederlanden und Gro\u00dfbritannien. Dank unserer effizienten Logistik erreichen Sie Ihre Medikamente schnell und sicher, sodass Ihre Schmerztherapie nicht beeintr\u00e4chtigt wird.<\/p>\n<p><strong>Fazit: Ihre zuverl\u00e4ssige Quelle f\u00fcr den Online-Kauf von Oxycontin 20 mg.<\/strong><\/p>\n<p>Wenn Sie Oxycontin 20 mg online kaufen m\u00f6chten, bietet unsere seri\u00f6se Online-Apotheke eine sichere, diskrete und effiziente L\u00f6sung. Wir liefern Ihnen wirksame Schmerzmittel schnell und europaweit. Vertrauen Sie uns als Ihrer zuverl\u00e4ssigen Quelle f\u00fcr hochwertige Medikamente. Ihr Komfort und Ihr Wohlbefinden stehen bei uns immer an erster Stelle, wenn Sie Oxycontin 20 mg online kaufen.<\/p>","protected":false},"excerpt":{"rendered":"<p>Oxycontin 20 mg wird schnell geliefert und hilft Ihnen, Ihre mittelstarken bis starken Schmerzen effektiv zu lindern. Dieses Opioid-Medikament ist online erh\u00e4ltlich und zur oralen Einnahme bestimmt. Bitte halten Sie sich genau an die von Ihrem Arzt\/Ihrer \u00c4rztin verordnete Dosierung und zerkleinern oder kauen Sie die Tabletten niemals. Missbrauch kann zu ernsthaften Gesundheitsrisiken f\u00fchren. Bewahren Sie dieses Medikament daher sicher auf und wenden Sie sich bei Fragen zur Anwendung an Ihren Arzt\/Ihre \u00c4rztin.<\/p>","protected":false},"featured_media":10767,"template":"","meta":[],"product_brand":[],"product_cat":[305],"product_tag":[894,856,832,893,892,802,891,857,826],"class_list":{"0":"post-10748","1":"product","2":"type-product","3":"status-publish","4":"has-post-thumbnail","6":"product_cat-pain-relief","7":"product_tag-buy-medication-online","8":"product_tag-buy-oxycontin","9":"product_tag-discreet-shipping","10":"product_tag-european-shipping","11":"product_tag-fast-shipping","12":"product_tag-online-pharmacy","13":"product_tag-oxycodone","14":"product_tag-oxycontin-20mg","15":"product_tag-pain-relief","17":"first","18":"instock","19":"sale","20":"shipping-taxable","21":"purchasable","22":"product-type-variable"},"_links":{"self":[{"href":"https:\/\/capsovia.com\/de\/wp-json\/wp\/v2\/product\/10748","targetHints":{"allow":["GET"]}}],"collection":[{"href":"https:\/\/capsovia.com\/de\/wp-json\/wp\/v2\/product"}],"about":[{"href":"https:\/\/capsovia.com\/de\/wp-json\/wp\/v2\/types\/product"}],"version-history":[{"count":0,"href":"https:\/\/capsovia.com\/de\/wp-json\/wp\/v2\/product\/10748\/revisions"}],"wp:featuredmedia":[{"embeddable":true,"href":"https:\/\/capsovia.com\/de\/wp-json\/wp\/v2\/media\/10767"}],"wp:attachment":[{"href":"https:\/\/capsovia.com\/de\/wp-json\/wp\/v2\/media?parent=10748"}],"wp:term":[{"taxonomy":"product_brand","embeddable":true,"href":"https:\/\/capsovia.com\/de\/wp-json\/wp\/v2\/product_brand?post=10748"},{"taxonomy":"product_cat","embeddable":true,"href":"https:\/\/capsovia.com\/de\/wp-json\/wp\/v2\/product_cat?post=10748"},{"taxonomy":"product_tag","embeddable":true,"href":"https:\/\/capsovia.com\/de\/wp-json\/wp\/v2\/product_tag?post=10748"}],"curies":[{"name":"wp","href":"https:\/\/api.w.org\/{rel}","templated":true}]}}