{"id":8910,"date":"2024-09-25T23:24:30","date_gmt":"2024-09-25T23:24:30","guid":{"rendered":"https:\/\/pharmaplazaonline.com\/?post_type=product&#038;p=8910"},"modified":"2026-04-18T00:32:07","modified_gmt":"2026-04-18T00:32:07","slug":"ed-sample-pack-3","status":"publish","type":"product","link":"https:\/\/capsovia.com\/de\/product\/ed-sample-pack-3\/","title":{"rendered":"ED Sample Pack 3: Jetzt beide testen"},"content":{"rendered":"<h2>ED Sample Pack 3: Probieren Sie jetzt beides aus - Ihr diskretes Gateway zur verbesserten Intimit\u00e4t<\/h2>\n<p>Willkommen in Ihrer vertrauensw\u00fcrdigen Online-Apotheke, Ihrem f\u00fchrenden Ziel f\u00fcr hochwertige, barrierefreie Gesundheitsl\u00f6sungen in ganz Europa. Wir verstehen, dass die Anforderungen des Lebens manchmal das pers\u00f6nliche Wohlbefinden beeintr\u00e4chtigen k\u00f6nnen, und dass die Aufrechterhaltung eines erf\u00fcllenden intimen Lebens ein entscheidender Aspekt der allgemeinen Gesundheit ist. Deshalb sind wir begeistert, die Einf\u00fchrung der <strong>ED Sample Pack 3: Jetzt beide testen<\/strong>, eine sorgf\u00e4ltig kuratierte Auswahl f\u00fcr anspruchsvolle Personen, die effektive L\u00f6sungen f\u00fcr erektile Dysfunktion (ED) mit beispielloser Diskretion und Bequemlichkeit untersuchen m\u00f6chten. Als seri\u00f6se Online-Apotheke verpflichten wir uns, zuverl\u00e4ssigen Zugang zu einer breiten Palette von Medikamenten und Gesundheitsprodukten zu bieten. Diese Musterpackung ist ein Beweis f\u00fcr diese Verpflichtung.<\/p>\n<h3>Was ist erektile Dysfunktion (ED) und wie kann ED Sample Pack 3 helfen?<\/h3>\n<p>Erektile Dysfunktion, oft als Impotenz bezeichnet, ist eine h\u00e4ufige Erkrankung, die durch die Unf\u00e4higkeit gekennzeichnet ist, eine Erektionsfestigkeit zu erreichen oder aufrechtzuerhalten, die f\u00fcr einen zufriedenstellenden Geschlechtsverkehr ausreichend ist. Es kann M\u00e4nner jeden Alters betreffen und kann auf eine Vielzahl von physischen und psychischen Faktoren zur\u00fcckzuf\u00fchren sein, darunter Herz-Kreislauf-Erkrankungen, Diabetes, hormonelle Ungleichgewichte, Stress, Angstzust\u00e4nde und Beziehungsprobleme. Die Auswirkungen von ED k\u00f6nnen \u00fcber das physische und das Selbstwertgef\u00fchl, das Selbstvertrauen und die Intimit\u00e4t innerhalb der Beziehungen hinausgehen.<\/p>\n<p>Die <strong>ED Sample Pack 3: Jetzt beide testen<\/strong> ist akribisch zusammengestellt, um Ihnen einen doppelten Ansatz zu bieten, um ED zu verstehen und zu verwalten. Diese Packung erm\u00f6glicht es Ihnen, zwei unterschiedliche, aber ebenso potente Medikamentenoptionen in praktischen Probengr\u00f6\u00dfen zu erleben, mit denen Sie herausfinden k\u00f6nnen, welche Formulierung Ihren individuellen Bed\u00fcrfnissen und der Reaktion des K\u00f6rpers am besten entspricht. Wenn Sie beides ausprobieren, erhalten Sie einen unsch\u00e4tzbaren Einblick in das, was f\u00fcr Sie am besten funktioniert, und gehen \u00fcber allgemeine Ratschl\u00e4ge hin zu personalisierter Wirksamkeit. Dieser proaktive Ansatz zur Untersuchung der Behandlungsoptionen kann zu einem erneuten Selbstvertrauen und einem deutlich verbesserten intimen Lebensstil f\u00fchren. Unsere Mission als vertrauensw\u00fcrdiger Online-Verk\u00e4ufer ist es, Sie mit den Werkzeugen auszustatten, um die Kontrolle wieder zu erlangen und eine befriedigendere sexuelle Erfahrung zu genie\u00dfen.<\/p>\n<h3>Entdecken Sie Ihre ideale L\u00f6sung: Die Komponenten von ED Sample Pack 3<\/h3>\n<p>Die <strong>ED Sample Pack 3: Jetzt beide testen<\/strong> Enth\u00e4lt sorgf\u00e4ltig ausgew\u00e4hlte Probendosen von zwei f\u00fchrenden Medikamenten, die f\u00fcr ihre Wirksamkeit bei der Behandlung von erektiler Dysfunktion anerkannt sind. Jede Packung bietet eine diskrete und wirtschaftliche M\u00f6glichkeit, diese leistungsstarken Behandlungen zu probieren. W\u00e4hrend bestimmte Markennamen f\u00fcr die Identifizierung von entscheidender Bedeutung sind, k\u00f6nnen Sie mit dem Sample Pack-Format die Kern-Wirkstoffe erleben, die das Leben von Millionen ver\u00e4ndert haben.<\/p>\n<p><strong>Wichtige Vorteile des Ausprobierens beider Optionen:<\/strong><\/p>\n<p><em>   <strong>Pers\u00f6nliche Wirksamkeit:<\/strong> Was f\u00fcr eine Person funktioniert, ist m\u00f6glicherweise nicht die optimale L\u00f6sung f\u00fcr eine andere. Wenn Sie beides ausprobieren, k\u00f6nnen Sie ihre Auswirkungen auf Ihren K\u00f6rper direkt vergleichen.<br \/>\n<\/em>   <strong>Reaktionszeiten verstehen:<\/strong> Verschiedene Medikamente haben unterschiedliche Beginn und Wirkungsdauer. Mit diesem Paket k\u00f6nnen Sie feststellen, was mit Ihrem bevorzugten Zeitrahmen f\u00fcr Intimit\u00e4t \u00fcbereinstimmt.<br \/>\n<em>   <strong>Kosteng\u00fcnstige Erkundung:<\/strong> Vermeiden Sie es, Produkte in voller Gr\u00f6\u00dfe zu kaufen, bevor Sie wissen, was f\u00fcr Sie am effektivsten ist. Dieses Musterpaket bietet einen erheblichen Wert.<br \/>\n<\/em>   <strong>Diskrete Verpackung:<\/strong> Ihre Privatsph\u00e4re ist von gr\u00f6\u00dfter Bedeutung. Alle Sendungen, einschlie\u00dflich der <strong>ED Sample Pack 3: Jetzt beide testen<\/strong>, werden in schlichter, nicht gekennzeichneter Verpackung versendet.<br \/>\n<em>   <strong>Bequemer Zugang:<\/strong> Bestellen Sie bequem von zu Hause aus und erhalten Sie Ihr diskret verpacktes Musterpaket direkt vor Ihrer Haust\u00fcr in Europa, einschlie\u00dflich Spanien, Italien, Deutschland, den Niederlanden, Polen und Gro\u00dfbritannien.<\/p>\n<h3>Verstehen Sie die Medikamente in Ihrer Probenverpackung<\/h3>\n<p>W\u00e4hrend die genaue Zusammensetzung von ED-Probenverpackungen unterschiedliche Erfahrungen bieten kann, weisen sie typischerweise Versuchsgr\u00f6\u00dfen von weithin anerkannten und wirksamen ED-Medikamenten auf. Diese Medikamente geh\u00f6ren zu einer Klasse, die als PDE5-Inhibitoren bekannt ist, die durch Erh\u00f6hung des Blutflusses zum Penis wirken und eine Erektion erleichtern, wenn sexuelle Stimulation auftritt.<\/p>\n<p><strong>Allgemeine Informationen zu PDE5-Inhibitoren (in der Regel in ED-Probenpaketen enthalten):<\/strong><\/p>\n<p><\/em>   <strong>Wirkungsmechanismus:<\/strong><br \/>\n    <em>   Wenn der K\u00f6rper sexuell erregt wird, setzt er Stickoxid frei.<br \/>\n    <\/em>   Stickstoffmonoxid aktiviert ein Enzym namens Guanylatcyclase.<br \/>\n    <em>   Guanylatcyclase erh\u00f6ht die Konzentration an cyclischem Guanosinmonophosphat (cGMP).<br \/>\n    <\/em>   cGMP entspannt die glatten Muskeln in den Blutgef\u00e4\u00dfen des Penis und erm\u00f6glicht eine erh\u00f6hte Durchblutung.<br \/>\n    <em>   PDE5 ist ein Enzym, das cGMP abbaut. PDE5-Inhibitoren blockieren die Wirkung von PDE5, verl\u00e4ngern so die Wirkung von cGMP und erleichtern eine Erektion.<br \/>\n<\/em>   <strong>Common Uses:<\/strong> Erektile Dysfunktion (ED), pulmonale arterielle Hypertonie (in bestimmten Formulierungen).<br \/>\n<em>   <strong>Dosierungsanweisungen (Allgemeine Anleitung \u2013 Folgen Sie immer den spezifischen Anweisungen mit Ihrem Probenpaket):<\/strong><br \/>\n    <\/em>   <strong>Timing:<\/strong> In der Regel 30 Minuten bis 1 Stunde vor der sexuellen Aktivit\u00e4t eingenommen.<br \/>\n    <em>   <strong>Frequenz:<\/strong> Grunds\u00e4tzlich sollte pro Tag nur eine Dosis eingenommen werden.<br \/>\n    <\/em>   <strong>Verwaltung:<\/strong> Schlucken Sie die Tablette ganz mit Wasser.<br \/>\n    <em>   <strong>Lebensmittelinteraktion:<\/strong> Einige PDE5-Inhibitoren werden am besten auf leeren Magen eingenommen, w\u00e4hrend andere mit oder ohne Nahrung eingenommen werden k\u00f6nnen. Fettige Mahlzeiten k\u00f6nnen die Resorption verz\u00f6gern. Beachten Sie Ihre spezifischen Produktinformationen.<br \/>\n<\/em>   <strong>M\u00f6gliche Nebenwirkungen (h\u00e4ufig und allgemein mild):<\/strong><br \/>\n    <em>   Kopfschmerzen<br \/>\n    <\/em>   Err\u00f6tend<br \/>\n    <em>   Verstopfte Nase<br \/>\n    <\/em>   Verdauungsst\u00f6rungen<br \/>\n    <em>   Schwindel<br \/>\n    <\/em>   Tempor\u00e4re Ver\u00e4nderungen (z. B. verschwommenes Sehen, ver\u00e4nderte Farbwahrnehmung)<br \/>\n    <em>   Back pain<br \/>\n    <\/em>   Muskelkater<br \/>\n<em>   <strong>Wichtige Gegenanzeigen und Vorsichtsma\u00dfnahmen:<\/strong><br \/>\n    <\/em>   <strong>Nitrate:<\/strong> <strong>Nie<\/strong> Nehmen Sie diese Medikamente ein, wenn Sie auch Nitratmedikamente gegen Brustschmerzen oder Herzerkrankungen (z. B. Nitroglycerin, Isosorbidmononitrat) einnehmen. Diese Kombination kann zu einem gef\u00e4hrlichen Blutdruckabfall f\u00fchren.<br \/>\n    <em>   <strong>Alpha-Blocker:<\/strong> Wenden Sie sich mit Vorsicht an und wenden Sie sich an Ihren Arzt, wenn Sie Alpha-Blocker f\u00fcr Bluthochdruck oder Prostataprobleme einnehmen.<br \/>\n    <\/em>   <strong>Heart Conditions:<\/strong> Personen mit schweren Herzerkrankungen, Lebererkrankungen, Nierenerkrankungen oder Personen mit einem k\u00fcrzlichen Schlaganfall oder Herzinfarkt sollten vor der Anwendung einen Arzt konsultieren.<br \/>\n    <em>   <strong>Priapismus:<\/strong> L\u00e4ngere Erektionen von mehr als 4 Stunden erfordern sofortige \u00e4rztliche Hilfe.<br \/>\n    <\/em>   <strong>Andere Medikamente:<\/strong> Informieren Sie Ihren Arzt oder Apotheker immer \u00fcber alle Medikamente, die Sie derzeit einnehmen, einschlie\u00dflich rezeptfreier Medikamente und Kr\u00e4utererg\u00e4nzungen, um m\u00f6gliche Wechselwirkungen zu vermeiden.<\/p>\n<p><strong>ED Sample Pack 3: Jetzt beide testen<\/strong> Bietet Ihnen die M\u00f6glichkeit, die Kraft dieser bew\u00e4hrten Behandlungen zu erleben und festzustellen, welche sich am besten in Ihr Leben einf\u00fcgt und Ihr Vertrauen wiederherstellt. Wir sind eine vertrauensw\u00fcrdige Quelle f\u00fcr diese Art von Medikamenten, die Qualit\u00e4t und Authentizit\u00e4t in jeder Bestellung sicherstellen.<\/p>\n<h3>Warum w\u00e4hlen Sie unsere Online-Apotheke f\u00fcr Ihre ED-L\u00f6sungen?<\/h3>\n<p>Als seri\u00f6se Online-Apotheke, die in ganz Europa t\u00e4tig ist, sind wir stolz darauf, mehr als nur Medikamente anzubieten. Wir bieten Sicherheit, Diskretion und ein Engagement f\u00fcr Ihr Wohlbefinden. Wenn Sie unsere w\u00e4hlen <strong>ED Sample Pack 3: Jetzt beide testen<\/strong>Sie w\u00e4hlen einen Partner aus, der sich Ihrer Gesundheitsreise widmet.<\/p>\n<p><strong>Unsere Verpflichtungen an Sie:<\/strong><\/p>\n<p><em>   <strong>unersch\u00fctterliche Diskretion:<\/strong> Ihre Privatsph\u00e4re ist unsere oberste Priorit\u00e4t. Alle Bestellungen werden verpackt und in schlichter, diskreter Verpackung ohne Angaben zum Inhalt versendet.<br \/>\n<\/em>   <strong>Europaweite Abdeckung:<\/strong> Wir versenden diskret und zuverl\u00e4ssig nach Spanien, Italien, Deutschland, den Niederlanden, Polen, Gro\u00dfbritannien und europaweit.<br \/>\n<em>   <strong>Qualit\u00e4tssicherung:<\/strong> Wir beziehen unsere Medikamente von namhaften Herstellern, um sicherzustellen, dass Sie authentische und qualitativ hochwertige Produkte erhalten.<br \/>\n<\/em>   <strong>Barrierefreie Gesundheitsversorgung:<\/strong> Wir bem\u00fchen uns, wichtige Medikamente und Gesundheitsprodukte leicht verf\u00fcgbar zu machen, oft ohne Rezept, was Ihren Zugang zur Pflege vereinfacht.<br \/>\n<em>   <strong>Kundenorientierter Ansatz:<\/strong> Unsere Plattform ist f\u00fcr die Benutzerfreundlichkeit konzipiert und unser Kundensupport steht Ihnen bei Fragen oder Bedenken zur Verf\u00fcgung.<br \/>\n<\/em>   <strong>informierte Entscheidungen:<\/strong> Unsere detaillierten Produktbeschreibungen, wie diese f\u00fcr <strong>ED Sample Pack 3: Jetzt beide testen<\/strong>, sollen Ihnen die Informationen liefern, die Sie ben\u00f6tigen, um sichere Entscheidungen \u00fcber Ihre Gesundheit zu treffen.<\/p>\n<h3>Begeben Sie sich heute auf Ihre Reise zu neuer Intimit\u00e4t<\/h3>\n<p>Die <strong>ED Sample Pack 3: Jetzt beide testen<\/strong> ist mehr als nur ein Produkt; Es ist eine Einladung, die Freude und das Selbstvertrauen wiederzuentdecken, das ein erf\u00fcllendes intimes Leben mit sich bringen kann. Vergessen Sie die Unsicherheit und nutzen Sie die Gelegenheit, Ihre personalisierte L\u00f6sung zu finden. Unsere zuverl\u00e4ssige Online-Apotheke unterst\u00fctzt Sie bei jedem Schritt und bietet diskrete Lieferung und Qualit\u00e4tssicherung.<\/p>\n<p>Lassen Sie sich nicht l\u00e4nger zur\u00fcckhalten. Nutzen Sie diese au\u00dfergew\u00f6hnliche Gelegenheit, zwei f\u00fchrende ED-Behandlungen bequem und kosteng\u00fcnstig auszuprobieren. <strong>ED Sample Pack 3: Jetzt beide testen<\/strong> ist Ihr diskretes Tor zu einem selbstbewussteren und befriedigenderen intimen Erlebnis. Bestellen Sie noch heute und machen Sie den ersten Schritt in Richtung erneuter Intimit\u00e4t und Wohlbefinden, geliefert direkt an Ihre Haust\u00fcr in ganz Europa. Wir sind Ihr vertrauensw\u00fcrdiger Online-Verk\u00e4ufer, der Ihnen die besten barrierefreien Gesundheitsl\u00f6sungen bietet.<\/p>","protected":false},"excerpt":{"rendered":"<p>Entdecken Sie mit unserem ED Sample Pack 3, welches ED-Medikament f\u00fcr Sie am besten geeignet ist! Mit dieser speziellen Packung k\u00f6nnen Sie sowohl Levitra (Vardenafil) als auch Cialis (Tadalafil) mit jeweils 10 Pillen mit einer St\u00e4rke von 20 mg probieren. Da jeder K\u00f6rper unterschiedlich reagiert, ist es der perfekte Weg, um sowohl Vardenafil als auch Tadalafil zu versuchen, um Ihre ideale L\u00f6sung zu finden. Erkunden Sie die Kategorie der erektilen Dysfunktion auf unserer Website, um weitere Informationen zu erhalten, und machen Sie den ersten Schritt in Richtung erneutes Vertrauen.<\/p>","protected":false},"featured_media":8911,"template":"","meta":[],"product_brand":[],"product_cat":[284,285],"product_tag":[1026,1584,1427,1432,1587,1441,802,1586,1429,1585],"class_list":{"0":"post-8910","1":"product","2":"type-product","3":"status-publish","4":"has-post-thumbnail","6":"product_cat-ed-sample-packs","7":"product_cat-erectile-dysfunction","8":"product_tag-discreet-delivery","9":"product_tag-ed-sample-pack","10":"product_tag-ed-treatment","11":"product_tag-erectile-dysfunction","12":"product_tag-intimacy","13":"product_tag-mens-health","14":"product_tag-online-pharmacy","15":"product_tag-pde5-inhibitors","16":"product_tag-sexual-health","17":"product_tag-try-both-now","19":"first","20":"instock","21":"shipping-taxable","22":"purchasable","23":"product-type-variable"},"_links":{"self":[{"href":"https:\/\/capsovia.com\/de\/wp-json\/wp\/v2\/product\/8910","targetHints":{"allow":["GET"]}}],"collection":[{"href":"https:\/\/capsovia.com\/de\/wp-json\/wp\/v2\/product"}],"about":[{"href":"https:\/\/capsovia.com\/de\/wp-json\/wp\/v2\/types\/product"}],"version-history":[{"count":0,"href":"https:\/\/capsovia.com\/de\/wp-json\/wp\/v2\/product\/8910\/revisions"}],"wp:featuredmedia":[{"embeddable":true,"href":"https:\/\/capsovia.com\/de\/wp-json\/wp\/v2\/media\/8911"}],"wp:attachment":[{"href":"https:\/\/capsovia.com\/de\/wp-json\/wp\/v2\/media?parent=8910"}],"wp:term":[{"taxonomy":"product_brand","embeddable":true,"href":"https:\/\/capsovia.com\/de\/wp-json\/wp\/v2\/product_brand?post=8910"},{"taxonomy":"product_cat","embeddable":true,"href":"https:\/\/capsovia.com\/de\/wp-json\/wp\/v2\/product_cat?post=8910"},{"taxonomy":"product_tag","embeddable":true,"href":"https:\/\/capsovia.com\/de\/wp-json\/wp\/v2\/product_tag?post=8910"}],"curies":[{"name":"wp","href":"https:\/\/api.w.org\/{rel}","templated":true}]}}