{"id":9045,"date":"2024-09-26T01:26:55","date_gmt":"2024-09-26T01:26:55","guid":{"rendered":"https:\/\/pharmaplazaonline.com\/?post_type=product&#038;p=9045"},"modified":"2026-04-18T00:30:19","modified_gmt":"2026-04-18T00:30:19","slug":"cialis-2","status":"publish","type":"product","link":"https:\/\/capsovia.com\/de\/product\/cialis-2\/","title":{"rendered":"Marke Cialis online bestellen | 36-Stunden-Effekt"},"content":{"rendered":"<h2>Bestellen Sie Brand Cialis online mit Vertrauen: Erleben Sie dauerhafte Wirksamkeit f\u00fcr Ihre intime Gesundheit<\/h2>\n<p>Suchen Sie eine zuverl\u00e4ssige und diskrete M\u00f6glichkeit, <strong>Marke Cialis online bestellen<\/strong>? Suchen Sie nicht weiter. Als seri\u00f6se Online-Apotheke f\u00fcr Spanien und den weiteren europ\u00e4ischen Markt sind wir bestrebt, Ihnen Zugang zu hochwertigen pharmazeutischen L\u00f6sungen zu bieten, einschlie\u00dflich der hochwirksamen Marke Cialis. Wir verstehen die Bedeutung von Komfort, Privatsph\u00e4re und Wirksamkeit f\u00fcr Ihre pers\u00f6nliche Gesundheit und sind stolz darauf, eine vertrauensw\u00fcrdige Quelle f\u00fcr Ihre Medikamentenbed\u00fcrfnisse zu sein. Unser Engagement erstreckt sich auf den diskreten Versand in Spanien, Italien, Deutschland, den Niederlanden, Polen, Europa und Gro\u00dfbritannien, um sicherzustellen, dass Ihre Privatsph\u00e4re von gr\u00f6\u00dfter Bedeutung ist.<\/p>\n<p>Brand Cialis, der Wirkstoff Tadalafil, ist ein revolution\u00e4res Medikament zur Behandlung von erektiler Dysfunktion (ED) bei M\u00e4nnern. Im Gegensatz zu einigen anderen Behandlungen, die ein kurzes Zeitfenster bieten, ist Brand Cialis f\u00fcr seine nachhaltige Wirkung bekannt, die oft als 36-Stunden-Effekt bezeichnet wird. Diese l\u00e4ngere Wirkungsdauer erm\u00f6glicht eine gr\u00f6\u00dfere Spontaneit\u00e4t und verringert den Druck, der h\u00e4ufig mit sexueller Intimit\u00e4t verbunden ist, sodass Sie sich entspannter und selbstbewusster f\u00fchlen k\u00f6nnen. Wenn du <strong>Marke Cialis online bestellen<\/strong> Bei uns w\u00e4hlen Sie ein Produkt aus umfangreichen Recherchen und nachgewiesenen Ergebnissen, das mit gr\u00f6\u00dfter Sorgfalt und Diskretion geliefert wird.<\/p>\n<h3>Verst\u00e4ndnis der Marke Cialis: Mechanismus, Dosierung und Verwendung<\/h3>\n<p>Die Marke Cialis mit ihrem Wirkstoff Tadalafil geh\u00f6rt zu einer Klasse von Arzneimitteln, die als Phosphodiesterase Typ 5 (PDE5) -Inhibitoren bekannt sind. Seine Hauptfunktion besteht darin, den Blutfluss zum Penis zu verbessern und eine Erektion zu erleichtern, wenn eine sexuelle Stimulation vorliegt.<\/p>\n<p><em>   <strong>Wirkungsmechanismus:<\/strong> Wenn der K\u00f6rper sexuell erregt wird, setzt er Stickoxid frei. Stickstoffmonoxid aktiviert ein Enzym, das cyclisches Guanosinmonophosphat (cGMP) produziert. cGMP bewirkt, dass sich die glatten Muskeln im Penis entspannen, so dass mehr Blut einstr\u00f6mt und eine Erektion verursacht. PDE5 ist ein Enzym, das cGMP abbaut. Tadalafil hemmt PDE5, wodurch die cGMP-Spiegel erh\u00f6ht und die Relaxation der glatten Muskeln verl\u00e4ngert wird. Dieser verbesserte Blutfluss ist entscheidend f\u00fcr die Erzielung und Aufrechterhaltung einer Erektionsfestigkeit, die f\u00fcr den Geschlechtsverkehr ausreichend ist. Es ist wichtig, sich daran zu erinnern, dass die Marke Cialis allein keine sexuelle Erregung verursacht. Es erfordert eine direkte sexuelle Stimulation, um effektiv zu sein.<\/p>\n<p><\/em>   <strong>Verf\u00fcgbare Dosierungen:<\/strong> Brand Cialis ist in der Regel in mehreren Dosierungen erh\u00e4ltlich, die eine personalisierte Behandlung erm\u00f6glichen. Die h\u00e4ufigsten St\u00e4rken, die Sie k\u00f6nnen <strong>Marke Cialis online bestellen<\/strong> geh\u00f6ren:<br \/>\n    <em>   <strong>2,5 mg:<\/strong> Wird h\u00e4ufig f\u00fcr den t\u00e4glichen Gebrauch verschrieben, um ein kontinuierliches Medikament im System aufrechtzuerhalten.<br \/>\n    <\/em>   <strong>5 mg:<\/strong> Auch f\u00fcr den t\u00e4glichen Gebrauch oder als niedrigere Dosisoption f\u00fcr den gelegentlichen Gebrauch geeignet.<br \/>\n    <em>   <strong>10 mg:<\/strong> Im Allgemeinen nach Bedarf eingenommen, bevor die erwartete sexuelle Aktivit\u00e4t f\u00fcr einen 36-Stunden-Effekt eingenommen wird.<br \/>\n    <\/em>   <strong>20 mg:<\/strong> Die h\u00f6chste verschriebene Dosis f\u00fcr die erforderliche Anwendung, die die maximale m\u00f6gliche Wirkungsdauer angibt.<\/p>\n<p>Die angemessene Dosierung h\u00e4ngt von Ihren individuellen Gesundheitsbed\u00fcrfnissen, der Krankengeschichte und der Beratung eines medizinischen Fachpersonals ab. Es wird immer empfohlen, mit der niedrigsten wirksamen Dosis zu beginnen und sich bei Bedarf anzupassen. Wenn du <strong>Marke Cialis online bestellen<\/strong> In unserer Apotheke k\u00f6nnen Sie sicher sein, dass Sie echte Medikamente erhalten, keine gef\u00e4lschten Substanzen.<\/p>\n<p><em>   <strong>So nehmen Sie Marken Cialis:<\/strong><br \/>\n    <\/em>   <strong>Nach Bedarf:<\/strong> Nehmen Sie f\u00fcr die 10 mg und 20 mg Tabletten mindestens 30 Minuten vor der sexuellen Aktivit\u00e4t eine Tablette ein. Das Medikament kann mit oder ohne Nahrung eingenommen werden. Vermeiden Sie aufgrund seiner lang anhaltenden Wirkung mehr als eine Dosis in einem Zeitraum von 24 Stunden.<br \/>\n    <em>   <strong>T\u00e4glicher Gebrauch:<\/strong> Nehmen Sie f\u00fcr die 2,5-mg- und 5-mg-Tabletten eine Tablette einmal t\u00e4glich, ungef\u00e4hr zur gleichen Zeit pro Tag. Dies erm\u00f6glicht eine spontane sexuelle Aktivit\u00e4t zu jeder Zeit. Sie m\u00fcssen diese Dosis nicht mit sexueller Aktivit\u00e4t zeitlich festlegen.<\/p>\n<h3>Vorteile der Wahl der Marke Cialis f\u00fcr erektile Dysfunktion<\/h3>\n<p>Die Entscheidung zu <strong>Marke Cialis online bestellen<\/strong> wird oft durch seine deutlichen Vorteile gegen\u00fcber anderen ED-Behandlungen getrieben. Viele M\u00e4nner finden Marken Cialis aufgrund ihres einzigartigen Profils die bevorzugte Wahl.<\/p>\n<p><\/em>   <strong>Erweiterte Aktionsdauer (36-Stunden-Effekt):<\/strong> Dies ist vielleicht der wichtigste Vorteil. W\u00e4hrend andere ED-Medikamente einige Stunden lang wirken k\u00f6nnen, bietet die Marke Cialis ein Fenster von ungef\u00e4hr 36 Stunden an. Diese Wochenend-Pille erm\u00f6glicht einen nat\u00fcrlicheren und spontaneren Ansatz f\u00fcr die Intimit\u00e4t und verringert die Notwendigkeit, die sexuelle Aktivit\u00e4t in Bezug auf Medikamente zu planen. Sie k\u00f6nnen es an einem Freitagabend nehmen und bleiben m\u00f6glicherweise das gesamte Wochenende abgedeckt.<\/p>\n<p><em>   <strong>Schneller Wirkungseintritt:<\/strong> Brand Cialis beginnt in der Regel innerhalb von 30 bis 60 Minuten nach Einnahme einer Dosis zu arbeiten, was es zu einer bequemen Option macht, wenn der Moment dies erfordert.<\/p>\n<p><\/em>   <strong>Wirksamkeit:<\/strong> Klinische Studien haben konsequent gezeigt, dass Marken Cialis bei der Verbesserung der erektilen Funktion f\u00fcr eine gro\u00dfe Mehrheit der M\u00e4nner mit ED hochwirksam ist.<\/p>\n<p><em>   <strong>Lebensmittel- und Alkoholvertr\u00e4glichkeit:<\/strong> Im Gegensatz zu einigen anderen PDE5-Inhibitoren kann Marke Cialis im Allgemeinen mit oder ohne Nahrung eingenommen werden. W\u00e4hrend \u00fcberm\u00e4\u00dfiger Alkoholkonsum vor\u00fcbergehend die erektile Funktion beeintr\u00e4chtigen kann, ist es unwahrscheinlich, dass ein m\u00e4\u00dfiger Konsum die Wirksamkeit von Marken Cialis erheblich beeintr\u00e4chtigt.<\/p>\n<p><\/em>   <strong>Geeignet f\u00fcr den t\u00e4glichen Gebrauch:<\/strong> Die niedrigeren Dosierungsformulierungen (2,5 mg und 5 mg) sind f\u00fcr die t\u00e4gliche Verabreichung ausgelegt, bieten eine konsistente Unterst\u00fctzung f\u00fcr die erektile Funktion und erm\u00f6glichen eine gr\u00f6\u00dfere Spontanit\u00e4t ohne Vorplanung.<\/p>\n<h3>m\u00f6gliche Nebenwirkungen und Vorsichtsma\u00dfnahmen beheben<\/h3>\n<p>Wie alle Medikamente kann Marken-Cialis Nebenwirkungen verursachen, obwohl nicht jeder sie erlebt. Es ist wichtig, sich dessen bewusst zu sein und sich bei Bedenken mit einem medizinischen Fachpersonal zu beraten. Wenn du <strong>Marke Cialis online bestellen<\/strong>Sie sollten sich auch der Wichtigkeit bewusst sein, es verantwortungsbewusst zu verwenden.<\/p>\n<p><em>   <strong>H\u00e4ufige Nebenwirkungen:<\/strong> Diese sind in der Regel mild bis mittel und l\u00f6sen sich oft von selbst auf. Sie k\u00f6nnen umfassen:<br \/>\n    <\/em>   Kopfschmerzen<br \/>\n    <em>   Verdauungsst\u00f6rungen (Dyspepsie)<br \/>\n    <\/em>   Back pain<br \/>\n    <em>   Muskelschmerzen (Myalgie)<br \/>\n    <\/em>   Sp\u00fclung von Gesicht und Hals<br \/>\n    <em>   stickige oder laufende Nase (Nasenverstopfung)<\/p>\n<p><\/em>   <strong>Weniger h\u00e4ufige Nebenwirkungen:<\/strong> Obwohl seltener, k\u00f6nnen einige Personen Folgendes erleben:<br \/>\n    <em>   Schwindel<br \/>\n    <\/em>   Sehver\u00e4nderungen (z. B. verschwommenes Sehen, Schwierigkeiten zwischen Blau und Gr\u00fcn)<br \/>\n    <em>   Schmerzen in den Armen oder Beinen<br \/>\n    <\/em>   Increased heart rate<br \/>\n    <em>   Herzflattern<\/p>\n<p><\/em>   <strong>Serious Side Effects (Rare but require immediate medical attention):<\/strong><br \/>\n    <em>   <strong>Priapismus:<\/strong> Eine l\u00e4ngere Erektion von mehr als 4 Stunden. Dies ist ein medizinischer Notfall, der zu dauerhaften Sch\u00e4den f\u00fchren kann, wenn es nicht umgehend behandelt wird. In diesem Fall sofort \u00e4rztliche Hilfe in Anspruch nehmen.<br \/>\n    <\/em>   <strong>Pl\u00f6tzlicher Sehverlust:<\/strong> In seltenen F\u00e4llen wurden PDE5-Inhibitoren in einem oder beiden Augen mit einem pl\u00f6tzlichen Sehverlust in Verbindung gebracht.<br \/>\n    <em>   <strong>Pl\u00f6tzlicher H\u00f6rverlust:<\/strong> In \u00e4hnlicher Weise wurde ein pl\u00f6tzlich vermindertes oder verlorenes Geh\u00f6r gemeldet.<br \/>\n    <\/em>   <strong>Allergische Reaktionen:<\/strong> Zu den Symptomen k\u00f6nnen Hautausschlag, Juckreiz, Gesichtsschwellung, Lippen, Zunge oder Hals und Atembeschwerden geh\u00f6ren.<br \/>\n    <em>   <strong>Brustschmerzen, starker Schwindel oder \u00dcbelkeit w\u00e4hrend der sexuellen Aktivit\u00e4t.<\/strong><\/p>\n<p><\/em>   <strong>Wichtige Vorsichtsma\u00dfnahmen und Kontraindikationen:<\/strong><br \/>\n    <em>   <strong>Nitratmedikamente:<\/strong> Marke Cialis muss <strong>nie<\/strong> von Personen eingenommen werden, die irgendeine Form von Nitratmedikamenten einnehmen (z. B. Nitroglycerin gegen Brustschmerzen). Die Kombination kann zu einem gef\u00e4hrlichen Blutdruckabfall f\u00fchren.<br \/>\n    <\/em>   <strong>Alpha-Blocker:<\/strong> Wenn Sie Alpha-Blocker einnehmen (zur Behandlung von Bluthochdruck oder Prostata), seien Sie vorsichtig. Ihr Arzt kann eine niedrigere Dosis Cialis verschreiben.<br \/>\n    <em>   <strong>Heart Conditions:<\/strong> Wenn Sie bereits bestehende Herzerkrankungen wie Herzinfarkt, Schlaganfall oder unregelm\u00e4\u00dfige Herzschl\u00e4ge haben, wenden Sie sich an Ihren Arzt, bevor Sie die Marke Cialis verwenden.<br \/>\n    <\/em>   <strong>Niedriger Blutdruck (Hypotonie):<\/strong> Wenn Sie einen niedrigen Blutdruck haben, verwenden Sie die Marke Cialis mit Vorsicht.<br \/>\n    <em>   <strong>Leber- oder Nierenprobleme:<\/strong> Personen mit schwerer Leber- oder Nierenbeeintr\u00e4chtigung sollten ihre Eignung f\u00fcr die Marke Cialis mit ihrem Arzt besprechen.<br \/>\n    <\/em>   <strong>Other Medical Conditions:<\/strong> Informieren Sie Ihren Arzt \u00fcber alle Ihre Erkrankungen, einschlie\u00dflich Sehprobleme (wie Retinitis pigmentosa), Magengeschw\u00fcre, Blutungsst\u00f6rungen und Penis (z. B. Peyronie-Krankheit).<\/p>\n<p>Wenn du <strong>Marke Cialis online bestellen<\/strong> Von uns ermutigen wir Sie, sich mit diesen m\u00f6glichen Nebenwirkungen und Vorsichtsma\u00dfnahmen vertraut zu machen. Unser Ziel ist es, Ihnen sichere und wirksame Medikamente zu bieten, und fundierte Entscheidungen sind ein entscheidender Bestandteil davon.<\/p>\n<h3>Diskreter Versand in ganz Europa: Ihre Privatsph\u00e4re ist unsere Priorit\u00e4t<\/h3>\n<p>Wir verstehen, dass der Online-Kauf von Medikamenten eine sensible Angelegenheit sein kann. Deshalb legen wir gro\u00dfen Wert darauf <strong>diskreter Versand<\/strong>ein Wenn du <strong>Marke Cialis online bestellen<\/strong> Aus unserer vertrauensw\u00fcrdigen europ\u00e4ischen Apotheke wird Ihr Paket in schlichter Verpackung ohne Angaben auf der Au\u00dfenseite verpackt. Unsere Versandetiketten zeigen unseren Namen nicht als Online-Apotheke an, sodass Ihre Privatsph\u00e4re vom Zeitpunkt der Verlassens unserer Einrichtung bis zur Ankunft vor Ihrer Haust\u00fcr gew\u00e4hrleistet wird. Wir versenden nach:<\/p>\n<p><em>   Spanien<br \/>\n<\/em>   Italien<br \/>\n<em>   Deutschland<br \/>\n<\/em>   Die Niederlande<br \/>\n<em>   Polen<br \/>\n<\/em>   Europa (allgemein)<br \/>\n<em>   Vereinigtes K\u00f6nigreich<\/p>\n<p>Unsere rationalisierte Logistik sorgt daf\u00fcr, dass Ihre Bestellung effizient bearbeitet und zeitnah versandt wird, wobei alle relevanten Vorschriften eingehalten werden. Sie k\u00f6nnen uns darauf verlassen, dass wir Ihre Medikamente sicher und diskret verabreichen, damit Sie wieder Vertrauen gewinnen und ein erf\u00fclltes intimes Leben ohne zus\u00e4tzlichen Stress genie\u00dfen k\u00f6nnen.<\/p>\n<h3>Warum sollten Sie uns w\u00e4hlen, um die Marke Cialis online zu bestellen?<\/h3>\n<p>Als f\u00fchrende Online-Apotheke im Dienste Europas verpflichten wir uns, einen erstklassigen Service f\u00fcr alle Ihre pharmazeutischen Bed\u00fcrfnisse anzubieten. Wenn du <strong>Marke Cialis online bestellen<\/strong> with us, you benefit from:<\/p>\n<p><\/em>   <strong>Authentische Produkte:<\/strong> Wir beziehen unsere Medikamente direkt von namhaften Herstellern und garantieren Ihnen echte und hochwertige Marke Cialis. Wir sind eine zuverl\u00e4ssige Quelle f\u00fcr Medikamente.<br \/>\n<em>   <strong>Wettbewerbsf\u00e4hige Preise:<\/strong> Wir bem\u00fchen uns, unsere Medikamente zu den bestm\u00f6glichen Preisen anzubieten, ohne die Qualit\u00e4t zu beeintr\u00e4chtigen.<br \/>\n<\/em>   <strong>Komfort und Zug\u00e4nglichkeit:<\/strong> Bestellen Sie Ihre Medikamente rund um die Uhr bequem von zu Hause aus. Keine unangenehmen Ausfl\u00fcge in eine \u00f6rtliche Apotheke.<br \/>\n<em>   <strong>Confidentiality:<\/strong> Ihre pers\u00f6nlichen Daten und Ihre Krankengeschichte werden mit gr\u00f6\u00dfter Strenge behandelt. Unsere Website nutzt fortschrittliche Sicherheitsma\u00dfnahmen zum Schutz Ihrer Daten.<br \/>\n<\/em>   <strong>Diskrete Lieferung:<\/strong> Wie oben beschrieben, ist Ihre Privatsph\u00e4re von gr\u00f6\u00dfter Bedeutung, und unsere diskreten Verpackungs- und Versandpraktiken spiegeln diese Verpflichtung wider.<br \/>\n*   <strong>Experten-Support:<\/strong> W\u00e4hrend wir als Online-Apotheke t\u00e4tig sind, empfehlen wir Ihnen, Ihren Arzt zu konsultieren. Unser Kundensupport-Team steht Ihnen auch f\u00fcr allgemeine Fragen zu unserem Service zur Verf\u00fcgung.<\/p>\n<h3>Fazit: Gewinnen Sie Ihr Vertrauen in die Marke Cialis zur\u00fcck<\/h3>\n<p>Wenn erektile Dysfunktion Ihre Lebensqualit\u00e4t und Ihre intimen Beziehungen beeintr\u00e4chtigt, gehen Sie den Schritt zu <strong>Marke Cialis online bestellen<\/strong> kann eine lebensver\u00e4ndernde Entscheidung sein. Bekannt f\u00fcr seinen leistungsstarken, langlebigen 36-Stunden-Effekt, bietet Brand Cialis f\u00fcr viele M\u00e4nner eine flexible und effektive L\u00f6sung. Wir sind Ihr vertrauensw\u00fcrdiger Online-Verk\u00e4ufer, der sich der Bereitstellung eines zug\u00e4nglichen, erschwinglichen und diskreten Zugangs zu diesem wichtigen Medikament in ganz Spanien und dem weiteren europ\u00e4ischen Kontinent verschrieben hat. Erleben Sie den Unterschied, den unser zuverl\u00e4ssiger Service und echte Produkte machen k\u00f6nnen. Gewinnen Sie Ihr Vertrauen zur\u00fcck, verbessern Sie Ihre Intimit\u00e4t und genie\u00dfen Sie ein erf\u00fcllteres Leben, indem Sie sich daf\u00fcr entscheiden <strong>Marke Cialis online bestellen<\/strong> heute<\/p>","protected":false},"excerpt":{"rendered":"<p>Nutzen Sie dauerhafte Intimit\u00e4t mit der Marke Cialis, die f\u00fcr ihre 36-Stunden-Wirksamkeit vertrauensw\u00fcrdig ist. Entwickelt von Lilly, erh\u00f6ht es den Blutfluss f\u00fcr st\u00e4rkere, zuverl\u00e4ssigere Erektionen, wenn Sie sie ben\u00f6tigen. Nehmen Sie einfach mindestens 16 Minuten vor der sexuellen Aktivit\u00e4t eine Tablette ein, um Ergebnisse zu erzielen, die bis zu 36 Stunden dauern k\u00f6nnen. Erleben Sie Selbstvertrauen und Spontaneit\u00e4t in Ihren intimen Momenten.<\/p>","protected":false},"featured_media":9046,"template":"","meta":[],"product_brand":[],"product_cat":[488,285],"product_tag":[1557,1556,1559,1561,1555,1560,1427,1432,1558,1505],"class_list":{"0":"post-9045","1":"product","2":"type-product","3":"status-publish","4":"has-post-thumbnail","6":"product_cat-best-sellers","7":"product_cat-erectile-dysfunction","8":"product_tag-36-hour-effect","9":"product_tag-brand-cialis","10":"product_tag-buy-cialis","11":"product_tag-cialis-europe","12":"product_tag-cialis-online","13":"product_tag-cialis-spain","14":"product_tag-ed-treatment","15":"product_tag-erectile-dysfunction","16":"product_tag-order-cialis","17":"product_tag-tadalafil","19":"first","20":"instock","21":"shipping-taxable","22":"purchasable","23":"product-type-variable"},"_links":{"self":[{"href":"https:\/\/capsovia.com\/de\/wp-json\/wp\/v2\/product\/9045","targetHints":{"allow":["GET"]}}],"collection":[{"href":"https:\/\/capsovia.com\/de\/wp-json\/wp\/v2\/product"}],"about":[{"href":"https:\/\/capsovia.com\/de\/wp-json\/wp\/v2\/types\/product"}],"version-history":[{"count":0,"href":"https:\/\/capsovia.com\/de\/wp-json\/wp\/v2\/product\/9045\/revisions"}],"wp:featuredmedia":[{"embeddable":true,"href":"https:\/\/capsovia.com\/de\/wp-json\/wp\/v2\/media\/9046"}],"wp:attachment":[{"href":"https:\/\/capsovia.com\/de\/wp-json\/wp\/v2\/media?parent=9045"}],"wp:term":[{"taxonomy":"product_brand","embeddable":true,"href":"https:\/\/capsovia.com\/de\/wp-json\/wp\/v2\/product_brand?post=9045"},{"taxonomy":"product_cat","embeddable":true,"href":"https:\/\/capsovia.com\/de\/wp-json\/wp\/v2\/product_cat?post=9045"},{"taxonomy":"product_tag","embeddable":true,"href":"https:\/\/capsovia.com\/de\/wp-json\/wp\/v2\/product_tag?post=9045"}],"curies":[{"name":"wp","href":"https:\/\/api.w.org\/{rel}","templated":true}]}}