{"id":9187,"date":"2024-09-26T02:34:49","date_gmt":"2024-09-26T02:34:49","guid":{"rendered":"https:\/\/pharmaplazaonline.com\/?post_type=product&#038;p=9187"},"modified":"2026-04-18T00:26:40","modified_gmt":"2026-04-18T00:26:40","slug":"zudena-medication","status":"publish","type":"product","link":"https:\/\/capsovia.com\/de\/product\/zudena-medication\/","title":{"rendered":"Zudena zum Verkauf online"},"content":{"rendered":"<h1><strong>Zudena zum Verkauf online: Ihr diskretes Tor zu verbesserter Intimit\u00e4t<\/strong><\/h1>\n<p>Willkommen in unserer vertrauensw\u00fcrdigen Online-Apotheke, Ihrem f\u00fchrenden europ\u00e4ischen Ziel f\u00fcr die Erlangung <strong>Zudena zum Verkauf online<\/strong> Mit beispielloser Diskretion und Bequemlichkeit. Wir verstehen die Bedeutung zug\u00e4nglicher und zuverl\u00e4ssiger Gesundheitsl\u00f6sungen. Deshalb bieten wir ein nahtloses Einkaufserlebnis f\u00fcr eine breite Palette von Medikamenten, einschlie\u00dflich beliebter Behandlungen, die die Intimit\u00e4t und das Vertrauen der M\u00e4nner verbessern sollen. Als seri\u00f6ser Online-Verk\u00e4ufer sind wir bestrebt, hochwertige pharmazeutische Produkte direkt an Ihre T\u00fcr zu liefern und Spanien, Italien, Deutschland, die Niederlande, Polen und das gesamte Gro\u00dfbritannien mit effizienter und diskreter Lieferung zu bedienen.<\/p>\n<p>Wenn Sie suchen <strong>Zudena zum Verkauf online<\/strong>Sie suchen wahrscheinlich nach einer L\u00f6sung, um die sexuelle Leistung und Zufriedenheit zu verbessern. Zudena, wissenschaftlich bekannt als Udenafil, ist ein hochwirksames Medikament, das f\u00fcr seine F\u00e4higkeit zur Behandlung von erektiler Dysfunktion (ED) bekannt ist. Unsere Plattform stellt sicher, dass Sie k\u00f6nnen <strong>Zudena online kaufen<\/strong> Mit der Authentizit\u00e4tssicherung und schnellen Lieferung in ganz Europa.<\/p>\n<h2><strong>Was ist Zudena? Udenafil verstehen<\/strong><\/h2>\n<p>Zudena ist ein Phosphodiesterase Typ 5 (PDE5) Inhibitor, eine Klasse von Medikamenten, die durch eine Erh\u00f6hung des Blutflusses zum Penis wirken. Diese verbesserte Durchblutung ist entscheidend, um eine Erektion zu erreichen und aufrechtzuerhalten, die f\u00fcr den Geschlechtsverkehr ausreicht. Der Wirkstoff Udenafil, der die glatten Muskeln in den Blutgef\u00e4\u00dfen des Penis entspannt, l\u00e4sst mehr Blut w\u00e4hrend der sexuellen Stimulation eindringen. Dies macht es zu einer wirksamen Behandlung f\u00fcr M\u00e4nner, die Schwierigkeiten mit Erektionen haben.<\/p>\n<p>Die wichtigsten Vorteile der Einnahme von Zudena sind:<\/p>\n<p><em>   <strong>Verbesserte erektile Funktion:<\/strong> Die prim\u00e4re Anwendung von Zudena ist die Bek\u00e4mpfung der erektilen Dysfunktion, die es M\u00e4nnern erm\u00f6glicht, Erektionen zu erreichen und aufrechtzuerhalten.<br \/>\n<\/em>   <strong>Verbesserte sexuelle Leistung:<\/strong> Durch die Erleichterung st\u00e4rkerer Erektionen kann Zudena das Selbstvertrauen und die allgemeine sexuelle Erfahrung erheblich steigern.<br \/>\n<em>   <strong>Bequemlichkeit und Diskretion:<\/strong> Einkauf <strong>Zudena zum Verkauf online<\/strong> Aus unserer Apotheke entf\u00e4llt die Notwendigkeit eines traditionellen Rezepts und bietet eine private M\u00f6glichkeit, auf dieses Medikament zuzugreifen.<br \/>\n<\/em>   <strong>Schneller Wirkungseintritt:<\/strong> Udenafil ist bekannt f\u00fcr seinen relativ schnellen Beginn, der typischerweise innerhalb von 30-60 Minuten nach der Verabreichung arbeitet.<br \/>\n<em>   <strong>Erweiterte Dauer:<\/strong> Zudena bietet ein betr\u00e4chtliches Zeitfenster f\u00fcr die Spontaneit\u00e4t.<\/p>\n<h2><strong>Dosierung und Administration: So nehmen Sie Zudena effektiv ein<\/strong><\/h2>\n<p>Wenn du <strong>Zudena online kaufen<\/strong>Das Verst\u00e4ndnis der richtigen Dosierung und Verabreichung ist sowohl f\u00fcr die Wirksamkeit als auch f\u00fcr die Sicherheit von gr\u00f6\u00dfter Bedeutung. Die empfohlene Standarddosis f\u00fcr Zudena betr\u00e4gt typischerweise 100 mg, wie erforderlich vor der erwarteten sexuellen Aktivit\u00e4t. F\u00fcr einige Personen kann eine niedrigere Dosis von 50 mg ausreichen, w\u00e4hrend andere je nach Toleranz und Wirksamkeit von der empfohlenen maximalen Dosis von 200 mg profitieren.<\/p>\n<p>Wichtige Punkte f\u00fcr Dosierung und Administration:<\/p>\n<p><\/em>   <strong>Timing:<\/strong> Nehmen Sie Zudena ungef\u00e4hr 30 Minuten bis 1 Stunde vor der sexuellen Aktivit\u00e4t ein.<br \/>\n<em>   <strong>Frequenz:<\/strong> Nehmen Sie nicht mehr als eine Dosis innerhalb von 24 Stunden ein.<br \/>\n<\/em>   <strong>Verwaltung:<\/strong> Schlucken Sie die Tablette ganz mit einem Glas Wasser.<br \/>\n<em>   <strong>Mit Essen:<\/strong> Zudena kann mit oder ohne Nahrung eingenommen werden. Der Verzehr einer fettreichen Mahlzeit vor der Einnahme des Medikaments kann jedoch die Absorption und den Wirkungseintritt verz\u00f6gern.<br \/>\n<\/em>   <strong>Sexuelle Stimulation:<\/strong> Es ist wichtig zu beachten, dass Zudena selbst keine Erektion verursacht. Sexuelle Stimulation ist erforderlich, damit das Medikament wirksam ist.<\/p>\n<p>Konsultieren Sie immer die mit Ihrem Medikament gelieferte Produktbeilage, um spezifische Anweisungen zu erhalten. Wenn Sie sich nicht sicher sind, ob Sie die richtige Dosierung f\u00fcr Sie haben, wenn Sie <strong>Zudena online kaufen<\/strong>Wir empfehlen Ihnen, sich von einem medizinischen Fachpersonal beraten zu lassen, obwohl ein Rezept \u00fcber unseren Service nicht erforderlich ist.<\/p>\n<h2><strong>Verwendung von Zudena: Mehr als nur erektile Dysfunktion<\/strong><\/h2>\n<p>W\u00e4hrend die prim\u00e4re und bekannteste Anwendung f\u00fcr Zudena die Behandlung von erektiler Dysfunktion ist, macht ihr Wirkungsmechanismus sie auch in anderen Kontexten im Zusammenhang mit der Gef\u00e4\u00dfgesundheit vorteilhaft. Durch die Verbesserung des Blutflusses werden die zugrunde liegenden physiologischen Probleme behandelt, die zu erektilen Schwierigkeiten beitragen.<\/p>\n<p>Die wichtigsten Anwendungen sind:<\/p>\n<p><em>   <strong>Behandlung der erektilen Dysfunktion (ED):<\/strong> Dies ist der Eckpfeiler von Zudena, der M\u00e4nnern hilft, die Schwierigkeiten haben, eine Erektionsfestigkeit zu erreichen oder aufrechtzuerhalten, die f\u00fcr einen zufriedenstellenden Geschlechtsverkehr zufriedenstellend ist.<br \/>\n<\/em>   <strong>Verbesserung des sexuellen Vertrauens:<\/strong> F\u00fcr M\u00e4nner, die ED erfahren, kann die F\u00e4higkeit, sexuell zu spielen, das Selbstwertgef\u00fchl tiefgreifend beeintr\u00e4chtigen. Zudena hilft, dieses Vertrauen wiederherzustellen.<br \/>\n<em>   <strong>Erleichterung intimer Beziehungen:<\/strong> Durch die L\u00f6sung von Problemen im Zusammenhang mit ED kann Zudena eine wichtige Rolle bei der Verbesserung der Kommunikation und Intimit\u00e4t zwischen den Partnern spielen.<\/p>\n<p>Wenn du <strong>Zudena zum Verkauf online kaufen<\/strong>Sie investieren in L\u00f6sungen, die sich positiv auf Ihr pers\u00f6nliches Leben und Ihre Beziehungen auswirken k\u00f6nnen, indem Sie einen gemeinsamen und behandelbaren Zustand ansprechen.<\/p>\n<h2><strong>M\u00f6gliche Nebenwirkungen von Zudena<\/strong><\/h2>\n<p>Wie alle Medikamente kann Zudena Nebenwirkungen haben, obwohl nicht jeder sie erleben wird. Die meisten Nebenwirkungen sind leicht bis mittelschwer und neigen dazu, sich von selbst zu l\u00f6sen. Das Verst\u00e4ndnis dieser m\u00f6glichen Auswirkungen ist Teil der verantwortungsvollen Verwendung von Medikamenten.<\/p>\n<p>H\u00e4ufige Nebenwirkungen k\u00f6nnen sein:<\/p>\n<p><\/em>   Kopfschmerzen<br \/>\n<em>   Err\u00f6ten (R\u00f6tung oder W\u00e4rme im Gesicht, im Nacken oder in der Brust)<br \/>\n<\/em>   Verstopfte Nase<br \/>\n<em>   Verdauungsst\u00f6rungen oder Sodbrennen<br \/>\n<\/em>   Back pain<br \/>\n<em>   Muskelkater<\/p>\n<p>Weniger h\u00e4ufige, aber schwerwiegendere Nebenwirkungen erfordern sofortige \u00e4rztliche Hilfe:<\/p>\n<p><\/em>   <strong>Priapismus:<\/strong> Eine l\u00e4ngere Erektion von mehr als 4 Stunden. Dies ist ein medizinischer Notfall und erfordert eine sofortige Behandlung, um dauerhafte Sch\u00e4den zu vermeiden.<br \/>\n<em>   <strong>Pl\u00f6tzliche Sehst\u00f6rungen:<\/strong> einschlie\u00dflich verschwommener Sicht oder \u00c4nderungen der Farbwahrnehmung.<br \/>\n<\/em>   <strong>Pl\u00f6tzlicher H\u00f6rverlust:<\/strong> oder in den Ohren klingeln.<br \/>\n<em>   <strong>Brustschmerzen, Schwindel oder \u00dcbelkeit bei sexueller Aktivit\u00e4t:<\/strong> Wenn diese auftreten, stoppen Sie die sexuelle Aktivit\u00e4t und suchen Sie sofort \u00e4rztliche Hilfe auf.<br \/>\n<\/em>   <strong>Allergische Reaktionen:<\/strong> wie Hautausschlag, Juckreiz, Schwellung oder Atembeschwerden.<\/p>\n<p>Wenn Sie nach der Einnahme schwere oder anhaltende Nebenwirkungen haben <strong>Zudena, die Sie online kaufen<\/strong>, Stellen Sie die Anwendung ein und konsultieren Sie einen Arzt. Wir m\u00f6chten klare Informationen bereitstellen, um eine sichere Nutzung aller europ\u00e4ischen Kunden zu gew\u00e4hrleisten.<\/p>\n<h2><strong>Wer sollte und darf nicht zudena nehmen? Wichtige \u00dcberlegungen<\/strong><\/h2>\n<p>W\u00e4hrend Zudena f\u00fcr viele ein sicheres und wirksames Medikament ist, gibt es bestimmte Personen, die Vorsicht walten lassen oder deren Anwendung insgesamt vermeiden sollten. Es ist wichtig, diese Kontraindikationen zu beachten, um Ihre Sicherheit zu gew\u00e4hrleisten.<\/p>\n<p><strong>\u00dcberlegungen vor dem Kauf von Zudena online:<\/strong><\/p>\n<p><em>   <strong>Nitratmedikamente:<\/strong> Zudena sollte <strong>Nicht<\/strong> von M\u00e4nnern eingenommen werden, die jegliche Form von Nitratmedikamenten gegen Brustschmerzen oder Herzerkrankungen einnehmen (z. B. Nitroglycerin, Isosorbidmononitrat, Isosorbiddinitrat). Die Kombination kann zu einem gef\u00e4hrlichen Blutdruckabfall f\u00fchren.<br \/>\n<\/em>   <strong>Alpha-Blocker:<\/strong> Wenn Sie Alpha-Blocker f\u00fcr Bluthochdruck oder Prostataerkrankungen einnehmen, besprechen Sie dies mit einem Gesundheitsdienstleister. W\u00e4hrend manchmal zusammen verwendet, ist Vorsicht geboten.<br \/>\n<em>   <strong>Heart Conditions:<\/strong> Personen mit schwerer Herzkrankheit, k\u00fcrzlichem Herzinfarkt (innerhalb der letzten 6 Monate), k\u00fcrzlichem Schlaganfall (innerhalb der letzten 6 Monate) oder unkontrolliertem Bluthochdruck sollten vor der Einnahme von Zudena konsultiert werden.<br \/>\n<\/em>   <strong>Leber- oder Nierenprobleme:<\/strong> Eine schwere Leber- oder Nierenbeeintr\u00e4chtigung kann eine Dosisanpassung oder Kontraindikation erforderlich machen.<br \/>\n<em>   <strong>Sehprobleme:<\/strong> Bestimmte bereits bestehende Augenerkrankungen, wie z. B. Retinitis pigmentosa, k\u00f6nnen Zudena ungeeignet machen.<br \/>\n<\/em>   <strong>Ungew\u00f6hnliche Penisform:<\/strong> Wenn Sie eine anatomische Anomalie des Penis wie Angulation, Cavernosalfibrose oder Peyronie-Krankheit haben, wenden Sie sich an einen Arzt.<\/p>\n<p>Wenn du <strong>Zudena zum Verkauf online kaufen<\/strong> Aus unserer seri\u00f6sen europ\u00e4ischen Apotheke betonen wir, wie wichtig es ist, \u00fcber Ihren Gesundheitszustand informiert zu werden. W\u00e4hrend wir zug\u00e4ngliche Medikamente zur Verf\u00fcgung stellen, sind die pers\u00f6nlichen gesundheitlichen Umst\u00e4nde von gr\u00f6\u00dfter Bedeutung.<\/p>\n<h2><strong>Warum w\u00e4hlen Sie uns f\u00fcr Ihre Zudena-Bed\u00fcrfnisse? Zuverl\u00e4ssigkeit und diskreter Versand<\/strong><\/h2>\n<p>Unser Engagement ist es, einen vertrauensw\u00fcrdigen und diskreten Service f\u00fcr alle Ihre pharmazeutischen Bed\u00fcrfnisse zu bieten. Wenn Sie suchen <strong>Zudena zum Verkauf online<\/strong>Sie m\u00f6chten eine zuverl\u00e4ssige Quelle, die Ihrer Privatsph\u00e4re priorisiert und die Produktqualit\u00e4t garantiert.<\/p>\n<p>Unsere Vorteile sind:<\/p>\n<p><em>   <strong>Authentische Produkte:<\/strong> Wir beziehen unsere Medikamente von seri\u00f6sen Herstellern und stellen sicher, dass Sie echte Zudena erhalten, die mit der von einem Arzt verschriebenen identisch sind.<br \/>\n<\/em>   <strong>Diskrete Verpackung:<\/strong> Ihre Bestellung wird in einfachen, nicht gekennzeichneten Verpackungen versendet, um die absolute Privatsph\u00e4re zu gew\u00e4hrleisten. Niemand wird den Inhalt Ihrer Lieferung kennen.<br \/>\n<em>   <strong>Schneller und zuverl\u00e4ssiger Versand:<\/strong> Wir bieten effiziente Versanddienstleistungen in ganz Europa, einschlie\u00dflich Spanien, Italien, Deutschland, den Niederlanden, Polen und Gro\u00dfbritannien. Sie k\u00f6nnen erwarten, dass Ihre Bestellung umgehend eintrifft.<br \/>\n<\/em>   <strong>Wettbewerbsf\u00e4hige Preise:<\/strong> Wir bem\u00fchen uns, wettbewerbsf\u00e4hige Preise f\u00fcr alle unsere Medikamente anzubieten und effektive Behandlungen zug\u00e4nglich zu machen.<br \/>\n<em>   <strong>Kundendienst:<\/strong> Our dedicated customer support team is available to answer any questions you may have regarding your order or our services.<br \/>\n<\/em>   <strong>Kein Rezept erforderlich:<\/strong> Wir verstehen die Barrieren, mit denen einige Personen bei der Erlangung von Rezepten konfrontiert sind. Unser Service erm\u00f6glicht es Ihnen <strong>Zudena online kaufen<\/strong> Ohne die Notwendigkeit eines Arztes, bietet eine bequeme L\u00f6sung.<\/p>\n<h2><strong>Navigieren auf dem Markt: Zudena sicher online kaufen<\/strong><\/h2>\n<p>Der Online-Markt f\u00fcr Medikamente kann sehr gro\u00df sein, und es ist wichtig, einen Anbieter zu w\u00e4hlen, der Sicherheit und Authentizit\u00e4t priorisiert. Wenn Sie sich dazu entschlie\u00dfen <strong>Zudena online kaufen<\/strong>Stellen Sie sicher, dass Sie dies in einer seri\u00f6sen Apotheke wie unserer tun.<\/p>\n<p>Suchen Sie nach diesen Anzeichen eines legitimen Online-Verk\u00e4ufers:<\/p>\n<p><em>   <strong>Klare Produktinformationen:<\/strong> Detaillierte Beschreibungen, Dosierungen, m\u00f6gliche Nebenwirkungen und Gebrauchsanweisungen sollten leicht verf\u00fcgbar sein.<br \/>\n<\/em>   <strong>Sichere Zahlungsoptionen:<\/strong> Eine sichere Website mit verschl\u00fcsselten Zahlungs-Gateways ist entscheidend f\u00fcr den Schutz Ihrer Finanzinformationen.<br \/>\n<em>   <strong>Professionelles Website-Design<\/strong> Eine gut gestaltete und informative Website weist auf einen ernsthaften und professionellen Betrieb hin.<br \/>\n<\/em>   <strong>Kontaktinformationen:<\/strong> Legitime Apotheken bieten klare Kontaktdaten, einschlie\u00dflich Kundensupport-Optionen.<br \/>\n*   <strong>Datenschutzerkl\u00e4rung:<\/strong> Eine transparente Datenschutzrichtlinie, in der die Handhabung Ihrer Daten beschrieben wird, ist unerl\u00e4sslich.<\/p>\n<p>Wir sind stolz darauf, ein vertrauensw\u00fcrdiger Online-Verk\u00e4ufer zu sein und den Komfort des Kaufs zu bieten <strong>Zudena zum Verkauf online<\/strong> Mit der Sicherheit, die von einem sicheren, diskreten und zuverl\u00e4ssigen Service kommt.<\/p>\n<h2><strong>Fazit: Ihr vertrauensw\u00fcrdiger Partner f\u00fcr Zudena und mehr<\/strong><\/h2>\n<p>Abschlie\u00dfend, wenn Sie in Spanien, Italien, Deutschland, den Niederlanden, Polen, Gro\u00dfbritannien oder einem anderen Teil Europas sind und nach <strong>Zudena zum Verkauf online<\/strong>, unsere vertrauensw\u00fcrdige Online-Apotheke ist Ihre ideale L\u00f6sung. Wir bieten eine diskrete, sichere und bequeme M\u00f6glichkeit, um effektive Behandlungen f\u00fcr erektile Dysfunktion zu erhalten, damit Sie wieder Selbstvertrauen gewinnen und Ihr intimes Leben verbessern k\u00f6nnen.<\/p>\n<p>Wir sind bestrebt, eine zuverl\u00e4ssige Quelle f\u00fcr zu sein <strong>verschreibungspflichtige Medikamente<\/strong> und rezeptfreie Produkte, die bei jeder Bestellung Qualit\u00e4t und Authentizit\u00e4t gew\u00e4hrleisten. Wenn du <strong>Zudena online kaufen<\/strong> Von uns profitieren Sie von unserem Engagement f\u00fcr Kundenzufriedenheit, zeitnahe Lieferung und absolute Privatsph\u00e4re. Entdecken Sie unsere Produktpalette und erleben Sie die einfache Verwaltung Ihrer Gesundheitsbed\u00fcrfnisse mit einer Apotheke, der Sie vertrauen k\u00f6nnen. Ihre Reise zu Intimit\u00e4t und Wohlbefinden beginnt hier.<\/p>","protected":false},"excerpt":{"rendered":"<p>Holen Sie sich Ihre Zudena bequem direkt an Ihre T\u00fcr! Wir bieten Zudena zum Verkauf online an und bieten eine diskrete und zuverl\u00e4ssige M\u00f6glichkeit, Ihre Gesundheitsbed\u00fcrfnisse zu verwalten. Erleben Sie Leichtigkeit und Sicherheit, wenn Sie wissen, dass Sie hochwertige Medikamente von einer vertrauensw\u00fcrdigen Quelle erhalten. Bestellen Sie noch heute Ihre Zudena f\u00fcr ein stressfreies Erlebnis!<\/p>","protected":false},"featured_media":9188,"template":"","meta":[],"product_brand":[],"product_cat":[285],"product_tag":[1494,1489,1450,1491,1490,1492,1496,1493,1488,1495],"class_list":{"0":"post-9187","1":"product","2":"type-product","3":"status-publish","4":"has-post-thumbnail","6":"product_cat-erectile-dysfunction","7":"product_tag-buy-udenafil-online","8":"product_tag-buy-zudena-online","9":"product_tag-erectile-dysfunction-treatment","10":"product_tag-pde5-inhibitor","11":"product_tag-udenafil-online","12":"product_tag-zudena-discreet-shipping","13":"product_tag-zudena-dosage","14":"product_tag-zudena-european-pharmacy","15":"product_tag-zudena-for-sale","16":"product_tag-zudena-no-prescription","18":"first","19":"instock","20":"shipping-taxable","21":"purchasable","22":"product-type-variable"},"_links":{"self":[{"href":"https:\/\/capsovia.com\/de\/wp-json\/wp\/v2\/product\/9187","targetHints":{"allow":["GET"]}}],"collection":[{"href":"https:\/\/capsovia.com\/de\/wp-json\/wp\/v2\/product"}],"about":[{"href":"https:\/\/capsovia.com\/de\/wp-json\/wp\/v2\/types\/product"}],"version-history":[{"count":0,"href":"https:\/\/capsovia.com\/de\/wp-json\/wp\/v2\/product\/9187\/revisions"}],"wp:featuredmedia":[{"embeddable":true,"href":"https:\/\/capsovia.com\/de\/wp-json\/wp\/v2\/media\/9188"}],"wp:attachment":[{"href":"https:\/\/capsovia.com\/de\/wp-json\/wp\/v2\/media?parent=9187"}],"wp:term":[{"taxonomy":"product_brand","embeddable":true,"href":"https:\/\/capsovia.com\/de\/wp-json\/wp\/v2\/product_brand?post=9187"},{"taxonomy":"product_cat","embeddable":true,"href":"https:\/\/capsovia.com\/de\/wp-json\/wp\/v2\/product_cat?post=9187"},{"taxonomy":"product_tag","embeddable":true,"href":"https:\/\/capsovia.com\/de\/wp-json\/wp\/v2\/product_tag?post=9187"}],"curies":[{"name":"wp","href":"https:\/\/api.w.org\/{rel}","templated":true}]}}