{"id":9208,"date":"2024-09-26T02:41:56","date_gmt":"2024-09-26T02:41:56","guid":{"rendered":"https:\/\/pharmaplazaonline.com\/?post_type=product&#038;p=9208"},"modified":"2026-04-18T00:25:52","modified_gmt":"2026-04-18T00:25:52","slug":"caverta-2","status":"publish","type":"product","link":"https:\/\/capsovia.com\/de\/product\/caverta-2\/","title":{"rendered":"Caverta For Sale Online"},"content":{"rendered":"<h1>Caverta online zu verkaufen: Ihre vertrauensw\u00fcrdige Quelle f\u00fcr eine effektive Behandlung mit erektiler Dysfunktion<\/h1>\n<p>Suchen Sie nach <strong>Caverta zum Verkauf online<\/strong>? Suchen Sie nicht weiter als unsere seri\u00f6se Online-Apotheke, in der der diskrete und zuverl\u00e4ssige Zugang zu hochwertigen Medikamenten unsere oberste Priorit\u00e4t ist. Wir wissen, wie wichtig Datenschutz und Komfort f\u00fcr die Verwaltung Ihrer Gesundheit sind, und wir sind bestrebt, Kunden in ganz Europa, einschlie\u00dflich Spanien, Italien, Deutschland, den Niederlanden, Polen und Gro\u00dfbritannien, ein nahtloses Erlebnis zu bieten.<\/p>\n<p>In unserer vertrauensw\u00fcrdigen Online-Apotheke bieten wir ein umfassendes Sortiment an verschreibungspflichtigen und rezeptfreien Medikamenten, einschlie\u00dflich wirksamer Behandlungen f\u00fcr erektile Dysfunktion wie Caverta. Unser Engagement f\u00fcr die Qualit\u00e4tssicherung bedeutet, dass Sie sicher sein k\u00f6nnen, dass alle Medikamente, die Sie bei uns kaufen, von namhaften Herstellern stammen und strengen internationalen Standards entsprechen. Wir sind eine zuverl\u00e4ssige Quelle f\u00fcr alle Ihre medizinischen Bed\u00fcrfnisse und stellen sicher, dass Sie sichere und effektive Produkte direkt vor Ihrer Haust\u00fcr erhalten.<\/p>\n<h2>Caverta verstehen: eine leistungsstarke L\u00f6sung f\u00fcr erektile Dysfunktion<\/h2>\n<p>Caverta ist ein hochwirksames Medikament, das haupts\u00e4chlich zur Behandlung von erektiler Dysfunktion (ED) eingesetzt wird und auch als Impotenz bezeichnet wird. Es geh\u00f6rt zu einer Klasse von Arzneimitteln, die als Phosphodiesterase Typ 5 (PDE5) -Inhibitoren bezeichnet werden. Der Wirkstoff in Caverta ist <strong>Sildenafil Citrat<\/strong>, das gleiche wie in Viagra, bekannt f\u00fcr seine F\u00e4higkeit, M\u00e4nnern zu helfen, eine Erektionsfirma zu erreichen und aufrechtzuerhalten, die f\u00fcr den Geschlechtsverkehr genug ist.<\/p>\n<p>Wenn Sie kaufen <strong>Caverta online<\/strong>Sie entscheiden sich f\u00fcr eine wissenschaftlich nachgewiesene Behandlung, die durch eine Erh\u00f6hung der Durchblutung des Penis w\u00e4hrend der sexuellen Stimulation funktioniert. Dieser verbesserte Blutfluss ist entscheidend f\u00fcr die Errichtung einer Erektion. Caverta ist kein Aphrodisiakum; Es erfordert sexuelle Erregung, um effektiv zu sein.<\/p>\n<h3>Wie funktioniert Caverta? Die Wissenschaft hinter der Wirksamkeit<\/h3>\n<p>Eine erektile Dysfunktion kann von verschiedenen Faktoren, einschlie\u00dflich k\u00f6rperlichen Zust\u00e4nden, psychischen Problemen oder einer Kombination aus beidem, herr\u00fchren. Oft ist ED durch verengte Blutgef\u00e4\u00dfe mit einer verminderten Durchblutung des Penis verbunden.<\/p>\n<p>Caverta arbeitet von:<\/p>\n<p><em>   <strong>Entspannung der glatten Muskeln in den W\u00e4nden der Blutgef\u00e4\u00dfe:<\/strong> Diese Aktion, insbesondere in den Penisarterien, erm\u00f6glicht ein gr\u00f6\u00dferes Blutvolumen, um in den Penis zu gelangen.<br \/>\n<\/em>   <strong>Hemmung des PDE5-Enzyms:<\/strong> Dieses Enzym ist f\u00fcr den Abbau von zyklischem Guanosinmonophosphat (cGMP) verantwortlich. cGMP ist eine Substanz, die die glatte Muskulatur und einen erh\u00f6hten Blutfluss verursacht. Durch die Hemmung von PDE5 werden die cGMP-Spiegel aufrechterhalten, was zu einer l\u00e4ngeren Vasodilatation und einer verbesserten erektilen Funktion f\u00fchrt.<\/p>\n<p>Das Ergebnis ist eine deutlich verbesserte F\u00e4higkeit, eine Erektion zu erreichen und aufrechtzuerhalten, wenn sie sexuell stimuliert wird. Dies kann zu einer gr\u00f6\u00dferen sexuellen Zufriedenheit f\u00fcr Sie und Ihren Partner f\u00fchren.<\/p>\n<h3>Hauptverwendungen und Vorteile von Caverta<\/h3>\n<p>Die Hauptanwendung von Caverta ist die Behandlung <strong>Erektile Dysfunktion bei erwachsenen M\u00e4nnern<\/strong>ein Wenn es in einen gesunden Lebensstil integriert ist, kann es erhebliche Vorteile bieten:<\/p>\n<p><em>   <strong>Effektive Erektionen:<\/strong> Caverta hilft M\u00e4nnern, Erektionen zu erreichen und aufrechtzuerhalten, die f\u00fcr sexuelle Aktivit\u00e4ten geeignet sind.<br \/>\n<\/em>   <strong>Verbessertes sexuelles Vertrauen:<\/strong> Die erfolgreiche \u00dcberwindung von ED kann das Selbstwertgef\u00fchl erheblich steigern und die Leistungsangst verringern.<br \/>\n<em>   <strong>Verbesserte Intimit\u00e4t:<\/strong> Durch die Wiederherstellung der sexuellen Funktion kann Caverta dazu beitragen, die Zufriedenheit und Intimit\u00e4t der Beziehung zu verbessern.<br \/>\n<\/em>   <strong>Bequemer Online-Einkauf:<\/strong> Kauf <strong>Caverta zum Verkauf online<\/strong> Bietet beispiellosen Komfort, so dass Sie aus der Privatsph\u00e4re Ihres Hauses bestellen und diskrete Lieferung erhalten k\u00f6nnen.<br \/>\n<em>   <strong>Qualit\u00e4t versichert:<\/strong> Als vertrauensw\u00fcrdiger Online-Verk\u00e4ufer stellen wir sicher, dass alle unsere Produkte, einschlie\u00dflich Caverta, echt sind und hohe Qualit\u00e4tsstandards erf\u00fcllen.<\/p>\n<h3>Caverta-Dosierung und -Verabreichung: Wie man es effektiv einsetzt<\/h3>\n<p>Beim Kauf <strong>Caverta online<\/strong>Es ist wichtig, die empfohlenen Dosierungs- und Verwaltungsrichtlinien zu verstehen, um sowohl die Sicherheit als auch die Wirksamkeit zu gew\u00e4hrleisten. Caverta ist normalerweise in 100-mg-Tabletten erh\u00e4ltlich.<\/p>\n<p><\/em>   <strong>Standard Dosage:<\/strong> Die empfohlene Anfangsdosis f\u00fcr die meisten M\u00e4nner ist <strong>50mg<\/strong>, ungef\u00e4hr eine Stunde vor der erwarteten sexuellen Aktivit\u00e4t eingenommen. Ihr Arzt kann diese Dosis basierend auf Ihrer individuellen Reaktion und Toleranz anpassen. Die maximale empfohlene Dosis betr\u00e4gt 100 mg pro Tag.<br \/>\n<em>   <strong>Timing:<\/strong> Nehmen Sie Caverta-Tabletten mit einem Glas Wasser ein. Es ist am effektivsten, wenn es auf leeren Magen oder nach einer leichten Mahlzeit eingenommen wird. Eine schwere, fettige Mahlzeit kann den Beginn ihrer Wirkung verz\u00f6gern.<br \/>\n<\/em>   <strong>Frequenz:<\/strong> Nehmen Sie nicht mehr als eine Tablette innerhalb von 24 Stunden ein.<br \/>\n<em>   <strong>Sexuelle Stimulation:<\/strong> Denken Sie daran, Caverta funktioniert nur, wenn Sie sexuell erregt sind. Das Medikament verursacht nicht spontan eine Erektion.<\/p>\n<p><strong>Wichtiger Hinweis:<\/strong> W\u00e4hrend wir anbieten <strong>Caverta zum Verkauf online<\/strong> Ohne Rezept ist es immer ratsam, einen Arzt zu konsultieren, wenn Sie zugrunde liegende Gesundheitszust\u00e4nde haben oder andere Medikamente einnehmen. Sie k\u00f6nnen helfen, die am besten geeignete Sildenafil-Dosierung f\u00fcr Ihre spezifischen Bed\u00fcrfnisse zu bestimmen.<\/p>\n<h3>M\u00f6gliche Nebenwirkungen von Caverta<\/h3>\n<p>Wie alle Medikamente kann Caverta Nebenwirkungen verursachen, obwohl nicht jeder sie erlebt. Die meisten Nebenwirkungen sind leicht bis mittelschwer und neigen dazu, sich von selbst zu l\u00f6sen. Wenn Sie kaufen <strong>Caverta online<\/strong>Es ist wichtig, sich dieser m\u00f6glichen Reaktionen bewusst zu sein:<\/p>\n<p><\/em>   <strong>H\u00e4ufige Nebenwirkungen (k\u00f6nnen bis zu 1 von 10 Personen betreffen):<\/strong><br \/>\n    <em>   Kopfschmerzen<br \/>\n    <\/em>   Err\u00f6ten (R\u00f6tung und W\u00e4rme im Gesicht, im Nacken oder in der Brust)<br \/>\n    <em>   Verdauungsst\u00f6rungen (Dyspepsie)<br \/>\n    <\/em>   Sehst\u00f6rungen (einschlie\u00dflich verschwommener Sicht, Ver\u00e4nderungen in der Farbwahrnehmung)<br \/>\n    <em>   Verstopfte Nase<br \/>\n    <\/em>   Schwindel<\/p>\n<p><em>   <strong>Weniger h\u00e4ufige Nebenwirkungen (k\u00f6nnen bis zu 1 von 100 Personen betreffen):<\/strong><br \/>\n    <\/em>   Erbrechen oder \u00dcbelkeit<br \/>\n    <em>   Mundtrockenheit<br \/>\n    <\/em>   Erm\u00fcdung<br \/>\n    <em>   Muskelschmerzen oder Schmerzen<br \/>\n    <\/em>   Heartburn<br \/>\n    <em>   Ausschlag<br \/>\n    <\/em>   Schmerzen in den Armen oder Beinen<\/p>\n<p><em>   <strong>Seltene Nebenwirkungen (k\u00f6nnen bis zu 1 von 1.000 Personen betreffen):<\/strong><br \/>\n    <\/em>   More serious visual impairment<br \/>\n    <em>   Ohnmacht<br \/>\n    <\/em>   Priapismus (eine l\u00e4ngere und schmerzhafte Erektion, die l\u00e4nger als 4 Stunden andauert \u2013 das ist ein medizinischer Notfall)<br \/>\n    <em>   Irregular heartbeat<br \/>\n    <\/em>   pl\u00f6tzliche Abnahme oder H\u00f6rverlust<br \/>\n    <em>   Schlaganfall<br \/>\n    <\/em>   Herzinfarkt<\/p>\n<p><strong>Suchen Sie sofort einen Arzt auf<\/strong> Wenn Sie nach der Einnahme von Caverta eine l\u00e4ngere Erektion (Priapismus) oder Anzeichen einer schweren allergischen Reaktion (Schwierigkeitsatmung, Schwellung des Gesichts, der Lippen, der Zunge oder des Rachens) erleben.<\/p>\n<h3>Gegenanzeigen und Vorsichtsma\u00dfnahmen beim Online-Kauf von Caverta<\/h3>\n<p>vor dem Kauf <strong>Caverta zum Verkauf online<\/strong>Es ist wichtig, bestimmte medizinische Bedingungen und Situationen zu beachten, in denen Caverta nicht verwendet werden sollte.<\/p>\n<p><strong>Nehmen Sie Caverta nicht ein, wenn:<\/strong><\/p>\n<p><em>   <strong>Sie nehmen Nitratmedikamente ein:<\/strong> Dies schlie\u00dft Medikamente ein, die zur Behandlung von Brustschmerzen oder Bluthochdruck eingesetzt werden, wie Nitroglycerin, Isosorbiddinitrat und Amylnitrit. Die Kombination von Caverta mit Nitraten kann zu einem gef\u00e4hrlichen Blutdruckabfall f\u00fchren.<br \/>\n<\/em>   <strong>Sie haben eine schwere Herz- oder Lebererkrankung.<\/strong><br \/>\n<em>   <strong>Sie hatten k\u00fcrzlich einen Schlaganfall oder Herzinfarkt.<\/strong><br \/>\n<\/em>   <strong>Sie haben einen niedrigen Blutdruck.<\/strong><br \/>\n<em>   <strong>Sie haben einen Sehverlust aufgrund einer Augenerkrankung namens Naion (nicht arteritische anteriore isch\u00e4mische Optikusneuropathie).<\/strong><br \/>\n<\/em>   <strong>Sie sind allergisch gegen Sildenafilcitrat oder einen der inaktiven Inhaltsstoffe in Caverta.<\/strong><\/p>\n<p><strong>Verwenden Sie mit Vorsicht, wenn:<\/strong><\/p>\n<p><em>   Sie haben eine Vorgeschichte von Herzproblemen, hohem oder niedrigem Blutdruck oder Durchblutungsst\u00f6rungen.<br \/>\n<\/em>   Sie haben Nieren- oder Lebererkrankungen.<br \/>\n<em>   Sie haben Sichelzellenan\u00e4mie, multiples Myelom oder Leuk\u00e4mie.<br \/>\n<\/em>   Sie haben eine k\u00f6rperliche Deformit\u00e4t des Penis (z. B. Peyronie-Krankheit).<br \/>\n<em>   Sie haben eine Blutungsst\u00f6rung.<br \/>\n<\/em>   Sie haben Magengeschw\u00fcre.<\/p>\n<p>Unsere Plattform sorgt beim Kauf <strong>Caverta online<\/strong>, Sie haben Zugriff auf relevante Sicherheitsinformationen. Diese Information ist jedoch kein Ersatz f\u00fcr professionelle medizinische Beratung.<\/p>\n<h3>Diskreter Versand in ganz Europa und Gro\u00dfbritannien<\/h3>\n<p>Wir verstehen, dass die Privatsph\u00e4re von gr\u00f6\u00dfter Bedeutung ist. Deshalb bieten wir an <strong>diskreter Versand<\/strong> An alle unsere europ\u00e4ischen Kunden, darunter Spanien, Italien, Deutschland, die Niederlande, Polen und Gro\u00dfbritannien. Ihre Bestellung wird in einfachen, nicht gekennzeichneten Umschl\u00e4gen oder Kartons verpackt, um sicherzustellen, dass Ihre Privatsph\u00e4re von unserer Einrichtung bis zu Ihrer Haust\u00fcr gewahrt wird. Unsere zuverl\u00e4ssige Logistik sorgt f\u00fcr eine rechtzeitige Lieferung, sodass Sie ohne unn\u00f6tige Verz\u00f6gerungen oder Bedenken Vertrauen und Intimit\u00e4t wiedererlangen k\u00f6nnen.<\/p>\n<h3>Warum w\u00e4hlen Sie uns f\u00fcr Caverta online zum Verkauf?<\/h3>\n<p>Bei der Suche <strong>Caverta zum Verkauf online<\/strong>, Vertrauen ist unerl\u00e4sslich. Wir sind stolz darauf, eine seri\u00f6se und zuverl\u00e4ssige Online-Apotheke zu sein, die Kundenzufriedenheit und Sicherheit Priorit\u00e4t einr\u00e4umt.<\/p>\n<p><em>   <strong>Originalprodukte:<\/strong> Wir beziehen alle unsere Medikamente direkt von autorisierten Herstellern und garantieren die Authentizit\u00e4t und Qualit\u00e4t jedes Produkts.<br \/>\n<\/em>   <strong>Wettbewerbsf\u00e4hige Preise:<\/strong> Wir bem\u00fchen uns, unsere Medikamente zu erschwinglichen Preisen anzubieten und effektive Behandlungen zug\u00e4nglich zu machen.<br \/>\n<em>   <strong>Diskrete Verpackung &amp; amp; Lieferung:<\/strong> Ihre Privatsph\u00e4re ist unser gr\u00f6\u00dftes Anliegen.<br \/>\n<\/em>   <strong>Weitreichende Reichweite:<\/strong> Wir versenden in ganz Europa und Gro\u00dfbritannien und bieten bequemen Zugang zu wichtigen Medikamenten.<br \/>\n*   <strong>Kundendienst:<\/strong> Unser engagiertes Kundenservice-Team steht Ihnen f\u00fcr Fragen zur Verf\u00fcgung.<\/p>\n<p>Lassen Sie die erektile Dysfunktion nicht l\u00e4nger Ihre Lebensqualit\u00e4t beeintr\u00e4chtigen. Wenn Sie suchen <strong>Caverta zum Verkauf online<\/strong>, W\u00e4hlen Sie einen Anbieter, der Qualit\u00e4t, Diskretion und Zuverl\u00e4ssigkeit bietet. Erleben Sie den Unterschied mit einer vertrauensw\u00fcrdigen Online-Apotheke, die sich Ihrem Wohlbefinden verschrieben hat. Bestellen Sie noch heute Ihre Caverta und machen Sie den ersten Schritt in Richtung erneutes Vertrauen und Erf\u00fcllung der Intimit\u00e4t.<\/p>","protected":false},"excerpt":{"rendered":"<p>Suchen Sie nach Caverta, der Ihnen hilft, wieder zu Ihrem Besten zur\u00fcckzukehren? Sie sind an der richtigen Stelle! Wir bieten Caverta online zum Verkauf an und bieten eine bequeme und diskrete M\u00f6glichkeit, die ben\u00f6tigten Medikamente zu erhalten. Bestellen Sie noch heute und erleben Sie Zufriedenheit mit einer schnellen, zuverl\u00e4ssigen Lieferung direkt an Ihre T\u00fcr.<\/p>","protected":false},"featured_media":9209,"template":"","meta":[],"product_brand":[],"product_cat":[488,285],"product_tag":[1482,1485,1483,1481,1484,1427,1416,842,1445],"class_list":{"0":"post-9208","1":"product","2":"type-product","3":"status-publish","4":"has-post-thumbnail","6":"product_cat-best-sellers","7":"product_cat-erectile-dysfunction","8":"product_tag-buy-caverta-online","9":"product_tag-buy-sildenafil-online","10":"product_tag-caverta-erectile-dysfunction","11":"product_tag-caverta-for-sale","12":"product_tag-discreet-shipping-medications","13":"product_tag-ed-treatment","14":"product_tag-erectile-dysfunction-medication","15":"product_tag-online-pharmacy-europe","16":"product_tag-sildenafil-citrate","18":"first","19":"instock","20":"shipping-taxable","21":"purchasable","22":"product-type-variable"},"_links":{"self":[{"href":"https:\/\/capsovia.com\/de\/wp-json\/wp\/v2\/product\/9208","targetHints":{"allow":["GET"]}}],"collection":[{"href":"https:\/\/capsovia.com\/de\/wp-json\/wp\/v2\/product"}],"about":[{"href":"https:\/\/capsovia.com\/de\/wp-json\/wp\/v2\/types\/product"}],"version-history":[{"count":0,"href":"https:\/\/capsovia.com\/de\/wp-json\/wp\/v2\/product\/9208\/revisions"}],"wp:featuredmedia":[{"embeddable":true,"href":"https:\/\/capsovia.com\/de\/wp-json\/wp\/v2\/media\/9209"}],"wp:attachment":[{"href":"https:\/\/capsovia.com\/de\/wp-json\/wp\/v2\/media?parent=9208"}],"wp:term":[{"taxonomy":"product_brand","embeddable":true,"href":"https:\/\/capsovia.com\/de\/wp-json\/wp\/v2\/product_brand?post=9208"},{"taxonomy":"product_cat","embeddable":true,"href":"https:\/\/capsovia.com\/de\/wp-json\/wp\/v2\/product_cat?post=9208"},{"taxonomy":"product_tag","embeddable":true,"href":"https:\/\/capsovia.com\/de\/wp-json\/wp\/v2\/product_tag?post=9208"}],"curies":[{"name":"wp","href":"https:\/\/api.w.org\/{rel}","templated":true}]}}