{"id":9727,"date":"2024-10-04T17:14:58","date_gmt":"2024-10-04T17:14:58","guid":{"rendered":"https:\/\/pharmaplazaonline.com\/?post_type=product&#038;p=9727"},"modified":"2026-04-17T22:54:06","modified_gmt":"2026-04-17T22:54:06","slug":"oxycodone-60mg","status":"publish","type":"product","link":"https:\/\/capsovia.com\/de\/product\/oxycodone-60mg\/","title":{"rendered":"Oxycodon 60 mg online kaufen"},"content":{"rendered":"<h2>Oxycodon 60mg: Effektive Schmerzlinderung diskret in ganz Europa<\/h2>\n<p>In unserer seri\u00f6sen Online-Apotheke verstehen wir die schw\u00e4chenden Auswirkungen starker Schmerzen. Unabh\u00e4ngig davon, ob Sie aufgrund einer Langzeiterkrankung oder akuten Schmerzen nach einer Verletzung oder Operation chronische Schmerzen haben, ist es von gr\u00f6\u00dfter Bedeutung, eine wirksame Linderung zu finden. Wir sind bestrebt, einen zuverl\u00e4ssigen und diskreten Service f\u00fcr die Beschaffung wichtiger Medikamente zu bieten, und wir bieten gerne an <strong>Oxycodon 60mg zum Verkauf online<\/strong>, die es Patienten in Spanien, Italien, Deutschland, den Niederlanden, Polen und Gro\u00dfbritannien zug\u00e4nglich macht. Als vertrauensw\u00fcrdiger Online-Verk\u00e4ufer priorisieren wir Ihr Wohlbefinden und wollen den Prozess der Erlangung der Schmerzmanagementl\u00f6sungen, die Sie ben\u00f6tigen, optimieren.<\/p>\n<p>Bei der Suche nach Oxycodon 60mg online zum Verkauf ist es wichtig, eine legitime und sichere Quelle zu w\u00e4hlen. Unsere Plattform ist darauf ausgelegt, diese Anforderungen zu erf\u00fcllen und bietet echte pharmazeutische Produkte, die mit gr\u00f6\u00dfter Diskretion geliefert werden. Wir verpflichten uns, ein vertrauensw\u00fcrdiger Online-Verk\u00e4ufer zu sein und sicherzustellen, dass jede Bestellung mit Professionalit\u00e4t und Sorgfalt abgewickelt wird.<\/p>\n<h3>Verst\u00e4ndnis von Oxycodon 60mg: Potente Schmerztherapie<\/h3>\n<p>Oxycodon ist ein starkes Opioid-Analgetikum, was bedeutet, dass es ein starkes Schmerzmittel ist. Es funktioniert durch die Interaktion mit Opioidrezeptoren im Gehirn und R\u00fcckenmark und ver\u00e4ndert die Art und Weise, wie Ihr K\u00f6rper Schmerzen wahrnimmt. Oxycodon 60 mg ist eine h\u00f6here Dosierung, die typischerweise bei mittelschweren bis starken Schmerzen verschrieben wird, die rund um die Uhr eine Behandlung erfordern. Es ist in verschiedenen Formen erh\u00e4ltlich, einschlie\u00dflich Tabletten mit sofortiger Freisetzung und Kapseln mit verl\u00e4ngerter Freisetzung. Wenn Sie Oxycodon 60mg online bei uns kaufen, k\u00f6nnen Sie sicher sein, dass Sie ein Qualit\u00e4tsprodukt erhalten, das f\u00fcr maximale Wirksamkeit entwickelt wurde.<\/p>\n<p><strong>Schl\u00fcsselspezifikationen von Oxycodon 60mg:<\/strong><\/p>\n<p><em>   <strong>Wirkstoff:<\/strong> Oxycodonhydrochlorid<br \/>\n<\/em>   <strong>St\u00e4rke:<\/strong> 60 mg pro Dosis (Kapsel\/Tablett)<br \/>\n<em>   <strong>Formulierungen:<\/strong> Erh\u00e4ltlich als Sofort- oder Extended-Release, wobei unser Angebot in der Regel f\u00fcr eine anhaltende Schmerzlinderung verl\u00e4ngert wird.<br \/>\n<\/em>   <strong>Wirkungsmechanismus:<\/strong> Bindet an Mu-Opioidrezeptoren im Zentralnervensystem, um die Schmerzwahrnehmung zu verringern.<br \/>\n<em>   <strong>Therapeutische Anwendung:<\/strong> Behandlung von mittelschweren bis starken Schmerzen.<\/p>\n<p>Wir sind eine zuverl\u00e4ssige Quelle f\u00fcr verschreibungspflichtige Medikamente und rezeptfreie Produkte und <strong>Oxycodon 60mg zum Verkauf online<\/strong> ist ein Eckpfeiler unseres Schmerzmanagementangebots. Unser Engagement f\u00fcr sichere und effektive L\u00f6sungen gilt f\u00fcr den Zugang zu starken Analgetika, wenn Sie diese am dringendsten ben\u00f6tigen.<\/p>\n<h3>Wann wird Oxycodon 60mg verschrieben? Verwendung und Indikationen<\/h3>\n<p>Oxycodon 60mg ist im Allgemeinen Personen vorbehalten, die an starken Schmerzen leiden, die ihre Lebensqualit\u00e4t erheblich beeintr\u00e4chtigen. Es wird am h\u00e4ufigsten verschrieben f\u00fcr:<\/p>\n<p><\/em>   <strong>Chronische Schmerzzust\u00e4nde:<\/strong> wie schwere Arthritis, Fibromyalgie oder neuropathische Schmerzen, die nicht auf weniger starke Analgetika reagiert haben.<br \/>\n<em>   <strong>Schmerzen nach der Operation:<\/strong> Nach einer gr\u00f6\u00dferen Operation, bei der eine intensive Schmerzbehandlung f\u00fcr die Genesung erforderlich ist.<br \/>\n<\/em>   <strong>Krebsschmerzen:<\/strong> die starken Schmerzen mit b\u00f6sartigen Tumoren zu lindern.<br \/>\n<em>   <strong>Schwere Verletzungsschmerzen:<\/strong> nach erheblichen Traumata oder Unf\u00e4llen, die zu intensiven und anhaltenden Schmerzen f\u00fchren.<\/p>\n<p>Es ist wichtig zu beachten, dass Patienten m\u00f6glicherweise <strong>Oxycodon 60mg online kaufen<\/strong>, seine Verwendung sollte, wenn m\u00f6glich, immer von \u00e4rztlichen Rat geleitet werden. Wir verstehen jedoch, dass die Umst\u00e4nde das Erhalten eines Rezepts schwierig machen k\u00f6nnen, und wir m\u00f6chten eine zuverl\u00e4ssige Option f\u00fcr Bed\u00fcrftige sein. Unser Service ist als vertrauensw\u00fcrdiger Online-Verk\u00e4ufer f\u00fcr diejenigen konzipiert, die diese Medikamente ben\u00f6tigen.<\/p>\n<h3>Wichtige \u00dcberlegungen, bevor Sie Oxycodon 60mg online kaufen<\/h3>\n<p>W\u00e4hrend die Bequemlichkeit des Kaufs <strong>Oxycodon 60mg zum Verkauf online<\/strong> ist ansprechend, es ist wichtig, sich seiner starken Natur und potenziellen Risiken bewusst zu sein. Als verantwortungsvolle Online-Apotheke m\u00f6chten wir sicherstellen, dass unsere Kunden gut informiert sind.<\/p>\n<p><strong>Dosierung und Anwendung:<\/strong><\/p>\n<p><\/em>   Die verschriebene Dosierung von Oxycodon 60 mg h\u00e4ngt von der Schwere der Schmerzen, der Toleranz und anderen Gesundheitsfaktoren des Einzelnen ab.<br \/>\n<em>   Formulierungen mit verl\u00e4ngerter Freisetzung sind so konzipiert, dass sie alle 12 Stunden (oder wie angegeben) eingenommen werden sollen und sollten <strong>nie<\/strong> zerquetscht, gekaut oder gebrochen werden, da dies zur schnellen Freisetzung einer m\u00f6glicherweise t\u00f6dlichen Dosis f\u00fchren kann.<br \/>\n<\/em>   Befolgen Sie immer die Anweisungen, die mit Ihren Medikamenten oder von einem medizinischen Fachpersonal angegeben wurden.<br \/>\n<em>   If you are looking to <strong>Oxycodon 60mg online kaufen<\/strong> Erstmals wird von den medizinischen Fachkr\u00e4ften begonnen, mit der niedrigsten wirksamen Dosis zu beginnen.<\/p>\n<p><strong>Potential Side Effects:<\/strong><\/p>\n<p>Wie alle Medikamente kann Oxycodon Nebenwirkungen verursachen. Einige sind h\u00e4ufig und k\u00f6nnen bei fortgesetzter Verwendung nachlassen, w\u00e4hrend andere sofortige \u00e4rztliche Hilfe ben\u00f6tigen.<\/p>\n<p><strong>H\u00e4ufige Nebenwirkungen:<\/strong><\/p>\n<p><\/em>   Schl\u00e4frigkeit oder Sedierung<br \/>\n<em>   Verstopfung<br \/>\n<\/em>   \u00dcbelkeit und Erbrechen<br \/>\n<em>   Schwindel<br \/>\n<\/em>   Mundtrockenheit<br \/>\n<em>   Juckreiz<br \/>\n<\/em>   Kopfschmerzen<br \/>\n<em>   Schw\u00e4che<\/p>\n<p><strong>Schwerwiegende Nebenwirkungen (Sofort \u00e4rztliche Hilfe aufsuchen):<\/strong><\/p>\n<p><\/em>   schwere Schl\u00e4frigkeit oder Unverantwortlichkeit<br \/>\n<em>   Verlangsamte oder flache Atmung<br \/>\n<\/em>   Verwirrung oder Halluzinationen<br \/>\n<em>   Schwere Verstopfung, die zu Bauchschmerzen oder Bl\u00e4hungen f\u00fchrt<br \/>\n<\/em>   Allergische Reaktionen (Ausschlag, Juckreiz, Schwellungen, starker Schwindel, Atembeschwerden)<br \/>\n<em>   Anf\u00e4lle<br \/>\n<\/em>   Anzeichen einer niedrigen Nebennierenfunktion (\u00dcbelkeit, Erbrechen, Appetitlosigkeit, M\u00fcdigkeit, Schw\u00e4che, Schwindel)<\/p>\n<p>Wenn Sie schwerwiegende Nebenwirkungen haben, ist es unerl\u00e4sslich, den Gebrauch zu unterbrechen und einen \u00e4rztlichen Rat einzuholen. Auch wenn Sie <strong>Oxycodon 60mg online kaufen<\/strong>Das Verst\u00e4ndnis dieser Risiken ist f\u00fcr die sichere Verwendung von entscheidender Bedeutung.<\/p>\n<h3>Vertrauen aufbauen: Warum w\u00e4hlen Sie unsere Online-Apotheke<\/h3>\n<p>Wir sind mehr als nur ein Ort <strong>Oxycodon 60mg zum Verkauf online kaufen<\/strong>ein Wir sind eine engagierte Online-Apotheke, die sich bem\u00fcht, eine zuverl\u00e4ssige Quelle f\u00fcr Ihre medizinischen Bed\u00fcrfnisse zu sein. Unsere Kernprinzipien sind:<\/p>\n<p><em>   <strong>Diskreter Versand in ganz Europa:<\/strong> Wir verstehen die Bedeutung der Privatsph\u00e4re. Alle Bestellungen werden in einfachen, nicht gekennzeichneten Verpackungen in Spanien, Italien, Deutschland, den Niederlanden, Polen und Gro\u00dfbritannien versandt. Ihre pers\u00f6nlichen Daten und der Inhalt Ihrer Bestellung bleiben vertraulich.<br \/>\n<\/em>   <strong>Echte pharmazeutische Produkte:<\/strong> Wir beziehen unsere Medikamente von namhaften Herstellern und stellen dies sicher, wenn Sie <strong>Oxycodon 60mg online kaufen<\/strong> Von uns erhalten Sie authentische und hochwertige Produkte.<br \/>\n<em>   <strong>Sichere Online-Transaktionen:<\/strong> Unsere Website nutzt fortschrittliche Sicherheitsma\u00dfnahmen, um Ihre pers\u00f6nlichen und finanziellen Informationen w\u00e4hrend des Kaufprozesses zu sch\u00fctzen.<br \/>\n<\/em>   <strong>Kundendienst:<\/strong> Unser engagiertes Team steht Ihnen zur Verf\u00fcgung, um Ihre Fragen zu beantworten und Ihnen dabei zu helfen, ein reibungsloses und zufriedenstellendes Erlebnis zu gew\u00e4hrleisten. Wir m\u00f6chten ein vertrauensw\u00fcrdiger Online-Verk\u00e4ufer sein, der Ihre Bed\u00fcrfnisse priorisiert.<br \/>\n*   <strong>Zug\u00e4nglichkeit:<\/strong> Als zuverl\u00e4ssige Quelle f\u00fcr verschreibungspflichtige Medikamente und andere Gesundheitsprodukte wollen wir denjenigen, die \u00fcber traditionelle Kan\u00e4le mit Barrieren konfrontiert sind, wesentliche Medikamente zug\u00e4nglich machen.<\/p>\n<p>Wenn Sie online nach Oxycodon 60mg zum Verkauf suchen, suchen Sie nach Zuverl\u00e4ssigkeit, Diskretion und Qualit\u00e4t. Wir sind bestrebt, genau das zu bieten.<\/p>\n<h3>Oxycodon 60mg diskret bei unserer europ\u00e4ischen Apotheke bestellen<\/h3>\n<p>Unser optimierter Prozess macht es bequem <strong>Oxycodon 60mg online kaufen<\/strong>ein Wir bedienen einen breiten europ\u00e4ischen Markt, darunter Spanien, Italien, Deutschland, die Niederlande, Polen und Gro\u00dfbritannien.<\/p>\n<p><strong>So bestellen Sie:<\/strong><\/p>\n<p>1.  <strong>St\u00f6bern Sie in unserer Auswahl:<\/strong> Navigieren Sie zur Oxycodone-Produktseite.<br \/>\n2.  <strong>In den Warenkorb legen:<\/strong> Select the desired quantity and add it to your shopping cart.<br \/>\n3.  <strong>Sicherer Checkout:<\/strong> Gehen Sie zu unserer sicheren Kasse, wo Sie Ihre Versanddaten eingeben k\u00f6nnen.<br \/>\n4.  <strong>Zahlung:<\/strong> W\u00e4hlen Sie aus unseren sicheren Zahlungsoptionen.<br \/>\n5.  <strong>Best\u00e4tigung und Versand:<\/strong> Sie erhalten eine Auftragsbest\u00e4tigung und Ihre Medikamente werden diskret an Ihre angegebene Adresse innerhalb der Europ\u00e4ischen Union und Gro\u00dfbritanniens versendet.<\/p>\n<p>Wir verstehen, dass der Online-Kauf von potenten Medikamenten ein hohes Ma\u00df an Vertrauen erfordert. Als seri\u00f6se Online-Apotheke und vertrauensw\u00fcrdiger Online-Verk\u00e4ufer verpflichten wir uns, dieses Vertrauen bei jeder Bestellung zu verdienen und aufrechtzuerhalten. Unser Ziel ist es, Ihre bevorzugte Quelle zu sein, wenn Sie m\u00fcssen <strong>Oxycodon 60mg zum Verkauf online kaufen<\/strong>, Bietet Sicherheit neben einer effektiven Schmerzlinderung.<\/p>\n<h3>Mit Schmerz leben: St\u00e4rkung Ihrer Entscheidungen<\/h3>\n<p>Die Behandlung von starken Schmerzen ist eine gro\u00dfe Herausforderung, und der Zugang zu wirksamen Medikamenten ist ein entscheidender Bestandteil der Aufrechterhaltung Ihrer Lebensqualit\u00e4t. Wir sind hier, um Sie zu unterst\u00fctzen, indem wir einen zuverl\u00e4ssigen und diskreten Kanal zur Erlangung von Oxycodon 60mg bereitstellen. Wenn Sie sich daf\u00fcr entscheiden <strong>Oxycodon 60mg zum Verkauf online kaufen<\/strong> Bei uns entscheiden Sie sich f\u00fcr einen Service, der Wert auf Ihre Privatsph\u00e4re, Sicherheit und Ihr Wohlbefinden legt. Als vertrauensw\u00fcrdiger Online-Verk\u00e4ufer und als zuverl\u00e4ssige Quelle f\u00fcr Ihre medizinischen Bed\u00fcrfnisse bem\u00fchen wir uns, den europ\u00e4ischen Markt mit Integrit\u00e4t und Effizienz zu bedienen.<\/p>","protected":false},"excerpt":{"rendered":"<p>Erhalten Sie schnelle Erleichterung mit Oxycodon 60mg, das Sie online in Ihrer vertrauensw\u00fcrdigen Apotheke kaufen k\u00f6nnen. Wir bieten bequemen Zugang zu diesem leistungsstarken Schmerztherapie-Medikament. Bestellen Sie noch heute und erleben Sie den Unterschied.<\/p>","protected":false},"featured_media":9763,"template":"","meta":[],"product_brand":[],"product_cat":[352],"product_tag":[1231,830,832,867,815,1280,1283,1282,909,1281],"class_list":{"0":"post-9727","1":"product","2":"type-product","3":"status-publish","4":"has-post-thumbnail","6":"product_cat-oxycodon","7":"product_tag-buy-oxycodone-online","8":"product_tag-chronic-pain-management","9":"product_tag-discreet-shipping","10":"product_tag-european-pharmacy","11":"product_tag-opioid-analgesic","12":"product_tag-oxycodone-60mg-for-sale","13":"product_tag-post-operative-pain-relief","14":"product_tag-reliable-pain-medication","15":"product_tag-secure-online-pharmacy","16":"product_tag-strong-pain-relief","18":"first","19":"instock","20":"shipping-taxable","21":"purchasable","22":"product-type-variable"},"_links":{"self":[{"href":"https:\/\/capsovia.com\/de\/wp-json\/wp\/v2\/product\/9727","targetHints":{"allow":["GET"]}}],"collection":[{"href":"https:\/\/capsovia.com\/de\/wp-json\/wp\/v2\/product"}],"about":[{"href":"https:\/\/capsovia.com\/de\/wp-json\/wp\/v2\/types\/product"}],"version-history":[{"count":0,"href":"https:\/\/capsovia.com\/de\/wp-json\/wp\/v2\/product\/9727\/revisions"}],"wp:featuredmedia":[{"embeddable":true,"href":"https:\/\/capsovia.com\/de\/wp-json\/wp\/v2\/media\/9763"}],"wp:attachment":[{"href":"https:\/\/capsovia.com\/de\/wp-json\/wp\/v2\/media?parent=9727"}],"wp:term":[{"taxonomy":"product_brand","embeddable":true,"href":"https:\/\/capsovia.com\/de\/wp-json\/wp\/v2\/product_brand?post=9727"},{"taxonomy":"product_cat","embeddable":true,"href":"https:\/\/capsovia.com\/de\/wp-json\/wp\/v2\/product_cat?post=9727"},{"taxonomy":"product_tag","embeddable":true,"href":"https:\/\/capsovia.com\/de\/wp-json\/wp\/v2\/product_tag?post=9727"}],"curies":[{"name":"wp","href":"https:\/\/api.w.org\/{rel}","templated":true}]}}