{"id":10334,"date":"2024-10-04T17:39:23","date_gmt":"2024-10-04T17:39:23","guid":{"rendered":"https:\/\/pharmaplazaonline.com\/?post_type=product&#038;p=10334"},"modified":"2026-04-17T22:46:30","modified_gmt":"2026-04-17T22:46:30","slug":"duromine-sale","status":"publish","type":"product","link":"https:\/\/capsovia.com\/es\/product\/duromine-sale\/","title":{"rendered":"Compra Duromine online en el Reino Unido r\u00e1pidamente."},"content":{"rendered":"<p><strong>Compre Duromine Online R\u00e1pido: su fuente confiable de medicamentos para el control del apetito<\/strong><\/p>\n<p>\u00bfEst\u00e1 luchando con el control del peso y buscando una soluci\u00f3n efectiva? Has venido al lugar correcto. Como farmacia en l\u00ednea l\u00edder y de buena reputaci\u00f3n en Espa\u00f1a, ofrecemos una forma perfecta y discreta de <strong>Comprar Duromine Online R\u00e1pido<\/strong>, junto con una amplia gama de medicamentos recetados y de venta libre. Nuestro compromiso es proporcionar soluciones de atenci\u00f3n m\u00e9dica accesibles en toda Europa, incluyendo el Reino Unido, Italia, Alemania, Holanda, Polonia y m\u00e1s all\u00e1. Cuando eliges <strong>Comprar Duromine Online R\u00e1pido<\/strong> De nosotros, est\u00e1 eligiendo la conveniencia, la fiabilidad y la discreci\u00f3n.<\/p>\n<p>Duromine, un conocido supresor del apetito, puede ser un poderoso aliado en su viaje de p\u00e9rdida de peso. Pertenece a una clase de medicamentos llamados estimulantes, que funcionan al afectar el sistema nervioso central para reducir el hambre. Comprender la duromina, sus usos, dosis y posibles efectos secundarios es crucial para un uso seguro y efectivo. Esta gu\u00eda detallada le proporcionar\u00e1 toda la informaci\u00f3n que necesita cuando decida <strong>Comprar Duromine Online R\u00e1pido<\/strong>.<\/p>\n<p><strong>\u00bfQu\u00e9 es Duromina? Entender la medicaci\u00f3n<\/strong><\/p>\n<p>Duromine es una marca de fentermina, un medicamento recetado que se usa principalmente para el manejo a corto plazo de la obesidad. Por lo general, se prescribe a personas que tienen un \u00edndice de masa corporal (IMC) de 30 o m\u00e1s, o aquellos con un IMC de 27 o m\u00e1s que tienen otros factores de riesgo como presi\u00f3n arterial alta, diabetes o colesterol alto. El ingrediente activo, la fentermina, imita la acci\u00f3n de las anfetaminas, estimulando la liberaci\u00f3n de neurotransmisores como la norepinefrina, que afecta al centro de saciedad del cerebro, lo que lleva a una sensaci\u00f3n de plenitud y, en consecuencia, se reduce apetito<\/p>\n<p><strong>\u00bfPor qu\u00e9 elegir comprar DUROMINE Online R\u00e1pido de EE. UU.?<\/strong><\/p>\n<p>Navegar el proceso de obtener medicamentos para controlar el peso a menudo puede ser complejo y lento. Agilizamos este proceso para nuestra clientela europea, asegur\u00e1ndonos de que puedas <strong>Comprar Duromine Online R\u00e1pido<\/strong> sin obst\u00e1culos innecesarios. Nuestra plataforma est\u00e1 dise\u00f1ada para facilitar su uso, ofreciendo una experiencia de compra segura y confidencial.<\/p>\n<p><em>   <strong>Discreet Shipping:<\/strong> Entendemos la necesidad de privacidad. Todos nuestros env\u00edos se manejan con la m\u00e1xima discreci\u00f3n, asegurando que su privacidad se mantenga durante todo el proceso de entrega. Enviamos a Espa\u00f1a, Italia, Alemania, Pa\u00edses Bajos, Polonia y Reino Unido.<br \/>\n<\/em>   <strong>Reliable Source:<\/strong> Como vendedor de confianza en l\u00ednea y farmacia en l\u00ednea de buena reputaci\u00f3n, obtenemos nuestros medicamentos de fabricantes leg\u00edtimos, garantizando la autenticidad y la calidad de cada producto.<br \/>\n<em>   <strong>Convenience:<\/strong> Omita las colas y la molestia de las farmacias tradicionales. Usted puede <strong>Comprar Duromine Online R\u00e1pido<\/strong> from the comfort of your home.<br \/>\n<\/em>   <strong>Accessibility:<\/strong> Nuestro objetivo es hacer que los medicamentos esenciales sean accesibles para aquellos que los necesitan en toda Europa.<\/p>\n<p><strong>Comprender la DUROMINE: usos, dosis y administraci\u00f3n<\/strong><\/p>\n<p>When you <strong>Comprar Duromine Online R\u00e1pido<\/strong>, es importante tener una comprensi\u00f3n clara de c\u00f3mo funciona y c\u00f3mo usarlo de manera segura.<\/p>\n<p><strong>Usos de Duromina:<\/strong><\/p>\n<p><em>   <strong>Appetite Suppression:<\/strong> El uso principal de Duromine es ayudar a reducir los sentimientos de hambre, lo que facilita el control de la ingesta de calor\u00edas.<br \/>\n<\/em>   <strong>Weight Management:<\/strong> Es un medicamento recetado utilizado como parte de un programa integral de control de peso que incluye cambios en la dieta, el ejercicio y el comportamiento. Por lo general, se prescribe para uso a corto plazo.<\/p>\n<p><strong>Dosis y c\u00f3mo tomar Duromine:<\/strong><\/p>\n<p>Duromine est\u00e1 disponible en diferentes resistencias, que generalmente van desde 15 mg hasta 30 mg y 40 mg de c\u00e1psulas. Su proveedor de atenci\u00f3n m\u00e9dica determinar\u00e1 la dosis adecuada y es esencial seguir sus recomendaciones con precisi\u00f3n.<\/p>\n<p><em>   <strong>Typical Dosage:<\/strong> Una dosis inicial com\u00fan es de 15 mg a 30 mg una vez al d\u00eda. La dosis puede ajustarse en funci\u00f3n de su respuesta y tolerancia individual.<br \/>\n<\/em>   <strong>Administraci\u00f3n:<\/strong> Las c\u00e1psulas de Duromine generalmente se toman una vez al d\u00eda, por la ma\u00f1ana, antes del desayuno o una hora despu\u00e9s del desayuno. Es importante no tomarlo por la noche, ya que puede causar insomnio debido a sus efectos estimulantes.<br \/>\n<em>   <strong>Duration of Use:<\/strong> La DUROMINA est\u00e1 dise\u00f1ada para uso a corto plazo, generalmente no m\u00e1s de 12 semanas. El uso prolongado puede conducir a la tolerancia y a una eficacia reducida.<\/p>\n<p><strong>Consideraciones importantes antes de comprar Duromine Online R\u00e1pido:<\/strong><\/p>\n<p>Si bien la duromina puede ser una herramienta eficaz para bajar de peso, es un medicamento potente y requiere una cuidadosa consideraci\u00f3n.<\/p>\n<p><\/em>   <strong>Medical Consultation:<\/strong> A pesar de que ofrecemos una forma conveniente de <strong>Comprar Duromine Online R\u00e1pido<\/strong>, se recomienda encarecidamente consultar con un profesional de la salud antes de comenzar cualquier medicamento nuevo, incluido Duromine. Pueden evaluar su estado de salud, determinar si la duromina es adecuada para usted y aconsejar sobre la dosis correcta.<br \/>\n<em>   <strong>Contraindications:<\/strong> Duromine no es adecuado para todos. No debe ser utilizado por personas con ciertas condiciones m\u00e9dicas, incluyendo:<br \/>\n    <\/em>   Enfermedad card\u00edaca (por ejemplo, aterosclerosis avanzada, enfermedad cardiovascular sintom\u00e1tica)<br \/>\n    <em>   Hipertensi\u00f3n moderada a severa (presi\u00f3n arterial alta)<br \/>\n    <\/em>   historia de accidentes cerebrovasculares<br \/>\n    <em>   Hipertiroidismo (tiroidismo hiperactivo)<br \/>\n    <\/em>   Glaucoma<br \/>\n    <em>   Estados agitados<br \/>\n    <\/em>   Historia del abuso de drogas<br \/>\n    <em>   Embarazo y lactancia<br \/>\n<\/em>   <strong>Interactions with Other Medications:<\/strong> La duromina puede interactuar con otros medicamentos, incluidos ciertos antidepresivos, medicamentos para la presi\u00f3n arterial y otros estimulantes. Siempre informe a su m\u00e9dico o farmac\u00e9utico sobre todos los medicamentos, suplementos y productos herbales que est\u00e1 tomando actualmente.<\/p>\n<p><strong>Efectos secundarios potenciales de la duromina<\/strong><\/p>\n<p>Al igual que con cualquier medicamento, la duromina puede causar efectos secundarios. La gravedad y la frecuencia de estos efectos secundarios pueden variar de persona a persona.<\/p>\n<p><strong>Efectos secundarios comunes:<\/strong><\/p>\n<p><em>   Boca seca<br \/>\n<\/em>   sabor desagradable<br \/>\n<em>   Inquietud y nerviosismo<br \/>\n<\/em>   Dizziness<br \/>\n<em>   Dolor de cabeza<br \/>\n<\/em>   Insomnia (difficulty sleeping)<br \/>\n<em>   Increased heart rate<br \/>\n<\/em>   Aumento de la presi\u00f3n arterial<\/p>\n<p><strong>Efectos secundarios menos comunes pero graves:<\/strong><\/p>\n<p><em>   Chest pain<br \/>\n<\/em>   Irregular heartbeat<br \/>\n<em>   dificultad para respirar<br \/>\n<\/em>   Cambios de humor, como depresi\u00f3n o excitaci\u00f3n inusual<br \/>\n<em>   Hinchaz\u00f3n en los tobillos o pies<br \/>\n<\/em>   Severe headache<br \/>\n<em>   Skin rash or itching<\/p>\n<p>Si experimenta efectos secundarios graves o persistentes, debe dejar de tomar DUROMINE y buscar atenci\u00f3n m\u00e9dica de inmediato. Es crucial <strong>Comprar Duromine Online R\u00e1pido<\/strong> de una fuente de confianza que proporciona informaci\u00f3n precisa sobre los riesgos potenciales.<\/p>\n<p><strong>Maximizando su viaje de p\u00e9rdida de peso con Duromine<\/strong><\/p>\n<p>para lograr los mejores resultados cuando <strong>Comprar Duromine Online R\u00e1pido<\/strong>, es esencial integrarlo en un plan hol\u00edstico de control de peso.<\/p>\n<p><\/em>   <strong>Cambios diet\u00e9ticos:<\/strong> Combine Duromine con una dieta equilibrada y controlada por calor\u00edas. Conc\u00e9ntrese en alimentos integrales, prote\u00ednas magras, frutas, verduras y granos enteros. Reducir los alimentos procesados, las bebidas azucaradas y las grasas no saludables es clave.<br \/>\n<em>   <strong>Regular Exercise:<\/strong> Incorpore la actividad f\u00edsica regular en su rutina. Apunta al menos 150 minutos de actividad aer\u00f3bica de intensidad moderada o 75 minutos de actividad aer\u00f3bica de intensidad vigorosa por semana, junto con actividades de fortalecimiento muscular al menos dos d\u00edas a la semana.<br \/>\n<\/em>   <strong>Terapia conductual:<\/strong> Considere buscar el apoyo de un terapeuta o consejero que pueda ayudarlo a desarrollar h\u00e1bitos alimenticios m\u00e1s saludables y mecanismos de afrontamiento para comer emocionalmente.<br \/>\n<em>   <strong>Hydration:<\/strong> Beba mucha agua durante todo el d\u00eda. El agua puede ayudarlo a sentirse m\u00e1s lleno y apoyar su metabolismo.<br \/>\n<\/em>   <strong>Sue\u00f1o adecuado:<\/strong> Aseg\u00farese de dormir lo suficiente de calidad, ya que el mal sue\u00f1o puede afectar los niveles hormonales que regulan el apetito y el metabolismo.<\/p>\n<p><strong>D\u00f3nde comprar DUROMINE Online UK de forma r\u00e1pida y segura<\/strong><\/p>\n<p>para los residentes en el Reino Unido y en toda Europa que buscan <strong>Comprar Duromine Online R\u00e1pido<\/strong>, nuestra farmacia en l\u00ednea ofrece una soluci\u00f3n segura y eficiente. Estamos comprometidos a proporcionar medicamentos de alta calidad con un enfoque en la seguridad y la satisfacci\u00f3n del cliente. Nuestro discreto env\u00edo garantiza que su pedido llegue a su puerta sin ninguna indicaci\u00f3n externa de su contenido.<\/p>\n<p>Entendemos que elegir una farmacia en l\u00ednea es una cuesti\u00f3n de confianza. Nuestra reputaci\u00f3n como farmacia en l\u00ednea de buena reputaci\u00f3n en Espa\u00f1a se basa en la transparencia, la fiabilidad y nuestra dedicaci\u00f3n para servir a nuestra base de clientes europea. cuando necesites <strong>Comprar Duromine Online R\u00e1pido<\/strong>, Recu\u00e9rdenos como su fuente de referencia para una amplia selecci\u00f3n de medicamentos, incluidos productos de venta libre y medicamentos recetados, todos disponibles con env\u00edo discreto a Espa\u00f1a, Italia, Alemania, Holanda, Polonia y el Reino Unido.<\/p>\n<p><strong>Preguntas frecuentes sobre Duromina<\/strong><\/p>\n<p><strong>P: \u00bfEs legal comprar Duromine en l\u00ednea sin receta?<\/strong><br \/>\nR: En muchos pa\u00edses, incluido el Reino Unido, la fentermina (Duromine) es un medicamento solo con receta. Sin embargo, las regulaciones pueden variar y algunas farmacias en l\u00ednea pueden operar dentro de marcos legales espec\u00edficos para ciertas regiones. Nosotros, como farmacia en l\u00ednea de buena reputaci\u00f3n, nos aseguramos de operar de acuerdo con las regulaciones aplicables para proporcionar nuestros servicios en toda Europa.<\/p>\n<p><strong>P: \u00bfQu\u00e9 tan r\u00e1pido puedo esperar ver resultados despu\u00e9s de comprar DUROMINE en l\u00ednea en el Reino Unido r\u00e1pidamente?<\/strong><br \/>\nR: Muchas personas notan una reducci\u00f3n en el apetito dentro de los primeros d\u00edas a una semana de comenzar con Duromine. Sin embargo, la p\u00e9rdida de peso significativa es un proceso gradual y, por lo general, lleva varias semanas o meses, especialmente cuando se combina con dieta y ejercicio.<\/p>\n<p><strong>P: \u00bfPuedo comprar DUROMINE en l\u00ednea r\u00e1pido en el Reino Unido y enviarlo a otros pa\u00edses europeos?<\/strong><br \/>\nR: S\u00ed, ofrecemos env\u00edos discretos a Espa\u00f1a, Italia, Alemania, Pa\u00edses Bajos, Polonia y el Reino Unido. Nuestro objetivo es hacer que los medicamentos esenciales sean accesibles en toda Europa.<\/p>\n<p><strong>P: \u00bfQu\u00e9 debo hacer si olvido una dosis de Duromine?<\/strong><br \/>\nR: Si omite una dosis, t\u00f3mela tan pronto como lo recuerde, a menos que ya est\u00e9 cerca del momento de su pr\u00f3xima dosis. No tome una dosis doble para compensar una falta. Si no est\u00e1 seguro, consulte a su proveedor de atenci\u00f3n m\u00e9dica o farmac\u00e9utico.<\/p>\n<p><strong>P: \u00bfLa duromina es adictiva?<\/strong><br \/>\nR: La fentermina tiene el potencial de dependencia y abuso, similar a otros medicamentos estimulantes. Por lo general, se recomienda para uso a corto plazo para minimizar este riesgo.<\/p>\n<p><strong>Conclusi\u00f3n: Su socio de confianza para soluciones de control de peso<\/strong><\/p>\n<p>If you are looking to <strong>Comprar Duromine Online R\u00e1pido<\/strong>, puede confiar en nuestra farmacia en l\u00ednea de buena reputaci\u00f3n. Combinamos la comodidad de realizar pedidos en l\u00ednea con la garant\u00eda de una fuente confiable para sus necesidades de medicamentos. Nuestro compromiso se extiende a proporcionar env\u00edos discretos y eficientes en toda Europa, incluyendo Espa\u00f1a, Italia, Alemania, Holanda, Polonia y el Reino Unido. Recuerde, Duromine es una herramienta poderosa para controlar el peso, pero es m\u00e1s eficaz cuando se usa como parte de un cambio de estilo de vida completo. Consulte con un profesional de la salud para garantizar que Duromine sea la opci\u00f3n correcta para usted y emprenda su viaje de p\u00e9rdida de peso con confianza.<\/p>","protected":false},"excerpt":{"rendered":"<p>\u00bfBuscas comprar Duromine en l\u00ednea en el Reino Unido? Duromine, que contiene el ingrediente activo Phentermine, es un potente supresor del apetito dise\u00f1ado para apoyar su viaje de control de peso. Funciona ayud\u00e1ndole a sentirse m\u00e1s lleno por m\u00e1s tiempo, lo que hace que sea m\u00e1s f\u00e1cil seguir una dieta saludable y un plan de ejercicios. Recuerde, la DUROMINE es un medicamento recetado y su m\u00e9dico determinar\u00e1 la dosis adecuada para usted como parte de su programa de p\u00e9rdida de peso personalizado.<\/p>","protected":false},"featured_media":10358,"template":"","meta":[],"product_brand":[],"product_cat":[309],"product_tag":[1176,1177,1175,1182,1180,874,1183,1178,1181,1179],"class_list":{"0":"post-10334","1":"product","2":"type-product","3":"status-publish","4":"has-post-thumbnail","6":"product_cat-weight-loss","7":"product_tag-buy-duromine-uk","8":"product_tag-duromine-appetite-suppressant","9":"product_tag-duromine-online-uk","10":"product_tag-duromine-prescription-uk","11":"product_tag-fast-duromine-delivery","12":"product_tag-online-pharmacy-uk","13":"product_tag-order-duromine","14":"product_tag-phentermine-uk","15":"product_tag-reliable-duromine-source","16":"product_tag-weight-loss-medication-uk","18":"first","19":"instock","20":"shipping-taxable","21":"purchasable","22":"product-type-variable"},"_links":{"self":[{"href":"https:\/\/capsovia.com\/es\/wp-json\/wp\/v2\/product\/10334","targetHints":{"allow":["GET"]}}],"collection":[{"href":"https:\/\/capsovia.com\/es\/wp-json\/wp\/v2\/product"}],"about":[{"href":"https:\/\/capsovia.com\/es\/wp-json\/wp\/v2\/types\/product"}],"version-history":[{"count":0,"href":"https:\/\/capsovia.com\/es\/wp-json\/wp\/v2\/product\/10334\/revisions"}],"wp:featuredmedia":[{"embeddable":true,"href":"https:\/\/capsovia.com\/es\/wp-json\/wp\/v2\/media\/10358"}],"wp:attachment":[{"href":"https:\/\/capsovia.com\/es\/wp-json\/wp\/v2\/media?parent=10334"}],"wp:term":[{"taxonomy":"product_brand","embeddable":true,"href":"https:\/\/capsovia.com\/es\/wp-json\/wp\/v2\/product_brand?post=10334"},{"taxonomy":"product_cat","embeddable":true,"href":"https:\/\/capsovia.com\/es\/wp-json\/wp\/v2\/product_cat?post=10334"},{"taxonomy":"product_tag","embeddable":true,"href":"https:\/\/capsovia.com\/es\/wp-json\/wp\/v2\/product_tag?post=10334"}],"curies":[{"name":"wp","href":"https:\/\/api.w.org\/{rel}","templated":true}]}}