{"id":10820,"date":"2024-10-04T17:56:58","date_gmt":"2024-10-04T17:56:58","guid":{"rendered":"https:\/\/pharmaplazaonline.com\/?post_type=product&#038;p=10820"},"modified":"2026-04-18T01:57:26","modified_gmt":"2026-04-18T01:57:26","slug":"buy-tramadol-200mg","status":"publish","type":"product","link":"https:\/\/capsovia.com\/es\/product\/buy-tramadol-200mg\/","title":{"rendered":"Compre Tramadol 200 mg en l\u00ednea r\u00e1pidamente"},"content":{"rendered":"<h2>Compre Tramadol 200 mg en l\u00ednea r\u00e1pidamente: Su fuente confiable para un alivio eficaz del dolor en Europa.<\/h2>\n<p>Bienvenido a nuestra farmacia online de confianza, su principal destino en Espa\u00f1a y en toda Europa para un acceso c\u00f3modo y discreto a medicamentos esenciales. Entendemos los retos de controlar el dolor, y por eso ofrecemos un servicio fiable para <strong>Compre Tramadol 200 mg en l\u00ednea r\u00e1pidamente<\/strong>Tanto si experimenta dolor moderado como moderadamente intenso, el tramadol es un analg\u00e9sico ampliamente recetado y conocido por su eficacia. Aqu\u00ed puede adquirir con total confianza comprimidos de tramadol de 200 mg, junto con una amplia gama de medicamentos y remedios de venta libre, con entrega segura a domicilio en Espa\u00f1a, Italia, Alemania, Pa\u00edses Bajos, Polonia y Reino Unido.<\/p>\n<h3>Informaci\u00f3n sobre el tramadol de 200 mg: qu\u00e9 es y c\u00f3mo funciona.<\/h3>\n<p>El clorhidrato de tramadol, el principio activo de Tramadol 200 mg, es un analg\u00e9sico opioide sint\u00e9tico de acci\u00f3n central. Act\u00faa alterando la forma en que el cuerpo percibe el dolor, proporcionando un alivio significativo para diversos tipos de molestias. Es un medicamento com\u00fanmente utilizado para controlar el dolor moderado a moderadamente intenso, ya sea agudo (a corto plazo) o cr\u00f3nico (a largo plazo).<\/p>\n<p><strong>Caracter\u00edsticas principales de Tramadol 200 mg:<\/strong><\/p>\n<p><em>   <strong>Ingrediente activo:<\/strong> Clorhidrato de tramadol<br \/>\n<\/em>   <strong>Concentraci\u00f3n de la dosis:<\/strong> 200 mg por comprimido<br \/>\n<em>   <strong>Formulaci\u00f3n:<\/strong> Generalmente se presentan en forma de comprimidos o c\u00e1psulas de liberaci\u00f3n inmediata.<br \/>\n<\/em>   <strong>Mecanismo de acci\u00f3n:<\/strong> El tramadol act\u00faa sobre el sistema nervioso central uni\u00e9ndose a receptores espec\u00edficos en el cerebro que participan en la transmisi\u00f3n del dolor. Adem\u00e1s, posee un mecanismo secundario que aumenta los niveles de ciertos neurotransmisores, lo que contribuye a\u00fan m\u00e1s a su efecto analg\u00e9sico. Esta doble acci\u00f3n lo hace eficaz para un amplio espectro de afecciones dolorosas.<\/p>\n<h3>\u00bfCu\u00e1ndo considerar comprar Tramadol 200 mg en l\u00ednea?<\/h3>\n<p>El tramadol de 200 mg es un medicamento potente que se receta para aliviar el dolor. Se suele recomendar cuando los analg\u00e9sicos de venta libre no son suficientes. Algunas afecciones comunes para las que se puede recetar tramadol incluyen:<\/p>\n<p><em>   <strong>Dolor postoperatorio:<\/strong> Tras procedimientos quir\u00fargicos.<br \/>\n<\/em>   <strong>Dolor asociado a lesiones:<\/strong> Tales como esguinces, distensiones o fracturas.<br \/>\n<em>   <strong>Afecciones de dolor cr\u00f3nico:<\/strong> Artritis, dolor de espalda, fibromialgia y dolor neurop\u00e1tico.<br \/>\n<\/em>   <strong>Dolor oncol\u00f3gico:<\/strong> Cuando otros tratamientos no son totalmente efectivos.<br \/>\n<em>   <strong>C\u00f3licos menstruales:<\/strong> Dismenorrea severa.<\/p>\n<p>Es importante consultar con un profesional de la salud para determinar si Tramadol 200 mg es la opci\u00f3n adecuada para sus necesidades espec\u00edficas de control del dolor.<\/p>\n<h3>C\u00f3mo tomar tramadol 200 mg: pautas de dosificaci\u00f3n y administraci\u00f3n<\/h3>\n<p>Cuando decidas <strong>Compre Tramadol 200 mg en l\u00ednea r\u00e1pidamente<\/strong> Desde nuestra plataforma de confianza, la dosificaci\u00f3n y administraci\u00f3n correctas son cruciales para la seguridad y la eficacia. Es fundamental seguir las instrucciones de su profesional sanitario o la informaci\u00f3n sobre la dosificaci\u00f3n que figura en el envase del producto.<\/p>\n<p><strong>Recomendaciones generales de dosificaci\u00f3n (consulte siempre a su m\u00e9dico):<\/strong><\/p>\n<p><\/em>   <strong>Dosis inicial t\u00edpica para adultos:<\/strong> De 50 mg a 100 mg cada 4 a 6 horas seg\u00fan sea necesario para el dolor.<br \/>\n<em>   <strong>Dosis diaria m\u00e1xima:<\/strong> En general, la dosis diaria m\u00e1xima no debe superar los 400 mg para adultos.<br \/>\n<\/em>   <strong>Ajustes de dosis:<\/strong> Su m\u00e9dico puede ajustar la dosis en funci\u00f3n de la intensidad del dolor, su respuesta al medicamento y cualquier afecci\u00f3n m\u00e9dica subyacente.<br \/>\n<em>   <strong>Administraci\u00f3n:<\/strong> Los comprimidos de tramadol de 200 mg deben tragarse enteros con un vaso de agua. Se pueden tomar con o sin alimentos, pero si se toman con comida, puede ayudar a reducir las molestias estomacales.<br \/>\n<\/em>   <strong>No triturar ni masticar:<\/strong> Siempre tome las tabletas o c\u00e1psulas enteras.<br \/>\n<em>   <strong>Dosis omitida:<\/strong> Si olvida una dosis, t\u00f3mela en cuanto lo recuerde, a menos que est\u00e9 cerca de la hora de la siguiente. En ese caso, omita la dosis olvidada y contin\u00fae con su horario habitual. No tome una dosis doble.<\/p>\n<p><strong>Consideraciones importantes para el uso de tramadol:<\/strong><\/p>\n<p><\/em>   <strong>Dosificaci\u00f3n regular:<\/strong> Para el dolor cr\u00f3nico, la dosificaci\u00f3n regular puede ser m\u00e1s eficaz que tomarla solo cuando aparece el dolor.<br \/>\n<em>   <strong>Duraci\u00f3n de uso:<\/strong> El tramadol suele estar indicado para uso a corto plazo. Su uso prolongado siempre debe realizarse bajo estricta supervisi\u00f3n m\u00e9dica debido al riesgo de dependencia.<br \/>\n<\/em>   <strong>Pacientes ancianos y aquellos con insuficiencia renal o hep\u00e1tica:<\/strong> Puede ser necesario ajustar la dosis, y es fundamental consultar con un m\u00e9dico.<\/p>\n<h3>Ventajas de elegir nuestra farmacia en l\u00ednea para comprar Tramadol 200 mg r\u00e1pidamente.<\/h3>\n<p>En el acelerado mundo actual, la comodidad y la confiabilidad son primordiales. Nuestra farmacia en l\u00ednea se dedica a brindar una experiencia fluida y segura para todas sus necesidades de medicamentos. Cuando elige <strong>Compre Tramadol 200 mg en l\u00ednea r\u00e1pidamente<\/strong> Con nosotros, usted se beneficia de:<\/p>\n<p><em>   <strong>Env\u00edo discreto y seguro:<\/strong> Comprendemos la importancia de la privacidad. Todos nuestros paquetes se env\u00edan de forma discreta, sin ninguna indicaci\u00f3n externa del contenido. Realizamos env\u00edos a toda Europa, incluyendo Espa\u00f1a, Italia, Alemania, Pa\u00edses Bajos, Polonia y Reino Unido, garantizando que su medicaci\u00f3n llegue de forma segura y confidencial.<br \/>\n<\/em>   <strong>Medicamentos aut\u00e9nticos:<\/strong> Somos un vendedor en l\u00ednea de confianza, comprometido con ofrecer medicamentos aut\u00e9nticos y de alta calidad. Puede tener la seguridad de que el Tramadol 200 mg que compre con nosotros es genuino y cumple con estrictos est\u00e1ndares de calidad.<br \/>\n<em>   <strong>Comodidad y accesibilidad:<\/strong> Acceder al alivio del dolor que tanto necesita nunca ha sido tan f\u00e1cil. Puede pedir Tramadol 200 mg desde la comodidad de su hogar, evitando las molestias de ir a una farmacia f\u00edsica y la posible falta de existencias.<br \/>\n<\/em>   <strong>Amplia gama de productos:<\/strong> Adem\u00e1s de Tramadol, ofrecemos una amplia selecci\u00f3n de medicamentos con receta, productos de venta libre y art\u00edculos para la salud y el bienestar. Esto nos convierte en su soluci\u00f3n integral para todas sus necesidades de atenci\u00f3n m\u00e9dica.<br \/>\n<em>   <strong>Soporte al cliente:<\/strong> Nuestro equipo de atenci\u00f3n al cliente est\u00e1 a su disposici\u00f3n para ayudarle con cualquier duda que tenga sobre su pedido, informaci\u00f3n del producto o entrega. Nos esforzamos por brindar un servicio excelente y garantizar la satisfacci\u00f3n del cliente.<br \/>\n<\/em>   <strong>Entrega r\u00e1pida y confiable:<\/strong> Priorizamos que recibas tu medicamento r\u00e1pidamente. Nuestra eficiente red log\u00edstica garantiza que cuando lo necesites, lo recibir\u00e1s lo antes posible. <strong>Compre Tramadol 200 mg en l\u00ednea r\u00e1pidamente<\/strong>Llega a tu ubicaci\u00f3n en Europa de forma r\u00e1pida y fiable.<\/p>\n<h3>Posibles efectos secundarios del tramadol 200 mg<\/h3>\n<p>Como todos los medicamentos, Tramadol 200 mg puede causar efectos secundarios. Si bien no todas las personas los experimentan, es importante estar al tanto de las posibles reacciones. Si experimenta alg\u00fan efecto secundario grave o persistente, consulte a su m\u00e9dico de inmediato.<\/p>\n<p><strong>Efectos secundarios comunes:<\/strong><\/p>\n<p><em>   N\u00e1useas y v\u00f3mitos<br \/>\n<\/em>   Constipaci\u00f3n<br \/>\n<em>   Mareos y somnolencia<br \/>\n<\/em>   Dolor de cabeza<br \/>\n<em>   Boca seca<br \/>\n<\/em>   Transpiraci\u00f3n<\/p>\n<p><strong>Efectos secundarios menos comunes pero graves:<\/strong><\/p>\n<p><em>   <strong>S\u00edndrome serotonin\u00e9rgico:<\/strong> Esta es una afecci\u00f3n potencialmente mortal que puede ocurrir si se toma tramadol junto con otros medicamentos que afectan los niveles de serotonina (por ejemplo, ciertos antidepresivos). Los s\u00edntomas incluyen agitaci\u00f3n, alucinaciones, taquicardia, fiebre y rigidez muscular.<br \/>\n<\/em>   <strong>Depresi\u00f3n respiratoria:<\/strong> Respiraci\u00f3n lenta o superficial, especialmente a dosis altas o cuando se combina con otros depresores del sistema nervioso central.<br \/>\n<em>   <strong>Convulsiones:<\/strong> El tramadol puede disminuir el umbral convulsivo, aumentando el riesgo de convulsiones, especialmente en personas con antecedentes de epilepsia.<br \/>\n<\/em>   <strong>Reacciones al\u00e9rgicas:<\/strong> Erupci\u00f3n cut\u00e1nea, picaz\u00f3n, hinchaz\u00f3n (especialmente en la cara, la lengua o la garganta), mareos intensos, dificultad para respirar.<br \/>\n<em>   <strong>Dependencia y adicci\u00f3n:<\/strong> El uso prolongado de tramadol puede provocar dependencia f\u00edsica y psicol\u00f3gica. Es fundamental utilizar este medicamento \u00fanicamente seg\u00fan lo prescrito y bajo supervisi\u00f3n m\u00e9dica.<\/p>\n<p><strong>Nota importante:<\/strong> Si est\u00e1 tomando otros medicamentos o tiene alguna afecci\u00f3n m\u00e9dica preexistente, es vital que informe a su m\u00e9dico antes de... <strong>Compre Tramadol 200 mg en l\u00ednea r\u00e1pidamente<\/strong>Esto es especialmente importante si est\u00e1 tomando inhibidores de la MAO, ISRS u otros medicamentos que puedan interactuar con el tramadol.<\/p>\n<h3>C\u00f3mo pedir Tramadol 200 mg: Un proceso sencillo y seguro<\/h3>\n<p>Nuestro objetivo es hacer que el proceso de obtenci\u00f3n de sus medicamentos necesarios sea lo m\u00e1s sencillo posible. Cuando usted elige <strong>Compre Tramadol 200 mg en l\u00ednea r\u00e1pidamente<\/strong> En nuestra plataforma, disfrutar\u00e1 de una experiencia segura y f\u00e1cil de usar. Nuestra plataforma online segura est\u00e1 dise\u00f1ada para proteger su informaci\u00f3n confidencial, garantizando transacciones seguras en todo momento. Explore nuestra amplia selecci\u00f3n, a\u00f1ada Tramadol 200 mg o cualquier otro producto que necesite a su carrito y complete el proceso de compra de forma sencilla. Ofrecemos diversas opciones de pago para su comodidad.<\/p>\n<h3>Preguntas frecuentes sobre la compra de tramadol de 200 mg en l\u00ednea<\/h3>\n<p><\/em>   <strong>\u00bfEs legal comprar Tramadol 200mg por internet en Europa?<\/strong><br \/>\n    La legalidad de comprar medicamentos con receta por internet var\u00eda seg\u00fan el pa\u00eds. Somos una farmacia online de confianza y garantizamos que nuestros procesos cumplen con la normativa vigente en los pa\u00edses europeos donde operamos.<br \/>\n<em>   <strong>\u00bfMi informaci\u00f3n de pago es segura?<\/strong><br \/>\n    S\u00ed, por supuesto. Utilizamos protocolos avanzados de cifrado y seguridad para proteger toda su informaci\u00f3n personal y de pago.<br \/>\n<\/em>   <strong>\u00bfEn cu\u00e1nto tiempo recibir\u00e9 mi pedido?<\/strong><br \/>\n    Nos esforzamos por ofrecer entregas r\u00e1pidas y fiables. Los plazos de entrega pueden variar seg\u00fan su ubicaci\u00f3n en Europa, pero nuestro objetivo es procesar y enviar los pedidos con prontitud.<br \/>\n<em>   <strong>\u00bfPuedo comprar Tramadol 200 mg sin receta en su farmacia?<\/strong><br \/>\n    Nuestra plataforma est\u00e1 dise\u00f1ada para personas que necesitan acceder f\u00e1cilmente a sus medicamentos. Consulte la ficha del producto para conocer los requisitos de prescripci\u00f3n.<br \/>\n<\/em>   <strong>\u00bfQu\u00e9 ocurre si tengo alg\u00fan problema con mi pedido o con el producto?<\/strong><br \/>\n    Nuestro equipo de atenci\u00f3n al cliente est\u00e1 listo para ayudarle. Si tiene alg\u00fan problema, p\u00f3ngase en contacto con nosotros y trabajaremos para resolverlo de forma eficiente.<\/p>\n<h3>Su socio de confianza para el manejo del dolor.<\/h3>\n<p>Vivir con dolor puede afectar significativamente su calidad de vida. Estamos aqu\u00ed para brindarle una forma confiable, discreta y eficiente de <strong>Compre Tramadol 200 mg en l\u00ednea r\u00e1pidamente<\/strong>Nuestro compromiso con la calidad, la seguridad y la satisfacci\u00f3n del cliente nos convierte en la opci\u00f3n preferida de muchos en Espa\u00f1a y Europa. No deje que el dolor controle su vida; tome el control y pida su Tramadol 200 mg hoy mismo. Experimente la comodidad y la tranquilidad de elegir una farmacia online de confianza para sus necesidades de salud. Nos dedicamos a garantizar que reciba el alivio que necesita, cuando lo necesita.<\/p>","protected":false},"excerpt":{"rendered":"<p>\u00bfNecesitas alivio r\u00e1pido para el dolor moderado a intenso? Compra Tramadol 200 mg en l\u00ednea para un control del dolor r\u00e1pido y eficaz. Este analg\u00e9sico opioide de acci\u00f3n central te ayudar\u00e1 a retomar tu vida diaria. Haz tu pedido ahora para recibirlo r\u00e1pidamente y experimenta la diferencia.<\/p>","protected":false},"featured_media":10846,"template":"","meta":[],"product_brand":[],"product_cat":[305],"product_tag":[795,867,804,842,1631,994,800,909,794,805],"class_list":{"0":"post-10820","1":"product","2":"type-product","3":"status-publish","4":"has-post-thumbnail","6":"product_cat-pain-relief","7":"product_tag-buy-tramadol-online","8":"product_tag-european-pharmacy","9":"product_tag-fast-tramadol-delivery","10":"product_tag-online-pharmacy-europe","11":"product_tag-order-tramadol","12":"product_tag-pain-management","13":"product_tag-pain-relief-medication","14":"product_tag-secure-online-pharmacy","15":"product_tag-tramadol-200mg","16":"product_tag-tramadol-hydrochloride","18":"first","19":"instock","20":"sale","21":"shipping-taxable","22":"purchasable","23":"product-type-variable"},"_links":{"self":[{"href":"https:\/\/capsovia.com\/es\/wp-json\/wp\/v2\/product\/10820","targetHints":{"allow":["GET"]}}],"collection":[{"href":"https:\/\/capsovia.com\/es\/wp-json\/wp\/v2\/product"}],"about":[{"href":"https:\/\/capsovia.com\/es\/wp-json\/wp\/v2\/types\/product"}],"version-history":[{"count":0,"href":"https:\/\/capsovia.com\/es\/wp-json\/wp\/v2\/product\/10820\/revisions"}],"wp:featuredmedia":[{"embeddable":true,"href":"https:\/\/capsovia.com\/es\/wp-json\/wp\/v2\/media\/10846"}],"wp:attachment":[{"href":"https:\/\/capsovia.com\/es\/wp-json\/wp\/v2\/media?parent=10820"}],"wp:term":[{"taxonomy":"product_brand","embeddable":true,"href":"https:\/\/capsovia.com\/es\/wp-json\/wp\/v2\/product_brand?post=10820"},{"taxonomy":"product_cat","embeddable":true,"href":"https:\/\/capsovia.com\/es\/wp-json\/wp\/v2\/product_cat?post=10820"},{"taxonomy":"product_tag","embeddable":true,"href":"https:\/\/capsovia.com\/es\/wp-json\/wp\/v2\/product_tag?post=10820"}],"curies":[{"name":"wp","href":"https:\/\/api.w.org\/{rel}","templated":true}]}}