{"id":9080,"date":"2024-09-26T01:32:07","date_gmt":"2024-09-26T01:32:07","guid":{"rendered":"https:\/\/pharmaplazaonline.com\/?post_type=product&#038;p=9080"},"modified":"2026-04-18T00:29:51","modified_gmt":"2026-04-18T00:29:51","slug":"marca-levitra","status":"publish","type":"product","link":"https:\/\/capsovia.com\/es\/product\/marca-levitra\/","title":{"rendered":"Levitra de marca a la venta r\u00e1pidamente"},"content":{"rendered":"<h2>Marca Levitra en venta Fast: su discreta soluci\u00f3n para la disfunci\u00f3n er\u00e9ctil en Europa<\/h2>\n<p>\u00bfEst\u00e1s buscando <strong>Marca Levitra R\u00e1pido<\/strong>\u00bf? No busques m\u00e1s. Como farmacia en l\u00ednea de buena reputaci\u00f3n que sirve a Espa\u00f1a, Italia, Alemania, los Pa\u00edses Bajos, Polonia y el continente europeo en general, entendemos la importancia del acceso discreto y confiable a tratamientos efectivos. La disfunci\u00f3n er\u00e9ctil (DE) puede afectar la confianza y las relaciones, pero adquirir <strong>marca levitra<\/strong> No deber\u00eda ser una fuente de estr\u00e9s o verg\u00fcenza. Nuestra plataforma segura ofrece una marca genuina Levitra, proporcionando una forma r\u00e1pida y conveniente de comprar este poderoso medicamento. Somos su fuente de confianza para productos de salud de alta calidad y recetados de venta libre, entregados discretamente a su puerta en toda Europa y el Reino Unido.<\/p>\n<p>Cuando eliges comprar <strong>Marca Levitra Online R\u00e1pido<\/strong>, usted est\u00e1 optando por un medicamento probado y confiable. Levitra, con su ingrediente activo vardenafil, es un tratamiento l\u00edder para la disfunci\u00f3n er\u00e9ctil, ayudando a millones de hombres en todo el mundo a recuperar el control de su salud sexual. Nos aseguramos de que cuando usted ordene <strong>Marca Levitra en venta<\/strong>, recibe un producto genuino y potente, fabricado con los m\u00e1s altos est\u00e1ndares farmac\u00e9uticos.<\/p>\n<h3>Comprender la marca Levitra: c\u00f3mo funciona para usted<\/h3>\n<p>Brand Levitra es un inhibidor de la fosfodiesterasa tipo 5 (PDE5). Su mecanismo principal consiste en relajar los m\u00fasculos del pene y aumentar el flujo sangu\u00edneo al \u00e1rea. Este flujo sangu\u00edneo mejorado es crucial para lograr y mantener una erecci\u00f3n lo suficientemente firme para las relaciones sexuales. El ingrediente activo, Vardenafil, funciona inhibiendo la enzima PDE5, que es responsable de descomponer el monofosfato de guanosina c\u00edclico (cGMP). El cGMP es una sustancia natural que juega un papel clave en el proceso er\u00e9ctil. Al evitar su ruptura, vardenafil permite que se acumule el cGMP, lo que lleva a la vasodilataci\u00f3n y a la mejora de la funci\u00f3n er\u00e9ctil.<\/p>\n<p><strong>Especificaciones clave de la marca Levitra:<\/strong><\/p>\n<p><em>   <strong>Ingrediente activo:<\/strong> clorhidrato de vardenafil<br \/>\n<\/em>   <strong>Available Strengths:<\/strong> T\u00edpicamente tabletas de 5 mg, 10 mg y 20 mg. Su m\u00e9dico o proveedor de atenci\u00f3n m\u00e9dica, si es consultado, determinar\u00e1 la dosis adecuada. La autoevaluaci\u00f3n para la dosis es posible dado nuestro modelo sin prescripci\u00f3n, pero comprender la respuesta de su cuerpo es clave.<br \/>\n<em>   <strong>Formulaci\u00f3n:<\/strong> Oral tablets<br \/>\n<\/em>   <strong>Inicio de la acci\u00f3n:<\/strong> Generalmente dentro de 25 a 60 minutos despu\u00e9s de la ingesti\u00f3n.<br \/>\n<em>   <strong>Duraci\u00f3n del efecto:<\/strong> Hasta 4-5 horas, aunque esto puede variar seg\u00fan el metabolismo individual y otros factores.<\/p>\n<h3>\u00bfPor qu\u00e9 elegir comprar la marca Levitra en l\u00ednea?<\/h3>\n<p>La comodidad y discreci\u00f3n que ofrece la compra <strong>Marca Levitra en venta<\/strong> A trav\u00e9s de nuestra farmacia en l\u00ednea son incomparables. Reconocemos que la privacidad es primordial para muchos de nuestros clientes. Nuestro proceso de pedido optimizado, pasarela de pago segura y empaquetado discreto garantizan que su informaci\u00f3n personal y la naturaleza de su compra permanezcan confidenciales. Cuando lo necesites <strong>Marca Levitra en Espa\u00f1a<\/strong> O cualquier otro pa\u00eds europeo, estamos equipados para entregar de manera eficiente y sin problemas.<\/p>\n<p><strong>Beneficios de comprar la marca Levitra en l\u00ednea:<\/strong><\/p>\n<p><\/em>   <strong>Discreet Delivery:<\/strong> Su pedido llega en un envase sencillo y sin marcar.<br \/>\n<em>   <strong>Convenience:<\/strong> Ordene en cualquier momento, en cualquier lugar, sin necesidad de visitar una farmacia f\u00edsica.<br \/>\n<\/em>   <strong>Accessibility:<\/strong> Obtenga el medicamento que necesita sin la necesidad de una receta, lo que facilita el acceso de inmediato al tratamiento.<br \/>\n<em>   <strong>Amplia \u00e1rea de servicio:<\/strong> Enviamos la marca Levitra a Espa\u00f1a, Italia, Alemania, Pa\u00edses Bajos, Polonia, Europa y Reino Unido.<br \/>\n<\/em>   <strong>Producto genuino:<\/strong> Garant\u00eda de recibir Levitra aut\u00e9ntica y de alta calidad.<\/p>\n<h3>C\u00f3mo usar la marca Levitra de manera segura y efectiva<\/h3>\n<p>Utilizando <strong>Marca Levitra<\/strong> Requiere una comprensi\u00f3n clara de su dosis y administraci\u00f3n. Es importante tomar la tableta como se indica para lograr los mejores resultados y minimizar los posibles efectos secundarios. Mientras ofrecemos <strong>Marca Levitra sin receta<\/strong>, Comprender las pautas generales de uso es crucial para su bienestar.<\/p>\n<p><strong>Gu\u00eda de dosificaci\u00f3n para la marca Levitra:<\/strong><\/p>\n<p>1.  <strong>Typical Starting Dose:<\/strong> Para muchos hombres, se recomienda una dosis inicial de 10 mg de Levitra de marca tomada aproximadamente 60 minutos antes de la actividad sexual.<br \/>\n2.  <strong>Dosage Adjustment:<\/strong> Dependiendo de la efectividad y la tolerabilidad, la dosis puede incrementarse a 20 mg o disminuir a 5 mg. Es recomendable comenzar con la dosis efectiva m\u00e1s baja.<br \/>\n3.  <strong>Frequency:<\/strong> No tome Levitra de la marca m\u00e1s de una vez al d\u00eda.<br \/>\n4.  <strong>Administraci\u00f3n:<\/strong> Trague la tableta entera con un vaso de agua. Se puede tomar con o sin comida. Sin embargo, una comida rica en grasas puede retrasar el inicio de la acci\u00f3n.<\/p>\n<p><strong>Consideraciones importantes de uso:<\/strong><\/p>\n<p><em>   <strong>Timing:<\/strong> Tome la marca Levitra unos 60 minutos antes de la actividad sexual anticipada.<br \/>\n<\/em>   <strong>Estimulaci\u00f3n sexual:<\/strong> La marca Levitra no causa una erecci\u00f3n por s\u00ed sola; Se requiere estimulaci\u00f3n sexual para que sea eficaz.<br \/>\n<em>   <strong>Alcohol Consumption:<\/strong> La ingesta excesiva de alcohol puede aumentar el riesgo de efectos secundarios como mareos y dolores de cabeza y puede afectar la funci\u00f3n er\u00e9ctil.<\/p>\n<h3>\u00bfCu\u00e1les son los posibles efectos secundarios de la marca Levitra?<\/h3>\n<p>Como todos los medicamentos, la marca Levitra puede causar efectos secundarios, aunque no todos los experimentar\u00e1n. La mayor\u00eda de los efectos secundarios asociados con la marca Levitra son leves a moderados y tienden a ser temporales. Si experimenta efectos secundarios graves o persistentes, suspenda su uso y consulte a un profesional de la salud.<\/p>\n<p><strong>Efectos secundarios comunes:<\/strong><\/p>\n<p><\/em>   Dolor de cabeza<br \/>\n<em>   Dizziness<br \/>\n<\/em>   Enrojecimiento (enrojecimiento o calor en la cara, cuello o pecho)<br \/>\n<em>   Stuffy or runny nose<br \/>\n<\/em>   Indigesti\u00f3n<\/p>\n<p><strong>Less Common Side Effects:<\/strong><\/p>\n<p><em>   dolor de espalda<br \/>\n<\/em>   Dolores musculares<br \/>\n<em>   Nausea<br \/>\n<\/em>   Abdominal pain<br \/>\n<em>   Increased heart rate<br \/>\n<\/em>   Cambios en la visi\u00f3n (por ejemplo, visi\u00f3n borrosa, percepci\u00f3n alterada del color) \u2013 <strong>Busque atenci\u00f3n m\u00e9dica inmediata si estos ocurren.<\/strong><\/p>\n<p><strong>Efectos secundarios raros pero graves:<\/strong><\/p>\n<p><em>   <strong>priapismo:<\/strong> Una erecci\u00f3n prolongada y dolorosa que dura m\u00e1s de 4 horas. Esta es una emergencia m\u00e9dica y requiere atenci\u00f3n inmediata para evitar da\u00f1os permanentes.<br \/>\n<\/em>   <strong>P\u00e9rdida repentina de la visi\u00f3n en uno o ambos ojos.<\/strong><br \/>\n<em>   <strong>disminuci\u00f3n o p\u00e9rdida de audici\u00f3n repentina.<\/strong><br \/>\n<\/em>   <strong>Reacciones al\u00e9rgicas:<\/strong> Erupci\u00f3n, picaz\u00f3n, hinchaz\u00f3n de la cara, labios, lengua o garganta, dificultad para respirar.<\/p>\n<p><strong>Contraindicaciones y precauciones:<\/strong><\/p>\n<p>Es crucial estar al tanto de las situaciones en las que la marca Levitra no debe usarse o usarse con precauci\u00f3n.<\/p>\n<p><em>   <strong>Nitratos:<\/strong> Marca Levitra debe <strong>No<\/strong> ser tomado por personas que usan cualquier forma de medicaci\u00f3n de nitrato (a menudo prescrita para el dolor de pecho o afecciones card\u00edacas) debido a la posibilidad de una ca\u00edda peligrosa de la presi\u00f3n arterial. Esto incluye nitroglicerina, dinitrato de isosorbida y mononitrato de isosorbida.<br \/>\n<\/em>   <strong>Bloqueadores alfa:<\/strong> El uso de la marca Levitra con alfa-bloqueadores (usado para tratar la presi\u00f3n arterial alta y el agrandamiento de la pr\u00f3stata) debe ser abordado con precauci\u00f3n.<br \/>\n<em>   <strong>Heart Conditions:<\/strong> Las personas con problemas card\u00edacos o hep\u00e1ticos graves, o aquellos que han tenido un ataque card\u00edaco reciente o un derrame cerebral, deben consultar a un profesional de la salud antes de usar la marca Levitra, aunque lo ofrecemos sin receta, es importante comprender estos riesgos.<br \/>\n<\/em>   <strong>Other Medical Conditions:<\/strong> Informe a su m\u00e9dico o considere su propio estado de salud con respecto a condiciones como presi\u00f3n arterial baja, presi\u00f3n arterial alta no controlada, ciertas afecciones oculares (por ejemplo, retinitis pigmentosa) o antecedentes de priapismo.<\/p>\n<h3>\u00bfPor qu\u00e9 elegirnos para la compra de su marca Levitra?<\/h3>\n<p>Como vendedor de confianza en l\u00ednea, nos comprometemos a proporcionar medicamentos genuinos y de alta calidad con un servicio al cliente excepcional. Cuando buscas <strong>Marca Levitra R\u00e1pido<\/strong>, est\u00e1 buscando confiabilidad, asequibilidad y discreci\u00f3n, que son precisamente lo que ofrecemos. Nuestra red de distribuci\u00f3n europea garantiza que usted reciba su <strong>Marca Levitra en Alemania<\/strong>, <strong>Marca Levitra en Italia<\/strong>, or <strong>Marca Levitra en los Pa\u00edses Bajos<\/strong> de forma r\u00e1pida y segura.<\/p>\n<p>Nos enorgullecemos de ser una farmacia en l\u00ednea de buena reputaci\u00f3n, ofreciendo una forma segura y conveniente de comprar medicamentos esenciales. Su salud y satisfacci\u00f3n son nuestras principales prioridades. orden <strong>Marca Levitra Online en Europa<\/strong> nunca ha sido m\u00e1s f\u00e1cil o m\u00e1s confiable.<\/p>\n<p><strong>Our Commitment to You:<\/strong><\/p>\n<p><em>   <strong>Authenticity Guaranteed:<\/strong> Obtenemos nuestros productos directamente de fabricantes con licencia.<br \/>\n<\/em>   <strong>Secure Online Transactions:<\/strong> Su pago e informaci\u00f3n personal est\u00e1n protegidos.<br \/>\n<em>   <strong>Fast and Discreet Shipping:<\/strong> Entendemos la necesidad de privacidad y eficiencia.<br \/>\n<\/em>   <strong>Informaci\u00f3n completa del producto:<\/strong> Nuestro objetivo es proporcionar todos los detalles que necesita para tomar una decisi\u00f3n informada.<\/p>\n<h3>Preguntas frecuentes sobre la marca Levitra<\/h3>\n<p><strong>P: \u00bfQu\u00e9 tan r\u00e1pido comienza a trabajar la marca Levitra?<\/strong><br \/>\nR: La marca Levitra generalmente comienza a funcionar dentro de los 25 a 60 minutos despu\u00e9s de tomar una tableta. Es mejor tomarlo aproximadamente una hora antes de la actividad sexual.<\/p>\n<p><strong>P: \u00bfPuedo comprar Levitra de marca sin receta en Europa?<\/strong><br \/>\nR: S\u00ed, como farmacia en l\u00ednea l\u00edder, brindamos acceso a la marca Levitra sin necesidad de una receta, lo que le facilita la obtenci\u00f3n del tratamiento que necesita.<\/p>\n<p><strong>P: \u00bfCu\u00e1nto dura el efecto de la marca Levitra?<\/strong><br \/>\nR: Los efectos de la marca Levitra pueden durar hasta 4 a 5 horas, lo que permite una ventana de oportunidad para la actividad sexual.<\/p>\n<p><strong>P: \u00bfCu\u00e1l es la dosis t\u00edpica de la marca Levitra?<\/strong><br \/>\nR: La dosis inicial habitual es de 10 mg, tomada aproximadamente una hora antes de las relaciones sexuales. Dependiendo de la efectividad y la tolerabilidad, esto se puede ajustar a 5 o 20 mg. Es importante utilizar la dosis efectiva m\u00e1s baja.<\/p>\n<p><strong>P: \u00bfLa marca Levitra es segura para todos?<\/strong><br \/>\nR: La marca Levitra no es adecuada para todos. No debe ser tomado por personas que usan medicamentos de nitrato. Si tiene alguna afecci\u00f3n m\u00e9dica preexistente, en particular del coraz\u00f3n, consulte a un profesional de la salud o considere cuidadosamente su estado de salud antes de realizar el pedido.<\/p>\n<p><strong>P: \u00bfC\u00f3mo puedo estar seguro de que estoy obteniendo una marca genuina Levitra?<\/strong><br \/>\nR: Somos una farmacia en l\u00ednea de buena reputaci\u00f3n comprometida con el abastecimiento de productos farmac\u00e9uticos genuinos. Puedes confiar en que cuando ordenas <strong>Marca Levitra R\u00e1pido<\/strong> De nosotros, usted est\u00e1 recibiendo medicamentos aut\u00e9nticos.<\/p>\n<p><strong>P: \u00bfD\u00f3nde env\u00edan la marca Levitra?<\/strong><br \/>\nR: Ofrecemos env\u00edos discretos de la marca Levitra a Espa\u00f1a, Italia, Alemania, Pa\u00edses Bajos, Polonia y el mercado m\u00e1s amplio del Reino Unido y Europa.<\/p>\n<h3>Recupera tu confianza con la marca Levitra<\/h3>\n<p>Lidiar con la disfunci\u00f3n er\u00e9ctil puede ser un desaf\u00edo, pero el tratamiento efectivo est\u00e1 f\u00e1cilmente disponible. Cuando lo necesites <strong>Marca Levitra R\u00e1pido<\/strong>, elija un proveedor en el que pueda confiar. Nuestro compromiso con la calidad, la discreci\u00f3n y el servicio al cliente nos convierte en la opci\u00f3n ideal para comprar la marca Levitra Online en toda Europa. No dejes que Ed controle tu vida. Aproveche nuestro conveniente servicio y experimente los beneficios de Brand Levitra, una soluci\u00f3n de confianza para la disfunci\u00f3n er\u00e9ctil. ordene su <strong>Marca Levitra<\/strong> hoy y d\u00e9 un paso significativo hacia la restauraci\u00f3n de su salud y confianza sexual. Somos su fuente confiable para <strong>Marca Levitra en Polonia<\/strong>, <strong>Marca Levitra en el Reino Unido<\/strong>, y en toda Europa, asegur\u00e1ndose de obtener el trato r\u00e1pido, discreto y efectivo que se merece.<\/p>","protected":false},"excerpt":{"rendered":"<p>Experimente la confianza que se merece con la marca Levitra, su soluci\u00f3n de acci\u00f3n r\u00e1pida para la disfunci\u00f3n er\u00e9ctil. Desarrollado por Bayer\/GlaxoSmithKline y con Vardenafil HCl, Levitra funciona aumentando el flujo de sangre al pene, ayud\u00e1ndole a lograr y mantener una erecci\u00f3n firme cuando es estimulado sexualmente. Recupere su intimidad y disfrute de encuentros satisfactorios con este medicamento de confianza.<\/p>","protected":false},"featured_media":9081,"template":"","meta":[],"product_brand":[],"product_cat":[488,285],"product_tag":[1549,1457,1553,1554,1552,1551,1550,1450,1548,1464],"class_list":{"0":"post-9080","1":"product","2":"type-product","3":"status-publish","4":"has-post-thumbnail","6":"product_cat-best-sellers","7":"product_cat-erectile-dysfunction","8":"product_tag-brand-levitra-for-sale","9":"product_tag-buy-levitra-fast","10":"product_tag-buy-levitra-germany","11":"product_tag-buy-levitra-italy","12":"product_tag-buy-levitra-spain","13":"product_tag-discreet-levitra-delivery","14":"product_tag-ed-medication-europe","15":"product_tag-erectile-dysfunction-treatment","16":"product_tag-levitra-online","17":"product_tag-vardenafil-online","19":"first","20":"instock","21":"shipping-taxable","22":"purchasable","23":"product-type-variable"},"_links":{"self":[{"href":"https:\/\/capsovia.com\/es\/wp-json\/wp\/v2\/product\/9080","targetHints":{"allow":["GET"]}}],"collection":[{"href":"https:\/\/capsovia.com\/es\/wp-json\/wp\/v2\/product"}],"about":[{"href":"https:\/\/capsovia.com\/es\/wp-json\/wp\/v2\/types\/product"}],"version-history":[{"count":0,"href":"https:\/\/capsovia.com\/es\/wp-json\/wp\/v2\/product\/9080\/revisions"}],"wp:featuredmedia":[{"embeddable":true,"href":"https:\/\/capsovia.com\/es\/wp-json\/wp\/v2\/media\/9081"}],"wp:attachment":[{"href":"https:\/\/capsovia.com\/es\/wp-json\/wp\/v2\/media?parent=9080"}],"wp:term":[{"taxonomy":"product_brand","embeddable":true,"href":"https:\/\/capsovia.com\/es\/wp-json\/wp\/v2\/product_brand?post=9080"},{"taxonomy":"product_cat","embeddable":true,"href":"https:\/\/capsovia.com\/es\/wp-json\/wp\/v2\/product_cat?post=9080"},{"taxonomy":"product_tag","embeddable":true,"href":"https:\/\/capsovia.com\/es\/wp-json\/wp\/v2\/product_tag?post=9080"}],"curies":[{"name":"wp","href":"https:\/\/api.w.org\/{rel}","templated":true}]}}