{"id":9187,"date":"2024-09-26T02:34:49","date_gmt":"2024-09-26T02:34:49","guid":{"rendered":"https:\/\/pharmaplazaonline.com\/?post_type=product&#038;p=9187"},"modified":"2026-04-18T00:26:40","modified_gmt":"2026-04-18T00:26:40","slug":"zudena-medication","status":"publish","type":"product","link":"https:\/\/capsovia.com\/es\/product\/zudena-medication\/","title":{"rendered":"Zudena en venta online"},"content":{"rendered":"<h1><strong>Zudena para la venta en l\u00ednea: su discreta puerta de entrada a la intimidad mejorada<\/strong><\/h1>\n<p>Bienvenido a nuestra farmacia en l\u00ednea de confianza, su principal destino europeo para obtener <strong>Zudena en venta online<\/strong> con discreci\u00f3n y conveniencia incomparables. Entendemos la importancia de las soluciones de atenci\u00f3n m\u00e9dica accesibles y confiables, y por eso ofrecemos una experiencia de compra perfecta para una amplia gama de medicamentos, incluidos los tratamientos populares dise\u00f1ados para mejorar la intimidad y la confianza masculinas. Como vendedor de renombre en l\u00ednea, estamos dedicados a proporcionar productos farmac\u00e9uticos de alta calidad directamente a su puerta, sirviendo a Espa\u00f1a, Italia, Alemania, Holanda, Polonia y todo el Reino Unido con env\u00edo eficiente y discreto.<\/p>\n<p>Cuando est\u00e9s buscando <strong>Zudena en venta online<\/strong>, es probable que est\u00e9s buscando una soluci\u00f3n para mejorar el rendimiento y la satisfacci\u00f3n sexuales. Zudena, cient\u00edficamente conocida como Udenafil, es un medicamento altamente efectivo reconocido por su capacidad para tratar la disfunci\u00f3n er\u00e9ctil (ED). Nuestra plataforma garantiza que puedas <strong>comprar zudena online<\/strong> con la seguridad de la autenticidad y la entrega r\u00e1pida en toda Europa.<\/p>\n<h2><strong>\u00bfQu\u00e9 es Zudena? Entendiendo Udenfil<\/strong><\/h2>\n<p>Zudena es un inhibidor de la fosfodiesterasa tipo 5 (PDE5), una clase de f\u00e1rmacos que funcionan aumentando el flujo sangu\u00edneo al pene. Esta mejor circulaci\u00f3n es crucial para lograr y mantener una erecci\u00f3n suficiente para las relaciones sexuales. El ingrediente activo, Udenafil, funciona relajando los m\u00fasculos lisos de los vasos sangu\u00edneos del pene, permitiendo que entren m\u00e1s sangre durante la estimulaci\u00f3n sexual. Esto lo convierte en un tratamiento eficaz para los hombres que experimentan dificultades con las erecciones.<\/p>\n<p>Los beneficios clave de tomar Zudena incluyen:<\/p>\n<p><em>   <strong>Funci\u00f3n er\u00e9ctil mejorada:<\/strong> El uso principal de Zudena es combatir la disfunci\u00f3n er\u00e9ctil, permitiendo a los hombres lograr y sostener las erecciones.<br \/>\n<\/em>   <strong>Rendimiento sexual mejorado:<\/strong> Al facilitar erecciones m\u00e1s fuertes, Zudena puede aumentar significativamente la confianza y la experiencia sexual en general.<br \/>\n<em>   <strong>Conveniencia y discreci\u00f3n:<\/strong> Adquisitivo <strong>Zudena en venta online<\/strong> De nuestra farmacia elimina la necesidad de una receta tradicional y ofrece una forma privada de acceder a este medicamento.<br \/>\n<\/em>   <strong>Rapid Onset of Action:<\/strong> Udenafil es conocido por su inicio relativamente r\u00e1pido, generalmente funcionando dentro de los 30-60 minutos de la administraci\u00f3n.<br \/>\n<em>   <strong>Duraci\u00f3n extendida:<\/strong> Zudena proporciona una ventana sustancial de efectividad, lo que permite la espontaneidad.<\/p>\n<h2><strong>Dosis y administraci\u00f3n: c\u00f3mo tomar Zudena de manera efectiva<\/strong><\/h2>\n<p>When you <strong>comprar zudena online<\/strong>, comprender la dosis y la administraci\u00f3n correctas es primordial tanto para la eficacia como para la seguridad. La dosis est\u00e1ndar recomendada para Zudena es t\u00edpicamente de 100 mg, tomada seg\u00fan sea necesario antes de la actividad sexual anticipada. Para algunas personas, una dosis m\u00e1s baja de 50 mg puede ser suficiente, mientras que otras podr\u00edan beneficiarse de la dosis m\u00e1xima recomendada de 200 mg, dependiendo de la tolerancia y la eficacia.<\/p>\n<p>Puntos clave para la dosificaci\u00f3n y administraci\u00f3n:<\/p>\n<p><\/em>   <strong>Timing:<\/strong> Tome Zudena aproximadamente de 30 minutos a 1 hora antes de la actividad sexual.<br \/>\n<em>   <strong>Frequency:<\/strong> No tome m\u00e1s de una dosis dentro de un per\u00edodo de 24 horas.<br \/>\n<\/em>   <strong>Administraci\u00f3n:<\/strong> Trague la tableta entera con un vaso de agua.<br \/>\n<em>   <strong>con comida:<\/strong> Zudena se puede tomar con o sin comida. Sin embargo, consumir una comida rica en grasas antes de tomar el medicamento puede retrasar su absorci\u00f3n y inicio de acci\u00f3n.<br \/>\n<\/em>   <strong>Estimulaci\u00f3n sexual:<\/strong> Es crucial se\u00f1alar que Zudena no causa una erecci\u00f3n por s\u00ed sola. Se requiere estimulaci\u00f3n sexual para que el medicamento sea efectivo.<\/p>\n<p>Siempre consulte el inserto del producto proporcionado con su medicamento para obtener instrucciones espec\u00edficas. Si no est\u00e1 seguro de la dosis correcta para usted cuando <strong>comprar zudena online<\/strong>, lo alentamos a que busque el consejo de un profesional de la salud, aunque no se requiera una receta a trav\u00e9s de nuestro servicio.<\/p>\n<h2><strong>Usos de Zudena: m\u00e1s que una simple disfunci\u00f3n er\u00e9ctil<\/strong><\/h2>\n<p>Si bien el uso primario y m\u00e1s reconocido de Zudena es el tratamiento de la disfunci\u00f3n er\u00e9ctil, su mecanismo de acci\u00f3n tambi\u00e9n lo hace beneficioso en otros contextos relacionados con la salud vascular. Al mejorar el flujo sangu\u00edneo, aborda los problemas fisiol\u00f3gicos subyacentes que contribuyen a las dificultades er\u00e9ctiles.<\/p>\n<p>Las principales aplicaciones incluyen:<\/p>\n<p><em>   <strong>Tratamiento de la disfunci\u00f3n er\u00e9ctil (ED):<\/strong> Este es el uso de la piedra angular de Zudena, que ayuda a los hombres que luchan por lograr o mantener una erecci\u00f3n lo suficientemente firme como para tener relaciones sexuales satisfactorias.<br \/>\n<\/em>   <strong>Mejorar la confianza sexual:<\/strong> Para los hombres que experimentan ED, la capacidad de realizar sexualmente puede afectar profundamente la autoestima. Zudena ayuda a restaurar esta confianza.<br \/>\n<em>   <strong>Facilitar las relaciones \u00edntimas:<\/strong> Al resolver los problemas relacionados con el servicio de urgencias, Zudena puede desempe\u00f1ar un papel importante en la mejora de la comunicaci\u00f3n y la intimidad entre socios.<\/p>\n<p>When you <strong>Comprar Zudena en venta online<\/strong>, est\u00e1 invirtiendo en soluciones que pueden impactar positivamente su vida personal y sus relaciones al abordar una condici\u00f3n com\u00fan y tratable.<\/p>\n<h2><strong>Efectos secundarios potenciales de Zudena<\/strong><\/h2>\n<p>Como todos los medicamentos, Zudena puede causar efectos secundarios, aunque no todos los experimentar\u00e1n. La mayor\u00eda de los efectos secundarios son leves a moderados y tienden a resolverse por s\u00ed solos. Comprender estos efectos potenciales es parte del uso responsable de la medicaci\u00f3n.<\/p>\n<p>Common side effects may include:<\/p>\n<p><\/em>   Dolor de cabeza<br \/>\n<em>   Enrojecimiento (enrojecimiento o calor en la cara, cuello o pecho)<br \/>\n<\/em>   Congesti\u00f3n nasal<br \/>\n<em>   indigesti\u00f3n o acidez estomacal<br \/>\n<\/em>   dolor de espalda<br \/>\n<em>   Dolores musculares<\/p>\n<p>Los efectos secundarios menos comunes, pero m\u00e1s graves, requieren atenci\u00f3n m\u00e9dica inmediata:<\/p>\n<p><\/em>   <strong>priapismo:<\/strong> Una erecci\u00f3n prolongada que dura m\u00e1s de 4 horas. Esta es una emergencia m\u00e9dica y requiere tratamiento inmediato para prevenir da\u00f1os permanentes.<br \/>\n<em>   <strong>Cambios repentinos de visi\u00f3n:<\/strong> incluyendo visi\u00f3n borrosa o cambios en la percepci\u00f3n del color.<br \/>\n<\/em>   <strong>P\u00e9rdida auditiva repentina<\/strong> o zumbido en los o\u00eddos.<br \/>\n<em>   <strong>Dolor en el pecho, mareos o n\u00e1useas durante la actividad sexual:<\/strong> Si ocurren, deje de realizar actividades sexuales y busque ayuda m\u00e9dica de inmediato.<br \/>\n<\/em>   <strong>Reacciones al\u00e9rgicas:<\/strong> como sarpullido, picaz\u00f3n, hinchaz\u00f3n o dificultad para respirar.<\/p>\n<p>Si experimenta efectos secundarios graves o persistentes despu\u00e9s de tomar <strong>Zudena que compras online<\/strong>, suspenda el uso y consulte a un profesional de la salud. Nuestro objetivo es proporcionar informaci\u00f3n clara para garantizar un uso seguro para todos nuestros clientes europeos.<\/p>\n<h2><strong>\u00bfQui\u00e9n debe y no debe tomar Zudena? Consideraciones importantes<\/strong><\/h2>\n<p>Si bien Zudena es un medicamento seguro y efectivo para muchos, hay personas espec\u00edficas que deben tener precauci\u00f3n o evitar su uso por completo. Es importante estar al tanto de estas contraindicaciones para garantizar su seguridad.<\/p>\n<p><strong>Consideraciones antes de comprar Zudena en l\u00ednea:<\/strong><\/p>\n<p><em>   <strong>Medicamentos de nitrato:<\/strong> Zudena deber\u00eda <strong>No<\/strong> ser tomado por hombres que est\u00e1n tomando cualquier forma de medicaci\u00f3n de nitrato para dolor tor\u00e1cico o afecciones card\u00edacas (por ejemplo, nitroglicerina, mononitrato de isosorbida, dinitrato de isosorbida). La combinaci\u00f3n puede causar una ca\u00edda peligrosa de la presi\u00f3n arterial.<br \/>\n<\/em>   <strong>Bloqueadores alfa:<\/strong> Si est\u00e1 tomando bloqueadores alfa para la presi\u00f3n arterial alta o las condiciones de la pr\u00f3stata, hable con un proveedor de atenci\u00f3n m\u00e9dica. Si bien a veces se usan juntos, se recomienda precauci\u00f3n.<br \/>\n<em>   <strong>Heart Conditions:<\/strong> Las personas con antecedentes de enfermedad card\u00edaca grave, ataque card\u00edaco reciente (en los \u00faltimos 6 meses), accidente cerebrovascular reciente (en los \u00faltimos 6 meses) o presi\u00f3n arterial alta o baja no controlada deben consultar a un m\u00e9dico antes de tomar Zudena.<br \/>\n<\/em>   <strong>Liver or Kidney Problems:<\/strong> El deterioro hep\u00e1tico o renal grave puede requerir un ajuste de dosis o contraindicaci\u00f3n.<br \/>\n<em>   <strong>Problemas de visi\u00f3n:<\/strong> Ciertas afecciones oculares preexistentes, como la retinitis pigmentosa, pueden hacer que Zudena no sea adecuada.<br \/>\n<\/em>   <strong>Forma inusual del pene:<\/strong> Si tiene una anomal\u00eda anat\u00f3mica del pene, como la angulaci\u00f3n, la fibrosis cavernosa o la enfermedad de Peyronie, consulte a un m\u00e9dico.<\/p>\n<p>When you <strong>Comprar Zudena en venta online<\/strong> Desde nuestra farmacia europea de renombre, enfatizamos la importancia de estar informados sobre su estado de salud. Si bien proporcionamos medicamentos accesibles, las circunstancias personales de salud son primordiales.<\/p>\n<h2><strong>\u00bfPor qu\u00e9 elegirnos para sus necesidades de Zudena? Confiabilidad y env\u00edo discreto<\/strong><\/h2>\n<p>Nuestro compromiso es proporcionar un servicio confiable y discreto para todas sus necesidades farmac\u00e9uticas. Cuando buscas <strong>Zudena en venta online<\/strong>, desea una fuente confiable que priorice su privacidad y garantice la calidad del producto.<\/p>\n<p>Nuestras ventajas incluyen:<\/p>\n<p><em>   <strong>Authentic Products:<\/strong> Obtenemos nuestros medicamentos de fabricantes de renombre, asegur\u00e1ndonos de que recibas zudena genuino id\u00e9ntica a la prescrita por un m\u00e9dico.<br \/>\n<\/em>   <strong>Embalaje discreto:<\/strong> Su pedido se enviar\u00e1 en un embalaje simple y sin marcar para garantizar una privacidad total. Nadie sabr\u00e1 el contenido de su entrega.<br \/>\n<em>   <strong>Fast and Reliable Shipping:<\/strong> Ofrecemos servicios de env\u00edo eficientes en toda Europa, incluyendo Espa\u00f1a, Italia, Alemania, Pa\u00edses Bajos, Polonia y el Reino Unido. Puede esperar que su pedido llegue de inmediato.<br \/>\n<\/em>   <strong>Competitive Pricing:<\/strong> Nos esforzamos por ofrecer precios competitivos en todos nuestros medicamentos, haciendo accesibles los tratamientos eficaces.<br \/>\n<em>   <strong>Soporte al cliente:<\/strong> Our dedicated customer support team is available to answer any questions you may have regarding your order or our services.<br \/>\n<\/em>   <strong>No Prescription Required:<\/strong> Entendemos las barreras que enfrentan algunas personas para obtener recetas. Nuestro servicio le permite <strong>comprar zudena online<\/strong> Sin la necesidad de una receta m\u00e9dica, ofreciendo una soluci\u00f3n conveniente.<\/p>\n<h2><strong>Navegando por el mercado: comprar Zudena en l\u00ednea de forma segura<\/strong><\/h2>\n<p>El mercado en l\u00ednea de medicamentos puede ser enorme, y es esencial elegir un proveedor que priorice la seguridad y la autenticidad. Cuando decidas <strong>comprar zudena online<\/strong>, aseg\u00farese de hacerlo desde una farmacia de buena reputaci\u00f3n como la nuestra.<\/p>\n<p>Busque estos signos de un vendedor en l\u00ednea leg\u00edtimo:<\/p>\n<p><em>   <strong>Clear Product Information:<\/strong> Las descripciones detalladas, las dosis, los efectos secundarios potenciales y las instrucciones de uso deben estar f\u00e1cilmente disponibles.<br \/>\n<\/em>   <strong>Secure Payment Options:<\/strong> Un sitio web seguro con pasarelas de pago cifradas es crucial para proteger su informaci\u00f3n financiera.<br \/>\n<em>   <strong>Dise\u00f1o de sitio web profesional:<\/strong> Un sitio web bien dise\u00f1ado e informativo indica una operaci\u00f3n seria y profesional.<br \/>\n<\/em>   <strong>Informaci\u00f3n de contacto:<\/strong> Las farmacias leg\u00edtimas brindan detalles de contacto claros, incluidas las opciones de atenci\u00f3n al cliente.<br \/>\n*   <strong>Pol\u00edtica de privacidad:<\/strong> Es esencial una pol\u00edtica de privacidad transparente que describa c\u00f3mo se manejan sus datos.<\/p>\n<p>Estamos orgullosos de ser un vendedor en l\u00ednea de confianza, ofreciendo la comodidad de comprar <strong>Zudena en venta online<\/strong> Con la tranquilidad que proviene de un servicio seguro, discreto y confiable.<\/p>\n<h2><strong>Conclusi\u00f3n: Su socio de confianza para Zudena y m\u00e1s<\/strong><\/h2>\n<p>En conclusi\u00f3n, si est\u00e1 en Espa\u00f1a, Italia, Alemania, Holanda, Polonia, el Reino Unido o cualquier otra parte de Europa y est\u00e1 buscando <strong>Zudena en venta online<\/strong>, nuestra farmacia en l\u00ednea de confianza es su soluci\u00f3n ideal. Brindamos una forma discreta, segura y conveniente de acceder a tratamientos efectivos para la disfunci\u00f3n er\u00e9ctil, lo que le permite recuperar la confianza y mejorar su vida \u00edntima.<\/p>\n<p>Estamos dedicados a ser una fuente confiable para <strong>Medicamentos recetados<\/strong> y productos de venta libre, asegurando calidad y autenticidad con cada pedido. Cuando t\u00fa <strong>comprar zudena online<\/strong> De nosotros, se beneficia de nuestro compromiso con la satisfacci\u00f3n del cliente, la pronta entrega europea y la completa privacidad. Explore nuestra gama de productos y experimente la facilidad de administrar sus necesidades de salud con una farmacia en la que pueda confiar. Su viaje hacia una mejor intimidad y bienestar comienza aqu\u00ed.<\/p>","protected":false},"excerpt":{"rendered":"<p>\u00a1Obtenga su Zudena convenientemente entregada directamente en su puerta! Ofrecemos Zudena para la venta en l\u00ednea, proporcionando una forma discreta y fiable de gestionar sus necesidades de salud. Experimente la facilidad y la tranquilidad de saber que est\u00e1 obteniendo medicamentos de calidad de una fuente confiable. \u00a1Ordene su Zudena hoy para una experiencia sin complicaciones!<\/p>","protected":false},"featured_media":9188,"template":"","meta":[],"product_brand":[],"product_cat":[285],"product_tag":[1494,1489,1450,1491,1490,1492,1496,1493,1488,1495],"class_list":{"0":"post-9187","1":"product","2":"type-product","3":"status-publish","4":"has-post-thumbnail","6":"product_cat-erectile-dysfunction","7":"product_tag-buy-udenafil-online","8":"product_tag-buy-zudena-online","9":"product_tag-erectile-dysfunction-treatment","10":"product_tag-pde5-inhibitor","11":"product_tag-udenafil-online","12":"product_tag-zudena-discreet-shipping","13":"product_tag-zudena-dosage","14":"product_tag-zudena-european-pharmacy","15":"product_tag-zudena-for-sale","16":"product_tag-zudena-no-prescription","18":"first","19":"instock","20":"shipping-taxable","21":"purchasable","22":"product-type-variable"},"_links":{"self":[{"href":"https:\/\/capsovia.com\/es\/wp-json\/wp\/v2\/product\/9187","targetHints":{"allow":["GET"]}}],"collection":[{"href":"https:\/\/capsovia.com\/es\/wp-json\/wp\/v2\/product"}],"about":[{"href":"https:\/\/capsovia.com\/es\/wp-json\/wp\/v2\/types\/product"}],"version-history":[{"count":0,"href":"https:\/\/capsovia.com\/es\/wp-json\/wp\/v2\/product\/9187\/revisions"}],"wp:featuredmedia":[{"embeddable":true,"href":"https:\/\/capsovia.com\/es\/wp-json\/wp\/v2\/media\/9188"}],"wp:attachment":[{"href":"https:\/\/capsovia.com\/es\/wp-json\/wp\/v2\/media?parent=9187"}],"wp:term":[{"taxonomy":"product_brand","embeddable":true,"href":"https:\/\/capsovia.com\/es\/wp-json\/wp\/v2\/product_brand?post=9187"},{"taxonomy":"product_cat","embeddable":true,"href":"https:\/\/capsovia.com\/es\/wp-json\/wp\/v2\/product_cat?post=9187"},{"taxonomy":"product_tag","embeddable":true,"href":"https:\/\/capsovia.com\/es\/wp-json\/wp\/v2\/product_tag?post=9187"}],"curies":[{"name":"wp","href":"https:\/\/api.w.org\/{rel}","templated":true}]}}