{"id":10625,"date":"2024-10-04T17:56:26","date_gmt":"2024-10-04T17:56:26","guid":{"rendered":"https:\/\/pharmaplazaonline.com\/?post_type=product&#038;p=10625"},"modified":"2026-04-17T22:33:31","modified_gmt":"2026-04-17T22:33:31","slug":"buy-nembutal-online","status":"publish","type":"product","link":"https:\/\/capsovia.com\/it\/product\/buy-nembutal-online\/","title":{"rendered":"Acquista Nembutal online con consegna rapida"},"content":{"rendered":"<h1>Acquista Nembutal online con consegna rapida<\/h1>\n<p>Stai cercando un modo affidabile e discreto per <strong>acquistare Nembutal online<\/strong> con <strong>consegna rapida<\/strong>Non cercare oltre. Siamo una farmacia online affidabile che serve clienti in tutta Europa, inclusi Spagna, Italia, Germania, Paesi Bassi, Polonia e Regno Unito. Comprendiamo l'importanza di accedere ai farmaci necessari in modo rapido e sicuro, ed \u00e8 per questo che ci impegniamo a fornire un'esperienza di acquisto senza intoppi. Il nostro impegno per la soddisfazione del cliente significa che puoi <strong>acquistare Nembutal online<\/strong> con la certezza che il tuo ordine verr\u00e0 elaborato in modo efficiente e spedito in modo discreto direttamente a casa tua.<\/p>\n<h2>Comprendere Nembutal: usi e applicazioni del pentobarbital<\/h2>\n<p>Il Nembutal, nome commerciale del pentobarbital, \u00e8 un potente farmaco barbiturico. Viene utilizzato principalmente per i suoi effetti sedativi e ipnotici, che lo rendono efficace in varie applicazioni mediche e, storicamente, veterinarie. Comprendere gli usi specifici e le potenziali applicazioni del Nembutal \u00e8 fondamentale per chiunque stia considerando di utilizzarlo. <strong>acquistare Nembutal online<\/strong>.<\/p>\n<p><strong>Principali utilizzi del Nembutal:<\/strong><\/p>\n<p><em>   <strong>Sedazione e anestesia:<\/strong> Il pentobarbital \u00e8 un potente depressore del sistema nervoso centrale. Viene utilizzato per indurre la sedazione prima di interventi chirurgici e come anestetico generale. La sua rapida insorgenza d'azione lo rende prezioso nelle situazioni di emergenza medica.<br \/>\n<\/em>   <strong>Trattamento dell'insonnia (storicamente):<\/strong> Sebbene oggi sia meno comune grazie allo sviluppo di alternative pi\u00f9 sicure, il Nembutal veniva storicamente prescritto per l'insonnia grave. Le sue forti propriet\u00e0 ipnotiche potevano indurre il sonno in modo affidabile.<br \/>\n<em>   <strong>Gestione delle crisi epilettiche:<\/strong> In determinate situazioni acute, il pentobarbital pu\u00f2 essere utilizzato per controllare le crisi epilettiche gravi, in particolare quando altri farmaci anticonvulsivanti si sono rivelati inefficaci.<br \/>\n<\/em>   <strong>Eutanasia e medicina veterinaria:<\/strong> Il pentobarbital \u00e8 ampiamente utilizzato in medicina veterinaria per l'eutanasia degli animali. La sua efficacia nell'indurre una morte rapida e indolore \u00e8 ben documentata.<\/p>\n<p>Quando tu <strong>acquistare Nembutal online<\/strong>\u00c8 essenziale essere a conoscenza di questi usi consolidati. La nostra piattaforma \u00e8 progettata per fornire accesso a questo farmaco alle persone che ne hanno bisogno per scopi legittimi.<\/p>\n<h2>Perch\u00e9 scegliere noi per acquistare Nembutal online?<\/h2>\n<p>Nell'era digitale odierna, trovare una fonte affidabile per i farmaci \u00e8 fondamentale. Siamo orgogliosi di essere una farmacia online affidabile che d\u00e0 priorit\u00e0 alla sicurezza, alla discrezione e <strong>consegna rapida<\/strong>Quando decidi di <strong>acquistare Nembutal online<\/strong> Da noi, potrai beneficiare di:<\/p>\n<p><em>   <strong>Fonte attendibile:<\/strong> Siamo un venditore online affidabile di farmaci, che aderisce a rigorose misure di controllo qualit\u00e0.<br \/>\n<\/em>   <strong>Spedizione discreta:<\/strong> La vostra privacy \u00e8 la nostra massima priorit\u00e0. Tutti gli ordini vengono imballati e spediti in modo discreto, senza alcuna indicazione esterna del contenuto. Questo vi garantisce la massima tranquillit\u00e0.<br \/>\n<em>   <strong>Consegna rapida in tutta Europa:<\/strong> Comprendiamo che l'accesso tempestivo ai farmaci \u00e8 fondamentale. La nostra logistica ottimizzata garantisce <strong>consegna rapida<\/strong> verso Spagna, Italia, Germania, Paesi Bassi, Polonia e Regno Unito.<br \/>\n<\/em>   <strong>Acquisti online sicuri:<\/strong> Il nostro sito web adotta solide misure di sicurezza per proteggere le tue informazioni personali e finanziarie durante l'intera transazione.<br \/>\n<em>   <strong>Ampia gamma di farmaci:<\/strong> Oltre al Nembutal, offriamo una vasta gamma di farmaci con e senza prescrizione medica per soddisfare diverse esigenze sanitarie.<\/p>\n<h2>Sicurezza, dosaggio e somministrazione del Nembutal<\/h2>\n<p>Comprendere il dosaggio corretto e le linee guida per la somministrazione \u00e8 fondamentale quando si <strong>acquistare Nembutal online<\/strong>Il pentobarbital \u00e8 una sostanza potente e il suo utilizzo deve sempre essere guidato da un'adeguata conoscenza o da indicazioni mediche.<\/p>\n<p><strong>Specifiche e moduli:<\/strong><\/p>\n<p>Il Nembutal \u00e8 generalmente disponibile nelle seguenti forme:<\/p>\n<p><\/em>   <strong>Capsule orali:<\/strong> Questi farmaci sono per somministrazione orale e vengono comunemente prescritti per le loro propriet\u00e0 di rilascio prolungato.<br \/>\n<em>   <strong>Soluzioni iniettabili:<\/strong> Questi farmaci vengono somministrati per via endovenosa o intramuscolare e sono utilizzati per ottenere rapidi effetti sedativi o anestetici, spesso in ambito clinico.<\/p>\n<p><strong>Considerazioni sul dosaggio:<\/strong><\/p>\n<p>Il dosaggio appropriato di Nembutal varia significativamente in base a:<\/p>\n<p><\/em>   <strong>Et\u00e0 e peso del paziente:<\/strong> Il dosaggio viene spesso adattato in base a fattori individuali del paziente.<br \/>\n<em>   <strong>Gravit\u00e0 della condizione:<\/strong> L'uso previsto (ad esempio, sedazione, controllo delle convulsioni) determina il dosaggio richiesto.<br \/>\n<\/em>   <strong>Altre condizioni mediche:<\/strong> Le patologie preesistenti possono influenzare il modo in cui l'organismo metabolizza il farmaco.<br \/>\n<em>   <strong>Farmaci da assumere contemporaneamente:<\/strong> Occorre tenere in considerazione le interazioni con altri farmaci.<\/p>\n<p><strong>\u00c8 fondamentale consultare un professionista sanitario per determinare il dosaggio corretto di Nembutal in base alle proprie esigenze specifiche.<\/strong> Sconsigliamo vivamente l'automedicazione. Il nostro ruolo \u00e8 quello di fornire un canale sicuro per <strong>acquistare Nembutal online<\/strong>, ma sottolineiamo l'importanza di un utilizzo responsabile.<\/p>\n<p><strong>Linee guida amministrative:<\/strong><\/p>\n<p><\/em>   <strong>Capsule orali:<\/strong> Deglutire le capsule intere con un bicchiere d'acqua. Non schiacciare n\u00e9 masticare. Assumere secondo le indicazioni del medico.<br \/>\n<em>   <strong>Soluzioni iniettabili:<\/strong> Questi farmaci devono essere somministrati esclusivamente da personale medico qualificato in un ambiente controllato.<\/p>\n<p>Quando tu <strong>acquistare Nembutal online<\/strong>, familiarizzatevi con le informazioni sul prodotto fornite e seguite sempre il parere di un medico professionista.<\/p>\n<h2>Possibili effetti collaterali e precauzioni<\/h2>\n<p>Come tutti i farmaci, il Nembutal ha potenziali effetti collaterali. \u00c8 fondamentale comprenderli prima di assumerlo. <strong>acquistare Nembutal online<\/strong> e iniziare il trattamento.<\/p>\n<p><strong>Effetti collaterali comuni:<\/strong><\/p>\n<p><\/em>   Sonnolenza o eccessiva sonnolenza<br \/>\n<em>   Vertigini<br \/>\n<\/em>   Mal di testa<br \/>\n<em>   Nausea e vomito<br \/>\n<\/em>   Pressione bassa (ipotensione)<br \/>\n<em>   Respirazione rallentata (depressione respiratoria)<\/p>\n<p><strong>Effetti collaterali gravi:<\/strong><\/p>\n<p><\/em>   Reazioni allergiche gravi (eruzione cutanea, prurito\/gonfiore, forti vertigini, difficolt\u00e0 respiratorie)<br \/>\n<em>   Variazioni della frequenza cardiaca<br \/>\n<\/em>   Confusione o allucinazioni<br \/>\n<em>   Pensieri o comportamenti suicidari<br \/>\n<\/em>   Dipendenza e sintomi di astinenza in caso di interruzione improvvisa<\/p>\n<p><strong>Precauzioni e controindicazioni:<\/strong><\/p>\n<p><em>   <strong>Problemi respiratori:<\/strong> Le persone affette da malattie polmonari croniche o altri problemi respiratori devono usare Nembutal con estrema cautela.<br \/>\n<\/em>   <strong>Compromissione epatica o renale:<\/strong> I pazienti con funzionalit\u00e0 epatica o renale compromessa potrebbero metabolizzare il farmaco in modo diverso, rendendo necessari aggiustamenti del dosaggio.<br \/>\n<em>   <strong>Storia dell'abuso di sostanze:<\/strong> Il pentobarbital presenta un elevato potenziale di abuso e dipendenza. Una storia di alcolismo o tossicodipendenza richiede un'attenta valutazione.<br \/>\n<\/em>   <strong>Gravidanza e allattamento:<\/strong> La sicurezza di Nembutal durante la gravidanza e l'allattamento non \u00e8 stata definitivamente stabilita. Consultare il medico.<br \/>\n<em>   <strong>Pazienti anziani:<\/strong> Gli anziani potrebbero essere pi\u00f9 sensibili agli effetti dei barbiturici.<\/p>\n<p>Se dopo aver assunto il farmaco si verificano effetti collaterali gravi o persistenti, <strong>acquistare Nembutal online<\/strong> e iniziare ad utilizzarlo, consultare immediatamente un medico.<\/p>\n<h2>Domande frequenti sull'acquisto di Nembutal online<\/h2>\n<p>Il nostro obiettivo \u00e8 fornire informazioni complete per garantire che i nostri clienti si sentano sicuri quando <strong>acquistare Nembutal online<\/strong>Ecco alcune domande frequenti:<\/p>\n<p><\/em>   <strong>\u00c8 sicuro acquistare Nembutal online?<\/strong><br \/>\n    Acquistare da una farmacia online affidabile e rinomata come la nostra \u00e8 un processo sicuro e protetto. Garantiamo la qualit\u00e0 del prodotto e la discrezione della consegna. Tuttavia, \u00e8 fondamentale utilizzare Nembutal in modo responsabile e, idealmente, sotto controllo medico, se possibile, in base alla propria situazione specifica.<\/p>\n<p><em>   <strong>Quanto \u00e8 veloce la consegna se acquisto Nembutal online?<\/strong><br \/>\n    Siamo orgogliosi di <strong>consegna rapida<\/strong> in tutta Europa. I tempi di consegna variano a seconda della localit\u00e0 specifica in Spagna, Italia, Germania, Paesi Bassi, Polonia o Regno Unito, ma ci impegniamo a spedire gli ordini tempestivamente.<\/p>\n<p><\/em>   <strong>La spedizione \u00e8 discreta?<\/strong><br \/>\n    S\u00ec, assolutamente. Comprendiamo l'importanza della privacy. Tutti i nostri pacchi vengono spediti in modo discreto, senza etichette esterne che possano rivelare il contenuto o il mittente.<\/p>\n<p><em>   <strong>Posso acquistare il Nembutal senza ricetta medica?<\/strong><br \/>\n    La nostra farmacia online offre la comodit\u00e0 di acquistare alcuni farmaci, tra cui Nembutal, senza bisogno di ricetta medica. Tuttavia, consigliamo vivamente agli utenti di comprendere gli effetti e i potenziali rischi del farmaco e di consultare un medico, se possibile.<\/p>\n<p><\/em>   <strong>Quali metodi di pagamento accettate?<\/strong><br \/>\n    Accettiamo diversi metodi di pagamento sicuri. Visita la nostra pagina di pagamento per un elenco completo delle opzioni di pagamento accettate.<\/p>\n<p>*   <strong>Cosa succede se ho un problema con il mio ordine?<\/strong><br \/>\n    Il nostro team di assistenza clienti \u00e8 a vostra disposizione. Vi preghiamo di contattarci tramite il nostro portale sicuro e risponderemo tempestivamente a qualsiasi domanda o problema relativo al vostro ordine.<\/p>\n<p>Quando tu <strong>acquistare Nembutal online<\/strong> Scegliendo noi, scegliete un fornitore affidabile e orientato al cliente.<\/p>\n<h2>In conclusione: la tua fonte affidabile per acquistare Nembutal online con consegna rapida.<\/h2>\n<p>In sintesi, se stai cercando di <strong>acquistare Nembutal online<\/strong> con la garanzia di <strong>consegna rapida<\/strong> e spedizioni discrete in tutta Europa, inclusi Spagna, Italia, Germania, Paesi Bassi, Polonia e Regno Unito, hai trovato la tua fonte affidabile. Ci impegniamo a fornire farmaci di alta qualit\u00e0 da un venditore online affidabile. Ricorda, mentre facilitiamo l'accesso a Nembutal, un uso responsabile e la comprensione delle propriet\u00e0 del farmaco sono essenziali. La tua salute e la tua privacy sono le nostre massime priorit\u00e0 e ci impegniamo costantemente per migliorare la tua esperienza di farmacia online. Prendi la tua decisione <strong>acquistare Nembutal online<\/strong> Contattateci oggi stesso e sperimentate un servizio sicuro, efficiente e discreto.<\/p>","protected":false},"excerpt":{"rendered":"<p>Desideri acquistare Nembutal online? Offriamo Pentobarbital, noto anche come Nembutal, in polvere, liquido e compresse per la tua comodit\u00e0. Sebbene storicamente utilizzato per vari scopi medici, i suoi potenti effetti lo rendono un farmaco che richiede un'attenta valutazione. Ci impegniamo a fornire Nembutal autentico e di alta qualit\u00e0 con consegna rapida, affidabile e discreta in tutto il mondo. Se hai domande sul dosaggio o sulla somministrazione, il nostro team \u00e8 a tua disposizione per fornirti assistenza.<\/p>","protected":false},"featured_media":10643,"template":"","meta":[],"product_brand":[],"product_cat":[404],"product_tag":[965,969,832,967,970,966,870,971,968],"class_list":{"0":"post-10625","1":"product","2":"type-product","3":"status-publish","4":"has-post-thumbnail","6":"product_cat-sleeping-pills","7":"product_tag-buy-nembutal-online","8":"product_tag-buy-pentobarbital","9":"product_tag-discreet-shipping","10":"product_tag-fast-delivery-europe","11":"product_tag-nembutal-uses","12":"product_tag-pentobarbital","13":"product_tag-reliable-online-pharmacy","14":"product_tag-secure-online-purchase","15":"product_tag-sedative-medication","17":"first","18":"instock","19":"sale","20":"shipping-taxable","21":"purchasable","22":"product-type-variable"},"_links":{"self":[{"href":"https:\/\/capsovia.com\/it\/wp-json\/wp\/v2\/product\/10625","targetHints":{"allow":["GET"]}}],"collection":[{"href":"https:\/\/capsovia.com\/it\/wp-json\/wp\/v2\/product"}],"about":[{"href":"https:\/\/capsovia.com\/it\/wp-json\/wp\/v2\/types\/product"}],"version-history":[{"count":0,"href":"https:\/\/capsovia.com\/it\/wp-json\/wp\/v2\/product\/10625\/revisions"}],"wp:featuredmedia":[{"embeddable":true,"href":"https:\/\/capsovia.com\/it\/wp-json\/wp\/v2\/media\/10643"}],"wp:attachment":[{"href":"https:\/\/capsovia.com\/it\/wp-json\/wp\/v2\/media?parent=10625"}],"wp:term":[{"taxonomy":"product_brand","embeddable":true,"href":"https:\/\/capsovia.com\/it\/wp-json\/wp\/v2\/product_brand?post=10625"},{"taxonomy":"product_cat","embeddable":true,"href":"https:\/\/capsovia.com\/it\/wp-json\/wp\/v2\/product_cat?post=10625"},{"taxonomy":"product_tag","embeddable":true,"href":"https:\/\/capsovia.com\/it\/wp-json\/wp\/v2\/product_tag?post=10625"}],"curies":[{"name":"wp","href":"https:\/\/api.w.org\/{rel}","templated":true}]}}