{"id":10650,"date":"2024-10-04T17:56:33","date_gmt":"2024-10-04T17:56:33","guid":{"rendered":"https:\/\/pharmaplazaonline.com\/?post_type=product&#038;p=10650"},"modified":"2026-04-17T22:32:38","modified_gmt":"2026-04-17T22:32:38","slug":"buy-zopiclone-online-uk","status":"publish","type":"product","link":"https:\/\/capsovia.com\/it\/product\/buy-zopiclone-online-uk\/","title":{"rendered":"Acquista Zopiclone 7,5 mg online nel Regno Unito con consegna rapida"},"content":{"rendered":"<p>Benvenuti nella vostra farmacia online europea di fiducia, la vostra destinazione principale per <strong>Acquista Zopiclone 7,5 mg online nel Regno Unito con consegna rapida<\/strong>Comprendiamo le difficolt\u00e0 nel trovare un accesso affidabile e discreto ai farmaci essenziali e ci impegniamo a fornire un servizio impeccabile e affidabile ai nostri stimati clienti in tutto il mondo. <strong>Europa<\/strong>, incluso il <strong>Regno Unito<\/strong>, <strong>Italia<\/strong>, <strong>Germania<\/strong>, IL <strong>Paesi Bassi<\/strong>, <strong>Polonia<\/strong>e oltre. Il nostro impegno \u00e8 quello di offrire farmaci autentici e di alta qualit\u00e0, tra cui compresse di Zopiclone 7,5 mg, con <strong>spedizione discreta<\/strong> direttamente a casa tua.<\/p>\n<p>Hai difficolt\u00e0 a dormire la notte e cerchi una soluzione efficace per migliorare la qualit\u00e0 del tuo sonno? Sei nel posto giusto. Nella nostra rinomata farmacia online, ti offriamo la comodit\u00e0 e la privacy di <strong>acquistare Zopiclone 7,5 mg online<\/strong> Senza bisogno di ricetta medica. Siamo orgogliosi di essere una fonte affidabile sia per i farmaci con obbligo di ricetta che per i prodotti da banco ampiamente disponibili, garantendoti le soluzioni sanitarie di cui hai bisogno, quando ne hai bisogno.<\/p>\n<h2>Comprendere Zopiclone 7,5 mg: il tuo percorso verso notti riposanti<\/h2>\n<p>Lo zopiclone \u00e8 un farmaco ipnotico non benzodiazepinico appartenente alla classe dei ciclopirroloni. \u00c8 ampiamente prescritto per il trattamento a breve termine dell'insonnia negli adulti. Agisce influenzando alcuni neurotrasmettitori cerebrali che risultano squilibrati nelle persone affette da insonnia. Potenziando l'effetto di un neurotrasmettitore chiamato GABA (acido gamma-aminobutirrico), lo zopiclone contribuisce a calmare il cervello, facilitando l'addormentamento e prolungando la durata del sonno.<\/p>\n<p>Quando tu <strong>acquistare Zopiclone 7,5 mg online<\/strong> da noi, stai investendo in una soluzione collaudata per <strong>difficolt\u00e0 a dormire<\/strong> E <strong>trattamento dell'insonnia<\/strong>Questo dosaggio, 7,5 mg, \u00e8 quello standard e pi\u00f9 comunemente prescritto, offrendo un equilibrio efficace per la maggior parte degli utenti adulti che soffrono di disturbi acuti o cronici. <strong>difficolt\u00e0 del sonno<\/strong>.<\/p>\n<h3>Principali caratteristiche e benefici di Zopiclone 7,5 mg:<\/h3>\n<p><em>   <strong>Principio attivo:<\/strong> Zopiclone<br \/>\n<\/em>   <strong>Forza:<\/strong> 7,5 mg per compressa<br \/>\n<em>   <strong>Modulo:<\/strong> Compresse orali (spesso divisibili per facilitarne la divisione se necessario, sebbene la dose standard sia di 7,5 mg)<br \/>\n<\/em>   <strong>Meccanismo d'azione:<\/strong> Agisce come agente GABAergico, promuovendo effetti sedativi e ipnotici.<br \/>\n<em>   <strong>Uso principale:<\/strong> Trattamento dell'insonnia caratterizzata da difficolt\u00e0 ad addormentarsi, frequenti risvegli notturni o risveglio precoce al mattino.<br \/>\n<\/em>   <strong>Insorgenza rapida:<\/strong> In genere, inizia a fare effetto entro 30-60 minuti dall'ingestione.<br \/>\n<em>   <strong>Durata d'azione:<\/strong> Efficace per un ciclo di sonno standard, generalmente garantisce 6-8 ore di sonno.<br \/>\n<\/em>   <strong>Miglioramento della qualit\u00e0 del sonno:<\/strong> Aiuta gli utenti a raggiungere un sonno pi\u00f9 profondo e ristoratore.<br \/>\n<em>   <strong>Riduzione dei risvegli notturni:<\/strong> Contribuisce a ridurre le interruzioni durante la notte.<br \/>\n<\/em>   <strong>Convenienza:<\/strong> Facile e discreto da <strong>acquistare Zopiclone 7,5 mg online<\/strong>.<\/p>\n<h2>Come acquistare Zopiclone 7,5 mg online nel Regno Unito in modo sicuro e veloce e come utilizzarlo<\/h2>\n<p>Quando scegli di <strong>Acquista Zopiclone 7,5 mg online nel Regno Unito con consegna rapida<\/strong>Comprendere l'uso e il dosaggio corretti \u00e8 fondamentale per la sicurezza e l'efficacia. Lo zopiclone 7,5 mg viene generalmente prescritto solo per un uso a breve termine, di solito per un massimo di due o quattro settimane. L'uso prolungato pu\u00f2 portare a dipendenza e tolleranza.<\/p>\n<p><strong>Dosaggio e modalit\u00e0 di somministrazione raccomandati:<\/strong><\/p>\n<p><em>   <strong>Dose standard per adulti:<\/strong> Una compressa da 7,5 mg da assumere immediatamente prima di coricarsi.<br \/>\n<\/em>   <strong>Come assumere:<\/strong> Deglutire la compressa intera con un bicchiere d'acqua. Non masticare n\u00e9 frantumare la compressa.<br \/>\n<em>   <strong>Tempistiche:<\/strong> \u00c8 fondamentale assumere Zopiclone solo quando si \u00e8 in grado di dormire tutta la notte (circa 7-8 ore). Assumerlo troppo presto la sera o se si prevede di essere svegliati prematuramente pu\u00f2 causare sonnolenza diurna.<br \/>\n<\/em>   <strong>Dose dimenticata:<\/strong> Se si dimentica una dose, non assumere una dose doppia. Saltare la dose dimenticata e continuare con il normale schema di dosaggio la sera successiva.<br \/>\n<em>   <strong>Aggiustamento del dosaggio:<\/strong> Non superare la dose raccomandata di 7,5 mg a notte. In alcuni casi, il medico (o un professionista sanitario che ne valuti l'idoneit\u00e0) potrebbe suggerire una dose inferiore, in particolare per i pazienti anziani o con specifiche patologie.<\/p>\n<p><strong>Considerazioni importanti quando si acquista Zopiclone 7,5 mg:<\/strong><\/p>\n<p><\/em>   <strong>Consumo di alcol:<\/strong> Evitate di consumare alcolici durante l'assunzione di Zopiclone, poich\u00e9 possono aumentare significativamente gli effetti sedativi e potenzialmente causare effetti collaterali pericolosi.<br \/>\n<em>   <strong>Guida e utilizzo di macchinari:<\/strong> Non guidare, non utilizzare macchinari pesanti e non svolgere attivit\u00e0 che richiedano la tua piena attenzione finch\u00e9 non saprai come lo zopiclone agisce su di te. Potresti avvertire sonnolenza, ridotta vigilanza e problemi di coordinazione.<br \/>\n<\/em>   <strong>Uso a breve termine:<\/strong> Lo zopiclone \u00e8 indicato per il trattamento a breve termine dell'insonnia. Se i problemi di sonno persistono per pi\u00f9 di due settimane, consultare un medico.<br \/>\n<em>   <strong>Sintomi di astinenza:<\/strong> L'interruzione improvvisa dell'assunzione di zopiclone dopo un uso prolungato pu\u00f2 causare sintomi da astinenza come insonnia di rimbalzo, ansia, tremori, sudorazione e nausea. Si consiglia di ridurre gradualmente il dosaggio sotto controllo medico se il farmaco \u00e8 stato assunto per un periodo prolungato.<\/p>\n<h2>Chi pu\u00f2 trarre beneficio da Zopiclone 7,5 mg?<\/h2>\n<p>Se stai riscontrando <strong>difficolt\u00e0 a dormire<\/strong>, caratterizzato da:<\/p>\n<p><\/em>   Difficolt\u00e0 ad addormentarsi (insonnia iniziale)<br \/>\n<em>   Risvegli frequenti durante la notte (insonnia di mantenimento del sonno)<br \/>\n<\/em>   Svegliarsi troppo presto al mattino e non riuscire a riaddormentarsi (risveglio precoce al mattino)<\/p>\n<p>E il tuo <strong>insonnia<\/strong> Se il tuo sonno ha un impatto significativo sulla tua vita quotidiana, causandoti disagio, influenzando il tuo umore, la concentrazione e il benessere generale, allora Zopiclone 7,5 mg potrebbe essere un'opzione adatta a te. \u00c8 indicato per le persone che necessitano di un aiuto affidabile e ad azione rapida per ristabilire un sano ritmo del sonno.<\/p>\n<h2>Possibili effetti collaterali dello zopiclone 7,5 mg<\/h2>\n<p>Come tutti i farmaci, lo zopiclone 7,5 mg pu\u00f2 causare effetti collaterali, sebbene non tutte le persone li manifestino. \u00c8 importante essere consapevoli di queste potenziali reazioni.<\/p>\n<p><strong>Effetti collaterali comuni (possono interessare fino a 1 persona su 10):<\/strong><\/p>\n<p><em>   Sapore sgradevole in bocca<br \/>\n<\/em>   Bocca secca<br \/>\n<em>   Sonnolenza diurna<br \/>\n<\/em>   ridotta vigilanza<br \/>\n<em>   Mal di testa<br \/>\n<\/em>   Vertigini<br \/>\n<em>   Fatica<br \/>\n<\/em>   Nausea<\/p>\n<p><strong>Effetti indesiderati meno comuni (possono interessare fino a 1 persona su 100):<\/strong><\/p>\n<p><em>   Sogni vividi<br \/>\n<\/em>   Incubi<br \/>\n<em>   Dolore muscolare<br \/>\n<\/em>   Cambiamenti nell'appetito<br \/>\n<em>   Sensazioni di depressione<br \/>\n<\/em>   Ansia<br \/>\n<em>   Confusione<br \/>\n<\/em>   Coordinazione compromessa<br \/>\n<em>   Perdita di memoria (amnesia anterograda)<br \/>\n<\/em>   eruzione cutanea o prurito<\/p>\n<p><strong>Effetti indesiderati rari (possono interessare fino a 1 persona su 1.000):<\/strong><\/p>\n<p><em>   Allucinazioni<br \/>\n<\/em>   Aggressione<br \/>\n<em>   Irritabilit\u00e0<br \/>\n<\/em>   Aggravamento dell'insonnia<br \/>\n<em>   Cambiamenti nella libido<br \/>\n<\/em>   Vista compromessa<br \/>\n<em>   Debolezza muscolare<br \/>\n<\/em>   Difficolt\u00e0 a urinare<br \/>\n<em>   Ittero (ingiallimento della pelle e degli occhi)<\/p>\n<p><strong>Gli effetti collaterali gravi sono rari:<\/strong><\/p>\n<p>Se si verificano effetti collaterali gravi, come reazioni allergiche gravi (difficolt\u00e0 respiratorie, gonfiore del viso, delle labbra, della lingua o della gola), reazioni cutanee gravi o cambiamenti significativi nel comportamento, consultare immediatamente un medico.<\/p>\n<p>In caso di dubbi su possibili effetti collaterali, si prega di consultare un operatore sanitario o un farmacista.<\/p>\n<h2>Perch\u00e9 scegliere la nostra farmacia online per acquistare Zopiclone 7,5 mg online nel Regno Unito con consegna rapida?<\/h2>\n<p>Comprendiamo che quando hai bisogno di farmaci, li desideri rapidamente, in modo affidabile e discreto. La nostra farmacia online europea si impegna a soddisfare queste esigenze dei clienti in tutto il mondo. <strong>Regno Unito, Europa, Italia, Germania, Paesi Bassi, Polonia<\/strong>e altro ancora.<\/p>\n<p><strong>Il nostro impegno nei vostri confronti:<\/strong><\/p>\n<p><\/em>   <strong>Fonte attendibile:<\/strong> Siamo un venditore online affidabile e una fonte sicura di farmaci originali. Ci riforniamo da produttori rinomati, garantendo qualit\u00e0 e autenticit\u00e0.<br \/>\n<em>   <strong>Convenienza:<\/strong> <strong>Acquista Zopiclone 7,5 mg online<\/strong> Comodamente da casa tua. Il nostro sito web, facile da navigare, rende il processo di acquisto semplice ed efficiente.<br \/>\n<\/em>   <strong>Spedizione rapida e discreta:<\/strong> Offriamo <strong>spedizione discreta<\/strong> A <strong>Spagna, Italia, Germania, Paesi Bassi, Polonia, Paesi Bassi, Europa e Regno Unito<\/strong>La tua privacy \u00e8 fondamentale; tutti gli ordini vengono imballati in modo sicuro e discreto. Il nostro obiettivo \u00e8 <strong>consegna rapida<\/strong> cos\u00ec potrai ricevere i tuoi farmaci senza inutili ritardi.<br \/>\n<em>   <strong>Non \u00e8 necessaria la ricetta medica:<\/strong> Per la tua comodit\u00e0, ti offriamo la possibilit\u00e0 di <strong>acquistare Zopiclone 7,5 mg senza ricetta<\/strong>Ci\u00f2 semplifica la procedura per coloro che hanno gi\u00e0 utilizzato questo farmaco e ne conoscono l'idoneit\u00e0.<br \/>\n<\/em>   <strong>Prezzi competitivi:<\/strong> Ci impegniamo a offrire prezzi competitivi per tutti i nostri farmaci, rendendo accessibili le cure sanitarie essenziali.<br \/>\n*   <strong>Assistenza clienti:<\/strong> Il nostro team di assistenza clienti \u00e8 a disposizione per rispondere a qualsiasi domanda tu possa avere in merito al tuo ordine, alla consegna o ai prodotti che offriamo.<\/p>\n<h2>Domande frequenti sull'acquisto di zopiclone<\/h2>\n<p><strong>D1: \u00c8 sicuro acquistare Zopiclone 7,5 mg online?<\/strong><br \/>\nA1: Acquistare da una farmacia online affidabile e autorizzata come la nostra \u00e8 sicuro. Vendiamo solo farmaci originali e di alta qualit\u00e0, provenienti da produttori fidati. Garantiamo che tutti i prodotti soddisfino rigorosi standard di qualit\u00e0.<\/p>\n<p><strong>D2: Quanto tempo impiega la consegna se acquisto Zopiclone 7,5 mg online nel Regno Unito con consegna rapida?<\/strong><br \/>\nA2: Il nostro obiettivo \u00e8 garantire consegne rapide nel Regno Unito e in tutta Europa. I tempi di consegna possono variare leggermente a seconda della localit\u00e0 precisa in Europa, ma in genere vanno dai 2 ai 5 giorni lavorativi per la maggior parte delle destinazioni. Riceverai le informazioni di tracciamento per il tuo ordine.<\/p>\n<p><strong>D3: Il mio ordine verr\u00e0 spedito in modo discreto?<\/strong><br \/>\nA3: Assolutamente. La discrezione \u00e8 un principio fondamentale del nostro servizio. Tutti gli ordini vengono spediti in confezioni anonime e senza segni distintivi, senza alcuna indicazione esterna del contenuto o dell'identit\u00e0 del mittente. La vostra privacy \u00e8 la nostra priorit\u00e0.<\/p>\n<p><strong>D4: Qual \u00e8 la differenza tra Zopiclone e Zolpidem?<\/strong><br \/>\nA4: Sebbene entrambi siano ipnotici non benzodiazepinici utilizzati per l'insonnia, appartengono a classi di farmaci leggermente diverse e possono presentare alcune variazioni nei loro effetti e profili di effetti collaterali. Lo zopiclone \u00e8 un ciclopirrolone, mentre lo zolpidem \u00e8 un'imidazopiridina.<\/p>\n<p><strong>D5: Posso acquistare Zopiclone 7,5 mg per un uso a lungo termine?<\/strong><br \/>\nA5: Lo zopiclone \u00e8 indicato solo per un uso a breve termine, in genere per 2-4 settimane. Se necessita di una gestione a lungo termine dell'insonnia, \u00e8 fondamentale consultare un medico per individuare le cause sottostanti e valutare strategie di trattamento alternative.<\/p>\n<h2>Il tuo percorso verso un sonno migliore inizia qui.<\/h2>\n<p>Se stai cercando un modo affidabile ed efficace per gestire il tuo <strong>insonnia<\/strong> e migliorare la qualit\u00e0 del tuo sonno, non cercare oltre. La nostra farmacia online fornisce una piattaforma sicura, comoda e discreta per <strong>Acquista Zopiclone 7,5 mg online nel Regno Unito con consegna rapida<\/strong>Ci impegniamo a servire i nostri clienti in tutto il mondo <strong>Europa<\/strong> con integrit\u00e0 ed efficienza.<\/p>\n<p>Non lasciare che le notti insonni continuino a sconvolgere la tua vita. Affidati a una soluzione sicura e sperimenta i benefici di un buon riposo notturno. Effettua il tuo ordine oggi stesso e fai il primo passo verso una vita pi\u00f9 riposata e rivitalizzata. Siamo il tuo venditore online di fiducia per farmaci di qualit\u00e0 consegnati in modo discreto a <strong>Spagna, Italia, Germania, Paesi Bassi, Polonia, Paesi Bassi, Europa e Regno Unito<\/strong>.<\/p>","protected":false},"excerpt":{"rendered":"<p>Hai difficolt\u00e0 a dormire? Acquista Zopiclone 7,5 mg online nel Regno Unito per una soluzione rapida ed efficace all'insonnia. Questo farmaco affidabile ti aiuta ad addormentarti velocemente e a goderti un sonno ristoratore senza sonnolenza mattutina. Scopri la differenza che un sonno di qualit\u00e0 pu\u00f2 fare per il tuo benessere. Ordina il tuo oggi stesso per una consegna rapida in tutto il Regno Unito.<\/p>","protected":false},"featured_media":10680,"template":"","meta":[],"product_brand":[],"product_cat":[404],"product_tag":[948,954,867,950,951,953,952,947,955,949],"class_list":{"0":"post-10650","1":"product","2":"type-product","3":"status-publish","4":"has-post-thumbnail","6":"product_cat-sleeping-pills","7":"product_tag-buy-zopiclone-online","8":"product_tag-discreet-zopiclone","9":"product_tag-european-pharmacy","10":"product_tag-fast-zopiclone-delivery","11":"product_tag-insomnia-treatment","12":"product_tag-no-prescription-zopiclone","13":"product_tag-sleep-aid","14":"product_tag-zopiclone-7-5mg","15":"product_tag-zopiclone-online-pharmacy","16":"product_tag-zopiclone-uk","18":"first","19":"instock","20":"sale","21":"shipping-taxable","22":"purchasable","23":"product-type-variable"},"_links":{"self":[{"href":"https:\/\/capsovia.com\/it\/wp-json\/wp\/v2\/product\/10650","targetHints":{"allow":["GET"]}}],"collection":[{"href":"https:\/\/capsovia.com\/it\/wp-json\/wp\/v2\/product"}],"about":[{"href":"https:\/\/capsovia.com\/it\/wp-json\/wp\/v2\/types\/product"}],"version-history":[{"count":0,"href":"https:\/\/capsovia.com\/it\/wp-json\/wp\/v2\/product\/10650\/revisions"}],"wp:featuredmedia":[{"embeddable":true,"href":"https:\/\/capsovia.com\/it\/wp-json\/wp\/v2\/media\/10680"}],"wp:attachment":[{"href":"https:\/\/capsovia.com\/it\/wp-json\/wp\/v2\/media?parent=10650"}],"wp:term":[{"taxonomy":"product_brand","embeddable":true,"href":"https:\/\/capsovia.com\/it\/wp-json\/wp\/v2\/product_brand?post=10650"},{"taxonomy":"product_cat","embeddable":true,"href":"https:\/\/capsovia.com\/it\/wp-json\/wp\/v2\/product_cat?post=10650"},{"taxonomy":"product_tag","embeddable":true,"href":"https:\/\/capsovia.com\/it\/wp-json\/wp\/v2\/product_tag?post=10650"}],"curies":[{"name":"wp","href":"https:\/\/api.w.org\/{rel}","templated":true}]}}