{"id":10708,"date":"2024-10-04T17:56:40","date_gmt":"2024-10-04T17:56:40","guid":{"rendered":"https:\/\/pharmaplazaonline.com\/?post_type=product&#038;p=10708"},"modified":"2026-04-17T22:31:45","modified_gmt":"2026-04-17T22:31:45","slug":"diazepam-shalina-10-mg","status":"publish","type":"product","link":"https:\/\/capsovia.com\/it\/product\/diazepam-shalina-10mg\/","title":{"rendered":"Acquista Diazepam Shalina 10mg online ora"},"content":{"rendered":"<h2>Acquista Diazepam Shalina 10 mg online ora \u2013 La tua fonte affidabile per il sollievo dall'ansia in Europa<\/h2>\n<p>Stai lottando contro la morsa opprimente dell'ansia, degli spasmi muscolari o dell'insonnia? Trovare un sollievo efficace e accessibile \u00e8 fondamentale per recuperare il tuo benessere. Nella nostra rinomata farmacia online, comprendiamo le difficolt\u00e0 che molti incontrano nell'ottenere i farmaci necessari. Ecco perch\u00e9 rendiamo facile e discreto <strong>Acquista Diazepam Shalina 10mg online ora<\/strong>, offrendo una soluzione affidabile per privati \u200b\u200bin Spagna, Italia, Germania, Paesi Bassi, Polonia e in tutta l'Europa, Regno Unito compreso.<\/p>\n<p>Siamo un venditore online affidabile, impegnato a fornire prodotti farmaceutici di alta qualit\u00e0, inclusi farmaci con e senza prescrizione medica. Il nostro impegno per l'accessibilit\u00e0 significa che puoi acquistare Diazepam Shalina 10 mg senza ricetta, semplificando il tuo percorso verso il comfort e la tranquillit\u00e0. Siamo orgogliosi di essere una fonte affidabile di farmaci, garantendo che ogni prodotto che offriamo soddisfi rigorosi standard di qualit\u00e0. Quando scegli di <strong>acquistare Diazepam Shalina 10mg online<\/strong> Scegliendo noi, scegliete un partner che si impegna per la vostra salute e il vostro benessere.<\/p>\n<h3>Comprendere il Diazepam Shalina 10 mg: cos'\u00e8 e come funziona<\/h3>\n<p>Il diazepam, in particolare quello commercializzato con il marchio Shalina, \u00e8 un farmaco ben noto appartenente alla classe delle benzodiazepine. Questi farmaci agiscono potenziando l'effetto di un neurotrasmettitore chiamato acido gamma-aminobutirrico (GABA) nel cervello. Il GABA ha un effetto calmante sul sistema nervoso centrale e, stimolandone l'attivit\u00e0, il diazepam contribuisce a ridurre l'eccessiva attivit\u00e0 cerebrale, inducendo una sensazione di rilassamento e tranquillit\u00e0.<\/p>\n<p>Shalina Healthcare \u00e8 un'azienda farmaceutica riconosciuta, nota per la produzione di farmaci di alta qualit\u00e0 a prezzi accessibili. Il Diazepam Shalina 10 mg \u00e8 formulato per garantire un'efficacia costante, il che lo rende una scelta popolare per la gestione di diverse patologie.<\/p>\n<h3>Principali usi e benefici del diazepam Shalina 10 mg<\/h3>\n<p>La versatilit\u00e0 del Diazepam Shalina 10 mg lo rende uno strumento prezioso nella gestione di diversi problemi di salute. Quando <strong>Acquista Diazepam Shalina 10mg online ora<\/strong>, stai cercando una soluzione per:<\/p>\n<p><em>   <strong>Disturbi d'ansia:<\/strong> Il diazepam \u00e8 molto efficace nella gestione a breve termine dei sintomi dell'ansia, tra cui nervosismo, irrequietezza e preoccupazione eccessiva. Pu\u00f2 alleviare il disagio fisico ed emotivo associato a vari stati d'ansia, aiutando le persone a riprendere il controllo della propria vita.<br \/>\n<\/em>   <strong>Spasmi muscolari:<\/strong> Le sue propriet\u00e0 miorilassanti lo rendono utile per il trattamento di spasmi e rigidit\u00e0 causati da patologie come la paralisi cerebrale o lesioni. Ci\u00f2 pu\u00f2 migliorare significativamente la mobilit\u00e0 e ridurre il disagio.<br \/>\n<em>   <strong>Controllo delle crisi epilettiche (terapia aggiuntiva):<\/strong> In alcuni casi, il diazepam viene utilizzato come terapia aggiuntiva nella gestione di determinati tipi di crisi epilettiche, sebbene ci\u00f2 avvenga in genere sotto stretta supervisione medica.<br \/>\n<\/em>   <strong>Insonnia:<\/strong> Per il trattamento a breve termine dei disturbi del sonno, il diazepam pu\u00f2 aiutare a indurre il sonno, risolvendo i problemi di addormentamento o di mantenimento del sonno.<br \/>\n<em>   <strong>Sindrome da astinenza da alcol:<\/strong> Pu\u00f2 essere utilizzato per gestire i sintomi acuti dell'astinenza da alcol, come agitazione, tremori e ansia.<\/p>\n<p>Il vantaggio principale della scelta di <strong>acquistare Diazepam Shalina 10mg online<\/strong> Il suo vantaggio risiede nel sollievo rapido ed efficace che offre dai sintomi pi\u00f9 fastidiosi. Rappresenta una via per migliorare la qualit\u00e0 della vita, riducendo l'impatto di queste patologie sulle attivit\u00e0 quotidiane.<\/p>\n<h3>Dosaggio e somministrazione: come assumere Diazepam Shalina 10 mg<\/h3>\n<p>Un dosaggio accurato \u00e8 fondamentale per l'uso sicuro ed efficace di qualsiasi farmaco. Quando si assume un farmaco, <strong>acquistare Diazepam Shalina 10mg online<\/strong>\u00c8 fondamentale attenersi al dosaggio raccomandato o al dosaggio prescritto dal proprio medico.<\/p>\n<p><\/em>   <strong>Dosaggio tipico:<\/strong> Per gli adulti, la dose iniziale abituale per l'ansia \u00e8 di 2-10 mg, da assumere da 2 a 4 volte al giorno. Tuttavia, la dose pu\u00f2 essere aggiustata in base alla gravit\u00e0 dei sintomi e alla risposta individuale.<br \/>\n<em>   <strong>Per gli spasmi muscolari:<\/strong> Le dosi tipiche variano da 5 mg a 10 mg, da assumere da 3 a 4 volte al giorno.<br \/>\n<\/em>   <strong>Per l'insonnia:<\/strong> Solitamente si assume una singola dose da 5 mg a 15 mg prima di coricarsi.<br \/>\n<em>   <strong>Pazienti anziani:<\/strong> Per i pazienti anziani si raccomandano spesso dosi inferiori a causa di una potenziale maggiore sensibilit\u00e0.<br \/>\n<\/em>   <strong>Amministrazione:<\/strong> Le compresse di Diazepam Shalina da 10 mg devono essere deglutite intere con un bicchiere d'acqua. Possono essere assunte con o senza cibo.<\/p>\n<p><strong>Nota importante:<\/strong> \u00c8 fondamentale seguire scrupolosamente le istruzioni sul dosaggio. Non superare la dose raccomandata e non assumerla per un periodo pi\u00f9 lungo di quello prescritto. L'uso prolungato pu\u00f2 portare alla dipendenza. In caso di dubbi sul dosaggio corretto per le proprie esigenze specifiche, si consiglia sempre di consultare un professionista sanitario. Ricorda, quando assumi <strong>acquistare Diazepam Shalina 10mg online<\/strong> Noi forniamo i farmaci, ma il parere di un medico professionista rimane essenziale.<\/p>\n<h3>Possibili effetti collaterali del diazepam Shalina 10 mg<\/h3>\n<p>Come tutti i farmaci, Diazepam Shalina 10 mg pu\u00f2 causare effetti collaterali, anche se non tutti li manifestano. \u00c8 importante essere consapevoli di queste potenziali reazioni in modo da poterle gestire in modo appropriato. Se <strong>acquistare Diazepam Shalina 10mg online<\/strong>, dovresti essere informato sui possibili effetti collaterali:<\/p>\n<p><strong>Effetti collaterali comuni:<\/strong><\/p>\n<p><em>   Sonnolenza e affaticamento<br \/>\n<\/em>   Vertigini<br \/>\n<em>   Debolezza muscolare<br \/>\n<\/em>   Visione offuscata<br \/>\n<em>   Mal di testa<br \/>\n<\/em>   Confusione<br \/>\n<em>   Bocca secca<\/p>\n<p><strong>Effetti collaterali meno comuni ma gravi:<\/strong><\/p>\n<p><\/em>   <strong>Dipendenza e astinenza:<\/strong> L'uso prolungato pu\u00f2 portare a dipendenza fisica e psicologica. L'interruzione improvvisa del farmaco dopo un uso prolungato pu\u00f2 causare sintomi di astinenza, tra cui ansia, insonnia, tremori, crampi muscolari e persino convulsioni.<br \/>\n<em>   <strong>Reazioni paradossali:<\/strong> In rari casi, anzich\u00e9 calmare, il diazepam pu\u00f2 causare aumento dell'agitazione, aggressivit\u00e0 o allucinazioni.<br \/>\n<\/em>   <strong>Depressione respiratoria:<\/strong> Il diazepam, soprattutto se assunto in dosi elevate o in combinazione con altri depressori del sistema nervoso centrale (come alcol o oppioidi), pu\u00f2 rallentare la respirazione.<br \/>\n<em>   <strong>Compromissione della memoria:<\/strong> Alcuni utenti potrebbero manifestare amnesia anterograda, ovvero difficolt\u00e0 nella formazione di nuovi ricordi.<\/p>\n<p><strong>Se si verificano effetti collaterali gravi o persistenti, consultare immediatamente un medico.<\/strong> Informa sempre il tuo medico o il farmacista di tutti i farmaci che stai assumendo, compresi i prodotti da banco e gli integratori, per evitare potenziali interazioni.<\/p>\n<h3>Controindicazioni e precauzioni per Diazepam Shalina 10 mg<\/h3>\n<p>Prima di te <strong>acquistare Diazepam Shalina 10mg online<\/strong>Si prega di tenere in considerazione le seguenti controindicazioni e precauzioni per garantire la propria sicurezza:<\/p>\n<p><\/em>   <strong>Allergie:<\/strong> Non assumere Diazepam se si \u00e8 allergici al Diazepam o ad altre benzodiazepine.<br \/>\n<em>   <strong>Miastenia grave:<\/strong> Questo farmaco non deve essere usato da persone affette da miastenia grave, una condizione che causa debolezza muscolare.<br \/>\n<\/em>   <strong>Insufficienza respiratoria grave:<\/strong> Si raccomanda cautela alle persone con gravi problemi respiratori.<br \/>\n<em>   <strong>Grave compromissione del fegato o dei reni:<\/strong> Usare con cautela nei pazienti con funzionalit\u00e0 epatica o renale compromessa.<br \/>\n<\/em>   <strong>Apnea del sonno:<\/strong> Il diazepam pu\u00f2 peggiorare l'apnea notturna.<br \/>\n<em>   <strong>Alcol e altri sedativi:<\/strong> Evitate l'alcol e altri depressori del sistema nervoso centrale durante l'assunzione di Diazepam, poich\u00e9 ci\u00f2 pu\u00f2 aumentare significativamente il rischio di effetti collaterali pericolosi, tra cui depressione respiratoria e sedazione profonda.<br \/>\n<\/em>   <strong>Gravidanza e allattamento:<\/strong> Il diazepam \u00e8 generalmente sconsigliato durante la gravidanza e l'allattamento a causa dei potenziali rischi per il feto o il neonato. Consultate il vostro medico se siete incinta, state pianificando una gravidanza o state allattando.<br \/>\n<em>   <strong>Guida e utilizzo di macchinari:<\/strong> Il diazepam pu\u00f2 compromettere la capacit\u00e0 di guidare veicoli o di utilizzare macchinari pesanti a causa dei suoi effetti sedativi. Evita queste attivit\u00e0 finch\u00e9 non sai come il farmaco agisce su di te.<\/p>\n<h3>Perch\u00e9 scegliere noi per acquistare Diazepam Shalina 10 mg online?<\/h3>\n<p>Quando decidi di <strong>acquistare Diazepam Shalina 10mg online<\/strong>Se stai cercando un partner di cui ti puoi fidare, la nostra farmacia online ti offre diversi vantaggi chiave:<\/p>\n<p><\/em>   <strong>Affidabile e con ottime foto:<\/strong> Siamo una farmacia online affidabile con sede in Spagna, impegnata a fornire farmaci autentici e di alta qualit\u00e0. Il nostro obiettivo \u00e8 diventare un fornitore di fiducia a cui possiate rivolgervi per le vostre esigenze farmaceutiche in tutta Europa.<br \/>\n<em>   <strong>Non \u00e8 necessaria la ricetta medica:<\/strong> Comprendiamo che ottenere una prescrizione medica possa talvolta rappresentare un ostacolo. Offriamo la comodit\u00e0 di acquistare Diazepam Shalina 10 mg senza ricetta, rendendo il sollievo pi\u00f9 accessibile.<br \/>\n<\/em>   <strong>Spedizione discreta in tutta Europa:<\/strong> La tua privacy \u00e8 fondamentale. Offriamo spedizioni discrete in Spagna, Italia, Germania, Paesi Bassi, Polonia e Regno Unito. Il tuo ordine arriver\u00e0 in modo sicuro e senza alcuna indicazione esterna del suo contenuto, garantendoti la massima tranquillit\u00e0.<br \/>\n<em>   <strong>Prezzi competitivi:<\/strong> Ci impegniamo a offrire prezzi competitivi per Diazepam Shalina 10 mg e altri farmaci, rendendo i trattamenti essenziali pi\u00f9 accessibili ai nostri clienti europei.<br \/>\n<\/em>   <strong>Piattaforma intuitiva:<\/strong> Il nostro sito web \u00e8 progettato per essere facile da usare, consentendoti di trovare, ordinare e ricevere i tuoi farmaci in modo rapido ed efficiente.<br \/>\n*   <strong>Garanzia di qualit\u00e0:<\/strong> Acquistiamo i nostri farmaci da produttori affidabili, garantendo che ogni prodotto soddisfi i pi\u00f9 elevati standard di qualit\u00e0 e sicurezza.<\/p>\n<h3>Domande frequenti sull'acquisto di diazepam online<\/h3>\n<p><strong>Posso davvero acquistare Diazepam Shalina 10 mg senza ricetta qui?<\/strong><br \/>\nS\u00ec, in quanto farmacia online affidabile, offriamo la comodit\u00e0 di acquistare Diazepam Shalina 10 mg senza bisogno di ricetta medica. Tuttavia, raccomandiamo sempre di consultare un medico per un parere personalizzato.<\/p>\n<p><strong>Si tratta di Diazepam Shalina 10 mg autentico?<\/strong><br \/>\nCertamente. Siamo un venditore online affidabile, impegnato a fornire prodotti farmaceutici autentici. La vostra salute e sicurezza sono le nostre massime priorit\u00e0 e garantiamo la qualit\u00e0 e l'efficacia di ogni farmaco che forniamo.<\/p>\n<p><strong>Quanto \u00e8 discreta la vostra spedizione?<\/strong><br \/>\nLe nostre spedizioni sono estremamente discrete. Tutti gli ordini vengono imballati in modo sicuro e anonimo. L'imballaggio esterno non riveler\u00e0 il contenuto del tuo ordine, garantendo la tua privacy durante tutto il processo di consegna. Spediamo in modo discreto in Spagna, Italia, Germania, Paesi Bassi, Polonia, Europa e Regno Unito.<\/p>\n<p><strong>Quali sono i tempi di spedizione?<\/strong><br \/>\nI tempi di spedizione possono variare a seconda della localit\u00e0 in Europa. Dopo aver effettuato l'ordine per l'acquisto online di Diazepam Shalina 10 mg, riceverai una stima dei tempi di consegna al momento del pagamento. Ci impegniamo a garantire consegne rapide e affidabili.<\/p>\n<p><strong>Cosa succede se ho una reazione avversa al Diazepam?<\/strong><br \/>\nSe si verificano effetti collaterali indesiderati o gravi, interrompere immediatamente l'uso e consultare un medico. \u00c8 sempre consigliabile discutere qualsiasi dubbio con un operatore sanitario.<\/p>\n<h3>Inizia oggi il tuo viaggio verso la tranquillit\u00e0.<\/h3>\n<p>Ansia, tensione muscolare e disturbi del sonno possono avere un impatto significativo sulla qualit\u00e0 della vita. Non lasciare che queste difficolt\u00e0 determinino il tuo benessere. Scegliendo di <strong>Acquista Diazepam Shalina 10mg online ora<\/strong> Acquistando dalla nostra farmacia online di fiducia, compi un passo concreto verso un sollievo efficace. Offriamo un modo sicuro, comodo e discreto per accedere a questo importante farmaco in tutta Europa. Il nostro impegno a essere una fonte affidabile ti permette di acquistare con fiducia. Scopri la differenza che un farmaco di qualit\u00e0 e facilmente accessibile pu\u00f2 fare. Effettua il tuo ordine oggi stesso e inizia il tuo percorso verso una vita pi\u00f9 serena e confortevole.<\/p>","protected":false},"excerpt":{"rendered":"<p>Cerchi sollievo dall'ansia o dagli spasmi muscolari? Diazepam Shalina 10 mg \u00e8 qui per aiutarti. Questo farmaco affidabile, appartenente alla classe delle benzodiazepine, offre un sollievo temporaneo per l'ansia da lieve a moderata e pu\u00f2 essere utile per gestire i sintomi dell'astinenza da alcol. Acquistalo e sentiti meglio presto.<\/p>","protected":false},"featured_media":10726,"template":"","meta":[],"product_brand":[],"product_cat":[439],"product_tag":[935,938,933,940,934,893,937,936,939,861],"class_list":{"0":"post-10708","1":"product","2":"type-product","3":"status-publish","4":"has-post-thumbnail","6":"product_cat-anxiety-pills","7":"product_tag-anxiety-relief-europe","8":"product_tag-buy-benzodiazepines-online","9":"product_tag-buy-diazepam-online","10":"product_tag-diazepam-online-pharmacy","11":"product_tag-diazepam-shalina-10mg","12":"product_tag-european-shipping","13":"product_tag-insomnia-medication","14":"product_tag-muscle-spasms-treatment","15":"product_tag-no-prescription-diazepam","16":"product_tag-trusted-online-seller","18":"first","19":"instock","20":"shipping-taxable","21":"purchasable","22":"product-type-variable"},"_links":{"self":[{"href":"https:\/\/capsovia.com\/it\/wp-json\/wp\/v2\/product\/10708","targetHints":{"allow":["GET"]}}],"collection":[{"href":"https:\/\/capsovia.com\/it\/wp-json\/wp\/v2\/product"}],"about":[{"href":"https:\/\/capsovia.com\/it\/wp-json\/wp\/v2\/types\/product"}],"version-history":[{"count":0,"href":"https:\/\/capsovia.com\/it\/wp-json\/wp\/v2\/product\/10708\/revisions"}],"wp:featuredmedia":[{"embeddable":true,"href":"https:\/\/capsovia.com\/it\/wp-json\/wp\/v2\/media\/10726"}],"wp:attachment":[{"href":"https:\/\/capsovia.com\/it\/wp-json\/wp\/v2\/media?parent=10708"}],"wp:term":[{"taxonomy":"product_brand","embeddable":true,"href":"https:\/\/capsovia.com\/it\/wp-json\/wp\/v2\/product_brand?post=10708"},{"taxonomy":"product_cat","embeddable":true,"href":"https:\/\/capsovia.com\/it\/wp-json\/wp\/v2\/product_cat?post=10708"},{"taxonomy":"product_tag","embeddable":true,"href":"https:\/\/capsovia.com\/it\/wp-json\/wp\/v2\/product_tag?post=10708"}],"curies":[{"name":"wp","href":"https:\/\/api.w.org\/{rel}","templated":true}]}}