{"id":7300,"date":"2024-09-15T10:01:33","date_gmt":"2024-09-15T10:01:33","guid":{"rendered":"https:\/\/pharmaplazaonline.com\/?post_type=product&#038;p=7300"},"modified":"2026-04-18T00:34:28","modified_gmt":"2026-04-18T00:34:28","slug":"clomipramina-3","status":"publish","type":"product","link":"https:\/\/capsovia.com\/it\/product\/clomipramina-3\/","title":{"rendered":"comprar anafranil 10mg online R\u00e1pido"},"content":{"rendered":"<h2><strong>Comprar Anafranil 10mg Online R\u00e1pido: la tua fonte di fiducia per un trattamento efficace in Europa<\/strong><\/h2>\n<p>Benvenuto nella tua farmacia online Premier, una fonte affidabile e affidabile per l'acquisto <strong>comprar anafranil 10mg online R\u00e1pido<\/strong> e altri farmaci essenziali. Comprendiamo l'importanza di un'assistenza sanitaria accessibile e discreta e la nostra missione \u00e8 fornire un'esperienza senza interruzioni per i nostri stimati clienti in Spagna, Italia, Germania, Paesi Bassi, Polonia e nel pi\u00f9 ampio Regno Unito. Quando ne hai bisogno <strong>Acquista anafranil 10 mg senza prescrizione medica<\/strong>, non cercare oltre la nostra piattaforma sicura e affidabile. Ci dedichiamo a offrire prodotti farmaceutici di alta qualit\u00e0 e un servizio clienti eccezionale.<\/p>\n<p>Anafranil, noto genericamente come clomipramina, \u00e8 un antidepressivo triciclico (TCA) prescritto principalmente per il trattamento del disturbo ossessivo-compulsivo (OCD). Tuttavia, la sua efficacia si estende ad altre condizioni di salute mentale, rendendola una preziosa opzione terapeutica. Se stai cercando <strong>Acquista anafranil 10 mg in modo discreto<\/strong> Per te o per una persona cara, stai certo che il nostro impegno per la privacy e la sicurezza \u00e8 fondamentale. Ci assicuriamo che il tuo ordine sia imballato e spedito con la massima riservatezza, raggiungendo la tua porta di casa in modo efficiente e senza inutili attenzioni.<\/p>\n<h3><strong>Capire Anafranil 10mg: usi e benefici<\/strong><\/h3>\n<p>Anafranil (clomipramina) \u00e8 un farmaco eccezionalmente efficace per la gestione di diverse condizioni psichiatriche. La sua indicazione principale \u00e8 <strong>Disturbo ossessivo-compulsivo (OCD)<\/strong>, dove aiuta a ridurre la frequenza e l'intensit\u00e0 delle ossessioni (intrusivi, pensieri indesiderati) e delle compulsioni (comportamenti ripetitivi). Per gli individui alle prese con gli effetti debilitanti del DOC, <strong>Anafranil 10mg in vendita<\/strong> Pu\u00f2 offrire un sollievo significativo, migliorando il funzionamento quotidiano e la qualit\u00e0 generale della vita.<\/p>\n<p>Oltre al DOC, l'anafranil \u00e8 anche prescritto per:<\/p>\n<p><em>   <strong>Depression:<\/strong> Sebbene non sia in genere un trattamento di prima linea per la depressione generale, pu\u00f2 essere efficace per le persone con depressione grave o resistente al trattamento.<br \/>\n<\/em>   <strong>Attacchi di panico:<\/strong> Il farmaco pu\u00f2 aiutare a ridurre la frequenza e la gravit\u00e0 degli attacchi di panico.<br \/>\n<em>   <strong>Fobia sociale (disturbo d'ansia sociale):<\/strong> Anafranil pu\u00f2 essere utilizzato per gestire la paura e l'ansia eccessive nelle situazioni sociali.<br \/>\n<\/em>   <strong>Disturbi alimentari:<\/strong> In alcuni casi, viene utilizzato come trattamento aggiuntivo per condizioni come la bulimia nervosa.<\/p>\n<p>i vantaggi di <strong>comprar anafranil 10mg online seguro<\/strong> sono numerosi per le persone idonee. Gestendo efficacemente gli squilibri del neurotrasmettitore nel cervello associati a queste condizioni, Anafranil pu\u00f2 portare a:<\/p>\n<p><em>   Ridotti pensieri e impulsi invadenti.<br \/>\n<\/em>   Diminuzione del coinvolgimento nei comportamenti compulsivi.<br \/>\n<em>   Umore migliorato e regolazione emotiva.<br \/>\n<\/em>   Maggiore capacit\u00e0 di partecipare alle attivit\u00e0 quotidiane.<br \/>\n<em>   interazioni sociali migliorate e riduzione della riduzione.<\/p>\n<p>La nostra piattaforma ti permette <strong>Acquista Anafranil 10 mg Spagna<\/strong> e altri paesi europei con fiducia, sapendo che stai ricevendo farmaci genuini.<\/p>\n<h3><strong>Dosaggio e somministrazione: come prendere anafranil 10 mg<\/strong><\/h3>\n<p>Quando tu <strong>Comprar Anafranil 10mg Rapido<\/strong>, \u00e8 fondamentale comprendere le linee guida di dosaggio e somministrazione raccomandate. Tuttavia, ricorda che queste informazioni sono solo per una guida generale. <strong>\u00c8 sempre consigliabile consultare un operatore sanitario prima di iniziare qualsiasi nuovo farmaco, incluso Anafranil, anche quando si acquista senza prescrizione da una fonte online rispettabile.<\/strong> Possono aiutare a determinare il dosaggio pi\u00f9 appropriato per le tue esigenze specifiche e monitorare i tuoi progressi.<\/p>\n<p><\/em>   <strong>Dose iniziale:<\/strong> In genere, il trattamento inizia con una dose bassa, spesso da 25 a 50 mg al giorno, di solito assunta in dosi divise.<br \/>\n<em>   <strong>Titolazione:<\/strong> La dose pu\u00f2 essere gradualmente aumentata in base alla tolleranza e alla risposta, sotto controllo medico. Il dosaggio pu\u00f2 essere aumentato di 25 mg ogni 3-4 giorni.<br \/>\n<\/em>   <strong>Dose di mantenimento:<\/strong> Per il disturbo ossessivo compulsivo, spesso sono necessarie dosi pi\u00f9 elevate, a volte che vanno da 100 mg a 250 mg al giorno.<br \/>\n<em>   <strong>Maximum Dose:<\/strong> La dose giornaliera massima raccomandata per gli adulti \u00e8 generalmente di 250 mg.<br \/>\n<\/em>   <strong>Amministrazione:<\/strong> Le compresse di Anafranil possono essere assunte con o senza cibo. Prenderli con il cibo pu\u00f2 aiutare a ridurre il mal di stomaco. In genere si consiglia di assumere la dose alla stessa ora\/e ogni giorno per mantenere un livello coerente nel corpo.<br \/>\n<em>   <strong>Durata del trattamento:<\/strong> La durata del trattamento pu\u00f2 variare in modo significativo a seconda della condizione trattata e della risposta dell'individuo. Per il disturbo ossessivo compulsivo, il trattamento pu\u00f2 essere a lungo termine.<\/p>\n<p>Quando tu <strong>Ordina Anafranil 10 mg online<\/strong> Da noi, riceverai istruzioni dettagliate con il tuo farmaco. Incoraggiamo tutti i nostri clienti a leggerli a fondo e a contattare il nostro supporto clienti in caso di domande sul dosaggio o su come farlo <strong>Comprare Anafranil compresse da 10 mg<\/strong>.<\/p>\n<h3><strong>Potenziali effetti collaterali di Anafranil 10 mg<\/strong><\/h3>\n<p>Come tutti i farmaci, l'anafranil pu\u00f2 causare effetti collaterali. \u00c8 importante essere consapevoli di queste potenziali reazioni, anche se non tutti le sperimenteranno. Molti effetti collaterali sono lievi e possono diminuire man mano che il tuo corpo si adatta al farmaco.<\/p>\n<p><strong>Effetti collaterali comuni:<\/strong><\/p>\n<p><\/em>   sonnolenza o sedazione<br \/>\n<em>   Vertigini<br \/>\n<\/em>   Bocca secca<br \/>\n<em>   Stipsi<br \/>\n<\/em>   Visione offuscata<br \/>\n<em>   Nausea<br \/>\n<\/em>   Increased sweating<br \/>\n<em>   Tremors<br \/>\n<\/em>   Cambiamenti di appetito o di peso<\/p>\n<p><strong>Effetti collaterali meno comuni ma gravi:<\/strong><\/p>\n<p><em>   <strong>Effetti cardiovascolari:<\/strong> variazioni della frequenza cardiaca o della pressione sanguigna.<br \/>\n<\/em>   <strong>Effetti neurologici:<\/strong> convulsioni, soprattutto a dosi pi\u00f9 elevate, o aumento dell'irrequietezza.<br \/>\n<em>   <strong>Effetti psichiatrici:<\/strong> peggioramento della depressione, pensieri suicidi (soprattutto nei giovani adulti e negli adolescenti) o agitazione.<br \/>\n<\/em>   <strong>Disfunzione sessuale:<\/strong> diminuzione della libido, difficolt\u00e0 a raggiungere l'orgasmo o disfunzione erettile.<br \/>\n<em>   <strong>Ritenzione urinaria:<\/strong> Difficolt\u00e0 a urinare.<br \/>\n<\/em>   <strong>Sindrome serotoninergica:<\/strong> Una condizione rara ma potenzialmente pericolosa per la vita che pu\u00f2 verificarsi quando i livelli di serotonina diventano troppo alti, specialmente se combinati con altri farmaci serotoninergici. I sintomi includono agitazione, allucinazioni, battito cardiaco accelerato, febbre e rigidit\u00e0 muscolare.<\/p>\n<p><strong>Se si verificano effetti collaterali gravi o persistenti, o se si hanno dubbi sulla propria salute durante l'assunzione di Anafranil, \u00e8 fondamentale consultare tempestivamente un medico.<\/strong> Mentre forniamo l'accesso a <strong>Acquista Anafranil 10 mg nel Regno Unito<\/strong> E in tutta Europa, non sostituiamo la consulenza medica professionale.<\/p>\n<h3><strong>Perch\u00e9 sceglierci per comprar anafranil 10mg online R\u00e1pido?<\/strong><\/h3>\n<p>In quanto farmacia online rispettabile al servizio dell'Europa, ci impegniamo a fornire un modo sicuro, affidabile e conveniente per <strong>comprar anafranil 10mg online R\u00e1pido<\/strong>. La nostra piattaforma \u00e8 progettata pensando alle tue esigenze, offrendo:<\/p>\n<p><em>   <strong>Prodotti originali:<\/strong> Produciamo i nostri farmaci solo da produttori di fiducia, assicurandoti di ricevere anafranil autentico e di alta qualit\u00e0.<br \/>\n<\/em>   <strong>Spedizione discreta:<\/strong> La tua privacy \u00e8 la nostra massima priorit\u00e0. Tutti gli ordini vengono spediti in imballaggi discreti, senza alcuna indicazione esteriore del contenuto. <strong>comprar anafranil 10 mg discretamente<\/strong> non \u00e8 mai stato cos\u00ec facile.<br \/>\n<em>   <strong>Fast Delivery:<\/strong> Comprendiamo che l'accesso tempestivo ai farmaci \u00e8 importante. Miriamo a un'elaborazione e una consegna rapide in tutte le destinazioni europee, tra cui Spagna, Italia, Germania, Paesi Bassi, Polonia e Regno Unito.<br \/>\n<\/em>   <strong>Prezzi competitivi:<\/strong> Ci sforziamo di offrire prezzi accessibili per tutti i nostri farmaci, rendendo i trattamenti essenziali pi\u00f9 accessibili.<br \/>\n<em>   <strong>Opzioni di pagamento sicure:<\/strong> Il nostro sito Web utilizza solide misure di sicurezza per proteggere le tue informazioni personali e finanziarie durante le transazioni.<br \/>\n<\/em>   <strong>Accessibile senza prescrizione:<\/strong> Per coloro che si trovano nelle regioni in cui ottenere una prescrizione pu\u00f2 essere una barriera, offriamo una soluzione a <strong>acquistare anafranil 10 mg senza prescrizione medica<\/strong>, semplificando il processo per le persone idonee.<br \/>\n<em>   <strong>Ottimo servizio clienti:<\/strong> Il nostro team di supporto dedicato \u00e8 disponibile per assisterti con qualsiasi domanda o dubbio che potresti avere sull'ordinazione di farmaci online.<\/p>\n<p>Quando ne hai bisogno <strong>Acquista Anafranil 10 mg Europa<\/strong>, scegli un partner di cui ti puoi fidare. Ci dedichiamo a fornirti il farmaco di cui hai bisogno, quando ne hai bisogno, con la massima discrezione e cura.<\/p>\n<h3><strong>Considerazioni importanti prima di comprar anafranil 10mg<\/strong><\/h3>\n<p>Mentre \u00e8 conveniente <strong>Comprar Anafranil 10mg Sin Online Receta<\/strong> (senza prescrizione) Dalla nostra farmacia di fiducia, \u00e8 essenziale avvicinarsi al trattamento con cautela informata.<\/p>\n<p><\/em>   <strong>Consultare un professionista sanitario:<\/strong> Come accennato in precedenza, anche se si acquista senza prescrizione medica, si consiglia vivamente di discutere i sintomi e l'idoneit\u00e0 di Anafranil con un medico o un operatore sanitario qualificato. Possono offrire consigli personalizzati, diagnosticare la tua condizione in modo accurato e monitorare il trattamento per risultati e sicurezza ottimali.<br \/>\n<em>   <strong>Interazioni con altri farmaci:<\/strong> Anafranil pu\u00f2 interagire con altri farmaci, inclusi altri antidepressivi, sedativi, anticoagulanti e alcuni farmaci da banco. Informa sempre il tuo medico o il nostro supporto clienti su qualsiasi altro farmaco o integratore che stai attualmente assumendo.<br \/>\n<\/em>   <strong>Pre-existing Medical Conditions:<\/strong> Gli individui con determinate condizioni mediche, come malattie cardiache, epilessia, glaucoma o problemi al fegato, dovrebbero prestare attenzione e consultare un medico prima di assumere Anafranil.<br \/>\n<em>   <strong>Gravidanza e allattamento:<\/strong> Anafranil dovrebbe generalmente essere evitato durante la gravidanza e l'allattamento al seno se non espressamente consigliato da un operatore sanitario.<br \/>\n<\/em>   <strong>Guida e utilizzo di macchinari:<\/strong> Anafranil pu\u00f2 causare sonnolenza e vertigini. Si consiglia di evitare di guidare o utilizzare macchinari pesanti fino a quando non si sa come il farmaco vi influenzi.<\/p>\n<p>Siamo qui per facilitare il tuo accesso a trattamenti efficaci, ma la tua salute e sicurezza rimangono la nostra principale preoccupazione. Riteniamo che fornendo informazioni chiare e un accesso affidabile, ti autorizziamo a prendere decisioni informate sul tuo benessere.<\/p>\n<h3><strong>Ordinare Anafranil 10mg online: un processo semplice<\/strong><\/h3>\n<p>Il nostro sito Web intuitivo lo rende semplice <strong>comprar anafranil 10mg online R\u00e1pido<\/strong>. Vai semplicemente alla pagina del prodotto, seleziona la quantit\u00e0 desiderata e procedi al nostro checkout sicuro. Accettiamo una variet\u00e0 di metodi di pagamento per la tua comodit\u00e0. Una volta che il tuo ordine \u00e8 stato confermato, il nostro team lo elaborer\u00e0 in modo efficiente e lo invier\u00e0 con la massima discrezione, assicurandoti che ti raggiunga prontamente ovunque in Europa.<\/p>\n<p>Investi nel tuo benessere mentale oggi. Quando ne hai bisogno <strong>Acquista Anafranil 10 mg online<\/strong>, fidati del nostro impegno per la qualit\u00e0, la sicurezza e il servizio discreto. Siamo il tuo partner online affidabile per i farmaci essenziali.<\/p>","protected":false},"excerpt":{"rendered":"<p>Acquista Anafranil 10mg online in modo rapido e discreto. Questo potente farmaco aiuta ad alleviare le lotte quotidiane del disturbo ossessivo-compulsivo (OCD) ripristinando l'equilibrio nel cervello. Prova sollievo dai pensieri persistenti e dai comportamenti compulsivi, permettendoti di reclamare la tua vita. Lascia che ti aiutiamo a iniziare a sentirti di nuovo pi\u00f9 simile a te stesso.<\/p>","protected":false},"featured_media":7311,"template":"","meta":[],"product_brand":[],"product_cat":[54],"product_tag":[1623,1627,1630,1626,1629,1624,1625,1572,1628],"class_list":{"0":"post-7300","1":"product","2":"type-product","3":"status-publish","4":"has-post-thumbnail","6":"product_cat-anti-depressant","7":"product_tag-anafranil-10mg","8":"product_tag-anafranil-europa","9":"product_tag-anafranil-rapido","10":"product_tag-anafranil-sin-receta","11":"product_tag-antidepresivos","12":"product_tag-clomipramine","13":"product_tag-comprar-anafranil-online","14":"product_tag-comprar-medicamentos-online","15":"product_tag-tratamiento-toc","17":"first","18":"instock","19":"shipping-taxable","20":"purchasable","21":"product-type-variable"},"_links":{"self":[{"href":"https:\/\/capsovia.com\/it\/wp-json\/wp\/v2\/product\/7300","targetHints":{"allow":["GET"]}}],"collection":[{"href":"https:\/\/capsovia.com\/it\/wp-json\/wp\/v2\/product"}],"about":[{"href":"https:\/\/capsovia.com\/it\/wp-json\/wp\/v2\/types\/product"}],"version-history":[{"count":0,"href":"https:\/\/capsovia.com\/it\/wp-json\/wp\/v2\/product\/7300\/revisions"}],"wp:featuredmedia":[{"embeddable":true,"href":"https:\/\/capsovia.com\/it\/wp-json\/wp\/v2\/media\/7311"}],"wp:attachment":[{"href":"https:\/\/capsovia.com\/it\/wp-json\/wp\/v2\/media?parent=7300"}],"wp:term":[{"taxonomy":"product_brand","embeddable":true,"href":"https:\/\/capsovia.com\/it\/wp-json\/wp\/v2\/product_brand?post=7300"},{"taxonomy":"product_cat","embeddable":true,"href":"https:\/\/capsovia.com\/it\/wp-json\/wp\/v2\/product_cat?post=7300"},{"taxonomy":"product_tag","embeddable":true,"href":"https:\/\/capsovia.com\/it\/wp-json\/wp\/v2\/product_tag?post=7300"}],"curies":[{"name":"wp","href":"https:\/\/api.w.org\/{rel}","templated":true}]}}