{"id":10581,"date":"2024-10-04T17:56:19","date_gmt":"2024-10-04T17:56:19","guid":{"rendered":"https:\/\/pharmaplazaonline.com\/?post_type=product&#038;p=10581"},"modified":"2026-04-17T22:34:06","modified_gmt":"2026-04-17T22:34:06","slug":"ketamine-hcl-powder","status":"publish","type":"product","link":"https:\/\/capsovia.com\/pl\/product\/ketamine-hcl-powder\/","title":{"rendered":"Kup proszek ketaminy HCL online"},"content":{"rendered":"<h2>Kup proszek ketaminy HCL online: Twoje zaufane \u017ar\u00f3d\u0142o odczynnik\u00f3w chemicznych o wysokiej czysto\u015bci<\/h2>\n<p>Witamy w naszej renomowanej aptece internetowej, Twoim g\u0142\u00f3wnym miejscu docelowym <strong>Kup proszek ketaminy HCL online<\/strong> Dyskretnie i bezpiecznie. Rozumiemy potrzeb\u0119 niezawodnego dost\u0119pu do wysokiej jako\u015bci odczynnik\u00f3w chemicznych i dok\u0142adamy wszelkich stara\u0144, aby zapewni\u0107 zaufan\u0105 platform\u0119 dla badaczy, laboratori\u00f3w i autoryzowanych specjalist\u00f3w w ca\u0142ej Europie i Wielkiej Brytanii. Naszym zobowi\u0105zaniem jest oferowanie wy\u0142\u0105cznie najwy\u017cszej jako\u015bci proszku ketaminy HCL, gwarantuj\u0105c czysto\u015b\u0107 i skuteczno\u015b\u0107 w Pa\u0144stwa krytycznych zastosowaniach. Jeste\u015bmy dumni z bycia niezawodnym \u017ar\u00f3d\u0142em szerokiej gamy zwi\u0105zk\u00f3w chemicznych, a nasza rozbudowana sie\u0107 wysy\u0142kowa gwarantuje szybk\u0105 i dyskretn\u0105 dostaw\u0119 do Hiszpanii, W\u0142och, Niemiec, Polski, Holandii i Wielkiej Brytanii.<\/p>\n<p><strong>Zrozumienie proszku ketaminy HCL<\/strong><\/p>\n<p>Chlorowodorek ketaminy (HCl) to dysocjacyjny \u015brodek znieczulaj\u0105cy, kt\u00f3ry jest szeroko stosowany w medycynie ludzkiej i weterynaryjnej. Jego unikalne w\u0142a\u015bciwo\u015bci uczyni\u0142y go r\u00f3wnie\u017c cennym zwi\u0105zkiem w badaniach naukowych. <strong>Kup proszek ketaminy HCL online<\/strong> u nas nabywaj\u0105 Pa\u0144stwo starannie przetworzony i sprawdzony odczynnik chemiczny.<\/p>\n<p><em>   <strong>Nazwa chemiczna:<\/strong> chlorowodorek (\u00b1)-2-(2-chlorofenylo)-2-(metyloamino)cykloheksanonu<br \/>\n<\/em>   <strong>Wz\u00f3r cz\u0105steczkowy:<\/strong> C\u2081\u2083H\u2081\u2086ClNO \u2022 HCl<br \/>\n<em>   <strong>Masa cz\u0105steczkowa:<\/strong> 270,18 g\/mol<br \/>\n<\/em>   <strong>Wygl\u0105d:<\/strong> Zwykle jest to bia\u0142y lub bia\u0142awy, krystaliczny proszek.<br \/>\n<em>   <strong>Rozpuszczalno\u015b\u0107:<\/strong> Rozpuszczalny w wodzie i etanolu.<\/p>\n<p>Oznaczenie HCL wskazuje, \u017ce zwi\u0105zek wyst\u0119puje w postaci soli, co zazwyczaj zwi\u0119ksza jego stabilno\u015b\u0107 i rozpuszczalno\u015b\u0107, dzi\u0119ki czemu jest \u0142atwiejszy w obs\u0142udze i formulacji do r\u00f3\u017cnych cel\u00f3w laboratoryjnych.<\/p>\n<p><strong>Znaczenie wysokiej jako\u015bci proszku ketaminy HCL<\/strong><\/p>\n<p>W przypadku instytucji naukowych, laboratori\u00f3w badawczych i zastosowa\u0144 przemys\u0142owych jako\u015b\u0107 u\u017cywanych odczynnik\u00f3w chemicznych ma kluczowe znaczenie. Zanieczyszczenia lub niesp\u00f3jno\u015bci mog\u0105 prowadzi\u0107 do niedok\u0142adnych wynik\u00f3w, nieprawid\u0142owych eksperyment\u00f3w i potencjalnych zagro\u017ce\u0144 dla bezpiecze\u0144stwa. Wybieraj\u0105c\u2026 <strong>Kup proszek ketaminy HCL online<\/strong> z naszej zaufanej apteki inwestujesz w:<\/p>\n<p><\/em>   <strong>Bezkompromisowa czysto\u015b\u0107:<\/strong> Nasz proszek ketaminy HCL poddawany jest rygorystycznym kontrolom jako\u015bci, aby zapewni\u0107 wysoki stopie\u0144 czysto\u015bci. Wsp\u00f3\u0142pracujemy z renomowanymi producentami i przeprowadzamy wewn\u0119trzne testy w celu potwierdzenia integralno\u015bci naszych produkt\u00f3w.<br \/>\n<em>   <strong>Sta\u0142a jako\u015b\u0107 partii:<\/strong> Rozumiemy, \u017ce powtarzalno\u015b\u0107 jest kluczowa w badaniach i rozwoju. Nasze zaanga\u017cowanie w sp\u00f3jne procesy produkcyjne gwarantuje, \u017ce ka\u017cda partia proszku ketaminy HCL spe\u0142nia te same wysokie standardy.<br \/>\n<\/em>   <strong>Niezawodny \u0142a\u0144cuch dostaw:<\/strong> Jako zaufany sprzedawca internetowy, utrzymujemy solidny \u0142a\u0144cuch dostaw, aby zapewni\u0107 sta\u0142\u0105 dost\u0119pno\u015b\u0107 proszku ketaminy HCL. Minimalizuje to zak\u0142\u00f3cenia w harmonogramie bada\u0144 i operacji.<br \/>\n<em>   <strong>Dyskretna i bezpieczna dostawa:<\/strong> Twoja prywatno\u015b\u0107 jest dla nas priorytetem. Wszystkie zam\u00f3wienia s\u0105 pakowane i wysy\u0142ane dyskretnie, bez ujawniania zawarto\u015bci. Nasze bezpieczne metody wysy\u0142ki gwarantuj\u0105, \u017ce Twoje zam\u00f3wienie dotrze bezpiecznie i szybko.<\/p>\n<p><strong>Gdzie bezpiecznie kupi\u0107 proszek ketaminy HCL online<\/strong><\/p>\n<p>Poruszanie si\u0119 po internetowym rynku zwi\u0105zk\u00f3w chemicznych mo\u017ce by\u0107 trudne. Kluczowe jest, aby\u2026 <strong>Kup proszek ketaminy HCL online<\/strong> Z renomowanego i zgodnego z prawem \u017ar\u00f3d\u0142a. Nasza apteka internetowa ugruntowa\u0142a swoj\u0105 pozycj\u0119 jako rzetelny i godny zaufania dostawca, przestrzegaj\u0105cy wszystkich stosownych przepis\u00f3w i najlepszych praktyk. Oferujemy bezproblemowy proces zakup\u00f3w, gwarantuj\u0105c, \u017ce otrzymasz legalny i wysokiej jako\u015bci produkt bez zb\u0119dnych komplikacji.<\/p>\n<p><strong>Zastosowania proszku ketaminy HCL w badaniach naukowych i przemy\u015ble<\/strong><\/p>\n<p>Chocia\u017c ketamina jest powszechnie znana ze swoich w\u0142a\u015bciwo\u015bci znieczulaj\u0105cych, jej zastosowania rozci\u0105gaj\u0105 si\u0119 na r\u00f3\u017cne dziedziny bada\u0144. <strong>Kup proszek ketaminy HCL online<\/strong> w celach badawczych mo\u017ce by\u0107 wykorzystywany w:<\/p>\n<p><\/em>   <strong>Badania neurologiczne:<\/strong> Ketamina jest przedmiotem ci\u0105g\u0142ych bada\u0144 nad jej wp\u0142ywem na uk\u0142ady neuroprzeka\u017anik\u00f3w, w szczeg\u00f3lno\u015bci na receptor NMDA. Badania badaj\u0105 jej potencja\u0142 w zrozumieniu i leczeniu schorze\u0144 neurologicznych i psychiatrycznych.<br \/>\n<em>   <strong>Badania farmakologiczne:<\/strong> Jako zwi\u0105zek dobrze scharakteryzowany, proszek ketaminy HCL s\u0142u\u017cy jako zwi\u0105zek odniesienia lub narz\u0119dzie w badaniach dotycz\u0105cych interakcji lek\u00f3w, wi\u0105zania receptor\u00f3w i szlak\u00f3w metabolicznych.<br \/>\n<\/em>   <strong>Badania anestezjologiczne:<\/strong> Trwaj\u0105ce badania skupiaj\u0105 si\u0119 na nowych zastosowaniach i metodach podawania \u015brodk\u00f3w znieczulaj\u0105cych, w tym ketaminy, w celu poprawy opieki nad pacjentami i wynik\u00f3w leczenia.<br \/>\n<em>   <strong>Badania w medycynie weterynaryjnej:<\/strong> Chocia\u017c ketamin\u0119 stosuje si\u0119 przede wszystkim w warunkach klinicznych, badania mog\u0105 obejmowa\u0107 analiz\u0119 jej wp\u0142ywu i skuteczno\u015bci w r\u00f3\u017cnych modelach zwierz\u0119cych.<\/p>\n<p>Wa\u017cne jest, aby proszek ketaminy HCL pozyskany do cel\u00f3w badawczych by\u0142 u\u017cywany \u015bci\u015ble wed\u0142ug wytycznych etycznych, lokalnych przepis\u00f3w i w celach zgodnych z prawem do prowadzenia bada\u0144 naukowych.<\/p>\n<p><strong>Dyskretne zamawianie proszku ketaminy HCL w Europie i Wielkiej Brytanii<\/strong><\/p>\n<p>Nasze zaanga\u017cowanie w zadowolenie klienta obejmuje r\u00f3wnie\u017c nasze us\u0142ugi wysy\u0142kowe. Rozumiemy, jak wa\u017cna jest dyskrecja i niezawodno\u015b\u0107, gdy\u2026 <strong>Kup proszek ketaminy HCL online<\/strong>Nasza polityka wysy\u0142kowa obejmuje:<\/p>\n<p><\/em>   <strong>Dyskretne opakowanie:<\/strong> Wszystkie zam\u00f3wienia s\u0105 starannie pakowane w zwyk\u0142e, nieoznakowane materia\u0142y, aby zapewni\u0107 absolutn\u0105 prywatno\u015b\u0107.<br \/>\n<em>   <strong>Bezpieczna wysy\u0142ka:<\/strong> Korzystamy z bezpiecznych i monitorowanych metod wysy\u0142ki, aby mie\u0107 pewno\u015b\u0107, \u017ce Twoje zam\u00f3wienie dotrze do Ciebie bezpiecznie.<br \/>\n<\/em>   <strong>Zasi\u0119g w Unii Europejskiej i Wielkiej Brytanii:<\/strong> Z dum\u0105 wysy\u0142amy do Hiszpanii, W\u0142och, Niemiec, Polski, Holandii i Wielkiej Brytanii. Niezale\u017cnie od tego, gdzie si\u0119 znajdujesz w tych regionach, mo\u017cesz liczy\u0107 na sprawn\u0105 i dyskretn\u0105 dostaw\u0119.<br \/>\n<em>   <strong>Terminowa dostawa:<\/strong> Dok\u0142adamy wszelkich stara\u0144, aby wysy\u0142ka i dostawa by\u0142y jak najszybsze, aby zminimalizowa\u0107 wszelkie op\u00f3\u017anienia w harmonogramie bada\u0144 lub operacji.<\/p>\n<p><strong>Rozwa\u017cania prawne i odpowiedzialne u\u017cytkowanie<\/strong><\/p>\n<p>Kiedy ty <strong>Kup proszek ketaminy HCL online<\/strong>, konieczne jest zapoznanie si\u0119 ze wszystkimi lokalnymi i krajowymi przepisami dotycz\u0105cymi jej posiadania i u\u017cywania oraz ich przestrzeganie. Ketamina jest substancj\u0105 kontrolowan\u0105 w wielu jurysdykcjach, a jej nabywanie i u\u017cywanie podlega okre\u015blonym ramom prawnym.<\/p>\n<p><\/em>   <strong>Tylko do cel\u00f3w badawczych i laboratoryjnych:<\/strong> Nasz proszek ketaminy HCL jest przeznaczony wy\u0142\u0105cznie do cel\u00f3w badawczych, laboratoryjnych i przemys\u0142owych.<br \/>\n<em>   <strong>Zgodno\u015b\u0107 z przepisami:<\/strong> Nabywcy s\u0105 odpowiedzialni za zapewnienie, \u017ce stosowanie proszku ketaminy HCL jest zgodne ze wszystkimi obowi\u0105zuj\u0105cymi przepisami i wytycznymi etycznymi obowi\u0105zuj\u0105cymi w ich kraju.<br \/>\n<\/em>   <strong>Konsultacja profesjonalna:<\/strong> W przypadku wszelkich zastosowa\u0144, zw\u0142aszcza tych obejmuj\u0105cych protoko\u0142y eksperymentalne, zdecydowanie zaleca si\u0119 konsultacj\u0119 z wykwalifikowanym pracownikiem naukowym lub medycznym.<\/p>\n<p><strong>Dlaczego warto wybra\u0107 nasz\u0105 aptek\u0119 internetow\u0105?<\/strong><\/p>\n<p>Jako wiod\u0105ca apteka internetowa jeste\u015bmy oddani zapewnianiu najwy\u017cszej jako\u015bci us\u0142ug osobom poszukuj\u0105cym <strong>Kup proszek ketaminy HCL online<\/strong>Nasza reputacja opiera si\u0119 na:<\/p>\n<p><em>   <strong>Zaufanie i niezawodno\u015b\u0107:<\/strong> Zaufanie naszych klient\u00f3w zyskali\u015bmy dzi\u0119ki konsekwentnej dostawie wysokiej jako\u015bci produkt\u00f3w i wyj\u0105tkowej obs\u0142udze.<br \/>\n<\/em>   <strong>Zapewnienie jako\u015bci produktu:<\/strong> Niezmiennie dok\u0142adamy wszelkich stara\u0144, aby pozyskiwa\u0107 i dostarcza\u0107 wy\u0142\u0105cznie najczystsze i najbardziej niezawodne odczynniki chemiczne.<br \/>\n<em>   <strong>Podej\u015bcie zorientowane na klienta:<\/strong> Twoje potrzeby s\u0105 naszym priorytetem. Oferujemy responsywn\u0105 obs\u0142ug\u0119 klienta, kt\u00f3ra odpowie na wszelkie Twoje pytania i w\u0105tpliwo\u015bci.<br \/>\n<\/em>   <strong>Bezpieczne transakcje online:<\/strong> Nasza strona internetowa korzysta z solidnych \u015brodk\u00f3w bezpiecze\u0144stwa, aby chroni\u0107 Twoje dane osobowe i finansowe podczas procesu zakup\u00f3w.<\/p>\n<p><strong>Cz\u0119sto zadawane pytania dotycz\u0105ce zakupu proszku ketaminy HCL online<\/strong><\/p>\n<p><em>   <strong>Czy kupowanie proszku ketaminy HCL online jest legalne?<\/strong><br \/>\n    Legalno\u015b\u0107 zakupu proszku ketaminy HCL online zale\u017cy od Twojej lokalizacji i przeznaczenia. Nasz produkt jest sprzedawany do cel\u00f3w badawczych i laboratoryjnych, a kupuj\u0105cy jest odpowiedzialny za zapewnienie zgodno\u015bci ze wszystkimi lokalnymi przepisami.<br \/>\n<\/em>   <strong>W jaki spos\u00f3b pakowany jest proszek ketaminy HCL do wysy\u0142ki?<\/strong><br \/>\n    Stosujemy dyskretne metody pakowania, aby zapewni\u0107 Ci prywatno\u015b\u0107. Zawarto\u015b\u0107 paczki nie jest widoczna z zewn\u0105trz.<br \/>\n<em>   <strong>Jakie s\u0105 potencjalne zastosowania proszku ketaminy HCL?<\/strong><br \/>\n    Proszek ketaminy HCL jest stosowany przede wszystkim w badaniach naukowych, badaniach neurologicznych, badaniach farmakologicznych, a czasami w badaniach weterynaryjnych.<br \/>\n<\/em>   <strong>Czy wysy\u0142acie do wszystkich kraj\u00f3w europejskich?<\/strong><br \/>\n    Aktualnie wysy\u0142amy do Hiszpanii, W\u0142och, Niemiec, Polski, Holandii i Wielkiej Brytanii.<br \/>\n*   <strong>Jaka jest czysto\u015b\u0107 oferowanego przez Pa\u0144stwa proszku ketaminy HCL?<\/strong><br \/>\n    Naszym celem jest dostarczanie wysokiej czysto\u015bci proszku ketaminy HCL, poddawanego rygorystycznej kontroli jako\u015bci w celu spe\u0142nienia standard\u00f3w badawczych.<\/p>\n<p><strong>Wnioski: Twoje bezpieczne miejsce do zakupu proszku ketaminy HCL online<\/strong><\/p>\n<p>Dla badaczy i instytucji w Europie i Wielkiej Brytanii poszukuj\u0105cych wiarygodnego i dyskretnego \u017ar\u00f3d\u0142a, <strong>Kup proszek ketaminy HCL online<\/strong> z naszej zaufanej apteki. \u0141\u0105czymy integralno\u015b\u0107 produktu z bezpieczn\u0105 i poufn\u0105 wysy\u0142k\u0105, gwarantuj\u0105c, \u017ce otrzymasz wysokiej jako\u015bci odczynniki chemiczne, niezb\u0119dne do Twojej kluczowej pracy. Nasze zaanga\u017cowanie w doskona\u0142o\u015b\u0107 i poufno\u015b\u0107 danych klient\u00f3w sprawia, \u017ce \u200b\u200bjeste\u015bmy preferowanym wyborem dla tych, kt\u00f3rzy ceni\u0105 niezawodno\u015b\u0107 i profesjonalizm. Zaufaj nam, jako Twojemu sta\u0142emu partnerowi w pozyskiwaniu najwy\u017cszej jako\u015bci zwi\u0105zk\u00f3w chemicznych.<\/p>","protected":false},"excerpt":{"rendered":"<p>Odkryj potencja\u0142 proszku ketaminy HCL, wszechstronnego zwi\u0105zku znanego przede wszystkim ze swoich w\u0142a\u015bciwo\u015bci znieczulaj\u0105cych. Wywo\u0142uje on unikalny stan dysocjacyjny, oferuj\u0105c g\u0142\u0119bokie u\u015bmierzenie b\u00f3lu, uspokojenie i amnezj\u0119. Poznaj jego zastosowania w r\u00f3\u017cnych potrzebach i wygodnie kup wysokiej jako\u015bci proszek ketaminy HCL online. Zapewniamy bezpieczny i dyskretny proces transakcji, zapewniaj\u0105c Ci spok\u00f3j ducha.<\/p>","protected":false},"featured_media":10602,"template":"","meta":[],"product_brand":[],"product_cat":[305],"product_tag":[981,984,988,980,987,982,986,983,985,989],"class_list":{"0":"post-10581","1":"product","2":"type-product","3":"status-publish","4":"has-post-thumbnail","6":"product_cat-pain-relief","7":"product_tag-buy-ketamine-hcl-powder","8":"product_tag-chemical-reagent","9":"product_tag-discreet-shipping-ketamine","10":"product_tag-ketamine-hcl-powder","11":"product_tag-laboratory-supplies","12":"product_tag-online-ketamine-hcl","13":"product_tag-pharmaceutical-grade-ketamine","14":"product_tag-pure-ketamine-hcl","15":"product_tag-research-chemicals","16":"product_tag-uk-ketamine-supplier","18":"first","19":"instock","20":"sale","21":"shipping-taxable","22":"purchasable","23":"product-type-variable"},"_links":{"self":[{"href":"https:\/\/capsovia.com\/pl\/wp-json\/wp\/v2\/product\/10581","targetHints":{"allow":["GET"]}}],"collection":[{"href":"https:\/\/capsovia.com\/pl\/wp-json\/wp\/v2\/product"}],"about":[{"href":"https:\/\/capsovia.com\/pl\/wp-json\/wp\/v2\/types\/product"}],"version-history":[{"count":0,"href":"https:\/\/capsovia.com\/pl\/wp-json\/wp\/v2\/product\/10581\/revisions"}],"wp:featuredmedia":[{"embeddable":true,"href":"https:\/\/capsovia.com\/pl\/wp-json\/wp\/v2\/media\/10602"}],"wp:attachment":[{"href":"https:\/\/capsovia.com\/pl\/wp-json\/wp\/v2\/media?parent=10581"}],"wp:term":[{"taxonomy":"product_brand","embeddable":true,"href":"https:\/\/capsovia.com\/pl\/wp-json\/wp\/v2\/product_brand?post=10581"},{"taxonomy":"product_cat","embeddable":true,"href":"https:\/\/capsovia.com\/pl\/wp-json\/wp\/v2\/product_cat?post=10581"},{"taxonomy":"product_tag","embeddable":true,"href":"https:\/\/capsovia.com\/pl\/wp-json\/wp\/v2\/product_tag?post=10581"}],"curies":[{"name":"wp","href":"https:\/\/api.w.org\/{rel}","templated":true}]}}