{"id":10586,"date":"2024-10-04T17:56:19","date_gmt":"2024-10-04T17:56:19","guid":{"rendered":"https:\/\/pharmaplazaonline.com\/?post_type=product&#038;p=10586"},"modified":"2026-04-17T22:34:36","modified_gmt":"2026-04-17T22:34:36","slug":"kup-ketamine-online","status":"publish","type":"product","link":"https:\/\/capsovia.com\/pl\/product\/buy-ketamine-online\/","title":{"rendered":"Kup p\u0142ynn\u0105 ketamin\u0119 online dyskretnie"},"content":{"rendered":"<h2>Kupuj dyskretnie p\u0142ynn\u0105 ketamin\u0119 online: Twoje zaufane \u017ar\u00f3d\u0142o wysokiej jako\u015bci chlorowodorku ketaminy<\/h2>\n<p>Witamy w naszej renomowanej aptece internetowej, niezawodnym i dyskretnym dostawcy wysokiej jako\u015bci produkt\u00f3w farmaceutycznych w ca\u0142ej Europie. Rozumiemy, jak wa\u017cna jest dost\u0119pno\u015b\u0107 i wygoda w dost\u0119pie do potrzebnych lek\u00f3w. Dlatego dok\u0142adamy wszelkich stara\u0144, aby zapewni\u0107 p\u0142ynne i bezpieczne zakupy online. Nasze zaanga\u017cowanie w zadowolenie klienta i integralno\u015b\u0107 produkt\u00f3w czyni nas zaufanym sprzedawc\u0105 internetowym oferuj\u0105cym szerok\u0105 gam\u0119 rozwi\u0105za\u0144 zdrowotnych. Dzisiaj z przyjemno\u015bci\u0105 przedstawiamy nasz\u0105 ofert\u0119 <strong>Kup p\u0142ynn\u0105 ketamin\u0119 online dyskretnie<\/strong>, starannie wyselekcjonowany i rygorystycznie przetestowany produkt, zaprojektowany tak, aby spe\u0142ni\u0107 Twoje szczeg\u00f3lne wymagania.<\/p>\n<p>Twoja prywatno\u015b\u0107 i bezpiecze\u0144stwo s\u0105 dla nas priorytetem. Kiedy zdecydujesz si\u0119 <strong>Kup p\u0142ynn\u0105 ketamin\u0119 online dyskretnie<\/strong> W naszej aptece mo\u017cesz mie\u0107 pewno\u015b\u0107, \u017ce Twoje zam\u00f3wienie zostanie zapakowane i wys\u0142ane z najwy\u017csz\u0105 staranno\u015bci\u0105 i poufno\u015bci\u0105. Nasze dyskretne metody wysy\u0142ki gwarantuj\u0105 prywatno\u015b\u0107 Twojego zakupu i bezpieczne dotarcie pod Twoje drzwi w dowolnym miejscu w Hiszpanii, W\u0142oszech, Niemczech, Polsce, Holandii i ca\u0142ej Unii Europejskiej, a tak\u017ce w Wielkiej Brytanii. Niezale\u017cnie od tego, czy szukasz roztworu chlorowodorku ketaminy, czy po prostu szukasz wiarygodnego dostawcy, <strong>Kup p\u0142ynn\u0105 ketamin\u0119 online dyskretnie<\/strong>Nasza platforma zosta\u0142a zaprojektowana w celu zapewnienia wyj\u0105tkowej obs\u0142ugi.<\/p>\n<h3>Zrozumienie dzia\u0142ania p\u0142ynnej ketaminy: co musisz wiedzie\u0107<\/h3>\n<p>P\u0142ynna ketamina, znana r\u00f3wnie\u017c jako chlorowodorek ketaminy, to dysocjacyjny \u015brodek znieczulaj\u0105cy o d\u0142ugiej historii zastosowa\u0144 medycznych. Jest znana przede wszystkim ze swoich w\u0142a\u015bciwo\u015bci znieczulaj\u0105cych, skutecznie wywo\u0142uj\u0105cych stan przypominaj\u0105cy trans i \u0142agodz\u0105cych b\u00f3l. Poza zastosowaniami znieczulaj\u0105cymi, p\u0142ynna ketamina zyska\u0142a uznanie ze wzgl\u0119du na sw\u00f3j potencja\u0142 w leczeniu r\u00f3\u017cnych schorze\u0144 psychicznych, w szczeg\u00f3lno\u015bci depresji opornej na leczenie. <strong>Kup p\u0142ynn\u0105 ketamin\u0119 online dyskretnie<\/strong> Kupuj\u0105c u nas, nabywaj\u0105 Pa\u0144stwo produkt spe\u0142niaj\u0105cy rygorystyczne standardy jako\u015bci.<\/p>\n<p><strong>Dane techniczne i czysto\u015b\u0107:<\/strong><br \/>\nNasza p\u0142ynna ketamina zosta\u0142a opracowana zgodnie z wysokimi standardami farmaceutycznymi. Dbamy o to, aby ka\u017cda partia przechodzi\u0142a rygorystyczne testy kontroli jako\u015bci, gwarantuj\u0105ce czysto\u015b\u0107 i skuteczno\u015b\u0107.<\/p>\n<p><em>   <strong>Nazwa chemiczna:<\/strong> chlorowodorek 2-(2-chlorofenylo)-2-(metyloamino)cykloheksanonu<br \/>\n<\/em>   <strong>Wz\u00f3r cz\u0105steczkowy:<\/strong> C13H16ClNO \u00b7 HCl<br \/>\n<em>   <strong>Wygl\u0105d:<\/strong> Zwykle jest to przejrzysty, bezbarwny roztw\u00f3r.<br \/>\n<\/em>   <strong>St\u0119\u017cenie:<\/strong> Dost\u0119pny w r\u00f3\u017cnych st\u0119\u017ceniach, wyra\u017anie wskazanych na opakowaniu produktu. Szczeg\u00f3\u0142owe informacje mo\u017cna znale\u017a\u0107 w opisie konkretnego produktu.<br \/>\n<em>   <strong>Czysto\u015b\u0107:<\/strong> Nasz chlorowodorek ketaminy jest produktem o jako\u015bci farmaceutycznej, co gwarantuje minimaln\u0105 ilo\u015b\u0107 zanieczyszcze\u0144.<\/p>\n<p><strong>Zastosowania p\u0142ynnej ketaminy:<\/strong><\/p>\n<p>Zastosowania p\u0142ynnej ketaminy z czasem rozszerzy\u0142y si\u0119, wykraczaj\u0105c poza jej tradycyjn\u0105 rol\u0119 znieczulaj\u0105c\u0105. Rozwa\u017caj\u0105c <strong>Kup p\u0142ynn\u0105 ketamin\u0119 online dyskretnie<\/strong>Wa\u017cne jest, aby zrozumie\u0107 jego potencjalne korzy\u015bci i zastosowania:<\/p>\n<p><\/em>   <strong>Znieczulenie:<\/strong> Tradycyjnie ketamin\u0119 stosowano jako kr\u00f3tko dzia\u0142aj\u0105cy \u015brodek znieczulaj\u0105cy, szczeg\u00f3lnie w medycynie ratunkowej i weterynarii, ze wzgl\u0119du na jej zdolno\u015b\u0107 do wywo\u0142ywania sedacji i analgezji bez powodowania znacz\u0105cej depresji oddechowej.<br \/>\n<em>   <strong>Leczenie b\u00f3lu:<\/strong> Mo\u017ce by\u0107 skuteczny w leczeniu przewlek\u0142ego b\u00f3lu, zw\u0142aszcza b\u00f3lu neuropatycznego, w przypadku kt\u00f3rego inne \u015brodki przeciwb\u00f3lowe mog\u0105 okaza\u0107 si\u0119 nieskuteczne.<br \/>\n<\/em>   <strong>Leczenie zdrowia psychicznego:<\/strong> Nowe badania i praktyka kliniczna podkre\u015blaj\u0105 skuteczno\u015b\u0107 ketaminy, szczeg\u00f3lnie podawanej w kontrolowanych warunkach, w leczeniu takich schorze\u0144, jak:<br \/>\n    <em>   Depresja oporna na leczenie (TRD)<br \/>\n    <\/em>   My\u015bli samob\u00f3jcze<br \/>\n    <em>   Zaburzenie obsesyjno-kompulsyjne (OCD)<br \/>\n    <\/em>   Zesp\u00f3\u0142 stresu pourazowego (PTSD)<br \/>\n<em>   <strong>Cele badawcze:<\/strong> Dla wykwalifikowanych badaczy nasz produkt mo\u017ce stanowi\u0107 istotny element bada\u0144 naukowych.<\/p>\n<p><strong>Dawkowanie i spos\u00f3b podawania:<\/strong><\/p>\n<p>Podawanie i dawkowanie p\u0142ynnej ketaminy ma kluczowe znaczenie i najlepiej, aby by\u0142o ustalane przez lekarza, zw\u0142aszcza w celach terapeutycznych. Jednak dla os\u00f3b poszukuj\u0105cych <strong>Kup p\u0142ynn\u0105 ketamin\u0119 online dyskretnie<\/strong> w przypadku r\u00f3\u017cnych uzasadnionych potrzeb istotne jest zrozumienie og\u00f3lnych zasad.<\/p>\n<p><\/em>   <strong>Wlew do\u017cylny (IV):<\/strong> Lek jest cz\u0119sto stosowany w znieczuleniu og\u00f3lnym i wykazuje du\u017ce nadzieje w dawkach podznieczuleniowych w leczeniu depresji.<br \/>\n<em>   <strong>Wstrzykni\u0119cie domi\u0119\u015bniowe (IM):<\/strong> Kolejna powszechnie stosowana metoda podawania lek\u00f3w.<br \/>\n<\/em>   <strong>Podanie donosowe:<\/strong> Cho\u0107 w przypadku form p\u0142ynnych jest to mniej powszechne, jest to znana metoda podawania.<\/p>\n<p><strong>Wa\u017cna uwaga:<\/strong> Dawkowanie nale\u017cy ustali\u0107 na podstawie konkretnego przeznaczenia, indywidualnych uwarunkowa\u0144 pacjenta oraz drogi podania. Zawsze nale\u017cy skonsultowa\u0107 si\u0119 z lekarzem w celu uzyskania spersonalizowanych wskaz\u00f3wek. Zalecamy odpowiedzialne stosowanie i zach\u0119camy u\u017cytkownik\u00f3w do zasi\u0119gni\u0119cia porady lekarza przed podj\u0119ciem decyzji o zastosowaniu terapeutycznym.<\/p>\n<h3>Dlaczego warto wybra\u0107 nasz\u0105 aptek\u0119, aby dyskretnie kupi\u0107 p\u0142ynn\u0105 ketamin\u0119 online?<\/h3>\n<p>W dynamicznie rozwijaj\u0105cym si\u0119 rynku aptek internetowych wyb\u00f3r niezawodnego i godnego zaufania dostawcy jest kluczowy. Kiedy zdecydujesz si\u0119 na\u2026 <strong>Kup p\u0142ynn\u0105 ketamin\u0119 online dyskretnie<\/strong> Wybieraj\u0105c nas, wybierasz us\u0142ug\u0119 zbudowan\u0105 na fundamencie zaufania, jako\u015bci i wyj\u0105tkowej obs\u0142ugi klienta. Jeste\u015bmy czym\u015b wi\u0119cej ni\u017c tylko miejscem, <strong>kup leki online<\/strong>; jeste\u015bmy Twoim zaufanym partnerem w zakresie zdrowia i dobrego samopoczucia.<\/p>\n<p><strong>Zaanga\u017cowanie w jako\u015b\u0107 i bezpiecze\u0144stwo:<\/strong><br \/>\nRozumiemy, \u017ce kiedy <strong>kup roztw\u00f3r chlorowodorku ketaminy<\/strong>, nie oczekujesz niczego innego ni\u017c jako\u015bci farmaceutycznej.<\/p>\n<p><em>   <strong>Zaopatrzenie:<\/strong> Starannie wybieramy produkty pochodz\u0105ce od renomowanych producent\u00f3w, kt\u00f3rzy przestrzegaj\u0105 rygorystycznych mi\u0119dzynarodowych standard\u00f3w jako\u015bci.<br \/>\n<\/em>   <strong>Testowanie:<\/strong> Ka\u017cda partia p\u0142ynnej ketaminy przechodzi rygorystyczne testy jako\u015bci maj\u0105ce na celu weryfikacj\u0119 jej czysto\u015bci, mocy i bezpiecze\u0144stwa.<br \/>\n<em>   <strong>Zgodno\u015b\u0107:<\/strong> Dzia\u0142amy w pe\u0142nej zgodno\u015bci z obowi\u0105zuj\u0105cymi europejskimi przepisami farmaceutycznymi, dzi\u0119ki czemu masz pewno\u015b\u0107, \u017ce otrzymasz produkty spe\u0142niaj\u0105ce najwy\u017csze standardy bezpiecze\u0144stwa.<\/p>\n<p><strong>Dyskretna i bezpieczna dostawa:<\/strong><br \/>\nTwoja prywatno\u015b\u0107 jest dla nas priorytetem. Kiedy <strong>Kup p\u0142ynn\u0105 ketamin\u0119 online dyskretnie<\/strong> w naszej aptece zlokalizowanej w Europie mo\u017cesz oczekiwa\u0107:<\/p>\n<p><\/em>   <strong>Opakowanie poufne:<\/strong> Wszystkie zam\u00f3wienia s\u0105 pakowane w proste, bezmarkowe opakowania, aby zapewni\u0107 pe\u0142n\u0105 prywatno\u015b\u0107. \u017badne zewn\u0119trzne oznaczenia nie ujawni\u0105 zawarto\u015bci przesy\u0142ki.<br \/>\n<em>   <strong>Bezpieczna wysy\u0142ka:<\/strong> Korzystamy z bezpiecznych i monitorowanych metod wysy\u0142ki, aby zagwarantowa\u0107, \u017ce Twoje zam\u00f3wienie dotrze do Ciebie bezpiecznie i sprawnie, niezale\u017cnie od tego, czy mieszkasz w Hiszpanii, Niemczech, W\u0142oszech, Holandii, Polsce czy Wielkiej Brytanii.<br \/>\n<\/em>   <strong>Terminowa dostawa:<\/strong> Dok\u0142adamy wszelkich stara\u0144, aby zapewni\u0107 szybk\u0105 dostaw\u0119 na naszych rynkach docelowych, poniewa\u017c rozumiemy, jak wa\u017cne jest otrzymanie lek\u00f3w bez zb\u0119dnych op\u00f3\u017anie\u0144.<\/p>\n<p><strong>Przyjazna dla u\u017cytkownika platforma internetowa:<\/strong><br \/>\nNawigacja po naszej stronie internetowej <strong>Kup p\u0142ynn\u0105 ketamin\u0119 online dyskretnie<\/strong> jest zaprojektowany tak, aby by\u0142 prosty i intuicyjny.<\/p>\n<p><em>   <strong>\u0141atwe zamawianie:<\/strong> Nasz bezpieczny system internetowy sprawia, \u017ce \u200b\u200bsk\u0142adanie zam\u00f3wie\u0144 jest proste i efektywne.<br \/>\n<\/em>   <strong>Bezpieczne opcje p\u0142atno\u015bci:<\/strong> Oferujemy szereg bezpiecznych metod p\u0142atno\u015bci, aby chroni\u0107 Twoje dane finansowe.<br \/>\n<em>   <strong>Obs\u0142uga klienta:<\/strong> Nasz oddany zesp\u00f3\u0142 wsparcia ch\u0119tnie odpowie na wszelkie pytania dotycz\u0105ce naszych produkt\u00f3w, procesu sk\u0142adania zam\u00f3wie\u0144 i wysy\u0142ki.<\/p>\n<h3>Potencjalne skutki uboczne i \u015brodki ostro\u017cno\u015bci<\/h3>\n<p>Jak ka\u017cdy produkt farmaceutyczny, p\u0142ynna ketamina mo\u017ce powodowa\u0107 potencjalne skutki uboczne. Zrozumienie ich jest kluczowe dla bezpiecznego i odpowiedzialnego stosowania, zw\u0142aszcza je\u015bli zdecydujesz si\u0119 na\u2026 <strong>Kup p\u0142ynn\u0105 ketamin\u0119 online dyskretnie<\/strong>.<\/p>\n<p><strong>Cz\u0119ste skutki uboczne:<\/strong><\/p>\n<p><\/em>   Senno\u015b\u0107 i uspokojenie<br \/>\n<em>   Zawroty g\u0142owy i uczucie oszo\u0142omienia<br \/>\n<\/em>   Nudno\u015bci i wymioty<br \/>\n<em>   Przyspieszone t\u0119tno i ci\u015bnienie krwi (przej\u015bciowe)<br \/>\n<\/em>   Zaburzenia widzenia (np. niewyra\u017ane widzenie)<\/p>\n<p><strong>Mniej powszechne, ale powa\u017cne skutki uboczne:<\/strong><\/p>\n<p><em>   Depresja oddechowa (przy wy\u017cszych dawkach)<br \/>\n<\/em>   Halucynacje i do\u015bwiadczenia dysocjacyjne<br \/>\n<em>   Zamieszanie i dezorientacja<br \/>\n<\/em>   Problemy z uk\u0142adem moczowym (przy przewlek\u0142ym stosowaniu du\u017cych dawek)<br \/>\n<em>   Potencja\u0142 uzale\u017cnienia psychicznego<\/p>\n<p><strong>\u015arodki ostro\u017cno\u015bci i przeciwwskazania:<\/strong><\/p>\n<p>Nale\u017cy zachowa\u0107 ostro\u017cno\u015b\u0107 i skonsultowa\u0107 si\u0119 z lekarzem przed u\u017cyciem p\u0142ynnej ketaminy, zw\u0142aszcza je\u015bli cierpisz na jakie\u015b schorzenia.<\/p>\n<p><\/em>   <strong>Konsultacja lekarska:<\/strong> Zawsze skonsultuj si\u0119 z lekarzem przed u\u017cyciem ketaminy, zw\u0142aszcza w celach terapeutycznych. Lekarz oceni, czy jest to dla Ciebie odpowiednie, i zaleci bezpieczne dawkowanie i spos\u00f3b podawania.<br \/>\n<em>   <strong>Prowadzenie pojazd\u00f3w i obs\u0142uga maszyn:<\/strong> Nie nale\u017cy prowadzi\u0107 pojazd\u00f3w ani obs\u0142ugiwa\u0107 ci\u0119\u017ckich maszyn, b\u0119d\u0105c pod wp\u0142ywem ketaminy ze wzgl\u0119du na jej dzia\u0142anie uspokajaj\u0105ce i dysocjacyjne.<br \/>\n<\/em>   <strong>Alkohol i inne \u015brodki uspokajaj\u0105ce:<\/strong> Nale\u017cy unika\u0107 \u0142\u0105czenia ketaminy z alkoholem lub innymi \u015brodkami dzia\u0142aj\u0105cymi depresyjnie na o\u015brodkowy uk\u0142ad nerwowy, poniewa\u017c mo\u017ce to zwi\u0119kszy\u0107 ryzyko wyst\u0105pienia powa\u017cnych skutk\u00f3w ubocznych.<br \/>\n<em>   <strong>Ci\u0105\u017ca i karmienie piersi\u0105:<\/strong> Zasadniczo nie zaleca si\u0119 stosowania ketaminy w okresie ci\u0105\u017cy i karmienia piersi\u0105 bez wyra\u017anego zalecenia lekarza.<br \/>\n<\/em>   <strong>Historia zdrowia psychicznego:<\/strong> Osoby z histori\u0105 psychozy lub powa\u017cnymi zaburzeniami psychicznymi powinny stosowa\u0107 ketamin\u0119 z zachowaniem szczeg\u00f3lnej ostro\u017cno\u015bci i pod \u015bcis\u0142ym nadzorem lekarza.<\/p>\n<p>Kiedy ty <strong>Kup p\u0142ynn\u0105 ketamin\u0119 online dyskretnie<\/strong> Od nas dostarczamy kompleksowe informacje, kt\u00f3re pomog\u0105 Ci w podejmowaniu \u015bwiadomych decyzji. Informacje te nie zast\u0119puj\u0105 jednak profesjonalnej porady medycznej.<\/p>\n<h3>Bezpiecznie i dyskretnie kupuj p\u0142ynn\u0105 ketamin\u0119 online: Twoje bezproblemowe europejskie rozwi\u0105zanie<\/h3>\n<p>Nasz\u0105 misj\u0105 jest zapewnienie niezawodnego, bezpiecznego i dyskretnego kana\u0142u dost\u0119pu do wysokiej jako\u015bci produkt\u00f3w farmaceutycznych dla os\u00f3b w ca\u0142ej Europie. Niezale\u017cnie od tego, czy szukasz\u2026 <strong>Kup p\u0142ynn\u0105 ketamin\u0119 online dyskretnie<\/strong>Szukasz innych lek\u00f3w na recept\u0119 lub chcesz pozna\u0107 dost\u0119pne bez recepty opcje? Nasza apteka jest gotowa Ci pom\u00f3c. Dbamy o utrzymanie najwy\u017cszych standard\u00f3w jako\u015bci, obs\u0142ugi klienta i prywatno\u015bci.<\/p>\n<p>Wybieraj\u0105c nas jako zaufanego sprzedawc\u0119 internetowego, powierzasz swoje potrzeby zdrowotne renomowanej aptece, kt\u00f3ra priorytetowo traktuje Twoje dobre samopoczucie i poufno\u015b\u0107. Nasz usprawniony proces jest dla tych, kt\u00f3rzy chc\u0105\u2026 <strong>Kup p\u0142ynn\u0105 ketamin\u0119 online dyskretnie<\/strong> gwarantuje bezproblemowe do\u015bwiadczenie, od przegl\u0105dania naszego katalogu po dyskretnie zapakowany odbi\u00f3r zam\u00f3wienia na Tw\u00f3j europejski adres. Zale\u017cy nam na tym, aby by\u0107 niezawodnym \u017ar\u00f3d\u0142em Twoich potrzeb w zakresie lek\u00f3w, oferuj\u0105c bezpieczny i pewny spos\u00f3b dostawy. <strong>kup roztw\u00f3r chlorowodorku ketaminy<\/strong> i szeroki wyb\u00f3r innych produkt\u00f3w zdrowotnych. Zaufaj nam, gwarantujemy jako\u015b\u0107 i dyskrecj\u0119 za ka\u017cdym razem.<\/p>","protected":false},"excerpt":{"rendered":"<p>Do\u015bwiadcz wygody zakupu wysokiej jako\u015bci p\u0142ynnej ketaminy online, dostarczanej bezpo\u015brednio pod Twoje drzwi z zachowaniem pe\u0142nej dyskrecji. Rozumiemy Twoj\u0105 potrzeb\u0119 prywatno\u015bci i bezpiecze\u0144stwa, oferuj\u0105c bezproblemowe zakupy bez konieczno\u015bci posiadania recepty. Zapewniamy, \u017ce nasze obni\u017cone ceny i szybka, ca\u0142odobowa obs\u0142uga klienta sprawiaj\u0105, \u017ce jeste\u015bmy Twoim dostawc\u0105 niezawodnej i niedrogiej ketaminy. Ciesz si\u0119 spokojem ducha dzi\u0119ki dyskretnemu opakowaniu, kt\u00f3re gwarantuje, \u017ce Twoje zam\u00f3wienie dotrze bezpiecznie i bezproblemowo.<\/p>","protected":false},"featured_media":10604,"template":"","meta":[],"product_brand":[],"product_cat":[305],"product_tag":[991,901,992,867,993,990,995,802,994,996],"class_list":{"0":"post-10586","1":"product","2":"type-product","3":"status-publish","4":"has-post-thumbnail","6":"product_cat-pain-relief","7":"product_tag-buy-ketamine-online","8":"product_tag-buy-medicine-online","9":"product_tag-discreet-ketamine","10":"product_tag-european-pharmacy","11":"product_tag-ketamine-hydrochloride","12":"product_tag-liquid-ketamine","13":"product_tag-mental-health-treatment","14":"product_tag-online-pharmacy","15":"product_tag-pain-management","16":"product_tag-secure-shipping","18":"first","19":"instock","20":"sale","21":"shipping-taxable","22":"purchasable","23":"product-type-variable"},"_links":{"self":[{"href":"https:\/\/capsovia.com\/pl\/wp-json\/wp\/v2\/product\/10586","targetHints":{"allow":["GET"]}}],"collection":[{"href":"https:\/\/capsovia.com\/pl\/wp-json\/wp\/v2\/product"}],"about":[{"href":"https:\/\/capsovia.com\/pl\/wp-json\/wp\/v2\/types\/product"}],"version-history":[{"count":0,"href":"https:\/\/capsovia.com\/pl\/wp-json\/wp\/v2\/product\/10586\/revisions"}],"wp:featuredmedia":[{"embeddable":true,"href":"https:\/\/capsovia.com\/pl\/wp-json\/wp\/v2\/media\/10604"}],"wp:attachment":[{"href":"https:\/\/capsovia.com\/pl\/wp-json\/wp\/v2\/media?parent=10586"}],"wp:term":[{"taxonomy":"product_brand","embeddable":true,"href":"https:\/\/capsovia.com\/pl\/wp-json\/wp\/v2\/product_brand?post=10586"},{"taxonomy":"product_cat","embeddable":true,"href":"https:\/\/capsovia.com\/pl\/wp-json\/wp\/v2\/product_cat?post=10586"},{"taxonomy":"product_tag","embeddable":true,"href":"https:\/\/capsovia.com\/pl\/wp-json\/wp\/v2\/product_tag?post=10586"}],"curies":[{"name":"wp","href":"https:\/\/api.w.org\/{rel}","templated":true}]}}