{"id":10592,"date":"2024-10-04T17:56:19","date_gmt":"2024-10-04T17:56:19","guid":{"rendered":"https:\/\/pharmaplazaonline.com\/?post_type=product&#038;p=10592"},"modified":"2026-04-17T22:34:58","modified_gmt":"2026-04-17T22:34:58","slug":"diazepam-actavis-10-mg","status":"publish","type":"product","link":"https:\/\/capsovia.com\/pl\/product\/diazepam-actavis-10-mg\/","title":{"rendered":"Kup Diazepam Actavis 10 mg online na sprzeda\u017c"},"content":{"rendered":"<h2>Kup Diazepam Actavis 10 mg online: Twoje zaufane \u017ar\u00f3d\u0142o ulgi<\/h2>\n<p>W poszukiwaniu skutecznej ulgi w l\u0119ku, skurczach mi\u0119\u015bni lub zaburzeniach napadowych, niezawodny dost\u0119p do lek\u00f3w jest kluczowy. Wiele os\u00f3b w Europie poszukuje godnego zaufania i wygodnego sposobu na\u2026 <strong>kup Diazepam Actavis 10 mg online na sprzeda\u017c<\/strong>, a nasza apteka internetowa jest gotowa sprosta\u0107 temu zapotrzebowaniu. Jeste\u015bmy renomowan\u0105 aptek\u0105 internetow\u0105 w Hiszpanii, kt\u00f3rej misj\u0105 jest dostarczanie naszym cenionym klientom w Hiszpanii, W\u0142oszech, Niemczech, Polsce, Holandii i Wielkiej Brytanii \u0142atwo dost\u0119pnych i wysokiej jako\u015bci produkt\u00f3w farmaceutycznych, w tym lek\u00f3w na recept\u0119 i lek\u00f3w bez recepty. Nasze zaanga\u017cowanie w dyskrecj\u0119, rzetelno\u015b\u0107 i dba\u0142o\u015b\u0107 o dobro klienta czyni nas zaufanym sprzedawc\u0105 internetowym, kt\u00f3ry zaspokoi Twoje potrzeby w zakresie opieki zdrowotnej.<\/p>\n<p>Diazepam, lek z grupy benzodiazepin, to wysoce skuteczny lek na szereg schorze\u0144. Actavis to ceniony producent, gwarantuj\u0105cy jako\u015b\u0107 i skuteczno\u015b\u0107 swoich tabletek Diazepamu 10 mg. Je\u015bli szukasz\u2026 <strong>kup Diazepam Actavis 10 mg online na sprzeda\u017c<\/strong>Szukasz rozwi\u0105zania, kt\u00f3re okaza\u0142o si\u0119 kluczowe w radzeniu sobie z zaburzeniami l\u0119kowymi, atakami paniki, skurczami mi\u0119\u015bni, a nawet objawami odstawienia alkoholu. Zrozumienie produktu, jego zastosowa\u0144 i bezpiecznego sposobu jego pozyskania jest kluczowe.<\/p>\n<h3>Zrozumienie dzia\u0142ania leku Diazepam Actavis 10 mg: zastosowania i korzy\u015bci<\/h3>\n<p>Diazepam Actavis 10 mg to powszechnie przepisywany lek znany ze swoich w\u0142a\u015bciwo\u015bci przeciwl\u0119kowych (przeciwl\u0119kowych), uspokajaj\u0105cych, nasennych, przeciwdrgawkowych i zwiotczaj\u0105cych mi\u0119\u015bnie. <strong>kup Diazepam Actavis 10 mg online na sprzeda\u017c<\/strong>, nabywasz lek, kt\u00f3ry mo\u017ce znacz\u0105co poprawi\u0107 jako\u015b\u0107 Twojego \u017cycia poprzez z\u0142agodzenie wyniszczaj\u0105cych objaw\u00f3w zwi\u0105zanych z r\u00f3\u017cnymi problemami zdrowotnymi.<\/p>\n<p><strong>G\u0142\u00f3wne zastosowania leku Diazepam Actavis 10 mg obejmuj\u0105:<\/strong><\/p>\n<p><em>   <strong>Zaburzenia l\u0119kowe:<\/strong> Jest wysoce skuteczny w leczeniu uog\u00f3lnionego zaburzenia l\u0119kowego, l\u0119ku napadowego i l\u0119ku spo\u0142ecznego. Pomaga uspokoi\u0107 umys\u0142, zmniejszy\u0107 nadmierny niepok\u00f3j i opanowa\u0107 przyt\u0142aczaj\u0105ce uczucie strachu i nerwowo\u015bci.<br \/>\n<\/em>   <strong>Skurcze mi\u0119\u015bni:<\/strong> W przypadku os\u00f3b cierpi\u0105cych na bolesne skurcze mi\u0119\u015bni, spastyczno\u015b\u0107 lub schorzenia takie jak m\u00f3zgowe pora\u017cenie dzieci\u0119ce, lek Diazepam Actavis 10 mg mo\u017ce zapewni\u0107 bardzo potrzebn\u0105 ulg\u0119 poprzez rozlu\u017anienie mi\u0119\u015bni.<br \/>\n<em>   <strong>Zaburzenia napadowe (epilepsja):<\/strong> Lek ten jest kluczowym elementem leczenia niekt\u00f3rych rodzaj\u00f3w napad\u00f3w padaczkowych, gdy\u017c pomaga zapobiega\u0107 epizodom drgawkowym lub je kontrolowa\u0107.<br \/>\n<\/em>   <strong>Zesp\u00f3\u0142 abstynencyjny alkoholowy:<\/strong> W procesie detoksykacji po spo\u017cyciu alkoholu lek Diazepam Actavis 10 mg mo\u017ce pom\u00f3c w \u0142agodzeniu objaw\u00f3w odstawienia, takich jak dr\u017cenie, l\u0119k, pobudzenie i drgawki.<br \/>\n<em>   <strong>Bezsenno\u015b\u0107:<\/strong> Cho\u0107 nie jest to lek pierwszego rzutu, stosowany w d\u0142ugoterminowym leczeniu bezsenno\u015bci, mo\u017ce by\u0107 przepisywany w celu kr\u00f3tkotrwa\u0142ej ulgi w zaburzeniach snu zwi\u0105zanych z l\u0119kiem.<br \/>\n<\/em>   <strong>Sedacja przedoperacyjna:<\/strong> Mo\u017ce by\u0107 stosowany w celu uspokojenia pacjent\u00f3w i uzyskania odpr\u0119\u017cenia przed zabiegami chirurgicznymi.<\/p>\n<p>Korzy\u015bci ze stosowania leku Diazepam Actavis 10 mg, przepisane i stosowane prawid\u0142owo, s\u0105 znacz\u0105ce. Lek dzia\u0142a szybko, zapewniaj\u0105c szybk\u0105 ulg\u0119 w ostrych objawach. Wielu u\u017cytkownik\u00f3w zg\u0142asza znaczn\u0105 redukcj\u0119 stresu, co pozwala im na efektywniejsze funkcjonowanie w \u017cyciu codziennym. <strong>kup Diazepam Actavis 10 mg online na sprzeda\u017c<\/strong> ze \u017ar\u00f3d\u0142a wiarygodnego, uzyskasz dost\u0119p do leczenia, kt\u00f3rego skuteczno\u015b\u0107 zosta\u0142a udowodniona u milion\u00f3w os\u00f3b na ca\u0142ym \u015bwiecie.<\/p>\n<h3>Specyfikacje tabletek Diazepam Actavis 10 mg<\/h3>\n<p>Ka\u017cda tabletka Diazepamu Actavis 10 mg zosta\u0142a opracowana z my\u015bl\u0105 o optymalnym dzia\u0142aniu terapeutycznym i bezpiecze\u0144stwie. Zrozumienie specyfikacji gwarantuje, \u017ce otrzymasz w\u0142a\u015bciw\u0105 dawk\u0119 i produkt.<\/p>\n<p><em>   <strong>Substancja czynna:<\/strong> Diazepam<br \/>\n<\/em>   <strong>Wytrzyma\u0142o\u015b\u0107:<\/strong> 10 mg na tabletk\u0119<br \/>\n<em>   <strong>Producent:<\/strong> Actavis<br \/>\n<\/em>   <strong>Sformu\u0142owanie:<\/strong> Tabletki doustne<br \/>\n<em>   <strong>Kolor:<\/strong> Zwykle bia\u0142y lub kremowy (sprawd\u017a na opakowaniu)<br \/>\n<\/em>   <strong>Odcisk:<\/strong> Mog\u0105 posiada\u0107 specjalne oznaczenia umo\u017cliwiaj\u0105ce identyfikacj\u0119 (sprawd\u017a na opakowaniu)<br \/>\n<em>   <strong>Ilo\u015b\u0107:<\/strong> Dost\u0119pne w r\u00f3\u017cnych rozmiarach opakowa\u0144, aby spe\u0142ni\u0107 Twoje potrzeby.<\/p>\n<p>Kiedy ty <strong>kup Diazepam Actavis 10 mg online na sprzeda\u017c<\/strong>mo\u017cesz mie\u0107 pewno\u015b\u0107, \u017ce otrzymujesz oryginalne leki marki Actavis, wyprodukowane zgodnie z rygorystycznymi standardami farmaceutycznymi.<\/p>\n<h3>Dawkowanie i spos\u00f3b podawania: Jak przyjmowa\u0107 lek Diazepam Actavis 10 mg<\/h3>\n<p>Prawid\u0142owe dawkowanie i spos\u00f3b podawania s\u0105 kluczowe dla bezpiecznego i skutecznego stosowania Diazepamu Actavis 10 mg. Nale\u017cy bezwzgl\u0119dnie przestrzega\u0107 instrukcji dawkowania podanych przez lekarza lub podanych na opakowaniu produktu. <strong>Nigdy nie nale\u017cy przekracza\u0107 zalecanej dawki.<\/strong><\/p>\n<p><\/em>   <strong>Dawkowanie og\u00f3lne:<\/strong> Typowa dawka dla os\u00f3b doros\u0142ych r\u00f3\u017cni si\u0119 w zale\u017cno\u015bci od leczonego schorzenia i indywidualnej reakcji pacjenta.<br \/>\n    <em>   W przypadku l\u0119ku i napi\u0119cia dawka pocz\u0105tkowa mo\u017ce wynosi\u0107 od 2 mg do 10 mg, dwa do czterech razy dziennie.<br \/>\n    <\/em>   W przypadku skurcz\u00f3w mi\u0119\u015bni dawki mog\u0105 wynosi\u0107 od 5 mg do 10 mg, trzy do czterech razy dziennie.<br \/>\n    <em>   W celu kontroli napad\u00f3w padaczkowych lekarz mo\u017ce przepisa\u0107 wi\u0119ksze dawki, ale pod \u015bcis\u0142ym nadzorem lekarza.<br \/>\n<\/em>   <strong>Pacjenci w podesz\u0142ym wieku:<\/strong> U pacjent\u00f3w w podesz\u0142ym wieku zaleca si\u0119 zazwyczaj ni\u017csze dawki pocz\u0105tkowe ze wzgl\u0119du na potencjalnie zwi\u0119kszon\u0105 wra\u017cliwo\u015b\u0107.<br \/>\n<em>   <strong>Administracja:<\/strong> Tabletki Diazepamu Actavis 10 mg nale\u017cy przyjmowa\u0107 doustnie, popijaj\u0105c szklank\u0105 wody. Mo\u017cna je przyjmowa\u0107 z posi\u0142kiem lub bez, ale przyjmowanie ich z posi\u0142kiem mo\u017ce zmniejszy\u0107 ryzyko wyst\u0105pienia problem\u00f3w \u017co\u0142\u0105dkowych.<br \/>\n<\/em>   <strong>Czas trwania leczenia:<\/strong> W przypadku l\u0119ku i bezsenno\u015bci leczenie jest zazwyczaj zalecane tylko przez kr\u00f3tki okres. D\u0142ugotrwa\u0142e stosowanie mo\u017ce prowadzi\u0107 do uzale\u017cnienia. W przypadku przewlek\u0142ych skurcz\u00f3w mi\u0119\u015bni lub napad\u00f3w padaczkowych konieczne mo\u017ce by\u0107 d\u0142u\u017csze leczenie pod sta\u0142\u0105 kontrol\u0105 lekarsk\u0105.<br \/>\n<em>   <strong>Pomini\u0119ta dawka:<\/strong> W przypadku pomini\u0119cia dawki, nale\u017cy j\u0105 przyj\u0105\u0107 tak szybko, jak to mo\u017cliwe. Je\u015bli jednak zbli\u017ca si\u0119 pora przyj\u0119cia kolejnej dawki, nale\u017cy pomin\u0105\u0107 pomini\u0119t\u0105 dawk\u0119 i kontynuowa\u0107 regularny schemat dawkowania. Nie nale\u017cy przyjmowa\u0107 podw\u00f3jnej dawki w celu uzupe\u0142nienia pomini\u0119tej dawki.<\/p>\n<p>Je\u015bli rozwa\u017casz <strong>kup Diazepam Actavis 10 mg online na sprzeda\u017c<\/strong>, nadal zaleca si\u0119 konsultacj\u0119 z lekarzem w celu ustalenia najodpowiedniejszej dawki dla konkretnego schorzenia. Chocia\u017c oferujemy leki bez recepty, zrozumienie Twoich potrzeb zdrowotnych jest najwa\u017cniejsze.<\/p>\n<h3>Potencjalne skutki uboczne leku Diazepam Actavis 10 mg<\/h3>\n<p>Jak ka\u017cdy lek, Diazepam Actavis 10 mg mo\u017ce powodowa\u0107 dzia\u0142ania niepo\u017c\u0105dane, chocia\u017c nie u ka\u017cdego one wyst\u0105pi\u0105. Wa\u017cne jest, aby by\u0107 \u015bwiadomym tych potencjalnych reakcji i zasi\u0119gn\u0105\u0107 porady lekarza, je\u015bli s\u0105 one ci\u0119\u017ckie lub uporczywe.<\/p>\n<p><strong>Do cz\u0119stych skutk\u00f3w ubocznych nale\u017c\u0105:<\/strong><\/p>\n<p><\/em>   Senno\u015b\u0107 i uspokojenie<br \/>\n<em>   Zawr\u00f3t g\u0142owy<br \/>\n<\/em>   Zm\u0119czenie<br \/>\n<em>   Os\u0142abienie mi\u0119\u015bni<br \/>\n<\/em>   Problemy z koordynacj\u0105 (ataksja)<br \/>\n<em>   Dezorientacja<\/p>\n<p><strong>Do rzadszych skutk\u00f3w ubocznych mog\u0105 nale\u017ce\u0107:<\/strong><\/p>\n<p><\/em>   B\u00f3l g\u0142owy<br \/>\n<em>   Md\u0142o\u015bci<br \/>\n<\/em>   Zaparcie<br \/>\n<em>   Zmiany libido<br \/>\n<\/em>   Os\u0142abienie pami\u0119ci<\/p>\n<p><strong>Powa\u017cne skutki uboczne (nale\u017cy natychmiast zwr\u00f3ci\u0107 si\u0119 o pomoc lekarsk\u0105):<\/strong><\/p>\n<p><em>   Ci\u0119\u017ckie reakcje alergiczne (wysypka, sw\u0119dzenie, obrz\u0119k, silne zawroty g\u0142owy, trudno\u015bci w oddychaniu)<br \/>\n<\/em>   Nasilenie depresji lub my\u015bli samob\u00f3jczych<br \/>\n<em>   Nietypowe zmiany w zachowaniu (pobudzenie, agresja, halucynacje)<br \/>\n<\/em>   Spowolniony oddech lub depresja oddechowa<br \/>\n<em>   Reakcje paradoksalne (np. zwi\u0119kszony niepok\u00f3j, bezsenno\u015b\u0107, dra\u017cliwo\u015b\u0107, agresja)<\/p>\n<p><strong>Wa\u017cne uwagi:<\/strong><\/p>\n<p><\/em>   <strong>Uzale\u017cnienie i zesp\u00f3\u0142 odstawienny:<\/strong> D\u0142ugotrwa\u0142e stosowanie diazepamu mo\u017ce prowadzi\u0107 do uzale\u017cnienia fizycznego i psychicznego. Nag\u0142e przerwanie przyjmowania leku mo\u017ce skutkowa\u0107 objawami odstawiennymi, takimi jak l\u0119k, bezsenno\u015b\u0107, dr\u017cenie, skurcze mi\u0119\u015bni, pocenie si\u0119, a w ci\u0119\u017ckich przypadkach drgawki. Leczenie odstawienne powinno zawsze odbywa\u0107 si\u0119 pod nadzorem lekarza.<br \/>\n<em>   <strong>Interakcje:<\/strong> Diazepam mo\u017ce wchodzi\u0107 w interakcje z innymi lekami, w tym z alkoholem, opioidami, lekami uspokajaj\u0105cymi i niekt\u00f3rymi lekami przeciwdepresyjnymi. Przed rozpocz\u0119ciem stosowania diazepamu nale\u017cy bezwzgl\u0119dnie poinformowa\u0107 lekarza lub farmaceut\u0119 o wszystkich przyjmowanych lekach.<br \/>\n<\/em>   <strong>Ci\u0105\u017ca i karmienie piersi\u0105:<\/strong> Diazepamu na og\u00f3\u0142 nie zaleca si\u0119 stosowa\u0107 w czasie ci\u0105\u017cy, zw\u0142aszcza w pierwszym trymestrze. Mo\u017ce on r\u00f3wnie\u017c przenika\u0107 do organizmu dziecka karmionego piersi\u0105, dlatego nale\u017cy unika\u0107 jego stosowania w okresie karmienia piersi\u0105.<\/p>\n<p>Kiedy ty <strong>kup Diazepam Actavis 10 mg online na sprzeda\u017c<\/strong> od nas zach\u0119camy do odpowiedzialnego stosowania tego leku zgodnie z wszelkimi zaleceniami lekarza, kt\u00f3re mog\u0142e\u015b otrzyma\u0107 wcze\u015bniej.<\/p>\n<h3>Dlaczego warto wybra\u0107 nas, aby kupi\u0107 Diazepam Actavis 10 mg online?<\/h3>\n<p>Wyb\u00f3r odpowiedniej apteki internetowej jest kluczowy dla zapewnienia sobie dost\u0119pu do bezpiecznych, oryginalnych i wysokiej jako\u015bci lek\u00f3w. Jeste\u015bmy dumni z bycia rzeteln\u0105 i renomowan\u0105 aptek\u0105 internetow\u0105 obs\u0142uguj\u0105c\u0105 klient\u00f3w w ca\u0142ej Europie.<\/p>\n<p><strong>Nasze zobowi\u0105zanie wobec Ciebie:<\/strong><\/p>\n<p><em>   <strong>Oryginalne produkty:<\/strong> Nasze leki pochodz\u0105 od zaufanych producent\u00f3w, co gwarantuje, \u017ce gdy <strong>kup Diazepam Actavis 10 mg online na sprzeda\u017c<\/strong>, otrzymujesz oryginalne produkty marki Actavis.<br \/>\n<\/em>   <strong>Dyskretna wysy\u0142ka:<\/strong> Twoja prywatno\u015b\u0107 jest naszym priorytetem. Wszystkie zam\u00f3wienia wysy\u0142amy dyskretnie, w zwyk\u0142ym opakowaniu, bez widocznych informacji o zawarto\u015bci, na adresy w Hiszpanii, W\u0142oszech, Niemczech, Polsce, Holandii i Wielkiej Brytanii.<br \/>\n<em>   <strong>Dost\u0119pno\u015b\u0107:<\/strong> Oferujemy wygodny spos\u00f3b dost\u0119pu do wa\u017cnych lek\u00f3w bez konieczno\u015bci posiadania recepty, dzi\u0119ki czemu opieka zdrowotna staje si\u0119 bardziej dost\u0119pna dla wielu os\u00f3b.<br \/>\n<\/em>   <strong>Niezawodno\u015b\u0107:<\/strong> Nasze ugruntowane do\u015bwiadczenie i zaanga\u017cowanie w zadowolenie klienta czyni\u0105 nas godnym zaufania sprzedawc\u0105 internetowym zaspokajaj\u0105cym Twoje potrzeby w zakresie produkt\u00f3w farmaceutycznych.<br \/>\n<em>   <strong>Szeroki zasi\u0119g:<\/strong> Sprawnie realizujemy dostawy do wielu kraj\u00f3w europejskich, dzi\u0119ki czemu mo\u017cesz \u0142atwo otrzyma\u0107 potrzebne leki, niezale\u017cnie od tego, gdzie si\u0119 znajdujesz w naszym obszarze dzia\u0142ania.<br \/>\n<\/em>   <strong>Skupienie na kliencie:<\/strong> Naszym celem jest zapewnienie doskona\u0142ej obs\u0142ugi klienta i zagwarantowanie p\u0142ynnego przebiegu zakup\u00f3w, od przegl\u0105dania produkt\u00f3w po dostaw\u0119.<\/p>\n<p>Kiedy ty <strong>kup Diazepam Actavis 10 mg online na sprzeda\u017c<\/strong>wybierasz partnera w swojej podr\u00f3\u017cy ku zdrowiu, kt\u00f3ry b\u0119dzie stawia\u0107 na pierwszym miejscu Twoje dobre samopoczucie i wygod\u0119.<\/p>\n<h3>Cz\u0119sto zadawane pytania dotycz\u0105ce leku Diazepam Actavis 10 mg<\/h3>\n<p><strong>P1: Czy zakup leku Diazepam Actavis 10 mg online bez recepty jest bezpieczny?<\/strong><\/p>\n<p>O: Chocia\u017c oferujemy naszym klientom leki bez recepty, zawsze zalecamy zrozumienie swojego stanu zdrowia. Nasza platforma gwarantuje jako\u015b\u0107 produkt\u00f3w i bezpiecze\u0144stwo transakcji. Kluczowe jest jednak odpowiedzialne stosowanie i \u015bwiadomo\u015b\u0107 potencjalnych skutk\u00f3w ubocznych.<\/p>\n<p><strong>P2: Jak d\u0142ugo b\u0119d\u0119 czeka\u0107 na zam\u00f3wienie po zakupieniu leku Diazepam Actavis 10 mg online?<\/strong><\/p>\n<p>A: Czas dostawy r\u00f3\u017cni si\u0119 w zale\u017cno\u015bci od Twojej lokalizacji w Europie. Zazwyczaj zam\u00f3wienia s\u0105 przetwarzane i wysy\u0142ane w ci\u0105gu 1-2 dni roboczych, a dostawa szacowana jest na 5-10 dni roboczych od momentu nadania. Dok\u0142adamy wszelkich stara\u0144, aby leki dotar\u0142y do \u200b\u200bCiebie jak najszybciej i dyskretnie.<\/p>\n<p><strong>P3: Co zrobi\u0107, je\u015bli wyst\u0105pi\u0105 u mnie skutki uboczne?<\/strong><\/p>\n<p>A: W przypadku wyst\u0105pienia jakichkolwiek powa\u017cnych lub niepokoj\u0105cych skutk\u00f3w ubocznych nale\u017cy niezw\u0142ocznie zwr\u00f3ci\u0107 si\u0119 o pomoc lekarsk\u0105. Chocia\u017c udost\u0119pniamy informacje o produkcie, nie zast\u0119pujemy profesjonalnej konsultacji medycznej.<\/p>\n<p><strong>P4: Czy mog\u0119 kupi\u0107 inne leki w Waszej aptece internetowej?<\/strong><\/p>\n<p>Odp.: Tak, oferujemy szeroki wyb\u00f3r lek\u00f3w na recept\u0119 i bez recepty, aby zaspokoi\u0107 zr\u00f3\u017cnicowane potrzeby zdrowotne. Zapraszamy do zapoznania si\u0119 z naszym katalogiem, aby zapozna\u0107 si\u0119 z innymi dost\u0119pnymi produktami.<\/p>\n<p><strong>P5: Czy wysy\u0142ka jest naprawd\u0119 dyskretna?<\/strong><\/p>\n<p>O: Oczywi\u015bcie. Rozumiemy wag\u0119 prywatno\u015bci. Wszystkie nasze przesy\u0142ki s\u0105 pakowane w zwyk\u0142e, niemarkowe koperty lub pude\u0142ka z dyskretnym adresem zwrotnym. Na zewn\u0105trz paczki nie ma informacji o zawarto\u015bci.<\/p>\n<p>Podsumowuj\u0105c, je\u015bli potrzebujesz <strong>kup Diazepam Actavis 10 mg online na sprzeda\u017c<\/strong>Nasza renomowana apteka internetowa w Hiszpanii to miejsce, w kt\u00f3rym mo\u017cesz zaufa\u0107. Oferujemy oryginalne produkty Actavis, bezpieczn\u0105 i dyskretn\u0105 wysy\u0142k\u0119 na terenie ca\u0142ej Europy oraz dbamy o to, aby Twoja opieka zdrowotna by\u0142a dost\u0119pna i wygodna. Przekonaj si\u0119, jak \u0142atwo i niezawodnie mo\u017cesz kupi\u0107 leki u zaufanego sprzedawcy online.<\/p>","protected":false},"excerpt":{"rendered":"<p>Poczuj ulg\u0119 dzi\u0119ki Diazepamowi Actavis 10 mg, sprawdzonej benzodiazepinie, kt\u00f3ra pomaga uspokoi\u0107 uk\u0142ad nerwowy poprzez spowolnienie aktywno\u015bci m\u00f3zgu. Nale\u017cy stosowa\u0107 ten lek \u015bci\u015ble wed\u0142ug zalece\u0144 lekarza, uwzgl\u0119dniaj\u0105cych konkretny stan. Nie nale\u017cy dzieli\u0107 si\u0119 tym lekiem z innymi, poniewa\u017c mo\u017ce by\u0107 szkodliwy dla innych. Zawsze przechowuj go w bezpiecznym miejscu, poza zasi\u0119giem dzieci, i pami\u0119taj o konsultacji z lekarzem przed przerwaniem lub zmian\u0105 dawkowania.<\/p>","protected":false},"featured_media":10606,"template":"","meta":[],"product_brand":[],"product_cat":[404],"product_tag":[999,929,933,998,997,867,930,1000,1001],"class_list":{"0":"post-10592","1":"product","2":"type-product","3":"status-publish","4":"has-post-thumbnail","6":"product_cat-sleeping-pills","7":"product_tag-actavis-pharmacy","8":"product_tag-anxiety-medication","9":"product_tag-buy-diazepam-online","10":"product_tag-diazepam-10mg-for-sale","11":"product_tag-diazepam-actavis","12":"product_tag-european-pharmacy","13":"product_tag-muscle-relaxant","14":"product_tag-online-benzodiazepine","15":"product_tag-seizure-control","17":"first","18":"instock","19":"sale","20":"shipping-taxable","21":"purchasable","22":"product-type-variable"},"_links":{"self":[{"href":"https:\/\/capsovia.com\/pl\/wp-json\/wp\/v2\/product\/10592","targetHints":{"allow":["GET"]}}],"collection":[{"href":"https:\/\/capsovia.com\/pl\/wp-json\/wp\/v2\/product"}],"about":[{"href":"https:\/\/capsovia.com\/pl\/wp-json\/wp\/v2\/types\/product"}],"version-history":[{"count":0,"href":"https:\/\/capsovia.com\/pl\/wp-json\/wp\/v2\/product\/10592\/revisions"}],"wp:featuredmedia":[{"embeddable":true,"href":"https:\/\/capsovia.com\/pl\/wp-json\/wp\/v2\/media\/10606"}],"wp:attachment":[{"href":"https:\/\/capsovia.com\/pl\/wp-json\/wp\/v2\/media?parent=10592"}],"wp:term":[{"taxonomy":"product_brand","embeddable":true,"href":"https:\/\/capsovia.com\/pl\/wp-json\/wp\/v2\/product_brand?post=10592"},{"taxonomy":"product_cat","embeddable":true,"href":"https:\/\/capsovia.com\/pl\/wp-json\/wp\/v2\/product_cat?post=10592"},{"taxonomy":"product_tag","embeddable":true,"href":"https:\/\/capsovia.com\/pl\/wp-json\/wp\/v2\/product_tag?post=10592"}],"curies":[{"name":"wp","href":"https:\/\/api.w.org\/{rel}","templated":true}]}}