{"id":10620,"date":"2024-10-04T17:56:26","date_gmt":"2024-10-04T17:56:26","guid":{"rendered":"https:\/\/pharmaplazaonline.com\/?post_type=product&#038;p=10620"},"modified":"2026-04-17T22:32:56","modified_gmt":"2026-04-17T22:32:56","slug":"buy-nitrazepam","status":"publish","type":"product","link":"https:\/\/capsovia.com\/pl\/product\/buy-nitrazepam\/","title":{"rendered":"Kup Nitrazepam online w Wielkiej Brytanii \u2013 szybka wysy\u0142ka"},"content":{"rendered":"<h2>Kup Nitrazepam online w Wielkiej Brytanii \u2013 szybka wysy\u0142ka: Twoje zaufane \u017ar\u00f3d\u0142o pomocy w zasypianiu i \u0142agodzeniu l\u0119ku<\/h2>\n<p>Zmagasz si\u0119 z uporczyw\u0105 bezsenno\u015bci\u0105 lub wyniszczaj\u0105cym l\u0119kiem? Czy przewracasz si\u0119 z boku na bok w nocy, nie mog\u0105c osi\u0105gn\u0105\u0107 spokojnego snu, kt\u00f3rego pragnie Twoje cia\u0142o? A mo\u017ce ci\u0119\u017car codziennego stresu wp\u0142ywa na Twoje samopoczucie, sprawiaj\u0105c, \u017ce czujesz si\u0119 przyt\u0142oczony i rozdra\u017cniony? Je\u015bli tak, nie jeste\u015b sam, a znalezienie skutecznej ulgi jest w zasi\u0119gu r\u0119ki. Jako renomowana apteka internetowa dzia\u0142aj\u0105ca w Europie, rozumiemy, jak g\u0142\u0119boki wp\u0142yw zaburzenia snu i l\u0119k mog\u0105 mie\u0107 na jako\u015b\u0107 Twojego \u017cycia. Dlatego dok\u0142adamy wszelkich stara\u0144, aby zapewni\u0107 Ci niezawodny i dyskretny spos\u00f3b na\u2026 <strong>Kup Nitrazepam online w Wielkiej Brytanii<\/strong> z szybk\u0105 wysy\u0142k\u0105, dzi\u0119ki czemu mo\u017cesz liczy\u0107 na pomoc, kt\u00f3rej potrzebujesz, wtedy, kiedy jej potrzebujesz.<\/p>\n<p>Jeste\u015bmy Twoim zaufanym sprzedawc\u0105 internetowym, dbaj\u0105cym o to, by dost\u0119p do wysokiej jako\u015bci lek\u00f3w by\u0142 bezpieczny i poufny. Nasz\u0105 misj\u0105 jest bycie wiod\u0105cym dostawc\u0105 dla os\u00f3b poszukuj\u0105cych lek\u00f3w na recept\u0119 i bez recepty, w tym cenionych benzodiazepin, takich jak Nitrazepam. Je\u015bli zdecydujesz si\u0119\u2026 <strong>Kup Nitrazepam online w Wielkiej Brytanii<\/strong> Dzi\u0119ki naszej bezpiecznej platformie wybierasz wygod\u0119, dyskrecj\u0119 i pewno\u015b\u0107 otrzymania oryginalnych produkt\u00f3w farmaceutycznych. Jeste\u015bmy dumni z tego, \u017ce jeste\u015bmy wiarygodnym \u017ar\u00f3d\u0142em szerokiej gamy lek\u00f3w, obs\u0142uguj\u0105c klient\u00f3w w Hiszpanii, W\u0142oszech, Niemczech, Holandii, Polsce i Wielkiej Brytanii.<\/p>\n<h3>Zrozumienie dzia\u0142ania nitrazepamu: kompleksowy przewodnik<\/h3>\n<p>Nitrazepam to silny lek z grupy benzodiazepin, stosowany g\u0142\u00f3wnie w kr\u00f3tkotrwa\u0142ym leczeniu bezsenno\u015bci. Nale\u017cy do grupy lek\u00f3w zwanych depresantami o\u015brodkowego uk\u0142adu nerwowego (OUN), kt\u00f3re dzia\u0142aj\u0105 poprzez nasilenie dzia\u0142ania neuroprzeka\u017anika o nazwie kwas gamma-aminomas\u0142owy (GABA). GABA jest naturalnym neuroprzeka\u017anikiem hamuj\u0105cym w m\u00f3zgu, a poprzez zwi\u0119kszenie jego aktywno\u015bci, Nitrazepam skutecznie spowalnia aktywno\u015b\u0107 m\u00f3zgu, dzia\u0142aj\u0105c uspokajaj\u0105co. Dzi\u0119ki temu jest bardzo skuteczny w wywo\u0142ywaniu snu i \u0142agodzeniu uczucia l\u0119ku.<\/p>\n<p>Dla tych, kt\u00f3rzy chc\u0105 <strong>Kup Nitrazepam online w Wielkiej Brytanii<\/strong>Zrozumienie jego w\u0142a\u015bciwo\u015bci jest kluczowe. Jest to dobrze znany lek o udowodnionej skuteczno\u015bci w leczeniu zaburze\u0144 snu.<\/p>\n<p><strong>Kluczowe specyfikacje i w\u0142a\u015bciwo\u015bci:<\/strong><\/p>\n<p><em>   <strong>Substancja czynna:<\/strong> Nitrazepam<br \/>\n<\/em>   <strong>Klasa leku:<\/strong> Benzodiazepina<br \/>\n<em>   <strong>G\u0142\u00f3wne zastosowania:<\/strong> Kr\u00f3tkotrwa\u0142e leczenie bezsenno\u015bci, zaburze\u0144 snu o pod\u0142o\u017cu l\u0119kowym.<br \/>\n<\/em>   <strong>Mechanizm dzia\u0142ania:<\/strong> Wzmacnia neurotransmisj\u0119 GABA-ergiczn\u0105, co powoduje uspokojenie, dzia\u0142a przeciwl\u0119kowo, rozlu\u017aniaj\u0105co na mi\u0119\u015bnie i przeciwdrgawkowo.<br \/>\n<em>   <strong>Dost\u0119pne formularze:<\/strong> Dost\u0119pne s\u0105 zazwyczaj w formie tabletek lub kapsu\u0142ek.<br \/>\n<\/em>   <strong>Moc:<\/strong> Nitrazepam jest uwa\u017cany za stosunkowo siln\u0105 benzodiazepin\u0119.<\/p>\n<h3>Kto mo\u017ce skorzysta\u0107 ze stosowania Nitrazepamu?<\/h3>\n<p>Nitrazepam jest zazwyczaj przepisywany osobom do\u015bwiadczaj\u0105cym znacznych trudno\u015bci z zasypianiem lub utrzymaniem snu, cz\u0119sto zwi\u0105zanych z l\u0119kiem lub stresem. Lek jest przeznaczony do kr\u00f3tkotrwa\u0142ego stosowania ze wzgl\u0119du na ryzyko uzale\u017cnienia i tolerancji. Je\u015bli rozwa\u017casz\u2026 <strong>Kup Nitrazepam online w Wielkiej Brytanii<\/strong> W przypadku bezsenno\u015bci wa\u017cne jest, aby stosowa\u0107 go zgodnie ze wskaz\u00f3wkami lekarza lub informacjami na opakowaniu.<\/p>\n<p><strong>Typowe wskazania do stosowania nitrazepamu:<\/strong><\/p>\n<p><em>   <strong>Bezsenno\u015b\u0107:<\/strong> Trudno\u015bci z zasypianiem, utrzymaniem snu lub wczesne wybudzanie si\u0119.<br \/>\n<\/em>   <strong>Zaburzenia snu zwi\u0105zane z l\u0119kiem:<\/strong> Kiedy l\u0119k znacz\u0105co utrudnia zasypianie.<\/p>\n<p>Nale\u017cy pami\u0119ta\u0107, \u017ce Nitrazepam nie jest d\u0142ugoterminowym rozwi\u0105zaniem problem\u00f3w ze snem ani lekiem na podstawowe schorzenia lub zaburzenia psychiczne, kt\u00f3re mog\u0105 by\u0107 przyczyn\u0105 bezsenno\u015bci.<\/p>\n<h3>Dawkowanie i spos\u00f3b podawania: Bezpieczne stosowanie nitrazepamu<\/h3>\n<p>Kiedy ty <strong>Kup Nitrazepam online w Wielkiej Brytanii<\/strong>Przestrzeganie zalecanych dawek jest konieczne, aby zapewni\u0107 skuteczno\u015b\u0107 i zminimalizowa\u0107 ryzyko dzia\u0142a\u0144 niepo\u017c\u0105danych. Dawki mog\u0105 si\u0119 r\u00f3\u017cni\u0107 w zale\u017cno\u015bci od wieku, historii choroby i stopnia zaawansowania choroby. Zawsze nale\u017cy przestrzega\u0107 instrukcji do\u0142\u0105czonych do leku lub zalece\u0144 lekarza.<\/p>\n<p><strong>Og\u00f3lne wytyczne dotycz\u0105ce dawkowania (w przypadku bezsenno\u015bci u os\u00f3b doros\u0142ych):<\/strong><\/p>\n<p><em>   <strong>Typowa dawka pocz\u0105tkowa:<\/strong> 5 mg do 10 mg przyjmowane doustnie przed snem.<br \/>\n<\/em>   <strong>Maksymalna zalecana dawka:<\/strong> W niekt\u00f3rych przypadkach lekarz mo\u017ce przepisa\u0107 dawk\u0119 do 20 mg, ale jest to rzadsze zjawisko i wymaga starannego monitorowania.<br \/>\n<em>   <strong>Pacjenci w podesz\u0142ym wieku:<\/strong> Ze wzgl\u0119du na zwi\u0119kszon\u0105 wra\u017cliwo\u015b\u0107 na dzia\u0142anie benzodiazepin osobom starszym zaleca si\u0119 zazwyczaj ni\u017csze dawki.<\/p>\n<p><strong>Wa\u017cne kwestie dla administracji:<\/strong><\/p>\n<p><\/em>   <strong>Chronometra\u017c:<\/strong> Nitrazepam nale\u017cy przyjmowa\u0107 oko\u0142o 30 minut przed p\u00f3j\u015bciem spa\u0107.<br \/>\n<em>   <strong>Czas u\u017cytkowania:<\/strong> Nitrazepam jest przeznaczony do kr\u00f3tkotrwa\u0142ego stosowania, zazwyczaj trwaj\u0105cego od kilku dni do maksymalnie dw\u00f3ch do czterech tygodni, wliczaj\u0105c w to okres stopniowego odstawiania leku. D\u0142ugotrwa\u0142e stosowanie mo\u017ce prowadzi\u0107 do tolerancji i uzale\u017cnienia.<br \/>\n<\/em>   <strong>Nie kruszy\u0107 i nie \u017cu\u0107:<\/strong> Tabletki lub kapsu\u0142ki nale\u017cy po\u0142yka\u0107 w ca\u0142o\u015bci, popijaj\u0105c wod\u0105.<br \/>\n<em>   <strong>Unikaj alkoholu:<\/strong> Spo\u017cywanie alkoholu w trakcie przyjmowania Nitrazepamu mo\u017ce niebezpiecznie nasili\u0107 jego dzia\u0142anie uspokajaj\u0105ce i zwi\u0119kszy\u0107 ryzyko wyst\u0105pienia depresji oddechowej.<\/p>\n<p>Je\u015bli nie masz pewno\u015bci co do prawid\u0142owego dawkowania lub sposobu podawania, przed zastosowaniem skonsultuj si\u0119 z lekarzem. <strong>Kup Nitrazepam online w Wielkiej Brytanii<\/strong> lub jakiegokolwiek innego leku.<\/p>\n<h3>Potencjalne korzy\u015bci ze stosowania nitrazepamu<\/h3>\n<p>G\u0142\u00f3wn\u0105 zalet\u0105 Nitrazepamu jest jego zdolno\u015b\u0107 do szybkiego i skutecznego \u0142agodzenia bezsenno\u015bci, pozwalaj\u0105c pacjentom osi\u0105gn\u0105\u0107 tak potrzebny odpoczynek. Wspomagaj\u0105c sen, mo\u017ce znacz\u0105co poprawi\u0107 funkcjonowanie w ci\u0105gu dnia, nastr\u00f3j i og\u00f3lne samopoczucie.<\/p>\n<p><strong>G\u0142\u00f3wne korzy\u015bci cz\u0119sto kojarzone ze stosowaniem nitrazepamu:<\/strong><\/p>\n<p><\/em>   <strong>Lepszy sen:<\/strong> Pomaga szybciej zasn\u0105\u0107.<br \/>\n<em>   <strong>Mniej wybudze\u0144 w nocy:<\/strong> Przyczynia si\u0119 do d\u0142u\u017cszego, nieprzerwanego snu w nocy.<br \/>\n<\/em>   <strong>Lepsza jako\u015b\u0107 snu:<\/strong> Zapewnia g\u0142\u0119bszy i bardziej regeneruj\u0105cy sen.<br \/>\n<em>   <strong>Dzia\u0142anie przeciwl\u0119kowe:<\/strong> Mo\u017ce \u0142agodzi\u0107 niepok\u00f3j powoduj\u0105cy trudno\u015bci w zasypianiu.<br \/>\n<\/em>   <strong>Lepsze funkcjonowanie w ci\u0105gu dnia:<\/strong> Zwalczaj\u0105c niedob\u00f3r snu, mo\u017cna poprawi\u0107 koncentracj\u0119, nastr\u00f3j i poziom energii w ci\u0105gu dnia.<\/p>\n<p>Dla wielu mo\u017cliwo\u015b\u0107 <strong>Kup Nitrazepam online w Wielkiej Brytanii<\/strong> oferuje wygodny spos\u00f3b dost\u0119pu do tych \u015bwiadcze\u0144 bez logistycznych wyzwa\u0144, z kt\u00f3rymi borykaj\u0105 si\u0119 tradycyjne apteki.<\/p>\n<h3>Zrozumienie potencjalnych skutk\u00f3w ubocznych i \u015brodk\u00f3w ostro\u017cno\u015bci<\/h3>\n<p>Jak wszystkie leki, Nitrazepam mo\u017ce powodowa\u0107 dzia\u0142ania niepo\u017c\u0105dane. Przed zastosowaniem leku nale\u017cy bezwzgl\u0119dnie zapozna\u0107 si\u0119 z tymi potencjalnymi zagro\u017ceniami. <strong>Kup Nitrazepam online w Wielkiej Brytanii<\/strong>Wi\u0119kszo\u015b\u0107 skutk\u00f3w ubocznych zale\u017cy od dawki i zwykle s\u0105 one bardziej widoczne na pocz\u0105tku leczenia lub przy wi\u0119kszych dawkach.<\/p>\n<p><strong>Cz\u0119ste skutki uboczne:<\/strong><\/p>\n<p><em>   Senno\u015b\u0107 i senno\u015b\u0107 w ci\u0105gu dnia<br \/>\n<\/em>   Zawr\u00f3t g\u0142owy<br \/>\n<em>   Zawroty g\u0142owy<br \/>\n<\/em>   Ataksja (niestabilno\u015b\u0107 lub brak koordynacji)<br \/>\n<em>   Os\u0142abienie mi\u0119\u015bni<br \/>\n<\/em>   Zm\u0119czenie<br \/>\n<em>   Dezorientacja<br \/>\n<\/em>   Zaburzenia pami\u0119ci (amnezja)<br \/>\n<em>   Sucho\u015b\u0107 w ustach<\/p>\n<p><strong>Mniej powszechne, ale powa\u017cne skutki uboczne:<\/strong><\/p>\n<p><\/em>   Reakcje paradoksalne (np. zwi\u0119kszony niepok\u00f3j, pobudzenie, agresja)<br \/>\n<em>   Depresja uk\u0142adu oddechowego (szczeg\u00f3lnie w po\u0142\u0105czeniu z innymi depresantami o\u015brodkowego uk\u0142adu nerwowego, takimi jak alkohol lub opioidy)<br \/>\n<\/em>   Uzale\u017cnienie i objawy odstawienia po nag\u0142ym odstawieniu<br \/>\n<em>   Depresja<br \/>\n<\/em>   My\u015bli samob\u00f3jcze (rzadko)<\/p>\n<p><strong>Wa\u017cne \u015brodki ostro\u017cno\u015bci i przeciwwskazania:<\/strong><\/p>\n<p><em>   <strong>Uzale\u017cnienie i zesp\u00f3\u0142 odstawienny:<\/strong> D\u0142ugotrwa\u0142e stosowanie mo\u017ce prowadzi\u0107 do uzale\u017cnienia fizycznego i psychicznego. Nag\u0142e przerwanie stosowania nitrazepamu po d\u0142ugotrwa\u0142ym stosowaniu mo\u017ce spowodowa\u0107 objawy odstawienne, takie jak l\u0119k, bezsenno\u015b\u0107, dr\u017cenie, a w ci\u0119\u017ckich przypadkach drgawki. Konieczne jest stopniowe odstawianie leku pod nadzorem lekarza.<br \/>\n<\/em>   <strong>Tolerancja:<\/strong> Z czasem organizm mo\u017ce wykszta\u0142ci\u0107 tolerancj\u0119 na Nitrazepam, co oznacza, \u017ce \u200b\u200baby uzyska\u0107 ten sam efekt, konieczne mo\u017ce by\u0107 stosowanie wi\u0119kszych dawek.<br \/>\n<em>   <strong>Prowadzenie pojazd\u00f3w i obs\u0142uga maszyn w stanie upo\u015bledzenia:<\/strong> Ze wzgl\u0119du na dzia\u0142anie uspokajaj\u0105ce, Nitrazepam mo\u017ce upo\u015bledza\u0107 zdolno\u015b\u0107 oceny sytuacji, koordynacj\u0119 i czas reakcji. Nale\u017cy unika\u0107 prowadzenia pojazd\u00f3w i obs\u0142ugiwania ci\u0119\u017ckich maszyn podczas stosowania tego leku.<br \/>\n<\/em>   <strong>Ci\u0105\u017ca i karmienie piersi\u0105:<\/strong> Nitrazepamu na og\u00f3\u0142 nie zaleca si\u0119 stosowa\u0107 w okresie ci\u0105\u017cy i karmienia piersi\u0105 ze wzgl\u0119du na potencjalne ryzyko dla p\u0142odu lub niemowl\u0119cia.<br \/>\n<em>   <strong>Istniej\u0105ce schorzenia:<\/strong> Osoby z histori\u0105 problem\u00f3w uk\u0142adu oddechowego, chorobami w\u0105troby lub nerek, miasteni\u0105 gravis lub uzale\u017cnieniem od alkoholu lub narkotyk\u00f3w powinny stosowa\u0107 Nitrazepam z zachowaniem szczeg\u00f3lnej ostro\u017cno\u015bci i wy\u0142\u0105cznie pod \u015bcis\u0142ym nadzorem lekarza.<br \/>\n<\/em>   <strong>Interakcje z innymi lekami:<\/strong> Nitrazepam mo\u017ce wchodzi\u0107 w interakcje z r\u00f3\u017cnymi innymi lekami, w tym z alkoholem, opioidami, innymi lekami uspokajaj\u0105cymi, niekt\u00f3rymi lekami przeciwdepresyjnymi i lekami przeciwhistaminowymi. Zawsze informuj swojego lekarza o wszystkich przyjmowanych lekach.<\/p>\n<p>Kiedy ty <strong>Kup Nitrazepam online w Wielkiej Brytanii<\/strong> W naszym odczuciu podkre\u015blamy wag\u0119 \u015bwiadomego stosowania produktu i zach\u0119camy do konsultacji z lekarzem, je\u015bli masz jakiekolwiek schorzenia lub w\u0105tpliwo\u015bci.<\/p>\n<h3>Dlaczego warto kupi\u0107 Nitrazepam online w Wielkiej Brytanii w\u0142a\u015bnie u nas?<\/h3>\n<p>Poruszanie si\u0119 po \u015bwiecie opieki zdrowotnej mo\u017ce by\u0107 skomplikowane, zw\u0142aszcza w przypadku poszukiwania lek\u00f3w na wra\u017cliwe problemy, takie jak bezsenno\u015b\u0107 i l\u0119k. Naszym celem jest uproszczenie tego procesu, oferuj\u0105c bezpieczn\u0105, dyskretn\u0105 i niezawodn\u0105 platform\u0119, na kt\u00f3rej pacjenci mog\u0105\u2026 <strong>Kup Nitrazepam online w Wielkiej Brytanii<\/strong> i w ca\u0142ej Europie.<\/p>\n<p><strong>Nasze zobowi\u0105zanie wobec Ciebie:<\/strong><\/p>\n<p><em>   <strong>Autentyczne leki:<\/strong> Nasze produkty pochodz\u0105 od renomowanych producent\u00f3w, dzi\u0119ki czemu masz pewno\u015b\u0107, \u017ce otrzymasz oryginalny Nitrazepam wysokiej jako\u015bci.<br \/>\n<\/em>   <strong>Dyskretna wysy\u0142ka:<\/strong> Twoja prywatno\u015b\u0107 jest dla nas priorytetem. Wszystkie zam\u00f3wienia s\u0105 pakowane i wysy\u0142ane dyskretnie, bez zewn\u0119trznych oznakowa\u0144 zawarto\u015bci.<br \/>\n<em>   <strong>Szybka i niezawodna dostawa:<\/strong> Rozumiemy piln\u0105 potrzeb\u0119 Pa\u0144stwa potrzeb. Nasza sprawna logistyka zapewnia szybk\u0105 wysy\u0142k\u0119 do Hiszpanii, W\u0142och, Niemiec, Holandii, Polski i Wielkiej Brytanii.<br \/>\n<\/em>   <strong>Bezpieczne zamawianie online:<\/strong> Nasza strona internetowa korzysta z solidnych \u015brodk\u00f3w bezpiecze\u0144stwa w celu ochrony Twoich danych osobowych i informacji p\u0142atniczych.<br \/>\n<em>   <strong>Obs\u0142uga klienta:<\/strong> Nasz oddany zesp\u00f3\u0142 jest do Pa\u0144stwa dyspozycji, aby odpowiedzie\u0107 na Pa\u0144stwa pytania i zapewni\u0107 pomoc w ca\u0142ym procesie sk\u0142adania zam\u00f3wienia.<br \/>\n<\/em>   <strong>Wygoda:<\/strong> Zamawiaj wygodnie z domu, oszcz\u0119dzaj\u0105c czas i wysi\u0142ek.<\/p>\n<p>Kiedy b\u0119dziesz gotowy <strong>Kup Nitrazepam online w Wielkiej Brytanii<\/strong>, lub je\u015bli szukasz niezawodnego dost\u0119pu do innych lek\u00f3w, rozwa\u017c nas jako swojego zaufanego partnera. Zale\u017cy nam na zapewnieniu p\u0142ynnego i bezpiecznego leczenia, gwarantuj\u0105c Ci ulg\u0119, na jak\u0105 zas\u0142ugujesz.<\/p>\n<h3>Cz\u0119sto zadawane pytania dotycz\u0105ce zakupu Nitrazepamu online<\/h3>\n<p><strong>P: Czy zakup Nitrazepamu online jest legalny w Wielkiej Brytanii?<\/strong><br \/>\nA: W Wielkiej Brytanii Nitrazepam jest lekiem wydawanym wy\u0142\u0105cznie na recept\u0119. Chocia\u017c istnieje mo\u017cliwo\u015b\u0107 <strong>Kup Nitrazepam online w Wielkiej Brytanii<\/strong>, niezwykle wa\u017cne jest, aby upewni\u0107 si\u0119, \u017ce robisz to z legalnej i regulowanej apteki internetowej. Dzia\u0142amy zgodnie z odpowiednimi przepisami, aby zapewni\u0107 legalno\u015b\u0107 i bezpiecze\u0144stwo naszych us\u0142ug.<\/p>\n<p><strong>P: Jak mog\u0119 mie\u0107 pewno\u015b\u0107, \u017ce Nitrazepam, kt\u00f3ry kupuj\u0119 online, jest oryginalny?<\/strong><br \/>\nA: Wsp\u00f3\u0142pracujemy z zaufanymi dostawcami farmaceutyk\u00f3w i stosujemy rygorystyczne \u015brodki kontroli jako\u015bci. Naszym zobowi\u0105zaniem jest dostarczanie autentycznych lek\u00f3w. Kiedy\u2026 <strong>Kup Nitrazepam online w Wielkiej Brytanii<\/strong> u nas wybierasz wiarygodne \u017ar\u00f3d\u0142o.<\/p>\n<p><strong>P: Jaka jest r\u00f3\u017cnica mi\u0119dzy Nitrazepamem a innymi tabletkami nasennymi?<\/strong><br \/>\nA: Nitrazepam to benzodiazepina, znana ze swojej skuteczno\u015bci w wywo\u0142ywaniu snu i \u0142agodzeniu l\u0119ku. Inne leki nasenne mog\u0105 nale\u017ce\u0107 do r\u00f3\u017cnych grup lek\u00f3w, takich jak leki z grupy Z lub leki przeciwhistaminowe, i charakteryzowa\u0107 si\u0119 r\u00f3\u017cnymi mechanizmami dzia\u0142ania, si\u0142\u0105 dzia\u0142ania i profilami dzia\u0142a\u0144 niepo\u017c\u0105danych.<\/p>\n<p><strong>P: Czy mog\u0119 kupi\u0107 Nitrazepam bez recepty?<\/strong><br \/>\nA: W wielu regionach Nitrazepam jest lekiem wydawanym wy\u0142\u0105cznie na recept\u0119. Jednak jako regulowana apteka internetowa, oferujemy dost\u0119p do niekt\u00f3rych lek\u00f3w na recept\u0119 na okre\u015blonych warunkach, zapewniaj\u0105c odpowiedzialny dost\u0119p do leczenia. W razie w\u0105tpliwo\u015bci dotycz\u0105cych wymaga\u0144 dotycz\u0105cych recept w Twojej lokalizacji, zapoznaj si\u0119 z naszymi wytycznymi lub skontaktuj si\u0119 z obs\u0142ug\u0105 klienta.<\/p>\n<p><strong>P: Co powinienem zrobi\u0107, je\u015bli wyst\u0105pi\u0105 u mnie skutki uboczne?<\/strong><br \/>\nA: Je\u015bli wyst\u0105pi\u0105 jakiekolwiek niepokoj\u0105ce skutki uboczne, nale\u017cy przerwa\u0107 stosowanie i natychmiast skonsultowa\u0107 si\u0119 z lekarzem. Nale\u017cy poinformowa\u0107 lekarza o podj\u0119ciu decyzji o zaprzestaniu stosowania leku. <strong>Kup Nitrazepam online w Wielkiej Brytanii<\/strong> i stosujesz ten lek.<\/p>\n<h3>Wnioski: Tw\u00f3j niezawodny partner w kwestii snu i dobrego samopoczucia<\/h3>\n<p>Je\u015bli szukasz skutecznego rozwi\u0105zania na bezsenno\u015b\u0107 i potrzebujesz <strong>Kup Nitrazepam online w Wielkiej Brytanii<\/strong>Nasza apteka internetowa zapewnia bezpieczn\u0105, dyskretn\u0105 i sprawn\u0105 obs\u0142ug\u0119. Rozumiemy, jak wa\u017cna dla Twojego zdrowia jest jako\u015b\u0107, niezawodno\u015b\u0107 i wygoda. Nasze zaanga\u017cowanie obejmuje klient\u00f3w w ca\u0142ej Europie, w tym w Hiszpanii, W\u0142oszech, Niemczech, Holandii, Polsce i Wielkiej Brytanii, oferuj\u0105c szybk\u0105 wysy\u0142k\u0119 i poufn\u0105 obs\u0142ug\u0119.<\/p>\n<p>Nie pozw\u00f3l, by nieprzespane noce i l\u0119k zak\u0142\u00f3ca\u0142y Twoje \u017cycie. Rozwa\u017c swoje mo\u017cliwo\u015bci z pewno\u015bci\u0105 siebie i odkryj \u0142atwo\u015b\u0107 dost\u0119pu do wysokiej jako\u015bci lek\u00f3w od zaufanego sprzedawcy online. Kiedy\u2026 <strong>Kup Nitrazepam online w Wielkiej Brytanii<\/strong> Dzi\u0119ki naszej platformie wybierasz partnera, kt\u00f3ry dba o Twoje dobre samopoczucie i spok\u00f3j ducha. Jeste\u015bmy czym\u015b wi\u0119cej ni\u017c tylko aptek\u0105 internetow\u0105; jeste\u015bmy niezawodnym \u017ar\u00f3d\u0142em Twoich potrzeb zdrowotnych, d\u0105\u017c\u0105c do pozytywnego wp\u0142ywu na jako\u015b\u0107 Twojego \u017cycia.<\/p>","protected":false},"excerpt":{"rendered":"<p>\u015apij spokojnie i ciesz si\u0119 jako\u015bciowym snem, na jaki zas\u0142ugujesz! Kup Nitrazepam online w Wielkiej Brytanii, aby uzyska\u0107 kr\u00f3tkotrwa\u0142\u0105 ulg\u0119 w bezsenno\u015bci. Dost\u0119pny w wygodnych tabletkach Mogadon 5 mg i 10 mg, lek ten pomaga szybciej zasn\u0105\u0107 i d\u0142u\u017cej spa\u0107. Oferujemy szybk\u0105 i niezawodn\u0105 dostaw\u0119 bezpo\u015brednio pod Twoje drzwi. Stosuj zgodnie z zaleceniami lekarza.<\/p>","protected":false},"featured_media":10641,"template":"","meta":[],"product_brand":[],"product_cat":[404],"product_tag":[959,960,956,962,892,961,964,957,963,958],"class_list":{"0":"post-10620","1":"product","2":"type-product","3":"status-publish","4":"has-post-thumbnail","6":"product_cat-sleeping-pills","7":"product_tag-anxiety-relief-uk","8":"product_tag-benzodiazepine-uk","9":"product_tag-buy-nitrazepam-uk","10":"product_tag-buy-sleeping-pills-uk","11":"product_tag-fast-shipping","12":"product_tag-insomnia-medication-uk","13":"product_tag-nitrazepam-5mg-uk","14":"product_tag-nitrazepam-online","15":"product_tag-reliable-online-pharmacy-uk","16":"product_tag-sleep-aid-uk","18":"first","19":"instock","20":"shipping-taxable","21":"purchasable","22":"product-type-variable"},"_links":{"self":[{"href":"https:\/\/capsovia.com\/pl\/wp-json\/wp\/v2\/product\/10620","targetHints":{"allow":["GET"]}}],"collection":[{"href":"https:\/\/capsovia.com\/pl\/wp-json\/wp\/v2\/product"}],"about":[{"href":"https:\/\/capsovia.com\/pl\/wp-json\/wp\/v2\/types\/product"}],"version-history":[{"count":0,"href":"https:\/\/capsovia.com\/pl\/wp-json\/wp\/v2\/product\/10620\/revisions"}],"wp:featuredmedia":[{"embeddable":true,"href":"https:\/\/capsovia.com\/pl\/wp-json\/wp\/v2\/media\/10641"}],"wp:attachment":[{"href":"https:\/\/capsovia.com\/pl\/wp-json\/wp\/v2\/media?parent=10620"}],"wp:term":[{"taxonomy":"product_brand","embeddable":true,"href":"https:\/\/capsovia.com\/pl\/wp-json\/wp\/v2\/product_brand?post=10620"},{"taxonomy":"product_cat","embeddable":true,"href":"https:\/\/capsovia.com\/pl\/wp-json\/wp\/v2\/product_cat?post=10620"},{"taxonomy":"product_tag","embeddable":true,"href":"https:\/\/capsovia.com\/pl\/wp-json\/wp\/v2\/product_tag?post=10620"}],"curies":[{"name":"wp","href":"https:\/\/api.w.org\/{rel}","templated":true}]}}