{"id":10650,"date":"2024-10-04T17:56:33","date_gmt":"2024-10-04T17:56:33","guid":{"rendered":"https:\/\/pharmaplazaonline.com\/?post_type=product&#038;p=10650"},"modified":"2026-04-17T22:32:38","modified_gmt":"2026-04-17T22:32:38","slug":"buy-zopiclone-online-uk","status":"publish","type":"product","link":"https:\/\/capsovia.com\/pl\/product\/buy-zopiclone-online-uk\/","title":{"rendered":"Kup Zopiclone 7,5 mg online w Wielkiej Brytanii szybko"},"content":{"rendered":"<p>Witamy w Twojej zaufanej europejskiej aptece internetowej, Twoim g\u0142\u00f3wnym miejscu docelowym <strong>Kup Zopiclone 7,5 mg online w Wielkiej Brytanii szybko<\/strong>Rozumiemy wyzwania zwi\u0105zane ze znalezieniem niezawodnego i dyskretnego dost\u0119pu do niezb\u0119dnych lek\u00f3w i jeste\u015bmy zaanga\u017cowani w zapewnianie naszym cenionym klientom na ca\u0142ym \u015bwiecie p\u0142ynnej i godnej zaufania obs\u0142ugi. <strong>Europa<\/strong>, w tym <strong>Zjednoczone Kr\u00f3lestwo<\/strong>, <strong>W\u0142ochy<\/strong>, <strong>Niemcy<\/strong>, ten <strong>Niderlandy<\/strong>, <strong>Polska<\/strong>i nie tylko. Naszym zobowi\u0105zaniem jest oferowanie oryginalnych, wysokiej jako\u015bci produkt\u00f3w farmaceutycznych, w tym tabletek zopiklonu 7,5 mg, <strong>dyskretna wysy\u0142ka<\/strong> prosto pod Twoje drzwi.<\/p>\n<p>Zmagasz si\u0119 z bezsennymi nocami i szukasz skutecznego rozwi\u0105zania, kt\u00f3re poprawi jako\u015b\u0107 Twojego snu? Trafi\u0142e\u015b we w\u0142a\u015bciwe miejsce. W naszej renomowanej aptece internetowej oferujemy Ci wygod\u0119 i prywatno\u015b\u0107. <strong>kup Zopiclone 7,5 mg online<\/strong> Bez recepty. Jeste\u015bmy dumni z tego, \u017ce jeste\u015bmy niezawodnym \u017ar\u00f3d\u0142em zar\u00f3wno lek\u00f3w na recept\u0119, jak i powszechnie dost\u0119pnych produkt\u00f3w bez recepty, zapewniaj\u0105c Ci dost\u0119p do potrzebnych rozwi\u0105za\u0144 opieki zdrowotnej, kiedy ich potrzebujesz.<\/p>\n<h2>Zrozumienie dzia\u0142ania zopiklonu 7,5 mg: Twoja droga do spokojnej nocy<\/h2>\n<p>Zopiklon to niebenzodiazepinowy lek nasenny z grupy cyklopirolon\u00f3w. Jest powszechnie przepisywany w kr\u00f3tkotrwa\u0142ym leczeniu bezsenno\u015bci u doros\u0142ych. Dzia\u0142a poprzez wp\u0142yw na pewne substancje chemiczne w m\u00f3zgu, kt\u00f3rych r\u00f3wnowaga u os\u00f3b z bezsenno\u015bci\u0105 jest zaburzona. Wzmacniaj\u0105c dzia\u0142anie neuroprzeka\u017anika GABA (kwas gamma-aminomas\u0142owy), zopiklon pomaga uspokoi\u0107 m\u00f3zg, u\u0142atwiaj\u0105c zasypianie i wyd\u0142u\u017caj\u0105c sen.<\/p>\n<p>Kiedy ty <strong>kup Zopiclone 7,5 mg online<\/strong> od nas inwestujesz w sprawdzone rozwi\u0105zanie <strong>problemy ze snem<\/strong> I <strong>leczenie bezsenno\u015bci<\/strong>Ta dawka, 7,5 mg, to standardowa i najcz\u0119\u015bciej przepisywana dawka, zapewniaj\u0105ca skuteczn\u0105 r\u00f3wnowag\u0119 dla wi\u0119kszo\u015bci doros\u0142ych u\u017cytkownik\u00f3w do\u015bwiadczaj\u0105cych ostrych lub przewlek\u0142ych objaw\u00f3w <strong>trudno\u015bci ze snem<\/strong>.<\/p>\n<h3>G\u0142\u00f3wne specyfikacje i korzy\u015bci zopiklonu 7,5 mg:<\/h3>\n<p><em>   <strong>Substancja czynna:<\/strong> Zopiklon<br \/>\n<\/em>   <strong>Wytrzyma\u0142o\u015b\u0107:<\/strong> 7,5 mg na tabletk\u0119<br \/>\n<em>   <strong>Formularz:<\/strong> Tabletki doustne (cz\u0119sto z rowkiem u\u0142atwiaj\u0105cym podzia\u0142, je\u015bli to konieczne, cho\u0107 standardowa dawka to 7,5 mg)<br \/>\n<\/em>   <strong>Mechanizm dzia\u0142ania:<\/strong> Dzia\u0142a jako \u015brodek GABA-ergiczny, wywo\u0142uj\u0105c uspokojenie i efekt hipnotyczny.<br \/>\n<em>   <strong>G\u0142\u00f3wne zastosowanie:<\/strong> Leczenie bezsenno\u015bci charakteryzuj\u0105cej si\u0119 trudno\u015bciami z zasypianiem, cz\u0119stym wybudzaniem si\u0119 w nocy lub wczesnym budzeniem si\u0119 rano.<br \/>\n<\/em>   <strong>Szybki pocz\u0105tek:<\/strong> Dzia\u0142anie leku zaczyna si\u0119 zazwyczaj w ci\u0105gu 30\u201360 minut od po\u0142kni\u0119cia.<br \/>\n<em>   <strong>Czas trwania akcji:<\/strong> Skuteczny w przypadku standardowego cyklu snu, zapewniaj\u0105cy na og\u00f3\u0142 6\u20138 godzin snu.<br \/>\n<\/em>   <strong>Lepsza jako\u015b\u0107 snu:<\/strong> Pomaga u\u017cytkownikom osi\u0105gn\u0105\u0107 g\u0142\u0119bszy i bardziej regeneruj\u0105cy sen.<br \/>\n<em>   <strong>Mniej wybudze\u0144 w nocy:<\/strong> Przyczynia si\u0119 do mniejszej liczby przerw w nocy.<br \/>\n<\/em>   <strong>Wygoda:<\/strong> \u0141atwy i dyskretny <strong>kup Zopiclone 7,5 mg online<\/strong>.<\/p>\n<h2>Jak bezpiecznie kupi\u0107 Zopiclone 7,5 mg online w Wielkiej Brytanii i szybko go u\u017cywa\u0107<\/h2>\n<p>Kiedy zdecydujesz si\u0119 <strong>Kup Zopiclone 7,5 mg online w Wielkiej Brytanii szybko<\/strong>Zrozumienie prawid\u0142owego stosowania i dawkowania ma kluczowe znaczenie dla bezpiecze\u0144stwa i skuteczno\u015bci. Zopiklon 7,5 mg jest zazwyczaj przepisywany wy\u0142\u0105cznie na kr\u00f3tkotrwa\u0142e stosowanie, zazwyczaj maksymalnie przez dwa do czterech tygodni. D\u0142ugotrwa\u0142e stosowanie mo\u017ce prowadzi\u0107 do uzale\u017cnienia i tolerancji.<\/p>\n<p><strong>Zalecana dawka i spos\u00f3b podawania:<\/strong><\/p>\n<p><em>   <strong>Standardowa dawka dla osoby doros\u0142ej:<\/strong> Jedna tabletka 7,5 mg przyjmowana bezpo\u015brednio przed snem.<br \/>\n<\/em>   <strong>Jak przyjmowa\u0107:<\/strong> Tabletk\u0119 nale\u017cy po\u0142kn\u0105\u0107 w ca\u0142o\u015bci, popijaj\u0105c szklank\u0105 wody. Nie \u017cu\u0107 ani nie kruszy\u0107 tabletki.<br \/>\n<em>   <strong>Chronometra\u017c:<\/strong> Wa\u017cne jest, aby przyjmowa\u0107 zopiklon tylko wtedy, gdy jeste\u015b w stanie przespa\u0107 ca\u0142\u0105 noc (oko\u0142o 7-8 godzin). Przyj\u0119cie go zbyt wcze\u015bnie wieczorem lub je\u015bli istnieje ryzyko przedwczesnego wybudzenia, mo\u017ce spowodowa\u0107 senno\u015b\u0107 w ci\u0105gu dnia.<br \/>\n<\/em>   <strong>Pomini\u0119ta dawka:<\/strong> W przypadku pomini\u0119cia dawki, nie nale\u017cy przyjmowa\u0107 podw\u00f3jnej dawki. Nale\u017cy pomin\u0105\u0107 pomini\u0119t\u0105 dawk\u0119 i kontynuowa\u0107 regularny schemat dawkowania nast\u0119pnego wieczoru.<br \/>\n<em>   <strong>Dostosowanie dawkowania:<\/strong> Nie nale\u017cy przekracza\u0107 zalecanej dawki 7,5 mg na dob\u0119. W niekt\u00f3rych przypadkach lekarz (lub inny pracownik s\u0142u\u017cby zdrowia doradzaj\u0105cy w sprawie odpowiedniej dawki) mo\u017ce zaleci\u0107 ni\u017csz\u0105 dawk\u0119, szczeg\u00f3lnie w przypadku pacjent\u00f3w w podesz\u0142ym wieku lub os\u00f3b z okre\u015blonymi schorzeniami.<\/p>\n<p><strong>Wa\u017cne kwestie przy zakupie zopiklonu 7,5 mg:<\/strong><\/p>\n<p><\/em>   <strong>Spo\u017cycie alkoholu:<\/strong> Nale\u017cy unika\u0107 spo\u017cywania alkoholu podczas przyjmowania zopiklonu, poniewa\u017c mo\u017ce to znacznie nasili\u0107 jego dzia\u0142anie uspokajaj\u0105ce i potencjalnie prowadzi\u0107 do niebezpiecznych skutk\u00f3w ubocznych.<br \/>\n<em>   <strong>Prowadzenie pojazd\u00f3w i obs\u0142uga maszyn:<\/strong> Nie prowad\u017a pojazd\u00f3w, nie obs\u0142uguj ci\u0119\u017ckich maszyn ani nie wykonuj czynno\u015bci wymagaj\u0105cych pe\u0142nej koncentracji, dop\u00f3ki nie dowiesz si\u0119, jak zopiklon na Ciebie dzia\u0142a. Mo\u017cesz odczuwa\u0107 senno\u015b\u0107, os\u0142abion\u0105 czujno\u015b\u0107 i zaburzenia koordynacji.<br \/>\n<\/em>   <strong>Kr\u00f3tkotrwa\u0142e stosowanie:<\/strong> Zopiklon jest przeznaczony do kr\u00f3tkotrwa\u0142ego leczenia bezsenno\u015bci. Je\u015bli problemy ze snem utrzymuj\u0105 si\u0119 d\u0142u\u017cej ni\u017c dwa tygodnie, nale\u017cy skonsultowa\u0107 si\u0119 z lekarzem.<br \/>\n<em>   <strong>Objawy odstawienia:<\/strong> Nag\u0142e przerwanie stosowania zopiklonu po d\u0142ugotrwa\u0142ym stosowaniu mo\u017ce prowadzi\u0107 do wyst\u0105pienia objaw\u00f3w odstawiennych, takich jak bezsenno\u015b\u0107 z odbicia, l\u0119k, dr\u017cenie, pocenie si\u0119 i nudno\u015bci. W przypadku d\u0142ugotrwa\u0142ego stosowania leku zaleca si\u0119 stopniowe zmniejszanie dawki pod nadzorem lekarza.<\/p>\n<h2>Kto mo\u017ce skorzysta\u0107 ze stosowania zopiklonu 7,5 mg?<\/h2>\n<p>Je\u015bli do\u015bwiadczasz <strong>trudno\u015bci z zasypianiem<\/strong>, charakteryzuje si\u0119:<\/p>\n<p><\/em>   Problemy z zasypianiem (bezsenno\u015b\u0107 zwi\u0105zana z napadami snu)<br \/>\n<em>   Cz\u0119ste wybudzenia w nocy (bezsenno\u015b\u0107 zwi\u0105zana z utrzymaniem snu)<br \/>\n<\/em>   Budzenie si\u0119 zbyt wcze\u015bnie rano i niemo\u017cno\u015b\u0107 ponownego za\u015bni\u0119cia (wczesne budzenie si\u0119)<\/p>\n<p>I tw\u00f3j <strong>bezsenno\u015b\u0107<\/strong> Je\u015bli Tw\u00f3j stan znacz\u0105co wp\u0142ywa na codzienne \u017cycie, powoduje stres, wp\u0142ywa na nastr\u00f3j, koncentracj\u0119 i og\u00f3lne samopoczucie, to zopiklon 7,5 mg mo\u017ce by\u0107 dla Ciebie odpowiednim rozwi\u0105zaniem. Jest to lek dla os\u00f3b, kt\u00f3re potrzebuj\u0105 niezawodnego i szybko dzia\u0142aj\u0105cego \u015brodka, kt\u00f3ry pomo\u017ce im przywr\u00f3ci\u0107 zdrowy rytm snu.<\/p>\n<h2>Potencjalne skutki uboczne zopiklonu 7,5 mg<\/h2>\n<p>Jak ka\u017cdy lek, zopiklon 7,5 mg mo\u017ce powodowa\u0107 dzia\u0142ania niepo\u017c\u0105dane, chocia\u017c nie u ka\u017cdego one wyst\u0105pi\u0105. Wa\u017cne jest, aby by\u0107 \u015bwiadomym tych potencjalnych reakcji.<\/p>\n<p><strong>Cz\u0119ste dzia\u0142ania niepo\u017c\u0105dane (mog\u0105 wyst\u0105pi\u0107 u 1 na 10 os\u00f3b):<\/strong><\/p>\n<p><em>   Nieprzyjemny smak w ustach<br \/>\n<\/em>   Sucho\u015b\u0107 w ustach<br \/>\n<em>   Senno\u015b\u0107 w ci\u0105gu dnia<br \/>\n<\/em>   Zmniejszona czujno\u015b\u0107<br \/>\n<em>   B\u00f3l g\u0142owy<br \/>\n<\/em>   Zawr\u00f3t g\u0142owy<br \/>\n<em>   Zm\u0119czenie<br \/>\n<\/em>   Md\u0142o\u015bci<\/p>\n<p><strong>Mniej cz\u0119ste dzia\u0142ania niepo\u017c\u0105dane (mog\u0105 wyst\u0105pi\u0107 u 1 na 100 os\u00f3b):<\/strong><\/p>\n<p><em>   \u017bywe sny<br \/>\n<\/em>   Koszmary<br \/>\n<em>   B\u00f3l mi\u0119\u015bni<br \/>\n<\/em>   Zmiany apetytu<br \/>\n<em>   Uczucia depresji<br \/>\n<\/em>   L\u0119k<br \/>\n<em>   Dezorientacja<br \/>\n<\/em>   Zaburzona koordynacja<br \/>\n<em>   Utrata pami\u0119ci (amnezja nast\u0119pcza)<br \/>\n<\/em>   Wysypka lub sw\u0119dzenie sk\u00f3ry<\/p>\n<p><strong>Rzadkie dzia\u0142ania niepo\u017c\u0105dane (mog\u0105 wyst\u0105pi\u0107 u 1 na 1000 os\u00f3b):<\/strong><\/p>\n<p><em>   Halucynacje<br \/>\n<\/em>   Agresja<br \/>\n<em>   Dra\u017cliwo\u015b\u0107<br \/>\n<\/em>   Nasilenie bezsenno\u015bci<br \/>\n<em>   Zmiany libido<br \/>\n<\/em>   Os\u0142abiony wzrok<br \/>\n<em>   Os\u0142abienie mi\u0119\u015bni<br \/>\n<\/em>   Trudno\u015bci z oddawaniem moczu<br \/>\n<em>   \u017b\u00f3\u0142taczka (za\u017c\u00f3\u0142cenie sk\u00f3ry i oczu)<\/p>\n<p><strong>Powa\u017cne skutki uboczne wyst\u0119puj\u0105 rzadko:<\/strong><\/p>\n<p>Je\u015bli wyst\u0105pi\u0105 jakiekolwiek powa\u017cne skutki uboczne, takie jak silne reakcje alergiczne (trudno\u015bci w oddychaniu, obrz\u0119k twarzy, warg, j\u0119zyka lub gard\u0142a), silne reakcje sk\u00f3rne lub znacz\u0105ce zmiany w zachowaniu, nale\u017cy natychmiast zwr\u00f3ci\u0107 si\u0119 o pomoc lekarsk\u0105.<\/p>\n<p>Je\u015bli masz jakiekolwiek obawy dotycz\u0105ce potencjalnych skutk\u00f3w ubocznych, skonsultuj si\u0119 z odpowiednim pracownikiem s\u0142u\u017cby zdrowia lub farmaceut\u0105.<\/p>\n<h2>Dlaczego warto wybra\u0107 nasz\u0105 aptek\u0119 internetow\u0105, aby szybko kupi\u0107 zopiklon 7,5 mg online w Wielkiej Brytanii?<\/h2>\n<p>Rozumiemy, \u017ce kiedy potrzebujesz lek\u00f3w, chcesz je otrzyma\u0107 szybko, niezawodnie i dyskretnie. Nasza europejska apteka internetowa jest gotowa sprosta\u0107 tym potrzebom klient\u00f3w z ca\u0142ego \u015bwiata. <strong>Wielka Brytania, Europa, W\u0142ochy, Niemcy, Holandia, Polska<\/strong>i wiele innych.<\/p>\n<p><strong>Nasze zobowi\u0105zanie wobec Ciebie:<\/strong><\/p>\n<p><\/em>   <strong>Wiarygodne \u017ar\u00f3d\u0142o:<\/strong> Jeste\u015bmy zaufanym sprzedawc\u0105 internetowym i wiarygodnym \u017ar\u00f3d\u0142em oryginalnych lek\u00f3w. Nasze produkty pochodz\u0105 od renomowanych producent\u00f3w, co gwarantuje jako\u015b\u0107 i autentyczno\u015b\u0107.<br \/>\n<em>   <strong>Wygoda:<\/strong> <strong>Kup Zopiclone 7,5 mg online<\/strong> z wygody Twojego domu. Nasza \u0142atwa w obs\u0142udze strona internetowa sprawia, \u017ce \u200b\u200bproces zakup\u00f3w jest prosty i efektywny.<br \/>\n<\/em>   <strong>Szybka i dyskretna wysy\u0142ka:<\/strong> Oferujemy <strong>dyskretna wysy\u0142ka<\/strong> Do <strong>Hiszpania, W\u0142ochy, Niemcy, Holandia, Polska, Holandia, Europa i Wielka Brytania<\/strong>Twoja prywatno\u015b\u0107 jest dla nas priorytetem. Wszystkie zam\u00f3wienia s\u0105 pakowane bezpiecznie i dyskretnie. Naszym celem jest\u2026 <strong>szybka dostawa<\/strong> dzi\u0119ki czemu b\u0119dziesz m\u00f3g\u0142 otrzyma\u0107 swoje leki bez zb\u0119dnej zw\u0142oki.<br \/>\n<em>   <strong>Nie wymaga recepty:<\/strong> Dla Pa\u0144stwa wygody oferujemy mo\u017cliwo\u015b\u0107 <strong>kup Zopiclone 7,5 mg bez recepty<\/strong>Usprawnia to proces osobom, kt\u00f3re ju\u017c wcze\u015bniej stosowa\u0142y ten lek i wiedz\u0105, \u017ce jest dla nich odpowiedni.<br \/>\n<\/em>   <strong>Konkurencyjne ceny:<\/strong> Staramy si\u0119 oferowa\u0107 konkurencyjne ceny wszystkich naszych lek\u00f3w, zapewniaj\u0105c sta\u0142y dost\u0119p do podstawowej opieki zdrowotnej.<br \/>\n*   <strong>Obs\u0142uga klienta:<\/strong> Nasz oddany zesp\u00f3\u0142 obs\u0142ugi klienta jest do Pa\u0144stwa dyspozycji i ch\u0119tnie odpowie na wszelkie pytania dotycz\u0105ce zam\u00f3wienia, dostawy lub oferowanych przez nas produkt\u00f3w.<\/p>\n<h2>Cz\u0119sto zadawane pytania dotycz\u0105ce zakupu zopiklonu<\/h2>\n<p><strong>P1: Czy zakup Zopiclone 7,5 mg online jest bezpieczny?<\/strong><br \/>\nA1: Kupuj\u0105c w renomowanej i licencjonowanej aptece internetowej, takiej jak nasza, masz pewno\u015b\u0107 bezpiecze\u0144stwa. Oferujemy wy\u0142\u0105cznie oryginalne, wysokiej jako\u015bci leki od zaufanych producent\u00f3w. Gwarantujemy, \u017ce wszystkie produkty spe\u0142niaj\u0105 rygorystyczne standardy jako\u015bci.<\/p>\n<p><strong>P2: Jak d\u0142ugo trwa dostawa, gdy kupi\u0119 Zopiclone 7,5 mg online w Wielkiej Brytanii szybko?<\/strong><br \/>\nA2: Zale\u017cy nam na szybkiej dostawie do Wielkiej Brytanii i ca\u0142ej Europy. Czas dostawy mo\u017ce si\u0119 nieznacznie r\u00f3\u017cni\u0107 w zale\u017cno\u015bci od Twojej lokalizacji w Europie, ale zazwyczaj wynosi od 2 do 5 dni roboczych w przypadku wi\u0119kszo\u015bci miejsc docelowych. Otrzymasz informacje o \u015bledzeniu zam\u00f3wienia.<\/p>\n<p><strong>P3: Czy moje zam\u00f3wienie zostanie dyskretnie wys\u0142ane?<\/strong><br \/>\nA3: Zdecydowanie. Dyskrecja jest podstaw\u0105 naszych us\u0142ug. Wszystkie zam\u00f3wienia wysy\u0142amy w prostym, nieoznakowanym opakowaniu, bez zewn\u0119trznych oznacze\u0144 zawarto\u015bci ani to\u017csamo\u015bci nadawcy. Twoja prywatno\u015b\u0107 jest naszym priorytetem.<\/p>\n<p><strong>P4: Jaka jest r\u00f3\u017cnica mi\u0119dzy zopiklonem a zolpidemem?<\/strong><br \/>\nA4: Chocia\u017c oba leki to niebenzodiazepinowe leki nasenne stosowane w leczeniu bezsenno\u015bci, nale\u017c\u0105 one do nieco innych grup lek\u00f3w i mog\u0105 si\u0119 r\u00f3\u017cni\u0107 pod wzgl\u0119dem dzia\u0142ania i profili dzia\u0142a\u0144 niepo\u017c\u0105danych. Zopiklon jest cyklopirolonem, a zolpidem imidazopirydyn\u0105.<\/p>\n<p><strong>P5: Czy mog\u0119 kupi\u0107 Zopiclone 7,5 mg do d\u0142ugotrwa\u0142ego stosowania?<\/strong><br \/>\nA5: Zopiklon jest przeznaczony wy\u0142\u0105cznie do kr\u00f3tkotrwa\u0142ego stosowania, zazwyczaj przez 2-4 tygodnie. Je\u015bli potrzebujesz d\u0142ugotrwa\u0142ego leczenia bezsenno\u015bci, koniecznie skonsultuj si\u0119 z lekarzem w celu zbadania przyczyn i alternatywnych strategii leczenia.<\/p>\n<h2>Twoja podr\u00f3\u017c do lepszego snu zaczyna si\u0119 tutaj<\/h2>\n<p>Je\u015bli szukasz niezawodnego i skutecznego sposobu na zarz\u0105dzanie swoimi <strong>bezsenno\u015b\u0107<\/strong> i poprawi\u0107 jako\u015b\u0107 snu, nie szukaj dalej. Nasza apteka internetowa oferuje bezpieczn\u0105, wygodn\u0105 i dyskretn\u0105 platform\u0119 do\u2026 <strong>Kup Zopiclone 7,5 mg online w Wielkiej Brytanii szybko<\/strong>. Jeste\u015bmy oddani obs\u0142udze naszych klient\u00f3w na ca\u0142ym \u015bwiecie <strong>Europa<\/strong> z uczciwo\u015bci\u0105 i wydajno\u015bci\u0105.<\/p>\n<p>Nie pozw\u00f3l, aby nieprzespane noce nadal zak\u0142\u00f3ca\u0142y Twoje \u017cycie. Wzmocnij si\u0119 dzi\u0119ki sprawdzonemu rozwi\u0105zaniu i do\u015bwiadcz korzy\u015bci p\u0142yn\u0105cych z dobrego snu. Z\u0142\u00f3\u017c zam\u00f3wienie ju\u017c dzi\u015b i zr\u00f3b pierwszy krok w kierunku bardziej wypocz\u0119tego i zrewitalizowanego \u017cycia. Jeste\u015bmy Twoim zaufanym sprzedawc\u0105 internetowym oferuj\u0105cym wysokiej jako\u015bci leki dostarczane dyskretnie. <strong>Hiszpania, W\u0142ochy, Niemcy, Holandia, Polska, Holandia, Europa i Wielka Brytania<\/strong>.<\/p>","protected":false},"excerpt":{"rendered":"<p>Masz problemy ze snem? Kup Zopiklon 7,5 mg online w Wielkiej Brytanii, aby szybko i skutecznie rozwi\u0105za\u0107 problem bezsenno\u015bci. Ten sprawdzony lek pomo\u017ce Ci szybko zasn\u0105\u0107 i cieszy\u0107 si\u0119 pe\u0142nym snem bez porannej senno\u015bci. Przekonaj si\u0119, jak dobry sen mo\u017ce wp\u0142yn\u0105\u0107 na Twoje samopoczucie. Zam\u00f3w ju\u017c dzi\u015b, a my dostarczymy Ci go b\u0142yskawicznie na terenie Wielkiej Brytanii.<\/p>","protected":false},"featured_media":10680,"template":"","meta":[],"product_brand":[],"product_cat":[404],"product_tag":[948,954,867,950,951,953,952,947,955,949],"class_list":{"0":"post-10650","1":"product","2":"type-product","3":"status-publish","4":"has-post-thumbnail","6":"product_cat-sleeping-pills","7":"product_tag-buy-zopiclone-online","8":"product_tag-discreet-zopiclone","9":"product_tag-european-pharmacy","10":"product_tag-fast-zopiclone-delivery","11":"product_tag-insomnia-treatment","12":"product_tag-no-prescription-zopiclone","13":"product_tag-sleep-aid","14":"product_tag-zopiclone-7-5mg","15":"product_tag-zopiclone-online-pharmacy","16":"product_tag-zopiclone-uk","18":"first","19":"instock","20":"sale","21":"shipping-taxable","22":"purchasable","23":"product-type-variable"},"_links":{"self":[{"href":"https:\/\/capsovia.com\/pl\/wp-json\/wp\/v2\/product\/10650","targetHints":{"allow":["GET"]}}],"collection":[{"href":"https:\/\/capsovia.com\/pl\/wp-json\/wp\/v2\/product"}],"about":[{"href":"https:\/\/capsovia.com\/pl\/wp-json\/wp\/v2\/types\/product"}],"version-history":[{"count":0,"href":"https:\/\/capsovia.com\/pl\/wp-json\/wp\/v2\/product\/10650\/revisions"}],"wp:featuredmedia":[{"embeddable":true,"href":"https:\/\/capsovia.com\/pl\/wp-json\/wp\/v2\/media\/10680"}],"wp:attachment":[{"href":"https:\/\/capsovia.com\/pl\/wp-json\/wp\/v2\/media?parent=10650"}],"wp:term":[{"taxonomy":"product_brand","embeddable":true,"href":"https:\/\/capsovia.com\/pl\/wp-json\/wp\/v2\/product_brand?post=10650"},{"taxonomy":"product_cat","embeddable":true,"href":"https:\/\/capsovia.com\/pl\/wp-json\/wp\/v2\/product_cat?post=10650"},{"taxonomy":"product_tag","embeddable":true,"href":"https:\/\/capsovia.com\/pl\/wp-json\/wp\/v2\/product_tag?post=10650"}],"curies":[{"name":"wp","href":"https:\/\/api.w.org\/{rel}","templated":true}]}}