{"id":10701,"date":"2024-10-04T17:56:40","date_gmt":"2024-10-04T17:56:40","guid":{"rendered":"https:\/\/pharmaplazaonline.com\/?post_type=product&#038;p=10701"},"modified":"2026-04-17T22:31:25","modified_gmt":"2026-04-17T22:31:25","slug":"diazepam-roche-10mg","status":"publish","type":"product","link":"https:\/\/capsovia.com\/pl\/product\/diazepam-roche-10mg\/","title":{"rendered":"Kup Diazepam Roche 10 mg online szybko"},"content":{"rendered":"<p>Odkryj niezawodny i dyskretny spos\u00f3b zakupu Diazepam Roche 10 mg. <strong>Kup Diazepam Roche 10 mg online szybko<\/strong> z naszej renomowanej europejskiej apteki internetowej, oferuj\u0105cej wysokiej jako\u015bci leki i szybk\u0105 dostaw\u0119 do Hiszpanii, W\u0142och, Niemiec, Holandii, Polski i Wielkiej Brytanii. Jeste\u015bmy dumni z tego, \u017ce jeste\u015bmy zaufanym dostawc\u0105 dla Twoich potrzeb farmaceutycznych.<\/p>\n<h2>Poznaj Diazepam Roche 10 mg: Tw\u00f3j zaufany \u015brodek na l\u0119k i rozlu\u017aniaj\u0105cy mi\u0119\u015bnie<\/h2>\n<p>Diazepam Roche 10 mg to silny lek z grupy benzodiazepin. Jest powszechnie znany ze swojej skuteczno\u015bci w leczeniu r\u00f3\u017cnych schorze\u0144, g\u0142\u00f3wnie zaburze\u0144 l\u0119kowych, skurcz\u00f3w mi\u0119\u015bni i napad\u00f3w padaczkowych. W naszej aptece internetowej zapewniamy, \u017ce\u2026 <strong>kup Diazepam Roche 10 mg online szybko<\/strong> z pewno\u015bci\u0105, \u017ce otrzymujesz oryginalny i wysokiej jako\u015bci produkt.<\/p>\n<h3>Kluczowe dane techniczne i sk\u0142ad:<\/h3>\n<p><em>   <strong>Substancja czynna:<\/strong> Diazepam<br \/>\n<\/em>   <strong>Wytrzyma\u0142o\u015b\u0107:<\/strong> 10 mg na tabletk\u0119\/kapsu\u0142k\u0119<br \/>\n<em>   <strong>Producent:<\/strong> Roche (globalnie uznana firma farmaceutyczna)<br \/>\n<\/em>   <strong>Klasa terapeutyczna:<\/strong> Benzodiazepina<br \/>\n<em>   <strong>Dost\u0119pne formularze:<\/strong> Zazwyczaj tabletki lub kapsu\u0142ki.<\/p>\n<h3>Do czego stosuje si\u0119 diazepam?<\/h3>\n<p>Diazepam to wszechstronny lek przepisywany w r\u00f3\u017cnych celach terapeutycznych. Kiedy <strong>kup Diazepam Roche 10 mg online szybko<\/strong>, nabywasz leczenie, kt\u00f3re mo\u017ce pom\u00f3c z\u0142agodzi\u0107:<\/p>\n<p><\/em>   <strong>Zaburzenia l\u0119kowe:<\/strong> Szczeg\u00f3lnie przydatny w kr\u00f3tkotrwa\u0142ym \u0142agodzeniu objaw\u00f3w zwi\u0105zanych z l\u0119kiem, atakami paniki i uog\u00f3lnionym zaburzeniem l\u0119kowym. Dzia\u0142a uspokajaj\u0105co na m\u00f3zg i uk\u0142ad nerwowy.<br \/>\n<em>   <strong>Skurcze mi\u0119\u015bni:<\/strong> Skuteczny w leczeniu mimowolnych skurcz\u00f3w i spazm\u00f3w mi\u0119\u015bni, cz\u0119sto zwi\u0105zanych z takimi schorzeniami jak m\u00f3zgowe pora\u017cenie dzieci\u0119ce czy t\u0119\u017cec.<br \/>\n<\/em>   <strong>Napady padaczkowe\/Epilepsja:<\/strong> Stosowany jako leczenie wspomagaj\u0105ce w niekt\u00f3rych typach napad\u00f3w padaczkowych oraz w leczeniu stanu padaczkowego.<br \/>\n<em>   <strong>Objawy odstawienia alkoholu:<\/strong> Mo\u017ce pom\u00f3c w \u0142agodzeniu przykrych objaw\u00f3w wyst\u0119puj\u0105cych w trakcie detoksykacji alkoholowej.<br \/>\n<\/em>   <strong>Sedacja przedoperacyjna:<\/strong> Czasami stosuje si\u0119 go przed zabiegami chirurgicznymi w celu uspokojenia i zmniejszenia l\u0119ku.<\/p>\n<h3>Jak dzia\u0142a diazepam?<\/h3>\n<p>Diazepam wzmacnia dzia\u0142anie neuroprzeka\u017anika zwanego kwasem gamma-aminomas\u0142owym (GABA) w m\u00f3zgu. GABA jest neuroprzeka\u017anikiem hamuj\u0105cym, co oznacza, \u017ce \u200b\u200bzmniejsza aktywno\u015b\u0107 kom\u00f3rek nerwowych. Zwi\u0119kszaj\u0105c dzia\u0142anie GABA, diazepam dzia\u0142a uspokajaj\u0105co na o\u015brodkowy uk\u0142ad nerwowy, co prowadzi do zmniejszenia l\u0119ku, rozlu\u017anienia mi\u0119\u015bni i uspokojenia.<\/p>\n<h3>Dawkowanie i spos\u00f3b podawania: Przewodnik po bezpiecznym stosowaniu<\/h3>\n<p>Rozumiemy, \u017ce chcesz <strong>kup Diazepam Roche 10 mg online szybko<\/strong>, ale odpowiedzialne stosowanie jest najwa\u017cniejsze. Dawkowanie leku Diazepam Roche 10 mg jest bardzo indywidualne i zale\u017cy od leczonego schorzenia, wieku pacjenta i jego og\u00f3lnego stanu zdrowia.<\/p>\n<p><em>   <strong>Og\u00f3lna dawka dla doros\u0142ych:<\/strong> W przypadku l\u0119ku, typowe dawki pocz\u0105tkowe wahaj\u0105 si\u0119 od 2 mg do 5 mg, dwa do czterech razy dziennie. W przypadku nasilonych stan\u00f3w l\u0119kowych lub napad\u00f3w paniki, dawki mo\u017cna zwi\u0119kszy\u0107 do 10 mg, dwa do czterech razy dziennie. W przypadku skurcz\u00f3w mi\u0119\u015bni, dawki mog\u0105 si\u0119 znacznie r\u00f3\u017cni\u0107, cz\u0119sto zaczynaj\u0105c od 5 mg i zwi\u0119kszaj\u0105c do 10 mg, trzy do czterech razy dziennie.<br \/>\n<\/em>   <strong>Pacjenci w podesz\u0142ym wieku:<\/strong> U pacjent\u00f3w w podesz\u0142ym wieku nale\u017cy znacznie zmniejszy\u0107 dawk\u0119 ze wzgl\u0119du na ich zwi\u0119kszon\u0105 wra\u017cliwo\u015b\u0107 na benzodiazepiny.<br \/>\n<em>   <strong>Dzieci:<\/strong> Dawk\u0119 dla dzieci ustala lekarz, dostosowuj\u0105c j\u0105 do wieku i masy cia\u0142a.<br \/>\n<\/em>   <strong>Administracja:<\/strong> Diazepam Roche 10 mg zazwyczaj przyjmuje si\u0119 doustnie, popijaj\u0105c wod\u0105. Mo\u017cna go przyjmowa\u0107 z posi\u0142kiem lub bez, ale zaleca si\u0119 zachowanie regularno\u015bci. Lekarz doradzi najlepszy czas przyjmowania.<br \/>\n<em>   <strong>Czas trwania leczenia:<\/strong> Benzodiazepiny, takie jak diazepam, zaleca si\u0119 zazwyczaj do kr\u00f3tkotrwa\u0142ego stosowania w celu zminimalizowania ryzyka uzale\u017cnienia i tolerancji.<\/p>\n<p><strong>Wa\u017cna uwaga:<\/strong> Zawsze nale\u017cy przestrzega\u0107 zalece\u0144 lekarza przepisuj\u0105cego lek lub zalece\u0144 na opakowaniu. Samodzielne stosowanie leku lub przekraczanie zalecanej dawki mo\u017ce by\u0107 niebezpieczne.<\/p>\n<h2>Korzy\u015bci z wyboru Diazepamu Roche 10 mg<\/h2>\n<p>Kiedy ty <strong>kup Diazepam Roche 10 mg online szybko<\/strong> w naszej zaufanej europejskiej aptece mo\u017cesz liczy\u0107 na:<\/p>\n<p><\/em>   <strong>Szybka ulga:<\/strong> Poczuj szybk\u0105 ulg\u0119 w objawach l\u0119ku i skurczach mi\u0119\u015bni.<br \/>\n<em>   <strong>Udowodniona skuteczno\u015b\u0107:<\/strong> Diazepam jest lekiem o sprawdzonej skuteczno\u015bci klinicznej, ciesz\u0105cym si\u0119 d\u0142ug\u0105 histori\u0105.<br \/>\n<\/em>   <strong>Renomowany producent:<\/strong> Roche to globalna, zaufana marka farmaceutyczna, gwarantuj\u0105ca jako\u015b\u0107 i bezpiecze\u0144stwo produkt\u00f3w.<br \/>\n<em>   <strong>Wygoda:<\/strong> Zam\u00f3w leki, nie wychodz\u0105c z domu, a my dyskretnie je dostarczymy.<br \/>\n<\/em>   <strong>Dyskretna wysy\u0142ka:<\/strong> Rozumiemy, jak wa\u017cna jest prywatno\u015b\u0107, dlatego dbamy o to, aby wszystkie przesy\u0142ki by\u0142y obs\u0142ugiwane z zachowaniem najwy\u017cszej dyskrecji w ca\u0142ej Europie i Wielkiej Brytanii.<\/p>\n<h2>Potencjalne skutki uboczne i \u015brodki ostro\u017cno\u015bci<\/h2>\n<p>Chocia\u017c Diazepam Roche 10 mg jest wysoce skuteczny, jak wszystkie leki, mo\u017ce powodowa\u0107 dzia\u0142ania niepo\u017c\u0105dane. Wa\u017cne jest, aby o tym wiedzie\u0107 przed za\u017cyciem. <strong>kup Diazepam Roche 10 mg online szybko<\/strong>.<\/p>\n<h3>Cz\u0119ste skutki uboczne:<\/h3>\n<p><em>   Senno\u015b\u0107 lub ospa\u0142o\u015b\u0107<br \/>\n<\/em>   Zawr\u00f3t g\u0142owy<br \/>\n<em>   Zm\u0119czenie<br \/>\n<\/em>   Os\u0142abienie mi\u0119\u015bni<br \/>\n<em>   Problemy z koordynacj\u0105 (ataksja)<\/p>\n<h3>Mniej powszechne skutki uboczne:<\/h3>\n<p><\/em>   Dezorientacja<br \/>\n<em>   B\u00f3l g\u0142owy<br \/>\n<\/em>   Os\u0142abienie pami\u0119ci<br \/>\n<em>   Zmiany libido<br \/>\n<\/em>   Zaburzenia \u017co\u0142\u0105dkowo-jelitowe (np. nudno\u015bci, zaparcia)<br \/>\n<em>   Wysypki sk\u00f3rne<\/p>\n<h3>Powa\u017cne skutki uboczne (w przypadku wyst\u0105pienia nale\u017cy natychmiast zwr\u00f3ci\u0107 si\u0119 o pomoc lekarsk\u0105):<\/h3>\n<p><\/em>   Ci\u0119\u017ckie reakcje alergiczne (trudno\u015bci w oddychaniu, obrz\u0119k twarzy, warg, j\u0119zyka lub gard\u0142a)<br \/>\n<em>   Reakcje paradoksalne (np. zwi\u0119kszone pobudzenie, agresja, halucynacje)<br \/>\n<\/em>   My\u015bli lub zachowania samob\u00f3jcze<br \/>\n<em>   Depresja oddechowa (powolny lub p\u0142ytki oddech)<br \/>\n<\/em>   Ci\u0119\u017cka \u017c\u00f3\u0142taczka<\/p>\n<h3>\u015arodki ostro\u017cno\u015bci i przeciwwskazania:<\/h3>\n<p><em>   <strong>Ci\u0105\u017ca i karmienie piersi\u0105:<\/strong> Diazepam mo\u017ce by\u0107 szkodliwy dla nienarodzonego dziecka i przenika\u0107 do mleka matki. Nale\u017cy go unika\u0107 w ci\u0105\u017cy, podczas planowania ci\u0105\u017cy lub karmienia piersi\u0105, chyba \u017ce lekarz zaleci inaczej.<br \/>\n<\/em>   <strong>Alkohol i inne \u015brodki depresyjne o\u015brodkowego uk\u0142adu nerwowego:<\/strong> Unikaj spo\u017cywania alkoholu lub innych substancji, kt\u00f3re dzia\u0142aj\u0105 depresyjnie na o\u015brodkowy uk\u0142ad nerwowy (np. opioid\u00f3w i innych lek\u00f3w uspokajaj\u0105cych), poniewa\u017c mo\u017ce to niebezpiecznie nasili\u0107 dzia\u0142ania niepo\u017c\u0105dane.<br \/>\n<em>   <strong>Prowadzenie pojazd\u00f3w i obs\u0142uga maszyn:<\/strong> Ze wzgl\u0119du na dzia\u0142anie uspokajaj\u0105ce diazepam mo\u017ce upo\u015bledza\u0107 zdolno\u015b\u0107 prowadzenia pojazd\u00f3w i obs\u0142ugiwania ci\u0119\u017ckich maszyn.<br \/>\n<\/em>   <strong>Uzale\u017cnienie i zesp\u00f3\u0142 odstawienny:<\/strong> D\u0142ugotrwa\u0142e stosowanie diazepamu mo\u017ce prowadzi\u0107 do uzale\u017cnienia fizycznego i psychicznego. Nag\u0142e przerwanie stosowania mo\u017ce wywo\u0142a\u0107 objawy odstawienne, takie jak l\u0119k, bezsenno\u015b\u0107, dr\u017cenie, a w ci\u0119\u017ckich przypadkach drgawki. Dawk\u0119 leku nale\u017cy stopniowo zmniejsza\u0107 pod nadzorem lekarza.<br \/>\n<em>   <strong>Podstawowe schorzenia:<\/strong> Osoby z powa\u017cnymi problemami uk\u0142adu oddechowego, chorobami w\u0105troby lub nerek, a tak\u017ce osoby nadu\u017cywaj\u0105ce substancji psychoaktywnych powinny zachowa\u0107 szczeg\u00f3ln\u0105 ostro\u017cno\u015b\u0107 podczas stosowania diazepamu.<br \/>\n<\/em>   <strong>Interakcje lek\u00f3w:<\/strong> Diazepam mo\u017ce wchodzi\u0107 w interakcje z innymi lekami. Zawsze informuj lekarza lub farmaceut\u0119 o wszystkich przyjmowanych lekach.<\/p>\n<h2>Dlaczego warto wybra\u0107 nasz\u0105 aptek\u0119 internetow\u0105, aby szybko kupi\u0107 Diazepam Roche 10 mg?<\/h2>\n<p>Zale\u017cy nam na zapewnieniu naszym europejskim klientom bezpiecznej, niezawodnej i dyskretnej obs\u0142ugi. Kiedy <strong>kup Diazepam Roche 10 mg online szybko<\/strong>, wybierasz:<\/p>\n<p><em>   <strong>Autentyczne leki:<\/strong> Nasze produkty pochodz\u0105 od renomowanych producent\u00f3w, co gwarantuje autentyczno\u015b\u0107 i jako\u015b\u0107 leku Diazepam Roche 10 mg.<br \/>\n<\/em>   <strong>Bezpieczne zamawianie online:<\/strong> Nasza strona internetowa korzysta z solidnych \u015brodk\u00f3w bezpiecze\u0144stwa w celu ochrony Twoich danych osobowych i informacji p\u0142atniczych.<br \/>\n<em>   <strong>Dyskretne opakowanie:<\/strong> Twoja prywatno\u015b\u0107 jest naszym priorytetem. Wszystkie zam\u00f3wienia wysy\u0142amy w prostym, dyskretnym opakowaniu, bez zewn\u0119trznych oznacze\u0144 zawarto\u015bci.<br \/>\n<\/em>   <strong>Szybka i niezawodna wysy\u0142ka:<\/strong> Oferujemy szybk\u0105 dostaw\u0119 do Hiszpanii, W\u0142och, Niemiec, Holandii, Polski i Wielkiej Brytanii. \u015aled\u017a swoje zam\u00f3wienie, aby mie\u0107 spok\u00f3j ducha.<br \/>\n<em>   <strong>Obs\u0142uga klienta:<\/strong> Nasz oddany zesp\u00f3\u0142 obs\u0142ugi klienta jest do Twojej dyspozycji, aby odpowiedzie\u0107 na Twoje pytania i zapewni\u0107 pomoc w ca\u0142ym procesie sk\u0142adania zam\u00f3wienia.<br \/>\n<\/em>   <strong>Nie jest wymagana recepta (dla tej konkretnej oferty):<\/strong> Rozumiemy, \u017ce w pewnych okoliczno\u015bciach natychmiastowy dost\u0119p jest kluczowy. Zapewniamy prosty spos\u00f3b na otrzymanie leku bez recepty. <em>dla tego produktu<\/em>. Zawsze jednak zach\u0119camy do konsultacji z lekarzem w celu uzyskania spersonalizowanej porady medycznej.<\/p>\n<h2>Wnioski: Twoje zaufane \u017ar\u00f3d\u0142o szybkiego zakupu Diazepamu Roche 10 mg online<\/h2>\n<p>Je\u015bli szukasz niezawodnego i szybkiego sposobu na <strong>kup Diazepam Roche 10 mg online szybko<\/strong>Nasza europejska apteka to Tw\u00f3j priorytet. Oferujemy oryginalny Diazepam Roche 10 mg, a tak\u017ce zapewniamy dyskretn\u0105 wysy\u0142k\u0119 i doskona\u0142\u0105 obs\u0142ug\u0119 klienta, co czyni nas zaufanym partnerem w zakresie zaspokajania Twoich potrzeb farmaceutycznych w Europie i Wielkiej Brytanii. Postaw na swoje dobre samopoczucie, wybieraj\u0105c bezpieczny i skuteczny spos\u00f3b dost\u0119pu do tego niezb\u0119dnego leku.<\/p>","protected":false},"excerpt":{"rendered":"<p>Szukasz szybkiej ulgi? Kup Diazepam Roche 10 mg online i skorzystaj z naszej szybkiej dostawy w ca\u0142ej Wielkiej Brytanii. Ten sprawdzony lek jest stosowany w leczeniu l\u0119ku, odstawienia alkoholu i r\u00f3\u017cnych procedur medycznych. Przed u\u017cyciem zapoznaj si\u0119 ze wszystkimi wa\u017cnymi informacjami dotycz\u0105cymi bezpiecze\u0144stwa.<\/p>","protected":false},"featured_media":10724,"template":"","meta":[],"product_brand":[],"product_cat":[439],"product_tag":[929,928,924,932,925,931,867,927,930,926],"class_list":{"0":"post-10701","1":"product","2":"type-product","3":"status-publish","4":"has-post-thumbnail","6":"product_cat-anxiety-pills","7":"product_tag-anxiety-medication","8":"product_tag-buy-benzodiazepines","9":"product_tag-buy-diazepam-roche-10mg","10":"product_tag-diazepam-germany","11":"product_tag-diazepam-online","12":"product_tag-diazepam-uk","13":"product_tag-european-pharmacy","14":"product_tag-fast-diazepam-delivery","15":"product_tag-muscle-relaxant","16":"product_tag-roche-10mg","18":"first","19":"instock","20":"shipping-taxable","21":"purchasable","22":"product-type-variable"},"_links":{"self":[{"href":"https:\/\/capsovia.com\/pl\/wp-json\/wp\/v2\/product\/10701","targetHints":{"allow":["GET"]}}],"collection":[{"href":"https:\/\/capsovia.com\/pl\/wp-json\/wp\/v2\/product"}],"about":[{"href":"https:\/\/capsovia.com\/pl\/wp-json\/wp\/v2\/types\/product"}],"version-history":[{"count":0,"href":"https:\/\/capsovia.com\/pl\/wp-json\/wp\/v2\/product\/10701\/revisions"}],"wp:featuredmedia":[{"embeddable":true,"href":"https:\/\/capsovia.com\/pl\/wp-json\/wp\/v2\/media\/10724"}],"wp:attachment":[{"href":"https:\/\/capsovia.com\/pl\/wp-json\/wp\/v2\/media?parent=10701"}],"wp:term":[{"taxonomy":"product_brand","embeddable":true,"href":"https:\/\/capsovia.com\/pl\/wp-json\/wp\/v2\/product_brand?post=10701"},{"taxonomy":"product_cat","embeddable":true,"href":"https:\/\/capsovia.com\/pl\/wp-json\/wp\/v2\/product_cat?post=10701"},{"taxonomy":"product_tag","embeddable":true,"href":"https:\/\/capsovia.com\/pl\/wp-json\/wp\/v2\/product_tag?post=10701"}],"curies":[{"name":"wp","href":"https:\/\/api.w.org\/{rel}","templated":true}]}}