{"id":10708,"date":"2024-10-04T17:56:40","date_gmt":"2024-10-04T17:56:40","guid":{"rendered":"https:\/\/pharmaplazaonline.com\/?post_type=product&#038;p=10708"},"modified":"2026-04-17T22:31:45","modified_gmt":"2026-04-17T22:31:45","slug":"diazepam-shalina-10mg","status":"publish","type":"product","link":"https:\/\/capsovia.com\/pl\/product\/diazepam-shalina-10mg\/","title":{"rendered":"Kup Diazepam Shalina 10 mg online ju\u017c teraz"},"content":{"rendered":"<h2>Kup Diazepam Shalina 10 mg online ju\u017c teraz \u2013 Twoje zaufane \u017ar\u00f3d\u0142o lek\u00f3w na l\u0119k w Europie<\/h2>\n<p>Zmagasz si\u0119 z przyt\u0142aczaj\u0105cym l\u0119kiem, skurczami mi\u0119\u015bni lub bezsenno\u015bci\u0105? Znalezienie skutecznej i dost\u0119pnej ulgi jest kluczowe dla odzyskania dobrego samopoczucia. W naszej renomowanej aptece internetowej rozumiemy wyzwania, z jakimi boryka si\u0119 wiele os\u00f3b, szukaj\u0105c niezb\u0119dnych lek\u00f3w. Dlatego zapewniamy \u0142atwy i dyskretny dost\u0119p do\u2026 <strong>Kup Diazepam Shalina 10 mg online ju\u017c teraz<\/strong>oferuj\u0105c niezawodne rozwi\u0105zania dla os\u00f3b z Hiszpanii, W\u0142och, Niemiec, Holandii, Polski i szerszego regionu europejskiego, \u0142\u0105cznie z Wielk\u0105 Brytani\u0105.<\/p>\n<p>Jeste\u015bmy zaufanym sprzedawc\u0105 internetowym, kt\u00f3ry specjalizuje si\u0119 w dostarczaniu wysokiej jako\u015bci produkt\u00f3w farmaceutycznych, zar\u00f3wno na recept\u0119, jak i bez recepty. Nasze zaanga\u017cowanie w zapewnienie dost\u0119pno\u015bci oznacza, \u017ce \u200b\u200bmo\u017cesz kupi\u0107 Diazepam Shalina 10 mg bez recepty, co usprawnia drog\u0119 do komfortu i spokoju ducha. Jeste\u015bmy dumni z bycia niezawodnym \u017ar\u00f3d\u0142em lek\u00f3w, dbaj\u0105c o to, aby ka\u017cdy oferowany przez nas produkt spe\u0142nia\u0142 rygorystyczne standardy jako\u015bci. Wybieraj\u0105c\u2026 <strong>Kup Diazepam Shalina 10 mg online<\/strong> Wybieraj\u0105c nas, wybierasz partnera dbaj\u0105cego o Twoje zdrowie i wygod\u0119.<\/p>\n<h3>Zrozumienie dzia\u0142ania leku Diazepam Shalina 10 mg: czym jest i jak dzia\u0142a<\/h3>\n<p>Diazepam, szczeg\u00f3lnie znany z marki Shalina, to dobrze znany lek z grupy benzodiazepin. Leki te dzia\u0142aj\u0105 poprzez wzmocnienie dzia\u0142ania neuroprzeka\u017anika zwanego kwasem gamma-aminomas\u0142owym (GABA) w m\u00f3zgu. GABA dzia\u0142a uspokajaj\u0105co na o\u015brodkowy uk\u0142ad nerwowy, a poprzez zwi\u0119kszenie jego aktywno\u015bci, diazepam pomaga zmniejszy\u0107 nadmiern\u0105 aktywno\u015b\u0107 m\u00f3zgu, daj\u0105c poczucie relaksu i spokoju.<\/p>\n<p>Shalina Healthcare to uznana firma farmaceutyczna, znana z produkcji niedrogich i wysokiej jako\u015bci lek\u00f3w. Diazepam Shalina 10 mg zosta\u0142 opracowany z my\u015bl\u0105 o sta\u0142ej skuteczno\u015bci, co czyni go popularnym wyborem w leczeniu wielu schorze\u0144.<\/p>\n<h3>G\u0142\u00f3wne zastosowania i korzy\u015bci Diazepamu Shalina 10 mg<\/h3>\n<p>Wszechstronno\u015b\u0107 leku Diazepam Shalina 10 mg sprawia, \u017ce \u200b\u200bjest on cennym narz\u0119dziem w radzeniu sobie z wieloma problemami zdrowotnymi. <strong>Kup Diazepam Shalina 10 mg online ju\u017c teraz<\/strong>, szukasz rozwi\u0105zania dla:<\/p>\n<p><em>   <strong>Zaburzenia l\u0119kowe:<\/strong> Diazepam jest wysoce skuteczny w kr\u00f3tkotrwa\u0142ym leczeniu objaw\u00f3w l\u0119ku, takich jak nerwowo\u015b\u0107, niepok\u00f3j i nadmierny niepok\u00f3j. Mo\u017ce \u0142agodzi\u0107 fizyczne i emocjonalne cierpienie zwi\u0105zane z r\u00f3\u017cnymi stanami l\u0119kowymi, pomagaj\u0105c pacjentom odzyska\u0107 kontrol\u0119 nad swoim \u017cyciem.<br \/>\n<\/em>   <strong>Skurcze mi\u0119\u015bni:<\/strong> Jego w\u0142a\u015bciwo\u015bci rozlu\u017aniaj\u0105ce mi\u0119\u015bnie sprawiaj\u0105, \u017ce jest on skuteczny w leczeniu skurcz\u00f3w i sztywno\u015bci spowodowanych schorzeniami takimi jak m\u00f3zgowe pora\u017cenie dzieci\u0119ce czy urazy. Mo\u017ce to znacznie poprawi\u0107 mobilno\u015b\u0107 i zmniejszy\u0107 dyskomfort.<br \/>\n<em>   <strong>Kontrola napad\u00f3w padaczkowych (terapia wspomagaj\u0105ca):<\/strong> W niekt\u00f3rych przypadkach diazepam stosuje si\u0119 jako terapi\u0119 wspomagaj\u0105c\u0105 w leczeniu pewnych typ\u00f3w napad\u00f3w padaczkowych, cho\u0107 zazwyczaj odbywa si\u0119 to pod \u015bcis\u0142ym nadzorem lekarza.<br \/>\n<\/em>   <strong>Bezsenno\u015b\u0107:<\/strong> W kr\u00f3tkotrwa\u0142ym leczeniu zaburze\u0144 snu Diazepam mo\u017ce pom\u00f3c w za\u015bni\u0119ciu, rozwi\u0105zuj\u0105c problemy z zasypianiem lub utrzymaniem snu.<br \/>\n<em>   <strong>Zesp\u00f3\u0142 abstynencyjny alkoholowy:<\/strong> Lek mo\u017cna stosowa\u0107 w celu \u0142agodzenia ostrych objaw\u00f3w odstawienia alkoholu, takich jak pobudzenie, dr\u017cenie i l\u0119k.<\/p>\n<p>Podstawow\u0105 korzy\u015bci\u0105 p\u0142yn\u0105c\u0105 z wyboru <strong>Kup Diazepam Shalina 10 mg online<\/strong> To szybka i skuteczna ulga, jak\u0105 zapewnia w uci\u0105\u017cliwych objawach. Oferuje drog\u0119 do poprawy jako\u015bci \u017cycia poprzez zmniejszenie wp\u0142ywu tych schorze\u0144 na codzienne funkcjonowanie.<\/p>\n<h3>Dawkowanie i spos\u00f3b podawania: Jak przyjmowa\u0107 Diazepam Shalina 10 mg<\/h3>\n<p>Dok\u0142adne dawkowanie jest kluczowe dla bezpiecznego i skutecznego stosowania ka\u017cdego leku. Kiedy <strong>Kup Diazepam Shalina 10 mg online<\/strong>, niezwykle istotne jest przestrzeganie zalecanej dawki lub dawki przepisanej przez lekarza.<\/p>\n<p><\/em>   <strong>Typowe dawkowanie:<\/strong> W przypadku doros\u0142ych, zazwyczaj stosowana dawka pocz\u0105tkowa w leczeniu l\u0119ku wynosi od 2 mg do 10 mg, przyjmowana 2 do 4 razy dziennie. Dawk\u0119 mo\u017cna jednak dostosowa\u0107 w zale\u017cno\u015bci od nasilenia objaw\u00f3w i indywidualnej reakcji.<br \/>\n<em>   <strong>W przypadku skurcz\u00f3w mi\u0119\u015bni:<\/strong> Dawki zwykle mieszcz\u0105 si\u0119 w zakresie od 5 mg do 10 mg i s\u0105 przyjmowane 3 do 4 razy dziennie.<br \/>\n<\/em>   <strong>Na bezsenno\u015b\u0107:<\/strong> Zazwyczaj przyjmuje si\u0119 pojedyncz\u0105 dawk\u0119 od 5 mg do 15 mg przed snem.<br \/>\n<em>   <strong>Pacjenci w podesz\u0142ym wieku:<\/strong> Pacjentom w podesz\u0142ym wieku cz\u0119sto zaleca si\u0119 ni\u017csze dawki ze wzgl\u0119du na potencjaln\u0105 zwi\u0119kszon\u0105 wra\u017cliwo\u015b\u0107.<br \/>\n<\/em>   <strong>Administracja:<\/strong> Tabletki Diazepamu Shalina 10 mg nale\u017cy po\u0142yka\u0107 w ca\u0142o\u015bci, popijaj\u0105c szklank\u0105 wody. Mo\u017cna je przyjmowa\u0107 z posi\u0142kiem lub bez.<\/p>\n<p><strong>Wa\u017cna uwaga:<\/strong> Nale\u017cy \u015bci\u015ble przestrzega\u0107 zalece\u0144 dotycz\u0105cych dawkowania. Nie nale\u017cy przekracza\u0107 zalecanej dawki ani stosowa\u0107 leku d\u0142u\u017cej ni\u017c zalecono. D\u0142ugotrwa\u0142e stosowanie mo\u017ce prowadzi\u0107 do uzale\u017cnienia. W razie w\u0105tpliwo\u015bci co do dawkowania dla konkretnych potrzeb, zawsze zaleca si\u0119 konsultacj\u0119 z lekarzem. Pami\u0119taj, \u017ce\u2026 <strong>Kup Diazepam Shalina 10 mg online<\/strong> my dostarczamy leki, ale nadal niezb\u0119dna jest profesjonalna porada lekarska.<\/p>\n<h3>Potencjalne skutki uboczne leku Diazepam Shalina 10 mg<\/h3>\n<p>Jak ka\u017cdy lek, Diazepam Shalina 10 mg mo\u017ce powodowa\u0107 dzia\u0142ania niepo\u017c\u0105dane, cho\u0107 nie u ka\u017cdego one wyst\u0105pi\u0105. Wa\u017cne jest, aby by\u0107 \u015bwiadomym tych potencjalnych reakcji, aby m\u00f3c je odpowiednio leczy\u0107. Je\u015bli\u2026 <strong>Kup Diazepam Shalina 10 mg online<\/strong>, powiniene\u015b zosta\u0107 poinformowany o mo\u017cliwych skutkach ubocznych:<\/p>\n<p><strong>Cz\u0119ste skutki uboczne:<\/strong><\/p>\n<p><em>   Senno\u015b\u0107 i zm\u0119czenie<br \/>\n<\/em>   Zawr\u00f3t g\u0142owy<br \/>\n<em>   Os\u0142abienie mi\u0119\u015bni<br \/>\n<\/em>   Niewyra\u017ane widzenie<br \/>\n<em>   B\u00f3l g\u0142owy<br \/>\n<\/em>   Dezorientacja<br \/>\n<em>   Sucho\u015b\u0107 w ustach<\/p>\n<p><strong>Mniej powszechne, ale powa\u017cne skutki uboczne:<\/strong><\/p>\n<p><\/em>   <strong>Uzale\u017cnienie i zesp\u00f3\u0142 odstawienny:<\/strong> D\u0142ugotrwa\u0142e stosowanie mo\u017ce prowadzi\u0107 do uzale\u017cnienia fizycznego i psychicznego. Nag\u0142e przerwanie stosowania leku po d\u0142u\u017cszym okresie stosowania mo\u017ce skutkowa\u0107 objawami odstawiennymi, takimi jak l\u0119k, bezsenno\u015b\u0107, dr\u017cenie, skurcze mi\u0119\u015bni, a nawet drgawki.<br \/>\n<em>   <strong>Reakcje paradoksalne:<\/strong> W rzadkich przypadkach zamiast dzia\u0142ania uspokajaj\u0105cego, Diazepam mo\u017ce powodowa\u0107 wzmo\u017cone pobudzenie, agresj\u0119 lub halucynacje.<br \/>\n<\/em>   <strong>Depresja oddechowa:<\/strong> Diazepam mo\u017ce powodowa\u0107 spowolnienie oddechu, zw\u0142aszcza w przypadku przyjmowania du\u017cych dawek lub w po\u0142\u0105czeniu z innymi \u015brodkami dzia\u0142aj\u0105cymi depresyjnie na o\u015brodkowy uk\u0142ad nerwowy (np. alkoholem lub opioidami).<br \/>\n<em>   <strong>Upo\u015bledzenie pami\u0119ci:<\/strong> U niekt\u00f3rych u\u017cytkownik\u00f3w mo\u017ce wyst\u0105pi\u0107 amnezja anterogradowa, oznaczaj\u0105ca trudno\u015bci w tworzeniu nowych wspomnie\u0144.<\/p>\n<p><strong>Je\u015bli wyst\u0105pi\u0105 jakiekolwiek powa\u017cne lub d\u0142ugotrwa\u0142e skutki uboczne, nale\u017cy natychmiast zwr\u00f3ci\u0107 si\u0119 o pomoc lekarsk\u0105.<\/strong> Zawsze informuj lekarza lub farmaceut\u0119 o wszystkich przyjmowanych lekach, tak\u017ce tych dost\u0119pnych bez recepty i suplementach, aby unikn\u0105\u0107 potencjalnych interakcji.<\/p>\n<h3>Przeciwwskazania i \u015brodki ostro\u017cno\u015bci dla leku Diazepam Shalina 10 mg<\/h3>\n<p>Zanim ty <strong>Kup Diazepam Shalina 10 mg online<\/strong>Prosimy o uwzgl\u0119dnienie poni\u017cszych przeciwwskaza\u0144 i \u015brodk\u00f3w ostro\u017cno\u015bci w celu zapewnienia bezpiecze\u0144stwa:<\/p>\n<p><\/em>   <strong>Alergie:<\/strong> Nie nale\u017cy przyjmowa\u0107 leku Diazepam, je\u015bli wyst\u0119puje uczulenie na diazepam lub inne benzodiazepiny.<br \/>\n<em>   <strong>Miastenia gravis:<\/strong> Leku nie powinni stosowa\u0107 pacjenci z miasteni\u0105 gravis, schorzeniem powoduj\u0105cym os\u0142abienie mi\u0119\u015bni.<br \/>\n<\/em>   <strong>Ci\u0119\u017cka niewydolno\u015b\u0107 oddechowa:<\/strong> Nale\u017cy zachowa\u0107 ostro\u017cno\u015b\u0107 w przypadku os\u00f3b z powa\u017cnymi problemami z oddychaniem.<br \/>\n<em>   <strong>Ci\u0119\u017cka niewydolno\u015b\u0107 w\u0105troby lub nerek:<\/strong> Stosowa\u0107 ostro\u017cnie u pacjent\u00f3w z zaburzeniami czynno\u015bci w\u0105troby lub nerek.<br \/>\n<\/em>   <strong>Bezdech senny:<\/strong> Diazepam mo\u017ce nasila\u0107 bezdech senny.<br \/>\n<em>   <strong>Alkohol i inne \u015brodki uspokajaj\u0105ce:<\/strong> Podczas przyjmowania diazepamu nale\u017cy unika\u0107 alkoholu i innych \u015brodk\u00f3w dzia\u0142aj\u0105cych depresyjnie na o\u015brodkowy uk\u0142ad nerwowy, poniewa\u017c mo\u017ce to znacznie zwi\u0119kszy\u0107 ryzyko wyst\u0105pienia niebezpiecznych dzia\u0142a\u0144 niepo\u017c\u0105danych, w tym depresji oddechowej i g\u0142\u0119bokiego uspokojenia.<br \/>\n<\/em>   <strong>Ci\u0105\u017ca i karmienie piersi\u0105:<\/strong> Diazepam nie jest zazwyczaj zalecany w okresie ci\u0105\u017cy i karmienia piersi\u0105 ze wzgl\u0119du na potencjalne ryzyko dla p\u0142odu lub niemowl\u0119cia. Skonsultuj si\u0119 z lekarzem, je\u015bli jeste\u015b w ci\u0105\u017cy, planujesz ci\u0105\u017c\u0119 lub karmisz piersi\u0105.<br \/>\n<em>   <strong>Prowadzenie pojazd\u00f3w i obs\u0142uga maszyn:<\/strong> Diazepam mo\u017ce upo\u015bledza\u0107 zdolno\u015b\u0107 prowadzenia pojazd\u00f3w i obs\u0142ugiwania ci\u0119\u017ckich maszyn ze wzgl\u0119du na swoje dzia\u0142anie uspokajaj\u0105ce. Unikaj tych czynno\u015bci, dop\u00f3ki nie b\u0119dziesz pewien, jak lek na Ciebie dzia\u0142a.<\/p>\n<h3>Dlaczego warto kupi\u0107 Diazepam Shalina 10 mg online w\u0142a\u015bnie u nas?<\/h3>\n<p>Kiedy zdecydujesz si\u0119 <strong>Kup Diazepam Shalina 10 mg online<\/strong>Szukasz partnera, kt\u00f3remu mo\u017cesz zaufa\u0107. Nasza apteka internetowa oferuje kilka kluczowych korzy\u015bci:<\/p>\n<p><\/em>   <strong>Reputacja i niezawodno\u015b\u0107:<\/strong> Jeste\u015bmy renomowan\u0105 aptek\u0105 internetow\u0105 w Hiszpanii, kt\u00f3rej misj\u0105 jest dostarczanie oryginalnych i wysokiej jako\u015bci lek\u00f3w. Naszym celem jest stanie si\u0119 zaufanym sprzedawc\u0105, na kt\u00f3rym mo\u017cna polega\u0107 w zakresie potrzeb farmaceutycznych w ca\u0142ej Europie.<br \/>\n<em>   <strong>Nie wymaga recepty:<\/strong> Rozumiemy, \u017ce uzyskanie recepty mo\u017ce czasami stanowi\u0107 barier\u0119. Oferujemy wygod\u0119 zakupu Diazepamu Shalina 10 mg bez recepty, dzi\u0119ki czemu ulga jest \u0142atwiej dost\u0119pna.<br \/>\n<\/em>   <strong>Dyskretna wysy\u0142ka w Europie:<\/strong> Twoja prywatno\u015b\u0107 jest dla nas priorytetem. Oferujemy dyskretn\u0105 wysy\u0142k\u0119 do Hiszpanii, W\u0142och, Niemiec, Holandii, Polski i Wielkiej Brytanii. Twoje zam\u00f3wienie dotrze bezpiecznie i bez \u017cadnych zewn\u0119trznych \u015blad\u00f3w zawarto\u015bci, zapewniaj\u0105c Ci spok\u00f3j ducha.<br \/>\n<em>   <strong>Konkurencyjne ceny:<\/strong> Staramy si\u0119 oferowa\u0107 konkurencyjne ceny na Diazepam Shalina 10 mg i inne leki, dzi\u0119ki czemu niezb\u0119dne zabiegi staj\u0105 si\u0119 bardziej przyst\u0119pne cenowo dla naszych europejskich klient\u00f3w.<br \/>\n<\/em>   <strong>Platforma przyjazna u\u017cytkownikowi:<\/strong> Nasza strona internetowa zosta\u0142a zaprojektowana z my\u015bl\u0105 o \u0142atwo\u015bci u\u017cytkowania, umo\u017cliwiaj\u0105c szybkie i sprawne znalezienie, zam\u00f3wienie i otrzymanie lek\u00f3w.<br \/>\n*   <strong>Zapewnienie jako\u015bci:<\/strong> Nasze leki pochodz\u0105 od zaufanych producent\u00f3w, co pozwala nam mie\u0107 pewno\u015b\u0107, \u017ce ka\u017cdy produkt spe\u0142nia najwy\u017csze standardy jako\u015bci i bezpiecze\u0144stwa.<\/p>\n<h3>Cz\u0119sto zadawane pytania dotycz\u0105ce zakupu diazepamu online<\/h3>\n<p><strong>Czy naprawd\u0119 mog\u0119 kupi\u0107 Diazepam Shalina 10 mg bez recepty tutaj?<\/strong><br \/>\nTak, jako renomowana apteka internetowa, oferujemy wygod\u0119 zakupu Diazepamu Shalina 10 mg bez recepty. Zawsze jednak zalecamy konsultacj\u0119 z lekarzem w celu uzyskania spersonalizowanej porady medycznej.<\/p>\n<p><strong>Czy to jest oryginalny Diazepam Shalina 10 mg?<\/strong><br \/>\nZdecydowanie. Jeste\u015bmy zaufanym sprzedawc\u0105 internetowym, kt\u00f3ry dba o dostarczanie autentycznych produkt\u00f3w farmaceutycznych. Twoje zdrowie i bezpiecze\u0144stwo s\u0105 dla nas priorytetem, dlatego dbamy o jako\u015b\u0107 i skuteczno\u015b\u0107 ka\u017cdego oferowanego przez nas leku.<\/p>\n<p><strong>Jak dyskretna jest Twoja wysy\u0142ka?<\/strong><br \/>\nNasza wysy\u0142ka jest niezwykle dyskretna. Wszystkie zam\u00f3wienia s\u0105 pakowane bezpiecznie i anonimowo. Opakowanie zewn\u0119trzne nie ujawnia zawarto\u015bci zam\u00f3wienia, co zapewnia prywatno\u015b\u0107 w ca\u0142ym procesie dostawy. Wysy\u0142amy dyskretnie do Hiszpanii, W\u0142och, Niemiec, Holandii, Polski, Europy i Wielkiej Brytanii.<\/p>\n<p><strong>Jaki jest czas dostawy?<\/strong><br \/>\nCzas dostawy mo\u017ce si\u0119 r\u00f3\u017cni\u0107 w zale\u017cno\u015bci od Twojej lokalizacji w Europie. Po z\u0142o\u017ceniu zam\u00f3wienia na Diazepam Shalina 10 mg online, podczas finalizacji zam\u00f3wienia otrzymasz szacowany czas dostawy. Zale\u017cy nam na szybkiej i niezawodnej dostawie.<\/p>\n<p><strong>Co zrobi\u0107, je\u015bli wyst\u0105pi u mnie silna reakcja na diazepam?<\/strong><br \/>\nW przypadku wyst\u0105pienia jakichkolwiek niepo\u017c\u0105danych lub powa\u017cnych skutk\u00f3w ubocznych nale\u017cy natychmiast przerwa\u0107 stosowanie i zwr\u00f3ci\u0107 si\u0119 o pomoc lekarsk\u0105. Zawsze zaleca si\u0119 om\u00f3wienie wszelkich w\u0105tpliwo\u015bci z lekarzem.<\/p>\n<h3>Rozpocznij swoj\u0105 podr\u00f3\u017c ku wyciszeniu ju\u017c dzi\u015b<\/h3>\n<p>L\u0119k, napi\u0119cie mi\u0119\u015bni i zaburzenia snu mog\u0105 znacz\u0105co wp\u0142yn\u0105\u0107 na jako\u015b\u0107 Twojego \u017cycia. Nie pozw\u00f3l, aby te wyzwania dyktowa\u0142y Twoje samopoczucie. Wybieraj\u0105c\u2026 <strong>Kup Diazepam Shalina 10 mg online ju\u017c teraz<\/strong> Kupuj\u0105c w naszej zaufanej aptece internetowej, podejmujesz proaktywny krok w kierunku skutecznej ulgi. Oferujemy bezpieczny, wygodny i dyskretny spos\u00f3b dost\u0119pu do tego wa\u017cnego leku w ca\u0142ej Europie. Nasze zaanga\u017cowanie w bycie wiarygodnym dostawc\u0105 oznacza, \u017ce \u200b\u200bmo\u017cesz robi\u0107 zakupy z pe\u0142nym zaufaniem. Przekonaj si\u0119, jak\u0105 r\u00f3\u017cnic\u0119 mog\u0105 zdzia\u0142a\u0107 dost\u0119pne, wysokiej jako\u015bci leki. Z\u0142\u00f3\u017c zam\u00f3wienie ju\u017c dzi\u015b i rozpocznij podr\u00f3\u017c ku spokojniejszemu i wygodniejszemu \u017cyciu.<\/p>","protected":false},"excerpt":{"rendered":"<p>Szukasz ulgi w l\u0119ku lub skurczach mi\u0119\u015bni? Diazepam Shalina 10 mg jest tutaj, aby pom\u00f3c. Ten sprawdzony lek, nale\u017c\u0105cy do klasy benzodiazepin, zapewnia tymczasow\u0105 ulg\u0119 w przypadku \u0142agodnego do umiarkowanego l\u0119ku i mo\u017ce pom\u00f3c w radzeniu sobie z objawami odstawienia alkoholu. Kup sw\u00f3j i poczuj si\u0119 lepiej ju\u017c wkr\u00f3tce.<\/p>","protected":false},"featured_media":10726,"template":"","meta":[],"product_brand":[],"product_cat":[439],"product_tag":[935,938,933,940,934,893,937,936,939,861],"class_list":{"0":"post-10708","1":"product","2":"type-product","3":"status-publish","4":"has-post-thumbnail","6":"product_cat-anxiety-pills","7":"product_tag-anxiety-relief-europe","8":"product_tag-buy-benzodiazepines-online","9":"product_tag-buy-diazepam-online","10":"product_tag-diazepam-online-pharmacy","11":"product_tag-diazepam-shalina-10mg","12":"product_tag-european-shipping","13":"product_tag-insomnia-medication","14":"product_tag-muscle-spasms-treatment","15":"product_tag-no-prescription-diazepam","16":"product_tag-trusted-online-seller","18":"first","19":"instock","20":"shipping-taxable","21":"purchasable","22":"product-type-variable"},"_links":{"self":[{"href":"https:\/\/capsovia.com\/pl\/wp-json\/wp\/v2\/product\/10708","targetHints":{"allow":["GET"]}}],"collection":[{"href":"https:\/\/capsovia.com\/pl\/wp-json\/wp\/v2\/product"}],"about":[{"href":"https:\/\/capsovia.com\/pl\/wp-json\/wp\/v2\/types\/product"}],"version-history":[{"count":0,"href":"https:\/\/capsovia.com\/pl\/wp-json\/wp\/v2\/product\/10708\/revisions"}],"wp:featuredmedia":[{"embeddable":true,"href":"https:\/\/capsovia.com\/pl\/wp-json\/wp\/v2\/media\/10726"}],"wp:attachment":[{"href":"https:\/\/capsovia.com\/pl\/wp-json\/wp\/v2\/media?parent=10708"}],"wp:term":[{"taxonomy":"product_brand","embeddable":true,"href":"https:\/\/capsovia.com\/pl\/wp-json\/wp\/v2\/product_brand?post=10708"},{"taxonomy":"product_cat","embeddable":true,"href":"https:\/\/capsovia.com\/pl\/wp-json\/wp\/v2\/product_cat?post=10708"},{"taxonomy":"product_tag","embeddable":true,"href":"https:\/\/capsovia.com\/pl\/wp-json\/wp\/v2\/product_tag?post=10708"}],"curies":[{"name":"wp","href":"https:\/\/api.w.org\/{rel}","templated":true}]}}