{"id":10715,"date":"2024-10-04T17:56:41","date_gmt":"2024-10-04T17:56:41","guid":{"rendered":"https:\/\/pharmaplazaonline.com\/?post_type=product&#038;p=10715"},"modified":"2026-04-17T22:30:42","modified_gmt":"2026-04-17T22:30:42","slug":"xanax-alprazolam-2mg","status":"publish","type":"product","link":"https:\/\/capsovia.com\/pl\/product\/xanax-alprazolam-2mg\/","title":{"rendered":"Kup Xanax Alprazolam 2 mg online szybko"},"content":{"rendered":"<p><strong>Kup Xanax Alprazolam 2 mg szybko online: Twoje zaufane \u017ar\u00f3d\u0142o \u0142agodzenia l\u0119ku w Europie<\/strong><\/p>\n<p>Czy do\u015bwiadczasz uporczywego l\u0119ku, atak\u00f3w paniki lub przyt\u0142aczaj\u0105cego stresu, kt\u00f3ry zak\u0142\u00f3ca Twoje codzienne \u017cycie? Znalezienie niezawodnego i wygodnego sposobu na skuteczn\u0105 ulg\u0119 jest kluczowe. Rozumiemy wyzwania, z jakimi boryka si\u0119 wiele os\u00f3b, aby szybko i dyskretnie uzyska\u0107 potrzebne leki. Dlatego d\u0105\u017cymy do tego, by by\u0107 Twoj\u0105 zaufan\u0105 aptek\u0105 internetow\u0105, oferuj\u0105c\u0105 mo\u017cliwo\u015b\u0107\u2026 <strong>Kup Xanax Alprazolam 2 mg szybko online<\/strong> Z pewno\u015bci\u0105 i \u0142atwo\u015bci\u0105. Jako renomowana apteka internetowa w Hiszpanii, oferujemy nasze niezawodne us\u0142ugi w ca\u0142ej Europie, w tym we W\u0142oszech, Niemczech, Holandii, Polsce i Wielkiej Brytanii. Nasz\u0105 misj\u0105 jest zapewnienie bezpiecznej i dost\u0119pnej platformy do zakupu lek\u00f3w na recept\u0119 i produkt\u00f3w dost\u0119pnych bez recepty, gwarantuj\u0105c Ci opiek\u0119, na jak\u0105 zas\u0142ugujesz, bez zb\u0119dnych op\u00f3\u017anie\u0144 i przeszk\u00f3d.<\/p>\n<p><strong>Zrozumienie dzia\u0142ania Xanaxu Alprazolam 2 mg: silnego \u015brodka przeciwl\u0119kowego<\/strong><\/p>\n<p>Xanax, nazwa handlowa alprazolamu, to powszechnie przepisywany lek z grupy benzodiazepin, stosowany g\u0142\u00f3wnie w leczeniu zaburze\u0144 l\u0119kowych, napad\u00f3w paniki oraz l\u0119ku zwi\u0105zanego z depresj\u0105. Alprazolam nale\u017cy do grupy lek\u00f3w zwanych benzodiazepinami, kt\u00f3re dzia\u0142aj\u0105 poprzez wzmocnienie dzia\u0142ania kwasu gamma-aminomas\u0142owego (GABA), naturalnego zwi\u0105zku chemicznego wyst\u0119puj\u0105cego w m\u00f3zgu. GABA to neuroprzeka\u017anik, kt\u00f3ry pomaga uspokoi\u0107 aktywno\u015b\u0107 nerwow\u0105, co prowadzi do zmniejszenia l\u0119ku i sprzyja relaksacji.<\/p>\n<p>Kiedy ty <strong>Kup Xanax Alprazolam 2 mg online<\/strong> Kupuj\u0105c u nas, otrzymujesz silny lek przeznaczony do kr\u00f3tkotrwa\u0142ego \u0142agodzenia silnych objaw\u00f3w l\u0119kowych. Dawka 2 mg to powszechnie stosowana dawka na recept\u0119, cz\u0119sto stosowana u os\u00f3b, kt\u00f3re potrzebuj\u0105 silniejszego efektu terapeutycznego w radzeniu sobie z dokuczliwymi objawami. Nale\u017cy pami\u0119ta\u0107, \u017ce Xanax to lek, kt\u00f3ry wymaga ostro\u017cnego stosowania i przestrzegania zalecanych zalece\u0144.<\/p>\n<p><strong>G\u0142\u00f3wne specyfikacje leku Xanax Alprazolam 2 mg:<\/strong><\/p>\n<p><em>   <strong>Substancja czynna:<\/strong> Alprazolam<br \/>\n<\/em>   <strong>Moc dawkowania:<\/strong> 2 mg na tabletk\u0119<br \/>\n<em>   <strong>Formularz:<\/strong> Dost\u0119pne zazwyczaj w postaci tabletek doustnych<br \/>\n<\/em>   <strong>Mechanizm dzia\u0142ania:<\/strong> Wzmacnia neurotransmisj\u0119 GABA-ergiczn\u0105, wywo\u0142uj\u0105c efekt uspokajaj\u0105cy.<br \/>\n<em>   <strong>Klasa terapeutyczna:<\/strong> Dzia\u0142anie przeciwl\u0119kowe i uspokajaj\u0105ce.<\/p>\n<p><strong>Dlaczego warto kupi\u0107 Xanax Alprazolam 2 mg online tak szybko?<\/strong><\/p>\n<p>Decyzja o <strong>Kup Xanax Alprazolam 2 mg szybko online<\/strong> z wiarygodnego \u017ar\u00f3d\u0142a, takiego jak nasze, zale\u017cy od kilku czynnik\u00f3w:<\/p>\n<p><\/em>   <strong>Szybko\u015b\u0107 i wygoda:<\/strong> Rozumiemy, \u017ce kiedy potrzebujesz ulgi, potrzebujesz jej szybko. Nasz usprawniony proces zamawiania i sprawna wysy\u0142ka gwarantuj\u0105, \u017ce otrzymasz leki najszybciej, jak to mo\u017cliwe.<br \/>\n<em>   <strong>Dost\u0119pno\u015b\u0107:<\/strong> Dla os\u00f3b w Europie, kt\u00f3re mog\u0105 mie\u0107 trudno\u015bci z dost\u0119pem do lek\u00f3w za po\u015brednictwem tradycyjnych kana\u0142\u00f3w, nasza platforma internetowa stanowi istotn\u0105 alternatyw\u0119.<br \/>\n<\/em>   <strong>Dyskretna wysy\u0142ka:<\/strong> Twoja prywatno\u015b\u0107 jest dla nas priorytetem. Wszystkie zam\u00f3wienia wysy\u0142amy dyskretnie, w zwyk\u0142ym opakowaniu, co gwarantuje poufno\u015b\u0107 Twoich danych osobowych i zakupu.<br \/>\n<em>   <strong>Wiarygodne \u017ar\u00f3d\u0142o:<\/strong> Jako zaufany sprzedawca internetowy i wiarygodne \u017ar\u00f3d\u0142o lek\u00f3w na recept\u0119 i produkt\u00f3w dost\u0119pnych bez recepty, staramy si\u0119 oferowa\u0107 oryginalne, wysokiej jako\u015bci leki.<br \/>\n<\/em>   <strong>Nie wymaga recepty:<\/strong> Oferujemy uproszczony proces zakupowy, dzi\u0119ki kt\u00f3remu mo\u017cesz: <strong>kup tabletki Xanax Alprazolam 2 mg<\/strong> bez konieczno\u015bci wcze\u015bniejszej recepty, co u\u0142atwia \u017cycie osobom, kt\u00f3rym lek zosta\u0142 ju\u017c wcze\u015bniej przepisany lub kt\u00f3re om\u00f3wi\u0142y swoje objawy z lekarzem.<\/p>\n<p><strong>Zastosowania leku Xanax Alprazolam 2 mg<\/strong><\/p>\n<p>Lek Xanax Alprazolam 2 mg jest przepisywany przede wszystkim w leczeniu:<\/p>\n<p><em>   <strong>Uog\u00f3lnione zaburzenie l\u0119kowe (GAD):<\/strong> Charakteryzuje si\u0119 ci\u0105g\u0142ym i nadmiernym zaniepokojeniem r\u00f3\u017cnymi zdarzeniami i czynno\u015bciami.<br \/>\n<\/em>   <strong>L\u0119k napadowy:<\/strong> Polega na nawracaj\u0105cych, nag\u0142ych epizodach intensywnego strachu, kt\u00f3rym towarzysz\u0105 objawy fizyczne, takie jak b\u00f3l w klatce piersiowej, ko\u0142atanie serca, duszno\u015b\u0107 i uczucie zbli\u017caj\u0105cej si\u0119 zag\u0142ady.<br \/>\n<em>   <strong>L\u0119k zwi\u0105zany z depresj\u0105:<\/strong> Kiedy objawy l\u0119kowe stanowi\u0105 istotny element zaburze\u0144 depresyjnych.<\/p>\n<p>Nale\u017cy pami\u0119ta\u0107, \u017ce Xanax jest zazwyczaj przeznaczony do kr\u00f3tkotrwa\u0142ego leczenia tych schorze\u0144. D\u0142ugotrwa\u0142e stosowanie mo\u017ce prowadzi\u0107 do uzale\u017cnienia i tolerancji. Je\u015bli rozwa\u017casz\u2026 <strong>kup tabletki Xanax Alprazolam 2 mg<\/strong> W celu z\u0142agodzenia objaw\u00f3w zawsze zaleca si\u0119 stosowanie leku pod nadzorem lekarza, nawet je\u015bli kupuje si\u0119 go bez recepty.<\/p>\n<p><strong>Dawkowanie i spos\u00f3b podawania: Jak przyjmowa\u0107 Xanax Alprazolam 2 mg<\/strong><\/p>\n<p>Odpowiednia dawka leku Xanax Alprazolam 2 mg mo\u017ce si\u0119 znacznie r\u00f3\u017cni\u0107 w zale\u017cno\u015bci od stanu pacjenta, nasilenia objaw\u00f3w i reakcji na leczenie. <strong>kup kapsu\u0142ki Xanax Alprazolam 2 mg<\/strong> lub tabletek od nas, bardzo wa\u017cne jest, aby post\u0119powa\u0107 zgodnie z instrukcj\u0105 dawkowania lub wcze\u015bniejszymi zaleceniami lekarza.<\/p>\n<p><\/em>   <strong>Typowa dawka pocz\u0105tkowa:<\/strong> W przypadku zaburze\u0144 l\u0119kowych dawka pocz\u0105tkowa jest cz\u0119sto ni\u017csza, a nast\u0119pnie zwi\u0119kszana stopniowo w razie potrzeby i tolerancji.<br \/>\n<em>   <strong>Dawka podtrzymuj\u0105ca:<\/strong> Nast\u0119pnie dawkowanie dostosowuje si\u0119 w celu osi\u0105gni\u0119cia po\u017c\u0105danego poziomu kontroli objaw\u00f3w przy jednoczesnym ograniczeniu skutk\u00f3w ubocznych.<br \/>\n<\/em>   <strong>Maksymalna dawka dobowa:<\/strong> W wi\u0119kszo\u015bci przypadk\u00f3w nie nale\u017cy przekracza\u0107 maksymalnej zalecanej dawki dobowej.<br \/>\n<em>   <strong>Administracja:<\/strong> Tabletki Xanaxu zazwyczaj przyjmuje si\u0119 doustnie, z posi\u0142kiem lub bez. Nale\u017cy je po\u0142yka\u0107 w ca\u0142o\u015bci, popijaj\u0105c wod\u0105; nie nale\u017cy ich kruszy\u0107, \u0142ama\u0107 ani \u017cu\u0107, chyba \u017ce lekarz zaleci inaczej.<br \/>\n<\/em>   <strong>Cz\u0119stotliwo\u015b\u0107:<\/strong> Dawki zazwyczaj przyjmuje si\u0119 kilka razy dziennie, w zale\u017cno\u015bci od zaleconego schematu leczenia.<\/p>\n<p><strong>Wa\u017cne uwagi przed zakupem Xanaxu Alprazolam 2 mg:<\/strong><\/p>\n<p>Cho\u0107 naszym celem jest zapewnienie \u0142atwego dost\u0119pu do lek\u00f3w, odpowiedzialne ich stosowanie jest najwa\u017cniejsze. Zanim zdecydujesz si\u0119 na\u2026 <strong>kup Xanax Alprazolam 2 mg<\/strong> w naszej aptece internetowej, prosimy wzi\u0105\u0107 pod uwag\u0119 nast\u0119puj\u0105ce kwestie:<\/p>\n<p><em>   <strong>Skonsultuj si\u0119 z lekarzem:<\/strong> Chocia\u017c do zakupu za po\u015brednictwem naszej platformy nie jest wymagana recepta, zdecydowanie zalecamy om\u00f3wienie objaw\u00f3w i opcji leczenia z lekarzem lub innym wykwalifikowanym pracownikiem s\u0142u\u017cby zdrowia. Pomo\u017ce on ustali\u0107, czy Xanax jest dla Ciebie odpowiednim lekiem, oraz doradzi odpowiedni\u0105 dawk\u0119 i czas trwania leczenia.<br \/>\n<\/em>   <strong>Potencja\u0142 uzale\u017cnienia i odstawienia:<\/strong> Benzodiazepiny, takie jak Xanax, mog\u0105 prowadzi\u0107 do uzale\u017cnienia fizycznego i psychicznego, zw\u0142aszcza przy d\u0142ugotrwa\u0142ym stosowaniu lub w du\u017cych dawkach. Nag\u0142e przerwanie stosowania leku mo\u017ce prowadzi\u0107 do wyst\u0105pienia objaw\u00f3w odstawiennych, kt\u00f3re mog\u0105 by\u0107 powa\u017cne.<br \/>\n<em>   <strong>Interakcje z innymi substancjami:<\/strong> Xanax mo\u017ce wchodzi\u0107 w interakcje z innymi lekami, alkoholem i niekt\u00f3rymi narkotykami. Interakcje te mog\u0105 zwi\u0119ksza\u0107 ryzyko wyst\u0105pienia powa\u017cnych dzia\u0142a\u0144 niepo\u017c\u0105danych, w tym depresji oddechowej i przedawkowania. Zawsze informuj lekarza lub farmaceut\u0119 o wszystkich przyjmowanych obecnie lub w przesz\u0142o\u015bci lekach i substancjach.<br \/>\n<\/em>   <strong>Skutki uboczne:<\/strong> Jak wszystkie leki, Xanax mo\u017ce powodowa\u0107 dzia\u0142ania niepo\u017c\u0105dane. Do cz\u0119stych dzia\u0142a\u0144 niepo\u017c\u0105danych nale\u017c\u0105 senno\u015b\u0107, zawroty g\u0142owy, uczucie oszo\u0142omienia, zm\u0119czenie i problemy z koordynacj\u0105. Mog\u0105 wyst\u0105pi\u0107 r\u00f3wnie\u017c rzadsze, ale powa\u017cniejsze dzia\u0142ania niepo\u017c\u0105dane.<br \/>\n<em>   <strong>Ci\u0105\u017ca i karmienie piersi\u0105:<\/strong> Xanaxu nie nale\u017cy stosowa\u0107 w okresie ci\u0105\u017cy ani karmienia piersi\u0105, chyba \u017ce jest to absolutnie konieczne i pod \u015bcis\u0142ym nadzorem lekarza.<\/p>\n<p><strong>Zrozumienie potencjalnych skutk\u00f3w ubocznych<\/strong><\/p>\n<p>Kiedy ty <strong>Kup Xanax Alprazolam 2 mg online<\/strong>, wa\u017cne jest, aby by\u0107 \u015bwiadomym potencjalnych skutk\u00f3w ubocznych. Chocia\u017c wielu u\u017cytkownik\u00f3w odczuwa ulg\u0119 przy minimalnych problemach, u niekt\u00f3rych mog\u0105 wyst\u0105pi\u0107 reakcje niepo\u017c\u0105dane.<\/p>\n<p><strong>Cz\u0119ste skutki uboczne:<\/strong><\/p>\n<p><\/em>   Senno\u015b\u0107<br \/>\n<em>   Zawr\u00f3t g\u0142owy<br \/>\n<\/em>   Zawroty g\u0142owy<br \/>\n<em>   Zm\u0119czenie<br \/>\n<\/em>   Zaburzona koordynacja<br \/>\n<em>   Sucho\u015b\u0107 w ustach<br \/>\n<\/em>   B\u00f3l g\u0142owy<br \/>\n<em>   Md\u0142o\u015bci<\/p>\n<p><strong>Mniej powszechne, ale powa\u017cniejsze skutki uboczne:<\/strong><\/p>\n<p><\/em>   Problemy z pami\u0119ci\u0105 lub amnezja<br \/>\n<em>   Niewyra\u017ana mowa<br \/>\n<\/em>   Zmiany libido<br \/>\n<em>   Obni\u017cony nastr\u00f3j<br \/>\n<\/em>   Zwi\u0119kszone ryzyko upadk\u00f3w, zw\u0142aszcza u os\u00f3b starszych<br \/>\n<em>   Ci\u0119\u017ckie reakcje alergiczne (rzadko)<br \/>\n<\/em>   Depresja uk\u0142adu oddechowego (szczeg\u00f3lnie w po\u0142\u0105czeniu z innymi depresantami o\u015brodkowego uk\u0142adu nerwowego)<\/p>\n<p>Je\u015bli wyst\u0105pi\u0105 jakiekolwiek powa\u017cne lub d\u0142ugotrwa\u0142e skutki uboczne, nale\u017cy przerwa\u0107 stosowanie leku i natychmiast zwr\u00f3ci\u0107 si\u0119 o pomoc lekarsk\u0105.<\/p>\n<p><strong>Kto nie powinien kupowa\u0107 leku Xanax Alprazolam 2 mg?<\/strong><\/p>\n<p>Niekt\u00f3re osoby powinny zachowa\u0107 szczeg\u00f3ln\u0105 ostro\u017cno\u015b\u0107 lub ca\u0142kowicie unika\u0107 Xanaxu. Dotyczy to m.in.:<\/p>\n<p><em>   Osoby z histori\u0105 nadu\u017cywania substancji psychoaktywnych lub uzale\u017cnienia.<br \/>\n<\/em>   Osoby z ci\u0119\u017ck\u0105 niewydolno\u015bci\u0105 oddechow\u0105.<br \/>\n<em>   Pacjenci z ostr\u0105 jaskr\u0105 z w\u0105skim k\u0105tem przes\u0105czania.<br \/>\n<\/em>   Osoby z ci\u0119\u017ck\u0105 niewydolno\u015bci\u0105 w\u0105troby lub nerek.<br \/>\n<em>   Kobiety w ci\u0105\u017cy lub karmi\u0105ce piersi\u0105, chyba \u017ce znajduj\u0105 si\u0119 pod \u015bcis\u0142ym nadzorem lekarza.<br \/>\n<\/em>   Osoby przyjmuj\u0105ce pewne inne leki, zw\u0142aszcza opioidy, inne leki uspokajaj\u0105ce lub alkohol.<\/p>\n<p><strong>Niezawodna apteka internetowa zaspokajaj\u0105ca Twoje potrzeby w zakresie lek\u00f3w<\/strong><\/p>\n<p>Jeste\u015bmy dumni z tego, \u017ce jeste\u015bmy zaufanym sprzedawc\u0105 internetowym i niezawodnym \u017ar\u00f3d\u0142em zaspokajaj\u0105cym Twoje potrzeby farmaceutyczne. Kiedy zdecydujesz si\u0119 <strong>Kup Xanax Alprazolam 2 mg online w Europie<\/strong>, wybierasz us\u0142ug\u0119, kt\u00f3rej celem jest:<\/p>\n<p><em>   <strong>Zapewnienie jako\u015bci:<\/strong> Nasze leki pochodz\u0105 od renomowanych producent\u00f3w, co pozwala nam mie\u0107 pewno\u015b\u0107, \u017ce otrzymuj\u0105 Pa\u0144stwo oryginalne i skuteczne produkty.<br \/>\n<\/em>   <strong>Obs\u0142uga klienta:<\/strong> Nasz oddany zesp\u00f3\u0142 obs\u0142ugi klienta jest do Twojej dyspozycji, aby odpowiedzie\u0107 na Twoje pytania i pom\u00f3c Ci w realizacji zam\u00f3wie\u0144.<br \/>\n<em>   <strong>Bezpieczne transakcje:<\/strong> Stosujemy solidne \u015brodki bezpiecze\u0144stwa, aby chroni\u0107 Twoje dane osobowe i finansowe podczas transakcji online.<br \/>\n<\/em>   <strong>Efektywna dostawa:<\/strong> Rozumiemy powag\u0119 sytuacji, dlatego nasze rozwi\u0105zania logistyczne s\u0105 zaprojektowane tak, aby dostarczy\u0107 Ci leki szybko i dyskretnie.<\/p>\n<p><strong>Dyskretna wysy\u0142ka w ca\u0142ej Europie i Wielkiej Brytanii<\/strong><\/p>\n<p>Rozumiemy wag\u0119 prywatno\u015bci. Dlatego, gdy <strong>Kup Xanax Alprazolam 2 mg online<\/strong>Wszystkie przesy\u0142ki s\u0105 obs\u0142ugiwane z zachowaniem najwy\u017cszej dyskrecji. Twoje leki zostan\u0105 zapakowane w zwyk\u0142e, niemarkowe koperty lub pude\u0142ka, bez informacji o zawarto\u015bci na zewn\u0105trz. Dzi\u0119ki temu Twoja prywatno\u015b\u0107 jest zachowana przez ca\u0142y proces dostawy. Nasza sie\u0107 wysy\u0142kowa obejmuje:<\/p>\n<p><em>   Hiszpania<br \/>\n<\/em>   W\u0142ochy<br \/>\n<em>   Niemcy<br \/>\n<\/em>   Holandia<br \/>\n<em>   Polska<br \/>\n<\/em>   Zjednoczone Kr\u00f3lestwo<br \/>\n<em>   I inne kraje europejskie<\/p>\n<p><strong>Cz\u0119sto zadawane pytania dotycz\u0105ce zakupu Xanaxu Alprazolamu 2 mg online<\/strong><\/p>\n<p><\/em>   <strong>Czy zakup Xanax Alprazolam 2 mg online bez recepty jest bezpieczny?<\/strong> Chocia\u017c oferujemy t\u0119 opcj\u0119, zdecydowanie zalecamy konsultacj\u0119 z lekarzem, aby upewni\u0107 si\u0119, \u017ce Xanax jest odpowiedni dla Twojego schorzenia i \u017ce rozumiesz ryzyko i korzy\u015bci. Odpowiedzialne stosowanie jest kluczowe.<br \/>\n<em>   <strong>Jak d\u0142ugo trwa wysy\u0142ka?<\/strong> Czas dostawy r\u00f3\u017cni si\u0119 w zale\u017cno\u015bci od Twojej lokalizacji w Europie, ale dok\u0142adamy wszelkich stara\u0144, aby zapewni\u0107 szybk\u0105 dostaw\u0119. Szacowany czas dostawy zostanie podany podczas finalizacji zam\u00f3wienia.<br \/>\n<\/em>   <strong>Czy mog\u0119 \u015bledzi\u0107 swoje zam\u00f3wienie?<\/strong> Tak, po wys\u0142aniu zam\u00f3wienia otrzymasz numer przesy\u0142ki, dzi\u0119ki kt\u00f3remu b\u0119dziesz m\u00f3g\u0142 monitorowa\u0107 jego post\u0119p.<br \/>\n<em>   <strong>Jakie metody p\u0142atno\u015bci akceptujecie?<\/strong> Akceptujemy wiele bezpiecznych metod p\u0142atno\u015bci. Szczeg\u00f3\u0142y znajdziesz na naszej stronie z opcjami p\u0142atno\u015bci.<br \/>\n<\/em>   <strong>Co zrobi\u0107, je\u015bli wyst\u0105pi u mnie silna reakcja na Xanax?<\/strong> Je\u015bli wyst\u0105pi\u0105 jakiekolwiek powa\u017cne lub niepokoj\u0105ce skutki uboczne, nale\u017cy natychmiast przerwa\u0107 stosowanie leku i zwr\u00f3ci\u0107 si\u0119 o pomoc lekarsk\u0105.<\/p>\n<p><strong>Wnioski: Twoja droga do uwolnienia si\u0119 od l\u0119ku zaczyna si\u0119 tutaj<\/strong><\/p>\n<p>Dla os\u00f3b poszukuj\u0105cych skutecznej i szybkiej ulgi w stanach l\u0119kowych i napadach paniki, opcj\u0105 jest <strong>Kup Xanax Alprazolam 2 mg szybko online<\/strong> Pozyskiwanie lek\u00f3w z wiarygodnego \u017ar\u00f3d\u0142a jest bezcenne. Zale\u017cy nam na tym, aby by\u0107 dyskretn\u0105, rzeteln\u0105 i dost\u0119pn\u0105 aptek\u0105 internetow\u0105 obs\u0142uguj\u0105c\u0105 Europ\u0119. Stawiaj\u0105c na pierwszym miejscu jako\u015b\u0107, prywatno\u015b\u0107 i zadowolenie klienta, d\u0105\u017cymy do tego, aby uzyskanie potrzebnych lek\u00f3w by\u0142o jak najprostsze. Pami\u0119taj, \u017ce chocia\u017c oferujemy Ci wygod\u0119, kt\u00f3rej szukasz, zawsze zalecamy odpowiedzialne korzystanie z naszych produkt\u00f3w i konsultacje z lekarzem dla Twojego dobrego samopoczucia. Twoja podr\u00f3\u017c do radzenia sobie z l\u0119kiem i poprawy jako\u015bci \u017cycia mo\u017ce rozpocz\u0105\u0107 si\u0119 ju\u017c dzi\u015b dzi\u0119ki naszej niezawodnej obs\u0142udze.<\/p>","protected":false},"excerpt":{"rendered":"<p>Potrzebujesz szybkiej ulgi w l\u0119ku lub panice? Nasze tabletki Xanax Alprazolam 2 mg zapewniaj\u0105 szybk\u0105 i skuteczn\u0105 ulg\u0119 zar\u00f3wno w przypadku uog\u00f3lnionego l\u0119ku, jak i napad\u00f3w paniki. Ta kr\u00f3tko dzia\u0142aj\u0105ca benzodiazepina dzia\u0142a uspokajaj\u0105co na o\u015brodkowy uk\u0142ad nerwowy, oferuj\u0105c szybkie rozwi\u0105zanie, gdy najbardziej go potrzebujesz. Ciesz si\u0119 spokojem ducha i odzyskaj kontrol\u0119 dzi\u0119ki naszej zaufanej aptece internetowej. Zam\u00f3w Xanax Alprazolam 2 mg szybko i dyskretnie z dostaw\u0105.<\/p>","protected":false},"featured_media":10728,"template":"","meta":[],"product_brand":[],"product_cat":[439],"product_tag":[863,915,917,913,914,832,892,802,916,862],"class_list":{"0":"post-10715","1":"product","2":"type-product","3":"status-publish","4":"has-post-thumbnail","6":"product_cat-anxiety-pills","7":"product_tag-alprazolam-2mg","8":"product_tag-anxiety-relief","9":"product_tag-benzodiazepine","10":"product_tag-buy-xanax","11":"product_tag-buy-xanax-online","12":"product_tag-discreet-shipping","13":"product_tag-fast-shipping","14":"product_tag-online-pharmacy","15":"product_tag-panic-disorder","16":"product_tag-xanax-online","18":"first","19":"instock","20":"sale","21":"shipping-taxable","22":"purchasable","23":"product-type-variable"},"_links":{"self":[{"href":"https:\/\/capsovia.com\/pl\/wp-json\/wp\/v2\/product\/10715","targetHints":{"allow":["GET"]}}],"collection":[{"href":"https:\/\/capsovia.com\/pl\/wp-json\/wp\/v2\/product"}],"about":[{"href":"https:\/\/capsovia.com\/pl\/wp-json\/wp\/v2\/types\/product"}],"version-history":[{"count":0,"href":"https:\/\/capsovia.com\/pl\/wp-json\/wp\/v2\/product\/10715\/revisions"}],"wp:featuredmedia":[{"embeddable":true,"href":"https:\/\/capsovia.com\/pl\/wp-json\/wp\/v2\/media\/10728"}],"wp:attachment":[{"href":"https:\/\/capsovia.com\/pl\/wp-json\/wp\/v2\/media?parent=10715"}],"wp:term":[{"taxonomy":"product_brand","embeddable":true,"href":"https:\/\/capsovia.com\/pl\/wp-json\/wp\/v2\/product_brand?post=10715"},{"taxonomy":"product_cat","embeddable":true,"href":"https:\/\/capsovia.com\/pl\/wp-json\/wp\/v2\/product_cat?post=10715"},{"taxonomy":"product_tag","embeddable":true,"href":"https:\/\/capsovia.com\/pl\/wp-json\/wp\/v2\/product_tag?post=10715"}],"curies":[{"name":"wp","href":"https:\/\/api.w.org\/{rel}","templated":true}]}}