{"id":10731,"date":"2024-10-04T17:56:45","date_gmt":"2024-10-04T17:56:45","guid":{"rendered":"https:\/\/pharmaplazaonline.com\/?post_type=product&#038;p=10731"},"modified":"2026-04-17T22:29:34","modified_gmt":"2026-04-17T22:29:34","slug":"wockhardt-cough-syrup","status":"publish","type":"product","link":"https:\/\/capsovia.com\/pl\/product\/wockhardt-cough-syrup\/","title":{"rendered":"Kup szybko syrop na kaszel Wockhardt online"},"content":{"rendered":"<h2>Skuteczna ulga w kaszlu: Kup szybko syrop na kaszel Wockhardt online<\/h2>\n<p>Uporczywy kaszel mo\u017ce by\u0107 niezwykle uci\u0105\u017cliwy w codziennym \u017cyciu, wp\u0142ywaj\u0105c na sen, prac\u0119 i og\u00f3lne samopoczucie. Je\u015bli szukasz niezawodnego i skutecznego rozwi\u0105zania, nie szukaj dalej. Nasza renomowana apteka internetowa oferuje wygod\u0119 zakupu syropu na kaszel Wockhardt, zaufanej marki w dziedzinie lek\u00f3w na kaszel, z szybk\u0105 i dyskretn\u0105 dostaw\u0105 w ca\u0142ej Europie. Rozumiemy powag\u0119 sytuacji, kt\u00f3ra mo\u017ce towarzyszy\u0107 chorobie, a nasz usprawniony proces gwarantuje, \u017ce mo\u017cesz\u2026 <strong>Kup szybko syrop na kaszel Wockhardt online<\/strong>, uzyskuj\u0105c potrzebn\u0105 ulg\u0119 bez zb\u0119dnych op\u00f3\u017anie\u0144.<\/p>\n<p>Jako wiod\u0105cy dostawca us\u0142ug opieki zdrowotnej online w Hiszpanii, W\u0142oszech, Niemczech, Holandii, Polsce i Wielkiej Brytanii, dok\u0142adamy wszelkich stara\u0144, aby zapewni\u0107 dost\u0119p do wysokiej jako\u015bci lek\u00f3w i produkt\u00f3w dost\u0119pnych bez recepty. Nasze zaanga\u017cowanie w zadowolenie klienta oznacza, \u017ce \u200b\u200bd\u0105\u017cymy do oferowania nie tylko skutecznych metod leczenia, ale tak\u017ce p\u0142ynnego procesu zakupowego. Kiedy\u2026 <strong>Kup szybko syrop na kaszel Wockhardt online<\/strong> Wybieraj\u0105c nas, wybierasz niezawodne \u017ar\u00f3d\u0142o zaopatrzenia w leki, wspierane wyj\u0105tkow\u0105 obs\u0142ug\u0105 klienta. Niezale\u017cnie od tego, czy mieszkasz w Madrycie, Rzymie, Berlinie, Amsterdamie, Warszawie czy Londynie, gwarantujemy, \u017ce Twoje zam\u00f3wienie dotrze do Ciebie dyskretnie i szybko.<\/p>\n<h3>Poznaj syrop na kaszel Wockhardt: Tw\u00f3j spos\u00f3b na ulg\u0119 w kaszlu<\/h3>\n<p>Syrop na kaszel Wockhardt to powszechnie znany i skuteczny lek, kt\u00f3ry \u0142agodzi objawy zwi\u0105zane z r\u00f3\u017cnymi rodzajami kaszlu. Jego starannie opracowane sk\u0142adniki aktywne dzia\u0142aj\u0105 synergicznie, zapewniaj\u0105c szybk\u0105 i d\u0142ugotrwa\u0142\u0105 ulg\u0119, pozwalaj\u0105c Ci oddycha\u0107 swobodniej i odzyska\u0107 komfort. Naszym celem jest bycie Twoim zaufanym sprzedawc\u0105 internetowym podstawowych produkt\u00f3w medycznych, a ten syrop na kaszel jest doskona\u0142ym przyk\u0142adem jako\u015bci, jak\u0105 oferujemy.<\/p>\n<p><strong>Specyfikacja produktu:<\/strong><\/p>\n<p><em>   <strong>Marka:<\/strong> Wockhardt<br \/>\n<\/em>   <strong>Sformu\u0142owanie:<\/strong> Syrop<br \/>\n<em>   <strong>Sk\u0142adniki aktywne:<\/strong> (Informacje o konkretnych sk\u0142adnikach aktywnych i ich dok\u0142adnych st\u0119\u017ceniach znajduj\u0105 si\u0119 na opakowaniu produktu, poniewa\u017c sk\u0142ady mog\u0105 si\u0119 nieznacznie r\u00f3\u017cni\u0107 w zale\u017cno\u015bci od przepis\u00f3w regionalnych i konkretnych linii produkt\u00f3w. Do typowych sk\u0142adnik\u00f3w syrop\u00f3w na kaszel nale\u017c\u0105 \u015brodki wykrztu\u015bne, przeciwkaszlowe i przeciwhistaminowe.)<br \/>\n<\/em>   <strong>Zamiar:<\/strong> \u0141agodzi objawy kaszlu, koi podra\u017cnione gard\u0142o i pomaga udro\u017cni\u0107 zatkane drogi oddechowe.<br \/>\n<em>   <strong>Grupa docelowa:<\/strong> Doro\u015bli i (w zale\u017cno\u015bci od konkretnego preparatu) dzieci powy\u017cej okre\u015blonego wieku. Zawsze nale\u017cy przestrzega\u0107 zalece\u0144 dotycz\u0105cych dawkowania dla danego wieku.<\/p>\n<h3>Dlaczego warto kupi\u0107 syrop na kaszel Wockhardt online?<\/h3>\n<p>W dzisiejszym zabieganym \u015bwiecie wygoda i szybko\u015b\u0107 s\u0105 najwa\u017cniejsze. Tradycyjne metody pozyskiwania lek\u00f3w cz\u0119sto wi\u0105\u017c\u0105 si\u0119 z czasoch\u0142onnymi wizytami w aptece, zw\u0142aszcza gdy \u017ale si\u0119 czujesz. Wybieraj\u0105c\u2026 <strong>Kup szybko syrop na kaszel Wockhardt online<\/strong> korzystaj\u0105c z naszej europejskiej apteki internetowej, eliminujesz te przeszkody.<\/p>\n<p><\/em>   <strong>Szybko\u015b\u0107 i wydajno\u015b\u0107:<\/strong> Nasza platforma internetowa zosta\u0142a zaprojektowana z my\u015bl\u0105 o szybkim i \u0142atwym sk\u0142adaniu zam\u00f3wie\u0144. Po potwierdzeniu zam\u00f3wienia priorytetowo traktujemy jego wysy\u0142k\u0119, aby zapewni\u0107 jak najszybsz\u0105 dostaw\u0119 pod Twoje drzwi w ca\u0142ej Europie.<br \/>\n<em>   <strong>Dyskretne opakowanie:<\/strong> Rozumiemy wag\u0119 prywatno\u015bci. Wszystkie nasze przesy\u0142ki s\u0105 dyskretnie pakowane, co gwarantuje poufno\u015b\u0107 Twoich danych osobowych dotycz\u0105cych zdrowia.<br \/>\n<\/em>   <strong>Wiarygodne \u017ar\u00f3d\u0142o:<\/strong> Jako renomowana apteka internetowa, pozyskujemy nasze produkty bezpo\u015brednio od producent\u00f3w lub autoryzowanych dystrybutor\u00f3w, gwarantuj\u0105c ich autentyczno\u015b\u0107 i jako\u015b\u0107. Mo\u017cesz nam zaufa\u0107 jako wiarygodnemu \u017ar\u00f3d\u0142u zaspokajaj\u0105cemu Twoje potrzeby medyczne.<br \/>\n<em>   <strong>Dost\u0119pno\u015b\u0107:<\/strong> Nasze us\u0142ugi s\u0105 dost\u0119pne 24 godziny na dob\u0119, 7 dni w tygodniu, co pozwala na zamawianie lek\u00f3w w dogodnym dla Pa\u0144stwa czasie, bez ogranicze\u0144 zwi\u0105zanych z godzinami otwarcia apteki.<br \/>\n<\/em>   <strong>Szeroki zasi\u0119g:<\/strong> Z dum\u0105 wysy\u0142amy nasze produkty do Hiszpanii, W\u0142och, Niemiec, Holandii, Polski, Holandii, kraj\u00f3w europejskich i Wielkiej Brytanii, dzi\u0119ki czemu skuteczne \u0142agodzenie kaszlu jest dost\u0119pne na szerokim rynku europejskim.<\/p>\n<h3>G\u0142\u00f3wne korzy\u015bci i zastosowania syropu na kaszel Wockhardt<\/h3>\n<p>Syrop na kaszel Wockhardt zosta\u0142 opracowany w celu \u0142agodzenia szeregu dolegliwo\u015bci zwi\u0105zanych z kaszlem i oferuje znaczne korzy\u015bci osobom odczuwaj\u0105cym dyskomfort.<\/p>\n<p><strong>G\u0142\u00f3wne zastosowania:<\/strong><\/p>\n<p><em>   <strong>\u0141agodzenie suchego kaszlu:<\/strong> W przypadku bezproduktywnego, suchego kaszlu, kt\u00f3ry podra\u017cnia gard\u0142o i nie powoduje odkrztuszania wydzieliny, syrop na kaszel Wockhardt mo\u017ce pom\u00f3c uspokoi\u0107 odruch kaszlu i przynie\u015b\u0107 koj\u0105c\u0105 ulg\u0119.<br \/>\n<\/em>   <strong>\u0141agodzenie kaszlu produktywnego:<\/strong> Je\u015bli cierpisz na kaszel z odkrztuszaniem \u015bluzu lub flegmy, niekt\u00f3re formu\u0142y syropu na kaszel Wockhardt mog\u0105 dzia\u0142a\u0107 wykrztu\u015bnie, pomagaj\u0105c rozlu\u017ani\u0107 i oczy\u015bci\u0107 drogi oddechowe.<br \/>\n<em>   <strong>\u0141agodzenie podra\u017cnienia gard\u0142a:<\/strong> W sk\u0142adzie syropu cz\u0119sto znajduj\u0105 si\u0119 sk\u0142adniki, kt\u00f3re mog\u0105 powleka\u0107 i \u0142agodzi\u0107 stan zapalny lub podra\u017cnienie gard\u0142a, redukuj\u0105c \u0142askotanie wywo\u0142uj\u0105ce napady kaszlu.<br \/>\n<\/em>   <strong>Radzenie sobie z objawami przezi\u0119bienia i grypy:<\/strong> Kaszel jest cz\u0119stym objawem przezi\u0119bienia i grypy. Syrop na kaszel Wockhardt mo\u017ce by\u0107 skutecznym sposobem radzenia sobie z tymi sezonowymi chorobami.<\/p>\n<p><strong>G\u0142\u00f3wne korzy\u015bci, kt\u00f3rych mo\u017cesz si\u0119 spodziewa\u0107:<\/strong><\/p>\n<p><em>   <strong>Szybko dzia\u0142aj\u0105ca ulga:<\/strong> Zaprojektowany, aby dzia\u0142a\u0107 szybko i zmniejsza\u0107 cz\u0119stotliwo\u015b\u0107 i intensywno\u015b\u0107 napad\u00f3w kaszlu.<br \/>\n<\/em>   <strong>Komfort i dobre samopoczucie:<\/strong> Syrop \u0142agodzi kaszel, poprawia jako\u015b\u0107 snu i pozwala na powr\u00f3t do codziennych aktywno\u015bci z mniejszym upo\u015bledzeniem.<br \/>\n<em>   <strong>Zaufana formu\u0142a:<\/strong> Wockhardt to znana firma farmaceutyczna, znana z produkcji niezawodnych i skutecznych lek\u00f3w.<br \/>\n<\/em>   <strong>\u0141atwo\u015b\u0107 administrowania:<\/strong> Posta\u0107 p\u0142ynnego syropu jest \u0142atwa do po\u0142kni\u0119cia, dzi\u0119ki czemu jest odpowiednia dla szerokiego grona os\u00f3b.<\/p>\n<h3>Dawkowanie i spos\u00f3b podawania: Jak stosowa\u0107 syrop na kaszel Wockhardt<\/h3>\n<p>Prawid\u0142owe dawkowanie i spos\u00f3b podawania s\u0105 kluczowe dla maksymalizacji skuteczno\u015bci i bezpiecze\u0144stwa ka\u017cdego leku. Zawsze nale\u017cy zapozna\u0107 si\u0119 ze szczeg\u00f3\u0142owymi instrukcjami podanymi na opakowaniu produktu lub skonsultowa\u0107 si\u0119 z lekarzem w razie w\u0105tpliwo\u015bci. <strong>Kup szybko syrop na kaszel Wockhardt online<\/strong>, opakowanie b\u0119dzie zawiera\u0142o szczeg\u00f3\u0142owe wskaz\u00f3wki.<\/p>\n<p><strong>Og\u00f3lne wytyczne:<\/strong><\/p>\n<p><em>   <strong>Dawkowanie:<\/strong> Zalecana dawka b\u0119dzie si\u0119 r\u00f3\u017cni\u0107 w zale\u017cno\u015bci od sk\u0142adu produktu i wieku pacjenta. Zazwyczaj dawki odmierza si\u0119 w mililitrach (ml) za pomoc\u0105 do\u0142\u0105czonej miarki lub \u0142y\u017cki.<br \/>\n<\/em>   <strong>Cz\u0119stotliwo\u015b\u0107:<\/strong> Informacje na ten temat znajduj\u0105 si\u0119 r\u00f3wnie\u017c na etykiecie produktu. Wa\u017cne jest, aby nie przekracza\u0107 zalecanej cz\u0119stotliwo\u015bci podawania w ci\u0105gu 24 godzin.<br \/>\n<em>   <strong>Czas u\u017cytkowania:<\/strong> Zazwyczaj syropy na kaszel s\u0105 przeznaczone do kr\u00f3tkotrwa\u0142ego stosowania w celu \u0142agodzenia ostrych objaw\u00f3w. Je\u015bli kaszel utrzymuje si\u0119 d\u0142u\u017cej ni\u017c tydzie\u0144 lub dwa lub towarzysz\u0105 mu inne silne objawy, takie jak gor\u0105czka czy trudno\u015bci w oddychaniu, nale\u017cy koniecznie zasi\u0119gn\u0105\u0107 porady lekarza.<br \/>\n<\/em>   <strong>Dobrze wstrz\u0105sn\u0105\u0107:<\/strong> Przed ka\u017cdym u\u017cyciem nale\u017cy dok\u0142adnie wstrz\u0105sn\u0105\u0107 butelk\u0105, aby dok\u0142adnie wymiesza\u0107 sk\u0142adniki aktywne.<br \/>\n<em>   <strong>Z jedzeniem lub bez:<\/strong> Niekt\u00f3re syropy na kaszel mo\u017cna przyjmowa\u0107 z posi\u0142kiem lub bez, podczas gdy inne mog\u0105 mie\u0107 specjalne zalecenia. Zawsze sprawdzaj etykiet\u0119.<\/p>\n<p><strong>Szczeg\u00f3\u0142owe uwagi:<\/strong><\/p>\n<p><\/em>   <strong>Dzieci:<\/strong> Je\u015bli kupujesz produkt dla dziecka, upewnij si\u0119, \u017ce jest odpowiedni dla jego grupy wiekowej i \u015bci\u015ble przestrzegaj zalece\u0144 dotycz\u0105cych dawkowania dla dzieci.<br \/>\n<em>   <strong>Podstawowe schorzenia:<\/strong> Osoby z chorobami przewlek\u0142ymi, takimi jak cukrzyca, choroby nerek lub w\u0105troby, czy nadci\u015bnienie t\u0119tnicze, powinny skonsultowa\u0107 si\u0119 z lekarzem przed zastosowaniem jakichkolwiek nowych lek\u00f3w, w tym syrop\u00f3w na kaszel.<br \/>\n<\/em>   <strong>Inne leki:<\/strong> Wa\u017cne jest, aby poinformowa\u0107 lekarza lub farmaceut\u0119 o wszystkich innych lekach, kt\u00f3re obecnie przyjmujesz, w tym lekach na recept\u0119, lekach dost\u0119pnych bez recepty i suplementach zio\u0142owych, aby unikn\u0105\u0107 potencjalnych interakcji.<\/p>\n<h3>Potencjalne skutki uboczne i \u015brodki ostro\u017cno\u015bci<\/h3>\n<p>Chocia\u017c syrop na kaszel Wockhardt jest og\u00f3lnie uwa\u017cany za bezpieczny, je\u015bli jest stosowany zgodnie z zaleceniami, jak wszystkie leki, mo\u017ce powodowa\u0107 potencjalne skutki uboczne. Wa\u017cne jest, aby o tym pami\u0119ta\u0107 i przerwa\u0107 stosowanie oraz skonsultowa\u0107 si\u0119 z lekarzem w przypadku wyst\u0105pienia jakichkolwiek niepokoj\u0105cych objaw\u00f3w.<\/p>\n<p><strong>Cz\u0119sto zg\u0142aszane skutki uboczne:<\/strong><\/p>\n<p><em>   Senno\u015b\u0107 lub zawroty g\u0142owy (szczeg\u00f3lnie w przypadku sk\u0142adnik\u00f3w dzia\u0142aj\u0105cych uspokajaj\u0105co)<br \/>\n<\/em>   Nudno\u015bci lub rozstr\u00f3j \u017co\u0142\u0105dka<br \/>\n<em>   Sucho\u015b\u0107 w ustach<\/p>\n<p><strong>Mniej powszechne skutki uboczne:<\/strong><\/p>\n<p><\/em>   B\u00f3l g\u0142owy<br \/>\n<em>   Wymioty<br \/>\n<\/em>   Zaparcie<\/p>\n<p><strong>Wa\u017cne \u015brodki ostro\u017cno\u015bci:<\/strong><\/p>\n<p><em>   <strong>Prowadzenie pojazd\u00f3w i obs\u0142uga maszyn:<\/strong> Je\u015bli syrop na kaszel powoduje senno\u015b\u0107, nie prowad\u017a pojazd\u00f3w ani nie obs\u0142uguj ci\u0119\u017ckich maszyn, dop\u00f3ki nie b\u0119dziesz pewien, jaki ma na Ciebie wp\u0142yw.<br \/>\n<\/em>   <strong>Alkohol:<\/strong> Unikaj spo\u017cywania alkoholu podczas przyjmowania tego leku, poniewa\u017c mo\u017ce to zwi\u0119kszy\u0107 ryzyko wyst\u0105pienia dzia\u0142a\u0144 niepo\u017c\u0105danych, takich jak senno\u015b\u0107.<br \/>\n<em>   <strong>Ci\u0105\u017ca i karmienie piersi\u0105:<\/strong> Kobiety w ci\u0105\u017cy lub karmi\u0105ce piersi\u0105 powinny skonsultowa\u0107 si\u0119 z lekarzem przed zastosowaniem syropu na kaszel Wockhardt lub jakiegokolwiek innego leku.<br \/>\n<\/em>   <strong>Alergie:<\/strong> Nie stosuj produktu, je\u015bli masz alergi\u0119 na kt\u00f3rykolwiek ze sk\u0142adnik\u00f3w. Sprawd\u017a uwa\u017cnie list\u0119 sk\u0142adnik\u00f3w.<br \/>\n<em>   <strong>Sk\u0142adowanie:<\/strong> Przechowuj syrop w ch\u0142odnym, suchym miejscu, z dala od bezpo\u015bredniego \u015bwiat\u0142a s\u0142onecznego i poza zasi\u0119giem dzieci. Upewnij si\u0119, \u017ce nakr\u0119tka jest szczelnie zamkni\u0119ta po ka\u017cdym u\u017cyciu.<\/p>\n<h3>Dlaczego jeste\u015bmy Twoim zaufanym sprzedawc\u0105 internetowym<\/h3>\n<p>Nasze zaanga\u017cowanie wykracza poza samo oferowanie produkt\u00f3w. Chcemy by\u0107 Twoim zaufanym sprzedawc\u0105 internetowym oferuj\u0105cym dost\u0119pne i niezawodne rozwi\u0105zania z zakresu opieki zdrowotnej w ca\u0142ej Europie. Kiedy zdecydujesz si\u0119\u2026 <strong>Kup szybko syrop na kaszel Wockhardt online<\/strong> Wybieraj\u0105c nas, nawi\u0105zujesz wsp\u00f3\u0142prac\u0119 z dostawc\u0105, kt\u00f3ry ceni Twoje zdrowie, prywatno\u015b\u0107 i wygod\u0119.<\/p>\n<p><\/em>   <strong>Oryginalne produkty:<\/strong> Gwarantujemy, \u017ce wszystkie leki sprzedawane na naszej platformie s\u0105 oryginalne i pochodz\u0105 ze sprawdzonych \u017ar\u00f3de\u0142.<br \/>\n<em>   <strong>Bezpieczna platforma internetowa:<\/strong> Nasza strona internetowa korzysta z solidnych \u015brodk\u00f3w bezpiecze\u0144stwa w celu ochrony Twoich danych osobowych i informacji p\u0142atniczych.<br \/>\n<\/em>   <strong>Obs\u0142uga klienta:<\/strong> Nasz kompetentny zesp\u00f3\u0142 obs\u0142ugi klienta jest do Twojej dyspozycji, aby odpowiedzie\u0107 na Twoje pytania i pom\u00f3c Ci w realizacji zam\u00f3wie\u0144.<br \/>\n<em>   <strong>Konkurencyjne ceny:<\/strong> Staramy si\u0119 oferowa\u0107 nasze produkty po konkurencyjnych cenach, dzi\u0119ki czemu wysokiej jako\u015bci opieka zdrowotna staje si\u0119 bardziej przyst\u0119pna cenowo.<br \/>\n<\/em>   <strong>Rozleg\u0142a sie\u0107 dostaw:<\/strong> Gwarantujemy terminow\u0105 i dyskretn\u0105 dostaw\u0119 do Hiszpanii, W\u0142och, Niemiec, Holandii, Polski, Europy i Wielkiej Brytanii.<\/p>\n<h3>Cz\u0119sto zadawane pytania dotycz\u0105ce zakupu syropu na kaszel online<\/h3>\n<p><strong>P1: Czy zakup syropu na kaszel Wockhardt online jest bezpieczny?<\/strong><br \/>\nOdp.: Tak, zakup syropu na kaszel Wockhardt online w renomowanych i licencjonowanych aptekach internetowych, takich jak nasza, jest bezpieczny. Jeste\u015bmy zaufanym sprzedawc\u0105 internetowym, kt\u00f3ry dba o dostarczanie autentycznych lek\u00f3w.<\/p>\n<p><strong>P2: Czy potrzebuj\u0119 recepty, aby kupi\u0107 syrop na kaszel Wockhardt?<\/strong><br \/>\nA: Nasza apteka internetowa oferuje dost\u0119p do wielu lek\u00f3w, w tym niekt\u00f3rych syrop\u00f3w na kaszel, bez recepty. Prosimy o sprawdzenie listy produkt\u00f3w pod k\u0105tem konkretnych wymaga\u0144.<\/p>\n<p><strong>P3: Jak szybko otrzymam zam\u00f3wienie na syrop na kaszel Wockhardt?<\/strong><br \/>\nA: Specjalizujemy si\u0119 w szybkiej dostawie. Gdy tylko <strong>Kup szybko syrop na kaszel Wockhardt online<\/strong>, przetwarzanie i wysy\u0142ka s\u0105 traktowane priorytetowo, aby zapewni\u0107 Ci jak najszybsze dostarczenie zam\u00f3wienia do dowolnego miejsca w Europie, w kt\u00f3rym \u015bwiadczymy us\u0142ugi.<\/p>\n<p><strong>P4: Czy opakowanie jest dyskretne?<\/strong><br \/>\nO: Zdecydowanie. Rozumiemy potrzeb\u0119 prywatno\u015bci i dbamy o to, aby wszystkie nasze przesy\u0142ki by\u0142y wysy\u0142ane w prostym, dyskretnym opakowaniu.<\/p>\n<p><strong>P5: Co zrobi\u0107, je\u015bli mam pytania dotycz\u0105ce dawkowania lub skutk\u00f3w ubocznych?<\/strong><br \/>\nO: Chocia\u017c opakowanie produktu zawiera szczeg\u00f3\u0142owe informacje, zach\u0119camy do konsultacji z lekarzem w celu uzyskania spersonalizowanej porady. Nasz dzia\u0142 obs\u0142ugi klienta s\u0142u\u017cy r\u00f3wnie\u017c pomoc\u0105 w przypadku og\u00f3lnych pyta\u0144.<\/p>\n<p>Kiedy potrzebujesz skutecznej ulgi w kaszlu, pami\u0119taj, \u017ce mo\u017cesz <strong>Kup szybko syrop na kaszel Wockhardt online<\/strong> Z zaufanego, wiarygodnego \u017ar\u00f3d\u0142a. Zale\u017cy nam na zapewnieniu Pa\u0144stwu najlepszej obs\u0142ugi i wysokiej jako\u015bci lek\u00f3w, gwarantuj\u0105c ulg\u0119, na jak\u0105 Pa\u0144stwo zas\u0142uguj\u0105, w po\u0142\u0105czeniu z wygod\u0105 i dyskrecj\u0105.<\/p>","protected":false},"excerpt":{"rendered":"<p>Ukoi\u0107 kaszel i szybko poczu\u0107 ulg\u0119 dzi\u0119ki syropowi na kaszel Wockhardt. Ten sprawdzony syrop, znany ze swojej skutecznej formu\u0142y, pomaga z\u0142agodzi\u0107 uci\u0105\u017cliwe objawy kaszlu. Wystarczy przestrzega\u0107 instrukcji dawkowania, aby szybko poczu\u0107 ulg\u0119. Kup syrop Wockhardt online i przekonaj si\u0119 o jego koj\u0105cych w\u0142a\u015bciwo\u015bciach.<\/p>","protected":false},"featured_media":10761,"template":"","meta":[],"product_brand":[],"product_cat":[445],"product_tag":[896,901,898,867,897,900,899,874,895],"class_list":{"0":"post-10731","1":"product","2":"type-product","3":"status-publish","4":"has-post-thumbnail","6":"product_cat-cough-syrup","7":"product_tag-buy-cough-syrup-online","8":"product_tag-buy-medicine-online","9":"product_tag-cough-relief-medicine","10":"product_tag-european-pharmacy","11":"product_tag-fast-cough-syrup-delivery","12":"product_tag-online-pharmacy-germany","13":"product_tag-online-pharmacy-spain","14":"product_tag-online-pharmacy-uk","15":"product_tag-wockhardt-cough-syrup","17":"first","18":"instock","19":"sale","20":"shipping-taxable","21":"purchasable","22":"product-type-variable"},"_links":{"self":[{"href":"https:\/\/capsovia.com\/pl\/wp-json\/wp\/v2\/product\/10731","targetHints":{"allow":["GET"]}}],"collection":[{"href":"https:\/\/capsovia.com\/pl\/wp-json\/wp\/v2\/product"}],"about":[{"href":"https:\/\/capsovia.com\/pl\/wp-json\/wp\/v2\/types\/product"}],"version-history":[{"count":0,"href":"https:\/\/capsovia.com\/pl\/wp-json\/wp\/v2\/product\/10731\/revisions"}],"wp:featuredmedia":[{"embeddable":true,"href":"https:\/\/capsovia.com\/pl\/wp-json\/wp\/v2\/media\/10761"}],"wp:attachment":[{"href":"https:\/\/capsovia.com\/pl\/wp-json\/wp\/v2\/media?parent=10731"}],"wp:term":[{"taxonomy":"product_brand","embeddable":true,"href":"https:\/\/capsovia.com\/pl\/wp-json\/wp\/v2\/product_brand?post=10731"},{"taxonomy":"product_cat","embeddable":true,"href":"https:\/\/capsovia.com\/pl\/wp-json\/wp\/v2\/product_cat?post=10731"},{"taxonomy":"product_tag","embeddable":true,"href":"https:\/\/capsovia.com\/pl\/wp-json\/wp\/v2\/product_tag?post=10731"}],"curies":[{"name":"wp","href":"https:\/\/api.w.org\/{rel}","templated":true}]}}