{"id":10735,"date":"2024-10-04T17:56:45","date_gmt":"2024-10-04T17:56:45","guid":{"rendered":"https:\/\/pharmaplazaonline.com\/?post_type=product&#038;p=10735"},"modified":"2026-04-17T22:29:58","modified_gmt":"2026-04-17T22:29:58","slug":"buy-cytotec-uk","status":"publish","type":"product","link":"https:\/\/capsovia.com\/pl\/product\/buy-cytotec-uk\/","title":{"rendered":"Kup Cytotec online z szybk\u0105 dostaw\u0105"},"content":{"rendered":"<p><strong>Kup Cytotec online z szybk\u0105 dostaw\u0105: Twoje zaufane \u017ar\u00f3d\u0142o bezpiecznych i skutecznych lek\u00f3w<\/strong><\/p>\n<p>Witamy w naszej renomowanej aptece internetowej, Twoim g\u0142\u00f3wnym miejscu docelowym <strong>kup Cytotec online z szybk\u0105 dostaw\u0105<\/strong>Rozumiemy, jak wa\u017cny jest szybki i dyskretny dost\u0119p do niezb\u0119dnych lek\u00f3w. Jako wiod\u0105cy internetowy sprzedawca lek\u00f3w na recept\u0119 i produkt\u00f3w dost\u0119pnych bez recepty w ca\u0142ej Europie, dok\u0142adamy wszelkich stara\u0144, aby zapewni\u0107 niezawodny, bezpieczny i wygodny spos\u00f3b na uzyskanie potrzebnych lek\u00f3w. Nasze us\u0142ugi obejmuj\u0105 Hiszpani\u0119, W\u0142ochy, Niemcy, Holandi\u0119, Polsk\u0119 i Wielk\u0105 Brytani\u0119, gwarantuj\u0105c sprawn\u0105 i bezproblemow\u0105 dostaw\u0119 lek\u00f3w.<\/p>\n<p>\u2014<\/p>\n<p><strong>Zrozumienie Cytotecu: Co musisz wiedzie\u0107<\/strong><\/p>\n<p>Cytotec, zawieraj\u0105cy substancj\u0119 czynn\u0105 Misoprostol, to lek stosowany g\u0142\u00f3wnie w zapobieganiu wrzodom \u017co\u0142\u0105dka wywo\u0142anym przez niesteroidowe leki przeciwzapalne (NLPZ). Ma on jednak r\u00f3wnie\u017c inne wa\u017cne zastosowania medyczne, szczeg\u00f3lnie w przypadku kobiet. Nale\u017cy stosowa\u0107 Cytotec zgodnie z zaleceniami lekarza lub szczeg\u00f3\u0142ow\u0105 instrukcj\u0105 do\u0142\u0105czon\u0105 do zam\u00f3wienia.<\/p>\n<p><strong>Kluczowe specyfikacje produktu:<\/strong><\/p>\n<p><em>   <strong>Substancja czynna:<\/strong> Misoprostol<br \/>\n<\/em>   <strong>Dost\u0119pne moce:<\/strong> Zwykle dost\u0119pne w tabletkach 200 mcg.<br \/>\n<em>   <strong>Sformu\u0142owanie:<\/strong> Tabletki doustne.<br \/>\n<\/em>   <strong>G\u0142\u00f3wne zastosowanie:<\/strong> Zapobieganie wrzodom \u017co\u0142\u0105dka wywo\u0142anym przez NLPZ.<br \/>\n<em>   <strong>Inne zastosowania:<\/strong> Cytotec mo\u017cna r\u00f3wnie\u017c stosowa\u0107 w okre\u015blonych zabiegach po\u0142o\u017cniczych i ginekologicznych pod \u015bcis\u0142ym nadzorem lekarza.<\/p>\n<p>\u2014<\/p>\n<p><strong>Dlaczego warto kupi\u0107 Cytotec online w naszej aptece?<\/strong><\/p>\n<p>Kiedy ty <strong>kup Cytotec online z szybk\u0105 dostaw\u0105<\/strong> Wybieraj\u0105c nas, wybierasz partnera dbaj\u0105cego o Twoje dobre samopoczucie i wygod\u0119. Jeste\u015bmy dumni z bycia zaufanym sprzedawc\u0105 internetowym, oferuj\u0105c:<\/p>\n<p><\/em>   <strong>Autentyczne leki:<\/strong> Nasze produkty pochodz\u0105 od renomowanych producent\u00f3w, dzi\u0119ki czemu masz pewno\u015b\u0107, \u017ce otrzymasz oryginalny i wysokiej jako\u015bci preparat Cytotec.<br \/>\n<em>   <strong>Dyskretne opakowanie i wysy\u0142ka:<\/strong> Twoja prywatno\u015b\u0107 jest dla nas priorytetem. Wszystkie zam\u00f3wienia s\u0105 dyskretnie pakowane i wysy\u0142ane bez \u017cadnych zewn\u0119trznych oznacze\u0144 zawarto\u015bci, co gwarantuje poufno\u015b\u0107.<br \/>\n<\/em>   <strong>Szybka i niezawodna dostawa:<\/strong> Rozumiemy, \u017ce szybki dost\u0119p do lek\u00f3w jest kluczowy. Nasza sprawna sie\u0107 logistyczna gwarantuje, \u017ce kiedy\u2026 <strong>kup Cytotec online z szybk\u0105 dostaw\u0105<\/strong> jest dla nas priorytetem, a terminowa dostawa na nasze docelowe rynki europejskie.<br \/>\n<em>   <strong>Bezpieczne transakcje online:<\/strong> Nasza strona internetowa wykorzystuje zaawansowane \u015brodki bezpiecze\u0144stwa w celu ochrony Twoich danych osobowych i p\u0142atniczych.<br \/>\n<\/em>   <strong>Dost\u0119pna obs\u0142uga klienta:<\/strong> Nasz kompetentny zesp\u00f3\u0142 obs\u0142ugi klienta jest do Twojej dyspozycji, aby odpowiedzie\u0107 na Twoje pytania i zapewni\u0107 pomoc w ca\u0142ym procesie sk\u0142adania zam\u00f3wienia.<\/p>\n<p>\u2014<\/p>\n<p><strong>Korzy\u015bci z zakupu Cytotecu w celu zapobiegania wrzodom<\/strong><\/p>\n<p>W przypadku os\u00f3b nara\u017conych na ryzyko wyst\u0105pienia wrzod\u00f3w \u017co\u0142\u0105dka z powodu regularnego stosowania NLPZ, Cytotec oferuje znacz\u0105ce korzy\u015bci:<\/p>\n<p><em>   <strong>Skuteczna profilaktyka owrzodze\u0144:<\/strong> Zwi\u0119kszaj\u0105c ilo\u015b\u0107 ochronnego \u015bluzu w wy\u015bci\u00f3\u0142ce \u017co\u0142\u0105dka i redukuj\u0105c produkcj\u0119 kwasu \u017co\u0142\u0105dkowego, Cytotec znacz\u0105co obni\u017ca ryzyko wyst\u0105pienia bolesnych i potencjalnie powa\u017cnych wrzod\u00f3w \u017co\u0142\u0105dka.<br \/>\n<\/em>   <strong>Ulg\u0119 w b\u00f3lu i redukcj\u0119 dyskomfortu:<\/strong> Zapobieganie wrzodom polega na unikaniu zwi\u0105zanego z nimi b\u00f3lu, dyskomfortu i problem\u00f3w trawiennych, kt\u00f3re mog\u0105 by\u0107 ich przyczyn\u0105.<br \/>\n<em>   <strong>Dalsze stosowanie NLPZ:<\/strong> Dla wielu pacjent\u00f3w NLPZ s\u0105 niezb\u0119dne w leczeniu przewlek\u0142ego b\u00f3lu lub stan\u00f3w zapalnych. Cytotec pozwala im kontynuowa\u0107 te wa\u017cne metody leczenia, zmniejszaj\u0105c ryzyko powik\u0142a\u0144 \u017co\u0142\u0105dkowo-jelitowych.<br \/>\n<\/em>   <strong>Lepsza jako\u015b\u0107 \u017cycia:<\/strong> Uwolnienie si\u0119 od b\u00f3lu wywo\u0142anego przez wrzody oraz dolegliwo\u015bci trawiennych mo\u017ce prowadzi\u0107 do znacznej poprawy og\u00f3lnego samopoczucia i codziennego funkcjonowania.<\/p>\n<p>\u2014<\/p>\n<p><strong>Dawkowanie i spos\u00f3b podawania: Jak przyjmowa\u0107 Cytotec<\/strong><\/p>\n<p>Typowe dawkowanie i spos\u00f3b podawania Cytotecu zale\u017c\u0105 od konkretnego wskazania medycznego. Jednak w profilaktyce wrzod\u00f3w \u017co\u0142\u0105dka wywo\u0142anych NLPZ, typowy schemat leczenia obejmuje:<\/p>\n<p><em>   <strong>Dawkowanie og\u00f3lne:<\/strong> Jedna tabletka 200 mcg przyjmowana doustnie cztery razy dziennie, w trakcie posi\u0142k\u00f3w i przed snem.<br \/>\n<\/em>   <strong>Administracja:<\/strong> Tabletk\u0119 nale\u017cy po\u0142kn\u0105\u0107 w ca\u0142o\u015bci, popijaj\u0105c wod\u0105. Mo\u017cna j\u0105 przyjmowa\u0107 z posi\u0142kiem lub bez, ale przyjmowanie jej w trakcie posi\u0142ku mo\u017ce pom\u00f3c zmniejszy\u0107 potencjalne skutki uboczne, takie jak biegunka.<br \/>\n<em>   <strong>Chronometra\u017c:<\/strong> Regularne przyjmowanie lek\u00f3w jest wa\u017cne. Upewnij si\u0119, \u017ce przyjmujesz dawki w regularnych odst\u0119pach czasu w ci\u0105gu dnia.<br \/>\n<\/em>   <strong>Wa\u017cna uwaga:<\/strong> Zawsze nale\u017cy przestrzega\u0107 zalece\u0144 dotycz\u0105cych dawkowania udzielonych przez lekarza lub zawartych w ulotce do\u0142\u0105czonej do produktu. Nie nale\u017cy przekracza\u0107 zalecanej dawki.<\/p>\n<p>\u2014<\/p>\n<p><strong>Potencjalne skutki uboczne Cytotecu<\/strong><\/p>\n<p>Chocia\u017c Cytotec jest generalnie dobrze tolerowany, jak wszystkie leki, mo\u017ce powodowa\u0107 dzia\u0142ania niepo\u017c\u0105dane. Najcz\u0119stsze dzia\u0142ania niepo\u017c\u0105dane s\u0105 zazwyczaj \u0142agodne i przemijaj\u0105ce.<\/p>\n<p><strong>Cz\u0119ste skutki uboczne:<\/strong><\/p>\n<p><em>   <strong>Biegunka:<\/strong> Jest to najcz\u0119\u015bciej zg\u0142aszany skutek uboczny, kt\u00f3ry cz\u0119sto ust\u0119puje samoistnie w ci\u0105gu tygodnia. Przyjmowanie Cytotecu z posi\u0142kiem i dbanie o nawodnienie organizmu mo\u017ce pom\u00f3c w jego z\u0142agodzeniu.<br \/>\n<\/em>   <strong>B\u00f3l brzucha:<\/strong> Mog\u0105 wyst\u0105pi\u0107 \u0142agodne skurcze lub dyskomfort.<br \/>\n<em>   <strong>Md\u0142o\u015bci:<\/strong> U niekt\u00f3rych os\u00f3b mo\u017ce wyst\u0105pi\u0107 uczucie md\u0142o\u015bci.<br \/>\n<\/em>   <strong>B\u00f3l g\u0142owy:<\/strong> Cz\u0119sty, zazwyczaj \u0142agodny, skutek uboczny.<br \/>\n<em>   <strong>Zawr\u00f3t g\u0142owy:<\/strong> Niekt\u00f3rzy u\u017cytkownicy mog\u0105 odczuwa\u0107 zawroty g\u0142owy.<\/p>\n<p><strong>Mniej powszechne skutki uboczne:<\/strong><\/p>\n<p><\/em>   <strong>Wymioty<\/strong><br \/>\n<em>   <strong>Niestrawno\u015b\u0107<\/strong><br \/>\n<\/em>   <strong>Wysypka<\/strong><br \/>\n<em>   <strong>Wzd\u0119cia<\/strong><\/p>\n<p><strong>Powa\u017cne skutki uboczne (rzadkie):<\/strong><\/p>\n<p>Wa\u017cne jest, aby natychmiast zwr\u00f3ci\u0107 si\u0119 o pomoc lekarsk\u0105, je\u015bli wyst\u0105pi kt\u00f3rykolwiek z nast\u0119puj\u0105cych powa\u017cnych skutk\u00f3w ubocznych:<\/p>\n<p><\/em>   Silny b\u00f3l brzucha, skurcze lub wzd\u0119cia.<br \/>\n<em>   Niewyja\u015bniona utrata wagi.<br \/>\n<\/em>   Objawy ci\u0119\u017ckiej reakcji alergicznej (np. trudno\u015bci w oddychaniu, obrz\u0119k twarzy, warg, j\u0119zyka lub gard\u0142a).<br \/>\n<em>   Czarne, smoliste stolce lub krew w stolcu, co mo\u017ce wskazywa\u0107 na znaczne krwawienie.<\/p>\n<p><strong>Wa\u017cne uwagi dotycz\u0105ce preparatu Cytotec:<\/strong><\/p>\n<p><\/em>   <strong>Ci\u0105\u017ca:<\/strong> Cytotec jest przeciwwskazany u kobiet w ci\u0105\u017cy, poniewa\u017c mo\u017ce powodowa\u0107 poronienie, obfite krwawienie i p\u0119kni\u0119cie macicy. Je\u015bli jeste\u015b kobiet\u0105 w wieku rozrodczym, skuteczna antykoncepcja jest niezb\u0119dna.<br \/>\n<em>   <strong>Interakcje:<\/strong> Poinformuj lekarza lub farmaceut\u0119 o wszystkich lekach, kt\u00f3re obecnie przyjmujesz, tak\u017ce tych dost\u0119pnych bez recepty i suplementach zio\u0142owych, aby unikn\u0105\u0107 potencjalnych interakcji.<br \/>\n<\/em>   <strong>Alkohol:<\/strong> Nadmierne spo\u017cycie alkoholu mo\u017ce zwi\u0119kszy\u0107 ryzyko wyst\u0105pienia problem\u00f3w \u017co\u0142\u0105dkowych, dlatego zaleca si\u0119 ograniczenie spo\u017cycia alkoholu w trakcie przyjmowania leku Cytotec.<\/p>\n<p>\u2014<\/p>\n<p><strong>Zam\u00f3wienie Cytotecu w naszej niezawodnej aptece internetowej<\/strong><\/p>\n<p>Nasza platforma u\u0142atwia <strong>kup Cytotec online z szybk\u0105 dostaw\u0105<\/strong> w ca\u0142ej Europie. Nasza przyjazna dla u\u017cytkownika strona internetowa przeprowadzi Ci\u0119 przez prosty i bezpieczny proces sk\u0142adania zam\u00f3wie\u0144.<\/p>\n<p><strong>Jak zam\u00f3wi\u0107:<\/strong><\/p>\n<p>1.  <strong>Przegl\u0105daj i wybieraj:<\/strong> Przejd\u017a na stron\u0119 produktu Cytotec i wybierz \u017c\u0105dan\u0105 ilo\u015b\u0107.<br \/>\n2.  <strong>Bezpieczna p\u0142atno\u015b\u0107:<\/strong> Przejd\u017a do naszej bezpiecznej kasy, gdzie zostaniesz poproszony o podanie informacji dotycz\u0105cych wysy\u0142ki i p\u0142atno\u015bci.<br \/>\n3.  <strong>Potwierdzenie zam\u00f3wienia:<\/strong> Po z\u0142o\u017ceniu zam\u00f3wienia otrzymasz e-mail z potwierdzeniem.<br \/>\n4.  <strong>Dyskretna wysy\u0142ka:<\/strong> Twoje zam\u00f3wienie zostanie starannie zapakowane i wys\u0142ane za po\u015brednictwem naszych sprawdzonych partner\u00f3w spedycyjnych.<br \/>\n5.  <strong>\u015aled\u017a swoje zam\u00f3wienie:<\/strong> Otrzymasz informacje umo\u017cliwiaj\u0105ce \u015bledzenie post\u0119pu dostawy.<\/p>\n<p>Wybierz nas, aby uzyska\u0107 dyskretny, niezawodny i skuteczny spos\u00f3b <strong>kup Cytotec online z szybk\u0105 dostaw\u0105<\/strong>Naszym celem jest zaspokojenie Twoich potrzeb w zakresie opieki zdrowotnej z profesjonalizmem i trosk\u0105.<\/p>\n<p>\u2014<\/p>\n<p><strong>Cz\u0119sto zadawane pytania dotycz\u0105ce zakupu Cytotecu online<\/strong><\/p>\n<p><strong>P1: Czy zakup leku Cytotec online bez recepty jest bezpieczny?<\/strong><\/p>\n<p>A: Nasza apteka internetowa dzia\u0142a zgodnie z przepisami prawa, zapewniaj\u0105c dost\u0119p do niekt\u00f3rych lek\u00f3w, kt\u00f3re w okre\u015blonych sytuacjach mog\u0105 nie wymaga\u0107 recepty. Zawsze jednak zalecamy konsultacj\u0119 z lekarzem, aby upewni\u0107 si\u0119, \u017ce Cytotec jest odpowiedni dla Pa\u0144stwa indywidualnych potrzeb i om\u00f3wi\u0107 wszelkie potencjalne ryzyko lub skutki uboczne. Jeste\u015bmy renomowanym \u017ar\u00f3d\u0142em oferuj\u0105cym oryginalne leki.<\/p>\n<p><strong>P2: Jak szybka jest dostawa, gdy kupuj\u0119 Cytotec online?<\/strong><\/p>\n<p>A: Szczycimy si\u0119 szybk\u0105 realizacj\u0105 zam\u00f3wie\u0144 i wysy\u0142k\u0105. Czas dostawy r\u00f3\u017cni si\u0119 w zale\u017cno\u015bci od lokalizacji w Europie, ale dok\u0142adamy wszelkich stara\u0144, aby zapewni\u0107 jak najszybsz\u0105 obs\u0142ug\u0119. Po potwierdzeniu zam\u00f3wienia otrzymasz szacowany czas dostawy i dane do \u015bledzenia przesy\u0142ki.<\/p>\n<p><strong>P3: Czy moje zam\u00f3wienie leku Cytotec zostanie dyskretnie wys\u0142ane?<\/strong><\/p>\n<p>O: Zdecydowanie. Dyskrecja jest podstaw\u0105 naszych us\u0142ug. Wszystkie zam\u00f3wienia s\u0105 pakowane w zwyk\u0142e, nieoznakowane koperty lub pude\u0142ka, aby chroni\u0107 Twoj\u0105 prywatno\u015b\u0107. Na opakowaniu zewn\u0119trznym nie wida\u0107 \u017cadnych informacji identyfikuj\u0105cych zawarto\u015b\u0107.<\/p>\n<p><strong>P4: Jakie metody p\u0142atno\u015bci akceptujecie?<\/strong><\/p>\n<p>A: Akceptujemy wiele bezpiecznych metod p\u0142atno\u015bci. Aktualn\u0105 list\u0119 akceptowanych kart kredytowych i operator\u00f3w p\u0142atno\u015bci mo\u017cna znale\u017a\u0107 na naszej stronie p\u0142atno\u015bci podczas finalizacji zam\u00f3wienia.<\/p>\n<p><strong>P5: Co powinienem zrobi\u0107, je\u015bli po za\u017cyciu leku Cytotec wyst\u0105pi\u0105 u mnie skutki uboczne?<\/strong><\/p>\n<p>A: W przypadku wyst\u0105pienia jakichkolwiek skutk\u00f3w ubocznych, szczeg\u00f3lnie powa\u017cnych lub uporczywych, nale\u017cy przerwa\u0107 stosowanie i natychmiast skonsultowa\u0107 si\u0119 z lekarzem. \u0141agodne skutki uboczne cz\u0119sto ust\u0119puj\u0105 samoistnie. Mo\u017cesz r\u00f3wnie\u017c skontaktowa\u0107 si\u0119 z naszym dzia\u0142em obs\u0142ugi klienta w celu uzyskania porady.<\/p>\n<p>\u2014<\/p>\n<p>Zale\u017cy nam na tym, aby by\u0107 Twoim zaufanym sprzedawc\u0105 internetowym, zapewniaj\u0105c bezproblemowe i poufne do\u015bwiadczenie. Kiedy <strong>kup Cytotec online z szybk\u0105 dostaw\u0105<\/strong> to nie tylko obietnica, to nasze zobowi\u0105zanie do dbania o Twoje zdrowie i wygod\u0119. Bezpiecze\u0144stwo, niezawodno\u015b\u0107 i wydajno\u015b\u0107 \u2013 to nasza gwarancja.<\/p>","protected":false},"excerpt":{"rendered":"<p>Chcesz kupi\u0107 Cytotec online z szybk\u0105 dostaw\u0105? Cytotec, zawieraj\u0105cy misoprostol, to sprawdzony lek chroni\u0105cy b\u0142on\u0119 \u015bluzow\u0105 \u017co\u0142\u0105dka przed uszkodzeniami wywo\u0142anymi przez NLPZ, pomagaj\u0105c zapobiega\u0107 wrzodom. Dzia\u0142a szybko, zaczynaj\u0105c dzia\u0142a\u0107 w ci\u0105gu 30 minut. Wygodnie i sprawnie zrealizuj swoj\u0105 recept\u0119 na Cytotec u nas.<\/p>","protected":false},"featured_media":10763,"template":"","meta":[],"product_brand":[],"product_cat":[446],"product_tag":[902,903,832,867,908,904,906,909,905,907],"class_list":{"0":"post-10735","1":"product","2":"type-product","3":"status-publish","4":"has-post-thumbnail","6":"product_cat-nsaid","7":"product_tag-buy-cytotec","8":"product_tag-cytotec-online","9":"product_tag-discreet-shipping","10":"product_tag-european-pharmacy","11":"product_tag-fast-delivery","12":"product_tag-misoprostol","13":"product_tag-nsaid-induced-ulcers","14":"product_tag-secure-online-pharmacy","15":"product_tag-stomach-ulcers","16":"product_tag-ulcer-prevention","18":"first","19":"instock","20":"sale","21":"shipping-taxable","22":"purchasable","23":"product-type-variable"},"_links":{"self":[{"href":"https:\/\/capsovia.com\/pl\/wp-json\/wp\/v2\/product\/10735","targetHints":{"allow":["GET"]}}],"collection":[{"href":"https:\/\/capsovia.com\/pl\/wp-json\/wp\/v2\/product"}],"about":[{"href":"https:\/\/capsovia.com\/pl\/wp-json\/wp\/v2\/types\/product"}],"version-history":[{"count":0,"href":"https:\/\/capsovia.com\/pl\/wp-json\/wp\/v2\/product\/10735\/revisions"}],"wp:featuredmedia":[{"embeddable":true,"href":"https:\/\/capsovia.com\/pl\/wp-json\/wp\/v2\/media\/10763"}],"wp:attachment":[{"href":"https:\/\/capsovia.com\/pl\/wp-json\/wp\/v2\/media?parent=10735"}],"wp:term":[{"taxonomy":"product_brand","embeddable":true,"href":"https:\/\/capsovia.com\/pl\/wp-json\/wp\/v2\/product_brand?post=10735"},{"taxonomy":"product_cat","embeddable":true,"href":"https:\/\/capsovia.com\/pl\/wp-json\/wp\/v2\/product_cat?post=10735"},{"taxonomy":"product_tag","embeddable":true,"href":"https:\/\/capsovia.com\/pl\/wp-json\/wp\/v2\/product_tag?post=10735"}],"curies":[{"name":"wp","href":"https:\/\/api.w.org\/{rel}","templated":true}]}}