{"id":10740,"date":"2024-10-04T17:56:45","date_gmt":"2024-10-04T17:56:45","guid":{"rendered":"https:\/\/pharmaplazaonline.com\/?post_type=product&#038;p=10740"},"modified":"2026-04-17T22:30:24","modified_gmt":"2026-04-17T22:30:24","slug":"buy-tramadol-225mg","status":"publish","type":"product","link":"https:\/\/capsovia.com\/pl\/product\/buy-tramadol-225mg\/","title":{"rendered":"Kup Tramadol Royal 225 mg szybko online"},"content":{"rendered":"<p><strong>Kup Tramadol Royal 225 mg szybko online: Twoje zaufane \u017ar\u00f3d\u0142o \u0142agodzenia b\u00f3lu w ca\u0142ej Europie<\/strong><\/p>\n<p>W naszej renomowanej aptece internetowej rozumiemy wp\u0142yw, jaki uporczywy b\u00f3l mo\u017ce mie\u0107 na jako\u015b\u0107 Twojego \u017cycia. Dlatego dok\u0142adamy wszelkich stara\u0144, aby zapewni\u0107 Ci niezawodn\u0105 i dyskretn\u0105 obs\u0142ug\u0119 w zakresie pozyskiwania potrzebnych Ci lek\u00f3w, w tym\u2026 <strong>Kup Tramadol Royal 225 mg szybko online<\/strong>Niezale\u017cnie od tego, czy mieszkasz w Hiszpanii, W\u0142oszech, Niemczech, Holandii, Polsce czy Wielkiej Brytanii, zapewniamy szybk\u0105 i bezpieczn\u0105 dostaw\u0119 wysokiej jako\u015bci produkt\u00f3w przeciwb\u00f3lowych prosto pod Twoje drzwi. Jeste\u015bmy zaufanym sprzedawc\u0105 internetowym, oferuj\u0105cym zar\u00f3wno produkty na recept\u0119, jak i bez recepty, aby zaspokoi\u0107 Twoje potrzeby w zakresie opieki zdrowotnej.<\/p>\n<p><strong>Czym jest Tramadol Royal 225 mg?<\/strong><\/p>\n<p>Tramadol Royal 225 mg to silny opioidowy lek przeciwb\u00f3lowy stosowany w leczeniu b\u00f3lu o nasileniu od umiarkowanego do umiarkowanie silnego. Dzia\u0142a poprzez zmian\u0119 sposobu, w jaki m\u00f3zg i uk\u0142ad nerwowy reaguj\u0105 na b\u00f3l. S\u0142owo \u201eRoyal\u201d w nazwie Tramadol Royal 225 mg cz\u0119sto oznacza konkretn\u0105 formu\u0142\u0119 lub mark\u0119 znan\u0105 ze swojej skuteczno\u015bci i jako\u015bci. Ta dawka jest przeznaczona dla os\u00f3b wymagaj\u0105cych silniejszego dzia\u0142ania przeciwb\u00f3lowego. Nasza bezpieczna platforma internetowa u\u0142atwia i uprzyjemnia dost\u0119p do\u2026 <strong>kup Tramadol Royal 225 mg szybko online<\/strong>, zapewniaj\u0105c Ci ulg\u0119, kt\u00f3rej potrzebujesz, bez zb\u0119dnych op\u00f3\u017anie\u0144.<\/p>\n<p><strong>Kluczowe specyfikacje i spos\u00f3b dzia\u0142ania:<\/strong><\/p>\n<p><em>   <strong>Substancja czynna:<\/strong> Chlorowodorek tramadolu<br \/>\n<\/em>   <strong>Wytrzyma\u0142o\u015b\u0107:<\/strong> 225 mg na kapsu\u0142k\u0119<br \/>\n<em>   <strong>Sformu\u0142owanie:<\/strong> Kapsu\u0142ki<br \/>\n<\/em>   <strong>Mechanizm dzia\u0142ania:<\/strong> Tramadol dzia\u0142a na dwa g\u0142\u00f3wne sposoby:<br \/>\n    <em>   Podobnie jak inne opioidy, wi\u0105\u017ce si\u0119 z receptorami \u03bc-opioidowymi w o\u015brodkowym uk\u0142adzie nerwowym, zmniejszaj\u0105c odczuwanie b\u00f3lu.<br \/>\n    <\/em>   Hamuje wychwyt zwrotny noradrenaliny i serotoniny, neuroprzeka\u017anik\u00f3w odgrywaj\u0105cych rol\u0119 w modulacji sygna\u0142\u00f3w b\u00f3lowych. Ten podw\u00f3jny mechanizm dzia\u0142ania sprawia, \u017ce \u200b\u200bjest skuteczny w leczeniu szerokiego zakresu rodzaj\u00f3w b\u00f3lu.<br \/>\n<em>   <strong>Klasa terapeutyczna:<\/strong> Opioidowy \u015brodek przeciwb\u00f3lowy<\/p>\n<p><strong>Zastosowania i wskazania do stosowania leku Tramadol Royal 225 mg:<\/strong><\/p>\n<p>Tramadol Royal 225 mg jest przepisywany w celu \u0142agodzenia b\u00f3lu o nasileniu umiarkowanym do silnego. Mo\u017ce to obejmowa\u0107:<\/p>\n<p><\/em>   <strong>B\u00f3l pooperacyjny:<\/strong> Po zabiegach chirurgicznych.<br \/>\n<em>   <strong>Stany przewlek\u0142ego b\u00f3lu:<\/strong> Takie jak choroba zwyrodnieniowa staw\u00f3w, reumatoidalne zapalenie staw\u00f3w, b\u00f3l plec\u00f3w i fibromialgia.<br \/>\n<\/em>   <strong>Ostry b\u00f3l:<\/strong> Takie jak powa\u017cne urazy lub naci\u0105gni\u0119cia mi\u0119\u015bni.<br \/>\n<em>   <strong>B\u00f3l zwi\u0105zany z rakiem:<\/strong> W celu \u0142agodzenia silnego b\u00f3lu zwi\u0105zanego z chorob\u0105 nowotworow\u0105.<\/p>\n<p>Je\u015bli odczuwasz znaczny b\u00f3l i potrzebujesz <strong>kup Tramadol Royal 225 mg szybko online<\/strong>, nasza us\u0142uga oferuje dyskretne i skuteczne rozwi\u0105zanie.<\/p>\n<p><strong>Dawkowanie i spos\u00f3b podawania:<\/strong><\/p>\n<p>Typowa dawka Tramadolu Royal 225 mg to jedna kapsu\u0142ka co 4 do 6 godzin w razie potrzeby \u0142agodzenia b\u00f3lu. Nale\u017cy jednak przestrzega\u0107 zalece\u0144 lekarza dotycz\u0105cych dawkowania lub informacji podanych na opakowaniu produktu. Nigdy nie nale\u017cy przekracza\u0107 zalecanej dawki.<\/p>\n<p><\/em>   <strong>Dawka pocz\u0105tkowa:<\/strong> Cz\u0119sto zaczyna si\u0119 od mniejszej dawki i dostosowuje si\u0119 j\u0105 do intensywno\u015bci b\u00f3lu i indywidualnej reakcji pacjenta.<br \/>\n<em>   <strong>Maksymalna dawka dobowa:<\/strong> Zazwyczaj maksymalna dawka dobowa nie powinna przekracza\u0107 400 mg, ale mo\u017ce si\u0119 r\u00f3\u017cni\u0107. Zawsze skonsultuj si\u0119 z lekarzem w celu uzyskania spersonalizowanych zalece\u0144 dotycz\u0105cych dawkowania.<br \/>\n<\/em>   <strong>Administracja:<\/strong> Kapsu\u0142ki nale\u017cy po\u0142yka\u0107 w ca\u0142o\u015bci, popijaj\u0105c szklank\u0105 wody. Mo\u017cna przyjmowa\u0107 z posi\u0142kiem lub bez.<\/p>\n<p><strong>Korzy\u015bci z wyboru naszej apteki internetowej:<\/strong><\/p>\n<p>Kiedy ty <strong>kup Tramadol Royal 225 mg szybko online<\/strong> od nas zyskujesz:<\/p>\n<p><em>   <strong>Dyskretna wysy\u0142ka:<\/strong> Rozumiemy wag\u0119 prywatno\u015bci. Wszystkie zam\u00f3wienia wysy\u0142amy w zwyk\u0142ym, nieoznakowanym opakowaniu.<br \/>\n<\/em>   <strong>Szybka i niezawodna dostawa:<\/strong> Staramy si\u0119 przetworzy\u0107 i wys\u0142a\u0107 Twoje zam\u00f3wienie najszybciej, jak to mo\u017cliwe, aby\u015b mia\u0142 pewno\u015b\u0107, \u017ce Twoje leki dotr\u0105 niezw\u0142ocznie do wszystkich miejsc w Europie, w tym do Hiszpanii, W\u0142och, Niemiec, Holandii, Polski i Wielkiej Brytanii.<br \/>\n<em>   <strong>Produkty wysokiej jako\u015bci:<\/strong> Nasze leki pochodz\u0105 od zaufanych producent\u00f3w, co gwarantuje ich autentyczno\u015b\u0107 i skuteczno\u015b\u0107.<br \/>\n<\/em>   <strong>Wygoda:<\/strong> Zamawiaj wygodnie w domu, oszcz\u0119dzaj\u0105c czas i unikaj\u0105c konieczno\u015bci wizyty w aptece stacjonarnej.<br \/>\n<em>   <strong>Kompleksowy asortyment:<\/strong> Oferujemy szeroki wyb\u00f3r lek\u00f3w na recept\u0119 i bez recepty.<br \/>\n<\/em>   <strong>Obs\u0142uga klienta:<\/strong> Nasz oddany zesp\u00f3\u0142 obs\u0142ugi klienta jest do Pa\u0144stwa dyspozycji i ch\u0119tnie odpowie na wszelkie pytania lub rozwieje w\u0105tpliwo\u015bci.<\/p>\n<p><strong>Zrozumienie potencjalnych skutk\u00f3w ubocznych:<\/strong><\/p>\n<p>Jak ka\u017cdy lek, Tramadol Royal 225 mg mo\u017ce powodowa\u0107 dzia\u0142ania niepo\u017c\u0105dane. Najcz\u0119\u015bciej s\u0105 one \u0142agodne i przemijaj\u0105ce.<\/p>\n<p><em>   <strong>Cz\u0119ste skutki uboczne:<\/strong><br \/>\n    <\/em>   Nudno\u015bci i wymioty<br \/>\n    <em>   Zawroty g\u0142owy i senno\u015b\u0107<br \/>\n    <\/em>   B\u00f3l g\u0142owy<br \/>\n    <em>   Zaparcie<br \/>\n    <\/em>   Sucho\u015b\u0107 w ustach<br \/>\n    <em>   Wyzysk<br \/>\n    <\/em>   Zm\u0119czenie lub os\u0142abienie<\/p>\n<p><em>   <strong>Mniej cz\u0119ste\/powa\u017cne skutki uboczne (w przypadku wyst\u0105pienia tych objaw\u00f3w nale\u017cy natychmiast zwr\u00f3ci\u0107 si\u0119 o pomoc lekarsk\u0105):<\/strong><br \/>\n    <\/em>   Ci\u0119\u017ckie reakcje alergiczne (wysypka, sw\u0119dzenie\/obrz\u0119k, silne zawroty g\u0142owy, trudno\u015bci w oddychaniu)<br \/>\n    <em>   Napady padaczkowe<br \/>\n    <\/em>   Zesp\u00f3\u0142 serotoninowy (pobudzenie, halucynacje, szybkie bicie serca, gor\u0105czka, sztywno\u015b\u0107 mi\u0119\u015bni, dreszcze, dr\u017cenie)<br \/>\n    <em>   Problemy z oddychaniem, szczeg\u00f3lnie podczas snu (bezdech senny)<br \/>\n    <\/em>   Niskie ci\u015bnienie krwi<br \/>\n    <em>   Dezorientacja lub halucynacje<br \/>\n    <\/em>   Uzale\u017cnienie i objawy odstawienia (w przypadku nag\u0142ego przerwania)<\/p>\n<p>Przed za\u017cyciem leku Tramadol Royal 225 mg nale\u017cy koniecznie om\u00f3wi\u0107 wszelkie istniej\u0105ce wcze\u015bniej schorzenia lub w\u0105tpliwo\u015bci z lekarzem.<\/p>\n<p><strong>Wa\u017cne \u015brodki ostro\u017cno\u015bci i ostrze\u017cenia:<\/strong><\/p>\n<p><em>   <strong>Uzale\u017cnienie i zale\u017cno\u015b\u0107:<\/strong> Tramadol jest opioidem i niesie ze sob\u0105 ryzyko uzale\u017cnienia. Stosuj wy\u0142\u0105cznie zgodnie z zaleceniami i nie udost\u0119pniaj leku innym osobom.<br \/>\n<\/em>   <strong>Depresja oddechowa:<\/strong> Podobnie jak inne opioidy, tramadol mo\u017ce powodowa\u0107 powa\u017cn\u0105, zagra\u017caj\u0105c\u0105 \u017cyciu depresj\u0119 oddechow\u0105. Ryzyko jest wy\u017csze u os\u00f3b starszych, os\u00f3b z zaburzeniami oddychania oraz w po\u0142\u0105czeniu z alkoholem lub innymi depresantami o\u015brodkowego uk\u0142adu nerwowego.<br \/>\n<em>   <strong>Interakcje lek\u00f3w:<\/strong> Poinformuj lekarza lub farmaceut\u0119 o wszystkich przyjmowanych lekach, tak\u017ce tych dost\u0119pnych bez recepty, suplementach zio\u0142owych i witaminach, poniewa\u017c tramadol mo\u017ce wchodzi\u0107 w interakcje z wieloma substancjami, w tym innymi depresantami o\u015brodkowego uk\u0142adu nerwowego, innymi opioidami, inhibitorami wychwytu zwrotnego serotoniny i noradrenaliny (SNRI) oraz inhibitorami monoaminooksydazy (IMAO).<br \/>\n<\/em>   <strong>Ci\u0105\u017ca i karmienie piersi\u0105:<\/strong> Je\u015bli jeste\u015b w ci\u0105\u017cy, planujesz ci\u0105\u017c\u0119 lub karmisz piersi\u0105, skonsultuj si\u0119 z lekarzem przed za\u017cyciem leku Tramadol Royal 225 mg.<br \/>\n<em>   <strong>Prowadzenie pojazd\u00f3w i obs\u0142uga maszyn:<\/strong> Tramadol mo\u017ce upo\u015bledza\u0107 sprawno\u015b\u0107 umys\u0142ow\u0105 i fizyczn\u0105 potrzebn\u0105 do prowadzenia pojazd\u00f3w i obs\u0142ugiwania maszyn. Unikaj tych czynno\u015bci, dop\u00f3ki nie b\u0119dziesz pewien, jak lek na Ciebie dzia\u0142a.<br \/>\n<\/em>   <strong>Alkohol:<\/strong> Unikaj spo\u017cywania alkoholu podczas przyjmowania tramadolu, gdy\u017c mo\u017ce to zwi\u0119kszy\u0107 ryzyko wyst\u0105pienia dzia\u0142a\u0144 niepo\u017c\u0105danych.<\/p>\n<p><strong>Dlaczego warto kupi\u0107 Tramadol Royal 225 mg online szybko u nas?<\/strong><\/p>\n<p>Zale\u017cy nam na zapewnieniu p\u0142ynnego i godnego zaufania do\u015bwiadczenia wszystkim naszym klientom w ca\u0142ej Europie. Kiedy potrzebujesz <strong>kup Tramadol Royal 225 mg szybko online<\/strong>, mo\u017cesz polega\u0107 na naszym:<\/p>\n<p><em>   <strong>Renomowana apteka internetowa:<\/strong> Jeste\u015bmy uznanym i zaufanym \u017ar\u00f3d\u0142em lek\u00f3w.<br \/>\n<\/em>   <strong>Bezpieczny proces sk\u0142adania zam\u00f3wie\u0144:<\/strong> Twoje dane osobowe i finansowe s\u0105 chronione dzi\u0119ki solidnym \u015brodkom bezpiecze\u0144stwa.<br \/>\n<em>   <strong>Szeroki zasi\u0119g europejski:<\/strong> Wysy\u0142amy dyskretnie i sprawnie do Hiszpanii, W\u0142och, Niemiec, Holandii, Polski i Wielkiej Brytanii.<br \/>\n<\/em>   <strong>Zaanga\u017cowanie w jako\u015b\u0107:<\/strong> Dbamy o to, aby wszystkie dostarczane przez nas produkty farmaceutyczne by\u0142y najwy\u017cszej jako\u015bci i pochodzi\u0142y ze sprawdzonych \u017ar\u00f3de\u0142.<br \/>\n<em>   <strong>Dost\u0119pno\u015b\u0107:<\/strong> Naszym celem jest zapewnienie dost\u0119pu do podstawowych lek\u00f3w tym, kt\u00f3rzy ich potrzebuj\u0105, zaspokajaj\u0105c w ten spos\u00f3b popyt na niezawodne produkty dost\u0119pne bez recepty i na recept\u0119.<\/p>\n<p><strong>Cz\u0119sto zadawane pytania:<\/strong><\/p>\n<p><\/em>   <strong>Czy mog\u0119 kupi\u0107 Tramadol Royal 225 mg bez recepty?<\/strong><br \/>\n    Oferujemy opcje <strong>kup Tramadol Royal 225 mg szybko online<\/strong> dzi\u0119ki przejrzystemu procesowi zakupu, spe\u0142niaj\u0105c potrzeby os\u00f3b poszukuj\u0105cych wygodnego dost\u0119pu do \u015brodk\u00f3w u\u015bmierzaj\u0105cych b\u00f3l.<\/p>\n<p><em>   <strong>Jak d\u0142ugo trwa dostawa?<\/strong><br \/>\n    Czas dostawy mo\u017ce si\u0119 r\u00f3\u017cni\u0107 w zale\u017cno\u015bci od Twojej lokalizacji w Europie, jednak dok\u0142adamy wszelkich stara\u0144, aby wysy\u0142ka i transport by\u0142y jak najszybsze, aby mie\u0107 pewno\u015b\u0107, \u017ce otrzymasz swoje zam\u00f3wienie jak najszybciej.<\/p>\n<p><\/em>   <strong>Czy moje zam\u00f3wienie jest dyskretne?<\/strong><br \/>\n    Tak, wszystkie nasze przesy\u0142ki s\u0105 pakowane dyskretnie, aby zapewni\u0107 Ci prywatno\u015b\u0107.<\/p>\n<p>*   <strong>Co mam zrobi\u0107, je\u015bli pomin\u0119 dawk\u0119?<\/strong><br \/>\n    W przypadku pomini\u0119cia dawki, nale\u017cy j\u0105 przyj\u0105\u0107 natychmiast po przypomnieniu sobie, chyba \u017ce zbli\u017ca si\u0119 pora kolejnej dawki. W takim przypadku nale\u017cy pomin\u0105\u0107 pomini\u0119t\u0105 dawk\u0119 i kontynuowa\u0107 regularny schemat dawkowania. Nie nale\u017cy przyjmowa\u0107 podw\u00f3jnej dawki w celu uzupe\u0142nienia pomini\u0119tej dawki.<\/p>\n<p><strong>Wnioski: Tw\u00f3j niezawodny partner w leczeniu b\u00f3lu<\/strong><\/p>\n<p>Kiedy szukasz <strong>kup Tramadol Royal 225 mg szybko online<\/strong>Nasza apteka internetowa jest wzorem niezawodno\u015bci i dyskrecji w ca\u0142ej Europie. Rozumiemy piln\u0105 potrzeb\u0119 skutecznego u\u015bmierzania b\u00f3lu i dok\u0142adamy wszelkich stara\u0144, aby zapewni\u0107 bezpieczny, wygodny i szybki dost\u0119p do wysokiej jako\u015bci lek\u00f3w. Dbamy o dyskretn\u0105 wysy\u0142k\u0119 i sprawn\u0105 dostaw\u0119 do Hiszpanii, W\u0142och, Niemiec, Holandii, Polski i Wielkiej Brytanii. Jako zaufany sprzedawca internetowy, szczycimy si\u0119 tym, \u017ce jeste\u015bmy niezawodnym \u017ar\u00f3d\u0142em zaspokojenia Twoich potrzeb zdrowotnych, oferuj\u0105c szerok\u0105 gam\u0119 produkt\u00f3w poprawiaj\u0105cych Twoje samopoczucie. Wybierz nas, aby skorzysta\u0107 z naszych rozwi\u0105za\u0144 w zakresie leczenia b\u00f3lu i do\u015bwiadcz spokoju ducha, jaki daje zaufany partner.<\/p>","protected":false},"excerpt":{"rendered":"<p>Poczuj szybk\u0105 ulg\u0119 w silnym b\u00f3lu dzi\u0119ki Tramadolowi Royal 225 mg. Ten silny lek przeciwb\u00f3lowy znany jest z szybko dzia\u0142aj\u0105cej formu\u0142y, kt\u00f3ra cz\u0119sto przynosi ulg\u0119 w ci\u0105gu 30-60 minut, dzi\u0119ki czemu idealnie nadaje si\u0119 do \u0142agodzenia b\u00f3lu pooperacyjnego i innych dolegliwo\u015bci. Ciesz\u0105cy si\u0119 zaufaniem na ca\u0142ym \u015bwiecie Tramadol Royal 225 mg skutecznie oddzia\u0142uje na sygna\u0142y b\u00f3lowe w m\u00f3zgu i rdzeniu kr\u0119gowym, zapewniaj\u0105c skuteczne leczenie b\u00f3lu. Uzyskaj szybki dost\u0119p do tego polecanego leku i poczuj si\u0119 lepiej szybciej.<\/p>","protected":false},"featured_media":10765,"template":"","meta":[],"product_brand":[],"product_cat":[305],"product_tag":[912,795,832,867,804,842,815,911,910,837],"class_list":{"0":"post-10740","1":"product","2":"type-product","3":"status-publish","4":"has-post-thumbnail","6":"product_cat-pain-relief","7":"product_tag-buy-tramadol-fast","8":"product_tag-buy-tramadol-online","9":"product_tag-discreet-shipping","10":"product_tag-european-pharmacy","11":"product_tag-fast-tramadol-delivery","12":"product_tag-online-pharmacy-europe","13":"product_tag-opioid-analgesic","14":"product_tag-tramadol-pain-relief","15":"product_tag-tramadol-royal-225mg","16":"product_tag-trusted-online-pharmacy","18":"first","19":"instock","20":"sale","21":"shipping-taxable","22":"purchasable","23":"product-type-variable"},"_links":{"self":[{"href":"https:\/\/capsovia.com\/pl\/wp-json\/wp\/v2\/product\/10740","targetHints":{"allow":["GET"]}}],"collection":[{"href":"https:\/\/capsovia.com\/pl\/wp-json\/wp\/v2\/product"}],"about":[{"href":"https:\/\/capsovia.com\/pl\/wp-json\/wp\/v2\/types\/product"}],"version-history":[{"count":0,"href":"https:\/\/capsovia.com\/pl\/wp-json\/wp\/v2\/product\/10740\/revisions"}],"wp:featuredmedia":[{"embeddable":true,"href":"https:\/\/capsovia.com\/pl\/wp-json\/wp\/v2\/media\/10765"}],"wp:attachment":[{"href":"https:\/\/capsovia.com\/pl\/wp-json\/wp\/v2\/media?parent=10740"}],"wp:term":[{"taxonomy":"product_brand","embeddable":true,"href":"https:\/\/capsovia.com\/pl\/wp-json\/wp\/v2\/product_brand?post=10740"},{"taxonomy":"product_cat","embeddable":true,"href":"https:\/\/capsovia.com\/pl\/wp-json\/wp\/v2\/product_cat?post=10740"},{"taxonomy":"product_tag","embeddable":true,"href":"https:\/\/capsovia.com\/pl\/wp-json\/wp\/v2\/product_tag?post=10740"}],"curies":[{"name":"wp","href":"https:\/\/api.w.org\/{rel}","templated":true}]}}