{"id":10776,"date":"2024-10-04T17:56:52","date_gmt":"2024-10-04T17:56:52","guid":{"rendered":"https:\/\/pharmaplazaonline.com\/?post_type=product&#038;p=10776"},"modified":"2026-04-17T22:28:32","modified_gmt":"2026-04-17T22:28:32","slug":"buy-oxynorm-5mg","status":"publish","type":"product","link":"https:\/\/capsovia.com\/pl\/product\/buy-oxynorm-5mg\/","title":{"rendered":"Kup Oxynorm 5 mg w Wielkiej Brytanii \u2013 szybko online"},"content":{"rendered":"<h2><strong>Kup Oxynorm 5 mg w Wielkiej Brytanii \u2013 szybka dostawa z Twojej zaufanej europejskiej apteki<\/strong><\/h2>\n<p>W poszukiwaniu skutecznego u\u015bmierzenia b\u00f3lu, <strong>kup Oxynorm 5 mg w Wielkiej Brytanii szybko online<\/strong> Cz\u0119sto jest to priorytetem dla wielu os\u00f3b. Jako wiod\u0105ca apteka internetowa dzia\u0142aj\u0105ca w ca\u0142ej Europie, rozumiemy zapotrzebowanie na niezawodny dost\u0119p do wysokiej jako\u015bci lek\u00f3w. Jeste\u015bmy renomowan\u0105 aptek\u0105 internetow\u0105, oferuj\u0105c\u0105 dyskretny i wygodny spos\u00f3b zakupu szerokiej gamy produkt\u00f3w na recept\u0119 i bez recepty, w tym niezwykle poszukiwanego Oxynormu 5 mg. Naszym zobowi\u0105zaniem jest obs\u0142uga klient\u00f3w w Hiszpanii, W\u0142oszech, Niemczech, Holandii, Polsce i Wielkiej Brytanii z szybko\u015bci\u0105, wydajno\u015bci\u0105 i niezachwian\u0105 wiarygodno\u015bci\u0105.<\/p>\n<h3><strong>Zrozumienie dzia\u0142ania Oxynormu 5 mg: Przegl\u0105d<\/strong><\/h3>\n<p>Oxynorm 5 mg to silny lek przeciwb\u00f3lowy nale\u017c\u0105cy do grupy opioid\u00f3w. Jego g\u0142\u00f3wnym sk\u0142adnikiem aktywnym jest chlorowodorek oksykodonu, p\u00f3\u0142syntetyczny opioid pochodz\u0105cy z kodeiny. Oxynorm zosta\u0142 opracowany specjalnie do leczenia b\u00f3lu o nasileniu od umiarkowanego do silnego, wymagaj\u0105cego ca\u0142odobowego leczenia opioidami. Jego szybki pocz\u0105tek dzia\u0142ania sprawia, \u017ce \u200b\u200bjest to preferowany wyb\u00f3r dla pacjent\u00f3w z ostrymi lub przewlek\u0142ymi stanami b\u00f3lowymi, w kt\u00f3rych niezb\u0119dna jest szybka ulga. Gwarantujemy, \u017ce\u2026 <strong>kup Oxynorm 5 mg w Wielkiej Brytanii szybko online<\/strong> u nas otrzymujesz oryginalny produkt, pochodz\u0105cy od zaufanych producent\u00f3w.<\/p>\n<h3><strong>Do czego stosuje si\u0119 Oxynorm 5 mg?<\/strong><\/h3>\n<p>Oxynorm 5 mg jest przepisywany w celu \u0142agodzenia silnego b\u00f3lu. Mo\u017ce to obejmowa\u0107 b\u00f3l zwi\u0105zany z:<\/p>\n<p><em>   <strong>B\u00f3l pooperacyjny:<\/strong> Po zabiegach chirurgicznych cz\u0119sto wyst\u0119puje silny b\u00f3l, a Oxynorm mo\u017ce przynie\u015b\u0107 znaczn\u0105 ulg\u0119.<br \/>\n<\/em>   <strong>B\u00f3l nowotworowy:<\/strong> Dla os\u00f3b zmagaj\u0105cych si\u0119 z rakiem przewlek\u0142y i cz\u0119sto silny b\u00f3l jest rzeczywisto\u015bci\u0105. Oxynorm mo\u017ce znacz\u0105co poprawi\u0107 jako\u015b\u0107 \u017cycia poprzez jego z\u0142agodzenie.<br \/>\n<em>   <strong>Stany przewlek\u0142ego b\u00f3lu:<\/strong> Oxynorm mo\u017ce by\u0107 pomocny w leczeniu takich schorze\u0144, jak silny b\u00f3l plec\u00f3w, zapalenie staw\u00f3w czy inne przewlek\u0142e schorzenia powoduj\u0105ce przewlek\u0142y dyskomfort.<br \/>\n<\/em>   <strong>Ci\u0119\u017ckie obra\u017cenia:<\/strong> Ostry b\u00f3l b\u0119d\u0105cy nast\u0119pstwem uraz\u00f3w mo\u017cna skutecznie leczy\u0107 tym lekiem.<\/p>\n<p><strong>Wa\u017cna uwaga:<\/strong> Oxynorm 5 mg to silny \u015brodek przeciwb\u00f3lowy i powinien by\u0107 stosowany wy\u0142\u0105cznie pod nadzorem lekarza. Jednak jako wiarygodne \u017ar\u00f3d\u0142o lek\u00f3w, zapewniamy pacjentom \u015bcie\u017ck\u0119 do\u2026 <strong>kup Oxynorm 5 mg w Wielkiej Brytanii szybko online<\/strong> gdy jest to stosowne dla ich potrzeb.<\/p>\n<h3><strong>Jak dzia\u0142a Oxynorm 5 mg?<\/strong><\/h3>\n<p>Chlorowodorek oksykodonu, substancja czynna leku Oxynorm, dzia\u0142a poprzez wi\u0105zanie si\u0119 z receptorami opioidowymi w m\u00f3zgu i rdzeniu kr\u0119gowym. Receptory te stanowi\u0105 cz\u0119\u015b\u0107 naturalnego uk\u0142adu \u0142agodz\u0105cego b\u00f3l w organizmie. Aktywuj\u0105c te receptory, oksykodon zmienia spos\u00f3b, w jaki organizm odczuwa b\u00f3l. Skutecznie blokuje przekazywanie sygna\u0142\u00f3w b\u00f3lowych do m\u00f3zgu, zapewniaj\u0105c tym samym znaczn\u0105 ulg\u0119 w b\u00f3lu. 5 mg w Oxynorm 5 mg odnosi si\u0119 do mocy dawki chlorowodorku oksykodonu na tabletk\u0119.<\/p>\n<h3><strong>Dawkowanie i spos\u00f3b podawania: Bezpieczne stosowanie leku Oxynorm 5 mg<\/strong><\/h3>\n<p>Kiedy ty <strong>kup Oxynorm 5 mg w Wielkiej Brytanii szybko online<\/strong>Zrozumienie prawid\u0142owego dawkowania i sposobu podawania jest kluczowe. Dawkowanie Oxynormu 5 mg nale\u017cy zawsze ustala\u0107 na podstawie nasilenia b\u00f3lu i indywidualnej reakcji pacjenta na lek.<\/p>\n<p><em>   <strong>Typowa dawka pocz\u0105tkowa:<\/strong> W przypadku os\u00f3b, kt\u00f3re obecnie nie przyjmuj\u0105 opioidowych lek\u00f3w przeciwb\u00f3lowych, dawka pocz\u0105tkowa mo\u017ce wynosi\u0107 jedn\u0105 tabletk\u0119 co cztery do sze\u015bciu godzin, w razie potrzeby \u0142agodzenia b\u00f3lu.<br \/>\n<\/em>   <strong>Miareczkowanie:<\/strong> Mo\u017ce zaistnie\u0107 konieczno\u015b\u0107 dostosowania (doboru) dawkowania w g\u00f3r\u0119 lub w d\u00f3\u0142 w zale\u017cno\u015bci od poziomu b\u00f3lu u pacjenta i ewentualnych skutk\u00f3w ubocznych.<br \/>\n<em>   <strong>Administracja:<\/strong> Tabletki Oxynorm 5 mg s\u0105 przeznaczone do podawania doustnego. Mo\u017cna je przyjmowa\u0107 z posi\u0142kiem lub bez. Wa\u017cne jest, aby po\u0142yka\u0107 tabletki w ca\u0142o\u015bci, bez kruszenia, \u017cucia ani prze\u0142amywania, poniewa\u017c mo\u017ce to spowodowa\u0107 natychmiastowe uwolnienie potencjalnie \u015bmiertelnej dawki leku.<br \/>\n<\/em>   <strong>Dawkowanie regularne:<\/strong> Aby uzyska\u0107 ci\u0105g\u0142\u0105 ulg\u0119 w b\u00f3lu, cz\u0119sto zaleca si\u0119 przyjmowanie tabletek w regularnych odst\u0119pach czasu (np. co cztery do sze\u015bciu godzin), zamiast czeka\u0107, a\u017c b\u00f3l stanie si\u0119 silny.<br \/>\n<em>   <strong>Konsultacja:<\/strong> Zawsze zapoznaj si\u0119 z ulotk\u0105 dla pacjenta do\u0142\u0105czon\u0105 do leku lub skonsultuj si\u0119 z lekarzem w sprawie dok\u0142adnego dawkowania i schematu dawkowania w Twojej konkretnej sytuacji. <strong>kup Oxynorm 5 mg w Wielkiej Brytanii szybko online<\/strong>, prosz\u0119 upewni\u0107 si\u0119, \u017ce te informacje s\u0105 \u0142atwo dost\u0119pne.<\/p>\n<h3><strong>Korzy\u015bci z wyboru naszej apteki internetowej do zakupu Oxynormu 5 mg w Wielkiej Brytanii \u2013 szybko online<\/strong><\/h3>\n<p>Jeste\u015bmy dumni z tego, \u017ce jeste\u015bmy zaufanym sprzedawc\u0105 internetowym, oferuj\u0105cym naszym klientom w ca\u0142ej Europie znacz\u0105ce korzy\u015bci:<\/p>\n<p><\/em>   <strong>Dyskretna wysy\u0142ka:<\/strong> Rozumiemy wag\u0119 prywatno\u015bci. Wszystkie zam\u00f3wienia wysy\u0142amy w prostym, dyskretnym opakowaniu, aby zapewni\u0107 poufno\u015b\u0107 Twoich danych osobowych i zawarto\u015bci zam\u00f3wienia.<br \/>\n<em>   <strong>Szybka i niezawodna dostawa:<\/strong> Staramy si\u0119 jak najszybciej przetworzy\u0107 i wys\u0142a\u0107 Twoje zam\u00f3wienie, aby dotar\u0142o ono do Ciebie szybko i sprawnie na terenie Hiszpanii, W\u0142och, Niemiec, Holandii, Polski i Wielkiej Brytanii.<br \/>\n<\/em>   <strong>Oryginalne produkty:<\/strong> Zale\u017cy nam na dostarczaniu wy\u0142\u0105cznie oryginalnych lek\u00f3w pochodz\u0105cych od renomowanych producent\u00f3w. Kiedy <strong>kup Oxynorm 5 mg w Wielkiej Brytanii szybko online<\/strong> od nas mo\u017cesz by\u0107 pewien jako\u015bci i skuteczno\u015bci produktu.<br \/>\n<em>   <strong>Wygoda:<\/strong> Unikaj konieczno\u015bci osobistych wizyt w aptece. Mo\u017cesz \u0142atwo przegl\u0105da\u0107, zamawia\u0107 i odbiera\u0107 leki w zaciszu w\u0142asnego domu. Nasza przyjazna dla u\u017cytkownika strona internetowa u\u0142atwia\u2026 <strong>kup Oxynorm 5 mg w Wielkiej Brytanii szybko online<\/strong>.<br \/>\n<\/em>   <strong>Szeroka gama produkt\u00f3w:<\/strong> Opr\u00f3cz Oxynormu oferujemy szeroki wyb\u00f3r lek\u00f3w na recept\u0119 i bez recepty, odpowiadaj\u0105cych r\u00f3\u017cnorodnym potrzebom zdrowotnym.<br \/>\n<em>   <strong>Zasi\u0119g europejski:<\/strong> Z naszych us\u0142ug mog\u0105 korzysta\u0107 klienci z ca\u0142ej Europy, w tym z tak kluczowych rynk\u00f3w jak Hiszpania, W\u0142ochy, Niemcy, Holandia, Polska i Wielka Brytania.<\/p>\n<h3><strong>Potencjalne skutki uboczne Oxynormu 5 mg<\/strong><\/h3>\n<p>Jak wszystkie leki, Oxynorm 5 mg mo\u017ce powodowa\u0107 dzia\u0142ania niepo\u017c\u0105dane, chocia\u017c nie u ka\u017cdego one wyst\u0105pi\u0105. Nale\u017cy by\u0107 \u015bwiadomym tych potencjalnych reakcji podczas stosowania. <strong>kup Oxynorm 5 mg w Wielkiej Brytanii szybko online<\/strong>.<\/p>\n<p><strong>Cz\u0119ste skutki uboczne:<\/strong><\/p>\n<p><\/em>   Nudno\u015bci i wymioty<br \/>\n<em>   Zaparcie<br \/>\n<\/em>   Senno\u015b\u0107 i zawroty g\u0142owy<br \/>\n<em>   B\u00f3l g\u0142owy<br \/>\n<\/em>   Sucho\u015b\u0107 w ustach<br \/>\n<em>   Sw\u0119dz\u0105cy<\/p>\n<p><strong>Mniej powszechne, ale powa\u017cne skutki uboczne:<\/strong><\/p>\n<p><\/em>   <strong>Depresja oddechowa:<\/strong> Spowolniony lub p\u0142ytki oddech. To powa\u017cny skutek uboczny, kt\u00f3ry wymaga natychmiastowej interwencji lekarskiej.<br \/>\n<em>   <strong>Uzale\u017cnienie i na\u0142\u00f3g:<\/strong> Leki opioidowe, w tym Oxynorm, nios\u0105 ze sob\u0105 ryzyko uzale\u017cnienia fizycznego i psychicznego. Nale\u017cy stosowa\u0107 lek \u015bci\u015ble wed\u0142ug zalece\u0144 lekarza.<br \/>\n<\/em>   <strong>Dezorientacja i ospa\u0142o\u015b\u0107:<\/strong> Szczeg\u00f3lnie w wi\u0119kszych dawkach lub w po\u0142\u0105czeniu z innymi depresantami o\u015brodkowego uk\u0142adu nerwowego.<br \/>\n<em>   <strong>Niskie ci\u015bnienie krwi (niedoci\u015bnienie):<\/strong> Mo\u017ce powodowa\u0107 zawroty g\u0142owy i omdlenia.<br \/>\n<\/em>   <strong>Reakcje alergiczne:<\/strong> Cho\u0107 objawy takie jak wysypka, sw\u0119dzenie, obrz\u0119k, silne zawroty g\u0142owy lub trudno\u015bci w oddychaniu zdarzaj\u0105 si\u0119 rzadko, wymagaj\u0105 natychmiastowej pomocy lekarskiej.<\/p>\n<p>W przypadku wyst\u0105pienia jakichkolwiek powa\u017cnych lub uporczywych skutk\u00f3w ubocznych nale\u017cy przerwa\u0107 stosowanie i natychmiast zwr\u00f3ci\u0107 si\u0119 o pomoc lekarsk\u0105. Pami\u0119taj, aby poinformowa\u0107 lekarza o wszystkich przyjmowanych lekach, aby unikn\u0105\u0107 potencjalnie niebezpiecznych interakcji.<\/p>\n<h3><strong>\u015arodki ostro\u017cno\u015bci i ostrze\u017cenia przy zakupie Oxynorm 5 mg w Wielkiej Brytanii \u2013 szybko online<\/strong><\/h3>\n<p>Zanim ty <strong>kup Oxynorm 5 mg w Wielkiej Brytanii szybko online<\/strong>, nale\u017cy bezwzgl\u0119dnie przestrzega\u0107 nast\u0119puj\u0105cych \u015brodk\u00f3w ostro\u017cno\u015bci i ostrze\u017ce\u0144:<\/p>\n<p><em>   <strong>Potencja\u0142 uzale\u017cniaj\u0105cy:<\/strong> Opioidy uzale\u017cniaj\u0105. Stosowa\u0107 wy\u0142\u0105cznie zgodnie z zaleceniami i nie przekracza\u0107 przepisanej dawki ani czasu trwania leczenia bez konsultacji z lekarzem.<br \/>\n<\/em>   <strong>Prowadzenie pojazd\u00f3w i obs\u0142uga maszyn:<\/strong> Oxynorm mo\u017ce powodowa\u0107 senno\u015b\u0107 i zawroty g\u0142owy. Unikaj czynno\u015bci wymagaj\u0105cych czujno\u015bci, dop\u00f3ki nie dowiesz si\u0119, jak lek na Ciebie dzia\u0142a.<br \/>\n<em>   <strong>Alkohol i inne \u015brodki depresyjne o\u015brodkowego uk\u0142adu nerwowego:<\/strong> Po\u0142\u0105czenie alkoholu, benzodiazepin lub innych depresant\u00f3w o\u015brodkowego uk\u0142adu nerwowego z Oxynormem mo\u017ce znacznie zwi\u0119kszy\u0107 ryzyko wyst\u0105pienia depresji oddechowej, \u015bpi\u0105czki, a nawet \u015bmierci.<br \/>\n<\/em>   <strong>Ci\u0105\u017ca i karmienie piersi\u0105:<\/strong> Leku Oxynorm nie nale\u017cy stosowa\u0107 w okresie ci\u0105\u017cy ani karmienia piersi\u0105, chyba \u017ce lekarz wyra\u017anie zaleci inaczej, poniewa\u017c mo\u017ce on zaszkodzi\u0107 p\u0142odowi lub karmionemu piersi\u0105 niemowl\u0119ciu.<br \/>\n<em>   <strong>Stany chorobowe:<\/strong> Poinformuj lekarza o wszelkich istniej\u0105cych wcze\u015bniej schorzeniach, zw\u0142aszcza o problemach z oddychaniem, chorobach w\u0105troby lub nerek, a tak\u017ce o nadu\u017cywaniu substancji psychoaktywnych.<br \/>\n<\/em>   <strong>Pacjenci w podesz\u0142ym wieku:<\/strong> Osoby starsze mog\u0105 by\u0107 bardziej wra\u017cliwe na skutki uboczne lek\u00f3w opioidowych.<\/p>\n<h3><strong>Gdzie kupi\u0107 Oxynorm 5 mg w Wielkiej Brytanii \u2013 szybko online<\/strong><\/h3>\n<p>Jako wiod\u0105ca apteka internetowa obs\u0142uguj\u0105ca Europ\u0119, jeste\u015bmy dla Ciebie niezawodnym miejscem docelowym <strong>kup Oxynorm 5 mg w Wielkiej Brytanii szybko online<\/strong>Rozumiemy, jak wa\u017cna jest dost\u0119pno\u015b\u0107, dyskrecja i autentyczno\u015b\u0107 w kontek\u015bcie pozyskiwania niezb\u0119dnych lek\u00f3w. Nasza bezpieczna platforma internetowa umo\u017cliwia bezproblemowy proces zakup\u00f3w, gwarantuj\u0105c szybk\u0105 i spokojn\u0105 dostaw\u0119 lek\u00f3w. Dok\u0142adamy wszelkich stara\u0144, aby obs\u0142ugiwa\u0107 naszych klient\u00f3w w Hiszpanii, W\u0142oszech, Niemczech, Holandii, Polsce i Wielkiej Brytanii, zapewniaj\u0105c im najwy\u017csze standardy obs\u0142ugi.<\/p>\n<h3><strong>Wnioski: Twoje zaufane \u017ar\u00f3d\u0142o, w kt\u00f3rym kupisz Oxynorm 5 mg w Wielkiej Brytanii \u2013 szybko online<\/strong><\/h3>\n<p>Dla os\u00f3b poszukuj\u0105cych skutecznej i szybkiej ulgi w b\u00f3lu, mo\u017cliwo\u015b\u0107 <strong>kup Oxynorm 5 mg w Wielkiej Brytanii szybko online<\/strong> to kluczowa kwestia. Nasza apteka internetowa jest renomowanym i wiarygodnym \u017ar\u00f3d\u0142em, zaanga\u017cowanym w dostarczanie oryginalnego Oxynormu 5 mg i szerokiej gamy innych produkt\u00f3w zdrowotnych w ca\u0142ej Europie. Priorytetem jest dla nas Twoja prywatno\u015b\u0107, dyskretna wysy\u0142ka i szybka dostawa pod Twoje drzwi w Hiszpanii, W\u0142oszech, Niemczech, Holandii, Polsce i Wielkiej Brytanii. Wybieraj\u0105c nas, wybierasz zaufanego partnera w swojej podr\u00f3\u017cy zdrowotnej, gwarantuj\u0105c Ci ulg\u0119, kt\u00f3rej potrzebujesz, kiedy najbardziej jej potrzebujesz. Zawsze jeste\u015bmy do Twojej dyspozycji. <strong>kup Oxynorm 5 mg w Wielkiej Brytanii szybko online<\/strong>.<\/p>","protected":false},"excerpt":{"rendered":"<p>Cierpisz na b\u00f3l o nasileniu od umiarkowanego do silnego? **Kup Oxynorm 5 mg w Wielkiej Brytanii** online ju\u017c dzi\u015b, aby uzyska\u0107 skuteczn\u0105 ulg\u0119. Nasza zaufana apteka internetowa oferuje Oxynorm w Wielkiej Brytanii, pomagaj\u0105c Ci radzi\u0107 sobie z b\u00f3lem spowodowanym chorobami takimi jak rak i poprawiaj\u0105c jako\u015b\u0107 \u017cycia. Post\u0119puj zgodnie z naszymi prostymi wskaz\u00f3wkami dotycz\u0105cymi dawkowania, aby uzyska\u0107 optymalne rezultaty. Szybko i niezawodnie zam\u00f3w Oxynorm 5 mg ju\u017c teraz!<\/p>","protected":false},"featured_media":10803,"template":"","meta":[],"product_brand":[],"product_cat":[305],"product_tag":[881,867,883,859,882,885,884],"class_list":{"0":"post-10776","1":"product","2":"type-product","3":"status-publish","4":"has-post-thumbnail","6":"product_cat-pain-relief","7":"product_tag-buy-oxynorm-5mg-uk","8":"product_tag-european-pharmacy","9":"product_tag-fast-online-pharmacy","10":"product_tag-oxycodone-hydrochloride","11":"product_tag-oxynorm-5mg-online","12":"product_tag-prescription-medication-uk","13":"product_tag-severe-pain-relief","15":"first","16":"instock","17":"sale","18":"shipping-taxable","19":"purchasable","20":"product-type-variable"},"_links":{"self":[{"href":"https:\/\/capsovia.com\/pl\/wp-json\/wp\/v2\/product\/10776","targetHints":{"allow":["GET"]}}],"collection":[{"href":"https:\/\/capsovia.com\/pl\/wp-json\/wp\/v2\/product"}],"about":[{"href":"https:\/\/capsovia.com\/pl\/wp-json\/wp\/v2\/types\/product"}],"version-history":[{"count":0,"href":"https:\/\/capsovia.com\/pl\/wp-json\/wp\/v2\/product\/10776\/revisions"}],"wp:featuredmedia":[{"embeddable":true,"href":"https:\/\/capsovia.com\/pl\/wp-json\/wp\/v2\/media\/10803"}],"wp:attachment":[{"href":"https:\/\/capsovia.com\/pl\/wp-json\/wp\/v2\/media?parent=10776"}],"wp:term":[{"taxonomy":"product_brand","embeddable":true,"href":"https:\/\/capsovia.com\/pl\/wp-json\/wp\/v2\/product_brand?post=10776"},{"taxonomy":"product_cat","embeddable":true,"href":"https:\/\/capsovia.com\/pl\/wp-json\/wp\/v2\/product_cat?post=10776"},{"taxonomy":"product_tag","embeddable":true,"href":"https:\/\/capsovia.com\/pl\/wp-json\/wp\/v2\/product_tag?post=10776"}],"curies":[{"name":"wp","href":"https:\/\/api.w.org\/{rel}","templated":true}]}}