{"id":10781,"date":"2024-10-04T17:56:52","date_gmt":"2024-10-04T17:56:52","guid":{"rendered":"https:\/\/pharmaplazaonline.com\/?post_type=product&#038;p=10781"},"modified":"2026-04-17T22:28:56","modified_gmt":"2026-04-17T22:28:56","slug":"buy-percocet-online","status":"publish","type":"product","link":"https:\/\/capsovia.com\/pl\/product\/buy-percocet-online\/","title":{"rendered":"Kup tabletki Percocet szybko online"},"content":{"rendered":"<h2><strong>Zam\u00f3w tabletki Percocet online z pewno\u015bci\u0105: Twoja zaufana europejska apteka<\/strong><\/h2>\n<p>Szukasz niezawodnego i dyskretnego sposobu na <strong>Kup szybko tabletki Percocet online<\/strong>Nie szukaj dalej. Jako wiod\u0105ca apteka internetowa obs\u0142uguj\u0105ca Hiszpani\u0119, W\u0142ochy, Niemcy, Holandi\u0119, Polsk\u0119 i Wielk\u0105 Brytani\u0119, zapewniamy p\u0142ynn\u0105 i bezpieczn\u0105 platform\u0119 dost\u0119pu do niezb\u0119dnych lek\u00f3w. Naszym zobowi\u0105zaniem jest oferowanie wysokiej jako\u015bci lek\u00f3w na recept\u0119 i bez recepty, zapewniaj\u0105c Ci ulg\u0119, kt\u00f3rej potrzebujesz, z zachowaniem maksymalnej wygody i prywatno\u015bci. Rozumiemy wag\u0119 szybkiego dost\u0119pu do rozwi\u0105za\u0144 w zakresie leczenia b\u00f3lu, a nasza przyspieszona wysy\u0142ka na terenie Europy oznacza, \u017ce \u200b\u200botrzymasz tabletki Percocetu szybko i bezproblemowo.<\/p>\n<h3><strong>Zrozumienie Percocetu: Twoje rozwi\u0105zanie na b\u00f3l<\/strong><\/h3>\n<p>Percocet to silny lek z\u0142o\u017cony stosowany w leczeniu b\u00f3lu o nasileniu od umiarkowanego do silnego. Zawiera dwie substancje czynne: oksykodon i acetaminofen.<\/p>\n<p><em>   <strong>Oksykodon:<\/strong> To opioidowy lek przeciwb\u00f3lowy, kt\u00f3ry dzia\u0142a poprzez zmian\u0119 sposobu, w jaki m\u00f3zg i uk\u0142ad nerwowy reaguj\u0105 na b\u00f3l. Wi\u0105\u017ce si\u0119 z receptorami opioidowymi w m\u00f3zgu, skutecznie blokuj\u0105c dotarcie sygna\u0142\u00f3w b\u00f3lowych do organizmu.<br \/>\n<\/em>   <strong>Paracetamol:<\/strong> To nieopioidowy lek przeciwb\u00f3lowy i przeciwgor\u0105czkowy. Dzia\u0142a w m\u00f3zgu i rdzeniu kr\u0119gowym, hamuj\u0105c produkcj\u0119 prostaglandyn, czyli substancji chemicznych wywo\u0142uj\u0105cych b\u00f3l i gor\u0105czk\u0119.<\/p>\n<p>Po\u0142\u0105czenie tych dw\u00f3ch sk\u0142adnik\u00f3w w Percocecie zapewnia synergistyczne dzia\u0142anie, oferuj\u0105c znaczn\u0105 ulg\u0119 w ostrych i przewlek\u0142ych stanach b\u00f3lowych. Niezale\u017cnie od tego, czy odczuwasz b\u00f3l pooperacyjny, dyskomfort zwi\u0105zany z urazem, czy przewlek\u0142y b\u00f3l spowodowany schorzeniami takimi jak zapalenie staw\u00f3w, Percocet mo\u017ce by\u0107 skutecznym rozwi\u0105zaniem.<\/p>\n<h3><strong>Dlaczego warto wybra\u0107 nas, aby szybko kupi\u0107 tabletki Percocet online?<\/strong><\/h3>\n<p>Poruszanie si\u0119 po procesie uzyskiwania lek\u00f3w na recept\u0119 cz\u0119sto bywa trudne. Staramy si\u0119 to dla Ciebie upro\u015bci\u0107. Kiedy <strong>Kup szybko tabletki Percocet online<\/strong> korzystaj\u0105c z us\u0142ug naszej renomowanej apteki internetowej, mo\u017cesz liczy\u0107 na:<\/p>\n<p><em>   <strong>Dyskretna wysy\u0142ka:<\/strong> Rozumiemy wag\u0119 prywatno\u015bci. Wszystkie zam\u00f3wienia wysy\u0142amy w prostych, nieoznakowanych opakowaniach, aby zapewni\u0107 Ci poufno\u015b\u0107.<br \/>\n<\/em>   <strong>Szybka dostawa w ca\u0142ej Europie:<\/strong> Dzi\u0119ki strategicznie rozlokowanym punktom dystrybucji, jeste\u015bmy w stanie zaoferowa\u0107 szybk\u0105 dostaw\u0119 do Hiszpanii, W\u0142och, Niemiec, Holandii, Polski i Wielkiej Brytanii. Mo\u017cesz liczy\u0107 na nasz\u0105 szybk\u0105 realizacj\u0119 zam\u00f3wie\u0144.<br \/>\n<em>   <strong>Oryginalne leki:<\/strong> Nasze produkty pochodz\u0105 bezpo\u015brednio od licencjonowanych producent\u00f3w, co gwarantuje autentyczno\u015b\u0107 i jako\u015b\u0107 ka\u017cdego oferowanego przez nas leku.<br \/>\n<\/em>   <strong>Bezpieczna platforma internetowa:<\/strong> Nasza strona internetowa wykorzystuje najnowocze\u015bniejsze \u015brodki bezpiecze\u0144stwa, aby chroni\u0107 Twoje dane osobowe i finansowe podczas procesu sk\u0142adania zam\u00f3wienia.<br \/>\n<em>   <strong>\u0141atwy dost\u0119p:<\/strong> Omi\u0144 konieczno\u015b\u0107 osobistych wizyt w aptece. Zam\u00f3w tabletki Percocetu z domu, a my dostarczymy je prosto pod Twoje drzwi.<br \/>\n<\/em>   <strong>Obs\u0142uga klienta:<\/strong> Nasz oddany zesp\u00f3\u0142 obs\u0142ugi klienta jest do Pa\u0144stwa dyspozycji i ch\u0119tnie odpowie na wszelkie pytania lub w\u0105tpliwo\u015bci dotycz\u0105ce Pa\u0144stwa zam\u00f3wienia lub naszych produkt\u00f3w.<\/p>\n<h3><strong>Dawkowanie i spos\u00f3b podawania leku Percocet: Przewodnik po bezpiecznym stosowaniu<\/strong><\/h3>\n<p>Nale\u017cy stosowa\u0107 Percocet \u015bci\u015ble wed\u0142ug zalece\u0144 lekarza. Nieprawid\u0142owe dawkowanie lub d\u0142ugotrwa\u0142e stosowanie mo\u017ce prowadzi\u0107 do powa\u017cnych skutk\u00f3w ubocznych i uzale\u017cnienia.<\/p>\n<p><em>   <strong>Typowe dawkowanie:<\/strong> Dawkowanie leku Percocet r\u00f3\u017cni si\u0119 w zale\u017cno\u015bci od nasilenia b\u00f3lu, indywidualnej reakcji na lek oraz mocy tabletki. Typowe st\u0119\u017cenia to Percocet 5\/325, 10\/325 i wy\u017csze. Lekarz okre\u015bli odpowiedni\u0105 moc i cz\u0119stotliwo\u015b\u0107 przyjmowania leku.<br \/>\n<\/em>   <strong>Jak przyjmowa\u0107:<\/strong> Tabletki Percocetu przyjmuje si\u0119 doustnie, zazwyczaj co cztery do sze\u015bciu godzin, w razie potrzeby u\u015bmierzania b\u00f3lu.<br \/>\n<em>   <strong>Wa\u017cne uwagi:<\/strong><br \/>\n    <\/em>   Nie nale\u017cy przekracza\u0107 zalecanej dawki.<br \/>\n    <em>   Nie nale\u017cy przyjmowa\u0107 leku Percocet cz\u0119\u015bciej ni\u017c zalecono.<br \/>\n    <\/em>   Je\u015bli przepisana dawka nie \u0142agodzi b\u00f3lu, przed jej zwi\u0119kszeniem nale\u017cy skonsultowa\u0107 si\u0119 z lekarzem.<br \/>\n    <em>   Nigdy nie dziel si\u0119 tabletkami Percocet z innymi osobami, poniewa\u017c mo\u017ce to by\u0107 niebezpieczne i niezgodne z prawem.<br \/>\n    <\/em>   Przechowuj Percocet w bezpiecznym miejscu, poza zasi\u0119giem dzieci i zwierz\u0105t domowych.<\/p>\n<p>Kiedy ty <strong>Kup szybko tabletki Percocet online<\/strong>, upewnij si\u0119, \u017ce otrzyma\u0142e\u015b jasne instrukcje od lekarza dotycz\u0105ce konkretnego dawkowania.<\/p>\n<h3><strong>Zastosowania terapeutyczne Percocetu<\/strong><\/h3>\n<p>Percocet jest przepisywany g\u0142\u00f3wnie w celu \u0142agodzenia b\u00f3lu o nasileniu umiarkowanym do umiarkowanie silnego, wymagaj\u0105cego zastosowania opioidowego leku przeciwb\u00f3lowego. Jego zastosowania obejmuj\u0105:<\/p>\n<p><em>   <strong>B\u00f3l pooperacyjny:<\/strong> Percocet mo\u017ce skutecznie \u0142agodzi\u0107 b\u00f3l i dyskomfort pooperacyjny po inwazyjnych zabiegach medycznych.<br \/>\n<\/em>   <strong>Zarz\u0105dzanie urazami:<\/strong> W przypadku ostrych uraz\u00f3w, takich jak z\u0142amania, skr\u0119cenia i naci\u0105gni\u0119cia, Percocet zapewnia znaczn\u0105 ulg\u0119 w b\u00f3lu, przyspieszaj\u0105c rekonwalescencj\u0119.<br \/>\n<em>   <strong>Przewlek\u0142e schorzenia b\u00f3lowe:<\/strong> W niekt\u00f3rych przypadkach lek Percocet mo\u017cna stosowa\u0107 w kr\u00f3tkotrwa\u0142ym leczeniu przewlek\u0142ego b\u00f3lu zwi\u0105zanego z chorobami, takimi jak choroba zwyrodnieniowa staw\u00f3w lub b\u00f3l plec\u00f3w, pod \u015bcis\u0142ym nadzorem lekarza.<br \/>\n<\/em>   <strong>B\u00f3l z\u0119ba:<\/strong> Silny b\u00f3l po zabiegach stomatologicznych, takich jak ekstrakcja korzeni czy leczenie kana\u0142owe, mo\u017cna z\u0142agodzi\u0107 lekiem Percocet.<\/p>\n<p>Nale\u017cy pami\u0119ta\u0107, \u017ce Percocet jest silnym lekiem. Jego stosowanie powinno by\u0107 ograniczone do czasu niezb\u0119dnego do u\u015bmierzenia b\u00f3lu i pod nadzorem wykwalifikowanego lekarza.<\/p>\n<h3><strong>Potencjalne skutki uboczne leku Percocet<\/strong><\/h3>\n<p>Jak ka\u017cdy lek, Percocet mo\u017ce powodowa\u0107 dzia\u0142ania niepo\u017c\u0105dane. Niekt\u00f3re s\u0105 powszechne, inne powa\u017cniejsze. Nale\u017cy pami\u0119ta\u0107 o tych potencjalnych skutkach:<\/p>\n<p><strong>Cz\u0119ste skutki uboczne:<\/strong><\/p>\n<p><em>   Md\u0142o\u015bci<br \/>\n<\/em>   Wymioty<br \/>\n<em>   Zaparcie<br \/>\n<\/em>   Senno\u015b\u0107<br \/>\n<em>   Zawroty g\u0142owy<br \/>\n<\/em>   Zawr\u00f3t g\u0142owy<br \/>\n<em>   Opanowanie<br \/>\n<\/em>   Sucho\u015b\u0107 w ustach<br \/>\n<em>   Sw\u0119dz\u0105cy<\/p>\n<p><strong>Powa\u017cne skutki uboczne (w przypadku wyst\u0105pienia tych objaw\u00f3w nale\u017cy natychmiast zwr\u00f3ci\u0107 si\u0119 o pomoc lekarsk\u0105):<\/strong><\/p>\n<p><\/em>   <strong>Depresja oddechowa:<\/strong> Zwolniony lub p\u0142ytki oddech stanowi powa\u017cne zagro\u017cenie. Je\u015bli oddech stanie si\u0119 znacznie wolniejszy lub p\u0142ytszy, nale\u017cy natychmiast wezwa\u0107 pomoc medyczn\u0105.<br \/>\n<em>   <strong>Silna senno\u015b\u0107 lub zawroty g\u0142owy:<\/strong> Mo\u017ce to upo\u015bledza\u0107 zdolno\u015b\u0107 obs\u0142ugi maszyn i prowadzenia pojazd\u00f3w.<br \/>\n<\/em>   <strong>Dezorientacja lub urojenia:<\/strong><br \/>\n<em>   <strong>Napady padaczkowe:<\/strong><br \/>\n<\/em>   <strong>Pokrzywka lub wysypka:<\/strong><br \/>\n<em>   <strong>Obrz\u0119k twarzy, warg, j\u0119zyka lub gard\u0142a:<\/strong> Objawy silnej reakcji alergicznej.<br \/>\n<\/em>   <strong>Halucynacje:<\/strong><br \/>\n<em>   <strong>Niskie ci\u015bnienie krwi:<\/strong><br \/>\n<\/em>   <strong>Zesp\u00f3\u0142 serotoninowy:<\/strong> Zw\u0142aszcza w przypadku przyjmowania innych lek\u00f3w wp\u0142ywaj\u0105cych na poziom serotoniny (np. SSRI, SNRI, inhibitor\u00f3w MAO). Objawy obejmuj\u0105 pobudzenie, halucynacje, szybkie bicie serca, gor\u0105czk\u0119, pocenie si\u0119, sztywno\u015b\u0107 mi\u0119\u015bni i utrat\u0119 koordynacji.<br \/>\n<em>   <strong>Niewydolno\u015b\u0107 nadnerczy:<\/strong> Do objaw\u00f3w nale\u017c\u0105 nudno\u015bci, wymioty, utrata apetytu, zm\u0119czenie, os\u0142abienie, zawroty g\u0142owy i niskie ci\u015bnienie krwi.<\/p>\n<p><strong>Ryzyko uzale\u017cnienia i na\u0142ogu:<\/strong> Leki opioidowe, takie jak oksykodon, nios\u0105 ze sob\u0105 znaczne ryzyko uzale\u017cnienia, na\u0142ogu i nadu\u017cywania. Nale\u017cy stosowa\u0107 Percocet wy\u0142\u0105cznie zgodnie z zaleceniami lekarza i om\u00f3wi\u0107 wszelkie obawy dotycz\u0105ce uzale\u017cnienia.<\/p>\n<h3><strong>Wa\u017cne \u015brodki ostro\u017cno\u015bci i przeciwwskazania<\/strong><\/h3>\n<p>Zanim ty <strong>Kup szybko tabletki Percocet online<\/strong>, prosimy o zapoznanie si\u0119 z poni\u017cszymi wa\u017cnymi \u015brodkami ostro\u017cno\u015bci, aby zapewni\u0107 bezpieczne i skuteczne stosowanie:<\/p>\n<p><\/em>   <strong>Interakcja z alkoholem:<\/strong> Nale\u017cy unika\u0107 spo\u017cywania alkoholu podczas przyjmowania leku Percocet, poniewa\u017c mo\u017ce to zwi\u0119kszy\u0107 ryzyko wyst\u0105pienia powa\u017cnych dzia\u0142a\u0144 niepo\u017c\u0105danych, w tym zagra\u017caj\u0105cej \u017cyciu depresji oddechowej.<br \/>\n<em>   <strong>Interakcje lek\u00f3w:<\/strong> Percocet mo\u017ce wchodzi\u0107 w interakcje z wieloma innymi lekami, w tym z innymi opioidami, benzodiazepinami, lekami uspokajaj\u0105cymi, przeciwdepresyjnymi, inhibitorami MAO i lekami zwiotczaj\u0105cymi mi\u0119\u015bnie. Zawsze informuj lekarza lub farmaceut\u0119 o wszystkich przyjmowanych lekach, suplementach diety i produktach zio\u0142owych.<br \/>\n<\/em>   <strong>Ci\u0105\u017ca i karmienie piersi\u0105:<\/strong> Bezpiecze\u0144stwo stosowania leku Percocet w okresie ci\u0105\u017cy i karmienia piersi\u0105 nie zosta\u0142o w pe\u0142ni potwierdzone. Je\u015bli jeste\u015b w ci\u0105\u017cy, planujesz ci\u0105\u017c\u0119 lub karmisz piersi\u0105, skonsultuj si\u0119 z lekarzem przed zastosowaniem leku Percocet.<br \/>\n<em>   <strong>Stany chorobowe:<\/strong> Poinformuj swojego lekarza o wszelkich istniej\u0105cych wcze\u015bniej schorzeniach, zw\u0142aszcza:<br \/>\n    <\/em>   Problemy z oddychaniem (np. astma, POChP)<br \/>\n    <em>   Bezdech senny<br \/>\n    <\/em>   Historia nadu\u017cywania substancji psychoaktywnych lub uzale\u017cnienia<br \/>\n    <em>   Problemy \u017co\u0142\u0105dkowo-jelitowe (np. niedro\u017cno\u015b\u0107 jelit, choroba Le\u015bniowskiego-Crohna)<br \/>\n    <\/em>   Choroba nerek lub w\u0105troby<br \/>\n    <em>   Urazy g\u0142owy lub guzy m\u00f3zgu<br \/>\n    <\/em>   Zaburzenia napadowe<br \/>\n    <em>   Problemy z tarczyc\u0105<br \/>\n    <\/em>   Problemy z nadnerczami<br \/>\n<em>   <strong>Prowadzenie pojazd\u00f3w i obs\u0142uga maszyn:<\/strong> Percocet mo\u017ce upo\u015bledza\u0107 zdolno\u015b\u0107 oceny sytuacji i sprawno\u015b\u0107 fizyczn\u0105. Unikaj prowadzenia pojazd\u00f3w i obs\u0142ugiwania ci\u0119\u017ckich maszyn, dop\u00f3ki nie upewnisz si\u0119, jak ten lek na Ciebie dzia\u0142a.<br \/>\n<\/em>   <strong>Zaprzestanie:<\/strong> Nie nale\u017cy nagle przerywa\u0107 stosowania leku Percocet bez konsultacji z lekarzem. Nag\u0142e przerwanie stosowania leku mo\u017ce prowadzi\u0107 do wyst\u0105pienia objaw\u00f3w odstawiennych.<\/p>\n<h3><strong>Dlaczego zakup tabletek Percocet online u nas to m\u0105dry wyb\u00f3r<\/strong><\/h3>\n<p>Zale\u017cy nam na zapewnieniu niezawodnego i dost\u0119pnego \u017ar\u00f3d\u0142a lek\u00f3w w ca\u0142ej Europie. Je\u015bli zdecydujesz si\u0119 na\u2026 <strong>Kup szybko tabletki Percocet online<\/strong> z naszej zaufanej europejskiej apteki wybierasz:<\/p>\n<p><em>   <strong>Zapewnienie jako\u015bci:<\/strong> Staramy si\u0119 oferowa\u0107 oryginalne tabletki Percocet, pochodz\u0105ce od renomowanych producent\u00f3w farmaceutycznych.<br \/>\n<\/em>   <strong>Wygoda:<\/strong> Nasza przyjazna u\u017cytkownikowi platforma internetowa umo\u017cliwia sk\u0142adanie zam\u00f3wie\u0144 w dowolnym czasie i miejscu, bez k\u0142opot\u00f3w zwi\u0105zanych z tradycyjnym uzupe\u0142nianiem recept.<br \/>\n<em>   <strong>Dyskrecja:<\/strong> Twoja prywatno\u015b\u0107 jest naszym priorytetem. Dbamy o to, aby wszystkie przesy\u0142ki by\u0142y dyskretne i bezpieczne.<br \/>\n<\/em>   <strong>Pr\u0119dko\u015b\u0107:<\/strong> Nasza sprawna sie\u0107 logistyczna gwarantuje szybk\u0105 dostaw\u0119 tabletek Percocet do klient\u00f3w w ca\u0142ej Hiszpanii, W\u0142oszech, Niemczech, Holandii, Polsce i Wielkiej Brytanii.<\/p>\n<p>Rozumiemy, \u017ce dost\u0119p do skutecznego leczenia b\u00f3lu jest niezb\u0119dny dla jako\u015bci Twojego \u017cycia. D\u0105\u017cymy do tego, by by\u0107 Twoim preferowanym partnerem w zdrowiu, oferuj\u0105c niezawodny dost\u0119p do lek\u00f3w takich jak Percocet, z szybko\u015bci\u0105 i dyskrecj\u0105, na jak\u0105 zas\u0142ugujesz. Nasz\u0105 misj\u0105 jest zapewnienie Ci wygodnego dost\u0119pu do potrzebnych Ci terapii, aby\u015b m\u00f3g\u0142 skutecznie radzi\u0107 sobie z b\u00f3lem i \u017cy\u0107 pe\u0142ni\u0105 \u017cycia. Zaufaj nam, a dostarczymy Ci leki bezpiecznie i szybko. Kiedy tego potrzebujesz <strong>Kup szybko tabletki Percocet online<\/strong>, wybierz nas jako sw\u00f3j pierwszy wyb\u00f3r, aby cieszy\u0107 si\u0119 bezproblemowym i bezpiecznym do\u015bwiadczeniem.<\/p>","protected":false},"excerpt":{"rendered":"<p>Potrzebujesz szybkiej ulgi w b\u00f3lu umiarkowanym do silnego? Kup tabletki Percocet online z \u0142atwo\u015bci\u0105 i szybk\u0105 dostaw\u0105. Percocet, sprawdzone po\u0142\u0105czenie oksykodonu i acetaminofenu, zosta\u0142 opracowany przez ekspert\u00f3w, aby u\u015bmierzy\u0107 silny b\u00f3l. Dost\u0119pny w wygodnych dawkach, Percocet 30 mg, 10\/325 lub 5\/325, w zale\u017cno\u015bci od potrzeb. Zam\u00f3w tabletki Percocet ju\u017c dzi\u015b i poczuj si\u0119 lepiej!<\/p>","protected":false},"featured_media":10805,"template":"","meta":[],"product_brand":[],"product_cat":[305],"product_tag":[886,867,889,888,890,800,887],"class_list":{"0":"post-10781","1":"product","2":"type-product","3":"status-publish","4":"has-post-thumbnail","6":"product_cat-pain-relief","7":"product_tag-buy-percocet-online","8":"product_tag-european-pharmacy","9":"product_tag-fast-percocet-delivery","10":"product_tag-order-percocet","11":"product_tag-oxycodone-acetaminophen","12":"product_tag-pain-relief-medication","13":"product_tag-percocet-tablets","15":"first","16":"instock","17":"sale","18":"shipping-taxable","19":"purchasable","20":"product-type-variable"},"_links":{"self":[{"href":"https:\/\/capsovia.com\/pl\/wp-json\/wp\/v2\/product\/10781","targetHints":{"allow":["GET"]}}],"collection":[{"href":"https:\/\/capsovia.com\/pl\/wp-json\/wp\/v2\/product"}],"about":[{"href":"https:\/\/capsovia.com\/pl\/wp-json\/wp\/v2\/types\/product"}],"version-history":[{"count":0,"href":"https:\/\/capsovia.com\/pl\/wp-json\/wp\/v2\/product\/10781\/revisions"}],"wp:featuredmedia":[{"embeddable":true,"href":"https:\/\/capsovia.com\/pl\/wp-json\/wp\/v2\/media\/10805"}],"wp:attachment":[{"href":"https:\/\/capsovia.com\/pl\/wp-json\/wp\/v2\/media?parent=10781"}],"wp:term":[{"taxonomy":"product_brand","embeddable":true,"href":"https:\/\/capsovia.com\/pl\/wp-json\/wp\/v2\/product_brand?post=10781"},{"taxonomy":"product_cat","embeddable":true,"href":"https:\/\/capsovia.com\/pl\/wp-json\/wp\/v2\/product_cat?post=10781"},{"taxonomy":"product_tag","embeddable":true,"href":"https:\/\/capsovia.com\/pl\/wp-json\/wp\/v2\/product_tag?post=10781"}],"curies":[{"name":"wp","href":"https:\/\/api.w.org\/{rel}","templated":true}]}}