{"id":10820,"date":"2024-10-04T17:56:58","date_gmt":"2024-10-04T17:56:58","guid":{"rendered":"https:\/\/pharmaplazaonline.com\/?post_type=product&#038;p=10820"},"modified":"2026-04-18T01:57:26","modified_gmt":"2026-04-18T01:57:26","slug":"buy-tramadol-200mg","status":"publish","type":"product","link":"https:\/\/capsovia.com\/pl\/product\/buy-tramadol-200mg\/","title":{"rendered":"Kup Tramadol 200 mg szybko online"},"content":{"rendered":"<h2>Kup Tramadol 200 mg szybko online: Twoje zaufane \u017ar\u00f3d\u0142o skutecznego u\u015bmierzania b\u00f3lu w Europie<\/h2>\n<p>Witamy w naszej renomowanej aptece internetowej, Twoim g\u0142\u00f3wnym miejscu w Hiszpanii i ca\u0142ej Europie, gdzie znajdziesz wygodny i dyskretny dost\u0119p do niezb\u0119dnych lek\u00f3w. Rozumiemy wyzwania zwi\u0105zane z leczeniem b\u00f3lu i dlatego oferujemy niezawodne us\u0142ugi. <strong>Kup Tramadol 200 mg szybko online<\/strong>Niezale\u017cnie od tego, czy odczuwasz b\u00f3l o nasileniu umiarkowanym, czy umiarkowanie silnym, Tramadol to powszechnie przepisywany \u015brodek przeciwb\u00f3lowy, znany ze swojej skuteczno\u015bci. U nas mo\u017cesz bez obaw kupi\u0107 tabletki Tramadolu 200 mg, a tak\u017ce szeroki wyb\u00f3r lek\u00f3w i lek\u00f3w dost\u0119pnych bez recepty, z bezpieczn\u0105 dostaw\u0105 pod Twoje drzwi w ca\u0142ej Hiszpanii, W\u0142oszech, Niemczech, Holandii, Polsce i Wielkiej Brytanii.<\/p>\n<h3>Zrozumie\u0107 dzia\u0142anie tramadolu 200 mg: czym jest i jak dzia\u0142a<\/h3>\n<p>Chlorowodorek tramadolu, substancja czynna leku Tramadol 200 mg, to syntetyczny opioidowy lek przeciwb\u00f3lowy o dzia\u0142aniu o\u015brodkowym. Dzia\u0142a poprzez zmian\u0119 sposobu odczuwania b\u00f3lu przez organizm, zapewniaj\u0105c znaczn\u0105 ulg\u0119 w r\u00f3\u017cnych rodzajach dyskomfortu. Jest to lek powszechnie stosowany w leczeniu b\u00f3lu o nasileniu od umiarkowanego do umiarkowanie silnego, zar\u00f3wno ostrego (kr\u00f3tkotrwa\u0142ego), jak i przewlek\u0142ego (d\u0142ugotrwa\u0142ego).<\/p>\n<p><strong>G\u0142\u00f3wne cechy tramadolu 200 mg:<\/strong><\/p>\n<p><em>   <strong>Substancja czynna:<\/strong> Chlorowodorek tramadolu<br \/>\n<\/em>   <strong>Moc dawkowania:<\/strong> 200 mg na tabletk\u0119<br \/>\n<em>   <strong>Sformu\u0142owanie:<\/strong> Zwykle wyst\u0119puj\u0105 w postaci tabletek lub kapsu\u0142ek o natychmiastowym uwalnianiu.<br \/>\n<\/em>   <strong>Mechanizm dzia\u0142ania:<\/strong> Tramadol dzia\u0142a na o\u015brodkowy uk\u0142ad nerwowy, wi\u0105\u017c\u0105c si\u0119 ze specyficznymi receptorami w m\u00f3zgu, kt\u00f3re bior\u0105 udzia\u0142 w przekazywaniu b\u00f3lu. Posiada r\u00f3wnie\u017c mechanizm wt\u00f3rny, kt\u00f3ry zwi\u0119ksza poziom niekt\u00f3rych neuroprzeka\u017anik\u00f3w, dodatkowo przyczyniaj\u0105c si\u0119 do jego dzia\u0142ania przeciwb\u00f3lowego. To podw\u00f3jne dzia\u0142anie sprawia, \u017ce \u200b\u200bjest skuteczny w szerokim spektrum dolegliwo\u015bci b\u00f3lowych.<\/p>\n<h3>Kiedy rozwa\u017cy\u0107 zakup tramadolu 200 mg online<\/h3>\n<p>Tramadol 200 mg to silny lek przepisywany w celu \u0142agodzenia b\u00f3lu. Jest cz\u0119sto zalecany, gdy leki przeciwb\u00f3lowe dost\u0119pne bez recepty s\u0105 nieskuteczne. Typowe schorzenia, w kt\u00f3rych mo\u017ce by\u0107 przepisywany tramadol, to:<\/p>\n<p><em>   <strong>B\u00f3l pooperacyjny:<\/strong> Po zabiegach chirurgicznych.<br \/>\n<\/em>   <strong>B\u00f3l zwi\u0105zany z urazami:<\/strong> Takie jak skr\u0119cenia, naci\u0105gni\u0119cia i z\u0142amania.<br \/>\n<em>   <strong>Stany przewlek\u0142ego b\u00f3lu:<\/strong> Zapalenie staw\u00f3w, b\u00f3l plec\u00f3w, fibromialgia i b\u00f3l neuropatyczny.<br \/>\n<\/em>   <strong>B\u00f3l nowotworowy:<\/strong> Gdy inne metody leczenia nie s\u0105 w pe\u0142ni skuteczne.<br \/>\n<em>   <strong>B\u00f3le menstruacyjne:<\/strong> Ci\u0119\u017ckie bolesne miesi\u0105czkowanie.<\/p>\n<p>Wa\u017cne jest, aby skonsultowa\u0107 si\u0119 z lekarzem, aby ustali\u0107, czy Tramadol 200 mg jest w\u0142a\u015bciwym wyborem dla Twoich konkretnych potrzeb w zakresie leczenia b\u00f3lu.<\/p>\n<h3>Jak przyjmowa\u0107 Tramadol 200 mg: dawkowanie i wskaz\u00f3wki dotycz\u0105ce podawania<\/h3>\n<p>Kiedy zdecydujesz si\u0119 <strong>Kup Tramadol 200 mg szybko online<\/strong> Z naszej zaufanej platformy, prawid\u0142owe dawkowanie i spos\u00f3b podawania s\u0105 kluczowe dla bezpiecze\u0144stwa i skuteczno\u015bci. Nale\u017cy bezwzgl\u0119dnie przestrzega\u0107 instrukcji udzielonych przez lekarza lub informacji o dawkowaniu na opakowaniu produktu.<\/p>\n<p><strong>Og\u00f3lne zalecenia dotycz\u0105ce dawkowania (zawsze skonsultuj si\u0119 z lekarzem):<\/strong><\/p>\n<p><\/em>   <strong>Typowa dawka pocz\u0105tkowa dla doros\u0142ych:<\/strong> 50 mg do 100 mg co 4 do 6 godzin, w razie potrzeby u\u015bmierzania b\u00f3lu.<br \/>\n<em>   <strong>Maksymalna dawka dobowa:<\/strong> Maksymalna dawka dobowa u os\u00f3b doros\u0142ych nie powinna przekracza\u0107 400 mg.<br \/>\n<\/em>   <strong>Dostosowanie dawkowania:<\/strong> Lekarz mo\u017ce dostosowa\u0107 dawk\u0119 na podstawie nasilenia b\u00f3lu, reakcji pacjenta na lek i wszelkich schorze\u0144 podstawowych.<br \/>\n<em>   <strong>Administracja:<\/strong> Tabletki tramadolu 200 mg nale\u017cy po\u0142yka\u0107 w ca\u0142o\u015bci, popijaj\u0105c szklank\u0105 wody. Mo\u017cna je przyjmowa\u0107 z posi\u0142kiem lub bez, ale przyjmowane z posi\u0142kiem mog\u0105 pom\u00f3c z\u0142agodzi\u0107 dolegliwo\u015bci \u017co\u0142\u0105dkowe.<br \/>\n<\/em>   <strong>Nie kruszy\u0107 i nie \u017cu\u0107:<\/strong> Tabletki lub kapsu\u0142ki nale\u017cy zawsze przyjmowa\u0107 w ca\u0142o\u015bci.<br \/>\n<em>   <strong>Pomini\u0119ta dawka:<\/strong> W przypadku pomini\u0119cia dawki, nale\u017cy j\u0105 przyj\u0105\u0107 tak szybko, jak to mo\u017cliwe, chyba \u017ce zbli\u017ca si\u0119 pora kolejnej dawki. W takim przypadku nale\u017cy pomin\u0105\u0107 pomini\u0119t\u0105 dawk\u0119 i kontynuowa\u0107 regularny schemat dawkowania. Nie nale\u017cy podwaja\u0107 dawek.<\/p>\n<p><strong>Wa\u017cne uwagi dotycz\u0105ce stosowania tramadolu:<\/strong><\/p>\n<p><\/em>   <strong>Dawkowanie regularne:<\/strong> W przypadku przewlek\u0142ego b\u00f3lu regularne dawkowanie mo\u017ce by\u0107 skuteczniejsze ni\u017c przyjmowanie leku tylko wtedy, gdy wyst\u0105pi b\u00f3l.<br \/>\n<em>   <strong>Czas u\u017cytkowania:<\/strong> Tramadol jest zazwyczaj przeznaczony do kr\u00f3tkotrwa\u0142ego stosowania. D\u0142ugotrwa\u0142e stosowanie powinno odbywa\u0107 si\u0119 pod \u015bcis\u0142ym nadzorem lekarza ze wzgl\u0119du na ryzyko uzale\u017cnienia.<br \/>\n<\/em>   <strong>Pacjenci w podesz\u0142ym wieku i osoby z zaburzeniami czynno\u015bci nerek\/w\u0105troby:<\/strong> Mo\u017ce by\u0107 konieczna modyfikacja dawkowania, dlatego nale\u017cy bezwzgl\u0119dnie skonsultowa\u0107 si\u0119 z lekarzem.<\/p>\n<h3>Korzy\u015bci z wyboru naszej apteki internetowej do szybkiego zakupu tramadolu 200 mg online<\/h3>\n<p>W dzisiejszym dynamicznym \u015bwiecie wygoda i niezawodno\u015b\u0107 s\u0105 najwa\u017cniejsze. Nasza apteka internetowa dok\u0142ada wszelkich stara\u0144, aby zapewni\u0107 Ci bezproblemow\u0105 i bezpieczn\u0105 obs\u0142ug\u0119 w zakresie wszystkich Twoich potrzeb zwi\u0105zanych z lekami. Je\u015bli zdecydujesz si\u0119\u2026 <strong>Kup Tramadol 200 mg szybko online<\/strong> od nas zyskujesz:<\/p>\n<p><em>   <strong>Dyskretna i bezpieczna wysy\u0142ka:<\/strong> Rozumiemy wag\u0119 prywatno\u015bci. Wszystkie nasze paczki wysy\u0142amy dyskretnie, bez ujawniania zawarto\u015bci. Wysy\u0142amy do ca\u0142ej Europy, w tym do Hiszpanii, W\u0142och, Niemiec, Holandii, Polski i Wielkiej Brytanii, gwarantuj\u0105c bezpieczn\u0105 i poufn\u0105 dostaw\u0119 lek\u00f3w.<br \/>\n<\/em>   <strong>Oryginalne leki:<\/strong> Jeste\u015bmy renomowanym sprzedawc\u0105 internetowym, kt\u00f3rego misj\u0105 jest oferowanie autentycznych, wysokiej jako\u015bci lek\u00f3w. Mo\u017cesz by\u0107 pewien, \u017ce Tramadol 200 mg, kt\u00f3ry u nas kupisz, jest oryginalny i spe\u0142nia rygorystyczne standardy jako\u015bci.<br \/>\n<em>   <strong>Wygoda i dost\u0119pno\u015b\u0107:<\/strong> Uzyskaj tak potrzebn\u0105 ulg\u0119 w b\u00f3lu nigdy nie by\u0142o \u0142atwiej. Mo\u017cesz zam\u00f3wi\u0107 Tramadol 200 mg w zaciszu w\u0142asnego domu, unikaj\u0105c niedogodno\u015bci zwi\u0105zanych z wizyt\u0105 w aptece stacjonarnej i potencjalnych brak\u00f3w w magazynie.<br \/>\n<\/em>   <strong>Szeroka gama produkt\u00f3w:<\/strong> Opr\u00f3cz Tramadolu oferujemy szeroki wyb\u00f3r lek\u00f3w na recept\u0119, produkt\u00f3w dost\u0119pnych bez recepty oraz produkt\u00f3w zdrowotnych i wellness. Dzi\u0119ki temu jeste\u015bmy kompleksow\u0105 firm\u0105, kt\u00f3ra zaspokoi Twoje potrzeby w zakresie opieki zdrowotnej.<br \/>\n<em>   <strong>Obs\u0142uga klienta:<\/strong> Nasz dedykowany zesp\u00f3\u0142 obs\u0142ugi klienta jest do Pa\u0144stwa dyspozycji, aby odpowiedzie\u0107 na wszelkie pytania dotycz\u0105ce zam\u00f3wienia, informacji o produkcie lub dostawy. Dok\u0142adamy wszelkich stara\u0144, aby zapewni\u0107 doskona\u0142\u0105 obs\u0142ug\u0119 i satysfakcj\u0119 klienta.<br \/>\n<\/em>   <strong>Szybka i niezawodna dostawa:<\/strong> Priorytetem jest dla nas szybkie dostarczenie Twoich lek\u00f3w. Nasza sprawna sie\u0107 logistyczna gwarantuje, \u017ce kiedy\u2026 <strong>Kup Tramadol 200 mg szybko online<\/strong>, dotrze do Ciebie szybko i niezawodnie.<\/p>\n<h3>Potencjalne skutki uboczne tramadolu 200 mg<\/h3>\n<p>Jak ka\u017cdy lek, Tramadol 200 mg mo\u017ce powodowa\u0107 dzia\u0142ania niepo\u017c\u0105dane. Chocia\u017c nie u ka\u017cdego one wyst\u0105pi\u0105, wa\u017cne jest, aby by\u0107 \u015bwiadomym potencjalnych reakcji. W przypadku wyst\u0105pienia jakichkolwiek powa\u017cnych lub uporczywych dzia\u0142a\u0144 niepo\u017c\u0105danych nale\u017cy natychmiast skonsultowa\u0107 si\u0119 z lekarzem.<\/p>\n<p><strong>Cz\u0119ste skutki uboczne:<\/strong><\/p>\n<p><em>   Nudno\u015bci i wymioty<br \/>\n<\/em>   Zaparcie<br \/>\n<em>   Zawroty g\u0142owy i senno\u015b\u0107<br \/>\n<\/em>   B\u00f3l g\u0142owy<br \/>\n<em>   Sucho\u015b\u0107 w ustach<br \/>\n<\/em>   Wyzysk<\/p>\n<p><strong>Mniej powszechne, ale powa\u017cne skutki uboczne:<\/strong><\/p>\n<p><em>   <strong>Zesp\u00f3\u0142 serotoninowy:<\/strong> Jest to stan potencjalnie zagra\u017caj\u0105cy \u017cyciu, kt\u00f3ry mo\u017ce wyst\u0105pi\u0107, je\u015bli tramadol jest przyjmowany z innymi lekami wp\u0142ywaj\u0105cymi na poziom serotoniny (np. niekt\u00f3rymi lekami przeciwdepresyjnymi). Objawy obejmuj\u0105 pobudzenie, halucynacje, szybkie bicie serca, gor\u0105czk\u0119 i sztywno\u015b\u0107 mi\u0119\u015bni.<br \/>\n<\/em>   <strong>Depresja oddechowa:<\/strong> Spowolniony lub p\u0142ytki oddech, szczeg\u00f3lnie przy stosowaniu du\u017cych dawek lub w skojarzeniu z innymi \u015brodkami dzia\u0142aj\u0105cymi depresyjnie na o\u015brodkowy uk\u0142ad nerwowy.<br \/>\n<em>   <strong>Napady padaczkowe:<\/strong> Tramadol mo\u017ce obni\u017cy\u0107 pr\u00f3g wyst\u0105pienia napad\u00f3w padaczkowych, zwi\u0119kszaj\u0105c ryzyko ich wyst\u0105pienia, szczeg\u00f3lnie u os\u00f3b, u kt\u00f3rych w przesz\u0142o\u015bci wyst\u0119powa\u0142a epilepsja.<br \/>\n<\/em>   <strong>Reakcje alergiczne:<\/strong> Wysypka, sw\u0119dzenie, obrz\u0119k (szczeg\u00f3lnie twarzy, j\u0119zyka lub gard\u0142a), silne zawroty g\u0142owy, trudno\u015bci w oddychaniu.<br \/>\n<em>   <strong>Uzale\u017cnienie i na\u0142\u00f3g:<\/strong> D\u0142ugotrwa\u0142e stosowanie tramadolu mo\u017ce prowadzi\u0107 do uzale\u017cnienia fizycznego i psychicznego. Nale\u017cy stosowa\u0107 ten lek wy\u0142\u0105cznie zgodnie z zaleceniami lekarza i pod jego nadzorem.<\/p>\n<p><strong>Wa\u017cna uwaga:<\/strong> Je\u015bli przyjmujesz inne leki lub masz jakiekolwiek schorzenia, koniecznie poinformuj o tym lekarza przed <strong>Kup Tramadol 200 mg szybko online<\/strong>Jest to szczeg\u00f3lnie wa\u017cne, je\u015bli przyjmujesz inhibitory MAO, SSRI lub inne leki, kt\u00f3re mog\u0105 wchodzi\u0107 w interakcje z tramadolem.<\/p>\n<h3>Zam\u00f3wienie Tramadolu 200 mg: Prosty i bezpieczny proces<\/h3>\n<p>Staramy si\u0119, aby proces pozyskiwania niezb\u0119dnych lek\u00f3w by\u0142 jak najprostszy. Je\u015bli zdecydujesz si\u0119 na\u2026 <strong>Kup Tramadol 200 mg szybko online<\/strong> Z nasz\u0105 platform\u0105 mo\u017cesz liczy\u0107 na bezpieczne i przyjazne dla u\u017cytkownika do\u015bwiadczenie. Nasza bezpieczna platforma internetowa zosta\u0142a zaprojektowana tak, aby chroni\u0107 Twoje poufne dane, gwarantuj\u0105c bezpieczn\u0105 transakcj\u0119 za ka\u017cdym razem. Przejrzyj nasz\u0105 bogat\u0105 ofert\u0119, dodaj Tramadol 200 mg lub inne potrzebne produkty do koszyka i przejd\u017a do prostego procesu p\u0142atno\u015bci. Dla Twojej wygody oferujemy r\u00f3\u017cne opcje p\u0142atno\u015bci.<\/p>\n<h3>Cz\u0119sto zadawane pytania dotycz\u0105ce zakupu tramadolu 200 mg online<\/h3>\n<p><\/em>   <strong>Czy zakup Tramadolu 200 mg online jest legalny w Europie?<\/strong><br \/>\n    Legalno\u015b\u0107 zakupu lek\u00f3w na recept\u0119 online r\u00f3\u017cni si\u0119 w zale\u017cno\u015bci od kraju. Dzia\u0142amy jako renomowana apteka internetowa i dbamy o to, aby nasze procedury by\u0142y zgodne z odpowiednimi przepisami obowi\u0105zuj\u0105cymi w krajach europejskich, w kt\u00f3rych dzia\u0142amy.<br \/>\n<em>   <strong>Czy moje dane dotycz\u0105ce p\u0142atno\u015bci s\u0105 bezpieczne?<\/strong><br \/>\n    Tak, zdecydowanie. Wykorzystujemy zaawansowane protoko\u0142y szyfrowania i bezpiecze\u0144stwa, aby chroni\u0107 wszystkie Twoje p\u0142atno\u015bci i dane osobowe.<br \/>\n<\/em>   <strong>Jak szybko otrzymam moje zam\u00f3wienie?<\/strong><br \/>\n    Dok\u0142adamy wszelkich stara\u0144, aby zapewni\u0107 szybk\u0105 i niezawodn\u0105 dostaw\u0119. Czas dostawy mo\u017ce si\u0119 r\u00f3\u017cni\u0107 w zale\u017cno\u015bci od Twojej lokalizacji w Europie, ale staramy si\u0119 przetwarza\u0107 i wysy\u0142a\u0107 zam\u00f3wienia jak najszybciej.<br \/>\n<em>   <strong>Czy mog\u0119 kupi\u0107 Tramadol 200 mg bez recepty w waszej aptece?<\/strong><br \/>\n    Nasza platforma jest przeznaczona dla os\u00f3b, kt\u00f3re potrzebuj\u0105 wygodnego dost\u0119pu do lek\u00f3w. Prosimy o zapoznanie si\u0119 z list\u0105 konkretnego produktu, aby pozna\u0107 wymagania dotycz\u0105ce recepty.<br \/>\n<\/em>   <strong>Co zrobi\u0107, je\u015bli mam problem z zam\u00f3wieniem lub produktem?<\/strong><br \/>\n    Nasz zesp\u00f3\u0142 obs\u0142ugi klienta jest gotowy do pomocy. Skontaktuj si\u0119 z nami w razie jakichkolwiek problem\u00f3w, a postaramy si\u0119 je sprawnie rozwi\u0105za\u0107.<\/p>\n<h3>Tw\u00f3j zaufany partner w leczeniu b\u00f3lu<\/h3>\n<p>\u017bycie z b\u00f3lem mo\u017ce znacz\u0105co wp\u0142yn\u0105\u0107 na jako\u015b\u0107 Twojego \u017cycia. Jeste\u015bmy tu po to, aby zapewni\u0107 Ci niezawodny, dyskretny i skuteczny spos\u00f3b na\u2026 <strong>Kup Tramadol 200 mg szybko online<\/strong>Nasze zaanga\u017cowanie w jako\u015b\u0107, bezpiecze\u0144stwo i zadowolenie klienta sprawia, \u017ce \u200b\u200bjeste\u015bmy preferowanym wyborem dla wielu os\u00f3b w Hiszpanii i Europie. Nie pozw\u00f3l, aby b\u00f3l dyktowa\u0142 Ci \u017cycie; przejmij kontrol\u0119 i zam\u00f3w Tramadol 200 mg ju\u017c dzi\u015b. Ciesz si\u0119 wygod\u0105 i spokojem ducha, wybieraj\u0105c zaufan\u0105 aptek\u0119 internetow\u0105, kt\u00f3ra zaspokoi Twoje potrzeby zdrowotne. Zale\u017cy nam na tym, aby\u015b otrzyma\u0142 ulg\u0119, kt\u00f3rej potrzebujesz, wtedy, gdy jej potrzebujesz.<\/p>","protected":false},"excerpt":{"rendered":"<p>Potrzebujesz szybkiej ulgi w b\u00f3lu o nasileniu od umiarkowanego do silnego? Kup Tramadol 200 mg online, aby szybko i skutecznie leczy\u0107 b\u00f3l. Ten dzia\u0142aj\u0105cy centralnie opioidowy lek przeciwb\u00f3lowy pomo\u017ce Ci wr\u00f3ci\u0107 do codziennego \u017cycia. Zam\u00f3w ju\u017c teraz, aby skorzysta\u0107 z szybkiej dostawy i poczu\u0107 r\u00f3\u017cnic\u0119.<\/p>","protected":false},"featured_media":10846,"template":"","meta":[],"product_brand":[],"product_cat":[305],"product_tag":[795,867,804,842,1631,994,800,909,794,805],"class_list":{"0":"post-10820","1":"product","2":"type-product","3":"status-publish","4":"has-post-thumbnail","6":"product_cat-pain-relief","7":"product_tag-buy-tramadol-online","8":"product_tag-european-pharmacy","9":"product_tag-fast-tramadol-delivery","10":"product_tag-online-pharmacy-europe","11":"product_tag-order-tramadol","12":"product_tag-pain-management","13":"product_tag-pain-relief-medication","14":"product_tag-secure-online-pharmacy","15":"product_tag-tramadol-200mg","16":"product_tag-tramadol-hydrochloride","18":"first","19":"instock","20":"sale","21":"shipping-taxable","22":"purchasable","23":"product-type-variable"},"_links":{"self":[{"href":"https:\/\/capsovia.com\/pl\/wp-json\/wp\/v2\/product\/10820","targetHints":{"allow":["GET"]}}],"collection":[{"href":"https:\/\/capsovia.com\/pl\/wp-json\/wp\/v2\/product"}],"about":[{"href":"https:\/\/capsovia.com\/pl\/wp-json\/wp\/v2\/types\/product"}],"version-history":[{"count":0,"href":"https:\/\/capsovia.com\/pl\/wp-json\/wp\/v2\/product\/10820\/revisions"}],"wp:featuredmedia":[{"embeddable":true,"href":"https:\/\/capsovia.com\/pl\/wp-json\/wp\/v2\/media\/10846"}],"wp:attachment":[{"href":"https:\/\/capsovia.com\/pl\/wp-json\/wp\/v2\/media?parent=10820"}],"wp:term":[{"taxonomy":"product_brand","embeddable":true,"href":"https:\/\/capsovia.com\/pl\/wp-json\/wp\/v2\/product_brand?post=10820"},{"taxonomy":"product_cat","embeddable":true,"href":"https:\/\/capsovia.com\/pl\/wp-json\/wp\/v2\/product_cat?post=10820"},{"taxonomy":"product_tag","embeddable":true,"href":"https:\/\/capsovia.com\/pl\/wp-json\/wp\/v2\/product_tag?post=10820"}],"curies":[{"name":"wp","href":"https:\/\/api.w.org\/{rel}","templated":true}]}}