{"id":9142,"date":"2024-09-26T02:12:33","date_gmt":"2024-09-26T02:12:33","guid":{"rendered":"https:\/\/pharmaplazaonline.com\/?post_type=product&#038;p=9142"},"modified":"2026-04-18T00:28:30","modified_gmt":"2026-04-18T00:28:30","slug":"himcolin-gel","status":"publish","type":"product","link":"https:\/\/capsovia.com\/pl\/product\/himcolin-gel\/","title":{"rendered":"Kup Himcolin 30 mg \u017cel online szybko"},"content":{"rendered":"<p>Dla m\u0119\u017cczyzn poszukuj\u0105cych dyskretnej, niezawodnej i szybkiego dost\u0119pu do intymnych rozwi\u0105za\u0144 wellness, nasza renomowana apteka internetowa oferuje <strong>Kup Himcolin 30 mg \u017cel online szybko<\/strong>. Jeste\u015bmy zaufanym sprzedawc\u0105 internetowym obs\u0142uguj\u0105cym Europ\u0119, w tym Hiszpani\u0119, W\u0142ochy, Niemcy, Holandi\u0119, Polsk\u0119 i Wielk\u0105 Brytani\u0119, zapewniaj\u0105c dyskretn\u0105 wysy\u0142k\u0119 i najwy\u017cszej jako\u015bci leki bez konieczno\u015bci recepty.<\/p>\n<h2>Zrozumienie \u017celu Himcolin 30mg: Twoje rozwi\u0105zanie dla poprawy zdrowia intymnego<\/h2>\n<p>Himcolin 30mg Gel to rewolucyjne leczenie miejscowe przeznaczone do rozwi\u0105zywania problem\u00f3w ze zdrowiem seksualnym m\u0119\u017cczyzn, promuj\u0105ce popraw\u0119 kr\u0105\u017cenia krwi i j\u0119drniejsze erekcje. Ten starannie opracowany \u017cel oferuje wygodny i skuteczny spos\u00f3b na popraw\u0119 intymnych wra\u017ce\u0144. Jako wiod\u0105ca apteka internetowa w Europie zapewniamy, \u017ce mo\u017cesz <strong>Kup szybko \u017cel Himcolin 30mg online<\/strong> I bezpiecznie.<\/p>\n<h3>Co to jest \u017cel Himcolin 30mg?<\/h3>\n<p>\u017bel Himcolin to preparat zio\u0142owy zawieraj\u0105cy sk\u0142adniki aktywne znane ze swoich w\u0142a\u015bciwo\u015bci afrodyzjakowych i rozszerzaj\u0105cych naczynia krwiono\u015bne. Jest nak\u0142adany zewn\u0119trznie na trzon pr\u0105cia, gdzie jest wch\u0142aniany w celu stymulowania produkcji tlenku azotu. Prowadzi to do rozszerzenia naczy\u0144 krwiono\u015bnych, zwi\u0119kszania przep\u0142ywu krwi do penisa, co jest kluczowe dla osi\u0105gni\u0119cia i utrzymania erekcji.<\/p>\n<h3>Kluczowe sk\u0142adniki i ich dzia\u0142ania<\/h3>\n<p>Skuteczno\u015b\u0107 \u017celu Himcolin 30mg wynika z unikalnej mieszanki naturalnych sk\u0142adnik\u00f3w:<\/p>\n<p><em>   <strong>Himalajski mi\u0119ta pieprzowa (Mentha arvensis):<\/strong> Znany ze swoich w\u0142a\u015bciwo\u015bci ch\u0142odz\u0105cych i orze\u017awiaj\u0105cych, dzia\u0142a r\u00f3wnie\u017c jako \u0142agodny \u015brodek do przetarcia, promuj\u0105c przep\u0142yw krwi.<br \/>\n<\/em>   <strong>Mniejszy Galangal (Alpinia Galanga):<\/strong> Sk\u0142adnik ten ma w\u0142a\u015bciwo\u015bci rozgrzewaj\u0105ce i stymuluj\u0105ce kr\u0105\u017cenie, przyczyniaj\u0105c si\u0119 do poprawy przep\u0142ywu krwi do tkanek pr\u0105cia.<br \/>\n<em>   <strong>Ga\u0142ka muszkato\u0142owa (Myristica fragrans):<\/strong> Uwa\u017ca si\u0119, \u017ce tradycyjnie u\u017cywana jako afrodyzjak ga\u0142ka muszkato\u0142owa poprawia libido i sprawno\u015b\u0107 seksualn\u0105.<br \/>\n<\/em>   <strong>Go\u017adzik (Syzygium aromatuticum):<\/strong> Go\u017adziki s\u0105 znane ze swoich rozgrzewaj\u0105cych i pobudzaj\u0105cych efekt\u00f3w, kt\u00f3re mog\u0105 przyczynia\u0107 si\u0119 do zwi\u0119kszonej wra\u017cliwo\u015bci i podniecenia seksualnego.<br \/>\n<em>   <strong>VanShankhPushpi (Convolvulus pluricaulis):<\/strong> Zio\u0142o to jest tradycyjnie stosowane w celu zmniejszenia l\u0119ku i stresu, co mo\u017ce by\u0107 istotnymi czynnikami w zaburzeniach seksualnych. Promuj\u0105c relaksacj\u0119, mo\u017ce poprawi\u0107 og\u00f3lne wra\u017cenia seksualne.<br \/>\n<\/em>   <strong>Oliwa z oliwek (Olea europaea):<\/strong> Dzia\u0142a jako baza i zmi\u0119kczacz sk\u00f3ry, u\u0142atwiaj\u0105c wch\u0142anianie i zapobiegaj\u0105c wysuszeniu.<\/p>\n<h3>Jak u\u017cywa\u0107 \u017celu Himcolin 30mg dla optymalnych rezultat\u00f3w<\/h3>\n<p>To <strong>Kup szybko \u017cel Himcolin 30mg online<\/strong> I wykorzystaj go skutecznie, post\u0119puj zgodnie z tymi prostymi instrukcjami aplikacji:<\/p>\n<p><em>   <strong>Zastosowanie:<\/strong> Na\u0142\u00f3\u017c niewielk\u0105 ilo\u015b\u0107 \u017celu HimColin (oko\u0142o 1-2 gram\u00f3w lub ilo\u015b\u0107 wielko\u015bci grochu) na trzon pr\u0105cia.<br \/>\n<\/em>   <strong>Masa\u017c:<\/strong> Delikatnie wmasuj \u017cel w sk\u00f3r\u0119, a\u017c zostanie w pe\u0142ni wch\u0142oni\u0119ty.<br \/>\n<em>   <strong>Chronometra\u017c:<\/strong> Na\u0142\u00f3\u017c \u017cel 10-15 minut przed stosunkiem seksualnym.<br \/>\n<\/em>   <strong>Cz\u0119stotliwo\u015b\u0107:<\/strong> Stosowa\u0107 raz dziennie lub zgodnie z zaleceniami lekarza. Aby uzyska\u0107 sp\u00f3jne wyniki, zaleca si\u0119 regularne stosowanie.<br \/>\n<em>   <strong>Higiena:<\/strong> Upewnij si\u0119, \u017ce obszar narz\u0105d\u00f3w p\u0142ciowych jest czysty i suchy przed aplikacj\u0105. Po aplikacji dok\u0142adnie umyj r\u0119ce.<\/p>\n<p><strong>Wa\u017cne uwagi:<\/strong><\/p>\n<p><\/em>   \u017bel Himcolin jest przeznaczony wy\u0142\u0105cznie do u\u017cytku zewn\u0119trznego.<br \/>\n<em>   Unika\u0107 kontaktu z oczami i b\u0142onami \u015bluzowymi.<br \/>\n<\/em>   Przerwa\u0107 stosowanie, je\u015bli wyst\u0105pi jakiekolwiek podra\u017cnienie lub reakcja alergiczna.<\/p>\n<h3>Korzy\u015bci ze stosowania \u017celu Himcolin 30mg<\/h3>\n<p>Kiedy ty <strong>Kup szybko \u017cel Himcolin 30mg online<\/strong> W naszej zaufanej aptece internetowej mo\u017cesz spodziewa\u0107 si\u0119 szeregu korzy\u015bci maj\u0105cych na celu popraw\u0119 zdrowia seksualnego i pewno\u015bci siebie:<\/p>\n<p><em>   <strong>Poprawiona jako\u015b\u0107 erekcji:<\/strong> Wzmacnia przep\u0142yw krwi do penisa, prowadz\u0105c do j\u0119drniejszych i bardziej zr\u00f3wnowa\u017conych erekcji.<br \/>\n<\/em>   <strong>Zwi\u0119kszona wytrzyma\u0142o\u015b\u0107 i wydajno\u015b\u0107:<\/strong> Naturalne sk\u0142adniki dzia\u0142aj\u0105 synergicznie, aby wspiera\u0107 przed\u0142u\u017con\u0105 aktywno\u015b\u0107 seksualn\u0105.<br \/>\n<em>   <strong>Zwi\u0119kszone libido:<\/strong> W\u0142a\u015bciwo\u015bci afrodyzjaku mog\u0105 pom\u00f3c zwi\u0119kszy\u0107 po\u017c\u0105danie seksualne.<br \/>\n<\/em>   <strong>Zmniejszony niepok\u00f3j o wydajno\u015b\u0107:<\/strong> Poprawiaj\u0105c sprawno\u015b\u0107 fizyczn\u0105, u\u017cytkownicy mog\u0105 odczuwa\u0107 zmniejszony niepok\u00f3j zwi\u0105zany z sprawno\u015bci\u0105 seksualn\u0105.<br \/>\n<em>   <strong>Naturalna formu\u0142a:<\/strong> Sk\u0142ada si\u0119 g\u0142\u00f3wnie ze sk\u0142adnik\u00f3w zio\u0142owych, co czyni go \u0142agodniejsz\u0105 alternatyw\u0105 dla wielu os\u00f3b.<br \/>\n<\/em>   <strong>Dyskretne i wygodne:<\/strong> \u0141atwe zakupy online i dostarczane dyskretnie do Twojego domu w dowolnym miejscu w Europie.<br \/>\n<em>   <strong>Nie wymaga recepty:<\/strong> Jako renomowana apteka internetowa zapewniamy dost\u0119p do \u017celu HimColin bez recepty, oferuj\u0105c wygod\u0119 i prywatno\u015b\u0107.<\/p>\n<h3>Potencjalne skutki uboczne i \u015brodki ostro\u017cno\u015bci<\/h3>\n<p>Chocia\u017c \u017cel Himcolin 30mg jest og\u00f3lnie dobrze tolerowany, niekt\u00f3re osoby mog\u0105 odczuwa\u0107 \u0142agodne skutki uboczne. wa\u017cne jest, aby by\u0107 tego \u015bwiadomym, kiedy <strong>Kup szybko \u017cel Himcolin 30mg online<\/strong>:<\/p>\n<p><strong>Cz\u0119ste skutki uboczne:<\/strong><\/p>\n<p><\/em>   \u0141agodne podra\u017cnienie sk\u00f3ry lub zaczerwienienie w miejscu aplikacji.<br \/>\n<em>   uczucie ocieplenia.<\/p>\n<p><strong>Mniej powszechne skutki uboczne:<\/strong><\/p>\n<p><\/em>   Reakcje alergiczne (rzadkie).<\/p>\n<p><strong>Precautions:<\/strong><\/p>\n<p><em>   <strong>Alergia:<\/strong> Je\u015bli znasz alergi\u0119 na kt\u00f3rykolwiek z wymienionych sk\u0142adnik\u00f3w, nie u\u017cywaj tego produktu.<br \/>\n<\/em>   <strong>Warunki sk\u00f3ry:<\/strong> Unikaj aplikacji na z\u0142aman\u0105 lub zaognion\u0105 sk\u00f3r\u0119.<br \/>\n<em>   <strong>Ci\u0105\u017ca i karmienie piersi\u0105:<\/strong> Nie jest przeznaczony do u\u017cytku przez kobiety.<br \/>\n<\/em>   <strong>Dzieci:<\/strong> Keep out of reach of children.<br \/>\n<em>   <strong>Sk\u0142adowanie:<\/strong> Przechowywa\u0107 w ch\u0142odnym, suchym miejscu, z dala od bezpo\u015bredniego \u015bwiat\u0142a s\u0142onecznego.<br \/>\n<\/em>   <strong>Interakcje:<\/strong> Chocia\u017c stosowanie miejscowe ma minimaln\u0105 absorpcj\u0119 og\u00f3lnoustrojow\u0105, zaleca si\u0119 skonsultowanie si\u0119 z lekarzem, je\u015bli stosujesz inne leki miejscowe na okolice narz\u0105d\u00f3w p\u0142ciowych.<br \/>\n<em>   <strong>Ci\u0105\u017ca:<\/strong> \u017bel Himcolin 30mg jest przeznaczony dla doros\u0142ych m\u0119\u017cczyzn.<\/p>\n<h3>Dlaczego warto wybra\u0107 nasz\u0105 aptek\u0119 internetow\u0105, aby szybko kupi\u0107 \u017cel Himcolin 30mg online?<\/h3>\n<p>Jeste\u015bmy dumni z tego, \u017ce jeste\u015bmy niezawodnym i godnym zaufania sprzedawc\u0105 online dla Twoich potrzeb intymnych zdrowotnych. Kiedy zdecydujesz si\u0119 <strong>Kup szybko \u017cel Himcolin 30mg online<\/strong> od nas zyskujesz:<\/p>\n<p><\/em>   <strong>Oryginalne produkty:<\/strong> Pozyskujemy nasz \u017cel Himcolin 30mg bezpo\u015brednio od renomowanych producent\u00f3w, gwarantuj\u0105c autentyczno\u015b\u0107 i jako\u015b\u0107.<br \/>\n<em>   <strong>Dyskretne opakowanie i wysy\u0142ka:<\/strong> Twoja prywatno\u015b\u0107 jest najwa\u017cniejsza. Wszystkie zam\u00f3wienia s\u0105 wysy\u0142ane w zwyk\u0142ym, nieoznakowanym opakowaniu, aby zapewni\u0107 dyskrecj\u0119.<br \/>\n<\/em>   <strong>Szybka i niezawodna dostawa:<\/strong> Rozumiemy znaczenie terminowej dostawy. Nasza skuteczna sie\u0107 logistyczna zapewnia, \u017ce Twoje zam\u00f3wienie dociera do Ciebie niezw\u0142ocznie w dowolnym miejscu w Hiszpanii, W\u0142oszech, Niemczech, Holandii, Polsce i Wielkiej Brytanii.<br \/>\n<em>   <strong>Bez recepty:<\/strong> Eliminujemy k\u0142opoty z uzyskaniem recepty, u\u0142atwiaj\u0105c Ci dost\u0119p do potrzebnej ulgi.<br \/>\n<\/em>   <strong>Konkurencyjne ceny:<\/strong> Oferujemy przyst\u0119pne ceny za \u017cel Himcolin 30mg, dzi\u0119ki czemu dost\u0119pne s\u0105 wysokiej jako\u015bci rozwi\u0105zania intymne w zakresie zdrowia.<br \/>\n<em>   <strong>Bezpieczne transakcje online:<\/strong> Nasza strona internetowa wykorzystuje solidne \u015brodki bezpiecze\u0144stwa, aby chroni\u0107 Twoje dane osobowe i finansowe.<br \/>\n<\/em>   <strong>Doskona\u0142a obs\u0142uga klienta:<\/strong> Nasz dedykowany zesp\u00f3\u0142 wsparcia jest dost\u0119pny, aby odpowiedzie\u0107 na wszelkie pytania dotycz\u0105ce \u017celu HimColin lub naszych us\u0142ug.<\/p>\n<h3>Cz\u0119ste wyszukiwania zwi\u0105zane z himcolin \u017cel<\/h3>\n<p>Wiele os\u00f3b poszukuje rozwi\u0105za\u0144 poprawiaj\u0105cych ich sprawno\u015b\u0107 seksualn\u0105 i og\u00f3lne samopoczucie intymne. Oto kilka wsp\u00f3lnych termin\u00f3w, kt\u00f3rych mo\u017cesz u\u017cy\u0107, gdy szukasz <strong>Kup szybko \u017cel Himcolin 30mg online<\/strong>:<\/p>\n<p><em>   Sprzedam \u017cel Himcolin<br \/>\n<\/em>   Kup HimColin Gel Hiszpania<br \/>\n<em>   Cena \u017celu Himcolin Europa<br \/>\n<\/em>   Zam\u00f3w \u017cel Himcolin bez recepty<br \/>\n<em>   Najlepsza apteka internetowa dla Himcolin<br \/>\n<\/em>   Zio\u0142owy \u017cel do erekcji<br \/>\n<em>   Naturalny m\u0119ski \u017cel wzmacniaj\u0105cy<br \/>\n<\/em>   Miejscowe leczenie zaburze\u0144 erekcji<br \/>\n<em>   Zwi\u0119ksz \u017cel przep\u0142ywu krwi pr\u0105cia<br \/>\n<\/em>   Szybko dzia\u0142aj\u0105cy \u017cel do erekcji<br \/>\n<em>   Dyskretna dostawa HimColin Niemcy<br \/>\n<\/em>   Niezawodne \u017ar\u00f3d\u0142o dla HimColin UK<br \/>\n<em>   Kup \u017cel Himcolin 30mg online<br \/>\n<\/em>   Recenzje \u017celu Himcolin<\/p>\n<h3>Zalecenia ekspert\u00f3w i wskaz\u00f3wki dotycz\u0105ce u\u017cytkowania<\/h3>\n<p>Podczas gdy \u017cel Himcolin oferuje naturalne podej\u015bcie do zdrowia seksualnego m\u0119\u017cczyzn, po\u0142\u0105czenie go ze zdrowym stylem \u017cycia mo\u017ce wzmocni\u0107 jego dzia\u0142anie. Rozwa\u017c te wskaz\u00f3wki:<\/p>\n<p><em>   <strong>Zdrowa dieta:<\/strong> Zbilansowana dieta bogata w owoce, warzywa i produkty pe\u0142noziarniste wspiera og\u00f3lne zdrowie uk\u0142adu sercowo-naczyniowego, co jest niezb\u0119dne dla funkcji seksualnych.<br \/>\n<\/em>   <strong>Regular Exercise:<\/strong> Aktywno\u015b\u0107 fizyczna poprawia kr\u0105\u017cenie krwi i mo\u017ce zwi\u0119kszy\u0107 wytrzyma\u0142o\u015b\u0107.<br \/>\n<em>   <strong>Zarz\u0105dzanie stresem:<\/strong> Przewlek\u0142y stres mo\u017ce negatywnie wp\u0142ywa\u0107 na sprawno\u015b\u0107 seksualn\u0105. Techniki takie jak medytacja, joga lub \u0107wiczenia g\u0142\u0119bokiego oddychania mog\u0105 by\u0107 korzystne.<br \/>\n<\/em>   <strong>Adequate Sleep:<\/strong> Wystarczaj\u0105cy odpoczynek ma kluczowe znaczenie dla r\u00f3wnowagi hormonalnej i poziomu energii.<br \/>\n<em>   <strong>Komunikacja:<\/strong> Otwarta komunikacja z partnerem na temat pragnie\u0144 i obaw mo\u017ce zwi\u0119kszy\u0107 intymno\u015b\u0107 i zmniejszy\u0107 presj\u0119.<br \/>\n<\/em>   <strong>Consistency:<\/strong> W celu trwa\u0142ej poprawy zalecane jest konsekwentne stosowanie \u017celu Himcolin 30mg zgodnie z zaleceniami.<\/p>\n<h3>Cz\u0119sto zadawane pytania dotycz\u0105ce \u017celu 30mg<\/h3>\n<p><em>   <strong>P: Czy \u017cel Himcolin jest bezpieczny do codziennego u\u017cytku?<\/strong><br \/>\n    Odp .: Tak, \u017cel Himcolin jest og\u00f3lnie bezpieczny do codziennego u\u017cytku, gdy jest stosowany zgodnie z zaleceniami. Je\u015bli jednak wyst\u0105pi\u0105 jakiekolwiek uporczywe podra\u017cnienie, zaprzesta\u0107 u\u017cywania i skonsultowa\u0107 si\u0119 z lekarzem.<br \/>\n<\/em>   <strong>P: Ile czasu zajmuje zobaczenie wynik\u00f3w?<\/strong><br \/>\n    O: Wyniki mog\u0105 si\u0119 r\u00f3\u017cni\u0107 w zale\u017cno\u015bci od osoby. Niekt\u00f3rzy u\u017cytkownicy zg\u0142aszaj\u0105, \u017ce zauwa\u017caj\u0105 ulepszenia w kilku aplikacjach, podczas gdy inni mog\u0105 wymaga\u0107 bardziej sp\u00f3jnego u\u017cytkowania w ci\u0105gu kilku tygodni, aby uzyska\u0107 optymalne korzy\u015bci.<br \/>\n<em>   <strong>P: Czy \u017cel Himcolin mo\u017ce by\u0107 u\u017cywany z prezerwatywami?<\/strong><br \/>\n    Odp .: Tak, \u017cel Himcolin jest kompatybilny z prezerwatywami lateksowymi.<br \/>\n<\/em>   <strong>P: Czy \u017cel Himcolin zwi\u0119kszy rozmiar penisa?<\/strong><br \/>\n    Odp.: \u017bel Himcolin ma na celu popraw\u0119 jako\u015bci i czasu trwania erekcji poprzez zwi\u0119kszenie przep\u0142ywu krwi, a nie zwi\u0119kszenie trwa\u0142ego rozmiaru penisa.<br \/>\n*   <strong>P: Co powinienem zrobi\u0107, je\u015bli do\u015bwiadcz\u0119 efektu ubocznego?<\/strong><br \/>\n    Odp.: Je\u015bli wyst\u0105pi\u0105 jakiekolwiek znacz\u0105ce lub uporczywe dzia\u0142ania niepo\u017c\u0105dane, takie jak powa\u017cne podra\u017cnienie sk\u00f3ry lub reakcja alergiczna, nale\u017cy natychmiast przerwa\u0107 stosowanie i skonsultowa\u0107 si\u0119 z lekarzem. \u0141agodne zaczerwienienie lub uczucie ocieplenia s\u0105 zazwyczaj normalne.<\/p>\n<h3>Twoje zaufane \u017ar\u00f3d\u0142o, aby szybko kupi\u0107 \u017cel Himcolin 30mg online<\/h3>\n<p>Podsumowuj\u0105c, je\u015bli szukasz <strong>Kup szybko \u017cel Himcolin 30mg online<\/strong>, nasza europejska apteka internetowa jest Twoim g\u0142\u00f3wnym celem podr\u00f3\u017cy. Oferujemy bezpieczny, dyskretny i wygodny spos\u00f3b na dost\u0119p do wysokiej jako\u015bci produkt\u00f3w intymnych do zdrowia intymnego bez recepty. Nasze zaanga\u017cowanie w satysfakcj\u0119 klienta, autentyczno\u015b\u0107 produktu i szybk\u0105 dostaw\u0119 w ca\u0142ej Europie, w tym w Hiszpanii, W\u0142oszech, Niemczech, Holandii, Polsce i Wielkiej Brytanii, sprawia, \u017ce jeste\u015bmy idealnym wyborem. Poczuj korzy\u015bci p\u0142yn\u0105ce ze zwi\u0119kszonego zdrowia intymnego z pewno\u015bci\u0105 i \u0142atwo\u015bci\u0105. Zam\u00f3w sw\u00f3j \u017cel Himcolin 30mg ju\u017c dzi\u015b i odkryj na nowo swoj\u0105 pewno\u015b\u0107 siebie.<\/p>","protected":false},"excerpt":{"rendered":"<p>Poczuj pewno\u015b\u0107, na jak\u0105 zas\u0142ugujesz dzi\u0119ki \u017celowi Himcolin 30mg! Ten szybko dzia\u0142aj\u0105cy \u017cel promuje rozszerzenie naczy\u0144 krwiono\u015bnych w tkance pr\u0105cia, skutecznie rozwi\u0105zuj\u0105c zaburzenia erekcji. Opr\u00f3cz podstawowej korzy\u015bci, Himcolin r\u00f3wnie\u017c \u0142agodzi i nawil\u017ca, zapewniaj\u0105c bardziej komfortowe wra\u017cenia. Po prostu na\u0142\u00f3\u017c niewielk\u0105 ilo\u015b\u0107 na penis i okolice \u0142onowe 30 minut przed intymno\u015bci\u0105. Zapraszam do kontaktu, je\u015bli masz jakiekolwiek pytania dotycz\u0105ce jego u\u017cycia!<\/p>","protected":false},"featured_media":9143,"template":"","meta":[],"product_brand":[],"product_cat":[488,285],"product_tag":[1516,1026,1518,892,1519,1517,1515,1440,1521,1520],"class_list":{"0":"post-9142","1":"product","2":"type-product","3":"status-publish","4":"has-post-thumbnail","6":"product_cat-best-sellers","7":"product_cat-erectile-dysfunction","8":"product_tag-buy-himcolin-online","9":"product_tag-discreet-delivery","10":"product_tag-erectile-dysfunction-gel","11":"product_tag-fast-shipping","12":"product_tag-herbal-erection-gel","13":"product_tag-himcolin-30mg","14":"product_tag-himcolin-gel","15":"product_tag-male-enhancement","16":"product_tag-no-prescription","17":"product_tag-topical-ed-treatment","19":"first","20":"instock","21":"shipping-taxable","22":"purchasable","23":"product-type-variable"},"_links":{"self":[{"href":"https:\/\/capsovia.com\/pl\/wp-json\/wp\/v2\/product\/9142","targetHints":{"allow":["GET"]}}],"collection":[{"href":"https:\/\/capsovia.com\/pl\/wp-json\/wp\/v2\/product"}],"about":[{"href":"https:\/\/capsovia.com\/pl\/wp-json\/wp\/v2\/types\/product"}],"version-history":[{"count":0,"href":"https:\/\/capsovia.com\/pl\/wp-json\/wp\/v2\/product\/9142\/revisions"}],"wp:featuredmedia":[{"embeddable":true,"href":"https:\/\/capsovia.com\/pl\/wp-json\/wp\/v2\/media\/9143"}],"wp:attachment":[{"href":"https:\/\/capsovia.com\/pl\/wp-json\/wp\/v2\/media?parent=9142"}],"wp:term":[{"taxonomy":"product_brand","embeddable":true,"href":"https:\/\/capsovia.com\/pl\/wp-json\/wp\/v2\/product_brand?post=9142"},{"taxonomy":"product_cat","embeddable":true,"href":"https:\/\/capsovia.com\/pl\/wp-json\/wp\/v2\/product_cat?post=9142"},{"taxonomy":"product_tag","embeddable":true,"href":"https:\/\/capsovia.com\/pl\/wp-json\/wp\/v2\/product_tag?post=9142"}],"curies":[{"name":"wp","href":"https:\/\/api.w.org\/{rel}","templated":true}]}}