{"id":9300,"date":"2024-09-26T03:30:17","date_gmt":"2024-09-26T03:30:17","guid":{"rendered":"https:\/\/pharmaplazaonline.com\/?post_type=product&#038;p=9300"},"modified":"2026-04-18T00:23:10","modified_gmt":"2026-04-18T00:23:10","slug":"super-cialis","status":"publish","type":"product","link":"https:\/\/capsovia.com\/pl\/product\/super-cialis\/","title":{"rendered":"Super cialis na sprzeda\u017c online"},"content":{"rendered":"<h2>Super cialis na sprzeda\u017c online: o\u017cywij swoj\u0105 intymno\u015b\u0107 i pewno\u015b\u0107 siebie<\/h2>\n<p>Szukasz sposobu na popraw\u0119 sprawno\u015bci seksualnej i odzyskanie pewno\u015bci siebie? Nie szukaj dalej. W naszej renomowanej aptece internetowej oferujemy <strong>Super cialis na sprzeda\u017c online<\/strong>, lek premium zaprojektowany w celu rozwi\u0105zania problemu zaburze\u0144 erekcji (ED) i umo\u017cliwienia Ci do\u015bwiadczenia spe\u0142nienia intymno\u015bci. Jeste\u015bmy zaufanym \u017ar\u00f3d\u0142em dyskretnie dostarczanych lek\u00f3w w ca\u0142ej Europie, w tym w Hiszpanii, W\u0142oszech, Niemczech, Holandii, Polsce i Wielkiej Brytanii. Naszym zobowi\u0105zaniem jest zapewnienie niezawodnego dost\u0119pu do wysokiej jako\u015bci zabieg\u00f3w, a nasze zdrowie i dobre samopoczucie s\u0105 naszymi g\u0142\u00f3wnymi priorytetami.<\/p>\n<h3>Zrozumienie super cialis: co to jest i jak dzia\u0142a<\/h3>\n<p>Super cialis to silny i skuteczny lek opracowany specjalnie do zwalczania wyzwa\u0144 zwi\u0105zanych z zaburzeniami erekcji. Jest to zaawansowana wersja tadalafilu, aktywnego sk\u0142adnika cialis, cz\u0119sto charakteryzuj\u0105ca si\u0119 wy\u017cszym st\u0119\u017ceniem lub unikaln\u0105 kombinacj\u0105 sk\u0142adnik\u00f3w, aby zapewni\u0107 zwi\u0119kszon\u0105 skuteczno\u015b\u0107 niekt\u00f3rym osobom. Ten lek dzia\u0142a poprzez zwi\u0119kszenie przep\u0142ywu krwi do penisa, umo\u017cliwiaj\u0105c j\u0119drn\u0105 i trwa\u0142\u0105 erekcj\u0119, gdy nast\u0119puje stymulacja seksualna. W przeciwie\u0144stwie do starszych zabieg\u00f3w, super cialis jest znany z d\u0142u\u017cszego czasu dzia\u0142ania, co pozwala na spontaniczne spotkania seksualne i zmniejsza presj\u0119 zwi\u0105zan\u0105 z czasow\u0105 intymno\u015bci\u0105.<\/p>\n<p><strong>Kluczowe zalety super cialis:<\/strong><\/p>\n<p><em>   <strong>Ulepszona funkcja erekcji:<\/strong> G\u0142\u00f3wn\u0105 zalet\u0105 super cialis jest jego zdolno\u015b\u0107 do pomocy w osi\u0105gni\u0119ciu i utrzymaniu firmy erekcji na tyle, aby zapewni\u0107 zadowalaj\u0105cy stosunek seksualny.<br \/>\n<\/em>   <strong>D\u0142ugotrwa\u0142e efekty:<\/strong> Poczuj swobod\u0119 spontaniczno\u015bci z super cialis, kt\u00f3re mog\u0105 pozosta\u0107 skuteczne nawet do 36 godzin, co daje szersze okno mo\u017cliwo\u015bci intymno\u015bci.<br \/>\n<em>   <strong>Wi\u0119ksza pewno\u015b\u0107:<\/strong> Odnosz\u0105c si\u0119 do fizycznych wyzwa\u0144 zwi\u0105zanych z zaburzeniami erekcji, super cialis mo\u017ce znacznie zwi\u0119kszy\u0107 samoocen\u0119 i zmniejszy\u0107 l\u0119k przed wydajno\u015bci\u0105.<br \/>\n<\/em>   <strong>Poprawiona jako\u015b\u0107 relacji:<\/strong> Wzmocniona intymno\u015b\u0107 seksualna mo\u017ce prowadzi\u0107 do silniejszego i bardziej satysfakcjonuj\u0105cego kontaktu z partnerem.<br \/>\n<em>   <strong>Dyskretne i wygodne:<\/strong> Zakup <strong>Super cialis na sprzeda\u017c online<\/strong> Z \u0142atwo\u015bci\u0105 z naszej zaufanej platformy i dyskretnie otrzymuj swoje leki, oszcz\u0119dzaj\u0105c czas i wysi\u0142ek.<\/p>\n<h3>Kiedy rozwa\u017cy\u0107 super cialis: zrozumienie zaburze\u0144 erekcji<\/h3>\n<p>Zaburzenia erekcji, powszechnie znane jako impotencja, to stan, kt\u00f3ry dotyka znaczn\u0105 liczb\u0119 m\u0119\u017cczyzn na ca\u0142ym \u015bwiecie. Charakteryzuje si\u0119 sta\u0142\u0105 niezdolno\u015bci\u0105 do osi\u0105gni\u0119cia lub utrzymania erekcji wystarczaj\u0105cej do stosunku p\u0142ciowego. ED mo\u017ce wynika\u0107 z r\u00f3\u017cnych czynnik\u00f3w, w tym:<\/p>\n<p><\/em>   <strong>Przyczyny fizyczne:<\/strong> Mog\u0105 to by\u0107 choroby serca, cukrzyca, oty\u0142o\u015b\u0107, wysokie ci\u015bnienie krwi, wysoki poziom cholesterolu i zaburzenia neurologiczne.<br \/>\n<em>   <strong>Przyczyny psychologiczne:<\/strong> Stres, l\u0119k, depresja i problemy w zwi\u0105zku r\u00f3wnie\u017c mog\u0105 przyczyni\u0107 si\u0119 do zaburze\u0144 erekcji lub zaostrzenia.<br \/>\n<\/em>   <strong>Czynniki stylu \u017cycia:<\/strong> Palenie, nadmierne spo\u017cycie alkoholu i brak aktywno\u015bci fizycznej mog\u0105 negatywnie wp\u0142yn\u0105\u0107 na zdrowie seksualne.<\/p>\n<p>Je\u015bli masz uporczywe trudno\u015bci z erekcj\u0105, nawet po pr\u00f3bie radzenia sobie ze stresem i czynnikami stylu \u017cycia, super cialis mo\u017ce by\u0107 dla Ciebie odpowiedni\u0105 opcj\u0105. Nasz <strong>Super cialis na sprzeda\u017c online<\/strong> Zapewnia wygodne i przyst\u0119pne rozwi\u0105zanie dla tych, kt\u00f3rzy chc\u0105 przezwyci\u0119\u017cy\u0107 wyzwania ED.<\/p>\n<h3>Jak u\u017cywa\u0107 super cialis: dawkowanie i podawanie<\/h3>\n<p>Super cialis jest zazwyczaj dost\u0119pny w formie tabletu. Dawkowanie b\u0119dzie si\u0119 r\u00f3\u017cni\u0107 w zale\u017cno\u015bci od konkretnego preparatu i indywidualnych potrzeb. Wa\u017cne jest, aby przestrzega\u0107 instrukcji dawkowania dostarczonych z lekami i zgodnie z zaleceniami lekarza, nawet przy zakupie <strong>Super cialis na sprzeda\u017c online<\/strong> Bez recepty.<\/p>\n<p><strong>Og\u00f3lne wytyczne dotycz\u0105ce u\u017cytkowania:<\/strong><\/p>\n<p><em>   <strong>Dawkowanie:<\/strong> Typowa dawka pocz\u0105tkowa dla super cialis mo\u017ce by\u0107 okre\u015blon\u0105 si\u0142\u0105 (np. 20 mg, 40 mg lub 60 mg tadalafilu). Konieczne jest rozpocz\u0119cie od najni\u017cszej skutecznej dawki, aby zminimalizowa\u0107 ryzyko dzia\u0142a\u0144 niepo\u017c\u0105danych. Nigdy nie przekraczaj zalecanej dziennej dawki.<br \/>\n<\/em>   <strong>Administracja:<\/strong> We\u017a jedn\u0105 tabletk\u0119 doustnie ze szklank\u0105 wody.<br \/>\n<em>   <strong>Chronometra\u017c:<\/strong> Super cialis mo\u017cna przyjmowa\u0107 oko\u0142o 30 minut przed aktywno\u015bci\u0105 seksualn\u0105. Ze wzgl\u0119du na d\u0142ugi czas dzia\u0142ania mo\u017cna go podj\u0105\u0107 o ka\u017cdej porze dnia. W przypadku niekt\u00f3rych preparat\u00f3w mo\u017ce by\u0107 zalecany do codziennego stosowania przy ni\u017cszej dawce. Zawsze nale\u017cy zapozna\u0107 si\u0119 z wk\u0142adk\u0105 produktu, aby uzyska\u0107 dok\u0142adne instrukcje.<br \/>\n<\/em>   <strong>Cz\u0119stotliwo\u015b\u0107:<\/strong> Nie nale\u017cy przyjmowa\u0107 wi\u0119cej ni\u017c jednej dawki super cialis w ci\u0105gu 24 godzin.<br \/>\n<em>   <strong>z jedzeniem:<\/strong> Super cialis mo\u017cna przyjmowa\u0107 z jedzeniem lub bez jedzenia. Jednak spo\u017cywanie ci\u0119\u017ckiego, wysokot\u0142uszczowego posi\u0142ku na kr\u00f3tko przed przyj\u0119ciem leku mo\u017ce op\u00f3\u017ani\u0107 jego rozpocz\u0119cie dzia\u0142ania dla niekt\u00f3rych os\u00f3b.<\/p>\n<p><strong>Wa\u017cne uwagi:<\/strong><\/p>\n<p><\/em>   <strong>Skontaktuj si\u0119 z profesjonalist\u0105:<\/strong> Podczas gdy oferujemy <strong>Super cialis na sprzeda\u017c online<\/strong> Bez recepty zawsze zaleca si\u0119 om\u00f3wienie swojego stanu zdrowia z lekarzem, zw\u0142aszcza je\u015bli masz wcze\u015bniej istniej\u0105ce problemy zdrowotne lub przyjmujesz inne leki.<br \/>\n<em>   <strong>Odpowied\u017a indywidualna:<\/strong> Skuteczno\u015b\u0107 i czas trwania super cialis mog\u0105 si\u0119 r\u00f3\u017cni\u0107 w zale\u017cno\u015bci od osoby.<\/p>\n<h3>Potencjalne skutki uboczne super cialis<\/h3>\n<p>Podobnie jak wszystkie leki, super cialis mo\u017ce powodowa\u0107 dzia\u0142ania niepo\u017c\u0105dane, chocia\u017c nie wszyscy do\u015bwiadczaj\u0105 ich. Wi\u0119kszo\u015b\u0107 skutk\u00f3w ubocznych zwi\u0105zanych z super cialis jest \u0142agodna do umiarkowanej i ma tendencj\u0119 do samodzielnego ust\u0119powania.<\/p>\n<p><strong>Do cz\u0119stych skutk\u00f3w ubocznych mog\u0105 nale\u017ce\u0107:<\/strong><\/p>\n<p><\/em>   B\u00f3l g\u0142owy<br \/>\n<em>   Niestrawno\u015b\u0107 lub zgaga<br \/>\n<\/em>   Back pain<br \/>\n<em>   b\u00f3le mi\u0119\u015bni<br \/>\n<\/em>   P\u0142ukanie twarzy<br \/>\n<em>   Stuffy or runny nose<\/p>\n<p><strong>Mniej powszechne lub rzadkie skutki uboczne:<\/strong><\/p>\n<p><\/em>   Zawr\u00f3t g\u0142owy<br \/>\n<em>   Zmiany widzenia (np. niewyra\u017ane widzenie, zmiany w postrzeganiu koloru)<br \/>\n<\/em>   B\u00f3l w r\u0119kach lub nogach<br \/>\n<em>   priapizm (przed\u0142u\u017cona i bolesna erekcja trwaj\u0105ca ponad 4 godziny) \u2013 <strong>Je\u015bli tak si\u0119 stanie, nale\u017cy natychmiast zwr\u00f3ci\u0107 si\u0119 o pomoc lekarsk\u0105.<\/strong><br \/>\n<\/em>   Reakcje alergiczne (np. wysypka, sw\u0119dzenie, obrz\u0119k)<br \/>\n<em>   Chest pain<br \/>\n<\/em>   Nag\u0142y spadek lub utrata s\u0142uchu lub wzroku<\/p>\n<p><strong>Je\u015bli wyst\u0105pi\u0105 jakiekolwiek powa\u017cne lub uporczywe dzia\u0142ania niepo\u017c\u0105dane, nale\u017cy przerwa\u0107 stosowanie i szybko zasi\u0119gn\u0105\u0107 porady lekarza.<\/strong> Wa\u017cne jest, aby zdawa\u0107 sobie spraw\u0119 z tych potencjalnych skutk\u00f3w, bior\u0105c pod uwag\u0119 <strong>Super cialis na sprzeda\u017c online<\/strong>.<\/p>\n<h3>Kto powinien unika\u0107 super cialis? Przeciwwskazania i \u015brodki ostro\u017cno\u015bci<\/h3>\n<p>Super cialis nie jest odpowiedni dla wszystkich. Niekt\u00f3re schorzenia i leki mog\u0105 wchodzi\u0107 w interakcje z super cialis, co prowadzi do potencjalnie powa\u017cnych zagro\u017ce\u0144 dla zdrowia.<\/p>\n<p><strong>Nie powiniene\u015b bra\u0107 super cialis, je\u015bli:<\/strong><\/p>\n<p><em>   Przyjmujesz leki azotanowe na b\u00f3l w klatce piersiowej lub stany serca (np. nitrogliceryna, monoazotan\/dynitratan izosorbidu). Ta kombinacja mo\u017ce spowodowa\u0107 niebezpieczny spadek ci\u015bnienia krwi.<br \/>\n<\/em>   Masz histori\u0119 powa\u017cnych problem\u00f3w z sercem, udaru m\u00f3zgu lub niedawnego zawa\u0142u serca.<br \/>\n<em>   Masz niskie ci\u015bnienie krwi (hipotensja) lub niekontrolowane wysokie ci\u015bnienie krwi (nadci\u015bnienie).<br \/>\n<\/em>   Masz pewne schorzenia oczu, takie jak barwnikowe zapalenie siatk\u00f3wki lub niet\u0119tnicza przednia niedokrwienna neuropatia wzrokowa (NAION).<br \/>\n<em>   Masz powa\u017cne problemy z w\u0105trob\u0105 lub nerkami.<br \/>\n<\/em>   Jeste\u015b uczulony na tadalafil lub kt\u00f3rykolwiek z innych sk\u0142adnik\u00f3w w super cialis.<\/p>\n<p><strong>Precautions:<\/strong><\/p>\n<p><em>   <strong>Heart Conditions:<\/strong> Je\u015bli masz jakiekolwiek schorzenia serca, skonsultuj si\u0119 z lekarzem przed przyj\u0119ciem super cialis.<br \/>\n<\/em>   <strong>Deformacje penisa:<\/strong> Je\u015bli masz anatomiczne deformacje penisa, takie jak choroba Peyroniego, stosuj super cialis z ostro\u017cno\u015bci\u0105.<br \/>\n<em>   <strong>Zaburzenia kom\u00f3rek krwi:<\/strong> M\u0119\u017cczy\u017ani z anemi\u0105 sierpowat\u0105, szpiczakiem mnogim lub bia\u0142aczk\u0105 powinni skonsultowa\u0107 si\u0119 z lekarzem.<br \/>\n<\/em>   <strong>Zaburzenia krzepni\u0119cia:<\/strong> U\u017cywaj super cialis z ostro\u017cno\u015bci\u0105, je\u015bli masz zaburzenie krwawienia.<br \/>\n<em>   <strong>Spo\u017cycie alkoholu:<\/strong> Nadmierne spo\u017cycie alkoholu mo\u017ce zwi\u0119kszy\u0107 ryzyko zawrot\u00f3w g\u0142owy i omdlenia.<br \/>\n<\/em>   <strong>Prowadzenie pojazd\u00f3w i obs\u0142uga maszyn:<\/strong> Super cialis mo\u017ce powodowa\u0107 zawroty g\u0142owy lub wp\u0142ywa\u0107 na widzenie, dlatego nale\u017cy zachowa\u0107 ostro\u017cno\u015b\u0107 podczas prowadzenia pojazd\u00f3w lub obs\u0142ugiwania maszyn.<\/p>\n<p>przy zakupie <strong>Super cialis na sprzeda\u017c online<\/strong>, konieczne jest zrozumienie tych przeciwwskaza\u0144 i \u015brodk\u00f3w ostro\u017cno\u015bci, aby zapewni\u0107 bezpiecze\u0144stwo.<\/p>\n<h3>Super cialis vs. inne zabiegi ED<\/h3>\n<p>Super cialis wyr\u00f3\u017cnia si\u0119 na rynku z kilku powod\u00f3w:<\/p>\n<p><em>   <strong>Czas trwania akcji:<\/strong> Jego znacznie d\u0142u\u017cszy czas dzia\u0142ania (do 36 godzin) zapewnia wi\u0119ksz\u0105 elastyczno\u015b\u0107 i spontaniczno\u015b\u0107 w por\u00f3wnaniu z lekami o kr\u00f3tszych oknach skuteczno\u015bci. Jest to kluczowa zaleta doceniana przez wielu m\u0119\u017cczyzn, kt\u00f3rzy szukaj\u0105 <strong>Super cialis na sprzeda\u017c online<\/strong>.<br \/>\n<\/em>   <strong>Skuteczno\u015b\u0107:<\/strong> Cz\u0119sto zawieraj\u0105ce wy\u017csze st\u0119\u017cenie tadalafilu lub sk\u0142adnika komplementarnego, super cialis mo\u017ce oferowa\u0107 zwi\u0119kszon\u0105 skuteczno\u015b\u0107 osobom, kt\u00f3re uznaj\u0105 standardowy tadalafil lub sildenafil (viagra) mniej wp\u0142ywowy.<br \/>\n<em>   <strong>Dyskrecja i dost\u0119pno\u015b\u0107:<\/strong> Nasza platforma oferuje dyskretny i wygodny spos\u00f3b zakupu <strong>Super cialis na sprzeda\u017c online<\/strong>, bezpo\u015brednio do Twoich drzwi, eliminuj\u0105c potrzeb\u0119 osobistych wizyt w aptekach i potencjalnego zak\u0142opotania.<\/p>\n<h3>Dlaczego warto wybra\u0107 nasz\u0105 aptek\u0119 internetow\u0105 dla super cialis?<\/h3>\n<p>Jeste\u015bmy zaufan\u0105 i renomowan\u0105 aptek\u0105 internetow\u0105, kt\u00f3rej celem jest zapewnienie bezpiecznego, skutecznego i dyskretnego dost\u0119pu do lek\u00f3w. Kiedy kupujesz <strong>Super cialis na sprzeda\u017c online<\/strong> from us, you can expect:<\/p>\n<p><\/em>   <strong>Oryginalne produkty:<\/strong> Pozyskujemy nasze leki od legalnych producent\u00f3w, zapewniaj\u0105c, \u017ce otrzymujesz autentyczne i wysokiej jako\u015bci super cialis.<br \/>\n<em>   <strong>Dyskretna wysy\u0142ka:<\/strong> Twoja prywatno\u015b\u0107 jest naszym priorytetem. Wszystkie zam\u00f3wienia s\u0105 wysy\u0142ane w zwyk\u0142ym opakowaniu bez zewn\u0119trznego wskazania zawarto\u015bci. Wysy\u0142amy na terenie Hiszpanii, W\u0142och, Niemiec, Holandii, Polski i Wielkiej Brytanii.<br \/>\n<\/em>   <strong>Bezpieczna platforma internetowa:<\/strong> Nasza strona internetowa zosta\u0142a zaprojektowana z my\u015bl\u0105 o bezpiecze\u0144stwie, oferuj\u0105c bezpieczne i zaszyfrowane \u015brodowisko dla Twoich transakcji.<br \/>\n<em>   <strong>Szeroka gama lek\u00f3w:<\/strong> Poza <strong>Super cialis na sprzeda\u017c online<\/strong>, oferujemy kompleksowy wyb\u00f3r lek\u00f3w na recept\u0119 i bez recepty, aby zaspokoi\u0107 r\u00f3\u017cne potrzeby zdrowotne.<br \/>\n<\/em>   <strong>Obs\u0142uga klienta:<\/strong> Nasz dedykowany zesp\u00f3\u0142 obs\u0142ugi klienta jest dost\u0119pny, aby odpowiedzie\u0107 na wszelkie pytania lub w\u0105tpliwo\u015bci dotycz\u0105ce Twojego zam\u00f3wienia lub naszych produkt\u00f3w.<\/p>\n<h3>Cz\u0119sto zadawane pytania dotycz\u0105ce super cialis<\/h3>\n<p><strong>P: Jaka jest r\u00f3\u017cnica mi\u0119dzy cialis a super cialis?<\/strong><br \/>\nOdp .: Super cialis jest na og\u00f3\u0142 silniejszym preparatem, cz\u0119sto zawieraj\u0105cym wy\u017csz\u0105 dawk\u0119 tadalafilu lub kombinacj\u0119 sk\u0142adnik\u00f3w zaprojektowanych dla zwi\u0119kszonej skuteczno\u015bci w por\u00f3wnaniu ze standardowym cialis.<\/p>\n<p><strong>P: Jak szybko super cialis zaczyna dzia\u0142a\u0107?<\/strong><br \/>\nO: Super cialis zazwyczaj zaczyna dzia\u0142a\u0107 w ci\u0105gu 30 do 60 minut od podania.<\/p>\n<p><strong>P: Czy mog\u0119 pi\u0107 alkohol podczas przyjmowania super cialis?<\/strong><br \/>\nO: Umiarkowane spo\u017cywanie alkoholu jest og\u00f3lnie akceptowalne, ale nadmierne picie mo\u017ce zwi\u0119ksza\u0107 ryzyko wyst\u0105pienia dzia\u0142a\u0144 niepo\u017c\u0105danych, takich jak zawroty g\u0142owy i spadek ci\u015bnienia krwi.<\/p>\n<p><strong>Q: What should I do if I miss a dose?<\/strong><br \/>\nOdp.: Je\u015bli przyjmujesz super cialis w razie potrzeby, we\u017a je tak szybko, jak tylko pami\u0119tasz, chyba \u017ce jest to zbli\u017cone do czasu nast\u0119pnej zaplanowanej dawki. Nie nale\u017cy przyjmowa\u0107 podw\u00f3jnej dawki, aby zrekompensowa\u0107 pomini\u0119te. Je\u015bli przyjmujesz j\u0105 codziennie, przyjm pomini\u0119tej dawki tak szybko, jak tylko przypomnisz, ale pomi\u0144 j\u0105, je\u015bli zbli\u017ca si\u0119 czas na nast\u0119pn\u0105 dawk\u0119.<\/p>\n<p><strong>P: Czy Super Cialis jest bezpieczny do d\u0142ugotrwa\u0142ego u\u017cytkowania?<\/strong><br \/>\nO: Stosowany zgodnie z zaleceniami i pod kierunkiem pracownika s\u0142u\u017cby zdrowia, super cialis mo\u017ce by\u0107 bezpiecznie stosowany do d\u0142ugotrwa\u0142ego leczenia zaburze\u0144 erekcji. Zalecane s\u0105 jednak regularne kontrole.<\/p>\n<h3>Zam\u00f3w swoje super cialis ju\u017c dzi\u015b i odkryj na nowo swoj\u0105 moc<\/h3>\n<p>Nie pozw\u00f3l, aby zaburzenia erekcji zmniejszy\u0142y Twoj\u0105 pewno\u015b\u0107 siebie lub wp\u0142yn\u0119\u0142y na Twoje relacje. Nasz <strong>Super cialis na sprzeda\u017c online<\/strong> Oferuje niezawodne, skuteczne i dyskretne rozwi\u0105zanie. Do\u015bwiadcz korzy\u015bci p\u0142yn\u0105cych ze zwi\u0119kszonej sprawno\u015bci seksualnej i odnowionej intymno\u015bci. Jeste\u015bmy Twoim zaufanym \u017ar\u00f3d\u0142em wysokiej jako\u015bci lek\u00f3w dostarczanych bezpiecznie w ca\u0142ej Europie. Z\u0142\u00f3\u017c zam\u00f3wienie ju\u017c dzi\u015b i zr\u00f3b pierwszy krok w kierunku bardziej satysfakcjonuj\u0105cego \u017cycia seksualnego. Twoja podr\u00f3\u017c do pewno\u015bci siebie i przyjemno\u015bci zaczyna si\u0119 tutaj.<\/p>","protected":false},"excerpt":{"rendered":"<p>Szukasz pot\u0119\u017cnego rozwi\u0105zania? Super cialis mo\u017cna kupi\u0107 tutaj online! Uzyskaj skuteczne leczenie, kt\u00f3rego potrzebujesz, wygodnie dostarczone. Do\u015bwiadcz lepszych wynik\u00f3w i odzyskaj pewno\u015b\u0107 siebie. Kup teraz dyskretn\u0105 i niezawodn\u0105 dostaw\u0119 super cialis.<\/p>","protected":false},"featured_media":9301,"template":"","meta":[],"product_brand":[],"product_cat":[488,285],"product_tag":[1417,1449,1448,1453,1436,1450,1447,1452,1451],"class_list":{"0":"post-9300","1":"product","2":"type-product","3":"status-publish","4":"has-post-thumbnail","6":"product_cat-best-sellers","7":"product_cat-erectile-dysfunction","8":"product_tag-buy-ed-pills-online","9":"product_tag-buy-super-cialis-online","10":"product_tag-cialis-for-sale","11":"product_tag-discreet-cialis-delivery","12":"product_tag-ed-medication","13":"product_tag-erectile-dysfunction-treatment","14":"product_tag-super-cialis","15":"product_tag-super-cialis-europe","16":"product_tag-tadalafil-online","18":"first","19":"instock","20":"shipping-taxable","21":"purchasable","22":"product-type-variable"},"_links":{"self":[{"href":"https:\/\/capsovia.com\/pl\/wp-json\/wp\/v2\/product\/9300","targetHints":{"allow":["GET"]}}],"collection":[{"href":"https:\/\/capsovia.com\/pl\/wp-json\/wp\/v2\/product"}],"about":[{"href":"https:\/\/capsovia.com\/pl\/wp-json\/wp\/v2\/types\/product"}],"version-history":[{"count":0,"href":"https:\/\/capsovia.com\/pl\/wp-json\/wp\/v2\/product\/9300\/revisions"}],"wp:featuredmedia":[{"embeddable":true,"href":"https:\/\/capsovia.com\/pl\/wp-json\/wp\/v2\/media\/9301"}],"wp:attachment":[{"href":"https:\/\/capsovia.com\/pl\/wp-json\/wp\/v2\/media?parent=9300"}],"wp:term":[{"taxonomy":"product_brand","embeddable":true,"href":"https:\/\/capsovia.com\/pl\/wp-json\/wp\/v2\/product_brand?post=9300"},{"taxonomy":"product_cat","embeddable":true,"href":"https:\/\/capsovia.com\/pl\/wp-json\/wp\/v2\/product_cat?post=9300"},{"taxonomy":"product_tag","embeddable":true,"href":"https:\/\/capsovia.com\/pl\/wp-json\/wp\/v2\/product_tag?post=9300"}],"curies":[{"name":"wp","href":"https:\/\/api.w.org\/{rel}","templated":true}]}}