{"id":9407,"date":"2024-10-04T17:14:12","date_gmt":"2024-10-04T17:14:12","guid":{"rendered":"https:\/\/pharmaplazaonline.com\/?post_type=product&#038;p=9407"},"modified":"2026-04-17T22:58:48","modified_gmt":"2026-04-17T22:58:48","slug":"lortab-2-5-500mg","status":"publish","type":"product","link":"https:\/\/capsovia.com\/pl\/product\/lortab-2-5-500mg\/","title":{"rendered":"Lortab 2.5\/500mg na sprzeda\u017c \u2013 szybka wysy\u0142ka"},"content":{"rendered":"<h1>Lortab 2.5\/500mg na sprzeda\u017c: niezawodna ulga z dyskretn\u0105, szybk\u0105 wysy\u0142k\u0105 w ca\u0142ej Europie<\/h1>\n<p>Witamy w swojej zaufanej aptece internetowej, najlepszym miejscu zakupu Lortab 2.5\/500mg dyskretnie i wydajnie. Rozumiemy znaczenie szybkiego dost\u0119pu do skutecznego \u0142agodzenia b\u00f3lu i dlatego jeste\u015bmy oddani zapewnianiu bezproblemowego i bezpiecznego do\u015bwiadczenia zakupowego naszym cennym klientom w Hiszpanii, W\u0142oszech, Niemczech, Holandii, Polsce oraz w szerszym regionie Wielkiej Brytanii i Europy. Naszym zobowi\u0105zaniem jest oferowanie prawdziwego Lortab 2,5\/500 mg, zapewniaj\u0105c jako\u015b\u0107 i skuteczno\u015b\u0107 dla wszystkich Twoich potrzeb w zakresie leczenia b\u00f3lu. Kiedy szukasz Lortab 2.5\/500mg na sprzeda\u017c online, nie szukaj dalej ni\u017c na naszej renomowanej platformie, aby uzyska\u0107 niezawodne i szybkie rozwi\u0105zanie.<\/p>\n<h2>Zrozumienie Lortab 2,5\/500 mg: szczeg\u00f3\u0142owy przegl\u0105d<\/h2>\n<p>Lortab 2.5\/500mg to silny lek na recept\u0119, skrupulatnie opracowany w celu z\u0142agodzenia b\u00f3lu o nasileniu umiarkowanym do silnego. \u0141\u0105czy dzia\u0142anie przeciwb\u00f3lowe dwutlenku hydrokodonu z w\u0142a\u015bciwo\u015bciami redukuj\u0105cymi gor\u0105czk\u0119 i wzmacniaj\u0105cymi b\u00f3l acetaminofenu. Ta kombinacja dzia\u0142a synergistycznie, aby zapewni\u0107 kompleksow\u0105 ulg\u0119 w b\u00f3lu, co czyni j\u0105 wyborem dla os\u00f3b do\u015bwiadczaj\u0105cych dyskomfortu, kt\u00f3ry zak\u0142\u00f3ca ich codzienne \u017cycie.<\/p>\n<p><strong>Kluczowe elementy i ich dzia\u0142ania:<\/strong><\/p>\n<p><em>   <strong>Dwuwinian hydrokodonu (2,5 mg):<\/strong> To jest opioidowy \u015brodek przeciwb\u00f3lowy. Dzia\u0142a poprzez wi\u0105zanie z receptorami opioidowymi w m\u00f3zgu i rdzeniu kr\u0119gowym, zmieniaj\u0105c postrzeganie b\u00f3lu przez organizm i jego emocjonaln\u0105 reakcj\u0119 na niego.<br \/>\n<\/em>   <strong>Acetaminofen (500mg):<\/strong> Znany r\u00f3wnie\u017c jako paracetamol, ten nieopioidowy \u015brodek przeciwb\u00f3lowy i przeciwgor\u0105czkowy pomaga zmniejszy\u0107 gor\u0105czk\u0119 i nasila\u0107 dzia\u0142anie przeciwb\u00f3lowe hydrokodonu. Jego dok\u0142adny mechanizm dzia\u0142ania nie jest w pe\u0142ni zrozumia\u0142y, ale uwa\u017ca si\u0119, \u017ce obejmuje hamowanie syntezy prostaglandyn w o\u015brodkowym uk\u0142adzie nerwowym.<\/p>\n<p><strong>Wskazania do stosowania:<\/strong><\/p>\n<p>Lortab 2,5\/500mg jest przepisywany przede wszystkim do kr\u00f3tkotrwa\u0142ego leczenia b\u00f3lu umiarkowanego do umiarkowanie silnego. Typowe warunki, dla kt\u00f3rych mo\u017ce by\u0107 zalecane, obejmuj\u0105:<\/p>\n<p><em>   B\u00f3l pooperacyjny<br \/>\n<\/em>   B\u00f3l po urazach<br \/>\n<em>   Silne b\u00f3le g\u0142owy i migreny<br \/>\n<\/em>   Przewlek\u0142y b\u00f3l (pod \u015bcis\u0142ym nadzorem medycznym)<br \/>\n<em>   B\u00f3l zwi\u0105zany z niekt\u00f3rymi procedurami medycznymi<\/p>\n<h2>Gdzie kupi\u0107 Lortab 2.5\/500mg online z pewno\u015bci\u0105<\/h2>\n<p>Nasza apteka internetowa wyr\u00f3\u017cnia si\u0119 jako latarnia zaufania i niezawodno\u015bci dla tych, kt\u00f3rzy chc\u0105 kupi\u0107 Lortab 2.5\/500mg. Priorytetowo traktujemy przejrzysto\u015b\u0107, autentyczno\u015b\u0107 produktu i satysfakcj\u0119 klienta w ka\u017cdej transakcji. Poruszanie si\u0119 po krajobrazie online dla lek\u00f3w mo\u017ce by\u0107 zniech\u0119caj\u0105ce, ale staramy si\u0119 upro\u015bci\u0107 ten proces, oferuj\u0105c bezpieczny portal, w kt\u00f3rym mo\u017cesz \u015bmia\u0142o kupi\u0107 Lortab 2,5\/500 mg. Nasze zaanga\u017cowanie w dostarczanie prawdziwych lek\u00f3w w po\u0142\u0105czeniu z nasz\u0105 sprawn\u0105 obs\u0142ug\u0105 sprawia, \u017ce jeste\u015bmy preferowanym wyborem dla wielu w ca\u0142ej Europie.<\/p>\n<h3>Szybka, dyskretna wysy\u0142ka dla Lortab 2,5\/500 mg w ca\u0142ej Europie<\/h3>\n<p>Zamawiaj\u0105c u nas Lortab 2.5\/500mg, mo\u017cesz spodziewa\u0107 si\u0119 szybkiej i dyskretnej dostawy prosto pod drzwi. Rozumiemy, \u017ce prywatno\u015b\u0107 jest najwa\u017cniejsza, a nasze opakowanie jest zaprojektowane tak, aby by\u0142o ca\u0142kowicie skromne, zapewniaj\u0105c, \u017ce Twoje dane osobowe i charakter Twojego zakupu pozostaj\u0105 poufne. Nasza sie\u0107 \u017ceglugowa jest zoptymalizowana tak, aby dociera\u0107 do wszystkich zak\u0105tk\u00f3w Europy, w tym Hiszpanii, W\u0142och, Niemiec, Holandii, Polski i Wielkiej Brytanii, z szybko\u015bci\u0105 i niezawodno\u015bci\u0105. Je\u015bli szukasz Lortab 2.5\/500mg Fast Shipping Europe, znalaz\u0142e\u015b swoje rozwi\u0105zanie. Zobowi\u0105zujemy si\u0119 do szybkiego dostarczania lek\u00f3w do Ciebie, minimalizuj\u0105c wszelkie op\u00f3\u017anienia w \u0142agodzeniu b\u00f3lu.<\/p>\n<h2>Dawkowanie i podawanie lortabu 2,5\/500mg<\/h2>\n<p>Przestrzeganie prawid\u0142owych wytycznych dotycz\u0105cych dawkowania i podawania ma kluczowe znaczenie dla bezpiecznego i skutecznego stosowania lortabu 2,5\/500 mg. Zawsze post\u0119puj zgodnie z instrukcjami dostarczonymi przez lekarza lub instrukcjami dawkowania zawartymi na opakowaniu produktu.<\/p>\n<p><strong>Og\u00f3lne zalecenia dotycz\u0105ce dawkowania:<\/strong><\/p>\n<p><\/em>   <strong>Typowa dawka dla doros\u0142ych:<\/strong> Jedna tabletka co cztery do sze\u015bciu godzin w razie potrzeby na b\u00f3l.<br \/>\n<em>   <strong>Dostosowanie dawkowania:<\/strong> Dawkowanie mo\u017ce by\u0107 zindywidualizowane w zale\u017cno\u015bci od nasilenia b\u00f3lu i odpowiedzi pacjenta. Konieczne jest rozpocz\u0119cie od najni\u017cszej skutecznej dawki.<br \/>\n<\/em>   <strong>Maksymalna dawka dobowa:<\/strong> Nie przekraczaj zalecanej maksymalnej dziennej dawki hydrokodonu i paracetamolu, aby unikn\u0105\u0107 powa\u017cnych zagro\u017ce\u0144 dla zdrowia.<\/p>\n<p><strong>Important Administration Notes:<\/strong><\/p>\n<p><em>   <strong>Po\u0142kn\u0105\u0107 w ca\u0142o\u015bci:<\/strong> Tabletki Lortab nale\u017cy po\u0142kn\u0105\u0107 w ca\u0142o\u015bci z wystarczaj\u0105c\u0105 ilo\u015bci\u0105 wody. Nie nale\u017cy kruszy\u0107, \u017cu\u0107 ani nie \u0142ama\u0107 tabletek, poniewa\u017c mo\u017ce to zbyt szybko uwolni\u0107 lek i zwi\u0119kszy\u0107 ryzyko dzia\u0142a\u0144 niepo\u017c\u0105danych.<br \/>\n<\/em>   <strong>Z jedzeniem lub bez:<\/strong> Lortab mo\u017cna przyjmowa\u0107 z jedzeniem lub bez jedzenia. Jednak\u017ce, je\u015bli powoduje rozstr\u00f3j \u017co\u0142\u0105dka, przyjmowanie go z jedzeniem mo\u017ce pom\u00f3c z\u0142agodzi\u0107 to.<br \/>\n<em>   <strong>Czas trwania leczenia:<\/strong> Lortab 2.5\/500mg jest na og\u00f3\u0142 przeznaczony do kr\u00f3tkotrwa\u0142ego stosowania. D\u0142ugotrwa\u0142e stosowanie bez nadzoru medycznego mo\u017ce prowadzi\u0107 do tolerancji, uzale\u017cnienia i objaw\u00f3w odstawienia.<\/p>\n<h2>Potencjalne skutki uboczne i \u015brodki ostro\u017cno\u015bci<\/h2>\n<p>Podobnie jak wszystkie leki, Lortab 2,5\/500 mg mo\u017ce powodowa\u0107 dzia\u0142ania niepo\u017c\u0105dane. Wa\u017cne jest, aby by\u0107 tego \u015bwiadomym i odpowiedzialnie stosowa\u0107 leki.<\/p>\n<p><strong>Do cz\u0119stych skutk\u00f3w ubocznych mog\u0105 nale\u017ce\u0107:<\/strong><\/p>\n<p><\/em>   senno\u015b\u0107 lub sedacja<br \/>\n<em>   Zawr\u00f3t g\u0142owy<br \/>\n<\/em>   Nudno\u015bci i wymioty<br \/>\n<em>   Zaparcie<br \/>\n<\/em>   Zawroty g\u0142owy<br \/>\n<em>   B\u00f3l g\u0142owy<br \/>\n<\/em>   Sucho\u015b\u0107 w ustach<\/p>\n<p><strong>Powa\u017cne skutki uboczne \u2013 Poszukaj pomocy medycznej:<\/strong><\/p>\n<p><em>   Ci\u0119\u017cka depresja oddechowa (spowolnione lub p\u0142ytkie oddychanie)<br \/>\n<\/em>   Reakcje alergiczne (wysypka, sw\u0119dzenie, obrz\u0119k, silne zawroty g\u0142owy, trudno\u015bci w oddychaniu)<br \/>\n<em>   Uszkodzenie w\u0105troby (wskazane przez nudno\u015bci, wymioty, utrat\u0119 apetytu, b\u00f3l brzucha, ciemny mocz, \u017c\u00f3\u0142taczk\u0119)<br \/>\n<\/em>   zesp\u00f3\u0142 serotoninowy (pobudzenie, halucynacje, szybkie bicie serca, gor\u0105czka, utrata koordynacji)<br \/>\n<em>   Napady padaczkowe<br \/>\n<\/em>   zamieszanie lub zmieniony stan psychiczny<br \/>\n<em>   Ci\u0119\u017ckie zaparcia lub niedro\u017cno\u015b\u0107 jelit<\/p>\n<p><strong>\u015arodki ostro\u017cno\u015bci i przeciwwskazania:<\/strong><\/p>\n<p><\/em>   <strong>Alkohol:<\/strong> Unikaj spo\u017cywania alkoholu podczas przyjmowania lortabu, poniewa\u017c mo\u017ce to znacznie zwi\u0119kszy\u0107 ryzyko senno\u015bci, zawrot\u00f3w g\u0142owy i depresji oddechowej.<br \/>\n<em>   <strong>Operating Machinery:<\/strong> Ze wzgl\u0119du na swoje dzia\u0142anie uspokajaj\u0105ce, Lortab mo\u017ce upo\u015bledza\u0107 twoj\u0105 zdolno\u015b\u0107 do wykonywania zada\u0144 wymagaj\u0105cych czujno\u015bci umys\u0142owej, takich jak prowadzenie pojazdu lub obs\u0142ugiwanie ci\u0119\u017ckich maszyn.<br \/>\n<\/em>   <strong>Istniej\u0105ce schorzenia:<\/strong> Poinformuj swojego lekarza lub farmaceut\u0119 o wszelkich istniej\u0105cych wcze\u015bniej schorzeniach, zw\u0142aszcza tych, kt\u00f3re maj\u0105 wp\u0142yw na uk\u0142ad oddechowy, w\u0105trob\u0119, nerki lub je\u015bli masz histori\u0119 nadu\u017cywania substancji.<br \/>\n<em>   <strong>Ci\u0105\u017ca i karmienie piersi\u0105:<\/strong> Lortab na og\u00f3\u0142 nie jest zalecany w czasie ci\u0105\u017cy lub karmienia piersi\u0105 ze wzgl\u0119du na potencjalne ryzyko dla p\u0142odu lub niemowl\u0119cia. Skonsultuj si\u0119 z lekarzem, aby uzyska\u0107 alternatywy.<br \/>\n<\/em>   <strong>Interakcje lek\u00f3w:<\/strong> Lortab mo\u017ce wchodzi\u0107 w interakcje z innymi lekami, w tym innymi opioidami, \u015brodkami uspokajaj\u0105cymi, \u015brodkami uspokajaj\u0105cymi, lekami przeciwdepresyjnymi i alkoholem. Zawsze ujawniaj wszystkie leki, kt\u00f3re obecnie przyjmujesz, aby unikn\u0105\u0107 niebezpiecznych interakcji.<\/p>\n<h2>Dlaczego warto wybra\u0107 nas dla swoich potrzeb Lortab 2,5\/500 mg?<\/h2>\n<p>Jako renomowany internetowy sprzedawca lek\u00f3w, naszym g\u0142\u00f3wnym celem jest zapewnienie dost\u0119pnego, wysokiej jako\u015bci lortabu 2,5\/500 mg naszym europejskim klientom. Jeste\u015bmy dumni z:<\/p>\n<p><em>   <strong>Gwarancja autentyczno\u015bci:<\/strong> Nasze leki pozyskujemy od zaufanych dostawc\u00f3w, zapewniaj\u0105c, \u017ce ka\u017cda otrzymana tabletka Lortab 2,5\/500 mg jest autentyczna i spe\u0142nia rygorystyczne standardy jako\u015bci.<br \/>\n<\/em>   <strong>Dyskretne opakowanie:<\/strong> Twoja prywatno\u015b\u0107 jest naszym priorytetem. Wszystkie zam\u00f3wienia s\u0105 wysy\u0142ane w zwyk\u0142ym, nieoznakowanym opakowaniu, aby zapewni\u0107 poufno\u015b\u0107.<br \/>\n<em>   <strong>Szybki &amp; Niezawodna wysy\u0142ka:<\/strong> Oferujemy przyspieszone us\u0142ugi wysy\u0142kowe w ca\u0142ej Europie, zapewniaj\u0105c, \u017ce otrzymasz Lortab 2,5\/500 mg tak szybko, jak to mo\u017cliwe.<br \/>\n<\/em>   <strong>Bezpieczna platforma internetowa:<\/strong> Nasza strona internetowa wykorzystuje solidne \u015brodki bezpiecze\u0144stwa, aby chroni\u0107 Twoje dane osobowe i finansowe podczas ka\u017cdej transakcji.<br \/>\n<em>   <strong>Obs\u0142uga klienta:<\/strong> Nasz oddany zesp\u00f3\u0142 obs\u0142ugi klienta jest do Pa\u0144stwa dyspozycji i ch\u0119tnie odpowie na wszelkie pytania dotycz\u0105ce zam\u00f3wienia lub naszych produkt\u00f3w.<\/p>\n<h2>Cz\u0119sto zadawane pytania dotycz\u0105ce Lortab 2.5\/500mg<\/h2>\n<p>Klienci cz\u0119sto pytaj\u0105 o r\u00f3\u017cne aspekty zakupu Lortab 2,5\/500 mg. Oto odpowiedzi na kilka typowych pyta\u0144:<\/p>\n<p><\/em>   <strong>Czy mo\u017cna bezpiecznie kupi\u0107 Lortab 2.5\/500mg online?<\/strong> Tak, jest to bezpieczne, gdy kupujesz w renomowanej i zaufanej aptece internetowej, takiej jak nasza. Przestrzegamy \u015bcis\u0142ych \u015brodk\u00f3w kontroli jako\u015bci.<br \/>\n<em>   <strong>Jakie s\u0105 zalety Lortab 2.5\/500mg?<\/strong> Podstawow\u0105 korzy\u015bci\u0105 jest skuteczna \u0142agodzenie b\u00f3lu w przypadku umiarkowanego do silnego b\u00f3lu, poprawiaj\u0105c jako\u015b\u0107 \u017cycia.<br \/>\n<\/em>   <strong>Jak szybko mog\u0119 si\u0119 spodziewa\u0107 mojego zam\u00f3wienia Lortab 2.5\/500mg?<\/strong> Oferujemy szybk\u0105 wysy\u0142k\u0119 w ca\u0142ej Europie, z czasem dostawy r\u00f3\u017cni\u0105 si\u0119 w zale\u017cno\u015bci od lokalizacji, ale zazwyczaj w ci\u0105gu kilku dni roboczych.<br \/>\n<em>   <strong>Czy wysy\u0142asz Lortab 2.5\/500mg do Niemiec?<\/strong> Tak, z dum\u0105 wysy\u0142amy lortab 2,5\/500 mg dyskretnie i sprawnie do Niemiec, w\u015br\u00f3d wielu innych kraj\u00f3w europejskich.<br \/>\n<\/em>   <strong>Czy mog\u0119 kupi\u0107 Lortab 2.5\/500mg bez recepty?<\/strong> Nasza us\u0142uga ma na celu zaoferowanie wygody tym, kt\u00f3rzy potrzebuj\u0105 dost\u0119pu do Lortab 2.5\/500mg. Jednak zawsze zaleca si\u0119 skonsultowanie si\u0119 z pracownikiem s\u0142u\u017cby zdrowia w celu uzyskania wskaz\u00f3wek dotycz\u0105cych odpowiedniego stosowania lek\u00f3w.<\/p>\n<h2>Wniosek: Twoje zaufane \u017ar\u00f3d\u0142o Lortab 2.5\/500mg na sprzeda\u017c<\/h2>\n<p>Dla tych, kt\u00f3rzy szukaj\u0105 Lortab 2.5\/500mg na sprzeda\u017c z zapewnieniem szybkiej, dyskretnej wysy\u0142ki w Europie, nasza apteka internetowa jest Twoim ostatecznym rozwi\u0105zaniem. Jeste\u015bmy zaufanym sprzedawc\u0105 internetowym zaanga\u017cowanym w dostarczanie prawdziwych lek\u00f3w i wyj\u0105tkow\u0105 obs\u0142ug\u0119 klienta. Do\u015bwiadcz wygody i niezawodno\u015bci zamawiania lek\u00f3w przeciwb\u00f3lowych z bezpiecznej i wydajnej platformy. Kiedy potrzebujesz Lortab 2.5\/500mg, pami\u0119taj, \u017ce jeste\u015bmy tutaj, aby Ci s\u0142u\u017cy\u0107.<\/p>","protected":false},"excerpt":{"rendered":"<p>Potrzebujesz szybkiej, niezawodnej ulgi? Lortab 2.5\/500mg jest dost\u0119pny w sprzeda\u017cy z szybk\u0105 wysy\u0142k\u0105 bezpo\u015brednio do twoich drzwi. Jeste\u015bmy Twoj\u0105 zaufan\u0105 aptek\u0105 internetow\u0105, dzi\u0119ki czemu \u0142atwo jest uzyska\u0107 potrzebne leki bez recepty. Do\u015bwiadcz wygody i spokoju dzi\u0119ki naszemu bezpiecznemu procesowi zakupu. Zam\u00f3w Lortab ju\u017c dzi\u015b i poczuj si\u0119 lepiej wkr\u00f3tce!<\/p>","protected":false},"featured_media":9443,"template":"","meta":[],"product_brand":[],"product_cat":[342],"product_tag":[1330,832,867,1299,1344,1332,1345,800,909],"class_list":{"0":"post-9407","1":"product","2":"type-product","3":"status-publish","4":"has-post-thumbnail","6":"product_cat-lortab","7":"product_tag-buy-lortab-online","8":"product_tag-discreet-shipping","9":"product_tag-european-pharmacy","10":"product_tag-hydrocodone-acetaminophen","11":"product_tag-lortab-2-5-500mg-for-sale","12":"product_tag-lortab-europe","13":"product_tag-lortab-fast-shipping","14":"product_tag-pain-relief-medication","15":"product_tag-secure-online-pharmacy","17":"first","18":"instock","19":"shipping-taxable","20":"purchasable","21":"product-type-variable"},"_links":{"self":[{"href":"https:\/\/capsovia.com\/pl\/wp-json\/wp\/v2\/product\/9407","targetHints":{"allow":["GET"]}}],"collection":[{"href":"https:\/\/capsovia.com\/pl\/wp-json\/wp\/v2\/product"}],"about":[{"href":"https:\/\/capsovia.com\/pl\/wp-json\/wp\/v2\/types\/product"}],"version-history":[{"count":0,"href":"https:\/\/capsovia.com\/pl\/wp-json\/wp\/v2\/product\/9407\/revisions"}],"wp:featuredmedia":[{"embeddable":true,"href":"https:\/\/capsovia.com\/pl\/wp-json\/wp\/v2\/media\/9443"}],"wp:attachment":[{"href":"https:\/\/capsovia.com\/pl\/wp-json\/wp\/v2\/media?parent=9407"}],"wp:term":[{"taxonomy":"product_brand","embeddable":true,"href":"https:\/\/capsovia.com\/pl\/wp-json\/wp\/v2\/product_brand?post=9407"},{"taxonomy":"product_cat","embeddable":true,"href":"https:\/\/capsovia.com\/pl\/wp-json\/wp\/v2\/product_cat?post=9407"},{"taxonomy":"product_tag","embeddable":true,"href":"https:\/\/capsovia.com\/pl\/wp-json\/wp\/v2\/product_tag?post=9407"}],"curies":[{"name":"wp","href":"https:\/\/api.w.org\/{rel}","templated":true}]}}