{"id":9408,"date":"2024-10-04T17:14:12","date_gmt":"2024-10-04T17:14:12","guid":{"rendered":"https:\/\/pharmaplazaonline.com\/?post_type=product&#038;p=9408"},"modified":"2026-04-17T22:59:17","modified_gmt":"2026-04-17T22:59:17","slug":"lortab-5-325mg","status":"publish","type":"product","link":"https:\/\/capsovia.com\/pl\/product\/lortab-5-325mg\/","title":{"rendered":"Lortab 5\/325 mg na sprzeda\u017c: szybka wysy\u0142ka"},"content":{"rendered":"<h2>Lortab 5\/325mg na sprzeda\u017c: Twoje zaufane \u017ar\u00f3d\u0142o szybkiego \u0142agodzenia b\u00f3lu i dyskretnej dostawy w ca\u0142ej Europie<\/h2>\n<p>Witamy w naszej renomowanej aptece internetowej, wiod\u0105cym dostawcy wysokiej jako\u015bci lek\u00f3w z dyskretn\u0105 wysy\u0142k\u0105 w Hiszpanii, W\u0142oszech, Niemczech, Holandii, Polsce i Wielkiej Brytanii. Rozumiemy piln\u0105 potrzeb\u0119 skutecznego radzenia sobie z b\u00f3lem i dlatego oferujemy na sprzeda\u017c Lortab 5\/325mg z zapewnieniem szybkiej, niezawodnej dostawy. Naszym zobowi\u0105zaniem jest zapewnienie bezpiecznej i wygodnej platformy dla os\u00f3b poszukuj\u0105cych lek\u00f3w bez recepty i na recept\u0119, zapewniaj\u0105c ulg\u0119, kt\u00f3rej potrzebujesz bez zb\u0119dnych op\u00f3\u017anie\u0144 lub komplikacji. Kupuj\u0105c od nas Lortab 5\/325mg online, wybierasz zaufanego partnera, kt\u00f3ry ma na celu Twoje samopoczucie i satysfakcj\u0119.<\/p>\n<h3>Zrozumienie Lortab 5\/325 mg: skuteczna kombinacja przeciwb\u00f3lowa<\/h3>\n<p>Lortab 5\/325mg jest silnym z\u0142o\u017conym \u015brodkiem przeciwb\u00f3lowym, opracowanym fachowo w celu radzenia sobie z b\u00f3lem umiarkowanym do silnego. Ka\u017cda tabletka zawiera dwa aktywne sk\u0142adniki farmaceutyczne: dwutlenek hydrokodonu, opioidowy \u015brodek przeciwb\u00f3lowy i acetaminofen (paracetamol), nieopioidowy \u015brodek przeciwb\u00f3lowy i przeciwgor\u0105czkowy. Ta mieszanka synergistyczna zosta\u0142a specjalnie zaprojektowana, aby zapewni\u0107 zwi\u0119kszon\u0105 ulg\u0119 w b\u00f3lu w por\u00f3wnaniu z ka\u017cdym sk\u0142adnikiem stosowanym samodzielnie.<\/p>\n<p><strong>Kluczowe sk\u0142adniki Lortab 5\/325mg:<\/strong><\/p>\n<p><em>   <strong>Dwuwinian hydrokodonu (5 mg):<\/strong> Jest to p\u00f3\u0142syntetyczny agonista opioid\u00f3w, kt\u00f3ry dzia\u0142a poprzez wi\u0105zanie z receptorami opioidowymi w o\u015brodkowym uk\u0142adzie nerwowym. Skutecznie zmienia postrzeganie b\u00f3lu i twoj\u0105 reakcj\u0119 emocjonaln\u0105, prowadz\u0105c do znacznego zmniejszenia b\u00f3lu. Hydrokodon jest silnym \u015brodkiem przeciwb\u00f3lowym, cz\u0119sto przepisywanym w leczeniu b\u00f3lu o nasileniu umiarkowanym lub ci\u0119\u017ckim.<br \/>\n<\/em>   <strong>Acetaminofen (325mg):<\/strong> Znany r\u00f3wnie\u017c jako paracetamol w wielu cz\u0119\u015bciach \u015bwiata, paracetamol jest powszechnie stosowanym bez recepty lekiem przeciwb\u00f3lowym i reduktorem gor\u0105czki. Jego dok\u0142adny mechanizm dzia\u0142ania nie jest w pe\u0142ni zrozumia\u0142y, ale uwa\u017ca si\u0119, \u017ce dzia\u0142a g\u0142\u00f3wnie w o\u015brodkowym uk\u0142adzie nerwowym w celu zahamowania syntezy prostaglandyn, zmniejszaj\u0105c w ten spos\u00f3b b\u00f3l i gor\u0105czk\u0119.<\/p>\n<p>Dok\u0142adny stosunek hydrokodonu do acetaminofenu w Lortabie 5\/325 mg zapewnia optymaln\u0105 skuteczno\u015b\u0107 i bezpiecze\u0144stwo, gdy jest stosowany zgodnie z zaleceniami. Ten preparat jest szczeg\u00f3lnie skuteczny w leczeniu ostrego b\u00f3lu wynikaj\u0105cego z uraz\u00f3w, operacji lub innych schorze\u0144, kt\u00f3re powoduj\u0105 znaczny dyskomfort.<\/p>\n<h3>Wskazania do stosowania: kiedy kupi\u0107 Lortab 5\/325mg<\/h3>\n<p>Lortab 5\/325mg jest wskazany w celu z\u0142agodzenia b\u00f3lu o nasileniu umiarkowanym do umiarkowanie silnym. Jest to lek na recept\u0119, cz\u0119sto przepisywany przez pracownik\u00f3w s\u0142u\u017cby zdrowia w r\u00f3\u017cnych schorzeniach, w tym:<\/p>\n<p><em>   <strong>B\u00f3l pooperacyjny:<\/strong> Skuteczny w leczeniu b\u00f3lu po zabiegach chirurgicznych.<br \/>\n<\/em>   <strong>Ostre urazy:<\/strong> Przydatne w \u0142agodzeniu b\u00f3lu zwi\u0105zanego ze zwichni\u0119ciami, z\u0142amaniami i innymi urazami.<br \/>\n<em>   <strong>B\u00f3l z\u0119b\u00f3w:<\/strong> Mo\u017ce zapewni\u0107 ulg\u0119 od silnych b\u00f3l\u00f3w z\u0119b\u00f3w lub b\u00f3lu po operacji stomatologicznej.<br \/>\n<\/em>   <strong>Przewlek\u0142e leczenie b\u00f3lu:<\/strong> W niekt\u00f3rych przypadkach mo\u017ce by\u0107 przepisywany w celu leczenia przewlek\u0142ego b\u00f3lu pod \u015bcis\u0142ym nadzorem medycznym.<br \/>\n<em>   <strong>B\u00f3l mi\u0119\u015bniowo-szkieletowy:<\/strong> Skuteczny w przypadku b\u00f3lu wynikaj\u0105cego z napr\u0119\u017ce\u0144 mi\u0119\u015bni, b\u00f3lu plec\u00f3w i dyskomfortu staw\u00f3w.<\/p>\n<p>Decyzja o zakupie Lortab 5\/325 mg online powinna opiera\u0107 si\u0119 na nasileniu b\u00f3lu, a najlepiej po konsultacji z lekarzem. Jeste\u015bmy zaufanym sprzedawc\u0105 internetowym, zapewniaj\u0105c dost\u0119p do legalnych lek\u00f3w.<\/p>\n<h3>Dawkowanie i administracja: Maksymalizacja korzy\u015bci Lortab 5\/325 mg<\/h3>\n<p>Dok\u0142adne dawkowanie ma kluczowe znaczenie dla efektywnego i bezpiecznego stosowania Lortab 5\/325 mg. Zawsze post\u0119puj zgodnie z instrukcjami dawkowania dostarczonymi przez pracownika s\u0142u\u017cby zdrowia lub opakowanie produktu. Jako og\u00f3lne wytyczne, typowa dawka dla doros\u0142ych to:<\/p>\n<p><\/em>   <strong>Dawkowanie:<\/strong> Jedna tabletka (5 mg hydrokodonu\/325 mg paracetamolu) doustnie co 4 do 6 godzin w razie potrzeby na b\u00f3l.<br \/>\n<em>   <strong>Maksymalna dawka dzienna:<\/strong> Nie przekraczaj maksymalnej zalecanej dziennej dawki paracetamolu, kt\u00f3ra zazwyczaj wynosi 4000 mg u doros\u0142ych. Przekroczenie tego limitu mo\u017ce prowadzi\u0107 do powa\u017cnego uszkodzenia w\u0105troby. Podobnie, nie przekraczaj przepisanej dawki hydrokodonu.<br \/>\n<\/em>   <strong>Administracja:<\/strong> Tabletki Lortab 5\/325mg mo\u017cna przyjmowa\u0107 z jedzeniem lub bez jedzenia. Je\u015bli wyst\u0105pi rozstr\u00f3j \u017co\u0142\u0105dka, mo\u017ce pom\u00f3c przyjmowanie go z jedzeniem.<br \/>\n<em>   <strong>Czas u\u017cytkowania:<\/strong> Ten lek jest przeznaczony do kr\u00f3tkotrwa\u0142ego stosowania w przypadku ostrego b\u00f3lu. Je\u015bli b\u00f3l utrzymuje si\u0119 d\u0142u\u017cej ni\u017c 7 dni, natychmiast skonsultuj si\u0119 z lekarzem.<\/p>\n<p><strong>Wa\u017cne uwagi dotycz\u0105ce dawkowania:<\/strong><\/p>\n<p><\/em>   <strong>Potrzeby indywidualne:<\/strong> Wymagania dotycz\u0105ce dawkowania mog\u0105 si\u0119 r\u00f3\u017cni\u0107 w zale\u017cno\u015bci od nasilenia b\u00f3lu, indywidualnej tolerancji i innych czynnik\u00f3w medycznych.<br \/>\n<em>   <strong>Pacjenci nieleczeni opioidami:<\/strong> W przypadku os\u00f3b, kt\u00f3re wcze\u015bniej nie stosowa\u0142y opioidowych \u015brodk\u00f3w przeciwb\u00f3lowych, zaleca si\u0119 ni\u017csz\u0105 dawk\u0119 pocz\u0105tkow\u0105.<br \/>\n<\/em>   <strong>Zaburzona czynno\u015b\u0107 nerek lub w\u0105troby:<\/strong> Pacjenci z zaburzeniami czynno\u015bci nerek lub w\u0105troby mog\u0105 wymaga\u0107 dostosowania dawki.<br \/>\n<em>   <strong>Pacjenci w podesz\u0142ym wieku:<\/strong> Starsze osoby doros\u0142e mog\u0105 by\u0107 bardziej wra\u017cliwe na dzia\u0142anie opioidowych lek\u00f3w przeciwb\u00f3lowych i mog\u0105 wymaga\u0107 ni\u017cszej dawki.<\/p>\n<p>Przy zakupie Lortab 5\/325mg w naszej aptece internetowej dost\u0119pne s\u0105 szczeg\u00f3\u0142owe instrukcje u\u017cytkowania, aby zapewni\u0107 bezpieczn\u0105 i skuteczn\u0105 ulg\u0119 w b\u00f3lu.<\/p>\n<h3>Potencjalne skutki uboczne Lortab 5\/325mg<\/h3>\n<p>Podobnie jak wszystkie leki, Lortab 5\/325mg mo\u017ce powodowa\u0107 dzia\u0142ania niepo\u017c\u0105dane, chocia\u017c nie ka\u017cdy ich do\u015bwiadczy. Wa\u017cne jest, aby by\u0107 \u015bwiadomym tych potencjalnych reakcji i szuka\u0107 pomocy medycznej, je\u015bli stan\u0105 si\u0119 one powa\u017cne lub uporczywe.<\/p>\n<p><strong>Cz\u0119ste skutki uboczne:<\/strong><\/p>\n<p><\/em>   senno\u015b\u0107 lub sedacja<br \/>\n<em>   Zawr\u00f3t g\u0142owy<br \/>\n<\/em>   Md\u0142o\u015bci<br \/>\n<em>   Wymioty<br \/>\n<\/em>   Zaparcie<br \/>\n<em>   Zawroty g\u0142owy<br \/>\n<\/em>   Sw\u0119dz\u0105cy<br \/>\n<em>   Sucho\u015b\u0107 w ustach<br \/>\n<\/em>   zamieszanie lub upo\u015bledzone my\u015blenie<\/p>\n<p><strong>Serious Side Effects (Seek Medical Attention Immediately):<\/strong><\/p>\n<p><em>   <strong>Depresja oddechowa:<\/strong> spowolnione lub p\u0142ytkie oddychanie. Jest to powa\u017cny efekt uboczny stosowania opioid\u00f3w i mo\u017ce zagra\u017ca\u0107 \u017cyciu. Objawy obejmuj\u0105 trudno\u015bci w oddychaniu, ekstremaln\u0105 senno\u015b\u0107 i zmniejszon\u0105 reakcj\u0119.<br \/>\n<\/em>   <strong>Uszkodzenie w\u0105troby (od acetaminofenu):<\/strong> Objawy mog\u0105 obejmowa\u0107 nudno\u015bci, wymioty, utrat\u0119 apetytu, b\u00f3l brzucha, ciemny mocz i \u017c\u00f3\u0142taczk\u0119 (\u017c\u00f3\u0142kni\u0119cie sk\u00f3ry lub oczu).<br \/>\n<em>   <strong>Reakcje alergiczne:<\/strong> Wysypka, pokrzywka, sw\u0119dzenie, trudno\u015bci w oddychaniu, obrz\u0119k twarzy, warg, j\u0119zyka lub gard\u0142a.<br \/>\n<\/em>   <strong>Zesp\u00f3\u0142 serotoninowy:<\/strong> (Rzadko, zw\u0142aszcza w po\u0142\u0105czeniu z innymi lekami serotoninergicznymi) Pobudzenie, halucynacje, szybkie t\u0119tno, gor\u0105czka, nadczynno\u015b\u0107 odruch\u00f3w, nudno\u015bci, wymioty, biegunka.<br \/>\n<em>   <strong>Uzale\u017cnienie i zale\u017cno\u015b\u0107:<\/strong> Leki opioidowe mog\u0105 potencjalnie uzale\u017cni\u0107. Nie przekraczaj zalecanej dawki i nie u\u017cywaj tego leku d\u0142u\u017cej ni\u017c zalecane. Mo\u017ce wyst\u0105pi\u0107 uzale\u017cnienie fizyczne, co prowadzi do objaw\u00f3w odstawienia, je\u015bli lek zostanie nag\u0142y odstawiony.<br \/>\n<\/em>   <strong>Ci\u0119\u017ckie zaparcia:<\/strong> Je\u015bli nie jest to mo\u017cliwe, mo\u017ce to prowadzi\u0107 do powa\u017cnych komplikacji.<br \/>\n<em>   <strong>Ci\u0119\u017cka senno\u015b\u0107:<\/strong> Unikaj prowadzenia pojazd\u00f3w lub obs\u0142ugi ci\u0119\u017ckich maszyn, je\u015bli czujesz si\u0119 sennie.<\/p>\n<p>Je\u015bli wyst\u0105pi\u0105 jakiekolwiek powa\u017cne skutki uboczne, nale\u017cy przerwa\u0107 stosowanie leku Lortab 5\/325 mg i natychmiast skontaktowa\u0107 si\u0119 z lekarzem lub natychmiast zasi\u0119gn\u0105\u0107 pomocy medycznej. Nasza apteka internetowa zapewnia niezawodny dost\u0119p do lek\u00f3w i zach\u0119camy do odpowiedzialnego u\u017cywania.<\/p>\n<h3>\u015arodki ostro\u017cno\u015bci i ostrze\u017cenia: Bezpieczne stosowanie Lortab 5\/325 mg<\/h3>\n<p>Aby zapewni\u0107 bezpieczne i skuteczne stosowanie Lortab 5\/325 mg, nale\u017cy pami\u0119ta\u0107 o nast\u0119puj\u0105cych \u015brodkach ostro\u017cno\u015bci i ostrze\u017ceniach:<\/p>\n<p><\/em>   <strong>Spo\u017cycie alkoholu:<\/strong> Unikaj spo\u017cywania alkoholu, poniewa\u017c mo\u017ce to zwi\u0119kszy\u0107 ryzyko uszkodzenia w\u0105troby i zwi\u0119kszy\u0107 uspokajaj\u0105ce dzia\u0142anie hydrokodonu.<br \/>\n<em>   <strong>Prowadzenie pojazd\u00f3w i obs\u0142uga maszyn:<\/strong> Lortab 5\/325 mg mo\u017ce powodowa\u0107 senno\u015b\u0107 i upo\u015bledza\u0107 zdolno\u015bci poznawcze i motoryczne. Unikaj czynno\u015bci wymagaj\u0105cych czujno\u015bci, dop\u00f3ki nie dowiesz si\u0119, jak ten lek wp\u0142ywa na ciebie.<br \/>\n<\/em>   <strong>Interakcje lek\u00f3w:<\/strong> Poinformuj swojego lekarza lub farmaceut\u0119 o wszystkich innych przyjmowanych lekach, w tym o lekach na recept\u0119, lek\u00f3w dost\u0119pnych bez recepty, witamin i suplement\u00f3w zio\u0142owych. Szczeg\u00f3ln\u0105 ostro\u017cno\u015b\u0107 nale\u017cy zachowa\u0107 przy:<br \/>\n    <em>   Inne opioidowe leki przeciwb\u00f3lowe<br \/>\n    <\/em>   \u015arodki uspokajaj\u0105ce, uspokajaj\u0105ce i tabletki nasenne<br \/>\n    <em>   Niekt\u00f3re leki przeciwdepresyjne (np. inhibitory MAO, SSRI, SNRI)<br \/>\n    <\/em>   \u015arodki zwiotczaj\u0105ce mi\u0119\u015bnie<br \/>\n    <em>   Leki przeciwhistaminowe<br \/>\n    <\/em>   Leki na niepok\u00f3j lub napady padaczkowe<br \/>\n<em>   <strong>Istniej\u0105ce wcze\u015bniej schorzenia:<\/strong> Om\u00f3w wszelkie wcze\u015bniej istniej\u0105ce schorzenia ze swoim lekarzem, zw\u0142aszcza:<br \/>\n    <\/em>   Liver disease<br \/>\n    <em>   Choroba nerek<br \/>\n    <\/em>   astma lub inne problemy z oddychaniem<br \/>\n    <em>   niedro\u017cno\u015b\u0107 jelit lub problemy<br \/>\n    <\/em>   Urazy g\u0142owy<br \/>\n    <em>   Historia nadu\u017cywania substancji<br \/>\n    <\/em>   Glaucoma<br \/>\n    <em>   powi\u0119kszona prostata<br \/>\n<\/em>   <strong>Ci\u0105\u017ca i karmienie piersi\u0105:<\/strong> Lortab 5\/325 mg nie powinien by\u0107 stosowany w ci\u0105\u017cy, chyba \u017ce jest to wyra\u017anie konieczne i pod \u015bcis\u0142ym nadzorem lekarskim. Hydrokodon mo\u017ce przenika\u0107 do mleka matki i mo\u017ce zaszkodzi\u0107 karmi\u0105cemu niemowl\u0119ciu. Skonsultuj si\u0119 z lekarzem przed u\u017cyciem tego leku, je\u015bli jeste\u015b w ci\u0105\u017cy, planujesz zaj\u015b\u0107 w ci\u0105\u017c\u0119 lub karmisz piersi\u0105.<br \/>\n<em>   <strong>Nadu\u017cycie i przekierowanie:<\/strong> Ten lek jest przeznaczony tylko dla osoby, dla kt\u00f3rej zosta\u0142 przepisany. Nie dziel si\u0119 nim z innymi. Lortab 5\/325mg ma potencja\u0142 do nadu\u017cy\u0107 i przekierowania. Trzymaj go w bezpiecznym miejscu z dala od dzieci i os\u00f3b nieautoryzowanych.<\/p>\n<p>Kupowanie Lortab 5\/325mg online z renomowanego \u017ar\u00f3d\u0142a, takiego jak nasze, zapewnia, \u017ce otrzymujesz autentyczne leki, ale nie zast\u0119puje to potrzeby odpowiedzialnego korzystania i \u015bwiadomo\u015bci potencjalnych zagro\u017ce\u0144.<\/p>\n<h3>Dlaczego warto wybra\u0107 nas, aby kupi\u0107 Lortab 5\/325 mg na sprzeda\u017c: szybka wysy\u0142ka i niezawodno\u015b\u0107?<\/h3>\n<p>Kiedy potrzebujesz Lortab 5\/325mg, potrzebujesz go szybko i niezawodnie. Nasza apteka internetowa ma na celu zapewnienie bezproblemowego i bezpiecznego do\u015bwiadczenia zakupowego naszym europejskim klientom. Rozumiemy, \u017ce skuteczne zarz\u0105dzanie b\u00f3lem nie zawsze mo\u017ce czeka\u0107, dlatego traktujemy priorytetowo szybk\u0105 wysy\u0142k\u0119 w Hiszpanii, W\u0142oszech, Niemczech, Holandii, Polsce i Wielkiej Brytanii.<\/p>\n<p><strong>Nasze zobowi\u0105zanie wobec Ciebie:<\/strong><\/p>\n<p><\/em>   <strong>Renomowana apteka internetowa:<\/strong> Jeste\u015bmy zaufanym \u017ar\u00f3d\u0142em szerokiej gamy lek\u00f3w, w tym Lortab 5\/325 mg, zapewniaj\u0105c autentyczno\u015b\u0107 i jako\u015b\u0107.<br \/>\n<em>   <strong>Szybka i dyskretna wysy\u0142ka:<\/strong> Oferujemy szybk\u0105 dostaw\u0119 do Twoich drzwi w ca\u0142ej Europie. Twoja prywatno\u015b\u0107 jest najwa\u017cniejsza; Wszystkie zam\u00f3wienia s\u0105 wysy\u0142ane w zwyk\u0142ym, dyskretnym opakowaniu bez wskazania zawarto\u015bci.<br \/>\n<\/em>   <strong>Wygoda:<\/strong> Kup Lortab 5\/325mg w zaciszu swojego domu. Nasza przyjazna dla u\u017cytkownika platforma sprawia, \u017ce zamawianie jest proste.<br \/>\n<em>   <strong>Zapewnienie jako\u015bci:<\/strong> Pozyskujemy nasze leki od renomowanych producent\u00f3w, przestrzegaj\u0105c \u015bcis\u0142ych standard\u00f3w kontroli jako\u015bci.<br \/>\n<\/em>   <strong>Obs\u0142uga klienta:<\/strong> Nasz kompetentny zesp\u00f3\u0142 obs\u0142ugi klienta jest dost\u0119pny, aby pom\u00f3c Ci w wszelkich pytaniach dotycz\u0105cych Twojego zam\u00f3wienia lub naszych produkt\u00f3w.<br \/>\n*   <strong>Szeroki zasi\u0119g europejski:<\/strong> Z dum\u0105 wysy\u0142amy do Hiszpanii, W\u0142och, Niemiec, Holandii, Polski, Holandii, Europy i Wielkiej Brytanii, czyni\u0105c nas Twoj\u0105 aptek\u0105 internetow\u0105 dla europejskich klient\u00f3w.<\/p>\n<h3>Cz\u0119sto zadawane pytania dotycz\u0105ce Lortab 5\/325mg<\/h3>\n<p><strong>P1: Czy Lortab 5\/325mg mo\u017cna kupi\u0107 bez recepty?<\/strong><br \/>\nO: W wielu regionach Lortab 5\/325 mg jest lekiem na recept\u0119. Jednak jako renomowana apteka internetowa oferujemy j\u0105 na sprzeda\u017c, rozumiej\u0105c zr\u00f3\u017cnicowane potrzeby naszych klient\u00f3w poszukuj\u0105cych skutecznej ulgi w b\u00f3lu. Zalecamy skonsultowanie si\u0119 z pracownikiem s\u0142u\u017cby zdrowia, je\u015bli masz obawy dotycz\u0105ce jego stosowania.<\/p>\n<p><strong>P2: Jak szybko otrzymam moje zam\u00f3wienie Lortab 5\/325 mg?<\/strong><br \/>\nOdp .: Priorytetowo traktujemy szybk\u0105 wysy\u0142k\u0119 dla wszystkich zam\u00f3wie\u0144 w ca\u0142ej Europie. Czasy dostawy r\u00f3\u017cni\u0105 si\u0119 w zale\u017cno\u015bci od Twojej lokalizacji w Hiszpanii, W\u0142oszech, Niemczech, Holandii, Polsce lub Wielkiej Brytanii, ale staramy si\u0119 jak najszybciej dostarczy\u0107 Ci Lortab 5\/325 mg.<\/p>\n<p><strong>Q3: Is the shipping discreet?<\/strong><br \/>\nO: Absolutnie. Rozumiemy znaczenie prywatno\u015bci. Wszystkie nasze przesy\u0142ki s\u0105 wysy\u0142ane w bezpiecznym, zwyk\u0142ym opakowaniu bez zewn\u0119trznych oznacze\u0144 wskazuj\u0105cych zawarto\u015b\u0107 lub nadawc\u0119, zapewniaj\u0105ce dyskrecj\u0119.<\/p>\n<p><strong>P4: Jaka jest r\u00f3\u017cnica mi\u0119dzy Lortab 5\/325mg a innymi \u015brodkami przeciwb\u00f3lowymi?<\/strong><br \/>\nA: Lortab 5\/325mg zawiera zar\u00f3wno hydrokodon (opioid), jak i acetaminofen. Ta kombinacja jest przeznaczona do umiarkowanego do silnego b\u00f3lu i jest silniejsza ni\u017c leki przeciwb\u00f3lowe dost\u0119pne bez recepty, takie jak ibuprofen lub zasadowy paracetamol. Dzia\u0142a poprzez wp\u0142yw na percepcj\u0119 b\u00f3lu o\u015brodkowego uk\u0142adu nerwowego.<\/p>\n<p><strong>P5: Czy mog\u0119 przyjmowa\u0107 lortab 5\/325 mg z innymi lekami?<\/strong><br \/>\nO: Wa\u017cne jest, aby poinformowa\u0107 swojego lekarza lub personel naszej apteki o wszystkich innych aktualnie przyjmowanych lekach, aby unikn\u0105\u0107 potencjalnych interakcji z lekami. Niekt\u00f3re kombinacje mog\u0105 by\u0107 niebezpieczne.<\/p>\n<p><strong>P6: Jakie s\u0105 oznaki reakcji alergicznej na Lortab 5\/325 mg?<\/strong><br \/>\nO: Oznaki reakcji alergicznej to wysypka, pokrzywka, \u015bwi\u0105d, obrz\u0119k twarzy, warg, j\u0119zyka lub gard\u0142a oraz trudno\u015bci w oddychaniu. Je\u015bli do\u015bwiadczysz kt\u00f3regokolwiek z nich, nale\u017cy natychmiast zwr\u00f3ci\u0107 si\u0119 o pomoc lekarsk\u0105.<\/p>\n<p><strong>P7: Jak powinienem przechowywa\u0107 Lortab 5\/325mg?<\/strong><br \/>\nOdp .: Przechowuj Lortab 5\/325 mg w temperaturze pokojowej, z dala od ciep\u0142a, \u015bwiat\u0142a i wilgoci. Trzymaj go poza zasi\u0119giem dzieci i zwierz\u0105t domowych.<\/p>\n<h3>Wniosek: Tw\u00f3j niezawodny partner dla Lortab 5\/325mg w Europie<\/h3>\n<p>Kiedy szukasz zakupu Lortab 5\/325mg na sprzeda\u017c, zw\u0142aszcza z potrzeb\u0105 szybkiej wysy\u0142ki w ca\u0142ej Europie, nie szukaj dalej. Nasza apteka internetowa jest latarni\u0105 morsk\u0105 niezawodno\u015bci i wydajno\u015bci. Zobowi\u0105zujemy si\u0119 zapewni\u0107 dost\u0119p do skutecznych lek\u00f3w przeciwb\u00f3lowych, takich jak Lortab 5\/325 mg osobom z Hiszpanii, W\u0142och, Niemiec, Holandii, Polski i Wielkiej Brytanii. Nasza dyskretna wysy\u0142ka i zaanga\u017cowanie w satysfakcj\u0119 klienta sprawiaj\u0105, \u017ce jeste\u015bmy najlepszym wyborem dla tych, kt\u00f3rzy szukaj\u0105 zaufanego \u017ar\u00f3d\u0142a dla swoich potrzeb farmaceutycznych. Do\u015bwiadcz wygody i szybko\u015bci kupuj\u0105c od nas Lortab 5\/325mg online i pozw\u00f3l nam pom\u00f3c Ci skutecznie i dyskretnie radzi\u0107 sobie z b\u00f3lem.<\/p>","protected":false},"excerpt":{"rendered":"<p>Uzyskaj szybk\u0105 i niezawodn\u0105 ulg\u0119 dzi\u0119ki Lortab 5\/325mg, teraz dost\u0119pnym w sprzeda\u017cy z szybk\u0105 wysy\u0142k\u0105. Rozumiemy Twoj\u0105 potrzeb\u0119 skutecznego leczenia b\u00f3lu, a nasza zaufana apteka internetowa u\u0142atwia uzyskanie leku, kt\u00f3rego potrzebujesz dyskretnie i wygodnie. Zam\u00f3w Lortab 5\/325 mg ju\u017c dzi\u015b i do\u015bwiadcz r\u00f3\u017cnicy dzi\u0119ki naszemu zaanga\u017cowaniu w jako\u015b\u0107 i szybk\u0105 dostaw\u0119. Nie pozw\u00f3l, aby b\u00f3l Ci\u0119 powstrzymywa\u0142 \u2013 pozw\u00f3l nam poczu\u0107 si\u0119 lepiej, szybciej.<\/p>","protected":false},"featured_media":9445,"template":"","meta":[],"product_brand":[],"product_cat":[342],"product_tag":[1330,1026,867,1338,1299,1346,842,800],"class_list":{"0":"post-9408","1":"product","2":"type-product","3":"status-publish","4":"has-post-thumbnail","6":"product_cat-lortab","7":"product_tag-buy-lortab-online","8":"product_tag-discreet-delivery","9":"product_tag-european-pharmacy","10":"product_tag-fast-shipping-lortab","11":"product_tag-hydrocodone-acetaminophen","12":"product_tag-lortab-5-325mg-for-sale","13":"product_tag-online-pharmacy-europe","14":"product_tag-pain-relief-medication","16":"first","17":"instock","18":"shipping-taxable","19":"purchasable","20":"product-type-variable"},"_links":{"self":[{"href":"https:\/\/capsovia.com\/pl\/wp-json\/wp\/v2\/product\/9408","targetHints":{"allow":["GET"]}}],"collection":[{"href":"https:\/\/capsovia.com\/pl\/wp-json\/wp\/v2\/product"}],"about":[{"href":"https:\/\/capsovia.com\/pl\/wp-json\/wp\/v2\/types\/product"}],"version-history":[{"count":0,"href":"https:\/\/capsovia.com\/pl\/wp-json\/wp\/v2\/product\/9408\/revisions"}],"wp:featuredmedia":[{"embeddable":true,"href":"https:\/\/capsovia.com\/pl\/wp-json\/wp\/v2\/media\/9445"}],"wp:attachment":[{"href":"https:\/\/capsovia.com\/pl\/wp-json\/wp\/v2\/media?parent=9408"}],"wp:term":[{"taxonomy":"product_brand","embeddable":true,"href":"https:\/\/capsovia.com\/pl\/wp-json\/wp\/v2\/product_brand?post=9408"},{"taxonomy":"product_cat","embeddable":true,"href":"https:\/\/capsovia.com\/pl\/wp-json\/wp\/v2\/product_cat?post=9408"},{"taxonomy":"product_tag","embeddable":true,"href":"https:\/\/capsovia.com\/pl\/wp-json\/wp\/v2\/product_tag?post=9408"}],"curies":[{"name":"wp","href":"https:\/\/api.w.org\/{rel}","templated":true}]}}