{"id":9409,"date":"2024-10-04T17:14:12","date_gmt":"2024-10-04T17:14:12","guid":{"rendered":"https:\/\/pharmaplazaonline.com\/?post_type=product&#038;p=9409"},"modified":"2026-04-17T22:59:45","modified_gmt":"2026-04-17T22:59:45","slug":"lortab-5-500mg","status":"publish","type":"product","link":"https:\/\/capsovia.com\/pl\/product\/lortab-5-500mg\/","title":{"rendered":"Lortab 5\/500mg na sprzeda\u017c online"},"content":{"rendered":"<h2>Lortab 5\/500mg na sprzeda\u017c online: Twoje zaufane \u017ar\u00f3d\u0142o \u0142agodzenia b\u00f3lu w Europie<\/h2>\n<p>Szukasz? <strong>Lortab 5\/500mg na sprzeda\u017c online<\/strong>? Nie szukaj dalej. Jako renomowana apteka internetowa obs\u0142uguj\u0105ca Hiszpani\u0119 i szerszy rynek europejski, jeste\u015bmy Twoim zaufanym i dyskretnym \u017ar\u00f3d\u0142em oryginalnych tabletek Lortab 5\/500 mg. Rozumiemy, jak wa\u017cne s\u0105 dost\u0119pne i niezawodne rozwi\u0105zania do leczenia b\u00f3lu i jeste\u015bmy zobowi\u0105zani do dostarczania naszym klientom wysokiej jako\u015bci lek\u00f3w, w tym <strong>Kup Lortab 5\/500mg Online Europa<\/strong> z bezpiecznej platformy. Nasze po\u015bwi\u0119cenie obejmuje zapewnienie, \u017ce mo\u017cesz <strong>Kup Lortab 5\/500mg bez recepty<\/strong> Dzi\u0119ki naszej usprawnionej i poufnej obs\u0142udze, wysy\u0142ka dyskretnie do Hiszpanii, W\u0142och, Niemiec, Holandii, Polski i Wielkiej Brytanii.<\/p>\n<h3>Zrozumienie Lortab 5\/500mg: co musisz wiedzie\u0107<\/h3>\n<p>Lortab 5\/500mg jest silnym lekiem z\u0142o\u017conym przepisanym g\u0142\u00f3wnie w celu z\u0142agodzenia b\u00f3lu o nasileniu umiarkowanym do umiarkowanego. Ka\u017cda tabletka zawiera dwa sk\u0142adniki aktywne:<\/p>\n<p><em>   <strong>Dwuwinian hydrokodonu (5 mg):<\/strong> Jest to opioidowy \u015brodek przeciwb\u00f3lowy, co oznacza, \u017ce dzia\u0142a poprzez zmian\u0119 sposobu, w jaki m\u00f3zg i uk\u0142ad nerwowy reaguj\u0105 na b\u00f3l. Jako p\u00f3\u0142syntetyczny opioid jest znany ze swojej skuteczno\u015bci w leczeniu uporczywego b\u00f3lu.<br \/>\n<\/em>   <strong>Paracetamol (500 mg):<\/strong> Jest to nieopioidowy \u015brodek przeciwb\u00f3lowy i reduktor gor\u0105czki. Dzia\u0142a poprzez blokowanie produkcji chemikali\u00f3w w m\u00f3zgu, kt\u00f3re powoduj\u0105 b\u00f3l i gor\u0105czk\u0119. Po\u0142\u0105czenie hydrokodonu i acetaminofenu zapewnia synergiczne z\u0142agodzenie b\u00f3lu, co oznacza, \u017ce \u0142\u0105czny efekt jest wi\u0119kszy ni\u017c suma ich indywidualnych efekt\u00f3w.<\/p>\n<p>Ten preparat jest zaprojektowany tak, aby skutecznie atakowa\u0107 b\u00f3l, oferuj\u0105c ulg\u0119 w r\u00f3\u017cnych stanach. Wiele os\u00f3b stara si\u0119 <strong>Zam\u00f3w Lortab 5\/500mg online<\/strong> Aby poradzi\u0107 sobie z b\u00f3lem pooperacyjnym, przewlek\u0142ym b\u00f3lem lub ostrymi urazami, w kt\u00f3rych opcje dost\u0119pne bez recepty s\u0105 niewystarczaj\u0105ce. Jeste\u015bmy dumni z tego, \u017ce jeste\u015bmy wiarygodnym \u017ar\u00f3d\u0142em, zapewniaj\u0105c, \u017ce otrzymasz <strong>Autentyczne tabletki Lortab 5\/500mg<\/strong> Potrzebujesz.<\/p>\n<h3>Zastosowania i zalety Lortab 5\/500mg<\/h3>\n<p>Lortab 5\/500mg jest najcz\u0119\u015bciej wskazany do kr\u00f3tkotrwa\u0142ego i d\u0142ugotrwa\u0142ego leczenia b\u00f3lu, kt\u00f3ry wymaga opioidowego \u015brodka przeciwb\u00f3lowego i w kt\u00f3rym stosowanie nieopioidowych \u015brodk\u00f3w przeciwb\u00f3lowych jest niewystarczaj\u0105ce. Mo\u017ce to obejmowa\u0107 b\u00f3l zwi\u0105zany z:<\/p>\n<p><em>   <strong>Powr\u00f3t do zdrowia po zabiegu:<\/strong> Po zabiegach chirurgicznych b\u00f3l mo\u017ce by\u0107 znaczny. Lortab 5\/500mg mo\u017ce zapewni\u0107 bardzo potrzebn\u0105 ulg\u0119, umo\u017cliwiaj\u0105c pacjentom wygod\u0119 regeneracji.<br \/>\n<\/em>   <strong>Traumatyczne urazy:<\/strong> Z\u0142amania, zwichni\u0119cia i inne ci\u0119\u017ckie urazy cz\u0119sto powoduj\u0105 silny b\u00f3l, kt\u00f3ry mo\u017cna opanowa\u0107 za pomoc\u0105 tego leku.<br \/>\n<em>   <strong>Przewlek\u0142e schorzenia b\u00f3lowe:<\/strong> W przypadku os\u00f3b cierpi\u0105cych na przewlek\u0142y b\u00f3l, taki jak uporczywy b\u00f3l plec\u00f3w, zaostrzenia zapalenia staw\u00f3w lub niekt\u00f3re neuropatyczne stany b\u00f3lu, Lortab 5\/500 mg mo\u017ce zapewni\u0107 znaczn\u0105 popraw\u0119 jako\u015bci \u017cycia.<br \/>\n<\/em>   <strong>Zabiegi stomatologiczne:<\/strong> Silny b\u00f3l z\u0119ba lub b\u00f3l po intensywnych pracach dentystycznych mo\u017ce wymaga\u0107 u\u017cycia silnego \u015brodka przeciwb\u00f3lowego, takiego jak Lortab.<\/p>\n<p>G\u0142\u00f3wn\u0105 zalet\u0105 Lortab 5\/500 mg jest jego skuteczno\u015b\u0107 w zapewnianiu szybkiego i znacznego z\u0142agodzenia b\u00f3lu. Po\u0142\u0105czenie hydrokodonu i acetaminofenu ukierunkowuje na b\u00f3l poprzez r\u00f3\u017cne mechanizmy, oferuj\u0105c solidne dzia\u0142anie przeciwb\u00f3lowe. Kiedy ty <strong>Kup Lortab 5\/500mg Online Europa<\/strong> Od nas wybierasz wygodny i dyskretny spos\u00f3b na dost\u0119p do tego niezb\u0119dnego leku.<\/p>\n<h3>Dawkowanie i podawanie: jak bezpiecznie przyjmowa\u0107 lortab 5\/500 mg<\/h3>\n<p>Dok\u0142adne dawkowanie ma kluczowe znaczenie zar\u00f3wno dla skuteczno\u015bci, jak i bezpiecze\u0144stwa Lortab 5\/500 mg. Konieczne jest przestrzeganie instrukcji dawkowania dostarczonych przez lekarza lub wskazanego na opakowaniu produktu. Jednak jako zaufany sprzedawca internetowy podkre\u015blamy r\u00f3wnie\u017c znaczenie zrozumienia og\u00f3lnych wytycznych.<\/p>\n<p><em>   <strong>Typowe dawkowanie:<\/strong> Zwyk\u0142a dawka dla doros\u0142ych to jedna tabletka, przyjmowana co 4 do 6 godzin w razie potrzeby na b\u00f3l. Wytrzyma\u0142o\u015b\u0107 5\/500 mg zapewnia r\u00f3wnowag\u0119 mi\u0119dzy opioidami i nieopioidowymi \u0142agodzeniem b\u00f3lu.<br \/>\n<\/em>   <strong>Dosage Adjustments:<\/strong> Dawkowanie nale\u017cy dostosowa\u0107 do nasilenia b\u00f3lu i odpowiedzi pacjenta. Nie przekracza\u0107 zalecanej dawki.<br \/>\n<em>   <strong>Administracja:<\/strong> Tabletki Lortab 5\/500mg mo\u017cna przyjmowa\u0107 z jedzeniem lub bez jedzenia. Je\u015bli powoduje rozstr\u00f3j \u017co\u0142\u0105dka, wskazane jest przyjmowanie go z jedzeniem lub mlekiem.<br \/>\n<\/em>   <strong>Czas u\u017cytkowania:<\/strong> W przypadku przewlek\u0142ego b\u00f3lu mo\u017ce by\u0107 konieczne d\u0142ugotrwa\u0142e stosowanie. Jednak ze wzgl\u0119du na mo\u017cliwo\u015b\u0107 uzale\u017cnienia i tolerancji nale\u017cy go stosowa\u0107 pod kierunkiem lekarskim, nawet je\u015bli uzyskany bez recepty za po\u015brednictwem naszego bezpiecznego portalu. D\u0105\u017cymy do tego, aby <strong>Lortab 5\/500mg niedrogi<\/strong> Bez uszczerbku na jako\u015bci.<\/p>\n<p>Wa\u017cne jest, aby skonsultowa\u0107 si\u0119 z pracownikiem s\u0142u\u017cby zdrowia, je\u015bli masz jakiekolwiek w\u0105tpliwo\u015bci co do dawkowania lub przydatno\u015bci tego leku do konkretnego stanu. Nawet kiedy ty <strong>Kup Lortab 5\/500mg bez recepty<\/strong>, zrozumienie tych wytycznych ma kluczowe znaczenie dla bezpiecznej konsumpcji.<\/p>\n<h3>Potencjalne skutki uboczne Lortab 5\/500mg<\/h3>\n<p>Podobnie jak wszystkie leki, Lortab 5\/500 mg mo\u017ce powodowa\u0107 dzia\u0142ania niepo\u017c\u0105dane. Wa\u017cne jest, aby zdawa\u0107 sobie spraw\u0119 z tych potencjalnych reakcji, aby upewni\u0107 si\u0119, \u017ce mo\u017cesz nimi odpowiednio zarz\u0105dza\u0107.<\/p>\n<p><strong>Do cz\u0119stych skutk\u00f3w ubocznych nale\u017c\u0105:<\/strong><\/p>\n<p><em>   Senno\u015b\u0107 lub zawroty g\u0142owy<br \/>\n<\/em>   Nudno\u015bci i wymioty<br \/>\n<em>   Zaparcie<br \/>\n<\/em>   Sucho\u015b\u0107 w ustach<br \/>\n<em>   B\u00f3l g\u0142owy<br \/>\n<\/em>   Zawroty g\u0142owy<br \/>\n<em>   Sw\u0119dz\u0105cy<\/p>\n<p><strong>Mniej powszechne, ale powa\u017cne skutki uboczne:<\/strong><\/p>\n<p><\/em>   <strong>Depresja oddechowa:<\/strong> Opioidy mog\u0105 spowolni\u0107 lub przesta\u0107 oddycha\u0107. Jest to powa\u017cny efekt uboczny i wymaga natychmiastowej pomocy medycznej. Objawy obejmuj\u0105 powolne oddychanie, p\u0142ytkie oddychanie lub trudno\u015bci w oddychaniu.<br \/>\n<em>   <strong>Zesp\u00f3\u0142 serotoninowy:<\/strong> Mo\u017ce to wyst\u0105pi\u0107 podczas przyjmowania hydrokodonu z innymi lekami, kt\u00f3re wp\u0142ywaj\u0105 na poziom serotoniny (np. niekt\u00f3re leki przeciwdepresyjne). Objawy mog\u0105 obejmowa\u0107 pobudzenie, halucynacje, szybkie bicie serca, gor\u0105czk\u0119, obfite pocenie si\u0119, dreszcze, sztywno\u015b\u0107 mi\u0119\u015bni, drganie, utrat\u0119 koordynacji, nudno\u015bci, wymioty lub biegunk\u0119.<br \/>\n<\/em>   <strong>Uszkodzenie w\u0105troby:<\/strong> Wysokie dawki acetaminofenu mog\u0105 powodowa\u0107 powa\u017cne uszkodzenie w\u0105troby. Ryzyko to jest zwi\u0119kszone, je\u015bli regularnie spo\u017cywasz alkohol podczas przyjmowania tego leku.<br \/>\n<em>   <strong>Reakcje alergiczne:<\/strong> Wysypka, sw\u0119dzenie, obrz\u0119k, silne zawroty g\u0142owy lub problemy z oddychaniem.<br \/>\n<\/em>   <strong>zamieszanie lub zmieniony stan psychiczny<\/strong><br \/>\n<em>   <strong>Napady padaczkowe<\/strong><\/p>\n<p>Je\u015bli wyst\u0105pi\u0105 jakiekolwiek powa\u017cne lub uporczywe skutki uboczne, wa\u017cne jest, aby przerwa\u0107 stosowanie i zasi\u0119gn\u0105\u0107 porady lekarza. Jeste\u015bmy zobowi\u0105zani do zapewnienia <strong>Oryginalny Lortab 5\/500mg<\/strong> I uwierz w informowanie naszych klient\u00f3w o wszystkich aspektach leku.<\/p>\n<h3>Interakcje lek\u00f3w, o kt\u00f3rych nale\u017cy pami\u0119ta\u0107<\/h3>\n<p>Lortab 5\/500mg mo\u017ce wchodzi\u0107 w interakcje z r\u00f3\u017cnymi innymi lekami, potencjalnie prowadz\u0105c do powa\u017cnych skutk\u00f3w ubocznych. Konieczne jest poinformowanie lekarza lub farmaceuty o wszystkich aktualnie przyjmowanych lekach, suplementach i produktach zio\u0142owych.<\/p>\n<p><strong>Kluczowe interakcje obejmuj\u0105:<\/strong><\/p>\n<p><\/em>   <strong>Leki dzia\u0142aj\u0105ce depresyjnie na o\u015brodkowy uk\u0142ad nerwowy (OUN):<\/strong> Alkohol, benzodiazepiny (np. diazepam, lorazepam), inne opioidowe leki przeciwb\u00f3lowe, niekt\u00f3re tabletki nasenne i leki przeciwhistaminowe mog\u0105 wzmacnia\u0107 uspokajaj\u0105ce i depresyjne dzia\u0142anie hydrokodonu.<br \/>\n<em>   <strong>Inhibitory MAO:<\/strong> Ta klasa lek\u00f3w przeciwdepresyjnych mo\u017ce powa\u017cnie oddzia\u0142ywa\u0107 z hydrokodonem, potencjalnie prowadz\u0105c do niebezpiecznego wzrostu ci\u015bnienia krwi lub innych powa\u017cnych reakcji. Unikaj stosowania Lortab 5\/500 mg z lub w ci\u0105gu 14 dni od zatrzymania inhibitor\u00f3w MAO.<br \/>\n<\/em>   <strong>Inne produkty zawieraj\u0105ce paracetamol:<\/strong> Przyjmowanie leku Lortab 5\/500 mg wraz z innymi lekami zawieraj\u0105cymi paracetamol (np. \u015brodki na przezi\u0119bienie i gryp\u0119) mo\u017ce prowadzi\u0107 do przekroczenia maksymalnej zalecanej dziennej dawki paracetamolu, zwi\u0119kszaj\u0105c ryzyko uszkodzenia w\u0105troby.<br \/>\n<em>   <strong>Serotonergic Drugs:<\/strong> Jak wspomniano wcze\u015bniej, niekt\u00f3re leki przeciwdepresyjne (SSRI, SNRI) mog\u0105 zwi\u0119ksza\u0107 ryzyko wyst\u0105pienia zespo\u0142u serotoninowego w po\u0142\u0105czeniu z hydrokodonem.<\/p>\n<p>Zawsze podaj obszern\u0105 list\u0119 swoich lek\u00f3w, gdy <strong>Kup Lortab 5\/500mg online<\/strong> od nas, a je\u015bli masz jakiekolwiek w\u0105tpliwo\u015bci, skonsultuj si\u0119 z pracownikiem s\u0142u\u017cby zdrowia.<\/p>\n<h3>Dlaczego warto wybra\u0107 nas dla swoich potrzeb Lortab 5\/500 mg?<\/h3>\n<p>Jako wiod\u0105ca apteka internetowa w Europie oferujemy bezpieczny, dyskretny i niezawodny spos\u00f3b na <strong>Kup Lortab 5\/500mg online<\/strong>. Rozumiemy, \u017ce dost\u0119p do skutecznego u\u015bmierzania b\u00f3lu powinien by\u0107 prosty i poufny.<\/p>\n<p><\/em>   <strong>Dyskretna wysy\u0142ka w Europie:<\/strong> Oferujemy bezpieczn\u0105 i dyskretn\u0105 wysy\u0142k\u0119 Lortab 5\/500 mg do Hiszpanii, W\u0142och, Niemiec, Holandii, Polski i Wielkiej Brytanii, zapewniaj\u0105c zachowanie prywatno\u015bci.<br \/>\n<em>   <strong>Oryginalne leki:<\/strong> Nasze produkty pozyskujemy od renomowanych producent\u00f3w, gwarantuj\u0105c autentyczno\u015b\u0107 i jako\u015b\u0107 ka\u017cdego tabletu Lortab 5\/500mg.<br \/>\n<\/em>   <strong>Nie wymaga recepty:<\/strong> Zapewniamy wygodn\u0105 us\u0142ug\u0119, w kt\u00f3rej mo\u017cesz <strong>Kup Lortab 5\/500mg bez recepty<\/strong>, upraszczaj\u0105c proces dla tych, kt\u00f3rzy potrzebuj\u0105 terminowej ulgi w b\u00f3lu.<br \/>\n<em>   <strong>Konkurencyjne ceny:<\/strong> Staramy si\u0119, aby skuteczne leczenie b\u00f3lu by\u0142o dost\u0119pne, oferuj\u0105c <strong>Lortab 5\/500mg niedrogi<\/strong> Ceny.<br \/>\n<\/em>   <strong>Doskona\u0142a obs\u0142uga klienta:<\/strong> Nasz zesp\u00f3\u0142 jest oddany wspieraniu i zapewnianiu p\u0142ynnego do\u015bwiadczenia zakupowego.<\/p>\n<p>Kiedy ty <strong>Zam\u00f3w Lortab 5\/500mg online<\/strong> Od nas wybierasz zaufanego partnera, kt\u00f3ry zaanga\u017cuje si\u0119 w Twoje samopoczucie. Naszym celem jest by\u0107 Twoim g\u0142\u00f3wnym \u017ar\u00f3d\u0142em <strong>Lortab 5\/500mg na sprzeda\u017c online<\/strong> w Europie.<\/p>\n<h3>Lortab 5\/500mg: Cz\u0119sto zadawane pytania<\/h3>\n<p>Oto kilka typowych pyta\u0144 dotycz\u0105cych Lortab 5\/500mg:<\/p>\n<p><em>   <strong>Czy Lortab 5\/500mg jest formowaniem nawyk\u00f3w?<\/strong> Tak, hydrokodon jest opioidem i niesie ze sob\u0105 ryzyko uzale\u017cnienia i uzale\u017cnienia. Nale\u017cy go u\u017cywa\u0107 zgodnie z zaleceniami i ostro\u017cnie.<br \/>\n<\/em>   <strong>Czy mog\u0119 prowadzi\u0107 po za\u017cyciu Lortab 5\/500mg?<\/strong> Nie, Lortab 5\/500 mg mo\u017ce powodowa\u0107 senno\u015b\u0107 i os\u0142abi\u0107 zdolno\u015b\u0107 prowadzenia pojazd\u00f3w lub obs\u0142ugiwania maszyn.<br \/>\n<em>   <strong>Jak przechowywa\u0107 Lortab 5\/500mg?<\/strong> Przechowywa\u0107 w temperaturze pokojowej, z dala od wilgoci i ciep\u0142a. Przechowywa\u0107 poza zasi\u0119giem dzieci i zwierz\u0105t domowych.<br \/>\n<\/em>   <strong>Co je\u015bli przegapi\u0119 dawk\u0119 Lortab 5\/500mg?<\/strong> Je\u015bli pominiesz dawk\u0119, we\u017a j\u0105 tak szybko, jak sobie przypomnisz. Je\u015bli jednak jest zbli\u017cona do czasu nast\u0119pnej dawki, pomi\u0144 pomini\u0119t\u0105 dawk\u0119 i kontynuuj regularny harmonogram. Nie podwajaj dawek.<\/p>\n<h3>Twoje zaufane \u017ar\u00f3d\u0142o Lortab 5\/500mg na sprzeda\u017c online<\/h3>\n<p>W celu skutecznego leczenia b\u00f3lu mo\u017cesz polega\u0107 na nas, aby zapewni\u0107 oryginalne tabletki Lortab 5\/500 mg. Rozumiemy znaczenie dyskrecji i dost\u0119pno\u015bci, dlatego oferujemy bezproblemowe zakupy online z dyskretn\u0105 wysy\u0142k\u0105 w ca\u0142ej Europie. Niezale\u017cnie od tego, czy jeste\u015b w Hiszpanii, W\u0142oszech, Niemczech, Holandii, Polsce czy Wielkiej Brytanii, nasza platforma jest zaprojektowana tak, aby skutecznie i poufnie zaspokaja\u0107 Twoje potrzeby. Jeste\u015bmy dumni, \u017ce jeste\u015bmy zaufanym sprzedawc\u0105 internetowym, dzi\u0119ki czemu <strong>Lortab 5\/500mg na sprzeda\u017c online<\/strong> Niezawodna opcja dla os\u00f3b szukaj\u0105cych ulgi od umiarkowanego do silnego b\u00f3lu. Wybierz nas dla jako\u015bci, wygody i spokoju, kiedy <strong>Kup Lortab 5\/500mg Online Europa<\/strong>.<\/p>","protected":false},"excerpt":{"rendered":"<p>Szukasz niezawodnego Lortab 5\/500mg? Jeste\u015b we w\u0142a\u015bciwym miejscu, aby bezpiecznie i dyskretnie zamawia\u0107 online. Oferujemy oryginalny Lortab 5\/500mg na sprzeda\u017c, dzi\u0119ki czemu uzyskanie potrzebnych lek\u00f3w jest \u0142atwiejsze ni\u017c kiedykolwiek. Do\u015bwiadcz bezproblemowego zakupu dzi\u0119ki naszemu zaufanemu serwisowi. Zdob\u0105d\u017a sw\u00f3j Lortab 5\/500 mg wygodnie dostarczony prosto do Twoich drzwi.<\/p>","protected":false},"featured_media":9447,"template":"","meta":[],"product_brand":[],"product_cat":[342],"product_tag":[1348,1350,1347,1352,1349,1353,1351,1235,1354],"class_list":{"0":"post-9409","1":"product","2":"type-product","3":"status-publish","4":"has-post-thumbnail","6":"product_cat-lortab","7":"product_tag-buy-lortab-5-500mg-online","8":"product_tag-hydrocodone-acetaminophen-europe","9":"product_tag-lortab-5-500mg-for-sale","10":"product_tag-lortab-no-prescription","11":"product_tag-lortab-online-europe","12":"product_tag-lortab-shipping-europe","13":"product_tag-order-lortab-online","14":"product_tag-pain-relief-europe","15":"product_tag-trusted-lortab-seller","17":"first","18":"instock","19":"shipping-taxable","20":"purchasable","21":"product-type-variable"},"_links":{"self":[{"href":"https:\/\/capsovia.com\/pl\/wp-json\/wp\/v2\/product\/9409","targetHints":{"allow":["GET"]}}],"collection":[{"href":"https:\/\/capsovia.com\/pl\/wp-json\/wp\/v2\/product"}],"about":[{"href":"https:\/\/capsovia.com\/pl\/wp-json\/wp\/v2\/types\/product"}],"version-history":[{"count":0,"href":"https:\/\/capsovia.com\/pl\/wp-json\/wp\/v2\/product\/9409\/revisions"}],"wp:featuredmedia":[{"embeddable":true,"href":"https:\/\/capsovia.com\/pl\/wp-json\/wp\/v2\/media\/9447"}],"wp:attachment":[{"href":"https:\/\/capsovia.com\/pl\/wp-json\/wp\/v2\/media?parent=9409"}],"wp:term":[{"taxonomy":"product_brand","embeddable":true,"href":"https:\/\/capsovia.com\/pl\/wp-json\/wp\/v2\/product_brand?post=9409"},{"taxonomy":"product_cat","embeddable":true,"href":"https:\/\/capsovia.com\/pl\/wp-json\/wp\/v2\/product_cat?post=9409"},{"taxonomy":"product_tag","embeddable":true,"href":"https:\/\/capsovia.com\/pl\/wp-json\/wp\/v2\/product_tag?post=9409"}],"curies":[{"name":"wp","href":"https:\/\/api.w.org\/{rel}","templated":true}]}}