{"id":9413,"date":"2024-10-04T17:14:12","date_gmt":"2024-10-04T17:14:12","guid":{"rendered":"https:\/\/pharmaplazaonline.com\/?post_type=product&#038;p=9413"},"modified":"2026-04-17T23:01:44","modified_gmt":"2026-04-17T23:01:44","slug":"meridia-10mg","status":"publish","type":"product","link":"https:\/\/capsovia.com\/pl\/product\/meridia-10mg\/","title":{"rendered":"Meridia 10 mg na sprzeda\u017c \u2013 szybka wysy\u0142ka"},"content":{"rendered":"<h2>Meridia 10mg na sprzeda\u017c &#8211; Szybka wysy\u0142ka: Twoje zaufane \u017ar\u00f3d\u0142o skutecznego zarz\u0105dzania wag\u0105<\/h2>\n<p>Witamy w naszej renomowanej aptece internetowej, Twoim g\u0142\u00f3wnym miejscu docelowym do uzyskania <strong>Meridia 10mg na sprzeda\u017c z szybk\u0105 wysy\u0142k\u0105<\/strong> w ca\u0142ej Europie. Rozumiemy wyzwania, przed kt\u00f3rymi stoi wielu os\u00f3b podczas ich podr\u00f3\u017cy do zarz\u0105dzania wag\u0105 i jeste\u015bmy oddani zapewnianiu niezawodnej i dyskretnej us\u0142ugi w celu pozyskiwania skutecznych rozwi\u0105za\u0144. Naszym zobowi\u0105zaniem jest by\u0107 zaufanym \u017ar\u00f3d\u0142em zar\u00f3wno lek\u00f3w na recept\u0119, jak i dost\u0119pnych produkt\u00f3w dost\u0119pnych bez recepty, zapewniaj\u0105c Ci wsparcie, kt\u00f3rego potrzebujesz. Je\u015bli szukasz <strong>Meridia 10mg online<\/strong> I warto\u015b\u0107 szybka, bezpieczna dostawa, trafi\u0142e\u015b we w\u0142a\u015bciwe miejsce.<\/p>\n<h3>Zrozumienie Meridia 10mg: co to jest i jak dzia\u0142a<\/h3>\n<p>Meridia, znana r\u00f3wnie\u017c pod og\u00f3ln\u0105 nazw\u0105 sibutramina, jest lekiem, kt\u00f3ry by\u0142 historycznie przepisywany, aby pom\u00f3c w utracie wagi. Dzia\u0142a jako \u015brodek t\u0142umi\u0105cy apetyt, wp\u0142ywaj\u0105c na neuroprzeka\u017aniki w m\u00f3zgu, w szczeg\u00f3lno\u015bci serotonin\u0119 i noradrenalin\u0119. Zwi\u0119kszaj\u0105c poziom tych chemikali\u00f3w, Meridia pomaga czu\u0107 si\u0119 pe\u0142niejszy przez d\u0142u\u017cszy czas, zmniejszaj\u0105c w ten spos\u00f3b spo\u017cycie kalorii i promuj\u0105c utrat\u0119 wagi w po\u0142\u0105czeniu ze zbilansowan\u0105 diet\u0105 i programem \u0107wicze\u0144.<\/p>\n<p>Chocia\u017c Meridia by\u0142a kiedy\u015b powszechnie dost\u0119pnym lekiem na recept\u0119, jego status ewoluowa\u0142 w wielu regionach. Jednak dla os\u00f3b poszukuj\u0105cych tej szczeg\u00f3lnej pomocy w celu ich cel\u00f3w w zakresie kontroli wagi nasza platforma oferuje bezpieczn\u0105 i zgodn\u0105 drog\u0119 do <strong>Kup meridia 10mg<\/strong>. Dawka 10 mg jest powszechnym punktem wyj\u015bcia, zaprojektowanym tak, aby by\u0142 skuteczny przy minimalizacji potencjalnych skutk\u00f3w ubocznych.<\/p>\n<h3>Kluczowe specyfikacje i wskazania dla Meridia 10mg<\/h3>\n<p><em>   <strong>Substancja czynna:<\/strong> Monohydrat chlorowodorku sibutraminy<br \/>\n<\/em>   <strong>Dawkowanie:<\/strong> 10 mg na kapsu\u0142k\u0119<br \/>\n<em>   <strong>Sformu\u0142owanie:<\/strong> Oral capsules<br \/>\n<\/em>   <strong>G\u0142\u00f3wne zastosowanie:<\/strong> Dodatkowa dieta o obni\u017conej kaloryczno\u015bci i aktywno\u015b\u0107 fizyczna w leczeniu oty\u0142o\u015bci u pacjent\u00f3w z pocz\u0105tkowym wska\u017anikiem masy cia\u0142a (BMI) wynosz\u0105c\u0105 30 kg\/m\u00b2 lub wi\u0119ksz\u0105 lub BMI 27 kg\/m\u00b2 lub wi\u0119kszym u pacjent\u00f3w z innymi zwi\u0105zanymi z innymi czynnikami ryzyka lub objawami.<br \/>\n<em>   <strong>Mechanizm dzia\u0142ania:<\/strong> Inhibitor wychwytu zwrotnego serotoniny i noradrenaliny (SNRI)<br \/>\n<\/em>   <strong>Administracja:<\/strong> Zazwyczaj przyjmowane raz dziennie, z jedzeniem lub bez jedzenia. Zawsze post\u0119puj zgodnie z zalecanymi instrukcjami dawkowania.<\/p>\n<h3>Korzy\u015bci z wyboru naszej apteki internetowej dla Meridia 10mg<\/h3>\n<p>Kiedy zdecydujesz si\u0119 <strong>Kup meridia 10mg<\/strong> Z naszej apteki internetowej wybierasz us\u0142ug\u0119, kt\u00f3ra traktuje priorytetowo Twoj\u0105 wygod\u0119, prywatno\u015b\u0107 i satysfakcj\u0119.<\/p>\n<p><em>   <strong>Dyskretna wysy\u0142ka w Europie:<\/strong> Rozumiemy znaczenie prywatno\u015bci. Twoje zam\u00f3wienie <strong>Merydia 10mg<\/strong> Zostanie wys\u0142ana dyskretnie na Tw\u00f3j adres w Hiszpanii, W\u0142oszech, Niemczech, Polsce, Holandii, Wielkiej Brytanii i innych krajach europejskich. \u017badne opakowanie zewn\u0119trzne nie wskazuje zawarto\u015bci.<br \/>\n<\/em>   <strong>Szybka i niezawodna dostawa:<\/strong> Jeste\u015bmy dumni z wydajnego przetwarzania i szybkiej wysy\u0142ki. Kiedy ty <strong>zam\u00f3w meridia 10mg online<\/strong>, Spodziewaj si\u0119 szybkiej dostawy na wyci\u0105gni\u0119cie r\u0119ki, minimalizuj\u0105c wszelkie op\u00f3\u017anienia w Twojej podr\u00f3\u017cy do kontroli wagi.<br \/>\n<em>   <strong>Reputable and Trusted Source:<\/strong> Jako zaufany sprzedawca internetowy i renomowana apteka internetowa, jeste\u015bmy zobowi\u0105zani do dostarczania oryginalnych produkt\u00f3w. Mo\u017cesz <strong>Kup meridia 10mg<\/strong> Pewnie, wiedz\u0105c, \u017ce otrzymujesz wysokiej jako\u015bci lek.<br \/>\n<\/em>   <strong>Wygodny dost\u0119p online:<\/strong> Pomi\u0144 tradycyjne kolejki apteczne. Nasza przyjazna dla u\u017cytkownika platforma pozwala \u0142atwo <strong>Kup meridia 10mg<\/strong> bez wychodzenia z domu.<br \/>\n<em>   <strong>Konkurencyjne ceny:<\/strong> Staramy si\u0119 oferowa\u0107 konkurencyjne ceny za <strong>Sprzedam Meridia 10mg<\/strong>, dzi\u0119ki czemu skuteczne rozwi\u0105zania do kontroli wagi s\u0105 bardziej dost\u0119pne.<\/p>\n<h3>Jak bezpiecznie i skutecznie korzysta\u0107 z Meridia 10mg<\/h3>\n<p>Aby zmaksymalizowa\u0107 korzy\u015bci i zapewni\u0107 sobie bezpiecze\u0144stwo, gdy <strong>Kup meridia 10mg<\/strong>Najwa\u017cniejsze jest uwa\u017cne przestrzeganie wytycznych dotycz\u0105cych u\u017cytkowania.<\/p>\n<p>1.  <strong>Dawkowanie:<\/strong> Standardowa dawka pocz\u0105tkowa to zazwyczaj jedna kapsu\u0142ka 10 mg dziennie. Nie przekraczaj zalecanej dawki.<br \/>\n2.  <strong>Chronometra\u017c:<\/strong> Meridia jest zwykle przyjmowana raz dziennie, rano lub o dowolnej porze dnia. Mo\u017cna go przyjmowa\u0107 z jedzeniem lub bez jedzenia. Sp\u00f3jno\u015b\u0107 w czasie mo\u017ce pom\u00f3c w utrzymaniu jego skuteczno\u015bci.<br \/>\n3.  <strong>Dieta i \u0107wiczenia:<\/strong> Wa\u017cne jest, aby zrozumie\u0107, \u017ce Meridia nie jest magiczn\u0105 pigu\u0142k\u0105. Zosta\u0142 zaprojektowany jako dodatek do kompleksowego planu kontroli wagi. Obejmuje to:<br \/>\n    <\/em>   <strong>Dieta o obni\u017conej kaloryczno\u015bci:<\/strong> Zdrowa, zbilansowana dieta z deficytem kalorii jest niezb\u0119dna do trwa\u0142ej utraty wagi. Konsultacja z dietetykiem lub dietetykiem mo\u017ce by\u0107 bardzo korzystna.<br \/>\n    <em>   <strong>Regularna aktywno\u015b\u0107 fizyczna:<\/strong> W\u0142\u0105czenie regularnych \u0107wicze\u0144 do rutyny zwi\u0119kszy wydatki na kalorie i poprawi og\u00f3lny stan zdrowia. Celuj w co najmniej 150 minut aktywno\u015bci aerobowej o umiarkowanej intensywno\u015bci tygodniowo.<br \/>\n4.  <strong>Monitorowanie:<\/strong> Podczas leczenia zalecane jest regularne monitorowanie wagi i og\u00f3lnego stanu zdrowia.<br \/>\n5.  <strong>Konsultacja:<\/strong> p\u00f3ki mo\u017cesz <strong>kup meridia 10mg bez recepty<\/strong> Z naszej zaufanej platformy zdecydowanie radzimy skonsultowa\u0107 si\u0119 z pracownikiem s\u0142u\u017cby zdrowia przed rozpocz\u0119ciem jakichkolwiek nowych lek\u00f3w, w tym Meridii. Mog\u0105 oceni\u0107 Tw\u00f3j indywidualny stan zdrowia, zidentyfikowa\u0107 wszelkie przeciwwskazania i udzieli\u0107 spersonalizowanych porad.<\/p>\n<h3>Potencjalne skutki uboczne i \u015brodki ostro\u017cno\u015bci przy zakupie Meridia 10mg<\/h3>\n<p>Podobnie jak wszystkie leki, Meridia mo\u017ce mie\u0107 skutki uboczne. Zrozumienie ich i podj\u0119cie niezb\u0119dnych \u015brodk\u00f3w ostro\u017cno\u015bci ma kluczowe znaczenie dla bezpiecznego u\u017cytkowania.<\/p>\n<p><strong>Do cz\u0119stych skutk\u00f3w ubocznych mog\u0105 nale\u017ce\u0107:<\/strong><\/p>\n<p><\/em>   Sucho\u015b\u0107 w ustach<br \/>\n<em>   Insomnia (difficulty sleeping)<br \/>\n<\/em>   B\u00f3l g\u0142owy<br \/>\n<em>   Zaparcie<br \/>\n<\/em>   Md\u0142o\u015bci<br \/>\n<em>   Increased blood pressure<br \/>\n<\/em>   Increased heart rate<br \/>\n<em>   Zawr\u00f3t g\u0142owy<\/p>\n<p><strong>Powa\u017cne skutki uboczne (poszukaj natychmiastowej pomocy medycznej, je\u015bli wyst\u0105pi\u0142a):<\/strong><\/p>\n<p><\/em>   Chest pain<br \/>\n<em>   Irregular heartbeat<br \/>\n<\/em>   Shortness of breath<br \/>\n<em>   Nag\u0142e os\u0142abienie lub dr\u0119twienie (szczeg\u00f3lnie po jednej stronie cia\u0142a)<br \/>\n<\/em>   Nag\u0142y, silny b\u00f3l g\u0142owy<br \/>\n<em>   Zmiany w wizji<br \/>\n<\/em>   Swelling in the ankles or feet<br \/>\n<em>   Zmiany nastroju, depresja lub my\u015bli samob\u00f3jcze<\/p>\n<p><strong>Wa\u017cne \u015brodki ostro\u017cno\u015bci:<\/strong><\/p>\n<p><\/em>   <strong>Zdrowie sercowo-naczyniowe:<\/strong> Osoby z histori\u0105 chor\u00f3b serca, udaru, niekontrolowanego nadci\u015bnienia t\u0119tniczego lub arytmii nie powinny stosowa\u0107 Meridia. Wa\u017cne jest, aby regularnie monitorowa\u0107 ci\u015bnienie krwi i t\u0119tno podczas przyjmowania tego leku.<br \/>\n<em>   <strong>Zdrowie psychiczne:<\/strong> Zachowaj ostro\u017cno\u015b\u0107, je\u015bli masz histori\u0119 zaburze\u0144 psychicznych, poniewa\u017c Meridia mo\u017ce potencjalnie zaostrzy\u0107 pewne schorzenia.<br \/>\n<\/em>   <strong>Interakcje:<\/strong> Poinformuj swojego lekarza lub farmaceut\u0119 o wszelkich innych przyjmowanych lekach lub suplementach, poniewa\u017c Meridia mo\u017ce wchodzi\u0107 w interakcje z niekt\u00f3rymi lekami, w tym inhibitorami MAO, SSRI i innymi stymulantami OUN. Je\u015bli zdecydujesz si\u0119 <strong>kup meridia 10 mg online<\/strong>, Prosz\u0119 dok\u0142adnie zapozna\u0107 si\u0119 z potencjalnymi interakcjami lek\u00f3w.<br \/>\n<em>   <strong>Ci\u0105\u017ca i karmienie piersi\u0105:<\/strong> Meridia nie jest zalecana do stosowania w czasie ci\u0105\u017cy lub karmienia piersi\u0105.<br \/>\n<\/em>   <strong>Alkohol:<\/strong> Ogranicz lub unikaj spo\u017cywania alkoholu podczas przyjmowania Meridia, poniewa\u017c mo\u017ce to zwi\u0119kszy\u0107 ryzyko niekt\u00f3rych skutk\u00f3w ubocznych.<\/p>\n<h3>Dlaczego warto wybra\u0107 nas dla Meridia 10mg online?<\/h3>\n<p>Nasze zaanga\u017cowanie wykracza poza zwyk\u0142e oferowanie <strong>Sprzedam Meridia 10mg<\/strong>. D\u0105\u017cymy do bycia Twoim preferowanym partnerem w zakresie zdrowia i dobrego samopoczucia, zapewniaj\u0105c kompleksow\u0105 i etyczn\u0105 obs\u0142ug\u0119.<\/p>\n<p><em>   <strong>Autentyczno\u015b\u0107 produktu:<\/strong> Nasze leki pozyskujemy od renomowanych producent\u00f3w, zapewniaj\u0105c, \u017ce otrzymujesz oryginalne i skuteczne produkty. Kiedy ty <strong>Zam\u00f3w Meridia 10mg<\/strong>, mo\u017cesz zaufa\u0107 jego jako\u015bci.<br \/>\n<\/em>   <strong>Obs\u0142uga klienta:<\/strong> Nasz dedykowany zesp\u00f3\u0142 obs\u0142ugi klienta jest dost\u0119pny, aby odpowiedzie\u0107 na wszelkie pytania dotycz\u0105ce Twojego zam\u00f3wienia lub samego produktu. Jeste\u015bmy tutaj, aby pom\u00f3c Ci porusza\u0107 si\u0119 po opcjach.<br \/>\n<em>   <strong>Bezpieczne opcje p\u0142atno\u015bci:<\/strong> Twoje bezpiecze\u0144stwo finansowe jest priorytetem. Oferujemy bezpieczne bramki p\u0142atno\u015bci dla bezpiecznej i bezproblemowej transakcji, gdy <strong>Kup meridia 10mg<\/strong>.<br \/>\n<\/em>   <strong>Globalny zasi\u0119g:<\/strong> Jeste\u015bmy wiod\u0105c\u0105 wysy\u0142k\u0105 apteki internetowej do Hiszpanii, W\u0142och, Niemiec, Polski, Holandii, Europy i Wielkiej Brytanii. Nasza rozbudowana sie\u0107 wysy\u0142kowa zapewnia dost\u0119p do wysokiej jako\u015bci lek\u00f3w bez wzgl\u0119du na to, gdzie si\u0119 znajdujesz w naszym obszarze us\u0142ugowym.<br \/>\n<em>   <strong>Skup si\u0119 na Wellness:<\/strong> Wierzymy w umo\u017cliwienie jednostkom przej\u0119cia kontroli nad swoim zdrowiem. Zapewniaj\u0105c dost\u0119pne opcje, takie jak <strong>Sprzedam Meridia 10mg<\/strong>, wspieramy Twoj\u0105 podr\u00f3\u017c w kierunku zdrowszego, bardziej pewnego siebie.<\/p>\n<h3>Cz\u0119sto zadawane pytania dotycz\u0105ce Meridia 10mg<\/h3>\n<p><\/em>   <strong>Czy to lek na recept\u0119?<\/strong><br \/>\n    Chocia\u017c Meridia by\u0142a historycznie lekiem na recept\u0119, oferujemy go jako dost\u0119pn\u0105 opcj\u0119 dla os\u00f3b szukaj\u0105cych jej korzy\u015bci. Zdecydowanie zalecamy jednak skonsultowanie si\u0119 z pracownikiem s\u0142u\u017cby zdrowia przed u\u017cyciem.<br \/>\n<em>   <strong>Jak d\u0142ugo trwa wysy\u0142ka dla meridia 10mg?<\/strong><br \/>\n    Czasy wysy\u0142ki r\u00f3\u017cni\u0105 si\u0119 w zale\u017cno\u015bci od Twojej lokalizacji w Europie. Og\u00f3lnie rzecz bior\u0105c, mo\u017cesz spodziewa\u0107 si\u0119 dostawy w ci\u0105gu kilku dni roboczych. D\u0105\u017cymy do szybkiej wysy\u0142ki wszystkich <strong>Sprzedam Meridia 10mg<\/strong> Zam\u00f3wienia.<br \/>\n<\/em>   <strong>Czy moje zam\u00f3wienie zostanie wys\u0142ane dyskretnie?<\/strong><br \/>\n    Tak, absolutnie. Wszystkie zam\u00f3wienia s\u0105 wysy\u0142ane w zwyk\u0142ym, dyskretnym opakowaniu, aby chroni\u0107 Twoj\u0105 prywatno\u015b\u0107.<br \/>\n<em>   <strong>Jaki jest najlepszy spos\u00f3b na przyjmowanie meridia 10mg?<\/strong><br \/>\n    Meridia 10mg jest zwykle przyjmowana raz dziennie, z jedzeniem lub bez jedzenia. Jest najbardziej skuteczny w po\u0142\u0105czeniu ze zdrow\u0105 diet\u0105 i regularnymi \u0107wiczeniami.<br \/>\n<\/em>   <strong>Czy mog\u0119 kupi\u0107 Meridia 10mg bez recepty?<\/strong><br \/>\n    Nasza platforma pozwala na <strong>kup meridia 10mg bez recepty<\/strong>, ale podkre\u015blamy znaczenie profesjonalnej porady medycznej przed rozpocz\u0119ciem jakichkolwiek lek\u00f3w do kontroli wagi.<br \/>\n*   <strong>Jakie s\u0105 g\u0142\u00f3wne skutki uboczne Meridia 10mg?<\/strong><br \/>\n    Cz\u0119ste dzia\u0142ania niepo\u017c\u0105dane obejmuj\u0105 sucho\u015b\u0107 w ustach, bezsenno\u015b\u0107, b\u00f3l g\u0142owy i zaparcia. Mog\u0105 wyst\u0105pi\u0107 powa\u017cniejsze skutki uboczne i powiniene\u015b zasi\u0119gn\u0105\u0107 pomocy medycznej, je\u015bli ich do\u015bwiadczysz.<\/p>\n<h3>Wyrusz w swoj\u0105 podr\u00f3\u017c do kontroli wagi z ufno\u015bci\u0105<\/h3>\n<p>Je\u015bli szukasz niezawodnego i wydajnego sposobu na <strong>Kup meridia 10mg<\/strong>, nasza apteka internetowa jest tutaj, aby Ci s\u0142u\u017cy\u0107. Naszym celem jest zapewnienie zaufanej, dyskretnej i szybkiej us\u0142ugi wysy\u0142kowej dla naszych europejskich klient\u00f3w. Kiedy we\u017amiesz pod uwag\u0119 <strong>Sprzedam Meridia 10mg<\/strong>, pami\u0119taj, \u017ce nasza platforma oferuje bezpieczne i wygodne rozwi\u0105zanie. Zr\u00f3b kolejny krok w kierunku osi\u0105gni\u0119cia swoich cel\u00f3w zwi\u0105zanych z kontrol\u0105 wagi z niezawodnym partnerem. Zam\u00f3w <strong>Meridia 10mg online<\/strong> dzi\u015b i do\u015bwiadcz wygody naszej szybkiej, dyskretnej wysy\u0142ki w ca\u0142ej Europie. Twoja podr\u00f3\u017c do zdrowszego zaczynasz tutaj.<\/p>","protected":false},"excerpt":{"rendered":"<p>Chcesz osi\u0105gn\u0105\u0107 swoje cele wagi? Meridia 10mg mo\u017ce by\u0107 \u015bwietnym dodatkiem do Twojej podr\u00f3\u017cy, dost\u0119pnym tutaj z szybk\u0105 i dyskretn\u0105 wysy\u0142k\u0105. Nasza zaufana apteka internetowa sprawia, \u017ce \u0142atwo i wygodnie jest uzyska\u0107 potrzebne wsparcie. Zr\u00f3b pierwszy krok w kierunku zdrowszego Ciebie ju\u017c dzi\u015b!<\/p>","protected":false},"featured_media":9455,"template":"","meta":[],"product_brand":[],"product_cat":[343],"product_tag":[1375,1374,832,860,1372,1376,802,1373,1164],"class_list":{"0":"post-9413","1":"product","2":"type-product","3":"status-publish","4":"has-post-thumbnail","6":"product_cat-meridia","7":"product_tag-appetite-suppressant","8":"product_tag-buy-meridia","9":"product_tag-discreet-shipping","10":"product_tag-fast-shipping-europe","11":"product_tag-meridia-10mg-for-sale","12":"product_tag-meridia-buy","13":"product_tag-online-pharmacy","14":"product_tag-sibutramine-online","15":"product_tag-weight-loss-medication","17":"first","18":"instock","19":"shipping-taxable","20":"purchasable","21":"product-type-variable"},"_links":{"self":[{"href":"https:\/\/capsovia.com\/pl\/wp-json\/wp\/v2\/product\/9413","targetHints":{"allow":["GET"]}}],"collection":[{"href":"https:\/\/capsovia.com\/pl\/wp-json\/wp\/v2\/product"}],"about":[{"href":"https:\/\/capsovia.com\/pl\/wp-json\/wp\/v2\/types\/product"}],"version-history":[{"count":0,"href":"https:\/\/capsovia.com\/pl\/wp-json\/wp\/v2\/product\/9413\/revisions"}],"wp:featuredmedia":[{"embeddable":true,"href":"https:\/\/capsovia.com\/pl\/wp-json\/wp\/v2\/media\/9455"}],"wp:attachment":[{"href":"https:\/\/capsovia.com\/pl\/wp-json\/wp\/v2\/media?parent=9413"}],"wp:term":[{"taxonomy":"product_brand","embeddable":true,"href":"https:\/\/capsovia.com\/pl\/wp-json\/wp\/v2\/product_brand?post=9413"},{"taxonomy":"product_cat","embeddable":true,"href":"https:\/\/capsovia.com\/pl\/wp-json\/wp\/v2\/product_cat?post=9413"},{"taxonomy":"product_tag","embeddable":true,"href":"https:\/\/capsovia.com\/pl\/wp-json\/wp\/v2\/product_tag?post=9413"}],"curies":[{"name":"wp","href":"https:\/\/api.w.org\/{rel}","templated":true}]}}