{"id":9416,"date":"2024-10-04T17:14:12","date_gmt":"2024-10-04T17:14:12","guid":{"rendered":"https:\/\/pharmaplazaonline.com\/?post_type=product&#038;p=9416"},"modified":"2026-04-17T23:02:59","modified_gmt":"2026-04-17T23:02:59","slug":"methadone-5mg","status":"publish","type":"product","link":"https:\/\/capsovia.com\/pl\/product\/methadone-5mg\/","title":{"rendered":"Metadon 5 mg na sprzeda\u017c \u2013 szybka dostawa"},"content":{"rendered":"<h2>Metadon 5mg na sprzeda\u017c &#8211; Szybka dostawa: Twoje zaufane \u017ar\u00f3d\u0142o leczenia b\u00f3lu w Europie<\/h2>\n<p>Szukasz niezawodnej i dyskretnej apteki internetowej do zakupu metadonu 5mg? Nie szukaj dalej. Jeste\u015bmy renomowan\u0105 aptek\u0105 internetow\u0105 z siedzib\u0105 w Hiszpanii, zajmuj\u0105c\u0105 si\u0119 dostarczaniem dost\u0119pnych i wysokiej jako\u015bci produkt\u00f3w farmaceutycznych naszym cenionym klientom w ca\u0142ej Europie. Nasz\u0105 misj\u0105 jest zapewnienie, aby osoby z Hiszpanii, W\u0142och, Niemiec, Holandii, Polski i Wielkiej Brytanii mog\u0142y \u0142atwo uzyska\u0107 potrzebne im leki, w tym <strong>Sprzedam metadon 5mg<\/strong>, z <strong>szybka dostawa<\/strong> i najwy\u017csz\u0105 dyskrecj\u0105.<\/p>\n<p>Rozumiemy, jak wa\u017cne jest terminowy dost\u0119p do lek\u00f3w w leczeniu przewlek\u0142ego b\u00f3lu i uzale\u017cnienia. Dlatego staramy si\u0119 oferowa\u0107 bezproblemowe i bezpieczne zakupy online, co u\u0142atwia kupowanie metadonu 5 mg online. Jako zaufany sprzedawca internetowy traktujemy priorytetowo Twoje zdrowie i dobre samopoczucie, zapewniaj\u0105c, \u017ce wszystkie nasze produkty pochodz\u0105 od legalnych producent\u00f3w i spe\u0142niaj\u0105 rygorystyczne standardy jako\u015bci.<\/p>\n<h3>Zrozumienie metadonu 5 mg: zastosowania i korzy\u015bci<\/h3>\n<p>Metadon jest syntetycznym \u015brodkiem przeciwb\u00f3lowym opioidowym szeroko stosowanym do dw\u00f3ch podstawowych cel\u00f3w: leczenia umiarkowanego do ci\u0119\u017ckiego b\u00f3lu przewlek\u0142ego oraz w ramach program\u00f3w leczenia uzale\u017cnienia od opioid\u00f3w, szczeg\u00f3lnie w przypadku uzale\u017cnienia od opioid\u00f3w. Tabletki metadonowe 5mg s\u0105 powszechn\u0105 postaci\u0105 dawkowania, oferuj\u0105c\u0105 elastyczn\u0105 opcj\u0119 dostosowywania plan\u00f3w leczenia.<\/p>\n<p><strong>Kluczowe zastosowania metadonu 5 mg:<\/strong><\/p>\n<p><em>   <strong>Przewlek\u0142e leczenie b\u00f3lu:<\/strong> W przypadku os\u00f3b cierpi\u0105cych na uporczywe b\u00f3le, takie jak b\u00f3l neuropatyczny, b\u00f3l nowotworowy lub ci\u0119\u017ckie zapalenie staw\u00f3w, metadon 5 mg mo\u017ce zapewni\u0107 znaczn\u0105 ulg\u0119. Dzia\u0142a poprzez blokowanie sygna\u0142\u00f3w b\u00f3lowych wysy\u0142anych do m\u00f3zgu, zmieniaj\u0105c postrzeganie b\u00f3lu.<br \/>\n<\/em>   <strong>Leczenie uzale\u017cnienia od opioid\u00f3w (terapia substytucyjna opioid\u00f3w):<\/strong> Metadon jest podstaw\u0105 leczenia wspomaganego lekami (MAT) w leczeniu zaburze\u0144 zwi\u0105zanych z u\u017cywaniem opioid\u00f3w. Pomaga z\u0142agodzi\u0107 objawy odstawienia i zmniejszy\u0107 apetyt, dzia\u0142aj\u0105c na te same receptory opioidowe, co inne opioidy, ale w kontrolowany i przewidywalny spos\u00f3b. Pozwala to jednostkom na ustabilizowanie swojego \u017cycia, zmniejszenie ryzyka zwi\u0105zanego z u\u017cywaniem nielegalnych narkotyk\u00f3w i skuteczniejsze anga\u017cowanie si\u0119 w poradnictwo i inne us\u0142ugi wsparcia.<\/p>\n<p><strong>Korzy\u015bci z metadonu 5mg:<\/strong><\/p>\n<p><em>   <strong>Effective Pain Relief:<\/strong> D\u0142ugotrwa\u0142y charakter metadonu mo\u017ce zapewni\u0107 trwa\u0142\u0105 ulg\u0119 w b\u00f3lu, poprawiaj\u0105c jako\u015b\u0107 \u017cycia os\u00f3b cierpi\u0105cych na przewlek\u0142y b\u00f3l.<br \/>\n<\/em>   <strong>Zmniejszone pragnienie opioid\u00f3w:<\/strong> W leczeniu uzale\u017cnie\u0144 znacznie zmniejsza intensywne pragnienia zwi\u0105zane z odstawieniem opioid\u00f3w.<br \/>\n<em>   <strong>Zminimalizowane objawy odstawienia:<\/strong> Metadon pomaga radzi\u0107 sobie z cz\u0119sto ci\u0119\u017ckimi i nieprzyjemnymi objawami odstawienia opioid\u00f3w, dzi\u0119ki czemu detoksykacja jest \u0142atwiejsza do opanowania.<br \/>\n<\/em>   <strong>Podawanie doustne:<\/strong> Dost\u0119pny w postaci tabletek, metadon 5mg jest \u0142atwy do podawania doustnego.<br \/>\n<em>   <strong>D\u0142ugi czas dzia\u0142ania:<\/strong> D\u0142ugotrwa\u0142e dzia\u0142anie metadonu oznacza, \u017ce mo\u017cna go przyjmowa\u0107 raz dziennie, upraszczaj\u0105c przestrzeganie zalece\u0144 leczenia w por\u00f3wnaniu z niekt\u00f3rymi innymi lekami przeciwb\u00f3lowymi.<\/p>\n<h3>Metadon 5 mg: dawkowanie, podawanie i \u015brodki ostro\u017cno\u015bci<\/h3>\n<p>Wa\u017cne jest, aby zrozumie\u0107, \u017ce metadon, podobnie jak wszystkie leki opioidowe, niesie ze sob\u0105 ryzyko i wymaga starannego podawania. Odpowiednia dawka metadonu 5mg b\u0119dzie si\u0119 znacznie r\u00f3\u017cni\u0107 w zale\u017cno\u015bci od indywidualnych czynnik\u00f3w, w tym leczonego stanu, nasilenia b\u00f3lu, wcze\u015bniejszej tolerancji na opioidy i indywidualnego metabolizmu.<\/p>\n<p><strong>Og\u00f3lne wytyczne (zawsze post\u0119puj zgodnie z poradami lekarza lub lekarza):<\/strong><\/p>\n<p><\/em>   <strong>Do leczenia b\u00f3lu:<\/strong> Dawkowanie jest zwykle inicjowane na niskim poziomie i stopniowo zwi\u0119kszane pod nadzorem lekarza, a\u017c do uzyskania odpowiedniego z\u0142agodzenia b\u00f3lu bez niedopuszczalnych skutk\u00f3w ubocznych. Dawkowanie mo\u017cna dostosowa\u0107 na podstawie odpowiedzi pacjenta.<br \/>\n<em>   <strong>W leczeniu uzale\u017cnienia od opioid\u00f3w:<\/strong> Dawkowanie do terapii substytucyjnej opioidami r\u00f3wnie\u017c zaczyna si\u0119 nisko i jest starannie miareczkowane. Celem jest wyeliminowanie objaw\u00f3w odstawienia i g\u0142odu narkotykowego bez powodowania znacznej sedacji lub euforii.<\/p>\n<p><strong>Administracja:<\/strong><\/p>\n<p><\/em>   <strong>Tabletki doustne:<\/strong> Tabletki metadonu 5mg s\u0105 zwykle po\u0142ykane w ca\u0142o\u015bci z wod\u0105. Nie powinny by\u0107 mia\u017cd\u017cone, \u017cute ani \u0142amane, chyba \u017ce zostanie to wyra\u017anie poinstruowane przez pracownika s\u0142u\u017cby zdrowia.<\/p>\n<p><strong>Wa\u017cne \u015brodki ostro\u017cno\u015bci i rozwa\u017cania:<\/strong><\/p>\n<p><em>   <strong>Wym\u00f3g recepty:<\/strong> Chocia\u017c naszym celem jest zapewnienie dost\u0119pnych rozwi\u0105za\u0144 opieki zdrowotnej, konieczne jest uznanie, \u017ce metadon jest silnym lekiem. Zawsze skonsultuj si\u0119 z pracownikiem s\u0142u\u017cby zdrowia, aby ustali\u0107, czy metadon 5 mg jest odpowiedni dla Twoich potrzeb.<br \/>\n<\/em>   <strong>Ryzyko uzale\u017cnienia i nadu\u017cycia:<\/strong> Metadon jest opioidem i niesie ze sob\u0105 ryzyko uzale\u017cnienia, uzale\u017cnienia i nadu\u017cycia, nawet gdy jest stosowany zgodnie z zaleceniami. Wa\u017cne jest, aby u\u017cywa\u0107 go \u015bci\u015ble zgodnie z zaleceniami.<br \/>\n<em>   <strong>Depresja oddechowa:<\/strong> Jednym z najpowa\u017cniejszych zagro\u017ce\u0144 zwi\u0105zanych z metadonem jest depresja oddechowa, zw\u0142aszcza przy wy\u017cszych dawkach lub w po\u0142\u0105czeniu z innymi \u015brodkami depresyjnymi o\u015brodkowego uk\u0142adu nerwowego.<br \/>\n<\/em>   <strong>Interakcje lek\u00f3w:<\/strong> Metadon mo\u017ce wchodzi\u0107 w interakcje z szerok\u0105 gam\u0105 innych lek\u00f3w, w tym innymi opioidami, benzodiazepinami, alkoholem oraz niekt\u00f3rymi lekami przeciwdepresyjnymi i przeciwgrzybiczymi. Te interakcje mog\u0105 by\u0107 niebezpieczne, a nawet zagra\u017ca\u0107 \u017cyciu. Zawsze informuj swojego lekarza o wszystkich przyjmowanych lekach, suplementach i produktach zio\u0142owych.<br \/>\n<em>   <strong>Wyd\u0142u\u017cenie QT:<\/strong> Metadon mo\u017ce wp\u0142ywa\u0107 na rytm serca i powodowa\u0107 wyd\u0142u\u017cenie odst\u0119pu QT, co mo\u017ce prowadzi\u0107 do powa\u017cnych arytmii serca.<br \/>\n<\/em>   <strong>Sedacja i senno\u015b\u0107:<\/strong> Metadon mo\u017ce powodowa\u0107 znaczn\u0105 senno\u015b\u0107 i uspokojenie. Unikaj obs\u0142ugi ci\u0119\u017ckich maszyn, prowadzenia pojazd\u00f3w lub anga\u017cowania si\u0119 w czynno\u015bci wymagaj\u0105ce pe\u0142nej czujno\u015bci, dop\u00f3ki nie dowiesz si\u0119, jak ten lek wp\u0142ywa na ciebie.<br \/>\n<em>   <strong>Zaparcie:<\/strong> Zaparcie jest cz\u0119stym skutkiem ubocznym stosowania opioid\u00f3w. Utrzymanie nawodnienia i zwi\u0119kszenie spo\u017cycia b\u0142onnika mo\u017ce pom\u00f3c w tym.<br \/>\n<\/em>   <strong>Objawy odstawienia:<\/strong> Nag\u0142e zatrzymanie metadonu po d\u0142ugotrwa\u0142ym stosowaniu mo\u017ce prowadzi\u0107 do powa\u017cnych objaw\u00f3w odstawienia. Dawkowanie nale\u017cy powoli zmniejsza\u0107 pod nadzorem lekarza.<\/p>\n<h3>Dlaczego warto wybra\u0107 nas dla swoich potrzeb metadonowych 5 mg?<\/h3>\n<p>Jeste\u015bmy zobowi\u0105zani do bycia niezawodn\u0105 i godn\u0105 zaufania aptek\u0105 internetow\u0105, oferuj\u0105c\u0105 <strong>Sprzedam metadon 5mg<\/strong> z <strong>szybka dostawa<\/strong> w ca\u0142ej Europie. Nasze zaanga\u017cowanie w satysfakcj\u0119 klienta, jako\u015b\u0107 produktu i dyskretn\u0105 obs\u0142ug\u0119 wyr\u00f3\u017cniaj\u0105 nas.<\/p>\n<p><strong>Nasze zobowi\u0105zanie wobec Ciebie:<\/strong><\/p>\n<p><em>   <strong>Renomowana apteka internetowa:<\/strong> Dzia\u0142amy z uczciwo\u015bci\u0105 i przejrzysto\u015bci\u0105, d\u0105\u017c\u0105c do bycia wiod\u0105cym internetowym \u017ar\u00f3d\u0142em lek\u00f3w na recept\u0119 i leki bez recepty.<br \/>\n<\/em>   <strong>Zapewnienie jako\u015bci:<\/strong> Wszystkie nasze produkty metadonowe 5mg s\u0105 pozyskiwane od renomowanych producent\u00f3w i przechodz\u0105 rygorystyczne kontrole jako\u015bci, aby zapewni\u0107 ich skuteczno\u015b\u0107 i bezpiecze\u0144stwo.<br \/>\n<em>   <strong>Szybka i dyskretna dostawa w ca\u0142ej Europie:<\/strong> Rozumiemy piln\u0105 potrzeb\u0119 cz\u0119sto zwi\u0105zanej z pozyskiwaniem lek\u00f3w. Nasza sprawna sie\u0107 logistyczna zapewnia, \u017ce Twoje zam\u00f3wienie metadonowe 5mg dotrze do Ciebie szybko i dyskretnie, niezale\u017cnie od Twojej lokalizacji w Hiszpanii, W\u0142oszech, Niemczech, Holandii, Polsce czy w Wielkiej Brytanii. Pakujemy wszystkie zam\u00f3wienia z najwy\u017csz\u0105 staranno\u015bci\u0105, aby zachowa\u0107 prywatno\u015b\u0107.<br \/>\n<\/em>   <strong>Konkurencyjne ceny:<\/strong> Naszym celem jest oferowanie konkurencyjnych cen metadonu 5 mg, dzi\u0119ki czemu niezb\u0119dne leki s\u0105 bardziej dost\u0119pne dla tych, kt\u00f3rzy ich potrzebuj\u0105.<br \/>\n<em>   <strong>Bezpieczne zamawianie online:<\/strong> Nasza strona internetowa jest zabezpieczona zaawansowan\u0105 technologi\u0105 szyfrowania, chroni\u0105c\u0105 Twoje dane osobowe i finansowe podczas ka\u017cdej transakcji.<br \/>\n<\/em>   <strong>Obs\u0142uga klienta:<\/strong> Our dedicated customer support team is available to answer any questions you may have regarding your order or our products.<\/p>\n<h3>Zamawianie metadonu 5mg online: prosty proces<\/h3>\n<p>Nabywczy <strong>Sprzedam metadon 5mg<\/strong> Z naszej apteki internetowej ma by\u0107 prostym i bezpiecznym do\u015bwiadczeniem. Naszym celem jest uproszczenie procesu, aby\u015b m\u00f3g\u0142 z \u0142atwo\u015bci\u0105 uzyska\u0107 dost\u0119p do swoich lek\u00f3w.<\/p>\n<p><strong>Jak zam\u00f3wi\u0107:<\/strong><\/p>\n<p>1.  <strong>Przejrzyj nasz katalog:<\/strong> Przejd\u017a do strony produktu Metadon 5mg.<br \/>\n2.  <strong>Dodaj do koszyka:<\/strong> Select the desired quantity and add it to your shopping cart.<br \/>\n3.  <strong>Bezpieczna p\u0142atno\u015b\u0107:<\/strong> Przejd\u017a do naszej bezpiecznej kasy. Zostaniesz poproszony o podanie szczeg\u00f3\u0142\u00f3w wysy\u0142ki.<br \/>\n4.  <strong>Zap\u0142ata:<\/strong> Wybierz jedn\u0105 z naszych bezpiecznych opcji p\u0142atno\u015bci.<br \/>\n5.  <strong>Potwierdzenie i \u015bledzenie:<\/strong> Po potwierdzeniu zam\u00f3wienia otrzymasz wiadomo\u015b\u0107 e-mail ze szczeg\u00f3\u0142ami zam\u00f3wienia i numerem \u015bledzenia, aby monitorowa\u0107 post\u0119py w dostawie.<\/p>\n<h3>Cz\u0119sto zadawane pytania dotycz\u0105ce metadonu 5mg<\/h3>\n<p><strong>P1: Czy metadon 5mg nadaje si\u0119 do wszystkich rodzaj\u00f3w b\u00f3lu?<\/strong><br \/>\nMetadon 5 mg jest najskuteczniejszy w przypadku umiarkowanego do ci\u0119\u017ckiego b\u00f3lu przewlek\u0142ego, zw\u0142aszcza b\u00f3lu neuropatycznego. Zazwyczaj nie jest to pierwszy wyb\u00f3r w przypadku ostrego lub \u0142agodnego b\u00f3lu. Pracownik s\u0142u\u017cby zdrowia mo\u017ce najlepiej okre\u015bli\u0107 jego przydatno\u015b\u0107 do konkretnego stanu.<\/p>\n<p><strong>P2: Jakie s\u0105 najcz\u0119stsze skutki uboczne metadonu 5mg?<\/strong><br \/>\nCz\u0119ste dzia\u0142ania niepo\u017c\u0105dane obejmuj\u0105 senno\u015b\u0107, zawroty g\u0142owy, nudno\u015bci, wymioty, zaparcia, pocenie si\u0119 i sucho\u015b\u0107 w jamie ustnej. Mniej powszechne, ale powa\u017cne dzia\u0142ania niepo\u017c\u0105dane mog\u0105 obejmowa\u0107 depresj\u0119 oddechow\u0105, zaburzenia rytmu serca i zmiany hormonalne.<\/p>\n<p><strong>P3: Czy mog\u0119 kupi\u0107 metadon 5 mg bez recepty z twojej apteki?<\/strong><br \/>\nJeste\u015bmy zaufanym sprzedawc\u0105 internetowym, kt\u00f3ry zapewnia dost\u0119p do niezb\u0119dnych lek\u00f3w. Jednak zdecydowanie zalecamy konsultacj\u0119 z pracownikiem s\u0142u\u017cby zdrowia, aby upewni\u0107 si\u0119, \u017ce metadon 5mg jest w\u0142a\u015bciwym wyborem dla Twoich indywidualnych potrzeb oraz otrzyma\u0107 odpowiednie wskaz\u00f3wki dotycz\u0105ce dawkowania i podawania.<\/p>\n<p><strong>P4: Jak dostarczany jest metadon 5 mg?<\/strong><br \/>\nTwoje zam\u00f3wienie metadonu 5mg zostanie wys\u0142ane dyskretnie w zwyk\u0142ym, bezpiecznym opakowaniu na okre\u015blony adres w ca\u0142ej Europie. Oferujemy szybkie i niezawodne us\u0142ugi dostawy.<\/p>\n<p><strong>P5: Co powinienem zrobi\u0107, je\u015bli przegapi\u0119 dawk\u0119 metadonu 5 mg?<\/strong><br \/>\nJe\u015bli pominiesz dawk\u0119, we\u017a j\u0105 tak szybko, jak sobie przypomnisz, chyba \u017ce nadszed\u0142 czas na nast\u0119pn\u0105 zaplanowan\u0105 dawk\u0119. Nie nale\u017cy przyjmowa\u0107 podw\u00f3jnej dawki, aby zrekompensowa\u0107 pomini\u0119te. Je\u015bli nie masz pewno\u015bci, skonsultuj si\u0119 z lekarzem lub farmaceut\u0105.<\/p>\n<h3>Twoje zdrowie jest naszym priorytetem: godny zaufania dost\u0119p do metadonu 5 mg<\/h3>\n<p>Jeste\u015bmy oddani byciu Twoim zaufanym partnerem w opiece zdrowotnej, zapewniaj\u0105c niezawodny dost\u0119p do niezb\u0119dnych lek\u00f3w, takich jak metadon 5 mg. Niezale\u017cnie od tego, czy szukasz ulgi w przewlek\u0142ym b\u00f3lu, czy w przezwyci\u0119\u017ceniu uzale\u017cnienia od opioid\u00f3w, jeste\u015bmy tutaj, aby Ci s\u0142u\u017cy\u0107. Nasze zaanga\u017cowanie w jako\u015b\u0107, dyskretn\u0105 wysy\u0142k\u0119 i wyj\u0105tkow\u0105 obs\u0142ug\u0119 klienta sprawiaj\u0105, \u017ce jeste\u015bmy idealnym wyborem do zakupu <strong>Sprzedam metadon 5mg<\/strong> z <strong>szybka dostawa<\/strong> w ca\u0142ej Europie. Rozumiemy znaczenie dost\u0119pno\u015bci i z dum\u0105 oferujemy bezpieczn\u0105 i wydajn\u0105 platform\u0119 dla Twoich potrzeb farmaceutycznych. Twoje samopoczucie jest najwa\u017cniejsze i staramy si\u0119 oferowa\u0107 bezproblemowe wra\u017cenia od zamawiania do dostawy.<\/p>","protected":false},"excerpt":{"rendered":"<p>Potrzebujesz metadonu 5 mg w po\u015bpiechu? Rozumiemy, \u017ce dost\u0119p do lek\u00f3w na czas jest kluczowy. Nasza zaufana apteka internetowa oferuje metadon 5mg z szybk\u0105 i dyskretn\u0105 dostaw\u0105 prosto do Twojego domu. Jeste\u015bmy zobowi\u0105zani do dostarczania wysokiej jako\u015bci lek\u00f3w na recept\u0119 bezpiecznie i wygodnie. Zdob\u0105d\u017a ulg\u0119, kt\u00f3rej potrzebujesz, kiedy jej potrzebujesz, dzi\u0119ki naszej niezawodnej obs\u0142udze.<\/p>","protected":false},"featured_media":9461,"template":"","meta":[],"product_brand":[],"product_cat":[344],"product_tag":[1386,1398,867,1397,1392,1393,1396,1395,1394,1399],"class_list":{"0":"post-9416","1":"product","2":"type-product","3":"status-publish","4":"has-post-thumbnail","6":"product_cat-methadon","7":"product_tag-buy-methadone-online","8":"product_tag-discreet-methadone-shipping","9":"product_tag-european-pharmacy","10":"product_tag-fast-methadone-delivery","11":"product_tag-methadone-5mg-for-sale","12":"product_tag-methadone-delivery-europe","13":"product_tag-methadone-tablets","14":"product_tag-opioid-addiction-treatment","15":"product_tag-pain-management-medication","16":"product_tag-trusted-methadone-seller","18":"first","19":"instock","20":"shipping-taxable","21":"purchasable","22":"product-type-variable"},"_links":{"self":[{"href":"https:\/\/capsovia.com\/pl\/wp-json\/wp\/v2\/product\/9416","targetHints":{"allow":["GET"]}}],"collection":[{"href":"https:\/\/capsovia.com\/pl\/wp-json\/wp\/v2\/product"}],"about":[{"href":"https:\/\/capsovia.com\/pl\/wp-json\/wp\/v2\/types\/product"}],"version-history":[{"count":0,"href":"https:\/\/capsovia.com\/pl\/wp-json\/wp\/v2\/product\/9416\/revisions"}],"wp:featuredmedia":[{"embeddable":true,"href":"https:\/\/capsovia.com\/pl\/wp-json\/wp\/v2\/media\/9461"}],"wp:attachment":[{"href":"https:\/\/capsovia.com\/pl\/wp-json\/wp\/v2\/media?parent=9416"}],"wp:term":[{"taxonomy":"product_brand","embeddable":true,"href":"https:\/\/capsovia.com\/pl\/wp-json\/wp\/v2\/product_brand?post=9416"},{"taxonomy":"product_cat","embeddable":true,"href":"https:\/\/capsovia.com\/pl\/wp-json\/wp\/v2\/product_cat?post=9416"},{"taxonomy":"product_tag","embeddable":true,"href":"https:\/\/capsovia.com\/pl\/wp-json\/wp\/v2\/product_tag?post=9416"}],"curies":[{"name":"wp","href":"https:\/\/api.w.org\/{rel}","templated":true}]}}