{"id":9417,"date":"2024-10-04T17:14:12","date_gmt":"2024-10-04T17:14:12","guid":{"rendered":"https:\/\/pharmaplazaonline.com\/?post_type=product&#038;p=9417"},"modified":"2026-04-17T23:03:27","modified_gmt":"2026-04-17T23:03:27","slug":"norco-7-5-325mg","status":"publish","type":"product","link":"https:\/\/capsovia.com\/pl\/product\/norco-7-5-325mg\/","title":{"rendered":"Norco 7,5\/325 mg na sprzeda\u017c online"},"content":{"rendered":"<p><strong>Norco 7.5\/325mg na sprzeda\u017c online: Twoje zaufane \u017ar\u00f3d\u0142o \u0142agodzenia b\u00f3lu<\/strong><\/p>\n<p>Witamy w naszej renomowanej aptece internetowej, Twoim g\u0142\u00f3wnym miejscu docelowym do dyskretnego i wygodnego uzyskania Norco 7.5\/325mg. Je\u015bli szukasz Norco 7.5\/325mg na sprzeda\u017c online z zaufanym europejskim sprzedawc\u0105, znalaz\u0142e\u015b w\u0142a\u015bciwe miejsce. Rozumiemy wyniszczaj\u0105cy charakter b\u00f3lu umiarkowanego do silnego i jeste\u015bmy zaanga\u017cowani w zapewnianie dost\u0119pnego i niezawodnego dost\u0119pu do skutecznych rozwi\u0105za\u0144 do leczenia b\u00f3lu. Nasza platforma zosta\u0142a zaprojektowana tak, aby by\u0142a bezpieczn\u0105 i prost\u0105 bram\u0105 do nabywania wysokiej jako\u015bci lek\u00f3w, w tym poszukiwanego Norco 7.5\/325mg, bez potrzeby recepty od lokalnego lekarza. Jeste\u015bmy dumni z tego, \u017ce jeste\u015bmy niezawodnym sprzedawc\u0105 internetowym wysy\u0142kowym w ca\u0142ej Europie, w tym w Hiszpanii, W\u0142oszech, Niemczech, Holandii, Polsce i Wielkiej Brytanii, zapewniaj\u0105c Ci prywatno\u015b\u0107 i satysfakcj\u0119 na ka\u017cdym kroku.<\/p>\n<p><strong>Co to jest Norco 7.5\/325mg? Zrozumienie rozwi\u0105zania do leczenia b\u00f3lu<\/strong><\/p>\n<p>Norco 7.5\/325mg jest silnym lekiem przeciwb\u00f3lowym przepisywanym w leczeniu b\u00f3lu o umiarkowanym lub umiarkowanym silnym b\u00f3lu. Jest to lek skojarzony, kt\u00f3ry dzia\u0142a poprzez po\u0142\u0105czenie dw\u00f3ch aktywnych sk\u0142adnik\u00f3w: dwutlenku hydrokodonu i acetaminofenu. To podej\u015bcie o podw\u00f3jnym dzia\u0142aniu sprawia, \u017ce Norco jest skutecznym wyborem w leczeniu ostrych i przewlek\u0142ych stan\u00f3w b\u00f3lowych, kt\u00f3re wymagaj\u0105 niezawodnej i trwa\u0142ej ulgi. Kupuj\u0105c od nas Norco 7.5\/325mg online, wybierasz ugruntowane i zaufane leki przeciwb\u00f3lowe.<\/p>\n<p><em>   <strong>Bitartran hydrokodonu:<\/strong> Jest to opioidowy \u015brodek przeciwb\u00f3lowy, kt\u00f3ry dzia\u0142a poprzez zmian\u0119 sposobu, w jaki m\u00f3zg i uk\u0142ad nerwowy reaguj\u0105 na b\u00f3l. Wi\u0105\u017ce si\u0119 z receptorami opioidowymi w m\u00f3zgu, skutecznie blokuj\u0105c sygna\u0142y b\u00f3lu przed dotarciem do celu. Jest to p\u00f3\u0142syntetyczny opioid pochodz\u0105cy z kodeiny.<\/p>\n<p><\/em>   <strong>paracetamol (paracetamol):<\/strong> Ten nieopioidowy \u015brodek przeciwb\u00f3lowy i przeciwgor\u0105czkowy dzia\u0142a w celu zmniejszenia b\u00f3lu i gor\u0105czki. Chocia\u017c jego dok\u0142adny mechanizm dzia\u0142ania nie jest w pe\u0142ni zrozumia\u0142y, uwa\u017ca si\u0119, \u017ce hamuje syntez\u0119 prostaglandyn w o\u015brodkowym uk\u0142adzie nerwowym, kt\u00f3ry odgrywa rol\u0119 w postrzeganiu b\u00f3lu i zapaleniu.<\/p>\n<p>Po\u0142\u0105czenie tych dw\u00f3ch sk\u0142adnik\u00f3w w Norco 7.5\/325mg zapewnia efekt synergiczny, co prowadzi do zwi\u0119kszonej \u0142agodzenia b\u00f3lu w por\u00f3wnaniu z u\u017cyciem kt\u00f3regokolwiek ze sk\u0142adnik\u00f3w samodzielnie. To sprawia, \u017ce jest to doskona\u0142a opcja dla os\u00f3b do\u015bwiadczaj\u0105cych b\u00f3lu, kt\u00f3rego nie mo\u017cna odpowiednio opanowa\u0107 za pomoc\u0105 alternatyw bez recepty.<\/p>\n<p><strong>Kluczowe wskazania: Kiedy przepisuje si\u0119 Norco 7,5\/325 mg?<\/strong><\/p>\n<p>Norco 7,5\/325mg jest zazwyczaj wskazane w celu z\u0142agodzenia b\u00f3lu o nasileniu umiarkowanym do umiarkowanego, kt\u00f3ry wymaga opioidowego \u015brodka przeciwb\u00f3lowego. Mo\u017ce to obejmowa\u0107 r\u00f3\u017cne warunki, takie jak:<\/p>\n<p><em>   <strong>B\u00f3l pooperacyjny:<\/strong> Po zabiegach chirurgicznych Norco mo\u017ce zapewni\u0107 znaczn\u0105 ulg\u0119 w b\u00f3lu i dyskomfortu naci\u0119ciach.<br \/>\n<\/em>   <strong>Ostre urazy:<\/strong> Urazy, takie jak z\u0142amania, skr\u0119cenia i silne siniaki, mog\u0105 powodowa\u0107 silny b\u00f3l, kt\u00f3ry wymaga silnego \u015brodka przeciwb\u00f3lowego, takiego jak Norco.<br \/>\n<em>   <strong>Stany przewlek\u0142ego b\u00f3lu:<\/strong> W przypadku os\u00f3b cierpi\u0105cych na uporczywy b\u00f3l z powodu stan\u00f3w takich jak zapalenie staw\u00f3w, choroba zwyrodnieniowa dysku lub inne problemy z uk\u0142adem mi\u0119\u015bniowo-szkieletowym, Norco mo\u017ce zaoferowa\u0107 bardzo potrzebn\u0105 ulg\u0119.<br \/>\n<\/em>   <strong>B\u00f3l z\u0119b\u00f3w:<\/strong> Powa\u017cne b\u00f3le z\u0119b\u00f3w lub b\u00f3l po zabiegach stomatologicznych mo\u017cna skutecznie leczy\u0107 za pomoc\u0105 Norco.<br \/>\n<em>   <strong>Migrenowe b\u00f3le g\u0142owy:<\/strong> W niekt\u00f3rych przypadkach Norco mo\u017ce by\u0107 przepisany w leczeniu silnych migrenowych b\u00f3l\u00f3w g\u0142owy, kt\u00f3re nie reaguj\u0105 na inne metody leczenia.<br \/>\n<\/em>   <strong>B\u00f3l zwi\u0105zany z rakiem:<\/strong> W przypadku pacjent\u00f3w do\u015bwiadczaj\u0105cych b\u00f3lu z powodu raka lub jego leczenia, Norco mo\u017ce by\u0107 kluczow\u0105 cz\u0119\u015bci\u0105 ich planu leczenia b\u00f3lu.<\/p>\n<p>Je\u015bli szukasz wiarygodnego \u017ar\u00f3d\u0142a do zakupu Norco 7.5\/325mg bez recepty, nasza apteka internetowa w Europie zajmuje si\u0119 zaspokajaniem Twoich potrzeb z najwi\u0119ksz\u0105 dyskrecj\u0105 i profesjonalizmem.<\/p>\n<p><strong>Dawkowanie i podawanie: jak bezpiecznie u\u017cywa\u0107 Norco 7.5\/325mg<\/strong><\/p>\n<p>Wa\u017cne jest, aby zrozumie\u0107 prawid\u0142owe dawkowanie i podawanie produktu Norco 7,5\/325 mg, aby zapewni\u0107 zar\u00f3wno skuteczno\u015b\u0107, jak i bezpiecze\u0144stwo. Standardowa dawka dla Norco 7,5\/325 mg to jedna tabletka doustna co cztery do sze\u015bciu godzin w razie potrzeby w celu z\u0142agodzenia b\u00f3lu. jednak\u017ce <strong>Indywidualne wymagania dotycz\u0105ce dawkowania mog\u0105 si\u0119 znacznie r\u00f3\u017cni\u0107<\/strong> W oparciu o nasilenie b\u00f3lu, tolerancj\u0119 pacjenta na opioidy i jego og\u00f3lny stan zdrowia.<\/p>\n<p><em>   <strong>Typowa dawka pocz\u0105tkowa:<\/strong> W przypadku os\u00f3b doros\u0142ych z b\u00f3lem o umiarkowanym lub umiarkowanym silnym b\u00f3lu, jedna tabletka Norco 7,5\/325 mg jest zwykle przyjmowana co 4-6 godzin.<br \/>\n<\/em>   <strong>Cz\u0119stotliwo\u015b\u0107:<\/strong> Nie nale\u017cy przyjmowa\u0107 wi\u0119cej ni\u017c zalecana lub zalecana dawka w ci\u0105gu 24 godzin.<br \/>\n<em>   <strong>Czas u\u017cytkowania:<\/strong> Norco 7.5\/325mg jest przeznaczony do kr\u00f3tkotrwa\u0142ego stosowania lub zgodnie z zaleceniami pracownika s\u0142u\u017cby zdrowia. D\u0142ugotrwa\u0142e stosowanie bez nadzoru lekarskiego mo\u017ce prowadzi\u0107 do uzale\u017cnienia i innych dzia\u0142a\u0144 niepo\u017c\u0105danych.<br \/>\n<\/em>   <strong>Nie kruszy\u0107 i nie \u017cu\u0107:<\/strong> Tabletki nale\u017cy po\u0142yka\u0107 w ca\u0142o\u015bci, aby zapewni\u0107 prawid\u0142owe uwalnianie sk\u0142adnik\u00f3w aktywnych.<br \/>\n<em>   <strong>Z jedzeniem lub bez:<\/strong> Norco mo\u017cna przyjmowa\u0107 z jedzeniem lub bez jedzenia. Je\u015bli powoduje rozstr\u00f3j \u017co\u0142\u0105dka, mo\u017ce pom\u00f3c przyjmowanie go z jedzeniem.<\/p>\n<p><strong>Wa\u017cne uwagi przed zakupem Norco 7.5\/325mg online:<\/strong><\/p>\n<p>Chocia\u017c oferujemy Norco 7.5\/325mg na sprzeda\u017c online bez recepty, konieczne jest odpowiedzialne stosowanie tego leku i zdawanie sobie sprawy z potencjalnych zagro\u017ce\u0144. Zawsze skonsultuj si\u0119 z pracownikiem s\u0142u\u017cby zdrowia, je\u015bli masz jakiekolwiek podstawowe schorzenia lub przyjmujesz inne leki.<\/p>\n<p><strong>Potencjalne skutki uboczne Norco 7.5\/325mg<\/strong><\/p>\n<p>Podobnie jak wszystkie leki, Norco 7.5\/325mg mo\u017ce powodowa\u0107 dzia\u0142ania niepo\u017c\u0105dane. Chocia\u017c nie ka\u017cdy ich do\u015bwiadczy, wa\u017cne jest, aby by\u0107 poinformowanym. Typowe dzia\u0142ania niepo\u017c\u0105dane obejmuj\u0105:<\/p>\n<p><\/em>   <strong>senno\u015b\u0107 lub uspokojenie:<\/strong> Jest to jeden z najcz\u0119stszych skutk\u00f3w ubocznych opioid\u00f3w. Unikaj prowadzenia pojazd\u00f3w lub obs\u0142ugi ci\u0119\u017ckich maszyn, je\u015bli tego do\u015bwiadczysz.<br \/>\n<em>   <strong>Zawr\u00f3t g\u0142owy:<\/strong> Zachowaj ostro\u017cno\u015b\u0107 podczas wstawania z pozycji siedz\u0105cej lub le\u017c\u0105cej.<br \/>\n<\/em>   <strong>Nudno\u015bci i wymioty:<\/strong> Cz\u0119sto mo\u017cna nimi zarz\u0105dza\u0107, przyjmuj\u0105c leki z jedzeniem.<br \/>\n<em>   <strong>Zaparcie:<\/strong> Jest to bardzo cz\u0119sty efekt uboczny stosowania opioid\u00f3w. Zwi\u0119kszenie spo\u017cycia p\u0142yn\u00f3w i b\u0142onnika oraz stosowanie zmi\u0119kczaczy stolca mo\u017ce pom\u00f3c.<br \/>\n<\/em>   <strong>Sucho\u015b\u0107 w ustach:<\/strong> Popijanie wody lub \u017cucie gumy bez cukru mo\u017ce przynie\u015b\u0107 ulg\u0119.<br \/>\n<em>   <strong>B\u00f3l g\u0142owy:<\/strong><br \/>\n<\/em>   <strong>sw\u0119dzenie:<\/strong><\/p>\n<p>Mniej powszechne, ale powa\u017cniejsze skutki uboczne obejmuj\u0105:<\/p>\n<p><em>   <strong>Respiratory depression:<\/strong> Spowolnione lub p\u0142ytkie oddychanie, kt\u00f3re mo\u017ce zagra\u017ca\u0107 \u017cyciu. Jest to bardziej prawdopodobne przy wy\u017cszych dawkach lub w po\u0142\u0105czeniu z innymi \u015brodkami depresyjnymi o\u015brodkowego uk\u0142adu nerwowego. <strong>Je\u015bli wyst\u0105pi\u0105 trudno\u015bci z oddychaniem, nale\u017cy natychmiast zwr\u00f3ci\u0107 si\u0119 o pomoc lekarsk\u0105.<\/strong><br \/>\n<\/em>   <strong>Allergic reactions:<\/strong> Wysypka, pokrzywka, trudno\u015bci w oddychaniu, obrz\u0119k twarzy, warg, j\u0119zyka lub gard\u0142a.<br \/>\n<em>   <strong>Uszkodzenie w\u0105troby:<\/strong> szczeg\u00f3lnie z wysokimi dawkami acetaminofenu.<br \/>\n<\/em>   <strong>Zesp\u00f3\u0142 serotoniny:<\/strong> Potencjalnie zagra\u017caj\u0105cy \u017cyciu stan, kt\u00f3ry mo\u017ce wyst\u0105pi\u0107, je\u015bli Norco jest przyjmowany z innymi lekami, kt\u00f3re wp\u0142ywaj\u0105 na poziom serotoniny.<br \/>\n<em>   <strong>Uzale\u017cnienie i uzale\u017cnienie:<\/strong> Opioidy nios\u0105 ze sob\u0105 ryzyko uzale\u017cnienia i uzale\u017cnienia, nawet je\u015bli s\u0105 stosowane zgodnie z zaleceniami.<\/p>\n<p>Je\u015bli wyst\u0105pi\u0105 jakiekolwiek powa\u017cne lub uporczywe dzia\u0142ania niepo\u017c\u0105dane, nale\u017cy przerwa\u0107 stosowanie i skonsultowa\u0107 si\u0119 z lekarzem. Twoje bezpiecze\u0144stwo jest naszym priorytetem i zach\u0119camy do \u015bwiadomego stosowania wszystkich lek\u00f3w zakupionych w naszej zaufanej aptece internetowej.<\/p>\n<p><strong>Gdzie kupi\u0107 Norco 7.5\/325mg online w Europie z ufno\u015bci\u0105<\/strong><\/p>\n<p>Nasz\u0105 misj\u0105 jest zapewnienie bezpiecznej, poufnej i skutecznej platformy dla os\u00f3b w ca\u0142ej Europie, aby uzyska\u0107 dost\u0119p do niezb\u0119dnych lek\u00f3w. Kiedy zdecydujesz si\u0119 na zakup Norco 7.5\/325mg online od nas, wybierasz dostawc\u0119, kt\u00f3ry traktuje priorytetowo:<\/p>\n<p><\/em>   <strong>Dyskretna wysy\u0142ka:<\/strong> Rozumiemy znaczenie prywatno\u015bci. Wszystkie zam\u00f3wienia s\u0105 pakowane dyskretnie, bez zewn\u0119trznych oznacze\u0144 wskazuj\u0105cych zawarto\u015b\u0107. Dzi\u0119ki temu Twoja prywatno\u015b\u0107 jest zachowana od naszego obiektu do Twojego domu.<br \/>\n<em>   <strong>Reliable Delivery:<\/strong> Wysy\u0142amy do Hiszpanii, W\u0142och, Niemiec, Holandii, Polski i Wielkiej Brytanii, z wydajnymi i niezawodnymi us\u0142ugami dostawczymi.<br \/>\n<\/em>   <strong>Zapewnienie jako\u015bci:<\/strong> Pozyskujemy nasze leki od renomowanych producent\u00f3w, zapewniaj\u0105c, \u017ce otrzymujesz oryginalny i wysokiej jako\u015bci Norco 7.5\/325mg.<br \/>\n<em>   <strong>Obs\u0142uga klienta:<\/strong> Nasz dedykowany zesp\u00f3\u0142 obs\u0142ugi klienta jest dost\u0119pny, aby odpowiedzie\u0107 na Twoje pytania i zapewni\u0107 pomoc podczas ca\u0142ego procesu sk\u0142adania zam\u00f3wie\u0144.<br \/>\n<\/em>   <strong>Wygoda:<\/strong> Pomi\u0144 kolejki i trudny dost\u0119p. Kup sw\u00f3j Norco 7.5\/325mg w zaciszu swojego domu.<\/p>\n<p><strong>Nawigacja w leczeniu b\u00f3lu: korzy\u015bci z Norco 7.5\/325mg<\/strong><\/p>\n<p>Podstawow\u0105 zalet\u0105 Norco 7,5\/325 mg jest jego silna zdolno\u015b\u0107 do \u0142agodzenia b\u00f3lu o nasileniu umiarkowanym do umiarkowanego. Dla os\u00f3b cierpi\u0105cych na schorzenia, kt\u00f3re znacz\u0105co wp\u0142ywaj\u0105 na jako\u015b\u0107 ich \u017cycia, Norco mo\u017ce zaoferowa\u0107:<\/p>\n<p><em>   <strong>Przywr\u00f3cenie funkcji:<\/strong> Poprzez skuteczne radzenie sobie z b\u00f3lem, Norco mo\u017ce pom\u00f3c osobom odzyska\u0107 mobilno\u015b\u0107 i uczestniczy\u0107 w codziennych czynno\u015bciach, kt\u00f3rych wcze\u015bniej by\u0107 mo\u017ce nie by\u0142y w stanie.<br \/>\n<\/em>   <strong>Ulepszony sen:<\/strong> Przewlek\u0142y b\u00f3l cz\u0119sto zaburza wzorce snu. Ulga w b\u00f3lu mo\u017ce prowadzi\u0107 do bardziej spokojnego i regeneruj\u0105cego snu.<br \/>\n<em>   <strong>Poprawione samopoczucie:<\/strong> Uporczywy b\u00f3l mo\u017ce prowadzi\u0107 do niepokoju emocjonalnego, niepokoju i depresji. Skuteczne leczenie b\u00f3lu ma kluczowe znaczenie dla og\u00f3lnego samopoczucia psychicznego i emocjonalnego.<br \/>\n<\/em>   <strong>Szybko dzia\u0142aj\u0105ca ulga:<\/strong> Norco ma na celu zapewnienie stosunkowo szybkiej ulgi w b\u00f3lu, pozwalaj\u0105c osobom szybciej poczu\u0107 si\u0119 lepiej.<\/p>\n<p><strong>\u015arodki ostro\u017cno\u015bci i przeciwwskazania: Kto powinien unika\u0107 Norco 7.5\/325mg?<\/strong><\/p>\n<p>Nale\u017cy pami\u0119ta\u0107 o sytuacjach, w kt\u00f3rych Norco 7.5\/325mg nie powinien by\u0107 u\u017cywany z szczeg\u00f3ln\u0105 ostro\u017cno\u015bci\u0105.<\/p>\n<p><em>   <strong>Nadwra\u017cliwo\u015b\u0107:<\/strong> Osoby ze znan\u0105 alergi\u0105 na hydrokodon, paracetamol lub jakikolwiek inny sk\u0142adnik w Norco nie powinny przyjmowa\u0107 tego leku.<br \/>\n<\/em>   <strong>Ci\u0119\u017cka depresja oddechowa:<\/strong> Je\u015bli masz powa\u017cnie zaburzone funkcje oddechowe, nale\u017cy unika\u0107 Norco.<br \/>\n<em>   <strong>Ci\u0119\u017cka astma lub nadpobudliwo\u015b\u0107 oskrzeli:<\/strong> Opioidy mog\u0105 pogorszy\u0107 te warunki.<br \/>\n<\/em>   <strong>Niedro\u017cno\u015b\u0107 przewodu pokarmowego:<\/strong> Norco mo\u017ce zaostrzy\u0107 problemy, takie jak paralityczna niedro\u017cno\u015b\u0107 jelit.<br \/>\n<em>   <strong>Jednoczesne stosowanie z inhibitorami MAO:<\/strong> Nie u\u017cywaj Norco, je\u015bli za\u017cy\u0142e\u015b inhibitor MAO w ci\u0105gu ostatnich 14 dni.<br \/>\n<\/em>   <strong>Spo\u017cycie alkoholu:<\/strong> Po\u0142\u0105czenie Norco z alkoholem mo\u017ce znacznie zwi\u0119kszy\u0107 ryzyko uszkodzenia w\u0105troby i przedawkowania, prowadz\u0105c do potencjalnie \u015bmiertelnej depresji oddechowej.<br \/>\n<em>   <strong>Ci\u0105\u017ca i karmienie piersi\u0105:<\/strong> Bezpiecze\u0144stwo Norco podczas ci\u0105\u017cy i karmienia piersi\u0105 nie jest dobrze ugruntowane. Przed u\u017cyciem skonsultuj si\u0119 z lekarzem.<br \/>\n<\/em>   <strong>Pacjenci w podesz\u0142ym wieku:<\/strong> Osoby starsze mog\u0105 by\u0107 bardziej wra\u017cliwe na dzia\u0142ania niepo\u017c\u0105dane opioid\u00f3w i wymagaj\u0105 ni\u017cszych dawek.<br \/>\n*   <strong>Upo\u015bledzenie nerek lub w\u0105troby:<\/strong> Zaleca si\u0119 ostro\u017cno\u015b\u0107 i mog\u0105 by\u0107 konieczne ni\u017csze dawki.<\/p>\n<p>Je\u015bli do\u015bwiadczasz kt\u00f3regokolwiek z tych schorze\u0144, przed rozwa\u017ceniem zakupu Norco 7.5\/325mg do sprzeda\u017cy online skonsultuj si\u0119 z lekarzem.<\/p>\n<p><strong>Twoje bezpieczne i zaufane \u017ar\u00f3d\u0142o dla Norco 7.5\/325mg<\/strong><\/p>\n<p>Rozumiemy, \u017ce znalezienie wiarygodnego \u017ar\u00f3d\u0142a do zakupu Norco 7.5\/325mg online mo\u017ce by\u0107 problemem dla wielu. Naszym zobowi\u0105zaniem jest by\u0107 godnym zaufania partnerem dla Twoich potrzeb w zakresie zarz\u0105dzania b\u00f3lem. Jeste\u015bmy renomowan\u0105 aptek\u0105 internetow\u0105 obs\u0142uguj\u0105c\u0105 Europ\u0119, kt\u00f3rej celem jest dostarczanie legalnych lek\u00f3w w po\u0142\u0105czeniu z wyj\u0105tkow\u0105 obs\u0142ug\u0105, dyskretn\u0105 dostaw\u0105 i wyra\u017anym zaanga\u017cowaniem w dobre samopoczucie. Kiedy lokalizacja jest kluczowa i szukasz Norco 7.5\/325mg na sprzeda\u017c online od zaufanego europejskiego sprzedawcy, nie szukaj dalej. Oferujemy bezproblemowe i bezpieczne zakupy, zapewniaj\u0105c natychmiastowe i dyskretne otrzymywanie lek\u00f3w. Zaufaj nam, \u017ce b\u0119dziemy Twoim niezawodnym \u017ar\u00f3d\u0142em skutecznych rozwi\u0105za\u0144 przeciwb\u00f3lowych.<\/p>","protected":false},"excerpt":{"rendered":"<p>Zdob\u0105d\u017a szybko dzia\u0142aj\u0105cy ulg\u0119 w b\u00f3lu dzi\u0119ki Norco 7.5\/325mg, teraz dost\u0119pnym do \u0142atwego zakupu online! Ten lek jest fachowo opracowany, aby skutecznie radzi\u0107 sobie z b\u00f3lem umiarkowanym do silnego, pomagaj\u0105c wr\u00f3ci\u0107 do codziennego \u017cycia. Zam\u00f3w z ufno\u015bci\u0105 z naszej zaufanej apteki internetowej, zapewniaj\u0105c jako\u015b\u0107 i dyskretn\u0105 dostaw\u0119 bezpo\u015brednio do Twoich drzwi. Do\u015bwiadcz wygody i dyskretno\u015bci kupuj\u0105c od nas Norco 7.5\/325mg online.<\/p>","protected":false},"featured_media":9463,"template":"","meta":[],"product_brand":[],"product_cat":[345],"product_tag":[1295,832,1299,1400,842,800,1401,1402],"class_list":{"0":"post-9417","1":"product","2":"type-product","3":"status-publish","4":"has-post-thumbnail","6":"product_cat-norco","7":"product_tag-buy-norco-online","8":"product_tag-discreet-shipping","9":"product_tag-hydrocodone-acetaminophen","10":"product_tag-norco-7-5-325mg-for-sale-online","11":"product_tag-online-pharmacy-europe","12":"product_tag-pain-relief-medication","13":"product_tag-reputable-online-seller","14":"product_tag-trusted-european-seller","16":"first","17":"instock","18":"shipping-taxable","19":"purchasable","20":"product-type-variable"},"_links":{"self":[{"href":"https:\/\/capsovia.com\/pl\/wp-json\/wp\/v2\/product\/9417","targetHints":{"allow":["GET"]}}],"collection":[{"href":"https:\/\/capsovia.com\/pl\/wp-json\/wp\/v2\/product"}],"about":[{"href":"https:\/\/capsovia.com\/pl\/wp-json\/wp\/v2\/types\/product"}],"version-history":[{"count":0,"href":"https:\/\/capsovia.com\/pl\/wp-json\/wp\/v2\/product\/9417\/revisions"}],"wp:featuredmedia":[{"embeddable":true,"href":"https:\/\/capsovia.com\/pl\/wp-json\/wp\/v2\/media\/9463"}],"wp:attachment":[{"href":"https:\/\/capsovia.com\/pl\/wp-json\/wp\/v2\/media?parent=9417"}],"wp:term":[{"taxonomy":"product_brand","embeddable":true,"href":"https:\/\/capsovia.com\/pl\/wp-json\/wp\/v2\/product_brand?post=9417"},{"taxonomy":"product_cat","embeddable":true,"href":"https:\/\/capsovia.com\/pl\/wp-json\/wp\/v2\/product_cat?post=9417"},{"taxonomy":"product_tag","embeddable":true,"href":"https:\/\/capsovia.com\/pl\/wp-json\/wp\/v2\/product_tag?post=9417"}],"curies":[{"name":"wp","href":"https:\/\/api.w.org\/{rel}","templated":true}]}}