{"id":9420,"date":"2024-10-04T17:14:13","date_gmt":"2024-10-04T17:14:13","guid":{"rendered":"https:\/\/pharmaplazaonline.com\/?post_type=product&#038;p=9420"},"modified":"2026-04-17T22:55:34","modified_gmt":"2026-04-17T22:55:34","slug":"opana-er-20mg","status":"publish","type":"product","link":"https:\/\/capsovia.com\/pl\/product\/opana-er-20mg\/","title":{"rendered":"OPANA ER 20mg na sprzeda\u017c | szybka wysy\u0142ka."},"content":{"rendered":"<p><strong>Opana ER 20mg na sprzeda\u017c: Twoje niezawodne \u017ar\u00f3d\u0142o u\u015bmierzania b\u00f3lu dzi\u0119ki szybkiej, dyskretnej wysy\u0142ce w ca\u0142ej Europie<\/strong><\/p>\n<p>Witamy w naszej zaufanej aptece internetowej, Twoim g\u0142\u00f3wnym miejscu docelowym do uzyskiwania dost\u0119pu do wysokiej jako\u015bci lek\u00f3w z niezr\u00f3wnan\u0105 wygod\u0105. Rozumiemy wp\u0142yw, jaki uporczywy b\u00f3l mo\u017ce mie\u0107 na Twoje codzienne \u017cycie, ograniczaj\u0105c Twoj\u0105 zdolno\u015b\u0107 do cieszenia si\u0119 aktywno\u015bciami i funkcjonowaniem w najlepszym wydaniu. Dlatego mamy przyjemno\u015b\u0107 zaoferowa\u0107 Opana ER 20 mg na sprzeda\u017c, mocne i skuteczne rozwi\u0105zanie do leczenia b\u00f3lu, dostarczane bezpo\u015brednio do Twoich drzwi z szybk\u0105 i dyskretn\u0105 wysy\u0142k\u0105 w ca\u0142ej Hiszpanii, W\u0142oszech, Niemczech, Holandii, Polsce, Europie i Wielkiej Brytanii. Jako renomowany internetowy sprzedawca produkt\u00f3w na recept\u0119 i bez recepty, zobowi\u0105zujemy si\u0119 zapewni\u0107 Ci bezpieczne, skuteczne i \u0142atwo dost\u0119pne leki.<\/p>\n<p><strong>Zrozumienie Opana ER 20 mg: przegl\u0105d<\/strong><\/p>\n<p>Opana ER to nazwa marki dla oksymorfonu o przed\u0142u\u017conym uwalnianiu, silnym opioidowym leku przeciwb\u00f3lowym specjalnie zaprojektowanym do leczenia przewlek\u0142ego b\u00f3lu o umiarkowanym lub ci\u0119\u017ckim b\u00f3lu. Oznaczenie ER oznacza jego preparat o przed\u0142u\u017conym uwalnianiu, co oznacza, \u017ce jest zaprojektowany tak, aby zapewni\u0107 sta\u0142e, trwa\u0142e uwalnianie sk\u0142adnika aktywnego przez d\u0142u\u017cszy czas. Ta cecha ma kluczowe znaczenie dla radzenia sobie z trwaj\u0105cym b\u00f3lem, oferuj\u0105c sta\u0142\u0105 ulg\u0119 bez szybkich szczyt\u00f3w i do\u0142k\u00f3w cz\u0119sto zwi\u0105zanych z lekami przeciwb\u00f3lowymi o natychmiastowym uwalnianiu. Ten powolny, kontrolowany mechanizm uwalniania pomaga utrzyma\u0107 terapeutyczny poziom oksymorfonu we krwi, zapewniaj\u0105c ci\u0105g\u0142y komfort i zmniejszaj\u0105c cz\u0119stotliwo\u015b\u0107 dawkowania.<\/p>\n<p>Kiedy chcesz kupi\u0107 Opana ER 20mg online, konieczne jest zrozumienie jego celu i jego dzia\u0142ania. Opana ER 20mg dzia\u0142a poprzez zmian\u0119 sposobu, w jaki m\u00f3zg i uk\u0142ad nerwowy reaguj\u0105 na b\u00f3l. Wi\u0105\u017ce si\u0119 z receptorami opioidowymi w m\u00f3zgu, rdzeniu kr\u0119gowym i innych obszarach cia\u0142a, skutecznie blokuj\u0105c sygna\u0142y b\u00f3lowe przed dotarciem do m\u00f3zgu. Ta przerwa w \u015bcie\u017ckach b\u00f3lowych prowadzi do znacznego z\u0142agodzenia b\u00f3lu, umo\u017cliwiaj\u0105c osobom odzyskanie funkcjonalno\u015bci i popraw\u0119 jako\u015bci \u017cycia. Si\u0142a dawkowania 20 mg jest starannie skalibrowana, aby zapewni\u0107 skuteczne leczenie b\u00f3lu u os\u00f3b z umiarkowanymi lub ci\u0119\u017ckimi stanami b\u00f3lowymi.<\/p>\n<p><strong>Kluczowe specyfikacje Opana ER 20mg<\/strong><\/p>\n<p><em>   <strong>Substancja czynna:<\/strong> Chlorowodorek oksymorfonu<br \/>\n<\/em>   <strong>Moc dawkowania:<\/strong> 20 mg na tabletk\u0119<br \/>\n<em>   <strong>Sformu\u0142owanie:<\/strong> Tabletki o przed\u0142u\u017conym uwalnianiu<br \/>\n<\/em>   <strong>Klasa terapeutyczna:<\/strong> Opioidowe leki przeciwb\u00f3lowe<br \/>\n<em>   <strong>Zamiar:<\/strong> Leczenie umiarkowanego do ci\u0119\u017ckiego b\u00f3lu przewlek\u0142ego<br \/>\n<\/em>   <strong>Availability:<\/strong> Dost\u0119pne do zakupu online z dyskretn\u0105 wysy\u0142k\u0105 w ca\u0142ej Europie.<\/p>\n<p><strong>Dlaczego warto wybra\u0107 Opana ER 20 mg? Korzy\u015bci i zastosowania<\/strong><\/p>\n<p>Opana ER 20 mg jest przepisywana osobom, kt\u00f3re wymagaj\u0105 ci\u0105g\u0142ego, ca\u0142odobowego leczenia b\u00f3lu. Jest to szczeg\u00f3lnie korzystne dla os\u00f3b cierpi\u0105cych na przewlek\u0142e stany b\u00f3lowe, kt\u00f3re znacz\u0105co wp\u0142ywaj\u0105 na ich codzienne \u017cycie.<\/p>\n<p><em>   <strong>Skuteczne leczenie przewlek\u0142ego b\u00f3lu<\/strong> Opana ER 20mg jest bardzo skuteczny w leczeniu uporczywego b\u00f3lu, kt\u00f3ry nie reaguje dobrze na nieopioidowe leki przeciwb\u00f3lowe. Jego formu\u0142a o przed\u0142u\u017conym uwalnianiu zapewnia d\u0142ugotrwa\u0142\u0105 ulg\u0119.<br \/>\n<\/em>   <strong>Lepsza jako\u015b\u0107 \u017cycia:<\/strong> Zapewniaj\u0105c sta\u0142\u0105 kontrol\u0119 b\u00f3lu, Opana ER 20mg mo\u017ce znacznie poprawi\u0107 zdolno\u015b\u0107 pacjenta do wykonywania codziennych czynno\u015bci, anga\u017cowania si\u0119 w interakcje spo\u0142eczne i cieszenie si\u0119 lepsz\u0105 og\u00f3ln\u0105 jako\u015bci\u0105 \u017cycia.<br \/>\n<em>   <strong>Zmniejszona cz\u0119stotliwo\u015b\u0107 dozowania:<\/strong> Wyd\u0142u\u017cony charakter opana ER 20 mg oznacza, \u017ce w ci\u0105gu dnia wymagana jest mniejsza ilo\u015b\u0107 dawek w por\u00f3wnaniu z preparatami o natychmiastowym uwalnianiu, co zapewnia wi\u0119ksz\u0105 wygod\u0119 i zapewnia bardziej sp\u00f3jn\u0105 ulg\u0119 w b\u00f3lu.<br \/>\n<\/em>   <strong>Dyskretny dost\u0119p:<\/strong> Nasza platforma internetowa pozwala wygodnie kupi\u0107 Opana ER 20mg na sprzeda\u017c z zapewnieniem dyskretnego opakowania i wysy\u0142ki, zapewniaj\u0105c Twoj\u0105 prywatno\u015b\u0107.<\/p>\n<p><strong>Dawkowanie i podawanie: jak bezpiecznie u\u017cywa\u0107 Opana ER 20 mg bezpiecznie<\/strong><\/p>\n<p>Wa\u017cne jest, aby przestrzega\u0107 zalecanej dawki zgodnie z zaleceniami lekarza lub wskaza\u0107 na opakowaniu produktu. Opana ER 20mg jest preparatem o przed\u0142u\u017conym uwalnianiu i powinien <strong>nigdy<\/strong> by\u0107 zmia\u017cd\u017cone, prze\u017cuwane lub rozpuszczone, poniewa\u017c mo\u017ce to prowadzi\u0107 do szybkiego uwolnienia potencjalnie \u015bmiertelnej dawki oksymorfonu.<\/p>\n<p><em>   <strong>Standardowe dawkowanie:<\/strong> Zazwyczaj opana ER 20 mg jest przyjmowana co 12 godzin.<br \/>\n<\/em>   <strong>Administracja:<\/strong> Tabletk\u0119 po\u0142kn\u0105\u0107 w ca\u0142o\u015bci wod\u0105.<br \/>\n<em>   <strong>Pomini\u0119ta dawka:<\/strong> Je\u015bli pominiesz dawk\u0119, we\u017a j\u0105 tak szybko, jak sobie przypomnisz. Je\u015bli jednak jest zbli\u017cona do czasu nast\u0119pnej dawki, pomi\u0144 pomini\u0119t\u0105 dawk\u0119 i wr\u00f3\u0107 do regularnego schematu dawkowania. Nie przyjmuj dw\u00f3ch dawek na raz.<br \/>\n<\/em>   <strong>Sk\u0142adowanie:<\/strong> Przechowuj Opana ER 20 mg w temperaturze pokojowej, z dala od wilgoci i ciep\u0142a. Trzymaj go poza zasi\u0119giem dzieci i zwierz\u0105t domowych.<\/p>\n<p>Przy zakupie Opana ER 20mg online, przestrzeganie \u015bci\u015ble instrukcji dawkowania ma kluczowe znaczenie dla bezpiecze\u0144stwa i skuteczno\u015bci.<\/p>\n<p><strong>Potencjalne skutki uboczne opana ER 20mg<\/strong><\/p>\n<p>Jak wszystkie leki, Opana ER 20 mg mo\u017ce powodowa\u0107 dzia\u0142ania niepo\u017c\u0105dane. Wa\u017cne jest, aby by\u0107 tego \u015bwiadomym i skonsultowa\u0107 si\u0119 z pracownikiem s\u0142u\u017cby zdrowia, je\u015bli wyst\u0105pi\u0105 jakiekolwiek niepokoj\u0105ce objawy.<\/p>\n<p><strong>Cz\u0119ste skutki uboczne:<\/strong><\/p>\n<p><em>   Nudno\u015bci i wymioty<br \/>\n<\/em>   Zaparcie<br \/>\n<em>   Senno\u015b\u0107 i zawroty g\u0142owy<br \/>\n<\/em>   B\u00f3l g\u0142owy<br \/>\n<em>   Sw\u0119dz\u0105cy<br \/>\n<\/em>   Sucho\u015b\u0107 w ustach<br \/>\n<em>   Wyzysk<\/p>\n<p><strong>Powa\u017cne skutki uboczne (nale\u017cy natychmiast zwr\u00f3ci\u0107 si\u0119 o pomoc lekarsk\u0105):<\/strong><\/p>\n<p><\/em>   <strong>Depresja oddechowa:<\/strong> spowolnione lub p\u0142ytkie oddychanie. Jest to najpowa\u017cniejsze ryzyko zwi\u0105zane ze stosowaniem opioid\u00f3w i mo\u017ce zagra\u017ca\u0107 \u017cyciu.<br \/>\n<em>   <strong>Ci\u0119\u017cka senno\u015b\u0107 lub uspokojenie:<\/strong> trudno\u015bci w przebudzeniu lub zachowaniu czujno\u015bci.<br \/>\n<\/em>   <strong>Zamieszanie lub dezorientacja<\/strong><br \/>\n<em>   <strong>Zmiany nastroju:<\/strong> takie jak ci\u0119\u017cka depresja lub my\u015bli samob\u00f3jcze.<br \/>\n<\/em>   <strong>Halucynacje<\/strong><br \/>\n<em>   <strong>Reakcje alergiczne:<\/strong> Wysypka, pokrzywka, obrz\u0119k twarzy, warg, j\u0119zyka lub gard\u0142a.<br \/>\n<\/em>   <strong>Zesp\u00f3\u0142 serotoninowy:<\/strong> Mo\u017ce si\u0119 to zdarzy\u0107, je\u015bli opana ER zostanie przyj\u0119ta z niekt\u00f3rymi innymi lekami. Objawy obejmuj\u0105 pobudzenie, halucynacje, szybkie t\u0119tno, gor\u0105czk\u0119 i sztywno\u015b\u0107 mi\u0119\u015bni.<\/p>\n<p>Wa\u017cne jest, aby przed rozpocz\u0119ciem leku OPANA ER 20 mg om\u00f3wi\u0107 pe\u0142n\u0105 histori\u0119 medyczn\u0105 i wszelkie inne leki, kt\u00f3re przyjmujesz ze swoim lekarzem, zw\u0142aszcza je\u015bli za\u017cywasz inne leki depresyjne, w tym alkohol lub leki wp\u0142ywaj\u0105ce na poziom serotoniny.<\/p>\n<p><strong>OPANA ER 20mg na sprzeda\u017c: zakupy z ufno\u015bci\u0105<\/strong><\/p>\n<p>Jeste\u015bmy renomowan\u0105 aptek\u0105 internetow\u0105, kt\u00f3rej celem jest dostarczanie naszym klientom bezpiecznych, legalnych i wysokiej jako\u015bci lek\u00f3w. Kiedy zdecydujesz si\u0119 na sprzeda\u017c Opana ER 20mg na sprzeda\u017c u nas, mo\u017cesz by\u0107 pewien:<\/p>\n<p><em>   <strong>Oryginalne produkty:<\/strong> Pozyskujemy nasze leki od zaufanych producent\u00f3w, zapewniaj\u0105c, \u017ce otrzymujesz prawdziwe opana ER 20 mg.<br \/>\n<\/em>   <strong>Bezpieczne transakcje online:<\/strong> Nasza strona internetowa wykorzystuje solidne \u015brodki bezpiecze\u0144stwa, aby chroni\u0107 Twoje dane osobowe i finansowe.<br \/>\n<em>   <strong>Dyskretna i szybka wysy\u0142ka:<\/strong> Rozumiemy znaczenie prywatno\u015bci. Wszystkie zam\u00f3wienia s\u0105 pakowane i wysy\u0142ane dyskretnie, bez zewn\u0119trznego wskazania zawarto\u015bci. Oferujemy szybkie us\u0142ugi wysy\u0142kowe do Hiszpanii, W\u0142och, Niemiec, Holandii, Polski, Europy i Wielkiej Brytanii, zapewniaj\u0105c natychmiastowe otrzymanie lek\u00f3w.<br \/>\n<\/em>   <strong>Obs\u0142uga klienta:<\/strong> Nasz zesp\u00f3\u0142 jest do Pa\u0144stwa dyspozycji, aby odpowiedzie\u0107 na Pa\u0144stwa pytania i zapewni\u0107 pomoc w ca\u0142ym procesie sk\u0142adania zam\u00f3wienia.<\/p>\n<p><strong>Dlaczego nasza apteka internetowa jest Twoim zaufanym \u017ar\u00f3d\u0142em opana er 20 mg<\/strong><\/p>\n<p>W dzisiejszych czasach cyfrowych znalezienie wiarygodnego \u017ar\u00f3d\u0142a lek\u00f3w mo\u017ce by\u0107 trudne. Staramy si\u0119 by\u0107 niezawodnym partnerem dla Twoich potrzeb zdrowotnych.<\/p>\n<p><em>   <strong>Dost\u0119pno\u015b\u0107:<\/strong> U\u0142atwiamy osobom dost\u0119p do potrzebnych lek\u00f3w przeciwb\u00f3lowych, pomijaj\u0105c tradycyjne przeszkody cz\u0119sto zwi\u0105zane z uzyskaniem takich recept.<br \/>\n<\/em>   <strong>Wygoda:<\/strong> Zam\u00f3w opana ER 20 mg w zaciszu swojego domu, 24\/7.<br \/>\n<em>   <strong>Privacy:<\/strong> Nasza dyskretna wysy\u0142ka i opakowanie zapewniaj\u0105 zachowanie prywatno\u015bci.<br \/>\n<\/em>   <strong>Niezawodno\u015b\u0107:<\/strong> Jeste\u015bmy zobowi\u0105zani do zapewnienia bezpiecznej i godnej zaufania platformy dla wszystkich Twoich potrzeb zwi\u0105zanych z lekami.<br \/>\n<em>   <strong>Zasi\u0119g europejski:<\/strong> Nasza rozbudowana sie\u0107 \u017ceglugowa obejmuje g\u0142\u00f3wne kraje europejskie, dzi\u0119ki czemu Opana ER 20 mg jest dost\u0119pna na ca\u0142ym kontynencie.<\/p>\n<p><strong>Wa\u017cne uwagi przy zakupie Opana ER 20mg online<\/strong><\/p>\n<p>Chocia\u017c staramy si\u0119 zapewni\u0107 dost\u0119pne i wygodne rozwi\u0105zanie do leczenia b\u00f3lu, konieczne jest odpowiedzialne i odpowiedzialne stosowanie Opana ER 20 mg.<\/p>\n<p><\/em>   <strong>Potencja\u0142 uzale\u017cnienia i nadu\u017cy\u0107:<\/strong> Opana ER jest opioidem i niesie ryzyko uzale\u017cnienia, uzale\u017cnienia i nadu\u017cy\u0107. Powinien by\u0107 u\u017cywany tylko zgodnie z zaleceniami i nigdy nie udost\u0119pnia\u0107 go innym.<br \/>\n<em>   <strong>Interakcje z innymi lekami:<\/strong> Opana ER mo\u017ce wchodzi\u0107 w interakcje z wieloma innymi lekami, w tym alkoholem, benzodiazepinami i innymi \u015brodkami depresyjnymi o\u015brodkowego uk\u0142adu nerwowego, zwi\u0119kszaj\u0105c ryzyko powa\u017cnych dzia\u0142a\u0144 niepo\u017c\u0105danych. Zawsze informuj swojego lekarza o wszystkich przyjmowanych lekach i substancjach.<br \/>\n<\/em>   <strong>Ci\u0105\u017ca i karmienie piersi\u0105:<\/strong> Bezpiecze\u0144stwo produktu Opana ER podczas ci\u0105\u017cy i karmienia piersi\u0105 nie zosta\u0142o ustalone. Skonsultuj si\u0119 z lekarzem, je\u015bli jeste\u015b w ci\u0105\u017cy, planujesz zaj\u015b\u0107 w ci\u0105\u017c\u0119 lub karmisz piersi\u0105.<br \/>\n*   <strong>Prowadzenie pojazd\u00f3w i obs\u0142uga maszyn:<\/strong> Opana ER mo\u017ce os\u0142abi\u0107 twoj\u0105 zdolno\u015b\u0107 do prowadzenia pojazd\u00f3w lub obs\u0142ugi ci\u0119\u017ckich maszyn. Unikaj tych czynno\u015bci, dop\u00f3ki nie dowiesz si\u0119, jak lek wp\u0142ywa na ciebie.<\/p>\n<p><strong>Zam\u00f3w Opana ER 20mg na sprzeda\u017c ju\u017c dzi\u015b i odczuj ulg\u0119<\/strong><\/p>\n<p>Je\u015bli zmagasz si\u0119 z przewlek\u0142ym b\u00f3lem umiarkowanym do ci\u0119\u017ckiego i szukasz skutecznego, niezawodnego rozwi\u0105zania, Opana ER 20 mg na sprzeda\u017c jest doskona\u0142\u0105 opcj\u0105. Dzi\u0119ki naszemu zaanga\u017cowaniu w jako\u015b\u0107, bezpiecze\u0144stwo i szybk\u0105, dyskretn\u0105 wysy\u0142k\u0119 w ca\u0142ej Europie, mo\u017cesz \u015bmia\u0142o zakupi\u0107 Opana ER 20 mg online i podj\u0105\u0107 znacz\u0105cy krok w kierunku odzyskania komfortu i kontroli w swoim \u017cyciu. Jeste\u015bmy Twoim zaufanym sprzedawc\u0105 internetowym, oddanym do zapewnienia przyst\u0119pnego i niezawodnego ulgi w b\u00f3lu. Zam\u00f3w sw\u00f3j Opana ER 20 mg ju\u017c dzi\u015b i poczuj r\u00f3\u017cnic\u0119, jak\u0105 mo\u017ce zrobi\u0107 skuteczne leczenie b\u00f3lu.<\/p>","protected":false},"excerpt":{"rendered":"<p>Uzyskaj ulg\u0119, kt\u00f3rej potrzebujesz dzi\u0119ki Opana ER 20 mg, wygodnie dost\u0119pnej do sprzeda\u017cy online. Nasza zaufana apteka zapewnia szybkie otrzymanie lek\u00f3w z szybk\u0105 wysy\u0142k\u0105 bezpo\u015brednio do Twoich drzwi. Rozumiemy znaczenie dost\u0119pno\u015bci i dlatego oferujemy Opana ER 20mg i wiele innych niezb\u0119dnych lek\u00f3w, niekt\u00f3re bez recepty. Do\u015bwiadcz bezproblemowego zamawiania i dyskretnej dostawy z apteki, na kt\u00f3r\u0105 mo\u017cesz liczy\u0107.<\/p>","protected":false},"featured_media":9469,"template":"","meta":[],"product_brand":[],"product_cat":[346],"product_tag":[1302,1305,1304,1306,1303,1300,1307,1301,1308],"class_list":{"0":"post-9420","1":"product","2":"type-product","3":"status-publish","4":"has-post-thumbnail","6":"product_cat-opana-er","7":"product_tag-buy-opana-er-europe","8":"product_tag-buy-oxymorphone-online","9":"product_tag-discreet-opana-er-delivery","10":"product_tag-europe-pain-relief-medication","11":"product_tag-fast-shipping-pain-medication","12":"product_tag-opana-er-20mg-for-sale","13":"product_tag-opana-er-20mg-shipping","14":"product_tag-oxymorphone-extended-release-online","15":"product_tag-reliable-opana-er-source","17":"first","18":"instock","19":"shipping-taxable","20":"purchasable","21":"product-type-variable"},"_links":{"self":[{"href":"https:\/\/capsovia.com\/pl\/wp-json\/wp\/v2\/product\/9420","targetHints":{"allow":["GET"]}}],"collection":[{"href":"https:\/\/capsovia.com\/pl\/wp-json\/wp\/v2\/product"}],"about":[{"href":"https:\/\/capsovia.com\/pl\/wp-json\/wp\/v2\/types\/product"}],"version-history":[{"count":0,"href":"https:\/\/capsovia.com\/pl\/wp-json\/wp\/v2\/product\/9420\/revisions"}],"wp:featuredmedia":[{"embeddable":true,"href":"https:\/\/capsovia.com\/pl\/wp-json\/wp\/v2\/media\/9469"}],"wp:attachment":[{"href":"https:\/\/capsovia.com\/pl\/wp-json\/wp\/v2\/media?parent=9420"}],"wp:term":[{"taxonomy":"product_brand","embeddable":true,"href":"https:\/\/capsovia.com\/pl\/wp-json\/wp\/v2\/product_brand?post=9420"},{"taxonomy":"product_cat","embeddable":true,"href":"https:\/\/capsovia.com\/pl\/wp-json\/wp\/v2\/product_cat?post=9420"},{"taxonomy":"product_tag","embeddable":true,"href":"https:\/\/capsovia.com\/pl\/wp-json\/wp\/v2\/product_tag?post=9420"}],"curies":[{"name":"wp","href":"https:\/\/api.w.org\/{rel}","templated":true}]}}