{"id":9728,"date":"2024-10-04T17:14:58","date_gmt":"2024-10-04T17:14:58","guid":{"rendered":"https:\/\/pharmaplazaonline.com\/?post_type=product&#038;p=9728"},"modified":"2026-04-17T22:48:58","modified_gmt":"2026-04-17T22:48:58","slug":"oxycodone-5mg","status":"publish","type":"product","link":"https:\/\/capsovia.com\/pl\/product\/oxycodone-5mg\/","title":{"rendered":"Zam\u00f3w Oxycodone 5 mg szybko online"},"content":{"rendered":"<h2>Zam\u00f3w oksykodon 5mg szybko online: Twoje zaufane \u017ar\u00f3d\u0142o \u0142agodzenia b\u00f3lu<\/h2>\n<p>Szukasz niezawodnego i dyskretnego sposobu na <strong>Zam\u00f3w oksykodon 5mg szybko online<\/strong>? Nie szukaj dalej. Jeste\u015bmy Twoj\u0105 wiod\u0105c\u0105 aptek\u0105 internetow\u0105, kt\u00f3rej celem jest dostarczanie wysokiej jako\u015bci lek\u00f3w i bezproblemowych zakup\u00f3w dla klient\u00f3w w ca\u0142ej Europie, w tym w Hiszpanii, W\u0142oszech, Niemczech, Polsce, Holandii i Wielkiej Brytanii. Rozumiemy, \u017ce radzenie sobie z b\u00f3lem mo\u017ce by\u0107 krytycznym aspektem codziennego \u017cycia, a nasz\u0105 misj\u0105 jest sprawienie, aby uzyskanie niezb\u0119dnych lek\u00f3w by\u0142o tak proste i bezpieczne, jak to tylko mo\u017cliwe. Dzi\u0119ki naszemu zaanga\u017cowaniu w satysfakcj\u0119 klienta i dyskretny, wydajny proces wysy\u0142ki, mo\u017cesz <strong>Zam\u00f3w oksykodon 5mg szybko online<\/strong> z ca\u0142kowit\u0105 pewno\u015bci\u0105.<\/p>\n<h3>Zrozumienie oksykodonu 5mg: kompleksowy przewodnik<\/h3>\n<p>Oksykodon jest silnym \u015brodkiem przeciwb\u00f3lowym nale\u017c\u0105cym do klasy opioidowej lek\u00f3w przeciwb\u00f3lowych. Stosuje si\u0119 go przede wszystkim w leczeniu b\u00f3lu umiarkowanego do umiarkowanie silnego. Dawka 5 mg jest cz\u0119sto przepisywana osobom, kt\u00f3re wymagaj\u0105 konsekwentnego leczenia b\u00f3lu w przypadku przewlek\u0142ych stan\u00f3w lub znacznego dyskomfortu pooperacyjnego. Kiedy ty <strong>Zam\u00f3w oksykodon 5mg online<\/strong>, wybierasz lek opracowany, aby skutecznie z\u0142agodzi\u0107 twoje cierpienie i poprawi\u0107 jako\u015b\u0107 \u017cycia.<\/p>\n<p><strong>Key Specifications:<\/strong><\/p>\n<p><em>   <strong>Substancja czynna:<\/strong> Chlorowodorek oksykodonu<br \/>\n<\/em>   <strong>Moc dawkowania:<\/strong> 5 mg na tabletk\u0119\/kapsu\u0142k\u0119<br \/>\n<em>   <strong>Sformu\u0142owanie:<\/strong> Dost\u0119pne w postaci tabletek o natychmiastowym uwalnianiu lub kapsu\u0142kach o przed\u0142u\u017conym uwalnianiu (nasz produkt jest natychmiastowy uwalniany w celu szybkiego dzia\u0142ania ulgi).<br \/>\n<\/em>   <strong>Mechanizm dzia\u0142ania:<\/strong> Oksykodon dzia\u0142a poprzez wi\u0105zanie z receptorami opioidowymi w m\u00f3zgu i rdzeniu kr\u0119gowym, zmieniaj\u0105c postrzeganie b\u00f3lu przez cia\u0142o. Skutecznie blokuje sygna\u0142y b\u00f3lu przed przekazywaniem do m\u00f3zgu, oferuj\u0105c znaczn\u0105 ulg\u0119.<\/p>\n<h3>Zastosowania i zalety oksykodonu 5 mg<\/h3>\n<p>Oxycodone 5mg to wszechstronny lek, skuteczny w radzeniu sobie z r\u00f3\u017cnymi rodzajami b\u00f3lu. Kiedy ty <strong>Zam\u00f3w oksykodon 5mg szybko online<\/strong>, mo\u017cesz spodziewa\u0107 si\u0119 ulgi od:<\/p>\n<p><em>   <strong>B\u00f3l umiarkowany do silnego:<\/strong> Obejmuje to b\u00f3l zwi\u0105zany z urazami, operacjami i przewlek\u0142ymi stanami b\u00f3lowymi, takimi jak zapalenie staw\u00f3w, fibromialgia i b\u00f3l neuropatyczny.<br \/>\n<\/em>   <strong>Post-Operative Pain:<\/strong> Skutecznie radzi sobie z intensywnym b\u00f3lem do\u015bwiadczanym po zabiegach chirurgicznych, pomagaj\u0105c w wyzdrowieniu.<br \/>\n<em>   <strong>B\u00f3l zwi\u0105zany z rakiem:<\/strong> Zapewnia znaczn\u0105 ulg\u0119 pacjentom do\u015bwiadczaj\u0105cym b\u00f3lu z powodu raka i jego leczenia.<br \/>\n<\/em>   <strong>Przewlek\u0142e leczenie b\u00f3lu:<\/strong> W przypadku os\u00f3b z uporczywym b\u00f3lem regularne dawkowanie mo\u017ce pom\u00f3c w utrzymaniu komfortu i poprawie codziennego funkcjonowania.<\/p>\n<p>Podstawow\u0105 korzy\u015bci\u0105 z wyboru oksykodonu 5mg jest jego skuteczna zdolno\u015b\u0107 \u0142agodzenia b\u00f3lu. Szybkie wch\u0142anianie pozwala na szybkie rozpocz\u0119cie dzia\u0142ania, dzi\u0119ki czemu idealnie nadaje si\u0119, gdy trzeba <strong>Zam\u00f3w oksykodon 5mg szybko online<\/strong> dla natychmiastowej ulgi.<\/p>\n<h3>Dawkowanie i podawanie: jak przyjmowa\u0107 oksykodon 5 mg<\/h3>\n<p>W\u0142a\u015bciwe podawanie ma kluczowe znaczenie dla bezpiecznego i skutecznego stosowania oksykodonu 5 mg. Zawsze post\u0119puj zgodnie z instrukcjami dawkowania podanymi przez lekarza lub zgodnie z opisem na opakowaniu produktu.<\/p>\n<p><em>   <strong>Typowe dawkowanie:<\/strong> W przypadku tabletek o natychmiastowym uwalnianiu, zwyk\u0142a dawka pocz\u0105tkowa wynosi od 5 mg do 15 mg co 4 do 6 godzin w zale\u017cno\u015bci od potrzeb b\u00f3lu. Jednak konkretna dawka, gdy <strong>Zam\u00f3w oksykodon 5mg szybko online<\/strong> b\u0119dzie opiera\u0107 si\u0119 na indywidualnym poziomie b\u00f3lu i historii choroby.<br \/>\n<\/em>   <strong>Podawanie doustne:<\/strong> Tabletki lub kapsu\u0142ki nale\u017cy przyjmowa\u0107 z pe\u0142n\u0105 szklank\u0105 wody. Mo\u017cna je przyjmowa\u0107 z jedzeniem lub bez jedzenia. Je\u015bli odczuwasz rozstr\u00f3j \u017co\u0142\u0105dka, zaleca si\u0119 za\u017cywanie ich z jedzeniem.<br \/>\n<em>   <strong>Nie kruszy\u0107 i nie \u017cu\u0107:<\/strong> O ile nie zostanie to wyra\u017anie poinstruowane przez pracownika s\u0142u\u017cby zdrowia, nie nale\u017cy mia\u017cd\u017cy\u0107, \u017cu\u0107 ani nie \u0142ama\u0107 preparat\u00f3w o przed\u0142u\u017conym uwalnianiu, poniewa\u017c mo\u017ce to prowadzi\u0107 do szybkiego uwolnienia potencjalnie \u015bmiertelnej dawki. Nasze tabletki 5mg s\u0105 zazwyczaj przeznaczone do natychmiastowego uwolnienia.<br \/>\n<\/em>   <strong>Pomini\u0119ta dawka:<\/strong> Je\u015bli pominiesz dawk\u0119, we\u017a j\u0105 tak szybko, jak tylko przypomnisz sobie, chyba \u017ce jest zbli\u017cona do czasu nast\u0119pnej zaplanowanej dawki. W takim przypadku pomi\u0144 pomini\u0119t\u0105 dawk\u0119 i kontynuuj regularny harmonogram dawkowania. Nie podwajaj dawek.<br \/>\n<em>   <strong>Sk\u0142adowanie:<\/strong> Przechowuj oksykodon 5 mg w temperaturze pokojowej, z dala od wilgoci, ciep\u0142a i bezpo\u015bredniego \u015bwiat\u0142a. Trzymaj go poza zasi\u0119giem dzieci i zwierz\u0105t domowych.<\/p>\n<h3>Potencjalne skutki uboczne oksykodonu 5 mg<\/h3>\n<p>Jak wszystkie leki, oksykodon 5 mg mo\u017ce powodowa\u0107 dzia\u0142ania niepo\u017c\u0105dane. Wa\u017cne jest, aby by\u0107 tego \u015bwiadomym i szuka\u0107 pomocy medycznej, je\u015bli stan\u0105 si\u0119 one powa\u017cne lub uporczywe.<\/p>\n<p><strong>Cz\u0119ste skutki uboczne:<\/strong><\/p>\n<p><\/em>   Senno\u015b\u0107 lub ospa\u0142o\u015b\u0107<br \/>\n<em>   Zawr\u00f3t g\u0142owy<br \/>\n<\/em>   Nudno\u015bci i wymioty<br \/>\n<em>   Zaparcie<br \/>\n<\/em>   Sucho\u015b\u0107 w ustach<br \/>\n<em>   Sw\u0119dz\u0105cy<br \/>\n<\/em>   B\u00f3l g\u0142owy<br \/>\n<em>   S\u0142abo\u015b\u0107<\/p>\n<p><strong>Powa\u017cne skutki uboczne (nale\u017cy natychmiast zwr\u00f3ci\u0107 si\u0119 o pomoc lekarsk\u0105):<\/strong><\/p>\n<p><\/em>   Ci\u0119\u017cka depresja oddechowa (powolne lub p\u0142ytkie oddychanie)<br \/>\n<em>   Silne zawroty g\u0142owy lub omdlenia<br \/>\n<\/em>   Dezorientacja<br \/>\n<em>   Napady padaczkowe<br \/>\n<\/em>   Reakcje alergiczne (wysypka, sw\u0119dzenie, obrz\u0119k, silne zawroty g\u0142owy, trudno\u015bci w oddychaniu)<br \/>\n<em>   Halucynacje<br \/>\n<\/em>   Changes in mood<br \/>\n<em>   Trudno\u015bci z oddawaniem moczu<\/p>\n<p>Je\u015bli wyst\u0105pi\u0105 jakiekolwiek z tych powa\u017cnych skutk\u00f3w ubocznych po Tobie <strong>Zam\u00f3w oksykodon 5mg online<\/strong>, natychmiast skontaktuj si\u0119 z lekarzem.<\/p>\n<h3>Important Precautions and Warnings<\/h3>\n<p>Zanim ty <strong>Zam\u00f3w oksykodon 5mg szybko online<\/strong>, wa\u017cne jest, aby zrozumie\u0107 potencjalne zagro\u017cenia i \u015brodki ostro\u017cno\u015bci zwi\u0105zane z jego stosowaniem.<\/p>\n<p><\/em>   <strong>Uzale\u017cnienie i zale\u017cno\u015b\u0107:<\/strong> Oksykodon jest opioidem i niesie ze sob\u0105 ryzyko uzale\u017cnienia, nadu\u017cycia i uzale\u017cnienia, nawet gdy jest stosowany zgodnie z zaleceniami. D\u0142ugotrwa\u0142e stosowanie mo\u017ce prowadzi\u0107 do uzale\u017cnienia fizycznego, w kt\u00f3rym objawy odstawienia wyst\u0119puj\u0105, je\u015bli lek zostanie nag\u0142y wstrzymany.<br \/>\n<em>   <strong>Depresja oddechowa:<\/strong> Opioidy mog\u0105 spowolni\u0107 lub przesta\u0107 oddycha\u0107, co mo\u017ce zagra\u017ca\u0107 \u017cyciu. Ryzyko to jest wy\u017csze podczas rozpoczynania leku, gdy dawka jest zwi\u0119kszona lub przyjmowana z innymi substancjami, kt\u00f3re obni\u017caj\u0105 o\u015brodkowy uk\u0142ad nerwowy (takie jak alkohol lub benzodiazepiny).<br \/>\n<\/em>   <strong>Interakcje z innymi lekami:<\/strong> Poinformuj swojego lekarza lub farmaceut\u0119 o wszystkich innych przyjmowanych lekach, w tym o lekach na recept\u0119, lek\u00f3w dost\u0119pnych bez recepty, witamin i suplement\u00f3w zio\u0142owych. Niekt\u00f3re leki, w szczeg\u00f3lno\u015bci \u015brodki depresyjne na OUN, mog\u0105 znacznie zwi\u0119kszy\u0107 ryzyko powa\u017cnych dzia\u0142a\u0144 niepo\u017c\u0105danych.<br \/>\n<em>   <strong>Alkohol:<\/strong> Unikaj spo\u017cywania alkoholu podczas przyjmowania oksykodonu 5 mg, poniewa\u017c mo\u017ce to zwi\u0119kszy\u0107 ryzyko zawrot\u00f3w g\u0142owy, senno\u015bci i depresji oddechowej.<br \/>\n<\/em>   <strong>Ci\u0105\u017ca i karmienie piersi\u0105:<\/strong> Je\u015bli jeste\u015b w ci\u0105\u017cy, planujesz zaj\u015b\u0107 w ci\u0105\u017c\u0119 lub karmisz piersi\u0105, skonsultuj si\u0119 z lekarzem przed przyj\u0119ciem oksykodonu 5 mg.<br \/>\n<em>   <strong>Prowadzenie pojazd\u00f3w i obs\u0142uga maszyn:<\/strong> Oksykodon mo\u017ce os\u0142abi\u0107 twoj\u0105 zdolno\u015b\u0107 do prowadzenia pojazd\u00f3w lub obs\u0142ugi ci\u0119\u017ckich maszyn. Nie anga\u017cuj si\u0119 w te czynno\u015bci, dop\u00f3ki nie dowiesz si\u0119, jak lek wp\u0142ywa na ciebie.<br \/>\n<\/em>   <strong>Podstawowe schorzenia:<\/strong> Poinformuj swojego lekarza o wszelkich istniej\u0105cych wcze\u015bniej schorzeniach, w szczeg\u00f3lno\u015bci o problemach z oddychaniem (takim jak astma lub POChP), chorobach w\u0105troby, chorobami nerek lub nadu\u017cywaniem substancji.<\/p>\n<h3>Dlaczego warto wybra\u0107 nas, aby zam\u00f3wi\u0107 oksykodon 5mg szybko online?<\/h3>\n<p>Jeste\u015bmy renomowan\u0105 aptek\u0105 internetow\u0105 i zaufanym sprzedawc\u0105 zaanga\u017cowanym w dostarczanie bezpiecznych, skutecznych i dost\u0119pnych lek\u00f3w. Kiedy ty <strong>Zam\u00f3w oksykodon 5mg szybko online<\/strong> od nas zyskujesz:<\/p>\n<p><em>   <strong>Autentyczne i wysokiej jako\u015bci produkty:<\/strong> Pozyskujemy nasze leki od renomowanych producent\u00f3w, zapewniaj\u0105c, \u017ce otrzymujesz prawdziwy i silny oksykodon 5 mg.<br \/>\n<\/em>   <strong>Dyskretna wysy\u0142ka w Europie:<\/strong> Twoja prywatno\u015b\u0107 jest najwa\u017cniejsza. Oferujemy dyskretne pakowanie i wysy\u0142k\u0119 do Hiszpanii, W\u0142och, Niemiec, Polski, Holandii, Wielkiej Brytanii i ca\u0142ej Europy. Nikt nie b\u0119dzie wiedzia\u0142, co jest w twoim pakiecie.<br \/>\n<em>   <strong>Szybka i sprawna obs\u0142uga:<\/strong> Rozumiemy piln\u0105 potrzeb\u0119, gdy mamy do czynienia z b\u00f3lem. Nasz usprawniony proces zapewnia, \u017ce kiedy <strong>Zam\u00f3w oksykodon 5mg szybko online<\/strong>, jest przetwarzany i wysy\u0142any szybko.<br \/>\n<\/em>   <strong>Bezpieczne zakupy online:<\/strong> Nasza strona internetowa wykorzystuje zaawansowane \u015brodki bezpiecze\u0144stwa w celu ochrony danych osobowych i p\u0142atno\u015bci, zapewniaj\u0105c bezpieczne i bezpieczne zakupy online.<br \/>\n<em>   <strong>Niezawodne \u017ar\u00f3d\u0142o dla Twoich potrzeb zwi\u0105zanych z lekami:<\/strong> Jeste\u015bmy niezawodnym dostawc\u0105 lek\u00f3w zar\u00f3wno na recept\u0119, jak i bez recepty, d\u0105\u017c\u0105c do tego, aby by\u0107 Twoim punktem kompleksowej obs\u0142ugi dla Twoich wymaga\u0144 dotycz\u0105cych zdrowia i dobrego samopoczucia.<br \/>\n<\/em>   <strong>Obs\u0142uga klienta:<\/strong> Nasz dedykowany zesp\u00f3\u0142 obs\u0142ugi klienta jest dost\u0119pny, aby odpowiedzie\u0107 na wszelkie pytania dotycz\u0105ce naszych produkt\u00f3w lub us\u0142ug.<\/p>\n<h3>Zamawianie oksykodonu 5mg online bezproblemowe<\/h3>\n<p>proces do <strong>Zam\u00f3w oksykodon 5mg szybko online<\/strong> Poprzez nasz\u0105 platform\u0119 zaprojektowano dla Twojej wygody. Nawiguj po naszej przyjaznej dla u\u017cytkownika stronie internetowej, wybierz oksykodon 5 mg, dodaj go do koszyka i przejd\u017a do kasy. Nasza bezpieczna bramka p\u0142atno\u015bci akceptuje r\u00f3\u017cne metody p\u0142atno\u015bci. Po potwierdzeniu zam\u00f3wienia przygotujemy je do dyskretnej wysy\u0142ki.<\/p>\n<p>Jeste\u015bmy oddani s\u0142u\u017ceniu na rynek europejski, zapewniaj\u0105c, \u017ce osoby poszukuj\u0105ce skutecznego \u0142agodzenia b\u00f3lu maj\u0105 dost\u0119p do wysokiej jako\u015bci lek\u00f3w. czy musisz <strong>Zam\u00f3w oksykodon 5mg szybko online<\/strong> W celu natychmiastowego leczenia b\u00f3lu lub konsekwentnej ulgi w chorobach przewlek\u0142ych, jeste\u015bmy tutaj, aby Ci\u0119 wspiera\u0107. Zaufaj nam jako niezawodne \u017ar\u00f3d\u0142o online dla oksykodonu 5 mg i do\u015bwiadcz wygody i bezpiecze\u0144stwa zakupu lek\u00f3w w wiod\u0105cej europejskiej aptece internetowej.<\/p>\n<p><strong>Podsumowuj\u0105c, je\u015bli chcesz zam\u00f3wi\u0107 Oxycodone 5mg Fast online z zapewnieniem jako\u015bci, dyskrecji i szybkiej dostawy w ca\u0142ej Europie, nasza apteka internetowa jest Twoim ostatecznym celem. Jeste\u015bmy dumni z tego, \u017ce jeste\u015bmy zaufanym sprzedawc\u0105, zapewniaj\u0105c kluczow\u0105 us\u0142ug\u0119 tym, kt\u00f3rzy potrzebuj\u0105 skutecznego leczenia b\u00f3lu.<\/strong><\/p>","protected":false},"excerpt":{"rendered":"<p>Potrzebujesz szybkiej ulgi? Zam\u00f3w oksykodon 5mg szybko i wygodnie z naszej zaufanej apteki internetowej. Oddaj leki przeciwb\u00f3lowe na recept\u0119 dostarczone dyskretnie do twoich drzwi. Oferujemy bezpieczny i prosty proces zakupu, aby zapewni\u0107 Ci ulg\u0119, kt\u00f3rej potrzebujesz, kiedy jej potrzebujesz. Poznaj \u0142atwo\u015b\u0107 zamawiania niezb\u0119dnych lek\u00f3w online u nas.<\/p>","protected":false},"featured_media":9765,"template":"","meta":[],"product_brand":[],"product_cat":[352],"product_tag":[1231,830,832,867,875,1233,1232,1230,859],"class_list":{"0":"post-9728","1":"product","2":"type-product","3":"status-publish","4":"has-post-thumbnail","6":"product_cat-oxycodon","7":"product_tag-buy-oxycodone-online","8":"product_tag-chronic-pain-management","9":"product_tag-discreet-shipping","10":"product_tag-european-pharmacy","11":"product_tag-fast-pain-relief","12":"product_tag-immediate-release-oxycodone","13":"product_tag-opioid-pain-medication","14":"product_tag-oxycodone-5mg","15":"product_tag-oxycodone-hydrochloride","17":"first","18":"instock","19":"shipping-taxable","20":"purchasable","21":"product-type-variable"},"_links":{"self":[{"href":"https:\/\/capsovia.com\/pl\/wp-json\/wp\/v2\/product\/9728","targetHints":{"allow":["GET"]}}],"collection":[{"href":"https:\/\/capsovia.com\/pl\/wp-json\/wp\/v2\/product"}],"about":[{"href":"https:\/\/capsovia.com\/pl\/wp-json\/wp\/v2\/types\/product"}],"version-history":[{"count":0,"href":"https:\/\/capsovia.com\/pl\/wp-json\/wp\/v2\/product\/9728\/revisions"}],"wp:featuredmedia":[{"embeddable":true,"href":"https:\/\/capsovia.com\/pl\/wp-json\/wp\/v2\/media\/9765"}],"wp:attachment":[{"href":"https:\/\/capsovia.com\/pl\/wp-json\/wp\/v2\/media?parent=9728"}],"wp:term":[{"taxonomy":"product_brand","embeddable":true,"href":"https:\/\/capsovia.com\/pl\/wp-json\/wp\/v2\/product_brand?post=9728"},{"taxonomy":"product_cat","embeddable":true,"href":"https:\/\/capsovia.com\/pl\/wp-json\/wp\/v2\/product_cat?post=9728"},{"taxonomy":"product_tag","embeddable":true,"href":"https:\/\/capsovia.com\/pl\/wp-json\/wp\/v2\/product_tag?post=9728"}],"curies":[{"name":"wp","href":"https:\/\/api.w.org\/{rel}","templated":true}]}}