{"id":9732,"date":"2024-10-04T17:14:58","date_gmt":"2024-10-04T17:14:58","guid":{"rendered":"https:\/\/pharmaplazaonline.com\/?post_type=product&#038;p=9732"},"modified":"2026-04-17T22:50:42","modified_gmt":"2026-04-17T22:50:42","slug":"oxycodone-15mg","status":"publish","type":"product","link":"https:\/\/capsovia.com\/pl\/product\/oxycodone-15mg\/","title":{"rendered":"Oxycodone 15 mg na sprzeda\u017c szybko online"},"content":{"rendered":"<p><strong>oksykodon 15mg na sprzeda\u017c szybko online: Twoje niezawodne \u017ar\u00f3d\u0142o \u0142agodzenia b\u00f3lu<\/strong><\/p>\n<p>Witamy w naszej renomowanej aptece internetowej, Twoim zaufanym miejscu docelowym do nabycia oksykodonu 15 mg i szerokiej gamy innych niezb\u0119dnych lek\u00f3w. Rozumiemy, \u017ce dost\u0119p do skutecznego u\u015bmierzania b\u00f3lu jest najwa\u017cniejszy i jeste\u015bmy oddani zapewnianiu bezpiecznej, wygodnej i dyskretnej obs\u0142ugi naszym cennym klientom w Europie i Wielkiej Brytanii. Kiedy szukasz oksykodonu 15 mg na sprzeda\u017c szybko online, szukasz wiarygodnego \u017ar\u00f3d\u0142a, kt\u00f3re priorytetowo traktuje Twoje samopoczucie i oferuje szybk\u0105 dostaw\u0119. Znalaz\u0142e\u015b to. Jeste\u015bmy zobowi\u0105zani do bycia tym \u017ar\u00f3d\u0142em, zapewniaj\u0105c, \u017ce otrzymasz leki z najwy\u017csz\u0105 poufno\u015bci\u0105 i wydajno\u015bci\u0105.<\/p>\n<p><strong>Zrozumienie oksykodonu 15 mg: silny \u015brodek przeciwb\u00f3lowy<\/strong><\/p>\n<p>Oksykodon jest silnym \u015brodkiem przeciwb\u00f3lowym opioidowym, stosowanym g\u0142\u00f3wnie w leczeniu b\u00f3lu umiarkowanego do silnego. Jego skuteczno\u015b\u0107 wynika z jego zdolno\u015bci do wi\u0105zania si\u0119 z receptorami opioidowymi w m\u00f3zgu, zmieniaj\u0105c postrzeganie b\u00f3lu przez organizm. Oksykodon 15 mg oferuje kontrolowane dawkowanie, co czyni go odpowiedni\u0105 opcj\u0105 dla os\u00f3b wymagaj\u0105cych sp\u00f3jnego leczenia b\u00f3lu w r\u00f3\u017cnych okoliczno\u015bciach.<\/p>\n<p><em>   <strong>Mechanizm dzia\u0142ania:<\/strong> Oksykodon dzia\u0142a poprzez interakcj\u0119 z receptorami opioidowymi mu w o\u015brodkowym uk\u0142adzie nerwowym, skutecznie blokuj\u0105c sygna\u0142y b\u00f3lowe docieraj\u0105ce do m\u00f3zgu. Ta przerwa w \u015bcie\u017cce b\u00f3lu zapewnia znaczn\u0105 ulg\u0119 osobom cierpi\u0105cym na przewlek\u0142y b\u00f3l, dyskomfort pooperacyjny lub b\u00f3l zwi\u0105zany z r\u00f3\u017cnymi schorzeniami.<br \/>\n<\/em>   <strong>Zastosowania terapeutyczne:<\/strong><br \/>\n    <em>   <strong>B\u00f3l pooperacyjny:<\/strong> Po zabiegach chirurgicznych oksykodon 15 mg mo\u017cna przepisa\u0107 w celu radzenia sobie z ostrym b\u00f3lem pooperacyjnym, co pozwala pacjentom na bardziej komfortowy powr\u00f3t do zdrowia.<br \/>\n    <\/em>   <strong>Przewlek\u0142e leczenie b\u00f3lu:<\/strong> W przypadku os\u00f3b do\u015bwiadczaj\u0105cych uporczywego i silnego b\u00f3lu z powodu stan\u00f3w takich jak zapalenie staw\u00f3w, rak lub uszkodzenie nerw\u00f3w, oksykodon 15 mg zapewnia znaczn\u0105 ulg\u0119, poprawiaj\u0105c jako\u015b\u0107 ich \u017cycia.<br \/>\n    <em>   <strong>Silny b\u00f3l kontuzji:<\/strong> W przypadku powa\u017cnego urazu fizycznego lub urazu oksykodon 15 mg mo\u017ce by\u0107 niezb\u0119dny w \u0142agodzeniu niezno\u015bnego b\u00f3lu.<\/p>\n<p><strong>Zakup oksykodonu 15 mg: wygoda i dyskrecja<\/strong><\/p>\n<p>Dostrzegamy potrzeb\u0119 usprawnionego i dyskretnego procesu zakupowego, gdy szukamy oksykodonu 15 mg na sprzeda\u017c szybko online. Nasza platforma zosta\u0142a zaprojektowana tak, aby zapewni\u0107 Ci spok\u00f3j ducha, umo\u017cliwiaj\u0105c zamawianie lek\u00f3w w zaciszu w\u0142asnego domu.<\/p>\n<p><\/em>   <strong>Easy Ordering Process:<\/strong> Nasza przyjazna dla u\u017cytkownika strona internetowa poprowadzi Ci\u0119 przez prost\u0105 i bezpieczn\u0105 procedur\u0119 zamawiania. Mo\u017cesz \u0142atwo przej\u015b\u0107 do strony produktu oksykodonu 15mg, wybra\u0107 \u017c\u0105dan\u0105 ilo\u015b\u0107 i przej\u015b\u0107 do kasy.<br \/>\n<em>   <strong>Dyskretne opakowanie:<\/strong> Twoja prywatno\u015b\u0107 jest naszym najwy\u017cszym priorytetem. Wszystkie zam\u00f3wienia s\u0105 wysy\u0142ane w zwyk\u0142ym, dyskretnym opakowaniu, bez \u017cadnych zewn\u0119trznych oznacze\u0144 zawarto\u015bci. Gwarantuje to, \u017ce Twoje dane osobowe i charakter zakupu pozostaj\u0105 poufne.<br \/>\n<\/em>   <strong>Szybka i niezawodna wysy\u0142ka:<\/strong> Rozumiemy, \u017ce kiedy potrzebujesz ulgi w b\u00f3lu, potrzebujesz go szybko. Nasza logistyka jest zoptymalizowana pod k\u0105tem szybkiej dostawy w Hiszpanii, W\u0142oszech, Niemczech, Holandii, Polsce i Wielkiej Brytanii. Naszym celem jest przetwarzanie i wysy\u0142anie zam\u00f3wienia z szybko\u015bci\u0105 i wydajno\u015bci\u0105.<\/p>\n<p><strong>Dawkowanie i podawanie oksykodonu 15 mg<\/strong><\/p>\n<p>Odpowiednia dawka oksykodonu 15 mg ma kluczowe znaczenie dla skutecznego leczenia b\u00f3lu i zminimalizowania ryzyka dzia\u0142a\u0144 niepo\u017c\u0105danych. Nale\u017cy \u015bci\u015ble przestrzega\u0107 zalecanej lub zalecanej dawki.<\/p>\n<p><em>   <strong>Recommended Dosage:<\/strong> Typowa dawka pocz\u0105tkowa dla oksykodonu 15 mg to jedna tabletka co cztery do sze\u015bciu godzin w razie potrzeby na b\u00f3l. Jednak mo\u017ce si\u0119 to znacznie r\u00f3\u017cni\u0107 w zale\u017cno\u015bci od indywidualnych czynnik\u00f3w, takich jak nasilenie b\u00f3lu, tolerancja i historia choroby.<br \/>\n<\/em>   <strong>Indywidualne leczenie:<\/strong> Zawsze najlepiej skonsultowa\u0107 si\u0119 z pracownikiem s\u0142u\u017cby zdrowia, aby okre\u015bli\u0107 optymaln\u0105 dawk\u0119 dla Twoich konkretnych potrzeb. Nasza us\u0142uga zapewnia dost\u0119p do lek\u00f3w, ale zdecydowanie zach\u0119camy do odpowiedzialnego korzystania i konsultacji z ekspertem medycznym, je\u015bli to mo\u017cliwe.<br \/>\n<em>   <strong>Administracja:<\/strong> Tabletki oksykodonu 15 mg s\u0105 zazwyczaj przyjmowane doustnie z wod\u0105. Mo\u017cna je przyjmowa\u0107 z jedzeniem lub bez jedzenia. Je\u015bli wyst\u0105pi rozstr\u00f3j \u017co\u0142\u0105dka, mo\u017ce pom\u00f3c przyjmowanie go z jedzeniem.<br \/>\n<\/em>   <strong>Nie kruszy\u0107 i nie \u017cu\u0107:<\/strong> Wa\u017cne jest, aby nie zgniata\u0107, \u017cu\u0107 ani nie \u0142ama\u0107 tabletek, poniewa\u017c mo\u017ce to zbyt szybko uwolni\u0107 lek, prowadz\u0105c do potencjalnie niebezpiecznego wzrostu poziomu leku.<\/p>\n<p><strong>Potencjalne skutki uboczne oksykodonu 15 mg<\/strong><\/p>\n<p>Jak wszystkie leki, oksykodon 15 mg mo\u017ce powodowa\u0107 dzia\u0142ania niepo\u017c\u0105dane. Wa\u017cne jest, aby zdawa\u0107 sobie spraw\u0119 z tych potencjalnych skutk\u00f3w i szuka\u0107 pomocy medycznej, je\u015bli stan\u0105 si\u0119 one powa\u017cne lub uporczywe.<\/p>\n<p><em>   <strong>Cz\u0119ste skutki uboczne:<\/strong><br \/>\n    <\/em>   senno\u015b\u0107 lub sedacja<br \/>\n    <em>   Nudno\u015bci i wymioty<br \/>\n    <\/em>   Zaparcie<br \/>\n    <em>   Zawr\u00f3t g\u0142owy<br \/>\n    <\/em>   Sw\u0119dz\u0105cy<br \/>\n    <em>   Sucho\u015b\u0107 w ustach<br \/>\n    <\/em>   B\u00f3l g\u0142owy<br \/>\n    <em>   Wyzysk<br \/>\n<\/em>   <strong>Powa\u017cne skutki uboczne (nale\u017cy natychmiast zwr\u00f3ci\u0107 si\u0119 o pomoc lekarsk\u0105):<\/strong><br \/>\n    <em>   Silna senno\u015b\u0107 lub trudno\u015bci z wybudzaniem si\u0119<br \/>\n    <\/em>   Spowolnione lub p\u0142ytkie oddychanie (depresja oddechowa)<br \/>\n    <em>   Confusion or disorientation<br \/>\n    <\/em>   Ci\u0119\u017ckie zaparcia prowadz\u0105ce do b\u00f3lu brzucha<br \/>\n    <em>   Reakcje alergiczne (wysypka, sw\u0119dzenie, obrz\u0119k, silne zawroty g\u0142owy, trudno\u015bci w oddychaniu)<br \/>\n    <\/em>   Napady padaczkowe<br \/>\n    <em>   zawroty g\u0142owy lub omdlenie<br \/>\n    <\/em>   Zmiany nastroju lub stanu psychicznego<br \/>\n<em>   <strong>Managing Side Effects:<\/strong><br \/>\n    <\/em>   <strong>Zaparcie:<\/strong> Zwi\u0119kszenie spo\u017cycia p\u0142yn\u00f3w i b\u0142onnika oraz stosowanie zmi\u0119kczaczy stolca zgodnie z zaleceniami lekarza mo\u017ce pom\u00f3c w leczeniu zapar\u0107.<br \/>\n    <em>   <strong>Nudno\u015bci\/wymioty:<\/strong> Przyjmowanie oksykodonu 15 mg z jedzeniem mo\u017ce czasami z\u0142agodzi\u0107 nudno\u015bci. Tw\u00f3j lekarz mo\u017ce r\u00f3wnie\u017c zaleci\u0107 leki przeciw nudno\u015bciom.<br \/>\n    <\/em>   <strong>senno\u015b\u0107:<\/strong> Unikaj prowadzenia pojazdu lub obs\u0142ugi ci\u0119\u017ckich maszyn, gdy do\u015bwiadczasz senno\u015bci.<\/p>\n<p><strong>Wa\u017cne uwagi i ostrze\u017cenia<\/strong><\/p>\n<p>Kupuj\u0105c oksykodon 15 mg online, wa\u017cne jest, aby by\u0107 informowanym o ryzyku i odpowiedzialnym za\u017cywaniu lek\u00f3w.<\/p>\n<p><em>   <strong>Uzale\u017cnienie i zale\u017cno\u015b\u0107:<\/strong> Leki opioidowe, w tym oksykodon, maj\u0105 potencja\u0142 uzale\u017cnienia i uzale\u017cnienia fizycznego. Konieczne jest stosowanie tego leku dok\u0142adnie zgodnie z zaleceniami i unikanie przekroczenia zalecanej dawki lub czasu stosowania. Nigdy nie udost\u0119pniaj swoich lek\u00f3w innym.<br \/>\n<\/em>   <strong>Tolerancja:<\/strong> Z biegiem czasu twoje cia\u0142o mo\u017ce rozwin\u0105\u0107 tolerancj\u0119 na oksykodon, co oznacza, \u017ce mo\u017cesz potrzebowa\u0107 wy\u017cszej dawki, aby osi\u0105gn\u0105\u0107 ten sam poziom z\u0142agodzenia b\u00f3lu. Nie zwi\u0119kszaj dawki bez konsultacji z lekarzem.<br \/>\n<em>   <strong>Objawy odstawienia:<\/strong> Je\u015bli regularnie przyjmowa\u0142e\u015b oksykodon i nagle przestajesz, mo\u017cesz wyst\u0105pi\u0107 objawy odstawienia. Mog\u0105 to by\u0107 l\u0119k, b\u00f3le mi\u0119\u015bni, bezsenno\u015b\u0107, nudno\u015bci, pocenie si\u0119 i dr\u017cenie. Zaleca si\u0119 stopniowe zmniejszenie dawki pod nadzorem lekarza, aby zminimalizowa\u0107 odstawienie.<br \/>\n<\/em>   <strong>Interakcje z innymi lekami:<\/strong><br \/>\n    <em>   <strong>Leki dzia\u0142aj\u0105ce depresyjnie na o\u015brodkowy uk\u0142ad nerwowy (OUN):<\/strong> Po\u0142\u0105czenie oksykodonu z innymi \u015brodkami depresyjnymi na OUN, takimi jak alkohol, benzodiazepiny lub inne \u015brodki uspokajaj\u0105ce, mo\u017ce zwi\u0119kszy\u0107 ryzyko ci\u0119\u017ckiej depresji oddechowej, \u015bpi\u0105czki i \u015bmierci.<br \/>\n    <\/em>   <strong>Monoamine Oxidase Inhibitors (MAOIs):<\/strong> Stosowanie oksykodonu z MAOI mo\u017ce prowadzi\u0107 do ci\u0119\u017ckich i potencjalnie \u015bmiertelnych reakcji.<br \/>\n    <em>   <strong>Inne leki przeciwb\u00f3lowe opioidowe:<\/strong> Stosowanie oksykodonu z innymi opioidowymi lekami przeciwb\u00f3lowymi mo\u017ce zwi\u0119kszy\u0107 ryzyko dzia\u0142a\u0144 niepo\u017c\u0105danych.<br \/>\n<\/em>   <strong>Ci\u0105\u017ca i karmienie piersi\u0105:<\/strong> Oksykodon mo\u017ce stanowi\u0107 zagro\u017cenie dla nienarodzonego dziecka lub karmi\u0105cego niemowl\u0119cia. Je\u015bli jeste\u015b w ci\u0105\u017cy, planujesz zaj\u015b\u0107 w ci\u0105\u017c\u0119 lub karmisz piersi\u0105, przed u\u017cyciem oksykodonu 15 mg skonsultuj si\u0119 z lekarzem.<br \/>\n<em>   <strong>Prowadzenie pojazd\u00f3w i obs\u0142uga maszyn:<\/strong> Ze wzgl\u0119du na mo\u017cliwo\u015b\u0107 powodowania senno\u015bci i zaburze\u0144 oceny, unikania prowadzenia pojazd\u00f3w, obs\u0142ugi ci\u0119\u017ckich maszyn lub wykonywania jakichkolwiek niebezpiecznych czynno\u015bci, kt\u00f3re wymagaj\u0105 czujno\u015bci podczas przyjmowania oksykodonu 15 mg.<br \/>\n<\/em>   <strong>Sk\u0142adowanie:<\/strong> Przechowuj oksykodon 15 mg w temperaturze pokojowej, z dala od \u015bwiat\u0142a i wilgoci oraz poza zasi\u0119giem dzieci i zwierz\u0105t domowych.<\/p>\n<p><strong>Dlaczego warto wybra\u0107 nas dla oksykodonu 15mg na sprzeda\u017c szybko online?<\/strong><\/p>\n<p>Jeste\u015bmy czym\u015b wi\u0119cej ni\u017c tylko aptek\u0105 internetow\u0105; Jeste\u015bmy Twoim zaufanym partnerem w zarz\u0105dzaniu Twoimi potrzebami zdrowotnymi. Nasze zobowi\u0105zanie wykracza poza dostarczanie lek\u00f3w; Obejmuje oferowanie doskona\u0142ej obs\u0142ugi klienta.<\/p>\n<p><em>   <strong>Reputacja i niezawodno\u015b\u0107:<\/strong> Nasza ugruntowana obecno\u015b\u0107 na internetowym rynku farmaceutycznym \u015bwiadczy o naszej uczciwo\u015bci i zaanga\u017cowaniu w jako\u015b\u0107. Pozyskujemy nasze leki od zaufanych producent\u00f3w, zapewniaj\u0105c, \u017ce otrzymujesz oryginalne i skuteczne produkty.<br \/>\n<\/em>   <strong>Bezpieczna platforma:<\/strong> Twoje bezpiecze\u0144stwo online jest najwa\u017cniejsze. Nasza strona internetowa wykorzystuje solidne \u015brodki bezpiecze\u0144stwa, aby chroni\u0107 Twoje dane osobowe i finansowe podczas ka\u017cdej transakcji.<br \/>\n<em>   <strong>Szeroki asortyment produkt\u00f3w:<\/strong> Opr\u00f3cz oksykodonu 15 mg, oferujemy kompleksowy wyb\u00f3r lek\u00f3w na recept\u0119 i bez recepty, aby zaspokoi\u0107 szeroki zakres problem\u00f3w zdrowotnych.<br \/>\n<\/em>   <strong>Obs\u0142uga klienta:<\/strong> Nasz dedykowany zesp\u00f3\u0142 obs\u0142ugi klienta jest dost\u0119pny, aby odpowiedzie\u0107 na Twoje pytania i zapewni\u0107 pomoc przy sk\u0142adaniu zam\u00f3wie\u0144. Jeste\u015bmy tutaj, aby zapewni\u0107, \u017ce Twoje do\u015bwiadczenie jest tak p\u0142ynne i bezstresowe, jak to tylko mo\u017cliwe.<br \/>\n*   <strong>Seamless European Delivery:<\/strong> Specjalizujemy si\u0119 w dyskretnej i sprawnej wysy\u0142ce do Europy i Wielkiej Brytanii, w tym Hiszpanii, W\u0142och, Niemiec, Holandii i Polski. Twoje zam\u00f3wienie dotrze szybko i bezpiecznie.<\/p>\n<p>Kiedy szukasz oksykodonu 15mg na sprzeda\u017c szybko online, pami\u0119taj, \u017ce wyb\u00f3r ma znaczenie. Wybierz dostawc\u0119, kt\u00f3ry traktuje priorytetowo Twoje zdrowie, prywatno\u015b\u0107 i wygod\u0119. Jeste\u015bmy tym dostawc\u0105, zajmuj\u0105cym si\u0119 dostarczaniem wysokiej jako\u015bci rozwi\u0105za\u0144 przeciwb\u00f3lowych z szybko\u015bci\u0105 i dyskrecj\u0105. Do\u015bwiadcz r\u00f3\u017cnicy, jak\u0105 mo\u017ce zrobi\u0107 niezawodna i godna zaufania apteka internetowa. Zam\u00f3w oksykodon 15 mg ju\u017c dzi\u015b i zr\u00f3b pierwszy krok w kierunku skutecznego leczenia b\u00f3lu. Twoje dobre samopoczucie jest naszym priorytetem, a my jeste\u015bmy tutaj, aby Ci s\u0142u\u017cy\u0107.<\/p>","protected":false},"excerpt":{"rendered":"<p>Potrzebujesz oksykodonu 15mg szybko i dyskretnie? Jeste\u015b we w\u0142a\u015bciwym miejscu! Oferujemy oryginalny oksykodon 15 mg na sprzeda\u017c online z szybk\u0105 i niezawodn\u0105 wysy\u0142k\u0105 bezpo\u015brednio do twoich drzwi. Uzyskaj ulg\u0119, kt\u00f3rej potrzebujesz, bez k\u0142opot\u00f3w z odwiedzaniem sklepu fizycznego. Zam\u00f3w teraz i poznaj nasz\u0105 zaufan\u0105, sprawn\u0105 obs\u0142ug\u0119.<\/p>","protected":false},"featured_media":9773,"template":"","meta":[],"product_brand":[],"product_cat":[352],"product_tag":[1231,1026,867,883,1245,800,1246,1248,1247],"class_list":{"0":"post-9732","1":"product","2":"type-product","3":"status-publish","4":"has-post-thumbnail","6":"product_cat-oxycodon","7":"product_tag-buy-oxycodone-online","8":"product_tag-discreet-delivery","9":"product_tag-european-pharmacy","10":"product_tag-fast-online-pharmacy","11":"product_tag-oxycodone-15mg-for-sale","12":"product_tag-pain-relief-medication","13":"product_tag-reliable-opioid-source","14":"product_tag-strong-painkiller","15":"product_tag-uk-medication","17":"first","18":"instock","19":"shipping-taxable","20":"purchasable","21":"product-type-variable"},"_links":{"self":[{"href":"https:\/\/capsovia.com\/pl\/wp-json\/wp\/v2\/product\/9732","targetHints":{"allow":["GET"]}}],"collection":[{"href":"https:\/\/capsovia.com\/pl\/wp-json\/wp\/v2\/product"}],"about":[{"href":"https:\/\/capsovia.com\/pl\/wp-json\/wp\/v2\/types\/product"}],"version-history":[{"count":0,"href":"https:\/\/capsovia.com\/pl\/wp-json\/wp\/v2\/product\/9732\/revisions"}],"wp:featuredmedia":[{"embeddable":true,"href":"https:\/\/capsovia.com\/pl\/wp-json\/wp\/v2\/media\/9773"}],"wp:attachment":[{"href":"https:\/\/capsovia.com\/pl\/wp-json\/wp\/v2\/media?parent=9732"}],"wp:term":[{"taxonomy":"product_brand","embeddable":true,"href":"https:\/\/capsovia.com\/pl\/wp-json\/wp\/v2\/product_brand?post=9732"},{"taxonomy":"product_cat","embeddable":true,"href":"https:\/\/capsovia.com\/pl\/wp-json\/wp\/v2\/product_cat?post=9732"},{"taxonomy":"product_tag","embeddable":true,"href":"https:\/\/capsovia.com\/pl\/wp-json\/wp\/v2\/product_tag?post=9732"}],"curies":[{"name":"wp","href":"https:\/\/api.w.org\/{rel}","templated":true}]}}