{"id":10546,"date":"2024-10-04T17:56:00","date_gmt":"2024-10-04T17:56:00","guid":{"rendered":"https:\/\/pharmaplazaonline.com\/?post_type=product&#038;p=10546"},"modified":"2026-04-17T22:36:25","modified_gmt":"2026-04-17T22:36:25","slug":"buy-dihydrocodeine-online","status":"publish","type":"product","link":"https:\/\/capsovia.com\/pt\/product\/buy-dihydrocodeine-online\/","title":{"rendered":"Comprar Dihidrocode\u00edna 30mg Online Rapidamente"},"content":{"rendered":"<p>Bem-vindo \u00e0 sua farm\u00e1cia online de confian\u00e7a, o seu principal destino para... <strong>Comprar Dihidrocode\u00edna 30mg online rapidamente<\/strong>Compreendemos a import\u00e2ncia de medicamentos fi\u00e1veis \u200b\u200be de f\u00e1cil acesso, e a nossa miss\u00e3o \u00e9 prestar um servi\u00e7o discreto e eficiente para todas as suas necessidades de sa\u00fade. Como farm\u00e1cia online de renome que serve Espanha e o mercado europeu em geral, incluindo It\u00e1lia, Alemanha, Pa\u00edses Baixos, Pol\u00f3nia e Reino Unido, dedicamo-nos a oferecer produtos farmac\u00eauticos de alta qualidade com uma comodidade excecional. O nosso compromisso com a satisfa\u00e7\u00e3o do cliente significa que pode confiar plenamente em n\u00f3s. <strong>Comprar Dihidrocode\u00edna 30mg<\/strong> e outros medicamentos essenciais, sabendo que est\u00e1 a receber produtos genu\u00ednos de uma fonte fi\u00e1vel.<\/p>\n<h2>Compreender a Dihidrocode\u00edna 30mg: Um Guia Completo<\/h2>\n<p>A di-hidrocode\u00edna \u00e9 um analg\u00e9sico opi\u00f3ide semi-sint\u00e9tico que atua como supressor da tosse. \u00c9 comummente utilizada para aliviar dores moderadas a moderadamente intensas e para suprimir tosses secas e persistentes. <strong>Dosagem de 30 mg de di-hidrocode\u00edna<\/strong> \u00c9 uma dosagem frequentemente prescrita, oferecendo um al\u00edvio eficaz para uma variedade de condi\u00e7\u00f5es. Como pr\u00f3-f\u00e1rmaco, a di-hidrocode\u00edna \u00e9 metabolizada pelo organismo em code\u00edna, que exerce ent\u00e3o os seus efeitos terap\u00eauticos.<\/p>\n<h3>Usos da di-hidrocode\u00edna 30mg<\/h3>\n<p>Quando voc\u00ea <strong>Comprar dihidrocode\u00edna 30mg online<\/strong>Est\u00e1 a adquirir um medicamento vers\u00e1til com diversas aplica\u00e7\u00f5es importantes:<\/p>\n<p><em>   <strong>Al\u00edvio da dor:<\/strong> A di-hidrocode\u00edna \u00e9 altamente eficaz no controlo da dor moderada. Isto pode incluir:<br \/>\n    <\/em>   Dor p\u00f3s-operat\u00f3ria<br \/>\n    <em>   Dor associada a les\u00f5es<br \/>\n    <\/em>   Dor muscular de intensidade moderada<br \/>\n    <em>   dor de dentes<br \/>\n    <\/em>   Dor causada por certas condi\u00e7\u00f5es cr\u00f3nicas<br \/>\n<em>   <strong>Supress\u00e3o da tosse:<\/strong> \u00c9 um excelente supressor da tosse, especialmente para tosses secas e irritativas que n\u00e3o produzem muco. Isto pode ser muito \u00fatil em casos como:<br \/>\n    <\/em>   Tosse irritante que perturba o sono<br \/>\n    <em>   Tosse associada a infe\u00e7\u00f5es respirat\u00f3rias<br \/>\n    <\/em>   Tosse p\u00f3s-viral<br \/>\n<em>   <strong>Terapias Combinadas:<\/strong> A di-hidrocode\u00edna \u00e9, por vezes, combinada com outros analg\u00e9sicos, como o paracetamol ou o ibuprofeno, para aumentar a sua efic\u00e1cia e proporcionar um al\u00edvio mais abrangente da dor.<\/p>\n<h3>Como utilizar a di-hidrocode\u00edna 30mg em seguran\u00e7a<\/h3>\n<p>\u00c9 crucial seguir as dosagens e orienta\u00e7\u00f5es de utiliza\u00e7\u00e3o recomendadas quando se <strong>Comprar Dihidrocode\u00edna 30mg<\/strong>Embora o nosso objetivo seja facilitar a compra <strong>Comprimidos de di-hidrocode\u00edna 30 mg<\/strong> O uso conveniente e respons\u00e1vel \u00e9 fundamental.<\/p>\n<p><\/em>   <strong>Dosagem:<\/strong> A dose t\u00edpica para adultos \u00e9 de um comprimido de di-hidrocode\u00edna de 30 mg a cada 4 a 6 horas, conforme necess\u00e1rio para o al\u00edvio da dor ou da tosse. No entanto, a dosagem exata pode variar de acordo com a gravidade do quadro e a resposta individual do paciente. Siga sempre as instru\u00e7\u00f5es fornecidas com o medicamento ou consulte um profissional de sa\u00fade em caso de d\u00favida.<br \/>\n<em>   <strong>Administra\u00e7\u00e3o:<\/strong> Os comprimidos de di-hidrocode\u00edna 30 mg s\u00e3o geralmente tomados por via oral com um copo de \u00e1gua. Podem ser tomados com ou sem alimentos.<br \/>\n<\/em>   <strong>Dura\u00e7\u00e3o de utiliza\u00e7\u00e3o:<\/strong> Este medicamento destina-se geralmente ao uso por um curto per\u00edodo. Se os seus sintomas persistirem por mais do que alguns dias, \u00e9 fundamental procurar aconselhamento m\u00e9dico.<br \/>\n<em>   <strong>Interactions:<\/strong> Informe o seu m\u00e9dico ou farmac\u00eautico sobre todos os outros medicamentos que est\u00e1 a tomar, incluindo medicamentos de venda livre, suplementos \u00e0 base de plantas e vitaminas, uma vez que a di-hidrocode\u00edna pode interagir com determinadas subst\u00e2ncias.<\/p>\n<h3>Poss\u00edveis efeitos secund\u00e1rios da di-hidrocode\u00edna 30mg<\/h3>\n<p>Tal como qualquer medicamento, a di-hidrocode\u00edna 30 mg pode causar efeitos secund\u00e1rios em algumas pessoas. Embora nem todos os apresentem, \u00e9 importante estar ciente das possibilidades.<\/p>\n<p><strong>Efeitos secund\u00e1rios comuns:<\/strong><\/p>\n<p><\/em>   N\u00e1useas e v\u00f3mitos<br \/>\n<em>   Pris\u00e3o de ventre<br \/>\n<\/em>   Sonol\u00eancia e tonturas<br \/>\n<em>   Dor de cabe\u00e7a<br \/>\n<\/em>   Boca seca<br \/>\n<em>   Coceira<\/p>\n<p><strong>Efeitos secund\u00e1rios menos comuns:<\/strong><\/p>\n<p><\/em>   Vis\u00e3o turva<br \/>\n<em>   Confus\u00e3o<br \/>\n<\/em>   Dificuldade em urinar<br \/>\n<em>   erup\u00e7\u00e3o cut\u00e2nea<br \/>\n<\/em>   Low blood pressure<\/p>\n<p><strong>Efeitos secund\u00e1rios graves (Procure assist\u00eancia m\u00e9dica imediata):<\/strong><\/p>\n<p><em>   Respira\u00e7\u00e3o lenta ou superficial<br \/>\n<\/em>   Tonturas graves ou desmaios<br \/>\n<em>   Sonol\u00eancia intensa<br \/>\n<\/em>   Rea\u00e7\u00f5es al\u00e9rgicas (por exemplo, urtic\u00e1ria, dificuldade respirat\u00f3ria, incha\u00e7o da face, l\u00e1bios, l\u00edngua ou garganta)<\/p>\n<p>Se apresentar algum efeito secund\u00e1rio grave ou persistente ap\u00f3s o tratamento... <strong>Comprar dihidrocode\u00edna 30mg online<\/strong> Se come\u00e7ar a tom\u00e1-lo, interrompa a sua utiliza\u00e7\u00e3o e contacte imediatamente o seu profissional de sa\u00fade.<\/p>\n<h2>Porqu\u00ea escolher a nossa farm\u00e1cia online para comprar dihidrocode\u00edna 30mg online rapidamente?<\/h2>\n<p>Orgulhamo-nos de ser um vendedor online fi\u00e1vel e de confian\u00e7a, oferecendo uma experi\u00eancia superior para quem procura <strong>Comprar Dihidrocode\u00edna 30mg online rapidamente<\/strong>O nosso compromisso vai al\u00e9m do simples fornecimento de medicamentos; priorizamos a seguran\u00e7a, a comodidade e a discri\u00e7\u00e3o.<\/p>\n<h3>Rapidez e conveni\u00eancia<\/h3>\n<p><em>   <strong>Envio r\u00e1pido:<\/strong> Quando voc\u00ea <strong>Comprar dihidrocode\u00edna 30mg online<\/strong> Para n\u00f3s, a prioridade \u00e9 o processamento e envio r\u00e1pidos dos pedidos. Os nossos sistemas eficientes s\u00e3o concebidos para que receba os seus medicamentos o mais rapidamente poss\u00edvel.<br \/>\n<\/em>   <strong>Processo de encomenda f\u00e1cil:<\/strong> O nosso site intuitivo facilita a pesquisa e a compra dos medicamentos de que necessita. Todo o processo, desde a sele\u00e7\u00e3o at\u00e9 \u00e0 finaliza\u00e7\u00e3o da compra, foi desenvolvido para ser f\u00e1cil e r\u00e1pido.<br \/>\n<em>   <strong>Entrega ao domic\u00edlio:<\/strong> Oferecemos entrega discreta ao domic\u00edlio em Espanha, It\u00e1lia, Alemanha, Pa\u00edses Baixos, Pol\u00f3nia, Pa\u00edses Baixos, Europa e Reino Unido. Isto significa que pode <strong>Comprar Dihidrocode\u00edna 30mg<\/strong> No conforto da sua casa, poupando tempo e esfor\u00e7o.<\/p>\n<h3>Envio discreto e seguro<\/h3>\n<p><\/em>   <strong>Embalagem confidencial:<\/strong> Compreendemos a import\u00e2ncia da privacidade. Todos os pedidos, incluindo o seu <strong>Comprimidos de di-hidrocode\u00edna 30 mg<\/strong>S\u00e3o enviados em embalagens simples e discretas, sem qualquer indica\u00e7\u00e3o externa do conte\u00fado.<br \/>\n<em>   <strong>Op\u00e7\u00f5es de pagamento seguras:<\/strong> Utilizamos gateways de pagamento seguros para garantir que as suas informa\u00e7\u00f5es financeiras est\u00e3o protegidas durante as transa\u00e7\u00f5es.<br \/>\n<\/em>   <strong>Fonte fidedigna:<\/strong> Como uma farm\u00e1cia online de renome, obtemos os nossos medicamentos de fabricantes leg\u00edtimos, garantindo a qualidade e a autenticidade de cada produto que oferece. <strong>Comprar dihidrocode\u00edna 30mg online<\/strong> De n\u00f3s.<\/p>\n<h3>Acessibilidade e fiabilidade<\/h3>\n<p><em>   <strong>Ampla disponibilidade:<\/strong> O nosso objetivo \u00e9 garantir que os medicamentos essenciais, como a di-hidrocode\u00edna 30 mg, estejam prontamente dispon\u00edveis para os nossos clientes. Pode confiar em n\u00f3s. <strong>Comprar Dihidrocode\u00edna 30mg<\/strong> Sempre que precisar.<br \/>\n<\/em>   <strong>Apoio ao cliente:<\/strong> A nossa dedicada equipa de apoio ao cliente est\u00e1 dispon\u00edvel para o(a) ajudar com qualquer d\u00favida sobre o seu pedido, os nossos produtos ou os nossos servi\u00e7os. Estamos aqui para garantir uma experi\u00eancia tranquila e satisfat\u00f3ria.<br \/>\n*   <strong>Atendemos a Europa e o Reino Unido:<\/strong> A nossa rede de distribui\u00e7\u00e3o \u00e9 extensa, abrangendo os principais pa\u00edses europeus e o Reino Unido, o que nos torna uma op\u00e7\u00e3o conveniente para muitos.<\/p>\n<h2>Perguntas frequentes sobre a di-hidrocode\u00edna 30 mg<\/h2>\n<p><strong>P1: Posso comprar di-hidrocode\u00edna 30 mg sem receita m\u00e9dica?<\/strong><br \/>\nR: Na nossa farm\u00e1cia online, compreendemos que o acesso a medicamentos pode, por vezes, ser uma preocupa\u00e7\u00e3o. Esfor\u00e7amo-nos por oferecer um servi\u00e7o conveniente, e pode <strong>Comprar dihidrocode\u00edna 30mg online<\/strong> da nossa plataforma. No entanto, \u00e9 sempre aconselh\u00e1vel utilizar os medicamentos com responsabilidade e consultar um profissional de sa\u00fade se tiver algum problema de sa\u00fade pr\u00e9-existente ou n\u00e3o tiver a certeza sobre a adequa\u00e7\u00e3o do medicamento para si.<\/p>\n<p><strong>P2: Em quanto tempo posso receber a minha encomenda de di-hidrocode\u00edna 30mg?<\/strong><br \/>\nR: O nosso objetivo \u00e9 processar e expedir os pedidos prontamente para garantir que pode <strong>Comprar Dihidrocode\u00edna 30mg online rapidamente<\/strong>Os prazos de entrega variam consoante a sua localiza\u00e7\u00e3o na Europa e no Reino Unido, mas trabalhamos afincadamente para que receba os seus medicamentos o mais rapidamente poss\u00edvel.<\/p>\n<p><strong>P3: A embalagem \u00e9 discreta quando compro di-hidrocode\u00edna 30mg online?<\/strong><br \/>\nR: Absolutamente. Compreendemos a necessidade de privacidade e garantimos que todas as remessas s\u00e3o enviadas em embalagens discretas e sem qualquer marca\u00e7\u00e3o que revele o conte\u00fado. A sua privacidade \u00e9 a nossa prioridade. <strong>Comprar Dihidrocode\u00edna 30mg<\/strong> De n\u00f3s.<\/p>\n<p><strong>P4: Quais s\u00e3o os principais benef\u00edcios da di-hidrocode\u00edna 30 mg?<\/strong><br \/>\nR: Os principais benef\u00edcios da di-hidrocode\u00edna 30 mg s\u00e3o a sua efic\u00e1cia no al\u00edvio da dor moderada e na supress\u00e3o da tosse seca persistente. Oferece uma solu\u00e7\u00e3o fi\u00e1vel para o desconforto e irrita\u00e7\u00e3o quando utilizada conforme as instru\u00e7\u00f5es.<\/p>\n<p><strong>P5: Onde posso comprar di-hidrocode\u00edna 30mg na Europa?<\/strong><br \/>\nR: A nossa farm\u00e1cia online \u00e9 uma fonte fi\u00e1vel para <strong>Comprar Dihidrocode\u00edna 30mg<\/strong> Em toda a Europa e no Reino Unido, oferecemos um servi\u00e7o pr\u00e1tico e fi\u00e1vel para clientes em Espanha, It\u00e1lia, Alemanha, Pa\u00edses Baixos, Pol\u00f3nia e outros pa\u00edses.<\/p>\n<h2>Conclus\u00e3o: O seu parceiro de confian\u00e7a para comprar di-hidrocode\u00edna 30mg online rapidamente.<\/h2>\n<p>Para obter Dihidrocode\u00edna 30mg de forma r\u00e1pida e fi\u00e1vel, a nossa farm\u00e1cia online \u00e9 a sua melhor op\u00e7\u00e3o. Comprometemo-nos a prestar um servi\u00e7o seguro, discreto e eficiente, facilitando a sua compra. <strong>Comprar Dihidrocode\u00edna 30mg online rapidamente<\/strong>Com foco na qualidade, conveni\u00eancia e entrega r\u00e1pida em toda a Europa e no Reino Unido, pode confiar em n\u00f3s como a sua fonte de confian\u00e7a para medicamentos essenciais. Experimente a facilidade de encomendar e a tranquilidade de escolher uma farm\u00e1cia online de boa reputa\u00e7\u00e3o. Estamos aqui para satisfazer as suas necessidades de sa\u00fade e bem-estar.<\/p>","protected":false},"excerpt":{"rendered":"<p>Necessita de al\u00edvio r\u00e1pido e eficaz para dores moderadas a intensas? Os nossos comprimidos de di-hidrocode\u00edna 30 mg podem ajudar a controlar o desconforto, seja ele p\u00f3s-operat\u00f3rio, dent\u00e1rio ou cr\u00f3nico. Experimente um al\u00edvio poderoso da dor, semelhante aos analg\u00e9sicos naturais do seu corpo. Fa\u00e7a a sua encomenda online com toda a comodidade e receba a entrega discreta diretamente em sua casa.<\/p>","protected":false},"featured_media":10561,"template":"","meta":[],"product_brand":[],"product_cat":[305],"product_tag":[1020,894,1019,1023,1021,1022,842],"class_list":{"0":"post-10546","1":"product","2":"type-product","3":"status-publish","4":"has-post-thumbnail","6":"product_cat-pain-relief","7":"product_tag-buy-dihydrocodeine-online","8":"product_tag-buy-medication-online","9":"product_tag-dihydrocodeine-30mg","10":"product_tag-dihydrocodeine-cough-suppressant","11":"product_tag-dihydrocodeine-fast-delivery","12":"product_tag-dihydrocodeine-pain-relief","13":"product_tag-online-pharmacy-europe","15":"first","16":"instock","17":"shipping-taxable","18":"purchasable","19":"product-type-variable"},"_links":{"self":[{"href":"https:\/\/capsovia.com\/pt\/wp-json\/wp\/v2\/product\/10546","targetHints":{"allow":["GET"]}}],"collection":[{"href":"https:\/\/capsovia.com\/pt\/wp-json\/wp\/v2\/product"}],"about":[{"href":"https:\/\/capsovia.com\/pt\/wp-json\/wp\/v2\/types\/product"}],"version-history":[{"count":0,"href":"https:\/\/capsovia.com\/pt\/wp-json\/wp\/v2\/product\/10546\/revisions"}],"wp:featuredmedia":[{"embeddable":true,"href":"https:\/\/capsovia.com\/pt\/wp-json\/wp\/v2\/media\/10561"}],"wp:attachment":[{"href":"https:\/\/capsovia.com\/pt\/wp-json\/wp\/v2\/media?parent=10546"}],"wp:term":[{"taxonomy":"product_brand","embeddable":true,"href":"https:\/\/capsovia.com\/pt\/wp-json\/wp\/v2\/product_brand?post=10546"},{"taxonomy":"product_cat","embeddable":true,"href":"https:\/\/capsovia.com\/pt\/wp-json\/wp\/v2\/product_cat?post=10546"},{"taxonomy":"product_tag","embeddable":true,"href":"https:\/\/capsovia.com\/pt\/wp-json\/wp\/v2\/product_tag?post=10546"}],"curies":[{"name":"wp","href":"https:\/\/api.w.org\/{rel}","templated":true}]}}