{"id":10552,"date":"2024-10-04T17:56:00","date_gmt":"2024-10-04T17:56:00","guid":{"rendered":"https:\/\/pharmaplazaonline.com\/?post_type=product&#038;p=10552"},"modified":"2026-04-17T22:36:46","modified_gmt":"2026-04-17T22:36:46","slug":"dihydrocodeine-30mg","status":"publish","type":"product","link":"https:\/\/capsovia.com\/pt\/product\/dihydrocodeine-30mg\/","title":{"rendered":"Comprar comprimidos de di-hidrocode\u00edna 30 mg online no Reino Unido."},"content":{"rendered":"<h2>Compre comprimidos de di-hidrocode\u00edna 30mg on-line Reino Unido: al\u00edvio eficaz da dor entregue discretamente<\/h2>\n<p>Voc\u00ea est\u00e1 procurando uma maneira confi\u00e1vel e conveniente de <strong>comprar dihydrocodeine 30mg comprimidos online uk<\/strong>? N\u00e3o procure mais. Como uma farm\u00e1cia on-line respeit\u00e1vel que atende a Europa, entendemos a necessidade de medicamentos acess\u00edveis e discretos. Oferecemos uma solu\u00e7\u00e3o confi\u00e1vel para obter seus comprimidos de di-hidrocode\u00edna 30mg sem o inc\u00f4modo de prescri\u00e7\u00f5es tradicionais, garantindo a entrega imediata em toda a Espanha, It\u00e1lia, Alemanha, Holanda, Pol\u00f4nia e Reino Unido. Nosso compromisso \u00e9 fornecer comprimidos genu\u00ednos e de alta qualidade de di-hidrocode\u00edna 30mg, tornando-nos sua fonte para um tratamento eficaz da dor.<\/p>\n<p>A dihidrocode\u00edna \u00e9 um potente analg\u00e9sico opi\u00f3ide que funciona alterando a maneira como seu c\u00e9rebro e sistema nervoso respondem \u00e0 dor. \u00c9 particularmente eficaz para dor moderada a intensa que n\u00e3o responde a outros analg\u00e9sicos. Quando voc\u00ea <strong>comprar dihydrocodeine 30mg comprimidos online uk<\/strong> De n\u00f3s, voc\u00ea est\u00e1 escolhendo um produto conhecido por sua efic\u00e1cia na gest\u00e3o do desconforto e na melhoria da qualidade de vida.<\/p>\n<h3>Entendendo a dihidrocode\u00edna 30mg: o que voc\u00ea precisa saber<\/h3>\n<p>A dihidrocode\u00edna \u00e9 um opi\u00f3ide semi-sint\u00e9tico derivado da code\u00edna. Sua a\u00e7\u00e3o farmacol\u00f3gica \u00e9 mediada principalmente pela liga\u00e7\u00e3o aos receptores mu-opi\u00f3ides no sistema nervoso central. Essa liga\u00e7\u00e3o inicia uma cascata de eventos que, em \u00faltima an\u00e1lise, inibe a transmiss\u00e3o de sinais de dor da periferia para o c\u00e9rebro e tamb\u00e9m altera a percep\u00e7\u00e3o da dor. Para indiv\u00edduos com dor intensa ou persistente, a di-hidrocode\u00edna 30mg oferece uma poderosa op\u00e7\u00e3o terap\u00eautica.<\/p>\n<p><strong>Especifica\u00e7\u00f5es principais dos comprimidos de di-hidrocode\u00edna 30mg:<\/strong><\/p>\n<p><em>   <strong>Ingrediente ativo:<\/strong> Tartarato de di-hidrocode\u00edna<br \/>\n<\/em>   <strong>For\u00e7a:<\/strong> 30mg por comprimido<br \/>\n<em>   <strong>Forma:<\/strong> comprimido oral<br \/>\n<\/em>   <strong>classe:<\/strong> Opioid Analgesic<\/p>\n<p>Quando decidir <strong>comprar dihydrocodeine 30mg comprimidos online uk<\/strong>, voc\u00ea pode ter certeza de receber um produto fabricado de acordo com os rigorosos padr\u00f5es farmac\u00eauticos. Cada comprimido cont\u00e9m exatamente 30 mg do ingrediente ativo, garantindo um al\u00edvio consistente e confi\u00e1vel da dor em cada dose.<\/p>\n<h3>Usos eficazes de comprimidos de di-hidrocode\u00edna 30mg<\/h3>\n<p>A dihidrocode\u00edna 30mg \u00e9 frequentemente prescrita ou recomendada para o tratamento de v\u00e1rios tipos de dor. Sua efic\u00e1cia torna uma ferramenta valiosa para indiv\u00edduos que sofrem de condi\u00e7\u00f5es como:<\/p>\n<p><em>   <strong>Dor p\u00f3s-operat\u00f3ria:<\/strong> Ap\u00f3s os procedimentos cir\u00fargicos, a di-hidrocode\u00edna 30mg pode fornecer al\u00edvio muito necess\u00e1rio da dor cir\u00fargica.<br \/>\n<\/em>   <strong>Dor cr\u00f4nica moderada a grave:<\/strong> Condi\u00e7\u00f5es como dor cr\u00f4nica nas costas, artrite ou dor neurop\u00e1tica que impactam significativamente a vida di\u00e1ria podem ser controladas com este medicamento.<br \/>\n<em>   <strong>Dor oncol\u00f3gica:<\/strong> Para pacientes com dor associada ao c\u00e2ncer, a di-hidrocode\u00edna 30mg pode oferecer um conforto substancial.<br \/>\n<\/em>   <strong>Dores de cabe\u00e7a severas e enxaquecas:<\/strong> Em alguns casos, a di-hidrocode\u00edna 30mg pode ser eficaz para aliviar a intensidade de fortes dores de cabe\u00e7a e enxaquecas.<br \/>\n<em>   <strong>Dor ap\u00f3s les\u00f5es:<\/strong> A dor aguda resultante de fraturas, entorses ou outras les\u00f5es pode ser tratada de forma eficaz.<\/p>\n<p>escolhendo <strong>comprar dihydrocodeine 30mg comprimidos online uk<\/strong>, voc\u00ea est\u00e1 optando por uma solu\u00e7\u00e3o vers\u00e1til de gerenciamento da dor que pode atender a um amplo espectro de condi\u00e7\u00f5es dolorosas.<\/p>\n<h3>Dosagem e administra\u00e7\u00e3o: como tomar di-hidrocode\u00edna de forma eficaz<\/h3>\n<p>A dosagem e a administra\u00e7\u00e3o adequadas s\u00e3o cruciais para maximizar os benef\u00edcios da di-hidrocode\u00edna 30mg, minimizando os riscos potenciais. \u00c9 essencial seguir as orienta\u00e7\u00f5es recomendadas.<\/p>\n<p><strong>Diretrizes gerais para dosagem (consulte sempre o seu m\u00e9dico ou consulte o folheto informativo do paciente):<\/strong><\/p>\n<p><\/em>   <strong>Adultos:<\/strong> Normalmente, um comprimido de di-hidrocode\u00edna 30mg \u00e9 tomado a cada 4 a 6 horas, conforme necess\u00e1rio para a dor.<br \/>\n<em>   <strong>Maximum Daily Dose:<\/strong> N\u00e3o exceda a dose di\u00e1ria m\u00e1xima recomendada, conforme recomendado pelo seu profissional de sa\u00fade ou indicado na literatura do produto. Isso \u00e9 crucial para evitar o risco de overdose e depend\u00eancia.<br \/>\n<\/em>   <strong>Administra\u00e7\u00e3o:<\/strong> Os comprimidos de dihidrocode\u00edna devem ser engolidos inteiros com \u00e1gua. Eles podem ser tomados com ou sem alimentos. Se voc\u00ea sentir dor de est\u00f4mago, tom\u00e1-los com comida pode ajudar.<\/p>\n<p><strong>Considera\u00e7\u00f5es importantes:<\/strong><\/p>\n<p><em>   <strong>Necessidades individuais:<\/strong> Os requisitos de dosagem podem variar de acordo com a gravidade da dor e a resposta individual.<br \/>\n<\/em>   <strong>Dura\u00e7\u00e3o de utiliza\u00e7\u00e3o:<\/strong> A di-hidrocode\u00edna \u00e9 geralmente destinada ao uso a curto prazo para dor aguda. O uso a longo prazo deve estar sob estrita supervis\u00e3o m\u00e9dica devido ao risco de depend\u00eancia.<br \/>\n<em>   <strong>N\u00e3o esmague nem mastigue:<\/strong> Para garantir a libera\u00e7\u00e3o e absor\u00e7\u00e3o adequadas, n\u00e3o esmague, mastigue ou quebre os comprimidos.<\/p>\n<p>Quando voc\u00ea <strong>comprar dihydrocodeine 30mg comprimidos online uk<\/strong>, reserve um tempo para ler e entender o folheto informativo do paciente fornecido. Este documento cont\u00e9m instru\u00e7\u00f5es detalhadas sobre dosagem, administra\u00e7\u00e3o e avisos espec\u00edficos do medicamento.<\/p>\n<h3>Benef\u00edcios de escolher nossa farm\u00e1cia on-line para comprar comprimidos de di-hidrocode\u00edna 30mg<\/h3>\n<p>Orgulhamo-nos de ser um vendedor on-line confi\u00e1vel e confi\u00e1vel de comprimidos de di-hidrocode\u00edna 30mg. Nosso objetivo \u00e9 fornecer uma experi\u00eancia de compra perfeita e segura para nossos clientes europeus.<\/p>\n<p><strong>Principais vantagens de comprar conosco:<\/strong><\/p>\n<p><\/em>   <strong>Conveni\u00eancia:<\/strong> Pule as filas e a necessidade de uma visita de um m\u00e9dico para este item em particular. Voc\u00ea pode <strong>comprar dihydrocodeine 30mg comprimidos online uk<\/strong> do conforto da sua casa.<br \/>\n<em>   <strong>Entrega discreta:<\/strong> Entendemos a import\u00e2ncia da privacidade. Todos os pedidos s\u00e3o embalados e enviados discretamente, sem indica\u00e7\u00e3o externa do conte\u00fado. Isso se aplica a todas as nossas entregas em toda a Europa e Reino Unido.<br \/>\n<\/em>   <strong>Garantia da Qualidade:<\/strong> N\u00f3s fornecemos nossos comprimidos de di-hidrocode\u00edna 30mg de fabricantes respeit\u00e1veis, garantindo que voc\u00ea receba medicamentos genu\u00ednos e de alta qualidade.<br \/>\n<em>   <strong>Amplo alcance:<\/strong> Enviamos para Espanha, It\u00e1lia, Alemanha, Holanda, Pol\u00f4nia e Reino Unido, tornando-nos uma farm\u00e1cia on-line preferida para residentes europeus.<br \/>\n<\/em>   <strong>Pre\u00e7os competitivos:<\/strong> N\u00f3s nos esfor\u00e7amos para oferecer nossos comprimidos de di-hidrocode\u00edna 30mg a pre\u00e7os competitivos, tornando o al\u00edvio eficaz da dor mais acess\u00edvel.<br \/>\n<em>   <strong>Transa\u00e7\u00f5es online seguras:<\/strong> Nosso site emprega medidas de seguran\u00e7a robustas para proteger suas informa\u00e7\u00f5es pessoais e financeiras durante as compras online.<\/p>\n<p>Quando decidir <strong>comprar dihydrocodeine 30mg comprimidos online uk<\/strong> Em nossa plataforma segura, voc\u00ea est\u00e1 escolhendo um servi\u00e7o que prioriza seu bem-estar e privacidade.<\/p>\n<h3>Poss\u00edveis efeitos secund\u00e1rios e precau\u00e7\u00f5es<\/h3>\n<p>Como todos os medicamentos, a dihidrocode\u00edna 30mg pode causar efeitos colaterais. \u00c9 importante estar ciente disso e usar o medicamento com responsabilidade.<\/p>\n<p><strong>Common Side Effects May Include:<\/strong><\/p>\n<p><\/em>   N\u00e1useas e v\u00f3mitos<br \/>\n<em>   Pris\u00e3o de ventre<br \/>\n<\/em>   Sonol\u00eancia e tonturas<br \/>\n<em>   Dor de cabe\u00e7a<br \/>\n<\/em>   Boca seca<br \/>\n<em>   Coceira<\/p>\n<p><strong>Efeitos secund\u00e1rios menos comuns, mas mais graves:<\/strong><\/p>\n<p><\/em>   Tonturas graves ou desmaios<br \/>\n<em>   Respira\u00e7\u00e3o lenta ou respira\u00e7\u00e3o superficial<br \/>\n<\/em>   Confusion or hallucinations<br \/>\n<em>   Rea\u00e7\u00f5es al\u00e9rgicas (erup\u00e7\u00e3o cut\u00e2nea, comich\u00e3o, incha\u00e7o, tonturas graves, dificuldade respirat\u00f3ria)<br \/>\n<\/em>   Sinais de depend\u00eancia ou v\u00edcio (desejo da droga, tomando mais do que o prescrito, sintomas de abstin\u00eancia ao parar)<\/p>\n<p><strong>Precau\u00e7\u00f5es e avisos:<\/strong><\/p>\n<p><em>   <strong>\u00c1lcool:<\/strong> Evite consumir \u00e1lcool enquanto toma di-hidrocode\u00edna 30mg, pois pode intensificar a sonol\u00eancia e a tontura.<br \/>\n<\/em>   <strong>Conduzir e utilizar m\u00e1quinas:<\/strong> A dihidrocode\u00edna pode prejudicar sua capacidade de dirigir ou operar m\u00e1quinas pesadas. Evite essas atividades se sentir sonol\u00eancia ou tontura.<br \/>\n<em>   <strong>Depend\u00eancia e V\u00edcio:<\/strong> Os opi\u00f3ides como a dihidrocode\u00edna correm o risco de depend\u00eancia e depend\u00eancia, mesmo quando tomados conforme prescrito. N\u00e3o tome mais do que a dose recomendada e n\u00e3o tome por mais tempo do que o recomendado.<br \/>\n<\/em>   <strong>Condi\u00e7\u00f5es m\u00e9dicas:<\/strong> Informe o seu m\u00e9dico ou farmac\u00eautico sobre quaisquer condi\u00e7\u00f5es m\u00e9dicas pr\u00e9-existentes, especialmente problemas respirat\u00f3rios (como asma ou DPOC), doen\u00e7a hep\u00e1tica ou renal ou hist\u00f3ria de abuso de subst\u00e2ncias, antes de tomar di-hidrocode\u00edna 30mg.<br \/>\n<em>   <strong>Intera\u00e7\u00f5es com outros medicamentos:<\/strong> A dihidrocode\u00edna pode interagir com outros medicamentos, incluindo outros sedativos, tranquilizantes, p\u00edlulas para dormir, outros analg\u00e9sicos opi\u00f3ides e certos antidepressivos. Sempre divulgue todos os medicamentos que voc\u00ea est\u00e1 tomando atualmente.<br \/>\n<\/em>   <strong>Gravidez e amamenta\u00e7\u00e3o:<\/strong> Se voc\u00ea est\u00e1 gr\u00e1vida, planeja engravidar ou amamentando, consulte seu m\u00e9dico antes de usar di-hidrocode\u00edna 30mg.<\/p>\n<p>Quando voc\u00ea <strong>comprar dihydrocodeine 30mg comprimidos online uk<\/strong> Aconselhamos fortemente que voc\u00ea leia o folheto informativo sobre o paciente e consulte um profissional de sa\u00fade se tiver d\u00favidas ou quest\u00f5es relacionadas ao uso, efeitos colaterais ou intera\u00e7\u00f5es potenciais.<\/p>\n<h3>Compre com seguran\u00e7a comprimidos de di-hidrocode\u00edna 30mg online no Reino Unido hoje<\/h3>\n<p>Estamos dedicados a fornecer um servi\u00e7o seguro, confi\u00e1vel e confidencial para todas as suas necessidades de medicamentos. Se voc\u00ea est\u00e1 procurando <strong>comprar dihydrocodeine 30mg comprimidos online uk<\/strong>, nossa plataforma oferece um processo simplificado para obter este medicamento eficaz para o al\u00edvio da dor. Nosso compromisso com a qualidade, a entrega discreta e a satisfa\u00e7\u00e3o do cliente nos tornam uma farm\u00e1cia online l\u00edder para residentes na Europa e no Reino Unido. Experimente a comodidade e a tranquilidade de fazer pedidos de uma fonte confi\u00e1vel. Sua jornada para controlar a dor efetivamente come\u00e7a aqui.<\/p>","protected":false},"excerpt":{"rendered":"<p>Gerencie efetivamente a dor moderada a intensa com comprimidos de di-hidrocode\u00edna 30mg. Este analg\u00e9sico opi\u00e1ceo confi\u00e1vel funciona bloqueando os sinais de dor no c\u00e9rebro, ajudando voc\u00ea a se sentir mais confort\u00e1vel durante a recupera\u00e7\u00e3o. Simplesmente engula com \u00e1gua, idealmente com alimentos para minimizar a n\u00e1usea potencial. Experimente o al\u00edvio e volte a ficar de p\u00e9 mais cedo!<\/p>","protected":false},"featured_media":10565,"template":"","meta":[],"product_brand":[],"product_cat":[305],"product_tag":[1024,894,1019,1025,1027,1026,815,800,837],"class_list":{"0":"post-10552","1":"product","2":"type-product","3":"status-publish","4":"has-post-thumbnail","6":"product_cat-pain-relief","7":"product_tag-buy-dihydrocodeine-uk","8":"product_tag-buy-medication-online","9":"product_tag-dihydrocodeine-30mg","10":"product_tag-dihydrocodeine-online","11":"product_tag-dihydrocodeine-tartrate","12":"product_tag-discreet-delivery","13":"product_tag-opioid-analgesic","14":"product_tag-pain-relief-medication","15":"product_tag-trusted-online-pharmacy","17":"first","18":"instock","19":"shipping-taxable","20":"purchasable","21":"product-type-variable"},"_links":{"self":[{"href":"https:\/\/capsovia.com\/pt\/wp-json\/wp\/v2\/product\/10552","targetHints":{"allow":["GET"]}}],"collection":[{"href":"https:\/\/capsovia.com\/pt\/wp-json\/wp\/v2\/product"}],"about":[{"href":"https:\/\/capsovia.com\/pt\/wp-json\/wp\/v2\/types\/product"}],"version-history":[{"count":0,"href":"https:\/\/capsovia.com\/pt\/wp-json\/wp\/v2\/product\/10552\/revisions"}],"wp:featuredmedia":[{"embeddable":true,"href":"https:\/\/capsovia.com\/pt\/wp-json\/wp\/v2\/media\/10565"}],"wp:attachment":[{"href":"https:\/\/capsovia.com\/pt\/wp-json\/wp\/v2\/media?parent=10552"}],"wp:term":[{"taxonomy":"product_brand","embeddable":true,"href":"https:\/\/capsovia.com\/pt\/wp-json\/wp\/v2\/product_brand?post=10552"},{"taxonomy":"product_cat","embeddable":true,"href":"https:\/\/capsovia.com\/pt\/wp-json\/wp\/v2\/product_cat?post=10552"},{"taxonomy":"product_tag","embeddable":true,"href":"https:\/\/capsovia.com\/pt\/wp-json\/wp\/v2\/product_tag?post=10552"}],"curies":[{"name":"wp","href":"https:\/\/api.w.org\/{rel}","templated":true}]}}