{"id":10586,"date":"2024-10-04T17:56:19","date_gmt":"2024-10-04T17:56:19","guid":{"rendered":"https:\/\/pharmaplazaonline.com\/?post_type=product&#038;p=10586"},"modified":"2026-04-17T22:34:36","modified_gmt":"2026-04-17T22:34:36","slug":"comprar-ketamina-online","status":"publish","type":"product","link":"https:\/\/capsovia.com\/pt\/product\/buy-ketamine-online\/","title":{"rendered":"Comprar cetamina l\u00edquida online discretamente"},"content":{"rendered":"<h2>Comprar cetamina l\u00edquida online discretamente: a sua fonte fi\u00e1vel de cloridrato de cetamina de qualidade.<\/h2>\n<p>Bem-vindo \u00e0 nossa conceituada farm\u00e1cia online, um fornecedor fi\u00e1vel e discreto de produtos farmac\u00eauticos de alta qualidade em toda a Europa. Compreendemos a import\u00e2ncia da acessibilidade e da comodidade na hora de obter os medicamentos de que necessita. \u00c9 por isso que nos dedicamos a oferecer uma experi\u00eancia online perfeita e segura. O nosso compromisso com a satisfa\u00e7\u00e3o do cliente e a integridade dos produtos faz de n\u00f3s um vendedor online de confian\u00e7a para uma vasta gama de solu\u00e7\u00f5es de sa\u00fade. Hoje, temos o prazer de apresentar a nossa oferta para <strong>Comprar cetamina l\u00edquida online discretamente.<\/strong>, um produto cuidadosamente selecionado e rigorosamente testado, concebido para satisfazer as suas necessidades espec\u00edficas.<\/p>\n<p>Privilegiamos a sua privacidade e seguran\u00e7a acima de tudo. Quando opta por <strong>Comprar cetamina l\u00edquida online discretamente.<\/strong> Ao comprar na nossa farm\u00e1cia, tem a garantia de que a sua encomenda ser\u00e1 embalada e enviada com o m\u00e1ximo cuidado e confidencialidade. Os nossos m\u00e9todos de envio discretos asseguram que a sua compra permanece privada, chegando em seguran\u00e7a \u00e0 sua porta em qualquer lugar de Espanha, It\u00e1lia, Alemanha, Pol\u00f3nia, Holanda e outros pa\u00edses da Uni\u00e3o Europeia, bem como no Reino Unido. Se procura comprar solu\u00e7\u00e3o de cloridrato de cetamina ou simplesmente procura um fornecedor de confian\u00e7a, <strong>Comprar cetamina l\u00edquida online discretamente.<\/strong>A nossa plataforma foi concebida para oferecer um servi\u00e7o excecional.<\/p>\n<h3>Compreender a cetamina l\u00edquida: o que precisa de saber<\/h3>\n<p>A cetamina l\u00edquida, tamb\u00e9m conhecida como cloridrato de cetamina, \u00e9 um agente anest\u00e9sico dissociativo com antecedentes de utiliza\u00e7\u00e3o medicinal. \u00c9 reconhecida principalmente pelas suas propriedades anest\u00e9sicas, induzindo eficazmente um estado de transe e proporcionando al\u00edvio da dor. Para al\u00e9m das suas aplica\u00e7\u00f5es anest\u00e9sicas, a cetamina l\u00edquida tem atra\u00eddo a aten\u00e7\u00e3o pelo seu potencial no tratamento de diversas condi\u00e7\u00f5es de sa\u00fade mental, particularmente a depress\u00e3o resistente ao tratamento. Quando voc\u00ea <strong>Comprar cetamina l\u00edquida online discretamente.<\/strong> Ao adquirir connosco, est\u00e1 a comprar um produto que cumpre rigorosos padr\u00f5es de qualidade.<\/p>\n<p><strong>Especifica\u00e7\u00f5es e Pureza:<\/strong><br \/>\nA nossa cetamina l\u00edquida \u00e9 formulada de acordo com elevados padr\u00f5es farmac\u00eauticos. Garantimos que cada lote passa por rigorosos testes de controlo de qualidade para assegurar a pureza e pot\u00eancia.<\/p>\n<p><em>   <strong>Nome qu\u00edmico:<\/strong> Cloridrato de 2-(2-clorofenil)-2-(metilamino)cicloexanona<br \/>\n<\/em>   <strong>F\u00f3rmula molecular:<\/strong> C13H16ClNO \u00b7 HCl<br \/>\n<em>   <strong>Aspeto:<\/strong> \u00c9 geralmente uma solu\u00e7\u00e3o l\u00edmpida e incolor.<br \/>\n<\/em>   <strong>Concentra\u00e7\u00e3o:<\/strong> Dispon\u00edvel em v\u00e1rias concentra\u00e7\u00f5es, claramente indicadas na embalagem do produto. Consulte a p\u00e1gina espec\u00edfica do produto para obter detalhes exatos.<br \/>\n<em>   <strong>Pureza:<\/strong> O nosso cloridrato de cetamina \u00e9 de grau farmac\u00eautico, garantindo o m\u00ednimo de impurezas.<\/p>\n<p><strong>Usos da cetamina l\u00edquida:<\/strong><\/p>\n<p>As aplica\u00e7\u00f5es da cetamina l\u00edquida t\u00eam vindo a expandir-se ao longo do tempo, indo al\u00e9m do seu papel anest\u00e9sico tradicional. Ao considerar... <strong>Comprar cetamina l\u00edquida online discretamente.<\/strong>\u00c9 importante compreender os seus potenciais benef\u00edcios e utiliza\u00e7\u00f5es:<\/p>\n<p><\/em>   <strong>Anestesia:<\/strong> Historicamente, a cetamina tem sido utilizada como anest\u00e9sico de curta dura\u00e7\u00e3o, particularmente em medicina de emerg\u00eancia e pr\u00e1ticas veterin\u00e1rias, devido \u00e0 sua capacidade de proporcionar seda\u00e7\u00e3o e analgesia sem depress\u00e3o respirat\u00f3ria significativa.<br \/>\n<em>   <strong>Controlo da dor:<\/strong> Pode ser eficaz no tratamento de condi\u00e7\u00f5es de dor cr\u00f3nica, especialmente dor neurop\u00e1tica, em casos em que outros analg\u00e9sicos podem n\u00e3o ter funcionado.<br \/>\n<\/em>   <strong>Tratamento de sa\u00fade mental:<\/strong> Pesquisas recentes e a pr\u00e1tica cl\u00ednica t\u00eam destacado a efic\u00e1cia da cetamina, particularmente quando administrada em ambientes controlados, para condi\u00e7\u00f5es como:<br \/>\n    <em>   Depress\u00e3o resistente ao tratamento (DRT)<br \/>\n    <\/em>   Idea\u00e7\u00e3o suicida<br \/>\n    <em>   Perturba\u00e7\u00e3o Obsessiva-Compulsiva (POC)<br \/>\n    <\/em>   Perturba\u00e7\u00e3o de Stress P\u00f3s-Traum\u00e1tico (TEPT)<br \/>\n<em>   <strong>Objetivos da investiga\u00e7\u00e3o:<\/strong> Para investigadores qualificados, o nosso produto pode servir como um componente vital em investiga\u00e7\u00f5es cient\u00edficas.<\/p>\n<p><strong>Dosage and Administration:<\/strong><\/p>\n<p>A administra\u00e7\u00e3o e dosagem de cetamina l\u00edquida s\u00e3o cruciais e devem, idealmente, ser orientadas por profissionais de sa\u00fade, especialmente para fins terap\u00eauticos. No entanto, para aqueles que procuram <strong>Comprar cetamina l\u00edquida online discretamente.<\/strong> Para diversas necessidades justific\u00e1veis, \u00e9 importante compreender os princ\u00edpios gerais.<\/p>\n<p><\/em>   <strong>Infus\u00e3o intravenosa (IV):<\/strong> Frequentemente utilizado para anestesia, tem demonstrado resultados promissores em doses subanest\u00e9sicas para o tratamento da depress\u00e3o.<br \/>\n<em>   <strong>Inje\u00e7\u00e3o intramuscular (IM):<\/strong> Outro m\u00e9todo comum de administra\u00e7\u00e3o de medicamentos.<br \/>\n<\/em>   <strong>Administra\u00e7\u00e3o intranasal:<\/strong> Embora menos comum para as formas l\u00edquidas, \u00e9 um m\u00e9todo de administra\u00e7\u00e3o conhecido.<\/p>\n<p><strong>Nota importante:<\/strong> A posologia deve ser determinada com base na utiliza\u00e7\u00e3o espec\u00edfica pretendida, nos fatores individuais do doente e na via de administra\u00e7\u00e3o. Consulte sempre um profissional de sa\u00fade para obter orienta\u00e7\u00f5es personalizadas. Defendemos o uso respons\u00e1vel e encorajamos os utilizadores a procurar aconselhamento m\u00e9dico profissional quando consideram qualquer aplica\u00e7\u00e3o terap\u00eautica.<\/p>\n<h3>Porqu\u00ea escolher a nossa farm\u00e1cia para comprar cetamina l\u00edquida online com discri\u00e7\u00e3o?<\/h3>\n<p>No cen\u00e1rio em constante evolu\u00e7\u00e3o das farm\u00e1cias online, a escolha de um fornecedor fi\u00e1vel e id\u00f3neo \u00e9 fundamental. Quando decide... <strong>Comprar cetamina l\u00edquida online discretamente.<\/strong> Ao escolher a nossa empresa, opta por um servi\u00e7o constru\u00eddo sobre os pilares da confian\u00e7a, da qualidade e de um servi\u00e7o ao cliente excecional. Somos mais do que um simples local para... <strong>comprar medicamentos online<\/strong>Somos o seu parceiro de confian\u00e7a em sa\u00fade e bem-estar.<\/p>\n<p><strong>Compromisso com a Qualidade e a Seguran\u00e7a:<\/strong><br \/>\nEntendemos que quando se <strong>comprar solu\u00e7\u00e3o de cloridrato de cetamina<\/strong>N\u00e3o espera nada menos do que qualidade farmac\u00eautica.<\/p>\n<p><em>   <strong>Fontes:<\/strong> Selecionamos meticulosamente os nossos produtos de fabricantes de renome que seguem rigorosos padr\u00f5es internacionais de qualidade.<br \/>\n<\/em>   <strong>Testando:<\/strong> Cada lote de cetamina l\u00edquida \u00e9 submetido a rigorosos testes de controlo de qualidade para verificar a sua pureza, pot\u00eancia e seguran\u00e7a.<br \/>\n<em>   <strong>Conformidade:<\/strong> Operamos em total conformidade com os regulamentos farmac\u00eauticos europeus relevantes, garantindo que recebe produtos que cumprem os mais elevados padr\u00f5es de seguran\u00e7a.<\/p>\n<p><strong>Entrega discreta e segura:<\/strong><br \/>\nA sua privacidade \u00e9 a nossa prioridade m\u00e1xima. Quando voc\u00ea <strong>Comprar cetamina l\u00edquida online discretamente.<\/strong> Na nossa farm\u00e1cia sediada na Europa, pode esperar:<\/p>\n<p><\/em>   <strong>Embalagem confidencial:<\/strong> Todas as encomendas s\u00e3o embaladas em embalagens discretas e sem marca para garantir total privacidade. Nenhuma identifica\u00e7\u00e3o externa revelar\u00e1 o conte\u00fado da sua encomenda.<br \/>\n<em>   <strong>Envio seguro:<\/strong> Utilizamos m\u00e9todos de envio seguros e rastre\u00e1veis \u200b\u200bpara garantir que a sua encomenda lhe chega de forma segura e eficiente, quer esteja em Espanha, Alemanha, It\u00e1lia, Holanda, Pol\u00f3nia ou Reino Unido.<br \/>\n<\/em>   <strong>Entrega no prazo:<\/strong> Esfor\u00e7amo-nos para garantir uma entrega r\u00e1pida em todos os nossos mercados-alvo, pois compreendemos a import\u00e2ncia de receber a sua medica\u00e7\u00e3o sem atrasos desnecess\u00e1rios.<\/p>\n<p><strong>Plataforma online f\u00e1cil de utilizar:<\/strong><br \/>\nNavegando no nosso site para <strong>Comprar cetamina l\u00edquida online discretamente.<\/strong> Foi concebido para ser simples e intuitivo.<\/p>\n<p><em>   <strong>Fazer o pedido \u00e9 f\u00e1cil:<\/strong> O nosso sistema online seguro torna a realiza\u00e7\u00e3o de uma encomenda simples e eficiente.<br \/>\n<\/em>   <strong>Op\u00e7\u00f5es de pagamento seguras:<\/strong> Oferecemos uma variedade de m\u00e9todos de pagamento seguros para proteger as suas informa\u00e7\u00f5es financeiras.<br \/>\n<em>   <strong>Apoio ao cliente:<\/strong> A nossa equipa de suporte dedicada est\u00e1 dispon\u00edvel para responder a quaisquer perguntas que possa ter sobre os nossos produtos, processo de compra ou envio.<\/p>\n<h3>Poss\u00edveis efeitos secund\u00e1rios e precau\u00e7\u00f5es<\/h3>\n<p>Tal como qualquer produto farmac\u00eautico, a cetamina l\u00edquida pode ter efeitos secund\u00e1rios. Compreender estes efeitos \u00e9 crucial para uma utiliza\u00e7\u00e3o segura e respons\u00e1vel, especialmente se optar por... <strong>Comprar cetamina l\u00edquida online discretamente.<\/strong>.<\/p>\n<p><strong>Efeitos secund\u00e1rios comuns:<\/strong><\/p>\n<p><\/em>   Sonol\u00eancia e seda\u00e7\u00e3o<br \/>\n<em>   Tonturas e vertigens<br \/>\n<\/em>   N\u00e1useas e v\u00f3mitos<br \/>\n<em>   Aumento da frequ\u00eancia card\u00edaca e da press\u00e3o arterial (transit\u00f3rio)<br \/>\n<\/em>   Perturba\u00e7\u00f5es visuais (ex.: vis\u00e3o turva)<\/p>\n<p><strong>Efeitos secund\u00e1rios menos comuns, mas graves:<\/strong><\/p>\n<p><em>   Depress\u00e3o respirat\u00f3ria (em doses mais elevadas)<br \/>\n<\/em>   Alucina\u00e7\u00f5es e experi\u00eancias dissociativas<br \/>\n<em>   Confus\u00e3o e desorienta\u00e7\u00e3o<br \/>\n<\/em>   Problemas do trato urin\u00e1rio (com uso cr\u00f3nico em doses elevadas)<br \/>\n<em>   Potencial para depend\u00eancia psicol\u00f3gica<\/p>\n<p><strong>Precau\u00e7\u00f5es e contraindica\u00e7\u00f5es:<\/strong><\/p>\n<p>\u00c9 fundamental ter cuidado e consultar um profissional de sa\u00fade antes de utilizar cetamina l\u00edquida, sobretudo se tiver problemas de sa\u00fade pr\u00e9-existentes.<\/p>\n<p><\/em>   <strong>Consulta m\u00e9dica:<\/strong> Consulte sempre um m\u00e9dico antes de utilizar cetamina, especialmente para fins terap\u00eauticos. Ele poder\u00e1 avaliar se a utiliza\u00e7\u00e3o \u00e9 adequada para si e orient\u00e1-lo sobre a dosagem e administra\u00e7\u00e3o seguras.<br \/>\n<em>   <strong>Conduzir e utilizar m\u00e1quinas:<\/strong> N\u00e3o conduza nem utilize m\u00e1quinas pesadas sob o efeito da cetamina devido aos seus efeitos sedativos e dissociativos.<br \/>\n<\/em>   <strong>\u00c1lcool e outros sedativos:<\/strong> Evite combinar cetamina com \u00e1lcool ou outros depressores do sistema nervoso central, pois pode aumentar o risco de efeitos secund\u00e1rios graves.<br \/>\n<em>   <strong>Gravidez e amamenta\u00e7\u00e3o:<\/strong> O uso de cetamina n\u00e3o \u00e9 geralmente recomendado durante a gravidez ou amamenta\u00e7\u00e3o sem aconselhamento m\u00e9dico expl\u00edcito.<br \/>\n<\/em>   <strong>Hist\u00f3ria de sa\u00fade mental:<\/strong> Os indiv\u00edduos com antecedentes de psicose ou problemas graves de sa\u00fade mental devem utilizar cetamina com extrema precau\u00e7\u00e3o e sob estrita supervis\u00e3o m\u00e9dica.<\/p>\n<p>Quando voc\u00ea <strong>Comprar cetamina l\u00edquida online discretamente.<\/strong> Fornecemos informa\u00e7\u00f5es abrangentes para auxiliar na sua tomada de decis\u00e3o consciente. No entanto, estas informa\u00e7\u00f5es n\u00e3o substituem a consulta com um profissional m\u00e9dico.<\/p>\n<h3>Compre cetamina l\u00edquida online com seguran\u00e7a e discri\u00e7\u00e3o: a sua solu\u00e7\u00e3o europeia perfeita.<\/h3>\n<p>A nossa miss\u00e3o \u00e9 fornecer um canal fi\u00e1vel, seguro e discreto para que as pessoas de toda a Europa tenham acesso a produtos farmac\u00eauticos de qualidade. Se est\u00e1 procurando por <strong>Comprar cetamina l\u00edquida online discretamente.<\/strong>Se precisa de outros medicamentos sujeitos a receita m\u00e9dica ou est\u00e1 \u00e0 procura de op\u00e7\u00f5es de venda livre, a nossa farm\u00e1cia est\u00e1 preparada para o servir. Estamos empenhados em manter os mais altos padr\u00f5es de qualidade, atendimento ao cliente e privacidade.<\/p>\n<p>Ao escolher-nos como o seu fornecedor online de confian\u00e7a, est\u00e1 a confiar as suas necessidades de cuidados de sa\u00fade a uma farm\u00e1cia de renome que prioriza o seu bem-estar e confidencialidade. O nosso processo simplificado \u00e9 ideal para quem pretende... <strong>Comprar cetamina l\u00edquida online discretamente.<\/strong> Garantimos uma experi\u00eancia sem complica\u00e7\u00f5es, desde a navega\u00e7\u00e3o no nosso cat\u00e1logo at\u00e9 \u00e0 rece\u00e7\u00e3o do seu pedido, embalado discretamente no seu endere\u00e7o europeu. Dedicamo-nos a ser uma fonte fi\u00e1vel para as suas necessidades de medicamentos, oferecendo uma forma segura e protegida de... <strong>comprar solu\u00e7\u00e3o de cloridrato de cetamina<\/strong> e uma vasta gama de outros produtos de sa\u00fade. Confie em n\u00f3s para entregar qualidade e discri\u00e7\u00e3o, sempre.<\/p>","protected":false},"excerpt":{"rendered":"<p>Experimente a conveni\u00eancia de comprar cetamina l\u00edquida de alta qualidade online, entregue diretamente em sua casa com total discri\u00e7\u00e3o. Compreendemos a sua necessidade de privacidade e seguran\u00e7a, oferecendo uma experi\u00eancia de compra perfeita, sem necessidade de receita m\u00e9dica. Fique descansado, os nossos pre\u00e7os com desconto e o servi\u00e7o de apoio ao cliente r\u00e1pido, 24 horas por dia, 7 dias por semana, fazem de n\u00f3s a sua melhor op\u00e7\u00e3o para cetamina fi\u00e1vel e acess\u00edvel. Desfrute da tranquilidade com a nossa embalagem discreta, que garante que a sua encomenda chega em seguran\u00e7a e sem chamar a aten\u00e7\u00e3o.<\/p>","protected":false},"featured_media":10604,"template":"","meta":[],"product_brand":[],"product_cat":[305],"product_tag":[991,901,992,867,993,990,995,802,994,996],"class_list":{"0":"post-10586","1":"product","2":"type-product","3":"status-publish","4":"has-post-thumbnail","6":"product_cat-pain-relief","7":"product_tag-buy-ketamine-online","8":"product_tag-buy-medicine-online","9":"product_tag-discreet-ketamine","10":"product_tag-european-pharmacy","11":"product_tag-ketamine-hydrochloride","12":"product_tag-liquid-ketamine","13":"product_tag-mental-health-treatment","14":"product_tag-online-pharmacy","15":"product_tag-pain-management","16":"product_tag-secure-shipping","18":"first","19":"instock","20":"sale","21":"shipping-taxable","22":"purchasable","23":"product-type-variable"},"_links":{"self":[{"href":"https:\/\/capsovia.com\/pt\/wp-json\/wp\/v2\/product\/10586","targetHints":{"allow":["GET"]}}],"collection":[{"href":"https:\/\/capsovia.com\/pt\/wp-json\/wp\/v2\/product"}],"about":[{"href":"https:\/\/capsovia.com\/pt\/wp-json\/wp\/v2\/types\/product"}],"version-history":[{"count":0,"href":"https:\/\/capsovia.com\/pt\/wp-json\/wp\/v2\/product\/10586\/revisions"}],"wp:featuredmedia":[{"embeddable":true,"href":"https:\/\/capsovia.com\/pt\/wp-json\/wp\/v2\/media\/10604"}],"wp:attachment":[{"href":"https:\/\/capsovia.com\/pt\/wp-json\/wp\/v2\/media?parent=10586"}],"wp:term":[{"taxonomy":"product_brand","embeddable":true,"href":"https:\/\/capsovia.com\/pt\/wp-json\/wp\/v2\/product_brand?post=10586"},{"taxonomy":"product_cat","embeddable":true,"href":"https:\/\/capsovia.com\/pt\/wp-json\/wp\/v2\/product_cat?post=10586"},{"taxonomy":"product_tag","embeddable":true,"href":"https:\/\/capsovia.com\/pt\/wp-json\/wp\/v2\/product_tag?post=10586"}],"curies":[{"name":"wp","href":"https:\/\/api.w.org\/{rel}","templated":true}]}}