{"id":10592,"date":"2024-10-04T17:56:19","date_gmt":"2024-10-04T17:56:19","guid":{"rendered":"https:\/\/pharmaplazaonline.com\/?post_type=product&#038;p=10592"},"modified":"2026-04-17T22:34:58","modified_gmt":"2026-04-17T22:34:58","slug":"diazepam-actavis-10-mg","status":"publish","type":"product","link":"https:\/\/capsovia.com\/pt\/product\/diazepam-actavis-10-mg\/","title":{"rendered":"Comprar Diazepam Actavis 10mg online em promo\u00e7\u00e3o."},"content":{"rendered":"<h2>Comprar Diazepam Actavis 10mg online: a sua fonte de confian\u00e7a para o al\u00edvio.<\/h2>\n<p>Ao procurar um al\u00edvio eficaz para a ansiedade, espasmos musculares ou dist\u00farbios convulsivos, o acesso fi\u00e1vel a medicamentos \u00e9 fundamental. Muitas pessoas em toda a Europa procuram uma forma fi\u00e1vel e conveniente de obter estes medicamentos. <strong>Comprar Diazepam Actavis 10mg online em promo\u00e7\u00e3o.<\/strong>A nossa farm\u00e1cia online est\u00e1 pronta para atender a essa procura. Somos uma farm\u00e1cia online de renome em Espanha, dedicada a fornecer produtos farmac\u00eauticos acess\u00edveis e de alta qualidade, incluindo medicamentos sujeitos a receita m\u00e9dica e artigos essenciais de venda livre, aos nossos valiosos clientes em Espanha, It\u00e1lia, Alemanha, Pol\u00f3nia, Pa\u00edses Baixos e Reino Unido. O nosso compromisso com a discri\u00e7\u00e3o, a fiabilidade e o bem-estar do cliente faz de n\u00f3s um vendedor online de confian\u00e7a para as suas necessidades de sa\u00fade.<\/p>\n<p>O diazepam, um medicamento benzodiazep\u00ednico, \u00e9 um tratamento altamente eficaz para uma variedade de condi\u00e7\u00f5es. A Actavis \u00e9 um fabricante conceituado, garantindo a qualidade e efic\u00e1cia dos seus comprimidos de diazepam 10 mg. Se est\u00e1 procurando por <strong>Comprar Diazepam Actavis 10mg online em promo\u00e7\u00e3o.<\/strong>Se procura uma solu\u00e7\u00e3o que tem sido fundamental no tratamento de perturba\u00e7\u00f5es de ansiedade, ataques de p\u00e2nico, c\u00e3ibras musculares e at\u00e9 sintomas de abstin\u00eancia alco\u00f3lica, \u00e9 crucial compreender o produto, as suas utiliza\u00e7\u00f5es e como obt\u00ea-lo em seguran\u00e7a.<\/p>\n<h3>Compreender o Diazepam Actavis 10mg: Usos e Benef\u00edcios<\/h3>\n<p>O Diazepam Actavis 10mg \u00e9 um medicamento amplamente prescrito, conhecido pelas suas propriedades ansiol\u00edticas (contra a ansiedade), sedativas, hipn\u00f3ticas (indutoras do sono), anticonvulsivantes e relaxantes musculares. Quando voc\u00ea <strong>Comprar Diazepam Actavis 10mg online em promo\u00e7\u00e3o.<\/strong>Ao adquirir este medicamento, estar\u00e1 a obter uma solu\u00e7\u00e3o que pode melhorar significativamente a sua qualidade de vida, aliviando sintomas debilitantes associados a diversos problemas de sa\u00fade.<\/p>\n<p><strong>As principais utiliza\u00e7\u00f5es do Diazepam Actavis 10mg incluem:<\/strong><\/p>\n<p><em>   <strong>Perturba\u00e7\u00f5es de Ansiedade:<\/strong> \u00c9 altamente eficaz no tratamento da perturba\u00e7\u00e3o de ansiedade generalizada, perturba\u00e7\u00e3o de p\u00e2nico e perturba\u00e7\u00e3o de ansiedade social. Ajuda a acalmar a mente, a reduzir a preocupa\u00e7\u00e3o excessiva e a controlar sentimentos avassaladores de medo e nervosismo.<br \/>\n<\/em>   <strong>Espasmos musculares:<\/strong> Para indiv\u00edduos que sofrem de espasmos musculares dolorosos, espasticidade ou condi\u00e7\u00f5es como paralisia cerebral, o Diazepam Actavis 10mg pode proporcionar o al\u00edvio necess\u00e1rio, relaxando os m\u00fasculos.<br \/>\n<em>   <strong>Perturba\u00e7\u00f5es convulsivas (epilepsia):<\/strong> Este medicamento \u00e9 um componente essencial no tratamento de certos tipos de convuls\u00f5es, ajudando a prevenir ou controlar epis\u00f3dios convulsivos.<br \/>\n<\/em>   <strong>S\u00edndrome de abstin\u00eancia alco\u00f3lica:<\/strong> Durante o processo de desintoxica\u00e7\u00e3o do \u00e1lcool, o Diazepam Actavis 10mg pode ajudar a controlar os sintomas de abstin\u00eancia, como tremores, ansiedade, agita\u00e7\u00e3o e convuls\u00f5es.<br \/>\n<em>   <strong>Ins\u00f3nia:<\/strong> Embora n\u00e3o seja um tratamento prim\u00e1rio a longo prazo para a ins\u00f3nia, pode ser prescrito para o al\u00edvio a curto prazo das dificuldades de dormir associadas \u00e0 ansiedade.<br \/>\n<\/em>   <strong>Seda\u00e7\u00e3o pr\u00e9-operat\u00f3ria:<\/strong> Pode ser utilizado para acalmar os doentes e induzir o relaxamento antes de procedimentos cir\u00fargicos.<\/p>\n<p>Os benef\u00edcios da utiliza\u00e7\u00e3o de Diazepam Actavis 10mg, quando prescrito e utilizado adequadamente, s\u00e3o substanciais. Oferece um in\u00edcio de a\u00e7\u00e3o r\u00e1pido, proporcionando um al\u00edvio imediato dos sintomas agudos. Muitos utilizadores relatam uma redu\u00e7\u00e3o significativa do seu desconforto, permitindo-lhes funcionar de forma mais eficaz no seu dia-a-dia. Quando voc\u00ea <strong>Comprar Diazepam Actavis 10mg online em promo\u00e7\u00e3o.<\/strong> Ao adquirir um tratamento de uma fonte fidedigna, obt\u00e9m acesso a uma terapia que comprovadamente \u00e9 eficaz para milh\u00f5es de pessoas em todo o mundo.<\/p>\n<h3>Especifica\u00e7\u00f5es dos comprimidos de Diazepam Actavis 10mg<\/h3>\n<p>Cada comprimido de Diazepam Actavis 10mg foi desenvolvido para proporcionar o m\u00e1ximo efeito terap\u00eautico e seguran\u00e7a. Compreender as especifica\u00e7\u00f5es garante que est\u00e1 a receber a dosagem e o produto corretos.<\/p>\n<p><em>   <strong>Ingrediente ativo:<\/strong> Diazepam<br \/>\n<\/em>   <strong>For\u00e7a:<\/strong> 10 mg por comprimido<br \/>\n<em>   <strong>Fabricante:<\/strong> Actavis<br \/>\n<\/em>   <strong>Formula\u00e7\u00e3o:<\/strong> Comprimidos orais<br \/>\n<em>   <strong>Cor:<\/strong> Geralmente branco ou quase branco (verificar na embalagem)<br \/>\n<\/em>   <strong>Imprimir:<\/strong> Pode conter marcas espec\u00edficas para identifica\u00e7\u00e3o (verificar na embalagem).<br \/>\n<em>   <strong>Quantidade:<\/strong> Dispon\u00edvel em diversos tamanhos de embalagem para se adequar \u00e0s suas necessidades.<\/p>\n<p>Quando voc\u00ea <strong>Comprar Diazepam Actavis 10mg online em promo\u00e7\u00e3o.<\/strong>Com a Actavis, pode ter a certeza de que est\u00e1 a receber medicamentos genu\u00ednos da marca, fabricados de acordo com rigorosas normas farmac\u00eauticas.<\/p>\n<h3>Posologia e administra\u00e7\u00e3o: Como tomar Diazepam Actavis 10mg<\/h3>\n<p>A dosagem e administra\u00e7\u00e3o corretas s\u00e3o vitais para a utiliza\u00e7\u00e3o segura e eficaz do Diazepam Actavis 10mg. \u00c9 crucial seguir as instru\u00e7\u00f5es de dosagem fornecidas pelo seu profissional de sa\u00fade ou conforme indicado na embalagem do produto. <strong>Nunca exceda a dose recomendada.<\/strong><\/p>\n<p><\/em>   <strong>General Dosage:<\/strong> A posologia t\u00edpica para adultos varia bastante, dependendo da condi\u00e7\u00e3o a tratar e da resposta individual.<br \/>\n    <em>   Para a ansiedade e tens\u00e3o, as doses iniciais comuns podem ser de 2 mg a 10 mg, duas a quatro vezes por dia.<br \/>\n    <\/em>   Para os espasmos musculares, as doses podem variar entre 5 mg a 10 mg, tr\u00eas a quatro vezes por dia.<br \/>\n    <em>   Para o controlo das convuls\u00f5es, podem ser prescritas doses mais elevadas sob rigorosa vigil\u00e2ncia m\u00e9dica.<br \/>\n<\/em>   <strong>Doentes idosos:<\/strong> Doses iniciais mais baixas s\u00e3o geralmente recomendadas para doentes idosos devido \u00e0 poss\u00edvel maior sensibilidade.<br \/>\n<em>   <strong>Administra\u00e7\u00e3o:<\/strong> Os comprimidos de Diazepam Actavis 10 mg devem ser tomados por via oral, com um copo de \u00e1gua. Podem ser tomados com ou sem alimentos, mas tom\u00e1-los com alimentos pode reduzir o risco de desconforto estomacal.<br \/>\n<\/em>   <strong>Dura\u00e7\u00e3o do tratamento:<\/strong> Para a ansiedade e ins\u00f3nia, o tratamento \u00e9 geralmente recomendado apenas por per\u00edodos curtos. O uso prolongado pode levar \u00e0 depend\u00eancia. Para espasmos musculares cr\u00f3nicos ou dist\u00farbios convulsivos, pode ser necess\u00e1rio um acompanhamento m\u00e9dico cont\u00ednuo durante um per\u00edodo mais longo.<br \/>\n<em>   <strong>Dose esquecida:<\/strong> Se se esqueceu de uma dose, tome-a assim que se lembrar. No entanto, se estiver quase na hora da dose seguinte, ignore a dose esquecida e continue com o seu esquema posol\u00f3gico regular. N\u00e3o tome uma dose a dobrar para compensar a dose que se esqueceu de tomar.<\/p>\n<p>Se est\u00e1 a considerar <strong>Comprar Diazepam Actavis 10mg online em promo\u00e7\u00e3o.<\/strong>Ainda assim, \u00e9 aconselh\u00e1vel consultar um profissional de sa\u00fade para determinar a dosagem mais adequada \u00e0 sua condi\u00e7\u00e3o espec\u00edfica. Embora ofere\u00e7amos medicamentos sem receita m\u00e9dica, compreender as suas necessidades de sa\u00fade \u00e9 fundamental.<\/p>\n<h3>Poss\u00edveis efeitos secund\u00e1rios do diazepam Actavis 10mg<\/h3>\n<p>Como todos os medicamentos, o Diazepam Actavis 10mg pode causar efeitos secund\u00e1rios, embora nem todas as pessoas os apresentem. \u00c9 importante estar atento a estas poss\u00edveis rea\u00e7\u00f5es e procurar aconselhamento m\u00e9dico caso sejam graves ou persistentes.<\/p>\n<p><strong>Os efeitos secund\u00e1rios comuns incluem:<\/strong><\/p>\n<p><\/em>   Sonol\u00eancia e seda\u00e7\u00e3o<br \/>\n<em>   Tontura<br \/>\n<\/em>   Fadiga<br \/>\n<em>   Fraqueza muscular<br \/>\n<\/em>   Problemas de coordena\u00e7\u00e3o (ataxia)<br \/>\n<em>   Confus\u00e3o<\/p>\n<p><strong>Os efeitos secund\u00e1rios menos comuns podem incluir:<\/strong><\/p>\n<p><\/em>   Dor de cabe\u00e7a<br \/>\n<em>   N\u00e1useas<br \/>\n<\/em>   Pris\u00e3o de ventre<br \/>\n<em>   Altera\u00e7\u00f5es na libido<br \/>\n<\/em>   Comprometimento da mem\u00f3ria<\/p>\n<p><strong>Efeitos secund\u00e1rios graves (procure assist\u00eancia m\u00e9dica imediata):<\/strong><\/p>\n<p><em>   Rea\u00e7\u00f5es al\u00e9rgicas graves (erup\u00e7\u00e3o cut\u00e2nea, comich\u00e3o, incha\u00e7o, tonturas graves, dificuldade respirat\u00f3ria)<br \/>\n<\/em>   Aumento da depress\u00e3o ou pensamentos suicidas<br \/>\n<em>   Altera\u00e7\u00f5es comportamentais invulgares (agita\u00e7\u00e3o, agressividade, alucina\u00e7\u00f5es)<br \/>\n<\/em>   Respira\u00e7\u00e3o lenta ou depress\u00e3o respirat\u00f3ria<br \/>\n<em>   Rea\u00e7\u00f5es paradoxais (ex.: aumento da ansiedade, ins\u00f3nia, irritabilidade, agressividade)<\/p>\n<p><strong>Considera\u00e7\u00f5es importantes:<\/strong><\/p>\n<p><\/em>   <strong>Depend\u00eancia e Abstin\u00eancia:<\/strong> O uso prolongado de diazepam pode levar \u00e0 depend\u00eancia f\u00edsica e psicol\u00f3gica. A interrup\u00e7\u00e3o abrupta pode resultar em sintomas de abstin\u00eancia, que podem incluir ansiedade, ins\u00f3nia, tremores, c\u00e3ibras musculares, suores e, em casos graves, convuls\u00f5es. A abstin\u00eancia deve ser sempre acompanhada por um m\u00e9dico.<br \/>\n<em>   <strong>Interactions:<\/strong> O diazepam pode interagir com outros medicamentos, incluindo \u00e1lcool, opi\u00f3ides, sedativos e certos antidepressivos. \u00c9 fundamental informar o seu m\u00e9dico ou farmac\u00eautico sobre todos os medicamentos que est\u00e1 a tomar antes de come\u00e7ar a utilizar diazepam.<br \/>\n<\/em>   <strong>Gravidez e amamenta\u00e7\u00e3o:<\/strong> O diazepam n\u00e3o \u00e9 geralmente recomendado durante a gravidez, especialmente no primeiro trimestre, e pode ser transmitido ao beb\u00e9 durante a amamenta\u00e7\u00e3o, pelo que deve ser evitado durante este per\u00edodo.<\/p>\n<p>Quando voc\u00ea <strong>Comprar Diazepam Actavis 10mg online em promo\u00e7\u00e3o.<\/strong> Da nossa parte, recomendamos que utilize este medicamento de forma respons\u00e1vel e de acordo com qualquer orienta\u00e7\u00e3o m\u00e9dica que tenha recebido anteriormente.<\/p>\n<h3>Porqu\u00ea escolher-nos para comprar Diazepam Actavis 10mg online?<\/h3>\n<p>Escolher a farm\u00e1cia online certa \u00e9 essencial para garantir que recebe medicamentos seguros, genu\u00ednos e de alta qualidade. Orgulhamo-nos de ser uma farm\u00e1cia online fi\u00e1vel e de boa reputa\u00e7\u00e3o, que serve clientes em toda a Europa.<\/p>\n<p><strong>O nosso compromisso com voc\u00ea:<\/strong><\/p>\n<p><em>   <strong>Produtos genu\u00ednos:<\/strong> Obtemos os nossos medicamentos de fabricantes fi\u00e1veis, garantindo que, quando <strong>Comprar Diazepam Actavis 10mg online em promo\u00e7\u00e3o.<\/strong>Ao comprar connosco, recebe produtos aut\u00eanticos da marca Actavis.<br \/>\n<\/em>   <strong>Envio discreto:<\/strong> A sua privacidade \u00e9 a nossa prioridade. Todos os pedidos s\u00e3o enviados discretamente em embalagens neutras, sem qualquer indica\u00e7\u00e3o externa do conte\u00fado, para endere\u00e7os em Espanha, It\u00e1lia, Alemanha, Pol\u00f3nia, Holanda e Reino Unido.<br \/>\n<em>   <strong>Acessibilidade:<\/strong> Oferecemos uma forma pr\u00e1tica de aceder a medicamentos importantes sem necessidade de receita m\u00e9dica, tornando o acesso \u00e0 sa\u00fade mais f\u00e1cil para muitas pessoas.<br \/>\n<\/em>   <strong>Fiabilidade:<\/strong> O nosso hist\u00f3rico comprovado e o nosso compromisso com a satisfa\u00e7\u00e3o do cliente fazem de n\u00f3s um vendedor online de confian\u00e7a para as suas necessidades farmac\u00eauticas.<br \/>\n<em>   <strong>Amplo alcance:<\/strong> Realizamos entregas de forma eficiente em diversos pa\u00edses europeus, facilitando o acesso aos medicamentos de que necessita, onde quer que se encontre dentro da nossa \u00e1rea de cobertura.<br \/>\n<\/em>   <strong>Foco no cliente:<\/strong> Dedicamo-nos a prestar um excelente servi\u00e7o ao cliente e a garantir uma experi\u00eancia de compra tranquila, desde a navega\u00e7\u00e3o at\u00e9 \u00e0 entrega.<\/p>\n<p>Quando voc\u00ea <strong>Comprar Diazepam Actavis 10mg online em promo\u00e7\u00e3o.<\/strong>Ao escolher esta op\u00e7\u00e3o, est\u00e1 a optar por um parceiro na sua jornada de sa\u00fade que prioriza o seu bem-estar e a sua conveni\u00eancia.<\/p>\n<h3>Perguntas frequentes sobre o Diazepam Actavis 10mg<\/h3>\n<p><strong>P1: \u00c9 seguro comprar Diazepam Actavis 10mg online sem receita m\u00e9dica?<\/strong><\/p>\n<p>R: Embora ofere\u00e7amos medicamentos n\u00e3o sujeitos a receita m\u00e9dica como um servi\u00e7o aos nossos clientes, \u00e9 sempre recomend\u00e1vel que compreenda as suas condi\u00e7\u00f5es de sa\u00fade. A nossa plataforma garante a qualidade dos produtos e transa\u00e7\u00f5es seguras. No entanto, o uso respons\u00e1vel e o conhecimento dos poss\u00edveis efeitos secund\u00e1rios s\u00e3o cruciais.<\/p>\n<p><strong>P2: Quanto tempo demora a receber a minha encomenda depois de comprar Diazepam Actavis 10mg online?<\/strong><\/p>\n<p>R: Os prazos de entrega variam consoante a sua localiza\u00e7\u00e3o na Europa. Normalmente, as encomendas s\u00e3o processadas e enviadas em 1 a 2 dias \u00fateis, com entrega estimada entre 5 e 10 dias \u00fateis ap\u00f3s o envio. O nosso objetivo \u00e9 entregar os seus medicamentos o mais r\u00e1pido e discretamente poss\u00edvel.<\/p>\n<p><strong>P3: E se tiver efeitos secund\u00e1rios?<\/strong><\/p>\n<p>R: Se apresentar algum efeito secund\u00e1rio grave ou preocupante, \u00e9 essencial procurar imediatamente um m\u00e9dico. Embora forne\u00e7amos informa\u00e7\u00f5es sobre o produto, n\u00e3o substitu\u00edmos a consulta m\u00e9dica profissional.<\/p>\n<p><strong>P4: Posso comprar outros medicamentos na vossa farm\u00e1cia online?<\/strong><\/p>\n<p>R: Sim, oferecemos uma variedade de medicamentos sujeitos e n\u00e3o sujeitos a receita m\u00e9dica para satisfazer diversas necessidades de sa\u00fade. Consulte o nosso cat\u00e1logo para ver outros produtos dispon\u00edveis.<\/p>\n<p><strong>Q5: O vosso envio \u00e9 realmente discreto?<\/strong><\/p>\n<p>A: Com certeza. Compreendemos a import\u00e2ncia da privacidade. Todas as nossas encomendas s\u00e3o embaladas em envelopes ou caixas sem identifica\u00e7\u00e3o, com um endere\u00e7o de remetente discreto. N\u00e3o h\u00e1 qualquer indica\u00e7\u00e3o do conte\u00fado no exterior da embalagem.<\/p>\n<p>Em conclus\u00e3o, se precisar de <strong>Comprar Diazepam Actavis 10mg online em promo\u00e7\u00e3o.<\/strong>A nossa conceituada farm\u00e1cia online em Espanha \u00e9 o seu destino de confian\u00e7a. Oferecemos produtos Actavis genu\u00ednos, envio seguro e discreto para toda a Europa e o compromisso de tornar a sua sa\u00fade acess\u00edvel e conveniente. Experimente a facilidade e a fiabilidade de comprar os seus medicamentos a um vendedor online de confian\u00e7a.<\/p>","protected":false},"excerpt":{"rendered":"<p>Sinta al\u00edvio com Diazepam Actavis 10mg, uma benzodiazepina fi\u00e1vel que ajuda a acalmar o sistema nervoso, diminuindo a atividade cerebral. \u00c9 fundamental utilizar este medicamento exatamente como prescrito pelo seu m\u00e9dico para o seu caso espec\u00edfico. N\u00e3o partilhe este medicamento, pois pode ser prejudicial para outras pessoas. Guarde-o sempre num local seguro, fora do alcance das crian\u00e7as, e lembre-se de consultar o seu m\u00e9dico antes de interromper ou alterar a dosagem.<\/p>","protected":false},"featured_media":10606,"template":"","meta":[],"product_brand":[],"product_cat":[404],"product_tag":[999,929,933,998,997,867,930,1000,1001],"class_list":{"0":"post-10592","1":"product","2":"type-product","3":"status-publish","4":"has-post-thumbnail","6":"product_cat-sleeping-pills","7":"product_tag-actavis-pharmacy","8":"product_tag-anxiety-medication","9":"product_tag-buy-diazepam-online","10":"product_tag-diazepam-10mg-for-sale","11":"product_tag-diazepam-actavis","12":"product_tag-european-pharmacy","13":"product_tag-muscle-relaxant","14":"product_tag-online-benzodiazepine","15":"product_tag-seizure-control","17":"first","18":"instock","19":"sale","20":"shipping-taxable","21":"purchasable","22":"product-type-variable"},"_links":{"self":[{"href":"https:\/\/capsovia.com\/pt\/wp-json\/wp\/v2\/product\/10592","targetHints":{"allow":["GET"]}}],"collection":[{"href":"https:\/\/capsovia.com\/pt\/wp-json\/wp\/v2\/product"}],"about":[{"href":"https:\/\/capsovia.com\/pt\/wp-json\/wp\/v2\/types\/product"}],"version-history":[{"count":0,"href":"https:\/\/capsovia.com\/pt\/wp-json\/wp\/v2\/product\/10592\/revisions"}],"wp:featuredmedia":[{"embeddable":true,"href":"https:\/\/capsovia.com\/pt\/wp-json\/wp\/v2\/media\/10606"}],"wp:attachment":[{"href":"https:\/\/capsovia.com\/pt\/wp-json\/wp\/v2\/media?parent=10592"}],"wp:term":[{"taxonomy":"product_brand","embeddable":true,"href":"https:\/\/capsovia.com\/pt\/wp-json\/wp\/v2\/product_brand?post=10592"},{"taxonomy":"product_cat","embeddable":true,"href":"https:\/\/capsovia.com\/pt\/wp-json\/wp\/v2\/product_cat?post=10592"},{"taxonomy":"product_tag","embeddable":true,"href":"https:\/\/capsovia.com\/pt\/wp-json\/wp\/v2\/product_tag?post=10592"}],"curies":[{"name":"wp","href":"https:\/\/api.w.org\/{rel}","templated":true}]}}