{"id":10620,"date":"2024-10-04T17:56:26","date_gmt":"2024-10-04T17:56:26","guid":{"rendered":"https:\/\/pharmaplazaonline.com\/?post_type=product&#038;p=10620"},"modified":"2026-04-17T22:32:56","modified_gmt":"2026-04-17T22:32:56","slug":"buy-nitrazepam","status":"publish","type":"product","link":"https:\/\/capsovia.com\/pt\/product\/buy-nitrazepam\/","title":{"rendered":"Comprar Nitrazepam online no Reino Unido \u2013 Envio r\u00e1pido"},"content":{"rendered":"<h2>Comprar Nitrazepam online no Reino Unido \u2013 Entrega r\u00e1pida: A sua fonte de confian\u00e7a para o al\u00edvio da ins\u00f3nia e da ansiedade.<\/h2>\n<p>Est\u00e1 a sofrer com ins\u00f3nia persistente ou ansiedade debilitante? D\u00e1 por si a revirar-se na cama \u00e0 noite, incapaz de alcan\u00e7ar o sono reparador que o seu corpo tanto deseja? Ou talvez o peso do stress di\u00e1rio esteja a afetar o seu bem-estar, deixando-o a sentir-se sobrecarregado e irritado? Se sim, n\u00e3o est\u00e1 sozinho e encontrar um al\u00edvio eficaz est\u00e1 ao seu alcance. Como uma farm\u00e1cia online de renome que serve a Europa, compreendemos o profundo impacto que os dist\u00farbios do sono e a ansiedade podem ter na sua qualidade de vida. \u00c9 por isso que nos dedicamos a fornecer uma forma fi\u00e1vel e discreta de... <strong>Comprar Nitrazepam online no Reino Unido<\/strong> Com entrega r\u00e1pida, garantimos que ter\u00e1 acesso ao al\u00edvio necess\u00e1rio, quando precisar.<\/p>\n<p>Somos o seu vendedor online de confian\u00e7a, dedicado a facilitar o acesso seguro e confidencial a medicamentos de qualidade. A nossa miss\u00e3o \u00e9 ser um destino privilegiado para pessoas que procuram medicamentos sujeitos e n\u00e3o sujeitos a receita m\u00e9dica, incluindo benzodiazepinas de renome como o Nitrazepam. Ao escolher a nossa loja online, ter\u00e1 acesso a medicamentos de elevada qualidade e com total seguran\u00e7a e confidencialidade. <strong>Comprar Nitrazepam online no Reino Unido<\/strong> Atrav\u00e9s da nossa plataforma segura, opta pela conveni\u00eancia, discri\u00e7\u00e3o e a garantia de receber produtos farmac\u00eauticos genu\u00ednos. Orgulhamo-nos de ser uma fonte fi\u00e1vel para uma vasta gama de medicamentos, servindo clientes em Espanha, It\u00e1lia, Alemanha, Pa\u00edses Baixos, Pol\u00f3nia e Reino Unido.<\/p>\n<h3>Compreender o Nitrazepam: Um Guia Abrangente<\/h3>\n<p>O nitrazepam \u00e9 uma benzodiazepina potente utilizada principalmente para o tratamento de curta dura\u00e7\u00e3o da ins\u00f3nia. Pertence a uma classe de medicamentos conhecidos como depressores do sistema nervoso central (SNC), que atuam potenciando o efeito de um neurotransmissor denominado \u00e1cido gama-aminobut\u00edrico (GABA). O GABA \u00e9 um neurotransmissor inibit\u00f3rio natural do c\u00e9rebro e, ao aumentar a sua atividade, o nitrazepam diminui efetivamente a atividade cerebral, levando a um efeito calmante. Isto torna-o altamente eficaz para induzir o sono e reduzir a sensa\u00e7\u00e3o de ansiedade.<\/p>\n<p>Para aqueles que procuram <strong>Comprar Nitrazepam online no Reino Unido<\/strong>Compreender as suas propriedades \u00e9 crucial. Trata-se de um medicamento consagrado, com efic\u00e1cia comprovada no tratamento de dist\u00farbios do sono.<\/p>\n<p><strong>Principais especifica\u00e7\u00f5es e propriedades:<\/strong><\/p>\n<p><em>   <strong>Ingrediente ativo:<\/strong> Nitrazepam<br \/>\n<\/em>   <strong>Classe do medicamento:<\/strong> Benzodiazep\u00ednico<br \/>\n<em>   <strong>Usos principais:<\/strong> Tratamento de curta dura\u00e7\u00e3o para ins\u00f3nias e dist\u00farbios do sono relacionados com a ansiedade.<br \/>\n<\/em>   <strong>Mecanismo de a\u00e7\u00e3o:<\/strong> Aumenta a neurotransmiss\u00e3o GABA\u00e9rgica, resultando em efeitos sedativos, ansiol\u00edticos (contra a ansiedade), relaxantes musculares e anticonvulsivantes.<br \/>\n<em>   <strong>Formul\u00e1rios dispon\u00edveis:<\/strong> Geralmente dispon\u00edvel em forma de comprimido ou c\u00e1psula.<br \/>\n<\/em>   <strong>Pot\u00eancia:<\/strong> O nitrazepam \u00e9 considerado uma benzodiazepina relativamente potente.<\/p>\n<h3>Quem pode beneficiar do nitrazepam?<\/h3>\n<p>O nitrazepam \u00e9 geralmente prescrito a pessoas que apresentam dificuldades significativas em adormecer ou em manter o sono, frequentemente associadas \u00e0 ansiedade ou ao stress. Est\u00e1 indicado para uso a curto prazo devido ao risco de depend\u00eancia e toler\u00e2ncia. Se est\u00e1 a considerar... <strong>Comprar Nitrazepam online no Reino Unido<\/strong> Para a ins\u00f3nia, \u00e9 importante utilizar o produto de acordo com as instru\u00e7\u00f5es do seu profissional de sa\u00fade ou de acordo com as informa\u00e7\u00f5es do produto.<\/p>\n<p><strong>Indica\u00e7\u00f5es frequentes para o nitrazepam:<\/strong><\/p>\n<p><em>   <strong>Ins\u00f3nia:<\/strong> Dificuldade em iniciar o sono, em manter o sono ou despertares matinais precoces.<br \/>\n<\/em>   <strong>Dist\u00farbios do sono relacionados com a ansiedade:<\/strong> Quando a ansiedade interfere significativamente com a capacidade de dormir.<\/p>\n<p>\u00c9 crucial notar que o nitrazepam n\u00e3o \u00e9 uma solu\u00e7\u00e3o a longo prazo para problemas de sono, nem cura condi\u00e7\u00f5es m\u00e9dicas ou psicol\u00f3gicas subjacentes que possam estar a causar ins\u00f3nia.<\/p>\n<h3>Dosagem e administra\u00e7\u00e3o: como utilizar o nitrazepam em seguran\u00e7a<\/h3>\n<p>Quando voc\u00ea <strong>Comprar Nitrazepam online no Reino Unido<\/strong>\u00c9 fundamental seguir as dosagens recomendadas para garantir a efic\u00e1cia e minimizar o risco de efeitos adversos. As dosagens podem variar consoante a idade, o historial cl\u00ednico e a gravidade da condi\u00e7\u00e3o de cada pessoa. Siga sempre as instru\u00e7\u00f5es fornecidas com o medicamento ou as orienta\u00e7\u00f5es de um profissional de sa\u00fade.<\/p>\n<p><strong>Orienta\u00e7\u00f5es gerais de dosagem (para ins\u00f3nia em adultos):<\/strong><\/p>\n<p><em>   <strong>Dose inicial t\u00edpica:<\/strong> Administrar 5 mg a 10 mg por via oral antes de deitar.<br \/>\n<\/em>   <strong>Dose m\u00e1xima recomendada:<\/strong> Em alguns casos, um profissional de sa\u00fade pode prescrever at\u00e9 20 mg, mas \u00e9 menos comum e requer uma monitoriza\u00e7\u00e3o cuidadosa.<br \/>\n<em>   <strong>Doentes idosos:<\/strong> Doses mais baixas s\u00e3o geralmente recomendadas para adultos mais velhos devido \u00e0 maior sensibilidade aos efeitos das benzodiazepinas.<\/p>\n<p><strong>Considera\u00e7\u00f5es importantes para a gest\u00e3o:<\/strong><\/p>\n<p><\/em>   <strong>Timing:<\/strong> Tome o nitrazepam aproximadamente 30 minutos antes de se deitar.<br \/>\n<em>   <strong>Dura\u00e7\u00e3o de utiliza\u00e7\u00e3o:<\/strong> O nitrazepam destina-se a uma utiliza\u00e7\u00e3o a curto prazo, variando normalmente entre alguns dias e um m\u00e1ximo de duas a quatro semanas, incluindo qualquer per\u00edodo de redu\u00e7\u00e3o gradual da dose. O uso prolongado pode levar \u00e0 toler\u00e2ncia e depend\u00eancia.<br \/>\n<\/em>   <strong>N\u00e3o esmague nem mastigue:<\/strong> Engula os comprimidos ou c\u00e1psulas inteiros com \u00e1gua.<br \/>\n<em>   <strong>Evite o \u00e1lcool:<\/strong> O consumo de \u00e1lcool com nitrazepam pode aumentar perigosamente os seus efeitos sedativos e elevar o risco de depress\u00e3o respirat\u00f3ria.<\/p>\n<p>Se tiver d\u00favidas sobre a dosagem ou administra\u00e7\u00e3o corretas, consulte um profissional de sa\u00fade antes de utilizar. <strong>Comprar Nitrazepam online no Reino Unido<\/strong> ou qualquer outro medicamento.<\/p>\n<h3>Poss\u00edveis benef\u00edcios da utiliza\u00e7\u00e3o de nitrazepam<\/h3>\n<p>O principal benef\u00edcio do nitrazepam \u00e9 a sua capacidade de proporcionar um al\u00edvio r\u00e1pido e eficaz da ins\u00f3nia, permitindo aos indiv\u00edduos alcan\u00e7ar o descanso t\u00e3o necess\u00e1rio. Ao promover o sono, pode melhorar significativamente o funcionamento diurno, o humor e o bem-estar geral.<\/p>\n<p><strong>Principais benef\u00edcios frequentemente associados ao nitrazepam:<\/strong><\/p>\n<p><\/em>   <strong>Melhoria no in\u00edcio do sono:<\/strong> Ajuda as pessoas a adormecer mais rapidamente.<br \/>\n<em>   <strong>Redu\u00e7\u00e3o dos despertares noturnos:<\/strong> Contribui para um sono mais cont\u00ednuo durante toda a noite.<br \/>\n<\/em>   <strong>Melhoria da qualidade do sono:<\/strong> Promove um sono mais profundo e reparador.<br \/>\n<em>   <strong>Efeitos ansiol\u00edticos:<\/strong> Pode aliviar a ansiedade que contribui para as dificuldades de sono.<br \/>\n<\/em>   <strong>Melhoria do funcionamento diurno:<\/strong> Ao combater a priva\u00e7\u00e3o de sono, \u00e9 poss\u00edvel obter uma melhor concentra\u00e7\u00e3o, humor e n\u00edveis de energia durante o dia.<\/p>\n<p>Para muitos, a capacidade de <strong>Comprar Nitrazepam online no Reino Unido<\/strong> Oferece uma forma pr\u00e1tica de aceder a estes benef\u00edcios sem os desafios log\u00edsticos das farm\u00e1cias tradicionais.<\/p>\n<h3>Compreender os poss\u00edveis efeitos secund\u00e1rios e precau\u00e7\u00f5es<\/h3>\n<p>Como todos os medicamentos, o nitrazepam pode causar efeitos secund\u00e1rios. \u00c9 crucial estar ciente destes potenciais riscos antes de o tomar. <strong>Comprar Nitrazepam online no Reino Unido<\/strong>A maioria dos efeitos secund\u00e1rios depende da dose e tende a ser mais pronunciada no in\u00edcio do tratamento ou com doses mais elevadas.<\/p>\n<p><strong>Efeitos secund\u00e1rios comuns:<\/strong><\/p>\n<p><em>   Sonol\u00eancia e sonol\u00eancia diurna<br \/>\n<\/em>   Tontura<br \/>\n<em>   Tontura<br \/>\n<\/em>   Ataxia (instabilidade ou falta de coordena\u00e7\u00e3o)<br \/>\n<em>   Fraqueza muscular<br \/>\n<\/em>   Fadiga<br \/>\n<em>   Confus\u00e3o<br \/>\n<\/em>   Comprometimento da mem\u00f3ria (amn\u00e9sia)<br \/>\n<em>   Boca seca<\/p>\n<p><strong>Efeitos secund\u00e1rios menos comuns, mas graves:<\/strong><\/p>\n<p><\/em>   Rea\u00e7\u00f5es paradoxais (ex.: aumento da ansiedade, agita\u00e7\u00e3o, agressividade)<br \/>\n<em>   Depress\u00e3o respirat\u00f3ria (especialmente quando combinada com outros depressores do SNC, como o \u00e1lcool ou os opi\u00f3ides)<br \/>\n<\/em>   Depend\u00eancia e sintomas de abstin\u00eancia ap\u00f3s a interrup\u00e7\u00e3o abrupta do tratamento.<br \/>\n<em>   Depress\u00e3o<br \/>\n<\/em>   Pensamentos suicidas (raros)<\/p>\n<p><strong>Precau\u00e7\u00f5es e contraindica\u00e7\u00f5es importantes:<\/strong><\/p>\n<p><em>   <strong>Depend\u00eancia e Abstin\u00eancia:<\/strong> O uso prolongado pode levar \u00e0 depend\u00eancia f\u00edsica e psicol\u00f3gica. A interrup\u00e7\u00e3o abrupta do nitrazepam ap\u00f3s uma utiliza\u00e7\u00e3o prolongada pode resultar em sintomas de abstin\u00eancia, como ansiedade, ins\u00f3nia, tremores e, em casos graves, convuls\u00f5es. \u00c9 essencial reduzir a dose do medicamento gradualmente sob supervis\u00e3o m\u00e9dica.<br \/>\n<\/em>   <strong>Toler\u00e2ncia:<\/strong> Com o tempo, o organismo pode desenvolver toler\u00e2ncia ao nitrazepam, o que significa que s\u00e3o necess\u00e1rias doses mais elevadas para obter o mesmo efeito.<br \/>\n<em>   <strong>Condu\u00e7\u00e3o sob o efeito de \u00e1lcool ou drogas e opera\u00e7\u00e3o de m\u00e1quinas:<\/strong> Devido aos seus efeitos sedativos, o nitrazepam pode prejudicar o discernimento, a coordena\u00e7\u00e3o e o tempo de rea\u00e7\u00e3o. Evite conduzir ou utilizar m\u00e1quinas pesadas enquanto estiver a tomar este medicamento.<br \/>\n<\/em>   <strong>Gravidez e amamenta\u00e7\u00e3o:<\/strong> O nitrazepam n\u00e3o \u00e9 geralmente recomendado durante a gravidez ou amamenta\u00e7\u00e3o devido aos potenciais riscos para o feto ou para o beb\u00e9.<br \/>\n<em>   <strong>Condi\u00e7\u00f5es m\u00e9dicas preexistentes:<\/strong> Os indiv\u00edduos com antecedentes de problemas respirat\u00f3rios, doen\u00e7as hep\u00e1ticas ou renais, miastenia grave ou depend\u00eancia de \u00e1lcool ou drogas devem utilizar o nitrazepam com extrema precau\u00e7\u00e3o e apenas sob estrita supervis\u00e3o m\u00e9dica.<br \/>\n<\/em>   <strong>Intera\u00e7\u00f5es com outros medicamentos:<\/strong> O nitrazepam pode interagir com v\u00e1rios outros medicamentos, incluindo \u00e1lcool, opi\u00f3ides, outros sedativos, certos antidepressivos e anti-histam\u00ednicos. Informe sempre o seu m\u00e9dico sobre todos os medicamentos que est\u00e1 a tomar atualmente.<\/p>\n<p>Quando voc\u00ea <strong>Comprar Nitrazepam online no Reino Unido<\/strong> Da nossa parte, enfatizamos a import\u00e2ncia do uso consciente e recomendamos a consulta de um profissional de sa\u00fade caso tenha alguma condi\u00e7\u00e3o preexistente ou preocupa\u00e7\u00e3o.<\/p>\n<h3>Porqu\u00ea escolher-nos para comprar Nitrazepam online no Reino Unido?<\/h3>\n<p>Navegar pelo sistema de sa\u00fade pode ser complexo, especialmente quando se procura medicamentos para problemas delicados como a ins\u00f3nia e a ansiedade. O nosso objetivo \u00e9 simplificar este processo, oferecendo uma plataforma segura, discreta e fi\u00e1vel para que as pessoas possam... <strong>Comprar Nitrazepam online no Reino Unido<\/strong> e por toda a Europa.<\/p>\n<p><strong>O nosso compromisso com voc\u00ea:<\/strong><\/p>\n<p><em>   <strong>Authentic Medications:<\/strong> Os nossos produtos s\u00e3o provenientes de fabricantes de renome, garantindo que recebe Nitrazepam genu\u00edno e de alta qualidade.<br \/>\n<\/em>   <strong>Envio discreto:<\/strong> A sua privacidade \u00e9 fundamental. Todos os pedidos s\u00e3o embalados e enviados discretamente, sem qualquer indica\u00e7\u00e3o externa do conte\u00fado.<br \/>\n<em>   <strong>Entrega r\u00e1pida e fi\u00e1vel:<\/strong> Compreendemos a urg\u00eancia das suas necessidades. A nossa log\u00edstica eficiente garante entregas r\u00e1pidas para Espanha, It\u00e1lia, Alemanha, Holanda, Pol\u00f3nia e Reino Unido.<br \/>\n<\/em>   <strong>Encomendas online seguras:<\/strong> O nosso site emprega medidas de seguran\u00e7a robustas para proteger as suas informa\u00e7\u00f5es pessoais e de pagamento.<br \/>\n<em>   <strong>Apoio ao cliente:<\/strong> A nossa equipa dedicada est\u00e1 dispon\u00edvel para responder \u00e0s suas perguntas e prestar assist\u00eancia durante todo o processo de compra.<br \/>\n<\/em>   <strong>Conveni\u00eancia:<\/strong> Fa\u00e7a a sua encomenda no conforto da sua casa, poupando tempo e esfor\u00e7o.<\/p>\n<p>Quando estiver pronto para <strong>Comprar Nitrazepam online no Reino Unido<\/strong>Ou, se procura um acesso fi\u00e1vel a outros medicamentos, considere-nos o seu parceiro de confian\u00e7a. Dedicamo-nos a proporcionar uma experi\u00eancia tranquila e segura, garantindo que tem acesso ao al\u00edvio que merece.<\/p>\n<h3>Perguntas frequentes sobre a compra de nitrazepam online<\/h3>\n<p><strong>P: \u00c9 legal comprar Nitrazepam online no Reino Unido?<\/strong><br \/>\nR: No Reino Unido, o nitrazepam \u00e9 um medicamento que s\u00f3 pode ser obtido mediante receita m\u00e9dica. Embora seja poss\u00edvel <strong>Comprar Nitrazepam online no Reino Unido<\/strong>\u00c9 crucial garantir que est\u00e1 a comprar numa farm\u00e1cia online leg\u00edtima e regulamentada. Operamos em conformidade com os regulamentos relevantes para garantir a legalidade e a seguran\u00e7a dos nossos servi\u00e7os.<\/p>\n<p><strong>P: Como posso ter a certeza de que o Nitrazepam que compro online \u00e9 genu\u00edno?<\/strong><br \/>\nR: Trabalhamos em parceria com fornecedores farmac\u00eauticos de confian\u00e7a e mantemos rigorosas medidas de controlo de qualidade. O nosso compromisso \u00e9 fornecer medicamentos aut\u00eanticos. Quando voc\u00ea <strong>Comprar Nitrazepam online no Reino Unido<\/strong> Ao escolher a nossa empresa, est\u00e1 a optar por uma fonte fidedigna.<\/p>\n<p><strong>P: Qual a diferen\u00e7a entre o nitrazepam e outros comprimidos para dormir?<\/strong><br \/>\nR: O nitrazepam \u00e9 uma benzodiazepina, conhecida pela sua efic\u00e1cia na indu\u00e7\u00e3o do sono e na redu\u00e7\u00e3o da ansiedade. Outros medicamentos para dormir podem pertencer a diferentes classes de medicamentos, como os f\u00e1rmacos Z ou os anti-histam\u00ednicos, e apresentam mecanismos de a\u00e7\u00e3o, pot\u00eancia e perfis de efeitos secund\u00e1rios variados.<\/p>\n<p><strong>P: Posso comprar nitrazepam sem receita m\u00e9dica?<\/strong><br \/>\nR: Em muitas regi\u00f5es, o nitrazepam \u00e9 um medicamento que s\u00f3 pode ser obtido mediante receita m\u00e9dica. No entanto, como farm\u00e1cia online regulada, oferecemos acesso a determinados medicamentos sujeitos a receita m\u00e9dica sob condi\u00e7\u00f5es espec\u00edficas, garantindo que facilitamos o acesso respons\u00e1vel ao tratamento. Se n\u00e3o tiver a certeza sobre os requisitos de prescri\u00e7\u00e3o para a sua regi\u00e3o, consulte as nossas orienta\u00e7\u00f5es ou contacte o servi\u00e7o de apoio ao cliente.<\/p>\n<p><strong>P: O que devo fazer se tiver efeitos secund\u00e1rios?<\/strong><br \/>\nR: Se apresentar algum efeito secund\u00e1rio preocupante, interrompa a sua utiliza\u00e7\u00e3o e consulte imediatamente um profissional de sa\u00fade. Certifique-se de que o informa que optou por... <strong>Comprar Nitrazepam online no Reino Unido<\/strong> e est\u00e3o a utilizar este medicamento.<\/p>\n<h3>Conclus\u00e3o: O seu parceiro de confian\u00e7a para o sono e bem-estar.<\/h3>\n<p>Se procura uma solu\u00e7\u00e3o eficaz para a ins\u00f3nia e precisa de <strong>Comprar Nitrazepam online no Reino Unido<\/strong>A nossa farm\u00e1cia online est\u00e1 aqui para prestar um servi\u00e7o seguro, discreto e eficiente. Compreendemos a import\u00e2ncia da qualidade, fiabilidade e conveni\u00eancia quando se trata da sua sa\u00fade. O nosso compromisso estende-se a clientes em toda a Europa, incluindo Espanha, It\u00e1lia, Alemanha, Pa\u00edses Baixos, Pol\u00f3nia e Reino Unido, oferecendo uma entrega r\u00e1pida e um servi\u00e7o confidencial.<\/p>\n<p>N\u00e3o deixe que as noites em branco e a ansiedade atrapalhem a sua vida por mais tempo. Explore as suas op\u00e7\u00f5es com confian\u00e7a e descubra a facilidade de aceder a medicamentos de qualidade de um vendedor online de confian\u00e7a. Quando voc\u00ea <strong>Comprar Nitrazepam online no Reino Unido<\/strong> Atrav\u00e9s da nossa plataforma, escolhe um parceiro dedicado ao seu bem-estar e tranquilidade. Somos mais do que uma farm\u00e1cia online; somos uma fonte fi\u00e1vel para as suas necessidades de sa\u00fade, empenhados em causar um impacto positivo na sua qualidade de vida.<\/p>","protected":false},"excerpt":{"rendered":"<p>Durma bem e tenha o sono de qualidade que merece! Comprar Nitrazepam online no Reino Unido para o al\u00edvio a curto prazo da ins\u00f3nia. Dispon\u00edvel em comprimidos convenientes de 5 mg e 10 mg (Mogadon), este medicamento ajuda-o a adormecer mais rapidamente e a dormir durante mais tempo. Oferecemos entrega r\u00e1pida e fi\u00e1vel diretamente na sua casa. Utilize conforme prescrito pelo seu m\u00e9dico.<\/p>","protected":false},"featured_media":10641,"template":"","meta":[],"product_brand":[],"product_cat":[404],"product_tag":[959,960,956,962,892,961,964,957,963,958],"class_list":{"0":"post-10620","1":"product","2":"type-product","3":"status-publish","4":"has-post-thumbnail","6":"product_cat-sleeping-pills","7":"product_tag-anxiety-relief-uk","8":"product_tag-benzodiazepine-uk","9":"product_tag-buy-nitrazepam-uk","10":"product_tag-buy-sleeping-pills-uk","11":"product_tag-fast-shipping","12":"product_tag-insomnia-medication-uk","13":"product_tag-nitrazepam-5mg-uk","14":"product_tag-nitrazepam-online","15":"product_tag-reliable-online-pharmacy-uk","16":"product_tag-sleep-aid-uk","18":"first","19":"instock","20":"shipping-taxable","21":"purchasable","22":"product-type-variable"},"_links":{"self":[{"href":"https:\/\/capsovia.com\/pt\/wp-json\/wp\/v2\/product\/10620","targetHints":{"allow":["GET"]}}],"collection":[{"href":"https:\/\/capsovia.com\/pt\/wp-json\/wp\/v2\/product"}],"about":[{"href":"https:\/\/capsovia.com\/pt\/wp-json\/wp\/v2\/types\/product"}],"version-history":[{"count":0,"href":"https:\/\/capsovia.com\/pt\/wp-json\/wp\/v2\/product\/10620\/revisions"}],"wp:featuredmedia":[{"embeddable":true,"href":"https:\/\/capsovia.com\/pt\/wp-json\/wp\/v2\/media\/10641"}],"wp:attachment":[{"href":"https:\/\/capsovia.com\/pt\/wp-json\/wp\/v2\/media?parent=10620"}],"wp:term":[{"taxonomy":"product_brand","embeddable":true,"href":"https:\/\/capsovia.com\/pt\/wp-json\/wp\/v2\/product_brand?post=10620"},{"taxonomy":"product_cat","embeddable":true,"href":"https:\/\/capsovia.com\/pt\/wp-json\/wp\/v2\/product_cat?post=10620"},{"taxonomy":"product_tag","embeddable":true,"href":"https:\/\/capsovia.com\/pt\/wp-json\/wp\/v2\/product_tag?post=10620"}],"curies":[{"name":"wp","href":"https:\/\/api.w.org\/{rel}","templated":true}]}}