{"id":10625,"date":"2024-10-04T17:56:26","date_gmt":"2024-10-04T17:56:26","guid":{"rendered":"https:\/\/pharmaplazaonline.com\/?post_type=product&#038;p=10625"},"modified":"2026-04-17T22:33:31","modified_gmt":"2026-04-17T22:33:31","slug":"buy-nembutal-online","status":"publish","type":"product","link":"https:\/\/capsovia.com\/pt\/product\/buy-nembutal-online\/","title":{"rendered":"Comprar Nembutal online com entrega r\u00e1pida."},"content":{"rendered":"<h1>Comprar Nembutal online com entrega r\u00e1pida.<\/h1>\n<p>Procura uma maneira confi\u00e1vel e discreta de <strong>Comprar Nembutal online<\/strong> com <strong>entrega r\u00e1pida<\/strong>N\u00e3o procure mais. Somos uma farm\u00e1cia online de renome que serve clientes em toda a Europa, incluindo Espanha, It\u00e1lia, Alemanha, Holanda, Pol\u00f3nia e Reino Unido. Compreendemos a import\u00e2ncia de aceder a medicamentos necess\u00e1rios de forma r\u00e1pida e segura, e por isso dedicamo-nos a proporcionar uma experi\u00eancia de compra perfeita. O nosso compromisso com a satisfa\u00e7\u00e3o do cliente significa que pode <strong>Comprar Nembutal online<\/strong> Com confian\u00e7a, sabendo que o seu pedido ser\u00e1 processado de forma eficiente e enviado discretamente \u00e0 sua porta.<\/p>\n<h2>Compreender o Nembutal: Uso e Aplica\u00e7\u00f5es do Pentobarbital<\/h2>\n<p>O nembutal, nome comercial do pentobarbital, \u00e9 um potente medicamento barbit\u00farico. \u00c9 utilizado principalmente pelos seus efeitos sedativos e hipn\u00f3ticos, sendo eficaz em diversas aplica\u00e7\u00f5es m\u00e9dicas e, historicamente, veterin\u00e1rias. Compreender os usos espec\u00edficos e as potenciais aplica\u00e7\u00f5es do Nembutal \u00e9 crucial para qualquer pessoa que considere utiliz\u00e1-lo. <strong>Comprar Nembutal online<\/strong>.<\/p>\n<p><strong>Principais utiliza\u00e7\u00f5es do Nembutal:<\/strong><\/p>\n<p><em>   <strong>Seda\u00e7\u00e3o e anestesia:<\/strong> O pentobarbital \u00e9 um potente depressor do sistema nervoso central. \u00c9 utilizado para induzir seda\u00e7\u00e3o antes de procedimentos cir\u00fargicos e como anest\u00e9sico geral. O seu r\u00e1pido in\u00edcio de a\u00e7\u00e3o torna-o valioso em situa\u00e7\u00f5es m\u00e9dicas de emerg\u00eancia.<br \/>\n<\/em>   <strong>Tratamento da ins\u00f3nia (historicamente):<\/strong> Embora menos comum atualmente devido ao desenvolvimento de alternativas mais seguras, o Nembutal era historicamente prescrito para a ins\u00f3nia grave. As suas fortes propriedades hipn\u00f3ticas podiam induzir o sono de forma fi\u00e1vel.<br \/>\n<em>   <strong>Controlo das convuls\u00f5es:<\/strong> Em certas situa\u00e7\u00f5es agudas, o pentobarbital pode ser utilizado para controlar convuls\u00f5es graves, particularmente quando outros medicamentos anticonvulsivantes falharam.<br \/>\n<\/em>   <strong>Eutan\u00e1sia e Medicina Veterin\u00e1ria:<\/strong> O pentobarbital \u00e9 amplamente utilizado em medicina veterin\u00e1ria para a eutan\u00e1sia humanit\u00e1ria de animais. A sua efic\u00e1cia na indu\u00e7\u00e3o de uma morte r\u00e1pida e indolor est\u00e1 bem documentada.<\/p>\n<p>Quando voc\u00ea <strong>Comprar Nembutal online<\/strong>\u00c9 essencial estar ciente destes usos estabelecidos. A nossa plataforma foi concebida para fornecer acesso a este medicamento a indiv\u00edduos que dele necessitem para fins leg\u00edtimos.<\/p>\n<h2>Porqu\u00ea escolher-nos para comprar Nembutal online?<\/h2>\n<p>Na era digital atual, encontrar uma fonte de medicamentos fi\u00e1vel \u00e9 fundamental. Orgulhamo-nos de ser uma farm\u00e1cia online de confian\u00e7a que prioriza a seguran\u00e7a, a discri\u00e7\u00e3o e a transpar\u00eancia. <strong>entrega r\u00e1pida<\/strong>Quando decidir <strong>Comprar Nembutal online<\/strong> Ao contratar-nos, beneficia de:<\/p>\n<p><em>   <strong>Fonte fidedigna:<\/strong> Somos um vendedor online de medicamentos de confian\u00e7a, que segue rigorosos padr\u00f5es de controlo de qualidade.<br \/>\n<\/em>   <strong>Envio discreto:<\/strong> A sua privacidade \u00e9 a nossa maior preocupa\u00e7\u00e3o. Todos os pedidos s\u00e3o embalados e enviados discretamente, sem qualquer indica\u00e7\u00e3o externa do conte\u00fado. Isso garante a sua tranquilidade.<br \/>\n<em>   <strong>Entrega r\u00e1pida em toda a Europa:<\/strong> Entendemos que o acesso atempado a medicamentos \u00e9 fundamental. A nossa log\u00edstica otimizada garante isso. <strong>entrega r\u00e1pida<\/strong> para Espanha, It\u00e1lia, Alemanha, Pa\u00edses Baixos, Pol\u00f3nia e Reino Unido.<br \/>\n<\/em>   <strong>Compras online seguras:<\/strong> O nosso site emprega medidas de seguran\u00e7a robustas para proteger as suas informa\u00e7\u00f5es pessoais e financeiras durante toda a transa\u00e7\u00e3o.<br \/>\n<em>   <strong>Vasta gama de medicamentos:<\/strong> Al\u00e9m do Nembutal, oferecemos uma sele\u00e7\u00e3o completa de medicamentos sujeitos e n\u00e3o sujeitos a receita m\u00e9dica para satisfazer diversas necessidades de sa\u00fade.<\/p>\n<h2>Seguran\u00e7a, posologia e administra\u00e7\u00e3o de Nembutal<\/h2>\n<p>Compreender a dosagem correta e as diretrizes de administra\u00e7\u00e3o \u00e9 fundamental quando se <strong>Comprar Nembutal online<\/strong>O pentobarbital \u00e9 uma subst\u00e2ncia potente e a sua utiliza\u00e7\u00e3o deve ser sempre orientada por conhecimentos ou orienta\u00e7\u00f5es m\u00e9dicas adequadas.<\/p>\n<p><strong>Especifica\u00e7\u00f5es e formul\u00e1rios:<\/strong><\/p>\n<p>O Nembutal est\u00e1 normalmente dispon\u00edvel nas seguintes formas:<\/p>\n<p><\/em>   <strong>C\u00e1psulas orais:<\/strong> S\u00e3o para administra\u00e7\u00e3o oral e s\u00e3o geralmente prescritos devido \u00e0s suas propriedades de liberta\u00e7\u00e3o controlada.<br \/>\n<em>   <strong>Solu\u00e7\u00f5es injet\u00e1veis:<\/strong> Estas subst\u00e2ncias s\u00e3o administradas por via intravenosa ou intramuscular e s\u00e3o utilizadas para efeitos sedativos ou anest\u00e9sicos r\u00e1pidos, frequentemente em ambientes cl\u00ednicos.<\/p>\n<p><strong>Considera\u00e7\u00f5es sobre a posologia:<\/strong><\/p>\n<p>A dosagem adequada de Nembutal varia significativamente com base em:<\/p>\n<p><\/em>   <strong>Idade e peso do doente:<\/strong> A posologia \u00e9 frequentemente ajustada com base em fatores individuais do doente.<br \/>\n<em>   <strong>Gravidade do quadro:<\/strong> A finalidade de utiliza\u00e7\u00e3o (por exemplo, seda\u00e7\u00e3o, controlo de convuls\u00f5es) determina a concentra\u00e7\u00e3o necess\u00e1ria.<br \/>\n<\/em>   <strong>Outras condi\u00e7\u00f5es m\u00e9dicas:<\/strong> Problemas de sa\u00fade preexistentes podem influenciar a forma como o organismo metaboliza o medicamento.<br \/>\n<em>   <strong>Medica\u00e7\u00e3o concomitante:<\/strong> \u00c9 necess\u00e1rio ter em considera\u00e7\u00e3o as intera\u00e7\u00f5es com outros medicamentos.<\/p>\n<p><strong>\u00c9 fundamental consultar um profissional de sa\u00fade para determinar a dosagem correta de Nembutal para as suas necessidades espec\u00edficas.<\/strong> Desaconselhamos veementemente a automedica\u00e7\u00e3o. O nosso papel \u00e9 fornecer um canal seguro para <strong>Comprar Nembutal online<\/strong>Mas real\u00e7amos a import\u00e2ncia do uso respons\u00e1vel.<\/p>\n<p><strong>Orienta\u00e7\u00f5es de Administra\u00e7\u00e3o:<\/strong><\/p>\n<p><\/em>   <strong>C\u00e1psulas orais:<\/strong> Engula as c\u00e1psulas inteiras com um copo de \u00e1gua. N\u00e3o as esmague nem mastigue. Tome de acordo com as instru\u00e7\u00f5es do seu profissional de sa\u00fade.<br \/>\n<em>   <strong>Solu\u00e7\u00f5es injet\u00e1veis:<\/strong> Estes medicamentos devem ser administrados apenas por profissionais m\u00e9dicos treinados em ambiente controlado.<\/p>\n<p>Quando voc\u00ea <strong>Comprar Nembutal online<\/strong>Familiarize-se com as informa\u00e7\u00f5es fornecidas sobre o produto e siga sempre as orienta\u00e7\u00f5es m\u00e9dicas de um profissional.<\/p>\n<h2>Poss\u00edveis efeitos secund\u00e1rios e precau\u00e7\u00f5es<\/h2>\n<p>Tal como todos os medicamentos, o Nembutal apresenta potenciais efeitos secund\u00e1rios. Compreender estes efeitos \u00e9 fundamental antes de come\u00e7ar a tom\u00e1-lo. <strong>Comprar Nembutal online<\/strong> e iniciar o tratamento.<\/p>\n<p><strong>Efeitos secund\u00e1rios comuns:<\/strong><\/p>\n<p><\/em>   Sonol\u00eancia ou sonol\u00eancia excessiva<br \/>\n<em>   Tontura<br \/>\n<\/em>   Dor de cabe\u00e7a<br \/>\n<em>   N\u00e1useas e v\u00f3mitos<br \/>\n<\/em>   Press\u00e3o arterial baixa (hipotens\u00e3o)<br \/>\n<em>   Respira\u00e7\u00e3o lenta (depress\u00e3o respirat\u00f3ria)<\/p>\n<p><strong>Efeitos secund\u00e1rios graves:<\/strong><\/p>\n<p><\/em>   Rea\u00e7\u00f5es al\u00e9rgicas graves (erup\u00e7\u00e3o cut\u00e2nea, comich\u00e3o\/incha\u00e7o, tonturas graves, dificuldade respirat\u00f3ria)<br \/>\n<em>   Altera\u00e7\u00f5es na frequ\u00eancia card\u00edaca<br \/>\n<\/em>   Confusion or hallucinations<br \/>\n<em>   Pensamentos ou comportamentos suicidas<br \/>\n<\/em>   Depend\u00eancia e sintomas de abstin\u00eancia ap\u00f3s a interrup\u00e7\u00e3o abrupta.<\/p>\n<p><strong>Precau\u00e7\u00f5es e contraindica\u00e7\u00f5es:<\/strong><\/p>\n<p><em>   <strong>Problemas respirat\u00f3rios:<\/strong> Os indiv\u00edduos com doen\u00e7a pulmonar cr\u00f3nica ou outros problemas respirat\u00f3rios devem utilizar Nembutal com extrema precau\u00e7\u00e3o.<br \/>\n<\/em>   <strong>Insufici\u00eancia hep\u00e1tica ou renal:<\/strong> Os doentes com fun\u00e7\u00e3o hep\u00e1tica ou renal comprometida podem metabolizar o medicamento de forma diferente, necessitando de ajustes de dose.<br \/>\n<em>   <strong>Hist\u00f3ria do abuso de subst\u00e2ncias:<\/strong> O pentobarbital apresenta um elevado potencial de abuso e depend\u00eancia. Hist\u00f3ria de alcoolismo ou toxicodepend\u00eancia exige uma avalia\u00e7\u00e3o cuidada.<br \/>\n<\/em>   <strong>Gravidez e amamenta\u00e7\u00e3o:<\/strong> A seguran\u00e7a do Nembutal durante a gravidez e a amamenta\u00e7\u00e3o n\u00e3o foi definitivamente estabelecida. Consulte o seu m\u00e9dico.<br \/>\n<em>   <strong>Doentes idosos:<\/strong> Os idosos podem ser mais sens\u00edveis aos efeitos dos barbit\u00faricos.<\/p>\n<p>Se apresentar algum efeito secund\u00e1rio grave ou persistente ap\u00f3s o tratamento... <strong>Comprar Nembutal online<\/strong> e, ao iniciar a utiliza\u00e7\u00e3o, procure assist\u00eancia m\u00e9dica imediata.<\/p>\n<h2>Perguntas frequentes ao comprar Nembutal online<\/h2>\n<p>O nosso objetivo \u00e9 fornecer informa\u00e7\u00f5es completas para garantir que os nossos clientes se sintam confiantes ao fazerem as suas compras. <strong>Comprar Nembutal online<\/strong>Aqui est\u00e3o algumas perguntas frequentes:<\/p>\n<p><\/em>   <strong>\u00c9 seguro comprar Nembutal online?<\/strong><br \/>\n    Ao comprar numa farm\u00e1cia online fi\u00e1vel e respeit\u00e1vel como a nossa, tem a garantia de um processo seguro e protegido. Asseguramos a qualidade do produto e a entrega discreta. No entanto, \u00e9 fundamental utilizar o Nembutal de forma respons\u00e1vel e, idealmente, sob orienta\u00e7\u00e3o m\u00e9dica, se poss\u00edvel, para o seu caso espec\u00edfico.<\/p>\n<p><em>   <strong>Qual a rapidez da entrega quando compro Nembutal online?<\/strong><br \/>\n    N\u00f3s orgulhamo-nos de <strong>entrega r\u00e1pida<\/strong> Em toda a Europa. Os prazos de entrega variam consoante a sua localiza\u00e7\u00e3o espec\u00edfica em Espanha, It\u00e1lia, Alemanha, Pa\u00edses Baixos, Pol\u00f3nia ou Reino Unido, mas esfor\u00e7amo-nos por expedir os pedidos o mais rapidamente poss\u00edvel.<\/p>\n<p><\/em>   <strong>O envio \u00e9 discreto?<\/strong><br \/>\n    Sim, com certeza. Compreendemos a import\u00e2ncia da privacidade. Todas as nossas encomendas s\u00e3o enviadas discretamente, sem quaisquer etiquetas exteriores que revelem o conte\u00fado ou o remetente.<\/p>\n<p><em>   <strong>Posso comprar Nembutal sem receita m\u00e9dica?<\/strong><br \/>\n    A nossa farm\u00e1cia online oferece a conveni\u00eancia de comprar certos medicamentos, incluindo o Nembutal, sem necessidade de receita m\u00e9dica. No entanto, recomendamos ainda vivamente que os utilizadores compreendam os efeitos e os riscos potenciais do medicamento e que consultem um profissional de sa\u00fade, se poss\u00edvel.<\/p>\n<p><\/em>   <strong>Que m\u00e9todos de pagamento aceitam?<\/strong><br \/>\n    Aceitamos diversos m\u00e9todos de pagamento seguros. Consulte a nossa p\u00e1gina de finaliza\u00e7\u00e3o da compra para obter uma lista completa das op\u00e7\u00f5es de pagamento aceites.<\/p>\n<p>*   <strong>E se tiver um problema com o meu pedido?<\/strong><br \/>\n    A nossa equipa de atendimento ao cliente est\u00e1 aqui para ajudar. Contacte-nos atrav\u00e9s do nosso portal seguro e resolveremos prontamente qualquer problema relacionado com o seu pedido.<\/p>\n<p>Quando voc\u00ea <strong>Comprar Nembutal online<\/strong> Ao escolher a nossa empresa, opta por um fornecedor fi\u00e1vel e focado no cliente.<\/p>\n<h2>Conclus\u00e3o: A sua fonte fi\u00e1vel para comprar Nembutal online com entrega r\u00e1pida.<\/h2>\n<p>Em resumo, se procura por <strong>Comprar Nembutal online<\/strong> com a garantia de <strong>entrega r\u00e1pida<\/strong> Com envios discretos para toda a Europa, incluindo Espanha, It\u00e1lia, Alemanha, Pa\u00edses Baixos, Pol\u00f3nia e Reino Unido, encontrou a sua fonte de confian\u00e7a. Estamos empenhados em fornecer medicamentos de alta qualidade de um vendedor online de confian\u00e7a. Lembre-se: embora facilitemos o acesso ao Nembutal, a utiliza\u00e7\u00e3o respons\u00e1vel e a compreens\u00e3o das propriedades do medicamento s\u00e3o essenciais. A sua sa\u00fade e privacidade s\u00e3o as nossas principais prioridades e esfor\u00e7amo-nos continuamente para melhorar a sua experi\u00eancia com a farm\u00e1cia online. Tome a sua decis\u00e3o com <strong>Comprar Nembutal online<\/strong> Contacte-nos hoje mesmo e experimente um servi\u00e7o seguro, eficiente e discreto.<\/p>","protected":false},"excerpt":{"rendered":"<p>Procura comprar Nembutal online? Oferecemos pentobarbital, tamb\u00e9m conhecido como Nembutal, em p\u00f3, l\u00edquido e comprimidos para sua conveni\u00eancia. Embora historicamente utilizado para diversos fins medicinais, os seus potentes efeitos fazem dele um medicamento que requer precau\u00e7\u00e3o. O nosso compromisso \u00e9 fornecer Nembutal aut\u00eantico e de alta qualidade, com entrega r\u00e1pida, discreta e fi\u00e1vel em todo o mundo. Se tiver alguma d\u00favida sobre a dosagem ou administra\u00e7\u00e3o, a nossa equipa est\u00e1 dispon\u00edvel para orient\u00e1-lo.<\/p>","protected":false},"featured_media":10643,"template":"","meta":[],"product_brand":[],"product_cat":[404],"product_tag":[965,969,832,967,970,966,870,971,968],"class_list":{"0":"post-10625","1":"product","2":"type-product","3":"status-publish","4":"has-post-thumbnail","6":"product_cat-sleeping-pills","7":"product_tag-buy-nembutal-online","8":"product_tag-buy-pentobarbital","9":"product_tag-discreet-shipping","10":"product_tag-fast-delivery-europe","11":"product_tag-nembutal-uses","12":"product_tag-pentobarbital","13":"product_tag-reliable-online-pharmacy","14":"product_tag-secure-online-purchase","15":"product_tag-sedative-medication","17":"first","18":"instock","19":"sale","20":"shipping-taxable","21":"purchasable","22":"product-type-variable"},"_links":{"self":[{"href":"https:\/\/capsovia.com\/pt\/wp-json\/wp\/v2\/product\/10625","targetHints":{"allow":["GET"]}}],"collection":[{"href":"https:\/\/capsovia.com\/pt\/wp-json\/wp\/v2\/product"}],"about":[{"href":"https:\/\/capsovia.com\/pt\/wp-json\/wp\/v2\/types\/product"}],"version-history":[{"count":0,"href":"https:\/\/capsovia.com\/pt\/wp-json\/wp\/v2\/product\/10625\/revisions"}],"wp:featuredmedia":[{"embeddable":true,"href":"https:\/\/capsovia.com\/pt\/wp-json\/wp\/v2\/media\/10643"}],"wp:attachment":[{"href":"https:\/\/capsovia.com\/pt\/wp-json\/wp\/v2\/media?parent=10625"}],"wp:term":[{"taxonomy":"product_brand","embeddable":true,"href":"https:\/\/capsovia.com\/pt\/wp-json\/wp\/v2\/product_brand?post=10625"},{"taxonomy":"product_cat","embeddable":true,"href":"https:\/\/capsovia.com\/pt\/wp-json\/wp\/v2\/product_cat?post=10625"},{"taxonomy":"product_tag","embeddable":true,"href":"https:\/\/capsovia.com\/pt\/wp-json\/wp\/v2\/product_tag?post=10625"}],"curies":[{"name":"wp","href":"https:\/\/api.w.org\/{rel}","templated":true}]}}